{"id":44167,"date":"2024-08-30T12:10:15","date_gmt":"2024-08-30T16:10:15","guid":{"rendered":"https:\/\/www.perimeter-solutions.com\/?post_type=product&#038;p=44167"},"modified":"2024-08-30T20:56:52","modified_gmt":"2024-08-31T00:56:52","slug":"dod-3155","status":"publish","type":"product","link":"https:\/\/www.perimeter-solutions.com\/es\/product\/dod-3155\/","title":{"rendered":"Solberg<sup>\u00ae<\/sup> DoD 3155"},"content":{"rendered":"<p><strong>SOLBERG<sup>\u00ae<\/sup> DoD 3155<\/strong> Espuma de Entrenamiento Concentrada s un producto de espuma de entrenamiento econ\u00f3mico para ejercicios de entrenamiento en fr\u00edo y en caliente.<br \/>\nEl producto es un superconcentrado que debe diluirse a\u00f1adiendo un litro a 19 litros de agua, y luego dosificarse al 6% mediante equipos con o sin aspiraci\u00f3n de aire.<br \/>\nLa espuma resultante puede utilizarse en ejercicios de entrenamiento en fr\u00edo para que las tripulaciones se familiaricen con su equipo con un impacto medioambiental m\u00ednimo.<br \/>\nAdem\u00e1s, la espuma puede utilizarse para ejercicios de entrenamiento en caliente con combustibles de hidrocarburos no miscibles en agua.<br \/>\nDise\u00f1ada originalmente para su uso en los campos de entrenamiento de bomberos del Departamento de Defensa, la SOLBERG DoD 3155 es una herramienta de entrenamiento \u00fanica que se utiliza para ayudar a los bomberos en pr\u00e1cticas a familiarizarse con los escenarios de extinci\u00f3n de incendios con l\u00edquidos inflamables.<br \/>\nTanto si se utilizan simuladores de GLP como puntales de l\u00edquidos inflamables controlados, SOLBERG DoD 3155 permite familiarizarse con los equipos de generaci\u00f3n de espuma y ayuda a los bomberos a aprender el uso adecuado de boquillas manuales y aparatos de extinci\u00f3n de incendios en escenarios a bordo de buques, de rescate en accidentes a\u00e9reos o en el campo de batalla.<br \/>\nSOLBERG DoD 3155 tambi\u00e9n es adecuado para escuelas de formaci\u00f3n de aviaci\u00f3n civil, bomberos y mar\u00edtima.<\/p>\n<p><span style=\"color: #000000;\"><strong>Consulta con tu experto en reglamentaci\u00f3n para conocer las restricciones y normativas aplicables en tu estado o localidad en relaci\u00f3n con la venta y distribuci\u00f3n de Espumas de Entrenamiento.<\/strong><\/span><\/p>\n<h4>Opciones disponibles<\/h4>\n","protected":false},"excerpt":{"rendered":"<p>SOLBERG\u00ae DoD 3155 Espuma de Entrenamiento Concentrada s un producto de espuma de entrenamiento econ\u00f3mico para ejercicios de entrenamiento en fr\u00edo y en caliente. El producto es un superconcentrado que [&hellip;]<\/p>\n","protected":false},"featured_media":44170,"template":"","meta":{"_acf_changed":false},"product_cat":[194],"product_tag":[240],"class_list":{"0":"post-44167","1":"product","2":"type-product","3":"status-publish","4":"has-post-thumbnail","6":"product_cat-training-foam-concentrate-es","7":"product_tag-phos-chek-es","9":"first","10":"instock","11":"shipping-taxable","12":"purchasable","13":"product-type-simple"},"acf":[],"yoast_head":"<!-- This site is optimized with the Yoast SEO Premium plugin v21.9 (Yoast SEO v23.5) - https:\/\/yoast.com\/wordpress\/plugins\/seo\/ -->\n<title>Solberg\u00ae DoD 3155 - Perimeter Solutions<\/title>\n<meta name=\"description\" content=\"SOLBERG\u00ae DoD 3155 Espuma de Entrenamiento Concentrada s un producto de espuma de entrenamiento econ\u00f3mico para ejercicios de entrenamiento en fr\u00edo y en caliente. El producto es un superconcentrado que debe diluirse a\u00f1adiendo un litro a 19 litros de agua, y luego dosificarse al 6% mediante equipos con o sin aspiraci\u00f3n de aire. La espuma resultante puede utilizarse en ejercicios de entrenamiento en fr\u00edo para que las tripulaciones se familiaricen con su equipo con un impacto medioambiental m\u00ednimo. Adem\u00e1s, la espuma puede utilizarse para ejercicios de entrenamiento en caliente con combustibles de hidrocarburos no miscibles con agua.\" \/>\n<meta name=\"robots\" content=\"index, follow, max-snippet:-1, max-image-preview:large, max-video-preview:-1\" \/>\n<link rel=\"canonical\" href=\"https:\/\/www.perimeter-solutions.com\/es\/product\/dod-3155\/\" \/>\n<meta property=\"og:locale\" content=\"es_ES\" \/>\n<meta property=\"og:type\" content=\"article\" \/>\n<meta property=\"og:title\" content=\"Solberg\u00ae DoD 3155\" \/>\n<meta property=\"og:description\" content=\"SOLBERG\u00ae DoD 3155 Espuma de Entrenamiento Concentrada s un producto de espuma de entrenamiento econ\u00f3mico para ejercicios de entrenamiento en fr\u00edo y en caliente. El producto es un superconcentrado que debe diluirse a\u00f1adiendo un litro a 19 litros de agua, y luego dosificarse al 6% mediante equipos con o sin aspiraci\u00f3n de aire. La espuma resultante puede utilizarse en ejercicios de entrenamiento en fr\u00edo para que las tripulaciones se familiaricen con su equipo con un impacto medioambiental m\u00ednimo. Adem\u00e1s, la espuma puede utilizarse para ejercicios de entrenamiento en caliente con combustibles de hidrocarburos no miscibles con agua.\" \/>\n<meta property=\"og:url\" content=\"https:\/\/www.perimeter-solutions.com\/es\/product\/dod-3155\/\" \/>\n<meta property=\"og:site_name\" content=\"Perimeter Solutions\" \/>\n<meta property=\"article:modified_time\" content=\"2024-08-31T00:56:52+00:00\" \/>\n<meta name=\"twitter:card\" content=\"summary_large_image\" \/>\n<meta name=\"twitter:label1\" content=\"Tiempo de lectura\" \/>\n\t<meta name=\"twitter:data1\" content=\"2 minutos\" \/>\n<script type=\"application\/ld+json\" class=\"yoast-schema-graph\">{\"@context\":\"https:\/\/schema.org\",\"@graph\":[{\"@type\":\"WebPage\",\"@id\":\"https:\/\/www.perimeter-solutions.com\/es\/product\/dod-3155\/\",\"url\":\"https:\/\/www.perimeter-solutions.com\/es\/product\/dod-3155\/\",\"name\":\"Solberg\u00ae DoD 3155 - Perimeter Solutions\",\"isPartOf\":{\"@id\":\"https:\/\/www.perimeter-solutions.com\/es\/#website\"},\"primaryImageOfPage\":{\"@id\":\"https:\/\/www.perimeter-solutions.com\/es\/product\/dod-3155\/#primaryimage\"},\"image\":{\"@id\":\"https:\/\/www.perimeter-solutions.com\/es\/product\/dod-3155\/#primaryimage\"},\"thumbnailUrl\":\"https:\/\/www.perimeter-solutions.com\/wp-content\/uploads\/2024\/08\/PERI_Solberg-DoD-3155_Datasheet_A4_v3-pdf.jpg\",\"datePublished\":\"2024-08-30T16:10:15+00:00\",\"dateModified\":\"2024-08-31T00:56:52+00:00\",\"description\":\"SOLBERG\u00ae DoD 3155 Espuma de Entrenamiento Concentrada s un producto de espuma de entrenamiento econ\u00f3mico para ejercicios de entrenamiento en fr\u00edo y en caliente. El producto es un superconcentrado que debe diluirse a\u00f1adiendo un litro a 19 litros de agua, y luego dosificarse al 6% mediante equipos con o sin aspiraci\u00f3n de aire. La espuma resultante puede utilizarse en ejercicios de entrenamiento en fr\u00edo para que las tripulaciones se familiaricen con su equipo con un impacto medioambiental m\u00ednimo. Adem\u00e1s, la espuma puede utilizarse para ejercicios de entrenamiento en caliente con combustibles de hidrocarburos no miscibles con agua.\",\"breadcrumb\":{\"@id\":\"https:\/\/www.perimeter-solutions.com\/es\/product\/dod-3155\/#breadcrumb\"},\"inLanguage\":\"es\",\"potentialAction\":[{\"@type\":\"ReadAction\",\"target\":[\"https:\/\/www.perimeter-solutions.com\/es\/product\/dod-3155\/\"]}]},{\"@type\":\"ImageObject\",\"inLanguage\":\"es\",\"@id\":\"https:\/\/www.perimeter-solutions.com\/es\/product\/dod-3155\/#primaryimage\",\"url\":\"https:\/\/www.perimeter-solutions.com\/wp-content\/uploads\/2024\/08\/PERI_Solberg-DoD-3155_Datasheet_A4_v3-pdf.jpg\",\"contentUrl\":\"https:\/\/www.perimeter-solutions.com\/wp-content\/uploads\/2024\/08\/PERI_Solberg-DoD-3155_Datasheet_A4_v3-pdf.jpg\"},{\"@type\":\"BreadcrumbList\",\"@id\":\"https:\/\/www.perimeter-solutions.com\/es\/product\/dod-3155\/#breadcrumb\",\"itemListElement\":[{\"@type\":\"ListItem\",\"position\":1,\"name\":\"Cat\u00e1logo de productos\",\"item\":\"https:\/\/www.perimeter-solutions.com\/es\/product-catalog\/\"},{\"@type\":\"ListItem\",\"position\":2,\"name\":\"Solberg\u00ae DoD 3155\"}]},{\"@type\":\"WebSite\",\"@id\":\"https:\/\/www.perimeter-solutions.com\/es\/#website\",\"url\":\"https:\/\/www.perimeter-solutions.com\/es\/\",\"name\":\"Perimeter Solutions\",\"description\":\"\",\"publisher\":{\"@id\":\"https:\/\/www.perimeter-solutions.com\/es\/#organization\"},\"potentialAction\":[{\"@type\":\"SearchAction\",\"target\":{\"@type\":\"EntryPoint\",\"urlTemplate\":\"https:\/\/www.perimeter-solutions.com\/es\/?s={search_term_string}\"},\"query-input\":{\"@type\":\"PropertyValueSpecification\",\"valueRequired\":true,\"valueName\":\"search_term_string\"}}],\"inLanguage\":\"es\"},{\"@type\":\"Organization\",\"@id\":\"https:\/\/www.perimeter-solutions.com\/es\/#organization\",\"name\":\"Perimeter Solutions\",\"url\":\"https:\/\/www.perimeter-solutions.com\/es\/\",\"logo\":{\"@type\":\"ImageObject\",\"inLanguage\":\"es\",\"@id\":\"https:\/\/www.perimeter-solutions.com\/es\/#\/schema\/logo\/image\/\",\"url\":\"https:\/\/www.perimeter-solutions.com\/wp-content\/uploads\/2021\/02\/perimeter-logo-RGB.png\",\"contentUrl\":\"https:\/\/www.perimeter-solutions.com\/wp-content\/uploads\/2021\/02\/perimeter-logo-RGB.png\",\"width\":794,\"height\":138,\"caption\":\"Perimeter Solutions\"},\"image\":{\"@id\":\"https:\/\/www.perimeter-solutions.com\/es\/#\/schema\/logo\/image\/\"}}]}<\/script>\n<!-- \/ Yoast SEO Premium plugin. -->","yoast_head_json":{"title":"Solberg\u00ae DoD 3155 - Perimeter Solutions","description":"SOLBERG\u00ae DoD 3155 Espuma de Entrenamiento Concentrada s un producto de espuma de entrenamiento econ\u00f3mico para ejercicios de entrenamiento en fr\u00edo y en caliente. El producto es un superconcentrado que debe diluirse a\u00f1adiendo un litro a 19 litros de agua, y luego dosificarse al 6% mediante equipos con o sin aspiraci\u00f3n de aire. La espuma resultante puede utilizarse en ejercicios de entrenamiento en fr\u00edo para que las tripulaciones se familiaricen con su equipo con un impacto medioambiental m\u00ednimo. Adem\u00e1s, la espuma puede utilizarse para ejercicios de entrenamiento en caliente con combustibles de hidrocarburos no miscibles con agua.","robots":{"index":"index","follow":"follow","max-snippet":"max-snippet:-1","max-image-preview":"max-image-preview:large","max-video-preview":"max-video-preview:-1"},"canonical":"https:\/\/www.perimeter-solutions.com\/es\/product\/dod-3155\/","og_locale":"es_ES","og_type":"article","og_title":"Solberg\u00ae DoD 3155","og_description":"SOLBERG\u00ae DoD 3155 Espuma de Entrenamiento Concentrada s un producto de espuma de entrenamiento econ\u00f3mico para ejercicios de entrenamiento en fr\u00edo y en caliente. El producto es un superconcentrado que debe diluirse a\u00f1adiendo un litro a 19 litros de agua, y luego dosificarse al 6% mediante equipos con o sin aspiraci\u00f3n de aire. La espuma resultante puede utilizarse en ejercicios de entrenamiento en fr\u00edo para que las tripulaciones se familiaricen con su equipo con un impacto medioambiental m\u00ednimo. Adem\u00e1s, la espuma puede utilizarse para ejercicios de entrenamiento en caliente con combustibles de hidrocarburos no miscibles con agua.","og_url":"https:\/\/www.perimeter-solutions.com\/es\/product\/dod-3155\/","og_site_name":"Perimeter Solutions","article_modified_time":"2024-08-31T00:56:52+00:00","twitter_card":"summary_large_image","twitter_misc":{"Tiempo de lectura":"2 minutos"},"schema":{"@context":"https:\/\/schema.org","@graph":[{"@type":"WebPage","@id":"https:\/\/www.perimeter-solutions.com\/es\/product\/dod-3155\/","url":"https:\/\/www.perimeter-solutions.com\/es\/product\/dod-3155\/","name":"Solberg\u00ae DoD 3155 - Perimeter Solutions","isPartOf":{"@id":"https:\/\/www.perimeter-solutions.com\/es\/#website"},"primaryImageOfPage":{"@id":"https:\/\/www.perimeter-solutions.com\/es\/product\/dod-3155\/#primaryimage"},"image":{"@id":"https:\/\/www.perimeter-solutions.com\/es\/product\/dod-3155\/#primaryimage"},"thumbnailUrl":"https:\/\/www.perimeter-solutions.com\/wp-content\/uploads\/2024\/08\/PERI_Solberg-DoD-3155_Datasheet_A4_v3-pdf.jpg","datePublished":"2024-08-30T16:10:15+00:00","dateModified":"2024-08-31T00:56:52+00:00","description":"SOLBERG\u00ae DoD 3155 Espuma de Entrenamiento Concentrada s un producto de espuma de entrenamiento econ\u00f3mico para ejercicios de entrenamiento en fr\u00edo y en caliente. El producto es un superconcentrado que debe diluirse a\u00f1adiendo un litro a 19 litros de agua, y luego dosificarse al 6% mediante equipos con o sin aspiraci\u00f3n de aire. La espuma resultante puede utilizarse en ejercicios de entrenamiento en fr\u00edo para que las tripulaciones se familiaricen con su equipo con un impacto medioambiental m\u00ednimo. Adem\u00e1s, la espuma puede utilizarse para ejercicios de entrenamiento en caliente con combustibles de hidrocarburos no miscibles con agua.","breadcrumb":{"@id":"https:\/\/www.perimeter-solutions.com\/es\/product\/dod-3155\/#breadcrumb"},"inLanguage":"es","potentialAction":[{"@type":"ReadAction","target":["https:\/\/www.perimeter-solutions.com\/es\/product\/dod-3155\/"]}]},{"@type":"ImageObject","inLanguage":"es","@id":"https:\/\/www.perimeter-solutions.com\/es\/product\/dod-3155\/#primaryimage","url":"https:\/\/www.perimeter-solutions.com\/wp-content\/uploads\/2024\/08\/PERI_Solberg-DoD-3155_Datasheet_A4_v3-pdf.jpg","contentUrl":"https:\/\/www.perimeter-solutions.com\/wp-content\/uploads\/2024\/08\/PERI_Solberg-DoD-3155_Datasheet_A4_v3-pdf.jpg"},{"@type":"BreadcrumbList","@id":"https:\/\/www.perimeter-solutions.com\/es\/product\/dod-3155\/#breadcrumb","itemListElement":[{"@type":"ListItem","position":1,"name":"Cat\u00e1logo de productos","item":"https:\/\/www.perimeter-solutions.com\/es\/product-catalog\/"},{"@type":"ListItem","position":2,"name":"Solberg\u00ae DoD 3155"}]},{"@type":"WebSite","@id":"https:\/\/www.perimeter-solutions.com\/es\/#website","url":"https:\/\/www.perimeter-solutions.com\/es\/","name":"Perimeter Solutions","description":"","publisher":{"@id":"https:\/\/www.perimeter-solutions.com\/es\/#organization"},"potentialAction":[{"@type":"SearchAction","target":{"@type":"EntryPoint","urlTemplate":"https:\/\/www.perimeter-solutions.com\/es\/?s={search_term_string}"},"query-input":{"@type":"PropertyValueSpecification","valueRequired":true,"valueName":"search_term_string"}}],"inLanguage":"es"},{"@type":"Organization","@id":"https:\/\/www.perimeter-solutions.com\/es\/#organization","name":"Perimeter Solutions","url":"https:\/\/www.perimeter-solutions.com\/es\/","logo":{"@type":"ImageObject","inLanguage":"es","@id":"https:\/\/www.perimeter-solutions.com\/es\/#\/schema\/logo\/image\/","url":"https:\/\/www.perimeter-solutions.com\/wp-content\/uploads\/2021\/02\/perimeter-logo-RGB.png","contentUrl":"https:\/\/www.perimeter-solutions.com\/wp-content\/uploads\/2021\/02\/perimeter-logo-RGB.png","width":794,"height":138,"caption":"Perimeter Solutions"},"image":{"@id":"https:\/\/www.perimeter-solutions.com\/es\/#\/schema\/logo\/image\/"}}]}},"_links":{"self":[{"href":"https:\/\/www.perimeter-solutions.com\/es\/wp-json\/wp\/v2\/product\/44167","targetHints":{"allow":["GET"]}}],"collection":[{"href":"https:\/\/www.perimeter-solutions.com\/es\/wp-json\/wp\/v2\/product"}],"about":[{"href":"https:\/\/www.perimeter-solutions.com\/es\/wp-json\/wp\/v2\/types\/product"}],"wp:featuredmedia":[{"embeddable":true,"href":"https:\/\/www.perimeter-solutions.com\/es\/wp-json\/wp\/v2\/media\/44170"}],"wp:attachment":[{"href":"https:\/\/www.perimeter-solutions.com\/es\/wp-json\/wp\/v2\/media?parent=44167"}],"wp:term":[{"taxonomy":"product_cat","embeddable":true,"href":"https:\/\/www.perimeter-solutions.com\/es\/wp-json\/wp\/v2\/product_cat?post=44167"},{"taxonomy":"product_tag","embeddable":true,"href":"https:\/\/www.perimeter-solutions.com\/es\/wp-json\/wp\/v2\/product_tag?post=44167"}],"curies":[{"name":"wp","href":"https:\/\/api.w.org\/{rel}","templated":true}]}}