{"id":42482,"date":"2024-06-27T12:49:36","date_gmt":"2024-06-27T16:49:36","guid":{"rendered":"https:\/\/www.perimeter-solutions.com\/product\/freno-de-incendios-solberg-3150a\/"},"modified":"2024-08-14T19:18:27","modified_gmt":"2024-08-14T23:18:27","slug":"freno-de-incendios-solberg-3150a","status":"publish","type":"product","link":"https:\/\/www.perimeter-solutions.com\/es\/product\/freno-de-incendios-solberg-3150a\/","title":{"rendered":"SOLBERG<sup>\u00ae<\/sup> FIRE-BRAKE 3150A"},"content":{"rendered":"<p><span style=\"color: #000000;\"><strong>SOLBERG<sup>\u00ae<\/sup> Fire-Brake 3150A CONCENTRADO<\/strong> <strong>DE ESPUMA DE CLASE A<\/strong> de SOLBERG es un concentrado de espuma sint\u00e9tica contra incendios especialmente dise\u00f1ado para su uso en incendios forestales, estructurales y otros incendios de combustible de Clase A.<br \/>\nEl concentrado espum\u00f3geno SOLBERG Fire-Brake 3150A Clase A tiene la capacidad de reducir la tensi\u00f3n superficial del agua, lo que aumenta sustancialmente la capacidad general de humectaci\u00f3n del agua. Esto crea una penetraci\u00f3n m\u00e1s r\u00e1pida y un mayor control del fuego al atacar combustibles Clase A combustibles. El concentrado espum\u00f3geno SOLBERG Fire-Brake 3150A Clase A puede dosificarse a raz\u00f3n de 0,1 &#8211; 1% en agua dulce, marina y salobre.<\/span><\/p>\n<p><span style=\"color: #000000;\"><strong>Consulta a tu experto en reglamentaci\u00f3n para conocer las restricciones y normativas aplicables en tu estado o localidad en relaci\u00f3n con la venta y distribuci\u00f3n de concentrados de espuma de la Clase A.<\/strong><\/span><\/p>\n<h4>Opciones disponibles<\/h4>\n","protected":false},"excerpt":{"rendered":"<p>SOLBERG\u00ae Fire-Brake 3150A CONCENTRADO DE ESPUMA DE CLASE A de SOLBERG es un concentrado de espuma sint\u00e9tica contra incendios especialmente dise\u00f1ado para su uso en incendios forestales, estructurales y otros [&hellip;]<\/p>\n","protected":false},"featured_media":42484,"template":"","meta":{"_acf_changed":false},"product_cat":[185],"product_tag":[222,232,252,242,258],"class_list":{"0":"post-42482","1":"product","2":"type-product","3":"status-publish","4":"has-post-thumbnail","6":"product_cat-class-a-es","7":"product_tag-en-1568-es","8":"product_tag-industrial-es","9":"product_tag-municipal-es","10":"product_tag-solberg-es","11":"product_tag-tierra-forestale","13":"first","14":"instock","15":"shipping-taxable","16":"purchasable","17":"product-type-simple"},"acf":[],"yoast_head":"<!-- This site is optimized with the Yoast SEO Premium plugin v21.9 (Yoast SEO v23.5) - https:\/\/yoast.com\/wordpress\/plugins\/seo\/ -->\n<title>SOLBERG\u00ae FIRE-BRAKE 3150A - Perimeter Solutions<\/title>\n<meta name=\"description\" content=\"El CONCENTRADO DE ESPUMA DE CLASE A SOLBERG\u00ae Fire-Brake 3150A de SOLBERG es un concentrado de espuma sint\u00e9tica contra incendios especialmente dise\u00f1ado para su uso en incendios forestales, estructurales y otros incendios de combustible de Clase A.\" \/>\n<meta name=\"robots\" content=\"index, follow, max-snippet:-1, max-image-preview:large, max-video-preview:-1\" \/>\n<link rel=\"canonical\" href=\"https:\/\/www.perimeter-solutions.com\/es\/product\/freno-de-incendios-solberg-3150a\/\" \/>\n<meta property=\"og:locale\" content=\"es_ES\" \/>\n<meta property=\"og:type\" content=\"article\" \/>\n<meta property=\"og:title\" content=\"SOLBERG\u00ae FIRE-BRAKE 3150A\" \/>\n<meta property=\"og:description\" content=\"El CONCENTRADO DE ESPUMA DE CLASE A SOLBERG\u00ae Fire-Brake 3150A de SOLBERG es un concentrado de espuma sint\u00e9tica contra incendios especialmente dise\u00f1ado para su uso en incendios forestales, estructurales y otros incendios de combustible de Clase A.\" \/>\n<meta property=\"og:url\" content=\"https:\/\/www.perimeter-solutions.com\/es\/product\/freno-de-incendios-solberg-3150a\/\" \/>\n<meta property=\"og:site_name\" content=\"Perimeter Solutions\" \/>\n<meta property=\"article:modified_time\" content=\"2024-08-14T23:18:27+00:00\" \/>\n<meta name=\"twitter:card\" content=\"summary_large_image\" \/>\n<meta name=\"twitter:label1\" content=\"Tiempo de lectura\" \/>\n\t<meta name=\"twitter:data1\" content=\"1 minuto\" \/>\n<script type=\"application\/ld+json\" class=\"yoast-schema-graph\">{\"@context\":\"https:\/\/schema.org\",\"@graph\":[{\"@type\":\"WebPage\",\"@id\":\"https:\/\/www.perimeter-solutions.com\/es\/product\/freno-de-incendios-solberg-3150a\/\",\"url\":\"https:\/\/www.perimeter-solutions.com\/es\/product\/freno-de-incendios-solberg-3150a\/\",\"name\":\"SOLBERG\u00ae FIRE-BRAKE 3150A - Perimeter Solutions\",\"isPartOf\":{\"@id\":\"https:\/\/www.perimeter-solutions.com\/es\/#website\"},\"primaryImageOfPage\":{\"@id\":\"https:\/\/www.perimeter-solutions.com\/es\/product\/freno-de-incendios-solberg-3150a\/#primaryimage\"},\"image\":{\"@id\":\"https:\/\/www.perimeter-solutions.com\/es\/product\/freno-de-incendios-solberg-3150a\/#primaryimage\"},\"thumbnailUrl\":\"https:\/\/www.perimeter-solutions.com\/wp-content\/uploads\/2024\/06\/PERI_Firebrake_FoamConcentrate_Datasheet-APAC_A4-v1-pdf.jpg\",\"datePublished\":\"2024-06-27T16:49:36+00:00\",\"dateModified\":\"2024-08-14T23:18:27+00:00\",\"description\":\"El CONCENTRADO DE ESPUMA DE CLASE A SOLBERG\u00ae Fire-Brake 3150A de SOLBERG es un concentrado de espuma sint\u00e9tica contra incendios especialmente dise\u00f1ado para su uso en incendios forestales, estructurales y otros incendios de combustible de Clase A.\",\"breadcrumb\":{\"@id\":\"https:\/\/www.perimeter-solutions.com\/es\/product\/freno-de-incendios-solberg-3150a\/#breadcrumb\"},\"inLanguage\":\"es\",\"potentialAction\":[{\"@type\":\"ReadAction\",\"target\":[\"https:\/\/www.perimeter-solutions.com\/es\/product\/freno-de-incendios-solberg-3150a\/\"]}]},{\"@type\":\"ImageObject\",\"inLanguage\":\"es\",\"@id\":\"https:\/\/www.perimeter-solutions.com\/es\/product\/freno-de-incendios-solberg-3150a\/#primaryimage\",\"url\":\"https:\/\/www.perimeter-solutions.com\/wp-content\/uploads\/2024\/06\/PERI_Firebrake_FoamConcentrate_Datasheet-APAC_A4-v1-pdf.jpg\",\"contentUrl\":\"https:\/\/www.perimeter-solutions.com\/wp-content\/uploads\/2024\/06\/PERI_Firebrake_FoamConcentrate_Datasheet-APAC_A4-v1-pdf.jpg\"},{\"@type\":\"BreadcrumbList\",\"@id\":\"https:\/\/www.perimeter-solutions.com\/es\/product\/freno-de-incendios-solberg-3150a\/#breadcrumb\",\"itemListElement\":[{\"@type\":\"ListItem\",\"position\":1,\"name\":\"Cat\u00e1logo de productos\",\"item\":\"https:\/\/www.perimeter-solutions.com\/es\/product-catalog\/\"},{\"@type\":\"ListItem\",\"position\":2,\"name\":\"SOLBERG\u00ae FIRE-BRAKE 3150A\"}]},{\"@type\":\"WebSite\",\"@id\":\"https:\/\/www.perimeter-solutions.com\/es\/#website\",\"url\":\"https:\/\/www.perimeter-solutions.com\/es\/\",\"name\":\"Perimeter Solutions\",\"description\":\"\",\"publisher\":{\"@id\":\"https:\/\/www.perimeter-solutions.com\/es\/#organization\"},\"potentialAction\":[{\"@type\":\"SearchAction\",\"target\":{\"@type\":\"EntryPoint\",\"urlTemplate\":\"https:\/\/www.perimeter-solutions.com\/es\/?s={search_term_string}\"},\"query-input\":{\"@type\":\"PropertyValueSpecification\",\"valueRequired\":true,\"valueName\":\"search_term_string\"}}],\"inLanguage\":\"es\"},{\"@type\":\"Organization\",\"@id\":\"https:\/\/www.perimeter-solutions.com\/es\/#organization\",\"name\":\"Perimeter Solutions\",\"url\":\"https:\/\/www.perimeter-solutions.com\/es\/\",\"logo\":{\"@type\":\"ImageObject\",\"inLanguage\":\"es\",\"@id\":\"https:\/\/www.perimeter-solutions.com\/es\/#\/schema\/logo\/image\/\",\"url\":\"https:\/\/www.perimeter-solutions.com\/wp-content\/uploads\/2021\/02\/perimeter-logo-RGB.png\",\"contentUrl\":\"https:\/\/www.perimeter-solutions.com\/wp-content\/uploads\/2021\/02\/perimeter-logo-RGB.png\",\"width\":794,\"height\":138,\"caption\":\"Perimeter Solutions\"},\"image\":{\"@id\":\"https:\/\/www.perimeter-solutions.com\/es\/#\/schema\/logo\/image\/\"}}]}<\/script>\n<!-- \/ Yoast SEO Premium plugin. -->","yoast_head_json":{"title":"SOLBERG\u00ae FIRE-BRAKE 3150A - Perimeter Solutions","description":"El CONCENTRADO DE ESPUMA DE CLASE A SOLBERG\u00ae Fire-Brake 3150A de SOLBERG es un concentrado de espuma sint\u00e9tica contra incendios especialmente dise\u00f1ado para su uso en incendios forestales, estructurales y otros incendios de combustible de Clase A.","robots":{"index":"index","follow":"follow","max-snippet":"max-snippet:-1","max-image-preview":"max-image-preview:large","max-video-preview":"max-video-preview:-1"},"canonical":"https:\/\/www.perimeter-solutions.com\/es\/product\/freno-de-incendios-solberg-3150a\/","og_locale":"es_ES","og_type":"article","og_title":"SOLBERG\u00ae FIRE-BRAKE 3150A","og_description":"El CONCENTRADO DE ESPUMA DE CLASE A SOLBERG\u00ae Fire-Brake 3150A de SOLBERG es un concentrado de espuma sint\u00e9tica contra incendios especialmente dise\u00f1ado para su uso en incendios forestales, estructurales y otros incendios de combustible de Clase A.","og_url":"https:\/\/www.perimeter-solutions.com\/es\/product\/freno-de-incendios-solberg-3150a\/","og_site_name":"Perimeter Solutions","article_modified_time":"2024-08-14T23:18:27+00:00","twitter_card":"summary_large_image","twitter_misc":{"Tiempo de lectura":"1 minuto"},"schema":{"@context":"https:\/\/schema.org","@graph":[{"@type":"WebPage","@id":"https:\/\/www.perimeter-solutions.com\/es\/product\/freno-de-incendios-solberg-3150a\/","url":"https:\/\/www.perimeter-solutions.com\/es\/product\/freno-de-incendios-solberg-3150a\/","name":"SOLBERG\u00ae FIRE-BRAKE 3150A - Perimeter Solutions","isPartOf":{"@id":"https:\/\/www.perimeter-solutions.com\/es\/#website"},"primaryImageOfPage":{"@id":"https:\/\/www.perimeter-solutions.com\/es\/product\/freno-de-incendios-solberg-3150a\/#primaryimage"},"image":{"@id":"https:\/\/www.perimeter-solutions.com\/es\/product\/freno-de-incendios-solberg-3150a\/#primaryimage"},"thumbnailUrl":"https:\/\/www.perimeter-solutions.com\/wp-content\/uploads\/2024\/06\/PERI_Firebrake_FoamConcentrate_Datasheet-APAC_A4-v1-pdf.jpg","datePublished":"2024-06-27T16:49:36+00:00","dateModified":"2024-08-14T23:18:27+00:00","description":"El CONCENTRADO DE ESPUMA DE CLASE A SOLBERG\u00ae Fire-Brake 3150A de SOLBERG es un concentrado de espuma sint\u00e9tica contra incendios especialmente dise\u00f1ado para su uso en incendios forestales, estructurales y otros incendios de combustible de Clase A.","breadcrumb":{"@id":"https:\/\/www.perimeter-solutions.com\/es\/product\/freno-de-incendios-solberg-3150a\/#breadcrumb"},"inLanguage":"es","potentialAction":[{"@type":"ReadAction","target":["https:\/\/www.perimeter-solutions.com\/es\/product\/freno-de-incendios-solberg-3150a\/"]}]},{"@type":"ImageObject","inLanguage":"es","@id":"https:\/\/www.perimeter-solutions.com\/es\/product\/freno-de-incendios-solberg-3150a\/#primaryimage","url":"https:\/\/www.perimeter-solutions.com\/wp-content\/uploads\/2024\/06\/PERI_Firebrake_FoamConcentrate_Datasheet-APAC_A4-v1-pdf.jpg","contentUrl":"https:\/\/www.perimeter-solutions.com\/wp-content\/uploads\/2024\/06\/PERI_Firebrake_FoamConcentrate_Datasheet-APAC_A4-v1-pdf.jpg"},{"@type":"BreadcrumbList","@id":"https:\/\/www.perimeter-solutions.com\/es\/product\/freno-de-incendios-solberg-3150a\/#breadcrumb","itemListElement":[{"@type":"ListItem","position":1,"name":"Cat\u00e1logo de productos","item":"https:\/\/www.perimeter-solutions.com\/es\/product-catalog\/"},{"@type":"ListItem","position":2,"name":"SOLBERG\u00ae FIRE-BRAKE 3150A"}]},{"@type":"WebSite","@id":"https:\/\/www.perimeter-solutions.com\/es\/#website","url":"https:\/\/www.perimeter-solutions.com\/es\/","name":"Perimeter Solutions","description":"","publisher":{"@id":"https:\/\/www.perimeter-solutions.com\/es\/#organization"},"potentialAction":[{"@type":"SearchAction","target":{"@type":"EntryPoint","urlTemplate":"https:\/\/www.perimeter-solutions.com\/es\/?s={search_term_string}"},"query-input":{"@type":"PropertyValueSpecification","valueRequired":true,"valueName":"search_term_string"}}],"inLanguage":"es"},{"@type":"Organization","@id":"https:\/\/www.perimeter-solutions.com\/es\/#organization","name":"Perimeter Solutions","url":"https:\/\/www.perimeter-solutions.com\/es\/","logo":{"@type":"ImageObject","inLanguage":"es","@id":"https:\/\/www.perimeter-solutions.com\/es\/#\/schema\/logo\/image\/","url":"https:\/\/www.perimeter-solutions.com\/wp-content\/uploads\/2021\/02\/perimeter-logo-RGB.png","contentUrl":"https:\/\/www.perimeter-solutions.com\/wp-content\/uploads\/2021\/02\/perimeter-logo-RGB.png","width":794,"height":138,"caption":"Perimeter Solutions"},"image":{"@id":"https:\/\/www.perimeter-solutions.com\/es\/#\/schema\/logo\/image\/"}}]}},"_links":{"self":[{"href":"https:\/\/www.perimeter-solutions.com\/es\/wp-json\/wp\/v2\/product\/42482","targetHints":{"allow":["GET"]}}],"collection":[{"href":"https:\/\/www.perimeter-solutions.com\/es\/wp-json\/wp\/v2\/product"}],"about":[{"href":"https:\/\/www.perimeter-solutions.com\/es\/wp-json\/wp\/v2\/types\/product"}],"wp:featuredmedia":[{"embeddable":true,"href":"https:\/\/www.perimeter-solutions.com\/es\/wp-json\/wp\/v2\/media\/42484"}],"wp:attachment":[{"href":"https:\/\/www.perimeter-solutions.com\/es\/wp-json\/wp\/v2\/media?parent=42482"}],"wp:term":[{"taxonomy":"product_cat","embeddable":true,"href":"https:\/\/www.perimeter-solutions.com\/es\/wp-json\/wp\/v2\/product_cat?post=42482"},{"taxonomy":"product_tag","embeddable":true,"href":"https:\/\/www.perimeter-solutions.com\/es\/wp-json\/wp\/v2\/product_tag?post=42482"}],"curies":[{"name":"wp","href":"https:\/\/api.w.org\/{rel}","templated":true}]}}