{"id":42475,"date":"2024-06-27T12:45:36","date_gmt":"2024-06-27T16:45:36","guid":{"rendered":"https:\/\/www.perimeter-solutions.com\/product\/freno-de-incendios-solberg-plus\/"},"modified":"2024-08-14T19:15:27","modified_gmt":"2024-08-14T23:15:27","slug":"solberg-fire-brake-plus","status":"publish","type":"product","link":"https:\/\/www.perimeter-solutions.com\/es\/product\/solberg-fire-brake-plus\/","title":{"rendered":"SOLBERG<sup>\u00ae<\/sup> FIRE-BRAKE PLUS"},"content":{"rendered":"<p><span style=\"color: #000000;\">El espum\u00f3geno <strong>SOLBERG<sup>\u00ae<\/sup> FIRE-BRAKE PLUS\u2122<\/strong> est\u00e1 especialmente formulado para aumentar la eficacia del agua en la lucha contra incendios.<br \/>\nSOLBERG FIRE-BRAKE PLUS es un concentrado espum\u00f3geno de Clase A econ\u00f3mico que se compara favorablemente con otros productos espum\u00f3genos de Clase A menos concentrados. <\/span><\/p>\n<p><span style=\"color: #000000;\">La combinaci\u00f3n \u00fanica de tensioactivos reduce significativamente la tensi\u00f3n superficial del agua y, cuando se mezcla con aire, crea una capa de espuma que rodea los combustibles con una capa gruesa de agua. Esto crea una barrera entre el combustible y el fuego, derribando el fuego m\u00e1s r\u00e1pido que el agua sola, y permite que los bomberos vean las \u00e1reas de aplicaci\u00f3n. Hacer que el agua sea m\u00e1s eficaz reduce la cantidad de agua necesaria para extinguir el fuego, lo que reduce el da\u00f1o causado por el agua y aumenta la seguridad de los bomberos a trav\u00e9s de un derribo m\u00e1s r\u00e1pido y menores requisitos de limpieza \/ revisi\u00f3n. SOLBERG FIRE-BRAKE PLUS NO contiene MATERIALES PELIGROSOS, no es corrosivo, no es t\u00f3xico, es f\u00e1cilmente biodegradable y no tiene punto de inflamaci\u00f3n.<\/span><\/p>\n<p><span style=\"color: #000000;\"><strong>Consulta a tu experto en reglamentaci\u00f3n para conocer las restricciones y normativas aplicables en tu estado o localidad en relaci\u00f3n con la venta y distribuci\u00f3n de concentrados de espuma de la Clase A.<\/strong><\/span><\/p>\n<h4>Opciones disponibles<\/h4>\n","protected":false},"excerpt":{"rendered":"<p>El espum\u00f3geno SOLBERG\u00ae FIRE-BRAKE PLUS\u2122 est\u00e1 especialmente formulado para aumentar la eficacia del agua en la lucha contra incendios. SOLBERG FIRE-BRAKE PLUS es un concentrado espum\u00f3geno de Clase A econ\u00f3mico [&hellip;]<\/p>\n","protected":false},"featured_media":42477,"template":"","meta":{"_acf_changed":false},"product_cat":[185],"product_tag":[222,232,252,242,258,256],"class_list":{"0":"post-42475","1":"product","2":"type-product","3":"status-publish","4":"has-post-thumbnail","6":"product_cat-class-a-es","7":"product_tag-en-1568-es","8":"product_tag-industrial-es","9":"product_tag-municipal-es","10":"product_tag-solberg-es","11":"product_tag-tierra-forestale","12":"product_tag-usfs-qpl-es","14":"first","15":"instock","16":"shipping-taxable","17":"purchasable","18":"product-type-simple"},"acf":[],"yoast_head":"<!-- This site is optimized with the Yoast SEO Premium plugin v21.9 (Yoast SEO v23.5) - https:\/\/yoast.com\/wordpress\/plugins\/seo\/ -->\n<title>SOLBERG\u00ae FIRE-BRAKE PLUS - Perimeter Solutions<\/title>\n<meta name=\"description\" content=\"El espum\u00f3geno SOLBERG\u00ae FIRE-BRAKE PLUS\u2122 est\u00e1 especialmente formulado para aumentar la eficacia del agua en la lucha contra incendios. SOLBERG FIRE-BRAKE PLUS es un concentrado espum\u00f3geno de Clase A econ\u00f3mico que se compara favorablemente con otros productos espum\u00f3genos de Clase A menos concentrados.\" \/>\n<meta name=\"robots\" content=\"index, follow, max-snippet:-1, max-image-preview:large, max-video-preview:-1\" \/>\n<link rel=\"canonical\" href=\"https:\/\/www.perimeter-solutions.com\/es\/product\/solberg-fire-brake-plus\/\" \/>\n<meta property=\"og:locale\" content=\"es_ES\" \/>\n<meta property=\"og:type\" content=\"article\" \/>\n<meta property=\"og:title\" content=\"SOLBERG\u00ae FIRE-BRAKE PLUS\" \/>\n<meta property=\"og:description\" content=\"El espum\u00f3geno SOLBERG\u00ae FIRE-BRAKE PLUS\u2122 est\u00e1 especialmente formulado para aumentar la eficacia del agua en la lucha contra incendios. SOLBERG FIRE-BRAKE PLUS es un concentrado espum\u00f3geno de Clase A econ\u00f3mico que se compara favorablemente con otros productos espum\u00f3genos de Clase A menos concentrados.\" \/>\n<meta property=\"og:url\" content=\"https:\/\/www.perimeter-solutions.com\/es\/product\/solberg-fire-brake-plus\/\" \/>\n<meta property=\"og:site_name\" content=\"Perimeter Solutions\" \/>\n<meta property=\"article:modified_time\" content=\"2024-08-14T23:15:27+00:00\" \/>\n<meta name=\"twitter:card\" content=\"summary_large_image\" \/>\n<meta name=\"twitter:label1\" content=\"Tiempo de lectura\" \/>\n\t<meta name=\"twitter:data1\" content=\"2 minutos\" \/>\n<script type=\"application\/ld+json\" class=\"yoast-schema-graph\">{\"@context\":\"https:\/\/schema.org\",\"@graph\":[{\"@type\":\"WebPage\",\"@id\":\"https:\/\/www.perimeter-solutions.com\/es\/product\/solberg-fire-brake-plus\/\",\"url\":\"https:\/\/www.perimeter-solutions.com\/es\/product\/solberg-fire-brake-plus\/\",\"name\":\"SOLBERG\u00ae FIRE-BRAKE PLUS - Perimeter Solutions\",\"isPartOf\":{\"@id\":\"https:\/\/www.perimeter-solutions.com\/es\/#website\"},\"primaryImageOfPage\":{\"@id\":\"https:\/\/www.perimeter-solutions.com\/es\/product\/solberg-fire-brake-plus\/#primaryimage\"},\"image\":{\"@id\":\"https:\/\/www.perimeter-solutions.com\/es\/product\/solberg-fire-brake-plus\/#primaryimage\"},\"thumbnailUrl\":\"https:\/\/www.perimeter-solutions.com\/wp-content\/uploads\/2024\/06\/SOLB-FIRE-BRAKE-PLUS-Class-A-Datasheet_2Page_PCC-2021085-A4-V3-pdf.jpg\",\"datePublished\":\"2024-06-27T16:45:36+00:00\",\"dateModified\":\"2024-08-14T23:15:27+00:00\",\"description\":\"El espum\u00f3geno SOLBERG\u00ae FIRE-BRAKE PLUS\u2122 est\u00e1 especialmente formulado para aumentar la eficacia del agua en la lucha contra incendios. SOLBERG FIRE-BRAKE PLUS es un concentrado espum\u00f3geno de Clase A econ\u00f3mico que se compara favorablemente con otros productos espum\u00f3genos de Clase A menos concentrados.\",\"breadcrumb\":{\"@id\":\"https:\/\/www.perimeter-solutions.com\/es\/product\/solberg-fire-brake-plus\/#breadcrumb\"},\"inLanguage\":\"es\",\"potentialAction\":[{\"@type\":\"ReadAction\",\"target\":[\"https:\/\/www.perimeter-solutions.com\/es\/product\/solberg-fire-brake-plus\/\"]}]},{\"@type\":\"ImageObject\",\"inLanguage\":\"es\",\"@id\":\"https:\/\/www.perimeter-solutions.com\/es\/product\/solberg-fire-brake-plus\/#primaryimage\",\"url\":\"https:\/\/www.perimeter-solutions.com\/wp-content\/uploads\/2024\/06\/SOLB-FIRE-BRAKE-PLUS-Class-A-Datasheet_2Page_PCC-2021085-A4-V3-pdf.jpg\",\"contentUrl\":\"https:\/\/www.perimeter-solutions.com\/wp-content\/uploads\/2024\/06\/SOLB-FIRE-BRAKE-PLUS-Class-A-Datasheet_2Page_PCC-2021085-A4-V3-pdf.jpg\"},{\"@type\":\"BreadcrumbList\",\"@id\":\"https:\/\/www.perimeter-solutions.com\/es\/product\/solberg-fire-brake-plus\/#breadcrumb\",\"itemListElement\":[{\"@type\":\"ListItem\",\"position\":1,\"name\":\"Cat\u00e1logo de productos\",\"item\":\"https:\/\/www.perimeter-solutions.com\/es\/product-catalog\/\"},{\"@type\":\"ListItem\",\"position\":2,\"name\":\"SOLBERG\u00ae FIRE-BRAKE PLUS\"}]},{\"@type\":\"WebSite\",\"@id\":\"https:\/\/www.perimeter-solutions.com\/es\/#website\",\"url\":\"https:\/\/www.perimeter-solutions.com\/es\/\",\"name\":\"Perimeter Solutions\",\"description\":\"\",\"publisher\":{\"@id\":\"https:\/\/www.perimeter-solutions.com\/es\/#organization\"},\"potentialAction\":[{\"@type\":\"SearchAction\",\"target\":{\"@type\":\"EntryPoint\",\"urlTemplate\":\"https:\/\/www.perimeter-solutions.com\/es\/?s={search_term_string}\"},\"query-input\":{\"@type\":\"PropertyValueSpecification\",\"valueRequired\":true,\"valueName\":\"search_term_string\"}}],\"inLanguage\":\"es\"},{\"@type\":\"Organization\",\"@id\":\"https:\/\/www.perimeter-solutions.com\/es\/#organization\",\"name\":\"Perimeter Solutions\",\"url\":\"https:\/\/www.perimeter-solutions.com\/es\/\",\"logo\":{\"@type\":\"ImageObject\",\"inLanguage\":\"es\",\"@id\":\"https:\/\/www.perimeter-solutions.com\/es\/#\/schema\/logo\/image\/\",\"url\":\"https:\/\/www.perimeter-solutions.com\/wp-content\/uploads\/2021\/02\/perimeter-logo-RGB.png\",\"contentUrl\":\"https:\/\/www.perimeter-solutions.com\/wp-content\/uploads\/2021\/02\/perimeter-logo-RGB.png\",\"width\":794,\"height\":138,\"caption\":\"Perimeter Solutions\"},\"image\":{\"@id\":\"https:\/\/www.perimeter-solutions.com\/es\/#\/schema\/logo\/image\/\"}}]}<\/script>\n<!-- \/ Yoast SEO Premium plugin. -->","yoast_head_json":{"title":"SOLBERG\u00ae FIRE-BRAKE PLUS - Perimeter Solutions","description":"El espum\u00f3geno SOLBERG\u00ae FIRE-BRAKE PLUS\u2122 est\u00e1 especialmente formulado para aumentar la eficacia del agua en la lucha contra incendios. SOLBERG FIRE-BRAKE PLUS es un concentrado espum\u00f3geno de Clase A econ\u00f3mico que se compara favorablemente con otros productos espum\u00f3genos de Clase A menos concentrados.","robots":{"index":"index","follow":"follow","max-snippet":"max-snippet:-1","max-image-preview":"max-image-preview:large","max-video-preview":"max-video-preview:-1"},"canonical":"https:\/\/www.perimeter-solutions.com\/es\/product\/solberg-fire-brake-plus\/","og_locale":"es_ES","og_type":"article","og_title":"SOLBERG\u00ae FIRE-BRAKE PLUS","og_description":"El espum\u00f3geno SOLBERG\u00ae FIRE-BRAKE PLUS\u2122 est\u00e1 especialmente formulado para aumentar la eficacia del agua en la lucha contra incendios. SOLBERG FIRE-BRAKE PLUS es un concentrado espum\u00f3geno de Clase A econ\u00f3mico que se compara favorablemente con otros productos espum\u00f3genos de Clase A menos concentrados.","og_url":"https:\/\/www.perimeter-solutions.com\/es\/product\/solberg-fire-brake-plus\/","og_site_name":"Perimeter Solutions","article_modified_time":"2024-08-14T23:15:27+00:00","twitter_card":"summary_large_image","twitter_misc":{"Tiempo de lectura":"2 minutos"},"schema":{"@context":"https:\/\/schema.org","@graph":[{"@type":"WebPage","@id":"https:\/\/www.perimeter-solutions.com\/es\/product\/solberg-fire-brake-plus\/","url":"https:\/\/www.perimeter-solutions.com\/es\/product\/solberg-fire-brake-plus\/","name":"SOLBERG\u00ae FIRE-BRAKE PLUS - Perimeter Solutions","isPartOf":{"@id":"https:\/\/www.perimeter-solutions.com\/es\/#website"},"primaryImageOfPage":{"@id":"https:\/\/www.perimeter-solutions.com\/es\/product\/solberg-fire-brake-plus\/#primaryimage"},"image":{"@id":"https:\/\/www.perimeter-solutions.com\/es\/product\/solberg-fire-brake-plus\/#primaryimage"},"thumbnailUrl":"https:\/\/www.perimeter-solutions.com\/wp-content\/uploads\/2024\/06\/SOLB-FIRE-BRAKE-PLUS-Class-A-Datasheet_2Page_PCC-2021085-A4-V3-pdf.jpg","datePublished":"2024-06-27T16:45:36+00:00","dateModified":"2024-08-14T23:15:27+00:00","description":"El espum\u00f3geno SOLBERG\u00ae FIRE-BRAKE PLUS\u2122 est\u00e1 especialmente formulado para aumentar la eficacia del agua en la lucha contra incendios. SOLBERG FIRE-BRAKE PLUS es un concentrado espum\u00f3geno de Clase A econ\u00f3mico que se compara favorablemente con otros productos espum\u00f3genos de Clase A menos concentrados.","breadcrumb":{"@id":"https:\/\/www.perimeter-solutions.com\/es\/product\/solberg-fire-brake-plus\/#breadcrumb"},"inLanguage":"es","potentialAction":[{"@type":"ReadAction","target":["https:\/\/www.perimeter-solutions.com\/es\/product\/solberg-fire-brake-plus\/"]}]},{"@type":"ImageObject","inLanguage":"es","@id":"https:\/\/www.perimeter-solutions.com\/es\/product\/solberg-fire-brake-plus\/#primaryimage","url":"https:\/\/www.perimeter-solutions.com\/wp-content\/uploads\/2024\/06\/SOLB-FIRE-BRAKE-PLUS-Class-A-Datasheet_2Page_PCC-2021085-A4-V3-pdf.jpg","contentUrl":"https:\/\/www.perimeter-solutions.com\/wp-content\/uploads\/2024\/06\/SOLB-FIRE-BRAKE-PLUS-Class-A-Datasheet_2Page_PCC-2021085-A4-V3-pdf.jpg"},{"@type":"BreadcrumbList","@id":"https:\/\/www.perimeter-solutions.com\/es\/product\/solberg-fire-brake-plus\/#breadcrumb","itemListElement":[{"@type":"ListItem","position":1,"name":"Cat\u00e1logo de productos","item":"https:\/\/www.perimeter-solutions.com\/es\/product-catalog\/"},{"@type":"ListItem","position":2,"name":"SOLBERG\u00ae FIRE-BRAKE PLUS"}]},{"@type":"WebSite","@id":"https:\/\/www.perimeter-solutions.com\/es\/#website","url":"https:\/\/www.perimeter-solutions.com\/es\/","name":"Perimeter Solutions","description":"","publisher":{"@id":"https:\/\/www.perimeter-solutions.com\/es\/#organization"},"potentialAction":[{"@type":"SearchAction","target":{"@type":"EntryPoint","urlTemplate":"https:\/\/www.perimeter-solutions.com\/es\/?s={search_term_string}"},"query-input":{"@type":"PropertyValueSpecification","valueRequired":true,"valueName":"search_term_string"}}],"inLanguage":"es"},{"@type":"Organization","@id":"https:\/\/www.perimeter-solutions.com\/es\/#organization","name":"Perimeter Solutions","url":"https:\/\/www.perimeter-solutions.com\/es\/","logo":{"@type":"ImageObject","inLanguage":"es","@id":"https:\/\/www.perimeter-solutions.com\/es\/#\/schema\/logo\/image\/","url":"https:\/\/www.perimeter-solutions.com\/wp-content\/uploads\/2021\/02\/perimeter-logo-RGB.png","contentUrl":"https:\/\/www.perimeter-solutions.com\/wp-content\/uploads\/2021\/02\/perimeter-logo-RGB.png","width":794,"height":138,"caption":"Perimeter Solutions"},"image":{"@id":"https:\/\/www.perimeter-solutions.com\/es\/#\/schema\/logo\/image\/"}}]}},"_links":{"self":[{"href":"https:\/\/www.perimeter-solutions.com\/es\/wp-json\/wp\/v2\/product\/42475","targetHints":{"allow":["GET"]}}],"collection":[{"href":"https:\/\/www.perimeter-solutions.com\/es\/wp-json\/wp\/v2\/product"}],"about":[{"href":"https:\/\/www.perimeter-solutions.com\/es\/wp-json\/wp\/v2\/types\/product"}],"wp:featuredmedia":[{"embeddable":true,"href":"https:\/\/www.perimeter-solutions.com\/es\/wp-json\/wp\/v2\/media\/42477"}],"wp:attachment":[{"href":"https:\/\/www.perimeter-solutions.com\/es\/wp-json\/wp\/v2\/media?parent=42475"}],"wp:term":[{"taxonomy":"product_cat","embeddable":true,"href":"https:\/\/www.perimeter-solutions.com\/es\/wp-json\/wp\/v2\/product_cat?post=42475"},{"taxonomy":"product_tag","embeddable":true,"href":"https:\/\/www.perimeter-solutions.com\/es\/wp-json\/wp\/v2\/product_tag?post=42475"}],"curies":[{"name":"wp","href":"https:\/\/api.w.org\/{rel}","templated":true}]}}