{"id":42467,"date":"2024-06-27T12:39:27","date_gmt":"2024-06-27T16:39:27","guid":{"rendered":"https:\/\/www.perimeter-solutions.com\/product\/phos-chek-flash-21-gelling-agent\/"},"modified":"2024-08-14T18:51:13","modified_gmt":"2024-08-14T22:51:13","slug":"phos-chek-flash-21-gelling-agent","status":"publish","type":"product","link":"https:\/\/www.perimeter-solutions.com\/es\/product\/phos-chek-flash-21-gelling-agent\/","title":{"rendered":"PHOS-CHEK<sup>\u00ae<\/sup> FLASH 21 Gelling Agent"},"content":{"rendered":"<p>Los cortafuegos y Heli-torches requieren combustible gelificado. <strong>PHOS-CHEK<sup>\u00ae<\/sup>\u00a0FLASH 21<\/strong> es un agente gelificante de combustible l\u00edquido de dos componentes que proporciona de manera confiable y r\u00e1pida un gel de alta calidad. El combustible espesado con PHOS-CHEK FLASH 21 logra una viscosidad ideal sin sedimentaci\u00f3n. PHOS-CHEK FLASH 21 se puede mezclar con varios combustibles, incluyendo gasolina pura, Diesel, Jet A o Jet B si estuviesen disponibles. El uso \u00fanico de Jet A solo producir\u00eda un buen gel, con lo que, debido al bajo punto de inflamaci\u00f3n de este tipo de combustible, agregar 20-30% de gas puro producir\u00e1 un mejor punto de ignici\u00f3n.<br \/>\nPHOS-CHEK FLASH 21 fue desarrollado para permitir la mezcla con combustible, independientemente de la temperatura, asegurando una mezcla de combustible gelificada consistente. El combustible tratado con PHOS-CHEK FLASH 21 no perder\u00e1 viscosidad, permitiendo su uso durante toda la operaci\u00f3n de combusti\u00f3n.<br \/>\nLa investigaci\u00f3n tambi\u00e9n ha demostrado mejores resultados de gelificaci\u00f3n e ignici\u00f3n utilizando PHOS-CHEK FLASH 21 en condiciones de clima fr\u00edo en comparaci\u00f3n con otros agentes gelificantes de combustible disponibles en el mercado actual. En el extremo opuesto de la escala de temperatura: las altas temperaturas, tampoco parecen tener un efecto adverso en el rendimiento de nuestro producto PHOS-CHEK FLASH 21.<\/p>\n<p><span style=\"color: #000000;\"><strong>Consulta a tu experto en reglamentaci\u00f3n para conocer las restricciones y normativas aplicables en tu estado o localidad con respecto a la venta y distribuci\u00f3n de Agentes Gelificantes de Combustible.<\/strong><\/span><\/p>\n<h4><\/h4>\n","protected":false},"excerpt":{"rendered":"<p>Los cortafuegos y Heli-torches requieren combustible gelificado. PHOS-CHEK\u00ae\u00a0FLASH 21 es un agente gelificante de combustible l\u00edquido de dos componentes que proporciona de manera confiable y r\u00e1pida un gel de alta [&hellip;]<\/p>\n","protected":false},"featured_media":42469,"template":"","meta":{"_acf_changed":false},"product_cat":[189],"product_tag":[240],"class_list":{"0":"post-42467","1":"product","2":"type-product","3":"status-publish","4":"has-post-thumbnail","6":"product_cat-fuel-gelling-agents-es","7":"product_tag-phos-chek-es","9":"first","10":"instock","11":"shipping-taxable","12":"purchasable","13":"product-type-simple"},"acf":[],"yoast_head":"<!-- This site is optimized with the Yoast SEO Premium plugin v21.9 (Yoast SEO v23.5) - https:\/\/yoast.com\/wordpress\/plugins\/seo\/ -->\n<title>PHOS-CHEK\u00ae FLASH 21 Gelling Agent - Perimeter Solutions<\/title>\n<meta name=\"description\" content=\"Las antorchas terrestres y heli-antorchas requieren combustible gelificado. PHOS-CHEK \u00ae FLASH 21 es un agente gelificante de combustible l\u00edquido de dos componentes que proporciona de manera confiable un gel de alta calidad, muy r\u00e1pidamente. El combustible espesado con PHOS-CHEK FLASH 21 logra una viscosidad ideal sin sedimentaci\u00f3n.\" \/>\n<meta name=\"robots\" content=\"index, follow, max-snippet:-1, max-image-preview:large, max-video-preview:-1\" \/>\n<link rel=\"canonical\" href=\"https:\/\/www.perimeter-solutions.com\/es\/product\/phos-chek-flash-21-gelling-agent\/\" \/>\n<meta property=\"og:locale\" content=\"es_ES\" \/>\n<meta property=\"og:type\" content=\"article\" \/>\n<meta property=\"og:title\" content=\"PHOS-CHEK\u00ae FLASH 21 Gelling Agent\" \/>\n<meta property=\"og:description\" content=\"Las antorchas terrestres y heli-antorchas requieren combustible gelificado. PHOS-CHEK \u00ae FLASH 21 es un agente gelificante de combustible l\u00edquido de dos componentes que proporciona de manera confiable un gel de alta calidad, muy r\u00e1pidamente. El combustible espesado con PHOS-CHEK FLASH 21 logra una viscosidad ideal sin sedimentaci\u00f3n.\" \/>\n<meta property=\"og:url\" content=\"https:\/\/www.perimeter-solutions.com\/es\/product\/phos-chek-flash-21-gelling-agent\/\" \/>\n<meta property=\"og:site_name\" content=\"Perimeter Solutions\" \/>\n<meta property=\"article:modified_time\" content=\"2024-08-14T22:51:13+00:00\" \/>\n<meta name=\"twitter:card\" content=\"summary_large_image\" \/>\n<meta name=\"twitter:label1\" content=\"Tiempo de lectura\" \/>\n\t<meta name=\"twitter:data1\" content=\"2 minutos\" \/>\n<script type=\"application\/ld+json\" class=\"yoast-schema-graph\">{\"@context\":\"https:\/\/schema.org\",\"@graph\":[{\"@type\":\"WebPage\",\"@id\":\"https:\/\/www.perimeter-solutions.com\/es\/product\/phos-chek-flash-21-gelling-agent\/\",\"url\":\"https:\/\/www.perimeter-solutions.com\/es\/product\/phos-chek-flash-21-gelling-agent\/\",\"name\":\"PHOS-CHEK\u00ae FLASH 21 Gelling Agent - Perimeter Solutions\",\"isPartOf\":{\"@id\":\"https:\/\/www.perimeter-solutions.com\/es\/#website\"},\"primaryImageOfPage\":{\"@id\":\"https:\/\/www.perimeter-solutions.com\/es\/product\/phos-chek-flash-21-gelling-agent\/#primaryimage\"},\"image\":{\"@id\":\"https:\/\/www.perimeter-solutions.com\/es\/product\/phos-chek-flash-21-gelling-agent\/#primaryimage\"},\"thumbnailUrl\":\"https:\/\/www.perimeter-solutions.com\/wp-content\/uploads\/2024\/06\/PC-FLASH-21-PCC-2019049-0-LETTER-pdf.jpg\",\"datePublished\":\"2024-06-27T16:39:27+00:00\",\"dateModified\":\"2024-08-14T22:51:13+00:00\",\"description\":\"Las antorchas terrestres y heli-antorchas requieren combustible gelificado. PHOS-CHEK \u00ae FLASH 21 es un agente gelificante de combustible l\u00edquido de dos componentes que proporciona de manera confiable un gel de alta calidad, muy r\u00e1pidamente. El combustible espesado con PHOS-CHEK FLASH 21 logra una viscosidad ideal sin sedimentaci\u00f3n.\",\"breadcrumb\":{\"@id\":\"https:\/\/www.perimeter-solutions.com\/es\/product\/phos-chek-flash-21-gelling-agent\/#breadcrumb\"},\"inLanguage\":\"es\",\"potentialAction\":[{\"@type\":\"ReadAction\",\"target\":[\"https:\/\/www.perimeter-solutions.com\/es\/product\/phos-chek-flash-21-gelling-agent\/\"]}]},{\"@type\":\"ImageObject\",\"inLanguage\":\"es\",\"@id\":\"https:\/\/www.perimeter-solutions.com\/es\/product\/phos-chek-flash-21-gelling-agent\/#primaryimage\",\"url\":\"https:\/\/www.perimeter-solutions.com\/wp-content\/uploads\/2024\/06\/PC-FLASH-21-PCC-2019049-0-LETTER-pdf.jpg\",\"contentUrl\":\"https:\/\/www.perimeter-solutions.com\/wp-content\/uploads\/2024\/06\/PC-FLASH-21-PCC-2019049-0-LETTER-pdf.jpg\"},{\"@type\":\"BreadcrumbList\",\"@id\":\"https:\/\/www.perimeter-solutions.com\/es\/product\/phos-chek-flash-21-gelling-agent\/#breadcrumb\",\"itemListElement\":[{\"@type\":\"ListItem\",\"position\":1,\"name\":\"Cat\u00e1logo de productos\",\"item\":\"https:\/\/www.perimeter-solutions.com\/es\/product-catalog\/\"},{\"@type\":\"ListItem\",\"position\":2,\"name\":\"PHOS-CHEK\u00ae FLASH 21 Gelling Agent\"}]},{\"@type\":\"WebSite\",\"@id\":\"https:\/\/www.perimeter-solutions.com\/es\/#website\",\"url\":\"https:\/\/www.perimeter-solutions.com\/es\/\",\"name\":\"Perimeter Solutions\",\"description\":\"\",\"publisher\":{\"@id\":\"https:\/\/www.perimeter-solutions.com\/es\/#organization\"},\"potentialAction\":[{\"@type\":\"SearchAction\",\"target\":{\"@type\":\"EntryPoint\",\"urlTemplate\":\"https:\/\/www.perimeter-solutions.com\/es\/?s={search_term_string}\"},\"query-input\":{\"@type\":\"PropertyValueSpecification\",\"valueRequired\":true,\"valueName\":\"search_term_string\"}}],\"inLanguage\":\"es\"},{\"@type\":\"Organization\",\"@id\":\"https:\/\/www.perimeter-solutions.com\/es\/#organization\",\"name\":\"Perimeter Solutions\",\"url\":\"https:\/\/www.perimeter-solutions.com\/es\/\",\"logo\":{\"@type\":\"ImageObject\",\"inLanguage\":\"es\",\"@id\":\"https:\/\/www.perimeter-solutions.com\/es\/#\/schema\/logo\/image\/\",\"url\":\"https:\/\/www.perimeter-solutions.com\/wp-content\/uploads\/2021\/02\/perimeter-logo-RGB.png\",\"contentUrl\":\"https:\/\/www.perimeter-solutions.com\/wp-content\/uploads\/2021\/02\/perimeter-logo-RGB.png\",\"width\":794,\"height\":138,\"caption\":\"Perimeter Solutions\"},\"image\":{\"@id\":\"https:\/\/www.perimeter-solutions.com\/es\/#\/schema\/logo\/image\/\"}}]}<\/script>\n<!-- \/ Yoast SEO Premium plugin. -->","yoast_head_json":{"title":"PHOS-CHEK\u00ae FLASH 21 Gelling Agent - Perimeter Solutions","description":"Las antorchas terrestres y heli-antorchas requieren combustible gelificado. PHOS-CHEK \u00ae FLASH 21 es un agente gelificante de combustible l\u00edquido de dos componentes que proporciona de manera confiable un gel de alta calidad, muy r\u00e1pidamente. El combustible espesado con PHOS-CHEK FLASH 21 logra una viscosidad ideal sin sedimentaci\u00f3n.","robots":{"index":"index","follow":"follow","max-snippet":"max-snippet:-1","max-image-preview":"max-image-preview:large","max-video-preview":"max-video-preview:-1"},"canonical":"https:\/\/www.perimeter-solutions.com\/es\/product\/phos-chek-flash-21-gelling-agent\/","og_locale":"es_ES","og_type":"article","og_title":"PHOS-CHEK\u00ae FLASH 21 Gelling Agent","og_description":"Las antorchas terrestres y heli-antorchas requieren combustible gelificado. PHOS-CHEK \u00ae FLASH 21 es un agente gelificante de combustible l\u00edquido de dos componentes que proporciona de manera confiable un gel de alta calidad, muy r\u00e1pidamente. El combustible espesado con PHOS-CHEK FLASH 21 logra una viscosidad ideal sin sedimentaci\u00f3n.","og_url":"https:\/\/www.perimeter-solutions.com\/es\/product\/phos-chek-flash-21-gelling-agent\/","og_site_name":"Perimeter Solutions","article_modified_time":"2024-08-14T22:51:13+00:00","twitter_card":"summary_large_image","twitter_misc":{"Tiempo de lectura":"2 minutos"},"schema":{"@context":"https:\/\/schema.org","@graph":[{"@type":"WebPage","@id":"https:\/\/www.perimeter-solutions.com\/es\/product\/phos-chek-flash-21-gelling-agent\/","url":"https:\/\/www.perimeter-solutions.com\/es\/product\/phos-chek-flash-21-gelling-agent\/","name":"PHOS-CHEK\u00ae FLASH 21 Gelling Agent - Perimeter Solutions","isPartOf":{"@id":"https:\/\/www.perimeter-solutions.com\/es\/#website"},"primaryImageOfPage":{"@id":"https:\/\/www.perimeter-solutions.com\/es\/product\/phos-chek-flash-21-gelling-agent\/#primaryimage"},"image":{"@id":"https:\/\/www.perimeter-solutions.com\/es\/product\/phos-chek-flash-21-gelling-agent\/#primaryimage"},"thumbnailUrl":"https:\/\/www.perimeter-solutions.com\/wp-content\/uploads\/2024\/06\/PC-FLASH-21-PCC-2019049-0-LETTER-pdf.jpg","datePublished":"2024-06-27T16:39:27+00:00","dateModified":"2024-08-14T22:51:13+00:00","description":"Las antorchas terrestres y heli-antorchas requieren combustible gelificado. PHOS-CHEK \u00ae FLASH 21 es un agente gelificante de combustible l\u00edquido de dos componentes que proporciona de manera confiable un gel de alta calidad, muy r\u00e1pidamente. El combustible espesado con PHOS-CHEK FLASH 21 logra una viscosidad ideal sin sedimentaci\u00f3n.","breadcrumb":{"@id":"https:\/\/www.perimeter-solutions.com\/es\/product\/phos-chek-flash-21-gelling-agent\/#breadcrumb"},"inLanguage":"es","potentialAction":[{"@type":"ReadAction","target":["https:\/\/www.perimeter-solutions.com\/es\/product\/phos-chek-flash-21-gelling-agent\/"]}]},{"@type":"ImageObject","inLanguage":"es","@id":"https:\/\/www.perimeter-solutions.com\/es\/product\/phos-chek-flash-21-gelling-agent\/#primaryimage","url":"https:\/\/www.perimeter-solutions.com\/wp-content\/uploads\/2024\/06\/PC-FLASH-21-PCC-2019049-0-LETTER-pdf.jpg","contentUrl":"https:\/\/www.perimeter-solutions.com\/wp-content\/uploads\/2024\/06\/PC-FLASH-21-PCC-2019049-0-LETTER-pdf.jpg"},{"@type":"BreadcrumbList","@id":"https:\/\/www.perimeter-solutions.com\/es\/product\/phos-chek-flash-21-gelling-agent\/#breadcrumb","itemListElement":[{"@type":"ListItem","position":1,"name":"Cat\u00e1logo de productos","item":"https:\/\/www.perimeter-solutions.com\/es\/product-catalog\/"},{"@type":"ListItem","position":2,"name":"PHOS-CHEK\u00ae FLASH 21 Gelling Agent"}]},{"@type":"WebSite","@id":"https:\/\/www.perimeter-solutions.com\/es\/#website","url":"https:\/\/www.perimeter-solutions.com\/es\/","name":"Perimeter Solutions","description":"","publisher":{"@id":"https:\/\/www.perimeter-solutions.com\/es\/#organization"},"potentialAction":[{"@type":"SearchAction","target":{"@type":"EntryPoint","urlTemplate":"https:\/\/www.perimeter-solutions.com\/es\/?s={search_term_string}"},"query-input":{"@type":"PropertyValueSpecification","valueRequired":true,"valueName":"search_term_string"}}],"inLanguage":"es"},{"@type":"Organization","@id":"https:\/\/www.perimeter-solutions.com\/es\/#organization","name":"Perimeter Solutions","url":"https:\/\/www.perimeter-solutions.com\/es\/","logo":{"@type":"ImageObject","inLanguage":"es","@id":"https:\/\/www.perimeter-solutions.com\/es\/#\/schema\/logo\/image\/","url":"https:\/\/www.perimeter-solutions.com\/wp-content\/uploads\/2021\/02\/perimeter-logo-RGB.png","contentUrl":"https:\/\/www.perimeter-solutions.com\/wp-content\/uploads\/2021\/02\/perimeter-logo-RGB.png","width":794,"height":138,"caption":"Perimeter Solutions"},"image":{"@id":"https:\/\/www.perimeter-solutions.com\/es\/#\/schema\/logo\/image\/"}}]}},"_links":{"self":[{"href":"https:\/\/www.perimeter-solutions.com\/es\/wp-json\/wp\/v2\/product\/42467","targetHints":{"allow":["GET"]}}],"collection":[{"href":"https:\/\/www.perimeter-solutions.com\/es\/wp-json\/wp\/v2\/product"}],"about":[{"href":"https:\/\/www.perimeter-solutions.com\/es\/wp-json\/wp\/v2\/types\/product"}],"wp:featuredmedia":[{"embeddable":true,"href":"https:\/\/www.perimeter-solutions.com\/es\/wp-json\/wp\/v2\/media\/42469"}],"wp:attachment":[{"href":"https:\/\/www.perimeter-solutions.com\/es\/wp-json\/wp\/v2\/media?parent=42467"}],"wp:term":[{"taxonomy":"product_cat","embeddable":true,"href":"https:\/\/www.perimeter-solutions.com\/es\/wp-json\/wp\/v2\/product_cat?post=42467"},{"taxonomy":"product_tag","embeddable":true,"href":"https:\/\/www.perimeter-solutions.com\/es\/wp-json\/wp\/v2\/product_tag?post=42467"}],"curies":[{"name":"wp","href":"https:\/\/api.w.org\/{rel}","templated":true}]}}