{"id":42454,"date":"2024-06-27T11:36:57","date_gmt":"2024-06-27T15:36:57","guid":{"rendered":"https:\/\/www.perimeter-solutions.com\/product\/solberg-serie-xgard\/"},"modified":"2024-08-14T18:33:48","modified_gmt":"2024-08-14T22:33:48","slug":"solberg-serie-xgard","status":"publish","type":"product","link":"https:\/\/www.perimeter-solutions.com\/es\/product\/solberg-serie-xgard\/","title":{"rendered":"SOLBERG<sup>\u00ae<\/sup> Serie XGARD"},"content":{"rendered":"<p><span style=\"color: #000000;\">La gama de productos <strong>SOLBERG<sup>\u00ae<\/sup> XGARD\u2122 EXD-30<\/strong> son aditivos espum\u00f3genos sin fl\u00faor dise\u00f1ados para su uso en extintores port\u00e1tiles.<br \/>\nNo contienen compuestos organohalogenados.<br \/>\nEstos aditivos hacen que los extintores l\u00edquidos sean mucho m\u00e1s eficaces que el agua corriente para hacer frente a situaciones de incendio de clase A y B. <\/span><\/p>\n<p><span style=\"color: #000000;\">La gama de productos SOLBERG<sup>\u00ae <\/sup>XGARD\u2122 est\u00e1 disponible con \u00edndices de diluci\u00f3n del 1% al 3%.<br \/>\nPueden utilizarse en premezcla (extintores port\u00e1tiles), y tambi\u00e9n pueden utilizarse con equipos de espuma de baja expansi\u00f3n (boquillas, monitores, c\u00e1maras de espuma, etc.) o dosificados con equipos est\u00e1ndar (inductores en l\u00ednea, sistemas de presi\u00f3n equilibrada, etc.). <\/span><\/p>\n<p><span style=\"color: #000000;\"><strong>Aplicaciones<\/strong><\/span><\/p>\n<p><span style=\"color: #000000;\">Estos productos consiguen un derribo muy r\u00e1pido de los fuegos en aplicaciones por pulverizaci\u00f3n y presentan una excelente resistencia al quemado.<br \/>\nUn extintor manual de 9 l cargado con la soluci\u00f3n a la concentraci\u00f3n adecuada de SOLBERG XGARD extingue f\u00e1cilmente el fuego de prueba 233B (7 m2) y 21A de clase A seg\u00fan la norma EN 3 para extintores port\u00e1tiles.<br \/>\nEl rendimiento del producto depende de las caracter\u00edsticas del equipo utilizado (presi\u00f3n, boquilla, etc.), por lo que su eficacia debe evaluarse con el mismo extintor que se vaya a utilizar.<br \/>\nLos concentrados de espuma SOLBERG XGARD y las soluciones correspondientes est\u00e1n clasificados como f\u00e1cilmente biodegradables.<br \/>\nNo son peligrosos para el medio acu\u00e1tico y no son t\u00f3xicos orales para los organismos mam\u00edferos. <\/span><\/p>\n<p><span style=\"color: #000000;\"><strong>Consulta con tu experto en reglamentaci\u00f3n para conocer las restricciones y normativas aplicables en tu estado o localidad con respecto a la venta y distribuci\u00f3n de Agentes Extintores.<\/strong><\/span><\/p>\n<h4>Opciones disponibles<\/h4>\n","protected":false},"excerpt":{"rendered":"<p>La gama de productos SOLBERG\u00ae XGARD\u2122 EXD-30 son aditivos espum\u00f3genos sin fl\u00faor dise\u00f1ados para su uso en extintores port\u00e1tiles. No contienen compuestos organohalogenados. Estos aditivos hacen que los extintores l\u00edquidos [&hellip;]<\/p>\n","protected":false},"featured_media":42457,"template":"","meta":{"_acf_changed":false},"product_cat":[191,203],"product_tag":[242],"class_list":{"0":"post-42454","1":"product","2":"type-product","3":"status-publish","4":"has-post-thumbnail","6":"product_cat-fire-extinguisher-agents-es","7":"product_cat-fluorine-free-class-b-agents-es","8":"product_tag-solberg-es","10":"first","11":"instock","12":"shipping-taxable","13":"purchasable","14":"product-type-simple"},"acf":[],"yoast_head":"<!-- This site is optimized with the Yoast SEO Premium plugin v21.9 (Yoast SEO v23.5) - https:\/\/yoast.com\/wordpress\/plugins\/seo\/ -->\n<title>SOLBERG\u00ae Serie XGARD - Perimeter Solutions<\/title>\n<meta name=\"description\" content=\"La gama de productos SOLBERG\u00ae XGARD\u2122 son aditivos espumantes sin fl\u00faor dise\u00f1ados para su uso en extintores port\u00e1tiles. No contienen compuestos organohalogenados. Estos aditivos hacen que los extintores l\u00edquidos sean mucho m\u00e1s eficaces que el agua corriente para hacer frente a situaciones de incendio de Clase A y B.\" \/>\n<meta name=\"robots\" content=\"index, follow, max-snippet:-1, max-image-preview:large, max-video-preview:-1\" \/>\n<link rel=\"canonical\" href=\"https:\/\/www.perimeter-solutions.com\/es\/product\/solberg-serie-xgard\/\" \/>\n<meta property=\"og:locale\" content=\"es_ES\" \/>\n<meta property=\"og:type\" content=\"article\" \/>\n<meta property=\"og:title\" content=\"SOLBERG\u00ae Serie XGARD\" \/>\n<meta property=\"og:description\" content=\"La gama de productos SOLBERG\u00ae XGARD\u2122 son aditivos espumantes sin fl\u00faor dise\u00f1ados para su uso en extintores port\u00e1tiles. No contienen compuestos organohalogenados. Estos aditivos hacen que los extintores l\u00edquidos sean mucho m\u00e1s eficaces que el agua corriente para hacer frente a situaciones de incendio de Clase A y B.\" \/>\n<meta property=\"og:url\" content=\"https:\/\/www.perimeter-solutions.com\/es\/product\/solberg-serie-xgard\/\" \/>\n<meta property=\"og:site_name\" content=\"Perimeter Solutions\" \/>\n<meta property=\"article:modified_time\" content=\"2024-08-14T22:33:48+00:00\" \/>\n<meta name=\"twitter:card\" content=\"summary_large_image\" \/>\n<meta name=\"twitter:label1\" content=\"Tiempo de lectura\" \/>\n\t<meta name=\"twitter:data1\" content=\"2 minutos\" \/>\n<script type=\"application\/ld+json\" class=\"yoast-schema-graph\">{\"@context\":\"https:\/\/schema.org\",\"@graph\":[{\"@type\":\"WebPage\",\"@id\":\"https:\/\/www.perimeter-solutions.com\/es\/product\/solberg-serie-xgard\/\",\"url\":\"https:\/\/www.perimeter-solutions.com\/es\/product\/solberg-serie-xgard\/\",\"name\":\"SOLBERG\u00ae Serie XGARD - Perimeter Solutions\",\"isPartOf\":{\"@id\":\"https:\/\/www.perimeter-solutions.com\/es\/#website\"},\"primaryImageOfPage\":{\"@id\":\"https:\/\/www.perimeter-solutions.com\/es\/product\/solberg-serie-xgard\/#primaryimage\"},\"image\":{\"@id\":\"https:\/\/www.perimeter-solutions.com\/es\/product\/solberg-serie-xgard\/#primaryimage\"},\"thumbnailUrl\":\"https:\/\/www.perimeter-solutions.com\/wp-content\/uploads\/2024\/06\/SOLBERG-XGARD-A4_FINAL-pdf.jpg\",\"datePublished\":\"2024-06-27T15:36:57+00:00\",\"dateModified\":\"2024-08-14T22:33:48+00:00\",\"description\":\"La gama de productos SOLBERG\u00ae XGARD\u2122 son aditivos espumantes sin fl\u00faor dise\u00f1ados para su uso en extintores port\u00e1tiles. No contienen compuestos organohalogenados. Estos aditivos hacen que los extintores l\u00edquidos sean mucho m\u00e1s eficaces que el agua corriente para hacer frente a situaciones de incendio de Clase A y B.\",\"breadcrumb\":{\"@id\":\"https:\/\/www.perimeter-solutions.com\/es\/product\/solberg-serie-xgard\/#breadcrumb\"},\"inLanguage\":\"es\",\"potentialAction\":[{\"@type\":\"ReadAction\",\"target\":[\"https:\/\/www.perimeter-solutions.com\/es\/product\/solberg-serie-xgard\/\"]}]},{\"@type\":\"ImageObject\",\"inLanguage\":\"es\",\"@id\":\"https:\/\/www.perimeter-solutions.com\/es\/product\/solberg-serie-xgard\/#primaryimage\",\"url\":\"https:\/\/www.perimeter-solutions.com\/wp-content\/uploads\/2024\/06\/SOLBERG-XGARD-A4_FINAL-pdf.jpg\",\"contentUrl\":\"https:\/\/www.perimeter-solutions.com\/wp-content\/uploads\/2024\/06\/SOLBERG-XGARD-A4_FINAL-pdf.jpg\"},{\"@type\":\"BreadcrumbList\",\"@id\":\"https:\/\/www.perimeter-solutions.com\/es\/product\/solberg-serie-xgard\/#breadcrumb\",\"itemListElement\":[{\"@type\":\"ListItem\",\"position\":1,\"name\":\"Cat\u00e1logo de productos\",\"item\":\"https:\/\/www.perimeter-solutions.com\/es\/product-catalog\/\"},{\"@type\":\"ListItem\",\"position\":2,\"name\":\"SOLBERG\u00ae Serie XGARD\"}]},{\"@type\":\"WebSite\",\"@id\":\"https:\/\/www.perimeter-solutions.com\/es\/#website\",\"url\":\"https:\/\/www.perimeter-solutions.com\/es\/\",\"name\":\"Perimeter Solutions\",\"description\":\"\",\"publisher\":{\"@id\":\"https:\/\/www.perimeter-solutions.com\/es\/#organization\"},\"potentialAction\":[{\"@type\":\"SearchAction\",\"target\":{\"@type\":\"EntryPoint\",\"urlTemplate\":\"https:\/\/www.perimeter-solutions.com\/es\/?s={search_term_string}\"},\"query-input\":{\"@type\":\"PropertyValueSpecification\",\"valueRequired\":true,\"valueName\":\"search_term_string\"}}],\"inLanguage\":\"es\"},{\"@type\":\"Organization\",\"@id\":\"https:\/\/www.perimeter-solutions.com\/es\/#organization\",\"name\":\"Perimeter Solutions\",\"url\":\"https:\/\/www.perimeter-solutions.com\/es\/\",\"logo\":{\"@type\":\"ImageObject\",\"inLanguage\":\"es\",\"@id\":\"https:\/\/www.perimeter-solutions.com\/es\/#\/schema\/logo\/image\/\",\"url\":\"https:\/\/www.perimeter-solutions.com\/wp-content\/uploads\/2021\/02\/perimeter-logo-RGB.png\",\"contentUrl\":\"https:\/\/www.perimeter-solutions.com\/wp-content\/uploads\/2021\/02\/perimeter-logo-RGB.png\",\"width\":794,\"height\":138,\"caption\":\"Perimeter Solutions\"},\"image\":{\"@id\":\"https:\/\/www.perimeter-solutions.com\/es\/#\/schema\/logo\/image\/\"}}]}<\/script>\n<!-- \/ Yoast SEO Premium plugin. -->","yoast_head_json":{"title":"SOLBERG\u00ae Serie XGARD - Perimeter Solutions","description":"La gama de productos SOLBERG\u00ae XGARD\u2122 son aditivos espumantes sin fl\u00faor dise\u00f1ados para su uso en extintores port\u00e1tiles. No contienen compuestos organohalogenados. Estos aditivos hacen que los extintores l\u00edquidos sean mucho m\u00e1s eficaces que el agua corriente para hacer frente a situaciones de incendio de Clase A y B.","robots":{"index":"index","follow":"follow","max-snippet":"max-snippet:-1","max-image-preview":"max-image-preview:large","max-video-preview":"max-video-preview:-1"},"canonical":"https:\/\/www.perimeter-solutions.com\/es\/product\/solberg-serie-xgard\/","og_locale":"es_ES","og_type":"article","og_title":"SOLBERG\u00ae Serie XGARD","og_description":"La gama de productos SOLBERG\u00ae XGARD\u2122 son aditivos espumantes sin fl\u00faor dise\u00f1ados para su uso en extintores port\u00e1tiles. No contienen compuestos organohalogenados. Estos aditivos hacen que los extintores l\u00edquidos sean mucho m\u00e1s eficaces que el agua corriente para hacer frente a situaciones de incendio de Clase A y B.","og_url":"https:\/\/www.perimeter-solutions.com\/es\/product\/solberg-serie-xgard\/","og_site_name":"Perimeter Solutions","article_modified_time":"2024-08-14T22:33:48+00:00","twitter_card":"summary_large_image","twitter_misc":{"Tiempo de lectura":"2 minutos"},"schema":{"@context":"https:\/\/schema.org","@graph":[{"@type":"WebPage","@id":"https:\/\/www.perimeter-solutions.com\/es\/product\/solberg-serie-xgard\/","url":"https:\/\/www.perimeter-solutions.com\/es\/product\/solberg-serie-xgard\/","name":"SOLBERG\u00ae Serie XGARD - Perimeter Solutions","isPartOf":{"@id":"https:\/\/www.perimeter-solutions.com\/es\/#website"},"primaryImageOfPage":{"@id":"https:\/\/www.perimeter-solutions.com\/es\/product\/solberg-serie-xgard\/#primaryimage"},"image":{"@id":"https:\/\/www.perimeter-solutions.com\/es\/product\/solberg-serie-xgard\/#primaryimage"},"thumbnailUrl":"https:\/\/www.perimeter-solutions.com\/wp-content\/uploads\/2024\/06\/SOLBERG-XGARD-A4_FINAL-pdf.jpg","datePublished":"2024-06-27T15:36:57+00:00","dateModified":"2024-08-14T22:33:48+00:00","description":"La gama de productos SOLBERG\u00ae XGARD\u2122 son aditivos espumantes sin fl\u00faor dise\u00f1ados para su uso en extintores port\u00e1tiles. No contienen compuestos organohalogenados. Estos aditivos hacen que los extintores l\u00edquidos sean mucho m\u00e1s eficaces que el agua corriente para hacer frente a situaciones de incendio de Clase A y B.","breadcrumb":{"@id":"https:\/\/www.perimeter-solutions.com\/es\/product\/solberg-serie-xgard\/#breadcrumb"},"inLanguage":"es","potentialAction":[{"@type":"ReadAction","target":["https:\/\/www.perimeter-solutions.com\/es\/product\/solberg-serie-xgard\/"]}]},{"@type":"ImageObject","inLanguage":"es","@id":"https:\/\/www.perimeter-solutions.com\/es\/product\/solberg-serie-xgard\/#primaryimage","url":"https:\/\/www.perimeter-solutions.com\/wp-content\/uploads\/2024\/06\/SOLBERG-XGARD-A4_FINAL-pdf.jpg","contentUrl":"https:\/\/www.perimeter-solutions.com\/wp-content\/uploads\/2024\/06\/SOLBERG-XGARD-A4_FINAL-pdf.jpg"},{"@type":"BreadcrumbList","@id":"https:\/\/www.perimeter-solutions.com\/es\/product\/solberg-serie-xgard\/#breadcrumb","itemListElement":[{"@type":"ListItem","position":1,"name":"Cat\u00e1logo de productos","item":"https:\/\/www.perimeter-solutions.com\/es\/product-catalog\/"},{"@type":"ListItem","position":2,"name":"SOLBERG\u00ae Serie XGARD"}]},{"@type":"WebSite","@id":"https:\/\/www.perimeter-solutions.com\/es\/#website","url":"https:\/\/www.perimeter-solutions.com\/es\/","name":"Perimeter Solutions","description":"","publisher":{"@id":"https:\/\/www.perimeter-solutions.com\/es\/#organization"},"potentialAction":[{"@type":"SearchAction","target":{"@type":"EntryPoint","urlTemplate":"https:\/\/www.perimeter-solutions.com\/es\/?s={search_term_string}"},"query-input":{"@type":"PropertyValueSpecification","valueRequired":true,"valueName":"search_term_string"}}],"inLanguage":"es"},{"@type":"Organization","@id":"https:\/\/www.perimeter-solutions.com\/es\/#organization","name":"Perimeter Solutions","url":"https:\/\/www.perimeter-solutions.com\/es\/","logo":{"@type":"ImageObject","inLanguage":"es","@id":"https:\/\/www.perimeter-solutions.com\/es\/#\/schema\/logo\/image\/","url":"https:\/\/www.perimeter-solutions.com\/wp-content\/uploads\/2021\/02\/perimeter-logo-RGB.png","contentUrl":"https:\/\/www.perimeter-solutions.com\/wp-content\/uploads\/2021\/02\/perimeter-logo-RGB.png","width":794,"height":138,"caption":"Perimeter Solutions"},"image":{"@id":"https:\/\/www.perimeter-solutions.com\/es\/#\/schema\/logo\/image\/"}}]}},"_links":{"self":[{"href":"https:\/\/www.perimeter-solutions.com\/es\/wp-json\/wp\/v2\/product\/42454","targetHints":{"allow":["GET"]}}],"collection":[{"href":"https:\/\/www.perimeter-solutions.com\/es\/wp-json\/wp\/v2\/product"}],"about":[{"href":"https:\/\/www.perimeter-solutions.com\/es\/wp-json\/wp\/v2\/types\/product"}],"wp:featuredmedia":[{"embeddable":true,"href":"https:\/\/www.perimeter-solutions.com\/es\/wp-json\/wp\/v2\/media\/42457"}],"wp:attachment":[{"href":"https:\/\/www.perimeter-solutions.com\/es\/wp-json\/wp\/v2\/media?parent=42454"}],"wp:term":[{"taxonomy":"product_cat","embeddable":true,"href":"https:\/\/www.perimeter-solutions.com\/es\/wp-json\/wp\/v2\/product_cat?post=42454"},{"taxonomy":"product_tag","embeddable":true,"href":"https:\/\/www.perimeter-solutions.com\/es\/wp-json\/wp\/v2\/product_tag?post=42454"}],"curies":[{"name":"wp","href":"https:\/\/api.w.org\/{rel}","templated":true}]}}