{"id":42447,"date":"2024-06-27T11:06:35","date_gmt":"2024-06-27T15:06:35","guid":{"rendered":"https:\/\/www.perimeter-solutions.com\/product\/re-healing-tf-training-foam\/"},"modified":"2024-08-14T18:12:33","modified_gmt":"2024-08-14T22:12:33","slug":"re-healing-tf-training-foam","status":"publish","type":"product","link":"https:\/\/www.perimeter-solutions.com\/es\/product\/re-healing-tf-training-foam\/","title":{"rendered":"RE HEALING TF Training Foam"},"content":{"rendered":"<p><span style=\"color: #000000;\">La <strong>Espuma de Entrenamiento SOLBERG<sup>\u00ae<\/sup> RE-HEALING<sup>\u00ae<\/sup> TF <\/strong>de SOLBERG es un innovador espum\u00f3geno concentrado sin fluorosurfactantes ni fluoropol\u00edmeros, respetuoso con el medio ambiente, que se utiliza para extinguir eficazmente incendios de combustibles hidrocarburos de Clase B en condiciones controladas, con el fin de entrenar al personal de los servicios de emergencia en el uso de la espuma y evaluar el funcionamiento de los equipos de espuma. <strong>No est\u00e1 destinado a la gesti\u00f3n de situaciones reales de incendio<\/strong>. El espum\u00f3geno SOLBERG RE-HEALING TF se puede utilizar en una proporci\u00f3n de soluci\u00f3n al 1% o al 3% en agua dulce, salada o salobre. Los espum\u00f3genos SOLBERG RE-HEALING est\u00e1n formulados con una nueva tecnolog\u00eda de espuma sint\u00e9tica de alto rendimiento.<\/span><\/p>\n<p><span style=\"color: #000000;\"><strong>Consulta con tu experto en reglamentaci\u00f3n para conocer las restricciones y normativas aplicables en tu estado o localidad en relaci\u00f3n con la venta y distribuci\u00f3n de Espumas de Entrenamiento.<\/strong><\/span><\/p>\n<h4>Opciones disponibles<\/h4>\n","protected":false},"excerpt":{"rendered":"<p>La Espuma de Entrenamiento SOLBERG\u00ae RE-HEALING\u00ae TF de SOLBERG es un innovador espum\u00f3geno concentrado sin fluorosurfactantes ni fluoropol\u00edmeros, respetuoso con el medio ambiente, que se utiliza para extinguir eficazmente incendios [&hellip;]<\/p>\n","protected":false},"featured_media":42448,"template":"","meta":{"_acf_changed":false},"product_cat":[194],"product_tag":[242],"class_list":{"0":"post-42447","1":"product","2":"type-product","3":"status-publish","4":"has-post-thumbnail","6":"product_cat-training-foam-concentrate-es","7":"product_tag-solberg-es","9":"first","10":"instock","11":"shipping-taxable","12":"purchasable","13":"product-type-simple"},"acf":[],"yoast_head":"<!-- This site is optimized with the Yoast SEO Premium plugin v21.9 (Yoast SEO v23.5) - https:\/\/yoast.com\/wordpress\/plugins\/seo\/ -->\n<title>RE HEALING TF Training Foam - Perimeter Solutions<\/title>\n<meta name=\"description\" content=\"La Espuma de Entrenamiento SOLBERG\u00ae RE-HEALING\u00ae TF de SOLBERG es un innovador concentrado de espuma sin fluorosurfactantes ni fluoropol\u00edmeros, sostenible desde el punto de vista medioambiental, que se utiliza para extinguir eficazmente incendios de combustibles hidrocarburos de Clase B en condiciones controladas, con el fin de entrenar al personal de los servicios de emergencia en el uso de la espuma y evaluar el funcionamiento de los equipos de espuma.\" \/>\n<meta name=\"robots\" content=\"index, follow, max-snippet:-1, max-image-preview:large, max-video-preview:-1\" \/>\n<link rel=\"canonical\" href=\"https:\/\/www.perimeter-solutions.com\/es\/product\/re-healing-tf-training-foam\/\" \/>\n<meta property=\"og:locale\" content=\"es_ES\" \/>\n<meta property=\"og:type\" content=\"article\" \/>\n<meta property=\"og:title\" content=\"RE HEALING TF Training Foam\" \/>\n<meta property=\"og:description\" content=\"La Espuma de Entrenamiento SOLBERG\u00ae RE-HEALING\u00ae TF de SOLBERG es un innovador concentrado de espuma sin fluorosurfactantes ni fluoropol\u00edmeros, sostenible desde el punto de vista medioambiental, que se utiliza para extinguir eficazmente incendios de combustibles hidrocarburos de Clase B en condiciones controladas, con el fin de entrenar al personal de los servicios de emergencia en el uso de la espuma y evaluar el funcionamiento de los equipos de espuma.\" \/>\n<meta property=\"og:url\" content=\"https:\/\/www.perimeter-solutions.com\/es\/product\/re-healing-tf-training-foam\/\" \/>\n<meta property=\"og:site_name\" content=\"Perimeter Solutions\" \/>\n<meta property=\"article:modified_time\" content=\"2024-08-14T22:12:33+00:00\" \/>\n<meta name=\"twitter:card\" content=\"summary_large_image\" \/>\n<meta name=\"twitter:label1\" content=\"Tiempo de lectura\" \/>\n\t<meta name=\"twitter:data1\" content=\"1 minuto\" \/>\n<script type=\"application\/ld+json\" class=\"yoast-schema-graph\">{\"@context\":\"https:\/\/schema.org\",\"@graph\":[{\"@type\":\"WebPage\",\"@id\":\"https:\/\/www.perimeter-solutions.com\/es\/product\/re-healing-tf-training-foam\/\",\"url\":\"https:\/\/www.perimeter-solutions.com\/es\/product\/re-healing-tf-training-foam\/\",\"name\":\"RE HEALING TF Training Foam - Perimeter Solutions\",\"isPartOf\":{\"@id\":\"https:\/\/www.perimeter-solutions.com\/es\/#website\"},\"primaryImageOfPage\":{\"@id\":\"https:\/\/www.perimeter-solutions.com\/es\/product\/re-healing-tf-training-foam\/#primaryimage\"},\"image\":{\"@id\":\"https:\/\/www.perimeter-solutions.com\/es\/product\/re-healing-tf-training-foam\/#primaryimage\"},\"thumbnailUrl\":\"https:\/\/www.perimeter-solutions.com\/wp-content\/uploads\/2024\/06\/SOLBERG-Rehealing_TF_FoamConcentrate-1-pdf.jpg\",\"datePublished\":\"2024-06-27T15:06:35+00:00\",\"dateModified\":\"2024-08-14T22:12:33+00:00\",\"description\":\"La Espuma de Entrenamiento SOLBERG\u00ae RE-HEALING\u00ae TF de SOLBERG es un innovador concentrado de espuma sin fluorosurfactantes ni fluoropol\u00edmeros, sostenible desde el punto de vista medioambiental, que se utiliza para extinguir eficazmente incendios de combustibles hidrocarburos de Clase B en condiciones controladas, con el fin de entrenar al personal de los servicios de emergencia en el uso de la espuma y evaluar el funcionamiento de los equipos de espuma.\",\"breadcrumb\":{\"@id\":\"https:\/\/www.perimeter-solutions.com\/es\/product\/re-healing-tf-training-foam\/#breadcrumb\"},\"inLanguage\":\"es\",\"potentialAction\":[{\"@type\":\"ReadAction\",\"target\":[\"https:\/\/www.perimeter-solutions.com\/es\/product\/re-healing-tf-training-foam\/\"]}]},{\"@type\":\"ImageObject\",\"inLanguage\":\"es\",\"@id\":\"https:\/\/www.perimeter-solutions.com\/es\/product\/re-healing-tf-training-foam\/#primaryimage\",\"url\":\"https:\/\/www.perimeter-solutions.com\/wp-content\/uploads\/2024\/06\/SOLBERG-Rehealing_TF_FoamConcentrate-1-pdf.jpg\",\"contentUrl\":\"https:\/\/www.perimeter-solutions.com\/wp-content\/uploads\/2024\/06\/SOLBERG-Rehealing_TF_FoamConcentrate-1-pdf.jpg\"},{\"@type\":\"BreadcrumbList\",\"@id\":\"https:\/\/www.perimeter-solutions.com\/es\/product\/re-healing-tf-training-foam\/#breadcrumb\",\"itemListElement\":[{\"@type\":\"ListItem\",\"position\":1,\"name\":\"Cat\u00e1logo de productos\",\"item\":\"https:\/\/www.perimeter-solutions.com\/es\/product-catalog\/\"},{\"@type\":\"ListItem\",\"position\":2,\"name\":\"RE HEALING TF Training Foam\"}]},{\"@type\":\"WebSite\",\"@id\":\"https:\/\/www.perimeter-solutions.com\/es\/#website\",\"url\":\"https:\/\/www.perimeter-solutions.com\/es\/\",\"name\":\"Perimeter Solutions\",\"description\":\"\",\"publisher\":{\"@id\":\"https:\/\/www.perimeter-solutions.com\/es\/#organization\"},\"potentialAction\":[{\"@type\":\"SearchAction\",\"target\":{\"@type\":\"EntryPoint\",\"urlTemplate\":\"https:\/\/www.perimeter-solutions.com\/es\/?s={search_term_string}\"},\"query-input\":{\"@type\":\"PropertyValueSpecification\",\"valueRequired\":true,\"valueName\":\"search_term_string\"}}],\"inLanguage\":\"es\"},{\"@type\":\"Organization\",\"@id\":\"https:\/\/www.perimeter-solutions.com\/es\/#organization\",\"name\":\"Perimeter Solutions\",\"url\":\"https:\/\/www.perimeter-solutions.com\/es\/\",\"logo\":{\"@type\":\"ImageObject\",\"inLanguage\":\"es\",\"@id\":\"https:\/\/www.perimeter-solutions.com\/es\/#\/schema\/logo\/image\/\",\"url\":\"https:\/\/www.perimeter-solutions.com\/wp-content\/uploads\/2021\/02\/perimeter-logo-RGB.png\",\"contentUrl\":\"https:\/\/www.perimeter-solutions.com\/wp-content\/uploads\/2021\/02\/perimeter-logo-RGB.png\",\"width\":794,\"height\":138,\"caption\":\"Perimeter Solutions\"},\"image\":{\"@id\":\"https:\/\/www.perimeter-solutions.com\/es\/#\/schema\/logo\/image\/\"}}]}<\/script>\n<!-- \/ Yoast SEO Premium plugin. -->","yoast_head_json":{"title":"RE HEALING TF Training Foam - Perimeter Solutions","description":"La Espuma de Entrenamiento SOLBERG\u00ae RE-HEALING\u00ae TF de SOLBERG es un innovador concentrado de espuma sin fluorosurfactantes ni fluoropol\u00edmeros, sostenible desde el punto de vista medioambiental, que se utiliza para extinguir eficazmente incendios de combustibles hidrocarburos de Clase B en condiciones controladas, con el fin de entrenar al personal de los servicios de emergencia en el uso de la espuma y evaluar el funcionamiento de los equipos de espuma.","robots":{"index":"index","follow":"follow","max-snippet":"max-snippet:-1","max-image-preview":"max-image-preview:large","max-video-preview":"max-video-preview:-1"},"canonical":"https:\/\/www.perimeter-solutions.com\/es\/product\/re-healing-tf-training-foam\/","og_locale":"es_ES","og_type":"article","og_title":"RE HEALING TF Training Foam","og_description":"La Espuma de Entrenamiento SOLBERG\u00ae RE-HEALING\u00ae TF de SOLBERG es un innovador concentrado de espuma sin fluorosurfactantes ni fluoropol\u00edmeros, sostenible desde el punto de vista medioambiental, que se utiliza para extinguir eficazmente incendios de combustibles hidrocarburos de Clase B en condiciones controladas, con el fin de entrenar al personal de los servicios de emergencia en el uso de la espuma y evaluar el funcionamiento de los equipos de espuma.","og_url":"https:\/\/www.perimeter-solutions.com\/es\/product\/re-healing-tf-training-foam\/","og_site_name":"Perimeter Solutions","article_modified_time":"2024-08-14T22:12:33+00:00","twitter_card":"summary_large_image","twitter_misc":{"Tiempo de lectura":"1 minuto"},"schema":{"@context":"https:\/\/schema.org","@graph":[{"@type":"WebPage","@id":"https:\/\/www.perimeter-solutions.com\/es\/product\/re-healing-tf-training-foam\/","url":"https:\/\/www.perimeter-solutions.com\/es\/product\/re-healing-tf-training-foam\/","name":"RE HEALING TF Training Foam - Perimeter Solutions","isPartOf":{"@id":"https:\/\/www.perimeter-solutions.com\/es\/#website"},"primaryImageOfPage":{"@id":"https:\/\/www.perimeter-solutions.com\/es\/product\/re-healing-tf-training-foam\/#primaryimage"},"image":{"@id":"https:\/\/www.perimeter-solutions.com\/es\/product\/re-healing-tf-training-foam\/#primaryimage"},"thumbnailUrl":"https:\/\/www.perimeter-solutions.com\/wp-content\/uploads\/2024\/06\/SOLBERG-Rehealing_TF_FoamConcentrate-1-pdf.jpg","datePublished":"2024-06-27T15:06:35+00:00","dateModified":"2024-08-14T22:12:33+00:00","description":"La Espuma de Entrenamiento SOLBERG\u00ae RE-HEALING\u00ae TF de SOLBERG es un innovador concentrado de espuma sin fluorosurfactantes ni fluoropol\u00edmeros, sostenible desde el punto de vista medioambiental, que se utiliza para extinguir eficazmente incendios de combustibles hidrocarburos de Clase B en condiciones controladas, con el fin de entrenar al personal de los servicios de emergencia en el uso de la espuma y evaluar el funcionamiento de los equipos de espuma.","breadcrumb":{"@id":"https:\/\/www.perimeter-solutions.com\/es\/product\/re-healing-tf-training-foam\/#breadcrumb"},"inLanguage":"es","potentialAction":[{"@type":"ReadAction","target":["https:\/\/www.perimeter-solutions.com\/es\/product\/re-healing-tf-training-foam\/"]}]},{"@type":"ImageObject","inLanguage":"es","@id":"https:\/\/www.perimeter-solutions.com\/es\/product\/re-healing-tf-training-foam\/#primaryimage","url":"https:\/\/www.perimeter-solutions.com\/wp-content\/uploads\/2024\/06\/SOLBERG-Rehealing_TF_FoamConcentrate-1-pdf.jpg","contentUrl":"https:\/\/www.perimeter-solutions.com\/wp-content\/uploads\/2024\/06\/SOLBERG-Rehealing_TF_FoamConcentrate-1-pdf.jpg"},{"@type":"BreadcrumbList","@id":"https:\/\/www.perimeter-solutions.com\/es\/product\/re-healing-tf-training-foam\/#breadcrumb","itemListElement":[{"@type":"ListItem","position":1,"name":"Cat\u00e1logo de productos","item":"https:\/\/www.perimeter-solutions.com\/es\/product-catalog\/"},{"@type":"ListItem","position":2,"name":"RE HEALING TF Training Foam"}]},{"@type":"WebSite","@id":"https:\/\/www.perimeter-solutions.com\/es\/#website","url":"https:\/\/www.perimeter-solutions.com\/es\/","name":"Perimeter Solutions","description":"","publisher":{"@id":"https:\/\/www.perimeter-solutions.com\/es\/#organization"},"potentialAction":[{"@type":"SearchAction","target":{"@type":"EntryPoint","urlTemplate":"https:\/\/www.perimeter-solutions.com\/es\/?s={search_term_string}"},"query-input":{"@type":"PropertyValueSpecification","valueRequired":true,"valueName":"search_term_string"}}],"inLanguage":"es"},{"@type":"Organization","@id":"https:\/\/www.perimeter-solutions.com\/es\/#organization","name":"Perimeter Solutions","url":"https:\/\/www.perimeter-solutions.com\/es\/","logo":{"@type":"ImageObject","inLanguage":"es","@id":"https:\/\/www.perimeter-solutions.com\/es\/#\/schema\/logo\/image\/","url":"https:\/\/www.perimeter-solutions.com\/wp-content\/uploads\/2021\/02\/perimeter-logo-RGB.png","contentUrl":"https:\/\/www.perimeter-solutions.com\/wp-content\/uploads\/2021\/02\/perimeter-logo-RGB.png","width":794,"height":138,"caption":"Perimeter Solutions"},"image":{"@id":"https:\/\/www.perimeter-solutions.com\/es\/#\/schema\/logo\/image\/"}}]}},"_links":{"self":[{"href":"https:\/\/www.perimeter-solutions.com\/es\/wp-json\/wp\/v2\/product\/42447","targetHints":{"allow":["GET"]}}],"collection":[{"href":"https:\/\/www.perimeter-solutions.com\/es\/wp-json\/wp\/v2\/product"}],"about":[{"href":"https:\/\/www.perimeter-solutions.com\/es\/wp-json\/wp\/v2\/types\/product"}],"wp:featuredmedia":[{"embeddable":true,"href":"https:\/\/www.perimeter-solutions.com\/es\/wp-json\/wp\/v2\/media\/42448"}],"wp:attachment":[{"href":"https:\/\/www.perimeter-solutions.com\/es\/wp-json\/wp\/v2\/media?parent=42447"}],"wp:term":[{"taxonomy":"product_cat","embeddable":true,"href":"https:\/\/www.perimeter-solutions.com\/es\/wp-json\/wp\/v2\/product_cat?post=42447"},{"taxonomy":"product_tag","embeddable":true,"href":"https:\/\/www.perimeter-solutions.com\/es\/wp-json\/wp\/v2\/product_tag?post=42447"}],"curies":[{"name":"wp","href":"https:\/\/api.w.org\/{rel}","templated":true}]}}