{"id":42443,"date":"2024-06-27T10:39:29","date_gmt":"2024-06-27T14:39:29","guid":{"rendered":"https:\/\/www.perimeter-solutions.com\/product\/auxquimia-tf-136-espuma-de-entrenamiento\/"},"modified":"2024-08-16T11:43:05","modified_gmt":"2024-08-16T15:43:05","slug":"auxquimia-tf-136-espuma-de-entrenamiento","status":"publish","type":"product","link":"https:\/\/www.perimeter-solutions.com\/es\/product\/auxquimia-tf-136-espuma-de-entrenamiento\/","title":{"rendered":"AUXQUIMIA<sup>\u00ae<\/sup> TF-136 ESPUMA DE ENTRENAMIENTO"},"content":{"rendered":"<p><span style=\"color: #000000;\"><strong>AUXQUIMIA<sup>\u00ae<\/sup> TF-136<\/strong> es un concentrado de espuma sint\u00e9tica formulado para entrenamiento y exhibici\u00f3n. Est\u00e1 dise\u00f1ado para simular el uso de concentrados de espuma pseudopl\u00e1sticos convencionales al 1%, 3% o 6%, evitando el uso de productos fluorosurfactantes. AUXQUIMIA TF-136 est\u00e1 formulado con tensioactivos sint\u00e9ticos, es f\u00e1cilmente biodegradable y tiene un impacto medioambiental excepcionalmente bajo. No contiene fluoroqu\u00edmicos.<\/span><\/p>\n<p><span style=\"color: #000000;\">Las espumas de entrenamiento AUXQUIMIA se utilizan con equipos dosificadores y dispositivos de espuma est\u00e1ndar.<br \/>\nAUXQUIMIA TF-136 puede utilizarse para formar a bomberos y para probar, verificar y demostrar equipos de espuma. Es el producto ideal para centros de entrenamiento contra incendios.<\/span><\/p>\n<p><span style=\"color: #000000;\">AUXQUIMIA TF-136 es un concentrado con capacidad de extinci\u00f3n en fuegos de clase A y B (hidrocarburos), pero su resistencia a la reignici\u00f3n se ha reducido, lo que permite realizar pruebas sucesivas en la misma piscina de fuego.<\/span><\/p>\n<p><span style=\"color: #000000;\"><strong>Consulta con tu experto en reglamentaci\u00f3n para conocer las restricciones y normativas aplicables en tu estado o localidad en relaci\u00f3n con la venta y distribuci\u00f3n de Espumas de Entrenamiento.<\/strong><\/span><\/p>\n<h4>Opciones disponibles<\/h4>\n","protected":false},"excerpt":{"rendered":"<p>AUXQUIMIA\u00ae TF-136 es un concentrado de espuma sint\u00e9tica formulado para entrenamiento y exhibici\u00f3n. Est\u00e1 dise\u00f1ado para simular el uso de concentrados de espuma pseudopl\u00e1sticos convencionales al 1%, 3% o 6%, [&hellip;]<\/p>\n","protected":false},"featured_media":42445,"template":"","meta":{"_acf_changed":false},"product_cat":[194],"product_tag":[214],"class_list":{"0":"post-42443","1":"product","2":"type-product","3":"status-publish","4":"has-post-thumbnail","6":"product_cat-training-foam-concentrate-es","7":"product_tag-auxquimia-es","9":"first","10":"instock","11":"shipping-taxable","12":"purchasable","13":"product-type-simple"},"acf":[],"yoast_head":"<!-- This site is optimized with the Yoast SEO Premium plugin v21.9 (Yoast SEO v23.5) - https:\/\/yoast.com\/wordpress\/plugins\/seo\/ -->\n<title>AUXQUIMIA\u00ae TF-136 ESPUMA DE ENTRENAMIENTO - Perimeter Solutions<\/title>\n<meta name=\"description\" content=\"AUXQUIMIA TF-136 es un concentrado de espuma sint\u00e9tica formulado para entrenamiento y exhibici\u00f3n. Est\u00e1 dise\u00f1ado para simular el uso de concentrados de espuma pseudopl\u00e1sticos convencionales al 1%, 3% o 6%, evitando el uso de productos fluorosurfactantes.\" \/>\n<meta name=\"robots\" content=\"index, follow, max-snippet:-1, max-image-preview:large, max-video-preview:-1\" \/>\n<link rel=\"canonical\" href=\"https:\/\/www.perimeter-solutions.com\/es\/product\/auxquimia-tf-136-espuma-de-entrenamiento\/\" \/>\n<meta property=\"og:locale\" content=\"es_ES\" \/>\n<meta property=\"og:type\" content=\"article\" \/>\n<meta property=\"og:title\" content=\"AUXQUIMIA\u00ae TF-136 ESPUMA DE ENTRENAMIENTO\" \/>\n<meta property=\"og:description\" content=\"AUXQUIMIA TF-136 es un concentrado de espuma sint\u00e9tica formulado para entrenamiento y exhibici\u00f3n. Est\u00e1 dise\u00f1ado para simular el uso de concentrados de espuma pseudopl\u00e1sticos convencionales al 1%, 3% o 6%, evitando el uso de productos fluorosurfactantes.\" \/>\n<meta property=\"og:url\" content=\"https:\/\/www.perimeter-solutions.com\/es\/product\/auxquimia-tf-136-espuma-de-entrenamiento\/\" \/>\n<meta property=\"og:site_name\" content=\"Perimeter Solutions\" \/>\n<meta property=\"article:modified_time\" content=\"2024-08-16T15:43:05+00:00\" \/>\n<meta property=\"og:image\" content=\"https:\/\/www.perimeter-solutions.com\/wp-content\/uploads\/2024\/06\/TF-136-Eng-A4_Page_1.jpg\" \/>\n\t<meta property=\"og:image:width\" content=\"1241\" \/>\n\t<meta property=\"og:image:height\" content=\"1754\" \/>\n\t<meta property=\"og:image:type\" content=\"image\/jpeg\" \/>\n<meta name=\"twitter:card\" content=\"summary_large_image\" \/>\n<meta name=\"twitter:label1\" content=\"Tiempo de lectura\" \/>\n\t<meta name=\"twitter:data1\" content=\"1 minuto\" \/>\n<script type=\"application\/ld+json\" class=\"yoast-schema-graph\">{\"@context\":\"https:\/\/schema.org\",\"@graph\":[{\"@type\":\"WebPage\",\"@id\":\"https:\/\/www.perimeter-solutions.com\/es\/product\/auxquimia-tf-136-espuma-de-entrenamiento\/\",\"url\":\"https:\/\/www.perimeter-solutions.com\/es\/product\/auxquimia-tf-136-espuma-de-entrenamiento\/\",\"name\":\"AUXQUIMIA\u00ae TF-136 ESPUMA DE ENTRENAMIENTO - Perimeter Solutions\",\"isPartOf\":{\"@id\":\"https:\/\/www.perimeter-solutions.com\/es\/#website\"},\"primaryImageOfPage\":{\"@id\":\"https:\/\/www.perimeter-solutions.com\/es\/product\/auxquimia-tf-136-espuma-de-entrenamiento\/#primaryimage\"},\"image\":{\"@id\":\"https:\/\/www.perimeter-solutions.com\/es\/product\/auxquimia-tf-136-espuma-de-entrenamiento\/#primaryimage\"},\"thumbnailUrl\":\"https:\/\/www.perimeter-solutions.com\/wp-content\/uploads\/2024\/06\/TF-136-Eng-A4_Page_1.jpg\",\"datePublished\":\"2024-06-27T14:39:29+00:00\",\"dateModified\":\"2024-08-16T15:43:05+00:00\",\"description\":\"AUXQUIMIA TF-136 es un concentrado de espuma sint\u00e9tica formulado para entrenamiento y exhibici\u00f3n. Est\u00e1 dise\u00f1ado para simular el uso de concentrados de espuma pseudopl\u00e1sticos convencionales al 1%, 3% o 6%, evitando el uso de productos fluorosurfactantes.\",\"breadcrumb\":{\"@id\":\"https:\/\/www.perimeter-solutions.com\/es\/product\/auxquimia-tf-136-espuma-de-entrenamiento\/#breadcrumb\"},\"inLanguage\":\"es\",\"potentialAction\":[{\"@type\":\"ReadAction\",\"target\":[\"https:\/\/www.perimeter-solutions.com\/es\/product\/auxquimia-tf-136-espuma-de-entrenamiento\/\"]}]},{\"@type\":\"ImageObject\",\"inLanguage\":\"es\",\"@id\":\"https:\/\/www.perimeter-solutions.com\/es\/product\/auxquimia-tf-136-espuma-de-entrenamiento\/#primaryimage\",\"url\":\"https:\/\/www.perimeter-solutions.com\/wp-content\/uploads\/2024\/06\/TF-136-Eng-A4_Page_1.jpg\",\"contentUrl\":\"https:\/\/www.perimeter-solutions.com\/wp-content\/uploads\/2024\/06\/TF-136-Eng-A4_Page_1.jpg\",\"width\":1241,\"height\":1754},{\"@type\":\"BreadcrumbList\",\"@id\":\"https:\/\/www.perimeter-solutions.com\/es\/product\/auxquimia-tf-136-espuma-de-entrenamiento\/#breadcrumb\",\"itemListElement\":[{\"@type\":\"ListItem\",\"position\":1,\"name\":\"Cat\u00e1logo de productos\",\"item\":\"https:\/\/www.perimeter-solutions.com\/es\/product-catalog\/\"},{\"@type\":\"ListItem\",\"position\":2,\"name\":\"AUXQUIMIA\u00ae TF-136 ESPUMA DE ENTRENAMIENTO\"}]},{\"@type\":\"WebSite\",\"@id\":\"https:\/\/www.perimeter-solutions.com\/es\/#website\",\"url\":\"https:\/\/www.perimeter-solutions.com\/es\/\",\"name\":\"Perimeter Solutions\",\"description\":\"\",\"publisher\":{\"@id\":\"https:\/\/www.perimeter-solutions.com\/es\/#organization\"},\"potentialAction\":[{\"@type\":\"SearchAction\",\"target\":{\"@type\":\"EntryPoint\",\"urlTemplate\":\"https:\/\/www.perimeter-solutions.com\/es\/?s={search_term_string}\"},\"query-input\":{\"@type\":\"PropertyValueSpecification\",\"valueRequired\":true,\"valueName\":\"search_term_string\"}}],\"inLanguage\":\"es\"},{\"@type\":\"Organization\",\"@id\":\"https:\/\/www.perimeter-solutions.com\/es\/#organization\",\"name\":\"Perimeter Solutions\",\"url\":\"https:\/\/www.perimeter-solutions.com\/es\/\",\"logo\":{\"@type\":\"ImageObject\",\"inLanguage\":\"es\",\"@id\":\"https:\/\/www.perimeter-solutions.com\/es\/#\/schema\/logo\/image\/\",\"url\":\"https:\/\/www.perimeter-solutions.com\/wp-content\/uploads\/2021\/02\/perimeter-logo-RGB.png\",\"contentUrl\":\"https:\/\/www.perimeter-solutions.com\/wp-content\/uploads\/2021\/02\/perimeter-logo-RGB.png\",\"width\":794,\"height\":138,\"caption\":\"Perimeter Solutions\"},\"image\":{\"@id\":\"https:\/\/www.perimeter-solutions.com\/es\/#\/schema\/logo\/image\/\"}}]}<\/script>\n<!-- \/ Yoast SEO Premium plugin. -->","yoast_head_json":{"title":"AUXQUIMIA\u00ae TF-136 ESPUMA DE ENTRENAMIENTO - Perimeter Solutions","description":"AUXQUIMIA TF-136 es un concentrado de espuma sint\u00e9tica formulado para entrenamiento y exhibici\u00f3n. Est\u00e1 dise\u00f1ado para simular el uso de concentrados de espuma pseudopl\u00e1sticos convencionales al 1%, 3% o 6%, evitando el uso de productos fluorosurfactantes.","robots":{"index":"index","follow":"follow","max-snippet":"max-snippet:-1","max-image-preview":"max-image-preview:large","max-video-preview":"max-video-preview:-1"},"canonical":"https:\/\/www.perimeter-solutions.com\/es\/product\/auxquimia-tf-136-espuma-de-entrenamiento\/","og_locale":"es_ES","og_type":"article","og_title":"AUXQUIMIA\u00ae TF-136 ESPUMA DE ENTRENAMIENTO","og_description":"AUXQUIMIA TF-136 es un concentrado de espuma sint\u00e9tica formulado para entrenamiento y exhibici\u00f3n. Est\u00e1 dise\u00f1ado para simular el uso de concentrados de espuma pseudopl\u00e1sticos convencionales al 1%, 3% o 6%, evitando el uso de productos fluorosurfactantes.","og_url":"https:\/\/www.perimeter-solutions.com\/es\/product\/auxquimia-tf-136-espuma-de-entrenamiento\/","og_site_name":"Perimeter Solutions","article_modified_time":"2024-08-16T15:43:05+00:00","og_image":[{"width":1241,"height":1754,"url":"https:\/\/www.perimeter-solutions.com\/wp-content\/uploads\/2024\/06\/TF-136-Eng-A4_Page_1.jpg","type":"image\/jpeg"}],"twitter_card":"summary_large_image","twitter_misc":{"Tiempo de lectura":"1 minuto"},"schema":{"@context":"https:\/\/schema.org","@graph":[{"@type":"WebPage","@id":"https:\/\/www.perimeter-solutions.com\/es\/product\/auxquimia-tf-136-espuma-de-entrenamiento\/","url":"https:\/\/www.perimeter-solutions.com\/es\/product\/auxquimia-tf-136-espuma-de-entrenamiento\/","name":"AUXQUIMIA\u00ae TF-136 ESPUMA DE ENTRENAMIENTO - Perimeter Solutions","isPartOf":{"@id":"https:\/\/www.perimeter-solutions.com\/es\/#website"},"primaryImageOfPage":{"@id":"https:\/\/www.perimeter-solutions.com\/es\/product\/auxquimia-tf-136-espuma-de-entrenamiento\/#primaryimage"},"image":{"@id":"https:\/\/www.perimeter-solutions.com\/es\/product\/auxquimia-tf-136-espuma-de-entrenamiento\/#primaryimage"},"thumbnailUrl":"https:\/\/www.perimeter-solutions.com\/wp-content\/uploads\/2024\/06\/TF-136-Eng-A4_Page_1.jpg","datePublished":"2024-06-27T14:39:29+00:00","dateModified":"2024-08-16T15:43:05+00:00","description":"AUXQUIMIA TF-136 es un concentrado de espuma sint\u00e9tica formulado para entrenamiento y exhibici\u00f3n. Est\u00e1 dise\u00f1ado para simular el uso de concentrados de espuma pseudopl\u00e1sticos convencionales al 1%, 3% o 6%, evitando el uso de productos fluorosurfactantes.","breadcrumb":{"@id":"https:\/\/www.perimeter-solutions.com\/es\/product\/auxquimia-tf-136-espuma-de-entrenamiento\/#breadcrumb"},"inLanguage":"es","potentialAction":[{"@type":"ReadAction","target":["https:\/\/www.perimeter-solutions.com\/es\/product\/auxquimia-tf-136-espuma-de-entrenamiento\/"]}]},{"@type":"ImageObject","inLanguage":"es","@id":"https:\/\/www.perimeter-solutions.com\/es\/product\/auxquimia-tf-136-espuma-de-entrenamiento\/#primaryimage","url":"https:\/\/www.perimeter-solutions.com\/wp-content\/uploads\/2024\/06\/TF-136-Eng-A4_Page_1.jpg","contentUrl":"https:\/\/www.perimeter-solutions.com\/wp-content\/uploads\/2024\/06\/TF-136-Eng-A4_Page_1.jpg","width":1241,"height":1754},{"@type":"BreadcrumbList","@id":"https:\/\/www.perimeter-solutions.com\/es\/product\/auxquimia-tf-136-espuma-de-entrenamiento\/#breadcrumb","itemListElement":[{"@type":"ListItem","position":1,"name":"Cat\u00e1logo de productos","item":"https:\/\/www.perimeter-solutions.com\/es\/product-catalog\/"},{"@type":"ListItem","position":2,"name":"AUXQUIMIA\u00ae TF-136 ESPUMA DE ENTRENAMIENTO"}]},{"@type":"WebSite","@id":"https:\/\/www.perimeter-solutions.com\/es\/#website","url":"https:\/\/www.perimeter-solutions.com\/es\/","name":"Perimeter Solutions","description":"","publisher":{"@id":"https:\/\/www.perimeter-solutions.com\/es\/#organization"},"potentialAction":[{"@type":"SearchAction","target":{"@type":"EntryPoint","urlTemplate":"https:\/\/www.perimeter-solutions.com\/es\/?s={search_term_string}"},"query-input":{"@type":"PropertyValueSpecification","valueRequired":true,"valueName":"search_term_string"}}],"inLanguage":"es"},{"@type":"Organization","@id":"https:\/\/www.perimeter-solutions.com\/es\/#organization","name":"Perimeter Solutions","url":"https:\/\/www.perimeter-solutions.com\/es\/","logo":{"@type":"ImageObject","inLanguage":"es","@id":"https:\/\/www.perimeter-solutions.com\/es\/#\/schema\/logo\/image\/","url":"https:\/\/www.perimeter-solutions.com\/wp-content\/uploads\/2021\/02\/perimeter-logo-RGB.png","contentUrl":"https:\/\/www.perimeter-solutions.com\/wp-content\/uploads\/2021\/02\/perimeter-logo-RGB.png","width":794,"height":138,"caption":"Perimeter Solutions"},"image":{"@id":"https:\/\/www.perimeter-solutions.com\/es\/#\/schema\/logo\/image\/"}}]}},"_links":{"self":[{"href":"https:\/\/www.perimeter-solutions.com\/es\/wp-json\/wp\/v2\/product\/42443","targetHints":{"allow":["GET"]}}],"collection":[{"href":"https:\/\/www.perimeter-solutions.com\/es\/wp-json\/wp\/v2\/product"}],"about":[{"href":"https:\/\/www.perimeter-solutions.com\/es\/wp-json\/wp\/v2\/types\/product"}],"wp:featuredmedia":[{"embeddable":true,"href":"https:\/\/www.perimeter-solutions.com\/es\/wp-json\/wp\/v2\/media\/42445"}],"wp:attachment":[{"href":"https:\/\/www.perimeter-solutions.com\/es\/wp-json\/wp\/v2\/media?parent=42443"}],"wp:term":[{"taxonomy":"product_cat","embeddable":true,"href":"https:\/\/www.perimeter-solutions.com\/es\/wp-json\/wp\/v2\/product_cat?post=42443"},{"taxonomy":"product_tag","embeddable":true,"href":"https:\/\/www.perimeter-solutions.com\/es\/wp-json\/wp\/v2\/product_tag?post=42443"}],"curies":[{"name":"wp","href":"https:\/\/api.w.org\/{rel}","templated":true}]}}