{"id":42434,"date":"2024-06-27T10:26:38","date_gmt":"2024-06-27T14:26:38","guid":{"rendered":"https:\/\/www.perimeter-solutions.com\/product\/auxquimia-ee-3-training-foam\/"},"modified":"2024-08-14T18:18:02","modified_gmt":"2024-08-14T22:18:02","slug":"auxquimia-ee-3-training-foam","status":"publish","type":"product","link":"https:\/\/www.perimeter-solutions.com\/es\/product\/auxquimia-ee-3-training-foam\/","title":{"rendered":"AUXQUIMIA EE-3 TRAINING FOAM"},"content":{"rendered":"<p><span style=\"color: #000000;\">El concentrado <strong>AUXQUIMIA EE-3% TRAINING FOAM<\/strong> es una espuma de entrenamiento sint\u00e9tica libre de organohal\u00f3genos, fabricada con tensioactivos biodegradables, que simula espumas que se utilizan en incendios de combustibles de hidrocarburos, como las espumas formadoras de pel\u00edcula acuosa (AFFF).<\/span><\/p>\n<p><span style=\"color: #000000;\">AUXQUIMIA EE-3% TRAINING FOAM es compatible con el equipo dosificador est\u00e1ndar proporcionado al 3% y se puede aplicar con fines de formaci\u00f3n a trav\u00e9s de la mayor\u00eda de los dispositivos de descarga. El producto tiene capacidad de extinci\u00f3n en fuegos de tipo Clase A y B (hidrocarburos) y ha sido especialmente formulado con una resistencia reducida a la combusti\u00f3n para permitir pruebas de fuego sucesivas en el mismo fuego de combustible.<\/span><\/p>\n<p><span style=\"color: #000000;\"><strong>Consulta con tu experto en reglamentaci\u00f3n para conocer las restricciones y normativas aplicables en tu estado o localidad en relaci\u00f3n con la venta y distribuci\u00f3n de Espumas de Entrenamiento.<\/strong><\/span><\/p>\n<h4>Opciones disponibles<\/h4>\n","protected":false},"excerpt":{"rendered":"<p>El concentrado AUXQUIMIA EE-3% TRAINING FOAM es una espuma de entrenamiento sint\u00e9tica libre de organohal\u00f3genos, fabricada con tensioactivos biodegradables, que simula espumas que se utilizan en incendios de combustibles de [&hellip;]<\/p>\n","protected":false},"featured_media":42436,"template":"","meta":{"_acf_changed":false},"product_cat":[194],"product_tag":[214],"class_list":{"0":"post-42434","1":"product","2":"type-product","3":"status-publish","4":"has-post-thumbnail","6":"product_cat-training-foam-concentrate-es","7":"product_tag-auxquimia-es","9":"first","10":"instock","11":"shipping-taxable","12":"purchasable","13":"product-type-simple"},"acf":[],"yoast_head":"<!-- This site is optimized with the Yoast SEO Premium plugin v21.9 (Yoast SEO v23.5) - https:\/\/yoast.com\/wordpress\/plugins\/seo\/ -->\n<title>AUXQUIMIA EE-3 TRAINING FOAM - Perimeter Solutions<\/title>\n<meta name=\"description\" content=\"El concentrado AUXQUIMIA EE-3% TRAINING FOAM es una espuma de entrenamiento sint\u00e9tica libre de organohal\u00f3genos, fabricada con tensioactivos biodegradables, que simula espumas que se utilizan en incendios de combustibles de hidrocarburos, como las espumas formadoras de pel\u00edcula acuosa (AFFF).\" \/>\n<meta name=\"robots\" content=\"index, follow, max-snippet:-1, max-image-preview:large, max-video-preview:-1\" \/>\n<link rel=\"canonical\" href=\"https:\/\/www.perimeter-solutions.com\/es\/product\/auxquimia-ee-3-training-foam\/\" \/>\n<meta property=\"og:locale\" content=\"es_ES\" \/>\n<meta property=\"og:type\" content=\"article\" \/>\n<meta property=\"og:title\" content=\"AUXQUIMIA EE-3 TRAINING FOAM\" \/>\n<meta property=\"og:description\" content=\"El concentrado AUXQUIMIA EE-3% TRAINING FOAM es una espuma de entrenamiento sint\u00e9tica libre de organohal\u00f3genos, fabricada con tensioactivos biodegradables, que simula espumas que se utilizan en incendios de combustibles de hidrocarburos, como las espumas formadoras de pel\u00edcula acuosa (AFFF).\" \/>\n<meta property=\"og:url\" content=\"https:\/\/www.perimeter-solutions.com\/es\/product\/auxquimia-ee-3-training-foam\/\" \/>\n<meta property=\"og:site_name\" content=\"Perimeter Solutions\" \/>\n<meta property=\"article:modified_time\" content=\"2024-08-14T22:18:02+00:00\" \/>\n<meta property=\"og:image\" content=\"https:\/\/www.perimeter-solutions.com\/wp-content\/uploads\/2024\/06\/EE-3-Eng-A4_Page_1.jpg\" \/>\n\t<meta property=\"og:image:width\" content=\"1241\" \/>\n\t<meta property=\"og:image:height\" content=\"1754\" \/>\n\t<meta property=\"og:image:type\" content=\"image\/jpeg\" \/>\n<meta name=\"twitter:card\" content=\"summary_large_image\" \/>\n<meta name=\"twitter:label1\" content=\"Tiempo de lectura\" \/>\n\t<meta name=\"twitter:data1\" content=\"1 minuto\" \/>\n<script type=\"application\/ld+json\" class=\"yoast-schema-graph\">{\"@context\":\"https:\/\/schema.org\",\"@graph\":[{\"@type\":\"WebPage\",\"@id\":\"https:\/\/www.perimeter-solutions.com\/es\/product\/auxquimia-ee-3-training-foam\/\",\"url\":\"https:\/\/www.perimeter-solutions.com\/es\/product\/auxquimia-ee-3-training-foam\/\",\"name\":\"AUXQUIMIA EE-3 TRAINING FOAM - Perimeter Solutions\",\"isPartOf\":{\"@id\":\"https:\/\/www.perimeter-solutions.com\/es\/#website\"},\"primaryImageOfPage\":{\"@id\":\"https:\/\/www.perimeter-solutions.com\/es\/product\/auxquimia-ee-3-training-foam\/#primaryimage\"},\"image\":{\"@id\":\"https:\/\/www.perimeter-solutions.com\/es\/product\/auxquimia-ee-3-training-foam\/#primaryimage\"},\"thumbnailUrl\":\"https:\/\/www.perimeter-solutions.com\/wp-content\/uploads\/2024\/06\/EE-3-Eng-A4_Page_1.jpg\",\"datePublished\":\"2024-06-27T14:26:38+00:00\",\"dateModified\":\"2024-08-14T22:18:02+00:00\",\"description\":\"El concentrado AUXQUIMIA EE-3% TRAINING FOAM es una espuma de entrenamiento sint\u00e9tica libre de organohal\u00f3genos, fabricada con tensioactivos biodegradables, que simula espumas que se utilizan en incendios de combustibles de hidrocarburos, como las espumas formadoras de pel\u00edcula acuosa (AFFF).\",\"breadcrumb\":{\"@id\":\"https:\/\/www.perimeter-solutions.com\/es\/product\/auxquimia-ee-3-training-foam\/#breadcrumb\"},\"inLanguage\":\"es\",\"potentialAction\":[{\"@type\":\"ReadAction\",\"target\":[\"https:\/\/www.perimeter-solutions.com\/es\/product\/auxquimia-ee-3-training-foam\/\"]}]},{\"@type\":\"ImageObject\",\"inLanguage\":\"es\",\"@id\":\"https:\/\/www.perimeter-solutions.com\/es\/product\/auxquimia-ee-3-training-foam\/#primaryimage\",\"url\":\"https:\/\/www.perimeter-solutions.com\/wp-content\/uploads\/2024\/06\/EE-3-Eng-A4_Page_1.jpg\",\"contentUrl\":\"https:\/\/www.perimeter-solutions.com\/wp-content\/uploads\/2024\/06\/EE-3-Eng-A4_Page_1.jpg\",\"width\":1241,\"height\":1754},{\"@type\":\"BreadcrumbList\",\"@id\":\"https:\/\/www.perimeter-solutions.com\/es\/product\/auxquimia-ee-3-training-foam\/#breadcrumb\",\"itemListElement\":[{\"@type\":\"ListItem\",\"position\":1,\"name\":\"Cat\u00e1logo de productos\",\"item\":\"https:\/\/www.perimeter-solutions.com\/es\/product-catalog\/\"},{\"@type\":\"ListItem\",\"position\":2,\"name\":\"AUXQUIMIA EE-3 TRAINING FOAM\"}]},{\"@type\":\"WebSite\",\"@id\":\"https:\/\/www.perimeter-solutions.com\/es\/#website\",\"url\":\"https:\/\/www.perimeter-solutions.com\/es\/\",\"name\":\"Perimeter Solutions\",\"description\":\"\",\"publisher\":{\"@id\":\"https:\/\/www.perimeter-solutions.com\/es\/#organization\"},\"potentialAction\":[{\"@type\":\"SearchAction\",\"target\":{\"@type\":\"EntryPoint\",\"urlTemplate\":\"https:\/\/www.perimeter-solutions.com\/es\/?s={search_term_string}\"},\"query-input\":{\"@type\":\"PropertyValueSpecification\",\"valueRequired\":true,\"valueName\":\"search_term_string\"}}],\"inLanguage\":\"es\"},{\"@type\":\"Organization\",\"@id\":\"https:\/\/www.perimeter-solutions.com\/es\/#organization\",\"name\":\"Perimeter Solutions\",\"url\":\"https:\/\/www.perimeter-solutions.com\/es\/\",\"logo\":{\"@type\":\"ImageObject\",\"inLanguage\":\"es\",\"@id\":\"https:\/\/www.perimeter-solutions.com\/es\/#\/schema\/logo\/image\/\",\"url\":\"https:\/\/www.perimeter-solutions.com\/wp-content\/uploads\/2021\/02\/perimeter-logo-RGB.png\",\"contentUrl\":\"https:\/\/www.perimeter-solutions.com\/wp-content\/uploads\/2021\/02\/perimeter-logo-RGB.png\",\"width\":794,\"height\":138,\"caption\":\"Perimeter Solutions\"},\"image\":{\"@id\":\"https:\/\/www.perimeter-solutions.com\/es\/#\/schema\/logo\/image\/\"}}]}<\/script>\n<!-- \/ Yoast SEO Premium plugin. -->","yoast_head_json":{"title":"AUXQUIMIA EE-3 TRAINING FOAM - Perimeter Solutions","description":"El concentrado AUXQUIMIA EE-3% TRAINING FOAM es una espuma de entrenamiento sint\u00e9tica libre de organohal\u00f3genos, fabricada con tensioactivos biodegradables, que simula espumas que se utilizan en incendios de combustibles de hidrocarburos, como las espumas formadoras de pel\u00edcula acuosa (AFFF).","robots":{"index":"index","follow":"follow","max-snippet":"max-snippet:-1","max-image-preview":"max-image-preview:large","max-video-preview":"max-video-preview:-1"},"canonical":"https:\/\/www.perimeter-solutions.com\/es\/product\/auxquimia-ee-3-training-foam\/","og_locale":"es_ES","og_type":"article","og_title":"AUXQUIMIA EE-3 TRAINING FOAM","og_description":"El concentrado AUXQUIMIA EE-3% TRAINING FOAM es una espuma de entrenamiento sint\u00e9tica libre de organohal\u00f3genos, fabricada con tensioactivos biodegradables, que simula espumas que se utilizan en incendios de combustibles de hidrocarburos, como las espumas formadoras de pel\u00edcula acuosa (AFFF).","og_url":"https:\/\/www.perimeter-solutions.com\/es\/product\/auxquimia-ee-3-training-foam\/","og_site_name":"Perimeter Solutions","article_modified_time":"2024-08-14T22:18:02+00:00","og_image":[{"width":1241,"height":1754,"url":"https:\/\/www.perimeter-solutions.com\/wp-content\/uploads\/2024\/06\/EE-3-Eng-A4_Page_1.jpg","type":"image\/jpeg"}],"twitter_card":"summary_large_image","twitter_misc":{"Tiempo de lectura":"1 minuto"},"schema":{"@context":"https:\/\/schema.org","@graph":[{"@type":"WebPage","@id":"https:\/\/www.perimeter-solutions.com\/es\/product\/auxquimia-ee-3-training-foam\/","url":"https:\/\/www.perimeter-solutions.com\/es\/product\/auxquimia-ee-3-training-foam\/","name":"AUXQUIMIA EE-3 TRAINING FOAM - Perimeter Solutions","isPartOf":{"@id":"https:\/\/www.perimeter-solutions.com\/es\/#website"},"primaryImageOfPage":{"@id":"https:\/\/www.perimeter-solutions.com\/es\/product\/auxquimia-ee-3-training-foam\/#primaryimage"},"image":{"@id":"https:\/\/www.perimeter-solutions.com\/es\/product\/auxquimia-ee-3-training-foam\/#primaryimage"},"thumbnailUrl":"https:\/\/www.perimeter-solutions.com\/wp-content\/uploads\/2024\/06\/EE-3-Eng-A4_Page_1.jpg","datePublished":"2024-06-27T14:26:38+00:00","dateModified":"2024-08-14T22:18:02+00:00","description":"El concentrado AUXQUIMIA EE-3% TRAINING FOAM es una espuma de entrenamiento sint\u00e9tica libre de organohal\u00f3genos, fabricada con tensioactivos biodegradables, que simula espumas que se utilizan en incendios de combustibles de hidrocarburos, como las espumas formadoras de pel\u00edcula acuosa (AFFF).","breadcrumb":{"@id":"https:\/\/www.perimeter-solutions.com\/es\/product\/auxquimia-ee-3-training-foam\/#breadcrumb"},"inLanguage":"es","potentialAction":[{"@type":"ReadAction","target":["https:\/\/www.perimeter-solutions.com\/es\/product\/auxquimia-ee-3-training-foam\/"]}]},{"@type":"ImageObject","inLanguage":"es","@id":"https:\/\/www.perimeter-solutions.com\/es\/product\/auxquimia-ee-3-training-foam\/#primaryimage","url":"https:\/\/www.perimeter-solutions.com\/wp-content\/uploads\/2024\/06\/EE-3-Eng-A4_Page_1.jpg","contentUrl":"https:\/\/www.perimeter-solutions.com\/wp-content\/uploads\/2024\/06\/EE-3-Eng-A4_Page_1.jpg","width":1241,"height":1754},{"@type":"BreadcrumbList","@id":"https:\/\/www.perimeter-solutions.com\/es\/product\/auxquimia-ee-3-training-foam\/#breadcrumb","itemListElement":[{"@type":"ListItem","position":1,"name":"Cat\u00e1logo de productos","item":"https:\/\/www.perimeter-solutions.com\/es\/product-catalog\/"},{"@type":"ListItem","position":2,"name":"AUXQUIMIA EE-3 TRAINING FOAM"}]},{"@type":"WebSite","@id":"https:\/\/www.perimeter-solutions.com\/es\/#website","url":"https:\/\/www.perimeter-solutions.com\/es\/","name":"Perimeter Solutions","description":"","publisher":{"@id":"https:\/\/www.perimeter-solutions.com\/es\/#organization"},"potentialAction":[{"@type":"SearchAction","target":{"@type":"EntryPoint","urlTemplate":"https:\/\/www.perimeter-solutions.com\/es\/?s={search_term_string}"},"query-input":{"@type":"PropertyValueSpecification","valueRequired":true,"valueName":"search_term_string"}}],"inLanguage":"es"},{"@type":"Organization","@id":"https:\/\/www.perimeter-solutions.com\/es\/#organization","name":"Perimeter Solutions","url":"https:\/\/www.perimeter-solutions.com\/es\/","logo":{"@type":"ImageObject","inLanguage":"es","@id":"https:\/\/www.perimeter-solutions.com\/es\/#\/schema\/logo\/image\/","url":"https:\/\/www.perimeter-solutions.com\/wp-content\/uploads\/2021\/02\/perimeter-logo-RGB.png","contentUrl":"https:\/\/www.perimeter-solutions.com\/wp-content\/uploads\/2021\/02\/perimeter-logo-RGB.png","width":794,"height":138,"caption":"Perimeter Solutions"},"image":{"@id":"https:\/\/www.perimeter-solutions.com\/es\/#\/schema\/logo\/image\/"}}]}},"_links":{"self":[{"href":"https:\/\/www.perimeter-solutions.com\/es\/wp-json\/wp\/v2\/product\/42434","targetHints":{"allow":["GET"]}}],"collection":[{"href":"https:\/\/www.perimeter-solutions.com\/es\/wp-json\/wp\/v2\/product"}],"about":[{"href":"https:\/\/www.perimeter-solutions.com\/es\/wp-json\/wp\/v2\/types\/product"}],"wp:featuredmedia":[{"embeddable":true,"href":"https:\/\/www.perimeter-solutions.com\/es\/wp-json\/wp\/v2\/media\/42436"}],"wp:attachment":[{"href":"https:\/\/www.perimeter-solutions.com\/es\/wp-json\/wp\/v2\/media?parent=42434"}],"wp:term":[{"taxonomy":"product_cat","embeddable":true,"href":"https:\/\/www.perimeter-solutions.com\/es\/wp-json\/wp\/v2\/product_cat?post=42434"},{"taxonomy":"product_tag","embeddable":true,"href":"https:\/\/www.perimeter-solutions.com\/es\/wp-json\/wp\/v2\/product_tag?post=42434"}],"curies":[{"name":"wp","href":"https:\/\/api.w.org\/{rel}","templated":true}]}}