{"id":42378,"date":"2024-06-27T15:23:59","date_gmt":"2024-06-27T19:23:59","guid":{"rendered":"https:\/\/www.perimeter-solutions.com\/product\/phos-chek-fortify\/"},"modified":"2024-08-16T11:11:21","modified_gmt":"2024-08-16T15:11:21","slug":"phos-chek-fortify-2","status":"publish","type":"product","link":"https:\/\/www.perimeter-solutions.com\/es\/product\/phos-chek-fortify-2\/","title":{"rendered":"PHOS-CHEK<sup>\u00ae<\/sup> FORTIFY"},"content":{"rendered":"<div>\n<p><strong>PHOS-CHEK<sup>\u00ae<\/sup> FORTIFY<sup>\u00ae<\/sup><\/strong> es una tecnolog\u00eda ign\u00edfuga galardonada que ofrece una soluci\u00f3n proactiva y preventiva para la gesti\u00f3n de incendios forestales. Los servicios p\u00fablicos, las agencias estatales y federales y las instalaciones comerciales e industriales pueden protegerse contra los incendios forestales durante la temporada alta de incendios con un solo tratamiento anual de PHOS-CHEK FORTIFY al comienzo de la temporada. PHOS-CHEK FORTIFY recubre y mantiene eficazmente el retardante sobre la vegetaci\u00f3n y los bienes de infraestructura objetivo, proporcionando una protecci\u00f3n continua, que sigue siendo eficaz hasta un episodio de lluvia importante. El producto PHOS-CHEK FORTIFY se puede rociar antes de la temporada de incendios o incluso durante una amenaza de incendio inminente con equipos de aplicaci\u00f3n est\u00e1ndar como hidrosectores, rociadores de tanque o helic\u00f3pteros. Cualquiera que use equipo para rociar un retardante de fuego para aplicaciones terrestres en la actualidad, podr\u00e1 usar PHOS-CHEK FORTIFY. <strong>Las aplicaciones ideales para PHOS-CHEK FORTIFY incluyen:<\/strong><\/p>\n<ul>\n<li>Tratamiento de \u00e1reas de incendio de alto riesgo, incluido el cepillado de postes de servicios p\u00fablicos y el manejo de la vegetaci\u00f3n.<\/li>\n<li>Debajo de las l\u00edneas de servicios p\u00fablicos para mantenerlas energizadas, evitando cortes de energ\u00eda por motivos de seguridad p\u00fablica (PSPS)<\/li>\n<li>Alrededor de activos de infraestructura cr\u00edticos (subestaciones, edificios, torres de comunicaci\u00f3n)<\/li>\n<li>Protecci\u00f3n para postes el\u00e9ctricos, servidumbres y servidumbres<\/li>\n<li>A lo largo de l\u00edneas de ferrocarril y v\u00edas f\u00e9rreas en \u00e1reas de alto riesgo.<\/li>\n<li>Rutas de entrada y salida en &#8220;comunidades en riesgo&#8221;<\/li>\n<li>Tratamiento previo de las l\u00edneas de control de incendios prescritas mucho antes de la ignici\u00f3n<\/li>\n<li>Bases militares en \u00e1reas de municiones activas<\/li>\n<li>Laderas y bordes de carreteras cerca de comunidades con alto riesgo de incendio<\/li>\n<li>Ampliaci\u00f3n de cortafuegos en carreteras<\/li>\n<li>Protecci\u00f3n para \u00e1reas de interfaz urbana forestal, campamentos y otras \u00e1reas comunes de ignici\u00f3n<\/li>\n<\/ul>\n<p><strong>Consulta a tu experto en normativa para conocer las restricciones y normativas aplicables en tu estado o localidad con respecto a la venta y distribuci\u00f3n de productos ign\u00edfugos<\/strong>.<\/p>\n<p><strong>PHOS-CHEK<sup>\u00ae<\/sup> FORTIFY<sup>\u00ae<\/sup><\/strong> s\u00f3lo est\u00e1 disponible en las siguientes regiones:<\/p>\n<ul>\n<li>Am\u00e9rica del Norte<\/li>\n<\/ul>\n<\/div>\n","protected":false},"excerpt":{"rendered":"<h4 class=\"elementor-heading-title elementor-size-default\">Protecci\u00f3n preventiva contra incendios forestales durante toda la temporada<\/h4>\n","protected":false},"featured_media":42380,"template":"","meta":{"_acf_changed":false},"product_cat":[183],"product_tag":[240],"class_list":{"0":"post-42378","1":"product","2":"type-product","3":"status-publish","4":"has-post-thumbnail","6":"product_cat-fire-retardants-es","7":"product_tag-phos-chek-es","9":"first","10":"instock","11":"shipping-taxable","12":"purchasable","13":"product-type-simple"},"acf":[],"yoast_head":"<!-- This site is optimized with the Yoast SEO Premium plugin v21.9 (Yoast SEO v23.5) - https:\/\/yoast.com\/wordpress\/plugins\/seo\/ -->\n<title>PHOS-CHEK\u00ae FORTIFY - Perimeter Solutions<\/title>\n<meta name=\"robots\" content=\"index, follow, max-snippet:-1, max-image-preview:large, max-video-preview:-1\" \/>\n<link rel=\"canonical\" href=\"https:\/\/www.perimeter-solutions.com\/es\/product\/phos-chek-fortify-2\/\" \/>\n<meta property=\"og:locale\" content=\"es_ES\" \/>\n<meta property=\"og:type\" content=\"article\" \/>\n<meta property=\"og:title\" content=\"PHOS-CHEK\u00ae FORTIFY\" \/>\n<meta property=\"og:description\" content=\"Protecci\u00f3n preventiva contra incendios forestales durante toda la temporada\" \/>\n<meta property=\"og:url\" content=\"https:\/\/www.perimeter-solutions.com\/es\/product\/phos-chek-fortify-2\/\" \/>\n<meta property=\"og:site_name\" content=\"Perimeter Solutions\" \/>\n<meta property=\"article:modified_time\" content=\"2024-08-16T15:11:21+00:00\" \/>\n<meta name=\"twitter:card\" content=\"summary_large_image\" \/>\n<meta name=\"twitter:label1\" content=\"Tiempo de lectura\" \/>\n\t<meta name=\"twitter:data1\" content=\"2 minutos\" \/>\n<script type=\"application\/ld+json\" class=\"yoast-schema-graph\">{\"@context\":\"https:\/\/schema.org\",\"@graph\":[{\"@type\":\"WebPage\",\"@id\":\"https:\/\/www.perimeter-solutions.com\/es\/product\/phos-chek-fortify-2\/\",\"url\":\"https:\/\/www.perimeter-solutions.com\/es\/product\/phos-chek-fortify-2\/\",\"name\":\"PHOS-CHEK\u00ae FORTIFY - Perimeter Solutions\",\"isPartOf\":{\"@id\":\"https:\/\/www.perimeter-solutions.com\/es\/#website\"},\"primaryImageOfPage\":{\"@id\":\"https:\/\/www.perimeter-solutions.com\/es\/product\/phos-chek-fortify-2\/#primaryimage\"},\"image\":{\"@id\":\"https:\/\/www.perimeter-solutions.com\/es\/product\/phos-chek-fortify-2\/#primaryimage\"},\"thumbnailUrl\":\"https:\/\/www.perimeter-solutions.com\/wp-content\/uploads\/2024\/06\/PERI_PC-Preventative-Wildfire-Solutions-LTR_Datasheet_v9-1-pdf.jpg\",\"datePublished\":\"2024-06-27T19:23:59+00:00\",\"dateModified\":\"2024-08-16T15:11:21+00:00\",\"breadcrumb\":{\"@id\":\"https:\/\/www.perimeter-solutions.com\/es\/product\/phos-chek-fortify-2\/#breadcrumb\"},\"inLanguage\":\"es\",\"potentialAction\":[{\"@type\":\"ReadAction\",\"target\":[\"https:\/\/www.perimeter-solutions.com\/es\/product\/phos-chek-fortify-2\/\"]}]},{\"@type\":\"ImageObject\",\"inLanguage\":\"es\",\"@id\":\"https:\/\/www.perimeter-solutions.com\/es\/product\/phos-chek-fortify-2\/#primaryimage\",\"url\":\"https:\/\/www.perimeter-solutions.com\/wp-content\/uploads\/2024\/06\/PERI_PC-Preventative-Wildfire-Solutions-LTR_Datasheet_v9-1-pdf.jpg\",\"contentUrl\":\"https:\/\/www.perimeter-solutions.com\/wp-content\/uploads\/2024\/06\/PERI_PC-Preventative-Wildfire-Solutions-LTR_Datasheet_v9-1-pdf.jpg\"},{\"@type\":\"BreadcrumbList\",\"@id\":\"https:\/\/www.perimeter-solutions.com\/es\/product\/phos-chek-fortify-2\/#breadcrumb\",\"itemListElement\":[{\"@type\":\"ListItem\",\"position\":1,\"name\":\"Cat\u00e1logo de productos\",\"item\":\"https:\/\/www.perimeter-solutions.com\/es\/product-catalog\/\"},{\"@type\":\"ListItem\",\"position\":2,\"name\":\"PHOS-CHEK\u00ae FORTIFY\"}]},{\"@type\":\"WebSite\",\"@id\":\"https:\/\/www.perimeter-solutions.com\/es\/#website\",\"url\":\"https:\/\/www.perimeter-solutions.com\/es\/\",\"name\":\"Perimeter Solutions\",\"description\":\"\",\"publisher\":{\"@id\":\"https:\/\/www.perimeter-solutions.com\/es\/#organization\"},\"potentialAction\":[{\"@type\":\"SearchAction\",\"target\":{\"@type\":\"EntryPoint\",\"urlTemplate\":\"https:\/\/www.perimeter-solutions.com\/es\/?s={search_term_string}\"},\"query-input\":{\"@type\":\"PropertyValueSpecification\",\"valueRequired\":true,\"valueName\":\"search_term_string\"}}],\"inLanguage\":\"es\"},{\"@type\":\"Organization\",\"@id\":\"https:\/\/www.perimeter-solutions.com\/es\/#organization\",\"name\":\"Perimeter Solutions\",\"url\":\"https:\/\/www.perimeter-solutions.com\/es\/\",\"logo\":{\"@type\":\"ImageObject\",\"inLanguage\":\"es\",\"@id\":\"https:\/\/www.perimeter-solutions.com\/es\/#\/schema\/logo\/image\/\",\"url\":\"https:\/\/www.perimeter-solutions.com\/wp-content\/uploads\/2021\/02\/perimeter-logo-RGB.png\",\"contentUrl\":\"https:\/\/www.perimeter-solutions.com\/wp-content\/uploads\/2021\/02\/perimeter-logo-RGB.png\",\"width\":794,\"height\":138,\"caption\":\"Perimeter Solutions\"},\"image\":{\"@id\":\"https:\/\/www.perimeter-solutions.com\/es\/#\/schema\/logo\/image\/\"}}]}<\/script>\n<!-- \/ Yoast SEO Premium plugin. -->","yoast_head_json":{"title":"PHOS-CHEK\u00ae FORTIFY - Perimeter Solutions","robots":{"index":"index","follow":"follow","max-snippet":"max-snippet:-1","max-image-preview":"max-image-preview:large","max-video-preview":"max-video-preview:-1"},"canonical":"https:\/\/www.perimeter-solutions.com\/es\/product\/phos-chek-fortify-2\/","og_locale":"es_ES","og_type":"article","og_title":"PHOS-CHEK\u00ae FORTIFY","og_description":"Protecci\u00f3n preventiva contra incendios forestales durante toda la temporada","og_url":"https:\/\/www.perimeter-solutions.com\/es\/product\/phos-chek-fortify-2\/","og_site_name":"Perimeter Solutions","article_modified_time":"2024-08-16T15:11:21+00:00","twitter_card":"summary_large_image","twitter_misc":{"Tiempo de lectura":"2 minutos"},"schema":{"@context":"https:\/\/schema.org","@graph":[{"@type":"WebPage","@id":"https:\/\/www.perimeter-solutions.com\/es\/product\/phos-chek-fortify-2\/","url":"https:\/\/www.perimeter-solutions.com\/es\/product\/phos-chek-fortify-2\/","name":"PHOS-CHEK\u00ae FORTIFY - Perimeter Solutions","isPartOf":{"@id":"https:\/\/www.perimeter-solutions.com\/es\/#website"},"primaryImageOfPage":{"@id":"https:\/\/www.perimeter-solutions.com\/es\/product\/phos-chek-fortify-2\/#primaryimage"},"image":{"@id":"https:\/\/www.perimeter-solutions.com\/es\/product\/phos-chek-fortify-2\/#primaryimage"},"thumbnailUrl":"https:\/\/www.perimeter-solutions.com\/wp-content\/uploads\/2024\/06\/PERI_PC-Preventative-Wildfire-Solutions-LTR_Datasheet_v9-1-pdf.jpg","datePublished":"2024-06-27T19:23:59+00:00","dateModified":"2024-08-16T15:11:21+00:00","breadcrumb":{"@id":"https:\/\/www.perimeter-solutions.com\/es\/product\/phos-chek-fortify-2\/#breadcrumb"},"inLanguage":"es","potentialAction":[{"@type":"ReadAction","target":["https:\/\/www.perimeter-solutions.com\/es\/product\/phos-chek-fortify-2\/"]}]},{"@type":"ImageObject","inLanguage":"es","@id":"https:\/\/www.perimeter-solutions.com\/es\/product\/phos-chek-fortify-2\/#primaryimage","url":"https:\/\/www.perimeter-solutions.com\/wp-content\/uploads\/2024\/06\/PERI_PC-Preventative-Wildfire-Solutions-LTR_Datasheet_v9-1-pdf.jpg","contentUrl":"https:\/\/www.perimeter-solutions.com\/wp-content\/uploads\/2024\/06\/PERI_PC-Preventative-Wildfire-Solutions-LTR_Datasheet_v9-1-pdf.jpg"},{"@type":"BreadcrumbList","@id":"https:\/\/www.perimeter-solutions.com\/es\/product\/phos-chek-fortify-2\/#breadcrumb","itemListElement":[{"@type":"ListItem","position":1,"name":"Cat\u00e1logo de productos","item":"https:\/\/www.perimeter-solutions.com\/es\/product-catalog\/"},{"@type":"ListItem","position":2,"name":"PHOS-CHEK\u00ae FORTIFY"}]},{"@type":"WebSite","@id":"https:\/\/www.perimeter-solutions.com\/es\/#website","url":"https:\/\/www.perimeter-solutions.com\/es\/","name":"Perimeter Solutions","description":"","publisher":{"@id":"https:\/\/www.perimeter-solutions.com\/es\/#organization"},"potentialAction":[{"@type":"SearchAction","target":{"@type":"EntryPoint","urlTemplate":"https:\/\/www.perimeter-solutions.com\/es\/?s={search_term_string}"},"query-input":{"@type":"PropertyValueSpecification","valueRequired":true,"valueName":"search_term_string"}}],"inLanguage":"es"},{"@type":"Organization","@id":"https:\/\/www.perimeter-solutions.com\/es\/#organization","name":"Perimeter Solutions","url":"https:\/\/www.perimeter-solutions.com\/es\/","logo":{"@type":"ImageObject","inLanguage":"es","@id":"https:\/\/www.perimeter-solutions.com\/es\/#\/schema\/logo\/image\/","url":"https:\/\/www.perimeter-solutions.com\/wp-content\/uploads\/2021\/02\/perimeter-logo-RGB.png","contentUrl":"https:\/\/www.perimeter-solutions.com\/wp-content\/uploads\/2021\/02\/perimeter-logo-RGB.png","width":794,"height":138,"caption":"Perimeter Solutions"},"image":{"@id":"https:\/\/www.perimeter-solutions.com\/es\/#\/schema\/logo\/image\/"}}]}},"_links":{"self":[{"href":"https:\/\/www.perimeter-solutions.com\/es\/wp-json\/wp\/v2\/product\/42378","targetHints":{"allow":["GET"]}}],"collection":[{"href":"https:\/\/www.perimeter-solutions.com\/es\/wp-json\/wp\/v2\/product"}],"about":[{"href":"https:\/\/www.perimeter-solutions.com\/es\/wp-json\/wp\/v2\/types\/product"}],"wp:featuredmedia":[{"embeddable":true,"href":"https:\/\/www.perimeter-solutions.com\/es\/wp-json\/wp\/v2\/media\/42380"}],"wp:attachment":[{"href":"https:\/\/www.perimeter-solutions.com\/es\/wp-json\/wp\/v2\/media?parent=42378"}],"wp:term":[{"taxonomy":"product_cat","embeddable":true,"href":"https:\/\/www.perimeter-solutions.com\/es\/wp-json\/wp\/v2\/product_cat?post=42378"},{"taxonomy":"product_tag","embeddable":true,"href":"https:\/\/www.perimeter-solutions.com\/es\/wp-json\/wp\/v2\/product_tag?post=42378"}],"curies":[{"name":"wp","href":"https:\/\/api.w.org\/{rel}","templated":true}]}}