{"id":42367,"date":"2024-06-28T09:23:27","date_gmt":"2024-06-28T13:23:27","guid":{"rendered":"https:\/\/www.perimeter-solutions.com\/product\/serie-phos-chek-lce20\/"},"modified":"2024-08-16T11:08:09","modified_gmt":"2024-08-16T15:08:09","slug":"serie-phos-chek-lce20","status":"publish","type":"product","link":"https:\/\/www.perimeter-solutions.com\/es\/product\/serie-phos-chek-lce20\/","title":{"rendered":"Serie PHOS-CHEK LCE20"},"content":{"rendered":"<div>\n<p><strong>PHOS-CHEK<sup>\u00ae<\/sup> LCE20-Fx<\/strong> es un retardante de fuego de pr\u00f3xima generaci\u00f3n que combina un alto rendimiento con caracter\u00edsticas ambientales mejoradas. PHOS-CHEK LCE20-Fx combina la facilidad de mezcla y manipulaci\u00f3n de un l\u00edquido con las ventajas de la ca\u00edda a\u00e9rea de un retardante de goma espesa. La naturaleza el\u00e1stica del espesante en PHOS-CHEK LCE20-Fx reduce la deriva y la evaporaci\u00f3n, al tiempo que aumenta la cobertura, la envoltura y la penetraci\u00f3n de combustible en el dosel y la escalera, para apuntar de manera efectiva a la vegetaci\u00f3n del suelo. El retardante de fuego PHOS-CHEK LCE20-Fx, un innovador producto 100% fosfatado, ofrece un rendimiento mejorado, seguridad del producto y estabilidad mejorada, lo que resulta en un manejo m\u00e1s f\u00e1cil. La nueva f\u00f3rmula reduce la toxicidad general y reduce los costos de eliminaci\u00f3n. PHOS-CHEK LCE20-Fx es un concentrado de color Fugitive (Fx) de ultra alta visibilidad. El color fugitivo mantiene la visibilidad durante la aplicaci\u00f3n, pero se desvanece lentamente tras la exposici\u00f3n a la luz solar.El retardante de incendios PHOS-CHEK LCE20-Fx est\u00e1 cualificado por el Servicio Forestal del USDA seg\u00fan la especificaci\u00f3n recientemente actualizada para Retardantes de Larga Duraci\u00f3n, Lucha contra Incendios Forestales: 5100-304d (publicada el 7 de enero de 2020), para su uso en aviones cisterna de ala fija y monomotor, helic\u00f3pteros cisterna y motores terrestres. El concentrado se entrega al sitio de aplicaci\u00f3n como un l\u00edquido de baja viscosidad y se almacena en forma de concentrado. Durante la aplicaci\u00f3n, se diluye y se mezcla con agua en l\u00ednea a medida que se transfiere al sistema de administraci\u00f3n. Altamente efectivo con aplicaciones a\u00e9reas, LCE20-Fx proporciona una visibilidad ultra alta cuando se cae; sin embargo, est\u00e1 dise\u00f1ado para desvanecerse con la exposici\u00f3n a la luz solar una vez aplicado. PHOS-CHEK LCE20W es una versi\u00f3n no coloreada del retardante de incendios de larga duraci\u00f3n PHOS-CHEK LCE20-Fx, que es una soluci\u00f3n roja lanzada desde aviones durante incendios forestales activos para evitar su propagaci\u00f3n.<br \/>\nPHOS-CHEK LCE20W est\u00e1 incluido en la Lista de Productos Cualificados del Servicio Forestal de EE.UU. y ofrece una soluci\u00f3n proactiva y preventiva para la gesti\u00f3n de incendios forestales que puede aplicarse antes de la temporada de incendios forestales o incluso durante una amenaza inminente mediante autobombas, camiones cisterna o con el equipo de aplicaci\u00f3n terrestre personalizado de Perimeter Solutions.<br \/>\nEl PHOS-CHEK LCE20W es ideal para un despliegue r\u00e1pido antes de los incendios y para posibles incendios programados, incluidas las quemas prescritas.<br \/>\nCrea un cortafuegos haciendo que los combustibles forestales no sean inflamables, y funciona incluso cuando est\u00e1 seco, de modo que una sola aplicaci\u00f3n puede ofrecer eficacia a largo plazo. Ventajas de los retardantes de fuego aplicados en tierra<\/p>\n<ul>\n<li>Cobertura uniforme dise\u00f1ada para proporcionar la m\u00e1xima eficacia<\/li>\n<li>Se puede aplicar con horas, d\u00edas, semanas y meses de anticipaci\u00f3n.<\/li>\n<li>Aplicaci\u00f3n las 24 horas del d\u00eda, los 7 d\u00edas de la semana, incluidas las operaciones nocturnas<\/li>\n<li>Se puede aplicar cuando los aviones cisterna no est\u00e1n disponibles debido a las condiciones clim\u00e1ticas o \u00e1reas de baja accesibilidad.<\/li>\n<li>Colocaci\u00f3n: precisi\u00f3n milim\u00e9trica<\/li>\n<li>Minimizaci\u00f3n de la interrupci\u00f3n del negocio, incluidos los cortes de energ\u00eda por motivos de seguridad p\u00fablica (PSPS)<\/li>\n<li>Soluci\u00f3n incolora, y puede tratar zonas en las que no se desea color<\/li>\n<\/ul>\n<p>Aplicaciones ideales<\/p>\n<ul>\n<li>Tratamiento previo de servidumbres e infraestructura de servicios p\u00fablicos<\/li>\n<li>Esfuerzos de respuesta r\u00e1pida de servicios p\u00fablicos antes de un incendio<\/li>\n<li>Alrededor de hogares y comunidades con peligro de incendio forestal pendiente<\/li>\n<li>Caminos de entrada y salida antes de un incendio<\/li>\n<li>En postes de servicios p\u00fablicos<\/li>\n<li>Soporte de aplicaciones de incendios y quemaduras prescritas que se llevan a cabo a los pocos d\u00edas o semanas de la aplicaci\u00f3n<\/li>\n<li>Antes del &#8220;trabajo en caliente&#8221; que se realiza en \u00e1reas de alto riesgo de incendio<\/li>\n<\/ul>\n<p>&nbsp;<\/p>\n<p><strong>Consulta a tu experto en normativa para conocer las restricciones y normativas aplicables en tu estado o localidad en relaci\u00f3n con la venta y distribuci\u00f3n de retardantes del fuego.<\/strong><\/p>\n<p>PHOS-CHEK LCE20-Fx y LCE20W s\u00f3lo est\u00e1n disponibles en las siguientes regiones:<\/p>\n<ul>\n<li>Am\u00e9rica del Norte<\/li>\n<li>APAC<\/li>\n<\/ul>\n<\/div>\n","protected":false},"excerpt":{"rendered":"<h4 class=\"elementor-heading-title elementor-size-default\">El ign\u00edfugo m\u00e1s respetuoso con el medio ambiente del mercado<\/h4>\n","protected":false},"featured_media":42369,"template":"","meta":{"_acf_changed":false},"product_cat":[183],"product_tag":[240],"class_list":{"0":"post-42367","1":"product","2":"type-product","3":"status-publish","4":"has-post-thumbnail","6":"product_cat-fire-retardants-es","7":"product_tag-phos-chek-es","9":"first","10":"instock","11":"shipping-taxable","12":"purchasable","13":"product-type-simple"},"acf":[],"yoast_head":"<!-- This site is optimized with the Yoast SEO Premium plugin v21.9 (Yoast SEO v23.5) - https:\/\/yoast.com\/wordpress\/plugins\/seo\/ -->\n<title>Serie PHOS-CHEK LCE20 - Perimeter Solutions<\/title>\n<meta name=\"robots\" content=\"index, follow, max-snippet:-1, max-image-preview:large, max-video-preview:-1\" \/>\n<link rel=\"canonical\" href=\"https:\/\/www.perimeter-solutions.com\/es\/product\/serie-phos-chek-lce20\/\" \/>\n<meta property=\"og:locale\" content=\"es_ES\" \/>\n<meta property=\"og:type\" content=\"article\" \/>\n<meta property=\"og:title\" content=\"Serie PHOS-CHEK LCE20\" \/>\n<meta property=\"og:description\" content=\"El ign\u00edfugo m\u00e1s respetuoso con el medio ambiente del mercado\" \/>\n<meta property=\"og:url\" content=\"https:\/\/www.perimeter-solutions.com\/es\/product\/serie-phos-chek-lce20\/\" \/>\n<meta property=\"og:site_name\" content=\"Perimeter Solutions\" \/>\n<meta property=\"article:modified_time\" content=\"2024-08-16T15:08:09+00:00\" \/>\n<meta name=\"twitter:card\" content=\"summary_large_image\" \/>\n<meta name=\"twitter:label1\" content=\"Tiempo de lectura\" \/>\n\t<meta name=\"twitter:data1\" content=\"4 minutos\" \/>\n<script type=\"application\/ld+json\" class=\"yoast-schema-graph\">{\"@context\":\"https:\/\/schema.org\",\"@graph\":[{\"@type\":\"WebPage\",\"@id\":\"https:\/\/www.perimeter-solutions.com\/es\/product\/serie-phos-chek-lce20\/\",\"url\":\"https:\/\/www.perimeter-solutions.com\/es\/product\/serie-phos-chek-lce20\/\",\"name\":\"Serie PHOS-CHEK LCE20 - Perimeter Solutions\",\"isPartOf\":{\"@id\":\"https:\/\/www.perimeter-solutions.com\/es\/#website\"},\"primaryImageOfPage\":{\"@id\":\"https:\/\/www.perimeter-solutions.com\/es\/product\/serie-phos-chek-lce20\/#primaryimage\"},\"image\":{\"@id\":\"https:\/\/www.perimeter-solutions.com\/es\/product\/serie-phos-chek-lce20\/#primaryimage\"},\"thumbnailUrl\":\"https:\/\/www.perimeter-solutions.com\/wp-content\/uploads\/2024\/06\/PERI9590_LCE20_Fx_EN_v11_Standard-pdf.jpg\",\"datePublished\":\"2024-06-28T13:23:27+00:00\",\"dateModified\":\"2024-08-16T15:08:09+00:00\",\"breadcrumb\":{\"@id\":\"https:\/\/www.perimeter-solutions.com\/es\/product\/serie-phos-chek-lce20\/#breadcrumb\"},\"inLanguage\":\"es\",\"potentialAction\":[{\"@type\":\"ReadAction\",\"target\":[\"https:\/\/www.perimeter-solutions.com\/es\/product\/serie-phos-chek-lce20\/\"]}]},{\"@type\":\"ImageObject\",\"inLanguage\":\"es\",\"@id\":\"https:\/\/www.perimeter-solutions.com\/es\/product\/serie-phos-chek-lce20\/#primaryimage\",\"url\":\"https:\/\/www.perimeter-solutions.com\/wp-content\/uploads\/2024\/06\/PERI9590_LCE20_Fx_EN_v11_Standard-pdf.jpg\",\"contentUrl\":\"https:\/\/www.perimeter-solutions.com\/wp-content\/uploads\/2024\/06\/PERI9590_LCE20_Fx_EN_v11_Standard-pdf.jpg\"},{\"@type\":\"BreadcrumbList\",\"@id\":\"https:\/\/www.perimeter-solutions.com\/es\/product\/serie-phos-chek-lce20\/#breadcrumb\",\"itemListElement\":[{\"@type\":\"ListItem\",\"position\":1,\"name\":\"Cat\u00e1logo de productos\",\"item\":\"https:\/\/www.perimeter-solutions.com\/es\/product-catalog\/\"},{\"@type\":\"ListItem\",\"position\":2,\"name\":\"Serie PHOS-CHEK LCE20\"}]},{\"@type\":\"WebSite\",\"@id\":\"https:\/\/www.perimeter-solutions.com\/es\/#website\",\"url\":\"https:\/\/www.perimeter-solutions.com\/es\/\",\"name\":\"Perimeter Solutions\",\"description\":\"\",\"publisher\":{\"@id\":\"https:\/\/www.perimeter-solutions.com\/es\/#organization\"},\"potentialAction\":[{\"@type\":\"SearchAction\",\"target\":{\"@type\":\"EntryPoint\",\"urlTemplate\":\"https:\/\/www.perimeter-solutions.com\/es\/?s={search_term_string}\"},\"query-input\":{\"@type\":\"PropertyValueSpecification\",\"valueRequired\":true,\"valueName\":\"search_term_string\"}}],\"inLanguage\":\"es\"},{\"@type\":\"Organization\",\"@id\":\"https:\/\/www.perimeter-solutions.com\/es\/#organization\",\"name\":\"Perimeter Solutions\",\"url\":\"https:\/\/www.perimeter-solutions.com\/es\/\",\"logo\":{\"@type\":\"ImageObject\",\"inLanguage\":\"es\",\"@id\":\"https:\/\/www.perimeter-solutions.com\/es\/#\/schema\/logo\/image\/\",\"url\":\"https:\/\/www.perimeter-solutions.com\/wp-content\/uploads\/2021\/02\/perimeter-logo-RGB.png\",\"contentUrl\":\"https:\/\/www.perimeter-solutions.com\/wp-content\/uploads\/2021\/02\/perimeter-logo-RGB.png\",\"width\":794,\"height\":138,\"caption\":\"Perimeter Solutions\"},\"image\":{\"@id\":\"https:\/\/www.perimeter-solutions.com\/es\/#\/schema\/logo\/image\/\"}}]}<\/script>\n<!-- \/ Yoast SEO Premium plugin. -->","yoast_head_json":{"title":"Serie PHOS-CHEK LCE20 - Perimeter Solutions","robots":{"index":"index","follow":"follow","max-snippet":"max-snippet:-1","max-image-preview":"max-image-preview:large","max-video-preview":"max-video-preview:-1"},"canonical":"https:\/\/www.perimeter-solutions.com\/es\/product\/serie-phos-chek-lce20\/","og_locale":"es_ES","og_type":"article","og_title":"Serie PHOS-CHEK LCE20","og_description":"El ign\u00edfugo m\u00e1s respetuoso con el medio ambiente del mercado","og_url":"https:\/\/www.perimeter-solutions.com\/es\/product\/serie-phos-chek-lce20\/","og_site_name":"Perimeter Solutions","article_modified_time":"2024-08-16T15:08:09+00:00","twitter_card":"summary_large_image","twitter_misc":{"Tiempo de lectura":"4 minutos"},"schema":{"@context":"https:\/\/schema.org","@graph":[{"@type":"WebPage","@id":"https:\/\/www.perimeter-solutions.com\/es\/product\/serie-phos-chek-lce20\/","url":"https:\/\/www.perimeter-solutions.com\/es\/product\/serie-phos-chek-lce20\/","name":"Serie PHOS-CHEK LCE20 - Perimeter Solutions","isPartOf":{"@id":"https:\/\/www.perimeter-solutions.com\/es\/#website"},"primaryImageOfPage":{"@id":"https:\/\/www.perimeter-solutions.com\/es\/product\/serie-phos-chek-lce20\/#primaryimage"},"image":{"@id":"https:\/\/www.perimeter-solutions.com\/es\/product\/serie-phos-chek-lce20\/#primaryimage"},"thumbnailUrl":"https:\/\/www.perimeter-solutions.com\/wp-content\/uploads\/2024\/06\/PERI9590_LCE20_Fx_EN_v11_Standard-pdf.jpg","datePublished":"2024-06-28T13:23:27+00:00","dateModified":"2024-08-16T15:08:09+00:00","breadcrumb":{"@id":"https:\/\/www.perimeter-solutions.com\/es\/product\/serie-phos-chek-lce20\/#breadcrumb"},"inLanguage":"es","potentialAction":[{"@type":"ReadAction","target":["https:\/\/www.perimeter-solutions.com\/es\/product\/serie-phos-chek-lce20\/"]}]},{"@type":"ImageObject","inLanguage":"es","@id":"https:\/\/www.perimeter-solutions.com\/es\/product\/serie-phos-chek-lce20\/#primaryimage","url":"https:\/\/www.perimeter-solutions.com\/wp-content\/uploads\/2024\/06\/PERI9590_LCE20_Fx_EN_v11_Standard-pdf.jpg","contentUrl":"https:\/\/www.perimeter-solutions.com\/wp-content\/uploads\/2024\/06\/PERI9590_LCE20_Fx_EN_v11_Standard-pdf.jpg"},{"@type":"BreadcrumbList","@id":"https:\/\/www.perimeter-solutions.com\/es\/product\/serie-phos-chek-lce20\/#breadcrumb","itemListElement":[{"@type":"ListItem","position":1,"name":"Cat\u00e1logo de productos","item":"https:\/\/www.perimeter-solutions.com\/es\/product-catalog\/"},{"@type":"ListItem","position":2,"name":"Serie PHOS-CHEK LCE20"}]},{"@type":"WebSite","@id":"https:\/\/www.perimeter-solutions.com\/es\/#website","url":"https:\/\/www.perimeter-solutions.com\/es\/","name":"Perimeter Solutions","description":"","publisher":{"@id":"https:\/\/www.perimeter-solutions.com\/es\/#organization"},"potentialAction":[{"@type":"SearchAction","target":{"@type":"EntryPoint","urlTemplate":"https:\/\/www.perimeter-solutions.com\/es\/?s={search_term_string}"},"query-input":{"@type":"PropertyValueSpecification","valueRequired":true,"valueName":"search_term_string"}}],"inLanguage":"es"},{"@type":"Organization","@id":"https:\/\/www.perimeter-solutions.com\/es\/#organization","name":"Perimeter Solutions","url":"https:\/\/www.perimeter-solutions.com\/es\/","logo":{"@type":"ImageObject","inLanguage":"es","@id":"https:\/\/www.perimeter-solutions.com\/es\/#\/schema\/logo\/image\/","url":"https:\/\/www.perimeter-solutions.com\/wp-content\/uploads\/2021\/02\/perimeter-logo-RGB.png","contentUrl":"https:\/\/www.perimeter-solutions.com\/wp-content\/uploads\/2021\/02\/perimeter-logo-RGB.png","width":794,"height":138,"caption":"Perimeter Solutions"},"image":{"@id":"https:\/\/www.perimeter-solutions.com\/es\/#\/schema\/logo\/image\/"}}]}},"_links":{"self":[{"href":"https:\/\/www.perimeter-solutions.com\/es\/wp-json\/wp\/v2\/product\/42367","targetHints":{"allow":["GET"]}}],"collection":[{"href":"https:\/\/www.perimeter-solutions.com\/es\/wp-json\/wp\/v2\/product"}],"about":[{"href":"https:\/\/www.perimeter-solutions.com\/es\/wp-json\/wp\/v2\/types\/product"}],"wp:featuredmedia":[{"embeddable":true,"href":"https:\/\/www.perimeter-solutions.com\/es\/wp-json\/wp\/v2\/media\/42369"}],"wp:attachment":[{"href":"https:\/\/www.perimeter-solutions.com\/es\/wp-json\/wp\/v2\/media?parent=42367"}],"wp:term":[{"taxonomy":"product_cat","embeddable":true,"href":"https:\/\/www.perimeter-solutions.com\/es\/wp-json\/wp\/v2\/product_cat?post=42367"},{"taxonomy":"product_tag","embeddable":true,"href":"https:\/\/www.perimeter-solutions.com\/es\/wp-json\/wp\/v2\/product_tag?post=42367"}],"curies":[{"name":"wp","href":"https:\/\/api.w.org\/{rel}","templated":true}]}}