{"id":42362,"date":"2024-06-27T15:14:03","date_gmt":"2024-06-27T19:14:03","guid":{"rendered":"https:\/\/www.perimeter-solutions.com\/product\/fire-trol-tierra\/"},"modified":"2024-08-16T11:21:45","modified_gmt":"2024-08-16T15:21:45","slug":"fire-trol-tierra","status":"publish","type":"product","link":"https:\/\/www.perimeter-solutions.com\/es\/product\/fire-trol-tierra\/","title":{"rendered":"FIRE-TROL Tierra"},"content":{"rendered":"<div>\n<p><strong>FIRE-TROL<sup>\u00ae<\/sup> 934<\/strong> (sin color) y <strong>FIRE-TROL<sup>\u00ae<\/sup> 936<\/strong> (con color) son retardadores de fuego l\u00edquidos a largo plazo formulados exclusivamente para aplicaci\u00f3n en el suelo. Se han utilizado en toda Europa a lo largo de los ferrocarriles y en \u00e1reas desarrolladas. Se consideran no t\u00f3xicos y cumplen con las directrices de la OCDE y las Directivas actuales de la UE (2005).<\/p>\n<p>Los retardantes de fuego FIRE-TROL se consideran:<\/p>\n<ul>\n<li>M\u00e1s eficiente que el agua (incluso agua mejorada) ya sea en ataque directo o indirecto<\/li>\n<li>M\u00e1s f\u00e1cil de usar para los bomberos debido a la falta de emisiones de vapor.<\/li>\n<li>Uso flexible<\/li>\n<li>Un producto de elecci\u00f3n por la noche cuando los aviones no pueden volar<\/li>\n<\/ul>\n<p>&nbsp;<\/p>\n<p><strong>Consulta a tu experto en normativa para conocer las restricciones y normativas aplicables en tu estado o localidad en relaci\u00f3n con la venta y distribuci\u00f3n de retardantes del fuego.<\/strong><\/p>\n<\/div>\n","protected":false},"excerpt":{"rendered":"<h4 class=\"elementor-heading-title elementor-size-default\">Retardantes de fuego probados aplicados al suelo<\/h4>\n","protected":false},"featured_media":42364,"template":"","meta":{"_acf_changed":false},"product_cat":[183],"product_tag":[220],"class_list":{"0":"post-42362","1":"product","2":"type-product","3":"status-publish","4":"has-post-thumbnail","6":"product_cat-fire-retardants-es","7":"product_tag-biogema-es","9":"first","10":"instock","11":"shipping-taxable","12":"purchasable","13":"product-type-simple"},"acf":[],"yoast_head":"<!-- This site is optimized with the Yoast SEO Premium plugin v21.9 (Yoast SEO v23.5) - https:\/\/yoast.com\/wordpress\/plugins\/seo\/ -->\n<title>FIRE-TROL Tierra - Perimeter Solutions<\/title>\n<meta name=\"description\" content=\"FIRE-TROL \u00ae 934 (sin color) y FIRE-TROL 936 (con color) son retardadores de fuego l\u00edquidos a largo plazo formulados exclusivamente para aplicaci\u00f3n en el suelo. Se han utilizado en toda Europa a lo largo de los ferrocarriles y en \u00e1reas desarrolladas. Se consideran no t\u00f3xicos y cumplen con las directrices de la OCDE y las Directivas actuales de la UE (2005).\" \/>\n<meta name=\"robots\" content=\"index, follow, max-snippet:-1, max-image-preview:large, max-video-preview:-1\" \/>\n<link rel=\"canonical\" href=\"https:\/\/www.perimeter-solutions.com\/es\/product\/fire-trol-tierra\/\" \/>\n<meta property=\"og:locale\" content=\"es_ES\" \/>\n<meta property=\"og:type\" content=\"article\" \/>\n<meta property=\"og:title\" content=\"FIRE-TROL Tierra\" \/>\n<meta property=\"og:description\" content=\"FIRE-TROL \u00ae 934 (sin color) y FIRE-TROL 936 (con color) son retardadores de fuego l\u00edquidos a largo plazo formulados exclusivamente para aplicaci\u00f3n en el suelo. Se han utilizado en toda Europa a lo largo de los ferrocarriles y en \u00e1reas desarrolladas. Se consideran no t\u00f3xicos y cumplen con las directrices de la OCDE y las Directivas actuales de la UE (2005).\" \/>\n<meta property=\"og:url\" content=\"https:\/\/www.perimeter-solutions.com\/es\/product\/fire-trol-tierra\/\" \/>\n<meta property=\"og:site_name\" content=\"Perimeter Solutions\" \/>\n<meta property=\"article:modified_time\" content=\"2024-08-16T15:21:45+00:00\" \/>\n<meta name=\"twitter:card\" content=\"summary_large_image\" \/>\n<meta name=\"twitter:label1\" content=\"Tiempo de lectura\" \/>\n\t<meta name=\"twitter:data1\" content=\"1 minuto\" \/>\n<script type=\"application\/ld+json\" class=\"yoast-schema-graph\">{\"@context\":\"https:\/\/schema.org\",\"@graph\":[{\"@type\":\"WebPage\",\"@id\":\"https:\/\/www.perimeter-solutions.com\/es\/product\/fire-trol-tierra\/\",\"url\":\"https:\/\/www.perimeter-solutions.com\/es\/product\/fire-trol-tierra\/\",\"name\":\"FIRE-TROL Tierra - Perimeter Solutions\",\"isPartOf\":{\"@id\":\"https:\/\/www.perimeter-solutions.com\/es\/#website\"},\"primaryImageOfPage\":{\"@id\":\"https:\/\/www.perimeter-solutions.com\/es\/product\/fire-trol-tierra\/#primaryimage\"},\"image\":{\"@id\":\"https:\/\/www.perimeter-solutions.com\/es\/product\/fire-trol-tierra\/#primaryimage\"},\"thumbnailUrl\":\"https:\/\/www.perimeter-solutions.com\/wp-content\/uploads\/2024\/06\/PERI2643-FIRETROL934_Letter_v1.4-1-1-pdf.jpg\",\"datePublished\":\"2024-06-27T19:14:03+00:00\",\"dateModified\":\"2024-08-16T15:21:45+00:00\",\"description\":\"FIRE-TROL \u00ae 934 (sin color) y FIRE-TROL 936 (con color) son retardadores de fuego l\u00edquidos a largo plazo formulados exclusivamente para aplicaci\u00f3n en el suelo. Se han utilizado en toda Europa a lo largo de los ferrocarriles y en \u00e1reas desarrolladas. Se consideran no t\u00f3xicos y cumplen con las directrices de la OCDE y las Directivas actuales de la UE (2005).\",\"breadcrumb\":{\"@id\":\"https:\/\/www.perimeter-solutions.com\/es\/product\/fire-trol-tierra\/#breadcrumb\"},\"inLanguage\":\"es\",\"potentialAction\":[{\"@type\":\"ReadAction\",\"target\":[\"https:\/\/www.perimeter-solutions.com\/es\/product\/fire-trol-tierra\/\"]}]},{\"@type\":\"ImageObject\",\"inLanguage\":\"es\",\"@id\":\"https:\/\/www.perimeter-solutions.com\/es\/product\/fire-trol-tierra\/#primaryimage\",\"url\":\"https:\/\/www.perimeter-solutions.com\/wp-content\/uploads\/2024\/06\/PERI2643-FIRETROL934_Letter_v1.4-1-1-pdf.jpg\",\"contentUrl\":\"https:\/\/www.perimeter-solutions.com\/wp-content\/uploads\/2024\/06\/PERI2643-FIRETROL934_Letter_v1.4-1-1-pdf.jpg\"},{\"@type\":\"BreadcrumbList\",\"@id\":\"https:\/\/www.perimeter-solutions.com\/es\/product\/fire-trol-tierra\/#breadcrumb\",\"itemListElement\":[{\"@type\":\"ListItem\",\"position\":1,\"name\":\"Cat\u00e1logo de productos\",\"item\":\"https:\/\/www.perimeter-solutions.com\/es\/product-catalog\/\"},{\"@type\":\"ListItem\",\"position\":2,\"name\":\"FIRE-TROL Tierra\"}]},{\"@type\":\"WebSite\",\"@id\":\"https:\/\/www.perimeter-solutions.com\/es\/#website\",\"url\":\"https:\/\/www.perimeter-solutions.com\/es\/\",\"name\":\"Perimeter Solutions\",\"description\":\"\",\"publisher\":{\"@id\":\"https:\/\/www.perimeter-solutions.com\/es\/#organization\"},\"potentialAction\":[{\"@type\":\"SearchAction\",\"target\":{\"@type\":\"EntryPoint\",\"urlTemplate\":\"https:\/\/www.perimeter-solutions.com\/es\/?s={search_term_string}\"},\"query-input\":{\"@type\":\"PropertyValueSpecification\",\"valueRequired\":true,\"valueName\":\"search_term_string\"}}],\"inLanguage\":\"es\"},{\"@type\":\"Organization\",\"@id\":\"https:\/\/www.perimeter-solutions.com\/es\/#organization\",\"name\":\"Perimeter Solutions\",\"url\":\"https:\/\/www.perimeter-solutions.com\/es\/\",\"logo\":{\"@type\":\"ImageObject\",\"inLanguage\":\"es\",\"@id\":\"https:\/\/www.perimeter-solutions.com\/es\/#\/schema\/logo\/image\/\",\"url\":\"https:\/\/www.perimeter-solutions.com\/wp-content\/uploads\/2021\/02\/perimeter-logo-RGB.png\",\"contentUrl\":\"https:\/\/www.perimeter-solutions.com\/wp-content\/uploads\/2021\/02\/perimeter-logo-RGB.png\",\"width\":794,\"height\":138,\"caption\":\"Perimeter Solutions\"},\"image\":{\"@id\":\"https:\/\/www.perimeter-solutions.com\/es\/#\/schema\/logo\/image\/\"}}]}<\/script>\n<!-- \/ Yoast SEO Premium plugin. -->","yoast_head_json":{"title":"FIRE-TROL Tierra - Perimeter Solutions","description":"FIRE-TROL \u00ae 934 (sin color) y FIRE-TROL 936 (con color) son retardadores de fuego l\u00edquidos a largo plazo formulados exclusivamente para aplicaci\u00f3n en el suelo. Se han utilizado en toda Europa a lo largo de los ferrocarriles y en \u00e1reas desarrolladas. Se consideran no t\u00f3xicos y cumplen con las directrices de la OCDE y las Directivas actuales de la UE (2005).","robots":{"index":"index","follow":"follow","max-snippet":"max-snippet:-1","max-image-preview":"max-image-preview:large","max-video-preview":"max-video-preview:-1"},"canonical":"https:\/\/www.perimeter-solutions.com\/es\/product\/fire-trol-tierra\/","og_locale":"es_ES","og_type":"article","og_title":"FIRE-TROL Tierra","og_description":"FIRE-TROL \u00ae 934 (sin color) y FIRE-TROL 936 (con color) son retardadores de fuego l\u00edquidos a largo plazo formulados exclusivamente para aplicaci\u00f3n en el suelo. Se han utilizado en toda Europa a lo largo de los ferrocarriles y en \u00e1reas desarrolladas. Se consideran no t\u00f3xicos y cumplen con las directrices de la OCDE y las Directivas actuales de la UE (2005).","og_url":"https:\/\/www.perimeter-solutions.com\/es\/product\/fire-trol-tierra\/","og_site_name":"Perimeter Solutions","article_modified_time":"2024-08-16T15:21:45+00:00","twitter_card":"summary_large_image","twitter_misc":{"Tiempo de lectura":"1 minuto"},"schema":{"@context":"https:\/\/schema.org","@graph":[{"@type":"WebPage","@id":"https:\/\/www.perimeter-solutions.com\/es\/product\/fire-trol-tierra\/","url":"https:\/\/www.perimeter-solutions.com\/es\/product\/fire-trol-tierra\/","name":"FIRE-TROL Tierra - Perimeter Solutions","isPartOf":{"@id":"https:\/\/www.perimeter-solutions.com\/es\/#website"},"primaryImageOfPage":{"@id":"https:\/\/www.perimeter-solutions.com\/es\/product\/fire-trol-tierra\/#primaryimage"},"image":{"@id":"https:\/\/www.perimeter-solutions.com\/es\/product\/fire-trol-tierra\/#primaryimage"},"thumbnailUrl":"https:\/\/www.perimeter-solutions.com\/wp-content\/uploads\/2024\/06\/PERI2643-FIRETROL934_Letter_v1.4-1-1-pdf.jpg","datePublished":"2024-06-27T19:14:03+00:00","dateModified":"2024-08-16T15:21:45+00:00","description":"FIRE-TROL \u00ae 934 (sin color) y FIRE-TROL 936 (con color) son retardadores de fuego l\u00edquidos a largo plazo formulados exclusivamente para aplicaci\u00f3n en el suelo. Se han utilizado en toda Europa a lo largo de los ferrocarriles y en \u00e1reas desarrolladas. Se consideran no t\u00f3xicos y cumplen con las directrices de la OCDE y las Directivas actuales de la UE (2005).","breadcrumb":{"@id":"https:\/\/www.perimeter-solutions.com\/es\/product\/fire-trol-tierra\/#breadcrumb"},"inLanguage":"es","potentialAction":[{"@type":"ReadAction","target":["https:\/\/www.perimeter-solutions.com\/es\/product\/fire-trol-tierra\/"]}]},{"@type":"ImageObject","inLanguage":"es","@id":"https:\/\/www.perimeter-solutions.com\/es\/product\/fire-trol-tierra\/#primaryimage","url":"https:\/\/www.perimeter-solutions.com\/wp-content\/uploads\/2024\/06\/PERI2643-FIRETROL934_Letter_v1.4-1-1-pdf.jpg","contentUrl":"https:\/\/www.perimeter-solutions.com\/wp-content\/uploads\/2024\/06\/PERI2643-FIRETROL934_Letter_v1.4-1-1-pdf.jpg"},{"@type":"BreadcrumbList","@id":"https:\/\/www.perimeter-solutions.com\/es\/product\/fire-trol-tierra\/#breadcrumb","itemListElement":[{"@type":"ListItem","position":1,"name":"Cat\u00e1logo de productos","item":"https:\/\/www.perimeter-solutions.com\/es\/product-catalog\/"},{"@type":"ListItem","position":2,"name":"FIRE-TROL Tierra"}]},{"@type":"WebSite","@id":"https:\/\/www.perimeter-solutions.com\/es\/#website","url":"https:\/\/www.perimeter-solutions.com\/es\/","name":"Perimeter Solutions","description":"","publisher":{"@id":"https:\/\/www.perimeter-solutions.com\/es\/#organization"},"potentialAction":[{"@type":"SearchAction","target":{"@type":"EntryPoint","urlTemplate":"https:\/\/www.perimeter-solutions.com\/es\/?s={search_term_string}"},"query-input":{"@type":"PropertyValueSpecification","valueRequired":true,"valueName":"search_term_string"}}],"inLanguage":"es"},{"@type":"Organization","@id":"https:\/\/www.perimeter-solutions.com\/es\/#organization","name":"Perimeter Solutions","url":"https:\/\/www.perimeter-solutions.com\/es\/","logo":{"@type":"ImageObject","inLanguage":"es","@id":"https:\/\/www.perimeter-solutions.com\/es\/#\/schema\/logo\/image\/","url":"https:\/\/www.perimeter-solutions.com\/wp-content\/uploads\/2021\/02\/perimeter-logo-RGB.png","contentUrl":"https:\/\/www.perimeter-solutions.com\/wp-content\/uploads\/2021\/02\/perimeter-logo-RGB.png","width":794,"height":138,"caption":"Perimeter Solutions"},"image":{"@id":"https:\/\/www.perimeter-solutions.com\/es\/#\/schema\/logo\/image\/"}}]}},"_links":{"self":[{"href":"https:\/\/www.perimeter-solutions.com\/es\/wp-json\/wp\/v2\/product\/42362","targetHints":{"allow":["GET"]}}],"collection":[{"href":"https:\/\/www.perimeter-solutions.com\/es\/wp-json\/wp\/v2\/product"}],"about":[{"href":"https:\/\/www.perimeter-solutions.com\/es\/wp-json\/wp\/v2\/types\/product"}],"wp:featuredmedia":[{"embeddable":true,"href":"https:\/\/www.perimeter-solutions.com\/es\/wp-json\/wp\/v2\/media\/42364"}],"wp:attachment":[{"href":"https:\/\/www.perimeter-solutions.com\/es\/wp-json\/wp\/v2\/media?parent=42362"}],"wp:term":[{"taxonomy":"product_cat","embeddable":true,"href":"https:\/\/www.perimeter-solutions.com\/es\/wp-json\/wp\/v2\/product_cat?post=42362"},{"taxonomy":"product_tag","embeddable":true,"href":"https:\/\/www.perimeter-solutions.com\/es\/wp-json\/wp\/v2\/product_tag?post=42362"}],"curies":[{"name":"wp","href":"https:\/\/api.w.org\/{rel}","templated":true}]}}