{"id":42358,"date":"2024-06-27T14:12:33","date_gmt":"2024-06-27T18:12:33","guid":{"rendered":"https:\/\/www.perimeter-solutions.com\/product\/phos-chek-wd881a\/"},"modified":"2024-08-14T19:01:39","modified_gmt":"2024-08-14T23:01:39","slug":"phos-chek-wd881a-2","status":"publish","type":"product","link":"https:\/\/www.perimeter-solutions.com\/es\/product\/phos-chek-wd881a-2\/","title":{"rendered":"PHOS-CHEK WD881A"},"content":{"rendered":"<p><span style=\"color: #000000;\"><strong>PHOS-CHEK WD881A<\/strong> es un aditivo de agua formador de espuma dise\u00f1ado para su uso en incendios de Clase A, aquellos definidos por la Asociaci\u00f3n Nacional de Protecci\u00f3n contra Incendios (NFPA) como incendios en materiales combustibles comunes como madera, tela, papel, caucho y muchos pl\u00e1sticos. Est\u00e1 compuesto por una mezcla de tensioactivos y otros componentes de rendimiento disueltos en un sistema miscible en agua. Cuando el concentrado se diluye con agua, produce una excelente &#8220;agua h\u00fameda&#8221; que luego forma una espuma estable al mezclarse con el aire.<\/span><\/p>\n<p><span style=\"color: #000000;\">El concentrado PHOS-CHEK WD881A se mezcla con agua en concentraciones excepcionalmente bajas (0,1 a 1,0% por volumen) para preparar soluciones. Por ejemplo, se mezclan 0,3 galones de concentrado WD881A con 99,7 galones de agua para preparar una soluci\u00f3n al 0,3%. Adem\u00e1s, por ejemplo, se prepara una concentraci\u00f3n de uso del 0,5% mezclando 0,5 galones de concentrado con 99,5 galones de agua. A continuaci\u00f3n, esta soluci\u00f3n se mezcla con aire para formar la espuma de extinci\u00f3n de incendios que se aplica posteriormente a los combustibles en llamas o en peligro de extinci\u00f3n.<\/span><\/p>\n<p><span style=\"color: #000000;\">PHOS-CHEK WD881A ha sido probado exhaustivamente y ha cumplido con los criterios reconocidos para ser clasificado como biodegradable en sistemas de agua. Las pruebas se han realizado utilizando tres tipos diferentes de medidas de biodegradabilidad.<\/span><\/p>\n<p><span style=\"color: #000000;\">La toxicidad aguda del concentrado PHOS-CHEK WD881A y sus soluciones se ha probado exhaustivamente. La toxicidad aguda se refiere al efecto de una exposici\u00f3n a corto plazo, como un solo contacto o ingesti\u00f3n. Estas pruebas revelaron que el producto concentrado es pr\u00e1cticamente no t\u00f3xico incluso en los niveles de exposici\u00f3n m\u00e1s altos previstos.<\/span><\/p>\n<p><span style=\"color: #000000;\"><strong>Consulta a tu experto en reglamentaci\u00f3n para conocer las restricciones y normativas aplicables en tu estado o localidad en relaci\u00f3n con la venta y distribuci\u00f3n de concentrados de espuma de la Clase A.<\/strong><\/span><\/p>\n<h4>Opciones disponibles<\/h4>\n","protected":false},"excerpt":{"rendered":"<p>PHOS-CHEK WD881A es un aditivo de agua formador de espuma dise\u00f1ado para su uso en incendios de Clase A, aquellos definidos por la Asociaci\u00f3n Nacional de Protecci\u00f3n contra Incendios (NFPA) [&hellip;]<\/p>\n","protected":false},"featured_media":42360,"template":"","meta":{"_acf_changed":false},"product_cat":[185],"product_tag":[232,252,240,258,256],"class_list":{"0":"post-42358","1":"product","2":"type-product","3":"status-publish","4":"has-post-thumbnail","6":"product_cat-class-a-es","7":"product_tag-industrial-es","8":"product_tag-municipal-es","9":"product_tag-phos-chek-es","10":"product_tag-tierra-forestale","11":"product_tag-usfs-qpl-es","13":"first","14":"instock","15":"shipping-taxable","16":"purchasable","17":"product-type-simple"},"acf":[],"yoast_head":"<!-- This site is optimized with the Yoast SEO Premium plugin v21.9 (Yoast SEO v23.5) - https:\/\/yoast.com\/wordpress\/plugins\/seo\/ -->\n<title>PHOS-CHEK WD881A - Perimeter Solutions<\/title>\n<meta name=\"description\" content=\"PHOS-CHEK WD881A es un aditivo de agua formador de espuma dise\u00f1ado para su uso en incendios de Clase A, aquellos definidos por la Asociaci\u00f3n Nacional de Protecci\u00f3n contra Incendios (NFPA) como incendios en materiales combustibles comunes como madera, tela, papel, caucho y muchos pl\u00e1sticos.\" \/>\n<meta name=\"robots\" content=\"index, follow, max-snippet:-1, max-image-preview:large, max-video-preview:-1\" \/>\n<link rel=\"canonical\" href=\"https:\/\/www.perimeter-solutions.com\/es\/product\/phos-chek-wd881a-2\/\" \/>\n<meta property=\"og:locale\" content=\"es_ES\" \/>\n<meta property=\"og:type\" content=\"article\" \/>\n<meta property=\"og:title\" content=\"PHOS-CHEK WD881A\" \/>\n<meta property=\"og:description\" content=\"PHOS-CHEK WD881A es un aditivo de agua formador de espuma dise\u00f1ado para su uso en incendios de Clase A, aquellos definidos por la Asociaci\u00f3n Nacional de Protecci\u00f3n contra Incendios (NFPA) como incendios en materiales combustibles comunes como madera, tela, papel, caucho y muchos pl\u00e1sticos.\" \/>\n<meta property=\"og:url\" content=\"https:\/\/www.perimeter-solutions.com\/es\/product\/phos-chek-wd881a-2\/\" \/>\n<meta property=\"og:site_name\" content=\"Perimeter Solutions\" \/>\n<meta property=\"article:modified_time\" content=\"2024-08-14T23:01:39+00:00\" \/>\n<meta name=\"twitter:card\" content=\"summary_large_image\" \/>\n<meta name=\"twitter:label1\" content=\"Tiempo de lectura\" \/>\n\t<meta name=\"twitter:data1\" content=\"2 minutos\" \/>\n<script type=\"application\/ld+json\" class=\"yoast-schema-graph\">{\"@context\":\"https:\/\/schema.org\",\"@graph\":[{\"@type\":\"WebPage\",\"@id\":\"https:\/\/www.perimeter-solutions.com\/es\/product\/phos-chek-wd881a-2\/\",\"url\":\"https:\/\/www.perimeter-solutions.com\/es\/product\/phos-chek-wd881a-2\/\",\"name\":\"PHOS-CHEK WD881A - Perimeter Solutions\",\"isPartOf\":{\"@id\":\"https:\/\/www.perimeter-solutions.com\/es\/#website\"},\"primaryImageOfPage\":{\"@id\":\"https:\/\/www.perimeter-solutions.com\/es\/product\/phos-chek-wd881a-2\/#primaryimage\"},\"image\":{\"@id\":\"https:\/\/www.perimeter-solutions.com\/es\/product\/phos-chek-wd881a-2\/#primaryimage\"},\"thumbnailUrl\":\"https:\/\/www.perimeter-solutions.com\/wp-content\/uploads\/2024\/06\/PC-WD881A-Class-A-Datasheet_PCC-2019053-3_AU_LETTER-pdf.jpg\",\"datePublished\":\"2024-06-27T18:12:33+00:00\",\"dateModified\":\"2024-08-14T23:01:39+00:00\",\"description\":\"PHOS-CHEK WD881A es un aditivo de agua formador de espuma dise\u00f1ado para su uso en incendios de Clase A, aquellos definidos por la Asociaci\u00f3n Nacional de Protecci\u00f3n contra Incendios (NFPA) como incendios en materiales combustibles comunes como madera, tela, papel, caucho y muchos pl\u00e1sticos.\",\"breadcrumb\":{\"@id\":\"https:\/\/www.perimeter-solutions.com\/es\/product\/phos-chek-wd881a-2\/#breadcrumb\"},\"inLanguage\":\"es\",\"potentialAction\":[{\"@type\":\"ReadAction\",\"target\":[\"https:\/\/www.perimeter-solutions.com\/es\/product\/phos-chek-wd881a-2\/\"]}]},{\"@type\":\"ImageObject\",\"inLanguage\":\"es\",\"@id\":\"https:\/\/www.perimeter-solutions.com\/es\/product\/phos-chek-wd881a-2\/#primaryimage\",\"url\":\"https:\/\/www.perimeter-solutions.com\/wp-content\/uploads\/2024\/06\/PC-WD881A-Class-A-Datasheet_PCC-2019053-3_AU_LETTER-pdf.jpg\",\"contentUrl\":\"https:\/\/www.perimeter-solutions.com\/wp-content\/uploads\/2024\/06\/PC-WD881A-Class-A-Datasheet_PCC-2019053-3_AU_LETTER-pdf.jpg\"},{\"@type\":\"BreadcrumbList\",\"@id\":\"https:\/\/www.perimeter-solutions.com\/es\/product\/phos-chek-wd881a-2\/#breadcrumb\",\"itemListElement\":[{\"@type\":\"ListItem\",\"position\":1,\"name\":\"Cat\u00e1logo de productos\",\"item\":\"https:\/\/www.perimeter-solutions.com\/es\/product-catalog\/\"},{\"@type\":\"ListItem\",\"position\":2,\"name\":\"PHOS-CHEK WD881A\"}]},{\"@type\":\"WebSite\",\"@id\":\"https:\/\/www.perimeter-solutions.com\/es\/#website\",\"url\":\"https:\/\/www.perimeter-solutions.com\/es\/\",\"name\":\"Perimeter Solutions\",\"description\":\"\",\"publisher\":{\"@id\":\"https:\/\/www.perimeter-solutions.com\/es\/#organization\"},\"potentialAction\":[{\"@type\":\"SearchAction\",\"target\":{\"@type\":\"EntryPoint\",\"urlTemplate\":\"https:\/\/www.perimeter-solutions.com\/es\/?s={search_term_string}\"},\"query-input\":{\"@type\":\"PropertyValueSpecification\",\"valueRequired\":true,\"valueName\":\"search_term_string\"}}],\"inLanguage\":\"es\"},{\"@type\":\"Organization\",\"@id\":\"https:\/\/www.perimeter-solutions.com\/es\/#organization\",\"name\":\"Perimeter Solutions\",\"url\":\"https:\/\/www.perimeter-solutions.com\/es\/\",\"logo\":{\"@type\":\"ImageObject\",\"inLanguage\":\"es\",\"@id\":\"https:\/\/www.perimeter-solutions.com\/es\/#\/schema\/logo\/image\/\",\"url\":\"https:\/\/www.perimeter-solutions.com\/wp-content\/uploads\/2021\/02\/perimeter-logo-RGB.png\",\"contentUrl\":\"https:\/\/www.perimeter-solutions.com\/wp-content\/uploads\/2021\/02\/perimeter-logo-RGB.png\",\"width\":794,\"height\":138,\"caption\":\"Perimeter Solutions\"},\"image\":{\"@id\":\"https:\/\/www.perimeter-solutions.com\/es\/#\/schema\/logo\/image\/\"}}]}<\/script>\n<!-- \/ Yoast SEO Premium plugin. -->","yoast_head_json":{"title":"PHOS-CHEK WD881A - Perimeter Solutions","description":"PHOS-CHEK WD881A es un aditivo de agua formador de espuma dise\u00f1ado para su uso en incendios de Clase A, aquellos definidos por la Asociaci\u00f3n Nacional de Protecci\u00f3n contra Incendios (NFPA) como incendios en materiales combustibles comunes como madera, tela, papel, caucho y muchos pl\u00e1sticos.","robots":{"index":"index","follow":"follow","max-snippet":"max-snippet:-1","max-image-preview":"max-image-preview:large","max-video-preview":"max-video-preview:-1"},"canonical":"https:\/\/www.perimeter-solutions.com\/es\/product\/phos-chek-wd881a-2\/","og_locale":"es_ES","og_type":"article","og_title":"PHOS-CHEK WD881A","og_description":"PHOS-CHEK WD881A es un aditivo de agua formador de espuma dise\u00f1ado para su uso en incendios de Clase A, aquellos definidos por la Asociaci\u00f3n Nacional de Protecci\u00f3n contra Incendios (NFPA) como incendios en materiales combustibles comunes como madera, tela, papel, caucho y muchos pl\u00e1sticos.","og_url":"https:\/\/www.perimeter-solutions.com\/es\/product\/phos-chek-wd881a-2\/","og_site_name":"Perimeter Solutions","article_modified_time":"2024-08-14T23:01:39+00:00","twitter_card":"summary_large_image","twitter_misc":{"Tiempo de lectura":"2 minutos"},"schema":{"@context":"https:\/\/schema.org","@graph":[{"@type":"WebPage","@id":"https:\/\/www.perimeter-solutions.com\/es\/product\/phos-chek-wd881a-2\/","url":"https:\/\/www.perimeter-solutions.com\/es\/product\/phos-chek-wd881a-2\/","name":"PHOS-CHEK WD881A - Perimeter Solutions","isPartOf":{"@id":"https:\/\/www.perimeter-solutions.com\/es\/#website"},"primaryImageOfPage":{"@id":"https:\/\/www.perimeter-solutions.com\/es\/product\/phos-chek-wd881a-2\/#primaryimage"},"image":{"@id":"https:\/\/www.perimeter-solutions.com\/es\/product\/phos-chek-wd881a-2\/#primaryimage"},"thumbnailUrl":"https:\/\/www.perimeter-solutions.com\/wp-content\/uploads\/2024\/06\/PC-WD881A-Class-A-Datasheet_PCC-2019053-3_AU_LETTER-pdf.jpg","datePublished":"2024-06-27T18:12:33+00:00","dateModified":"2024-08-14T23:01:39+00:00","description":"PHOS-CHEK WD881A es un aditivo de agua formador de espuma dise\u00f1ado para su uso en incendios de Clase A, aquellos definidos por la Asociaci\u00f3n Nacional de Protecci\u00f3n contra Incendios (NFPA) como incendios en materiales combustibles comunes como madera, tela, papel, caucho y muchos pl\u00e1sticos.","breadcrumb":{"@id":"https:\/\/www.perimeter-solutions.com\/es\/product\/phos-chek-wd881a-2\/#breadcrumb"},"inLanguage":"es","potentialAction":[{"@type":"ReadAction","target":["https:\/\/www.perimeter-solutions.com\/es\/product\/phos-chek-wd881a-2\/"]}]},{"@type":"ImageObject","inLanguage":"es","@id":"https:\/\/www.perimeter-solutions.com\/es\/product\/phos-chek-wd881a-2\/#primaryimage","url":"https:\/\/www.perimeter-solutions.com\/wp-content\/uploads\/2024\/06\/PC-WD881A-Class-A-Datasheet_PCC-2019053-3_AU_LETTER-pdf.jpg","contentUrl":"https:\/\/www.perimeter-solutions.com\/wp-content\/uploads\/2024\/06\/PC-WD881A-Class-A-Datasheet_PCC-2019053-3_AU_LETTER-pdf.jpg"},{"@type":"BreadcrumbList","@id":"https:\/\/www.perimeter-solutions.com\/es\/product\/phos-chek-wd881a-2\/#breadcrumb","itemListElement":[{"@type":"ListItem","position":1,"name":"Cat\u00e1logo de productos","item":"https:\/\/www.perimeter-solutions.com\/es\/product-catalog\/"},{"@type":"ListItem","position":2,"name":"PHOS-CHEK WD881A"}]},{"@type":"WebSite","@id":"https:\/\/www.perimeter-solutions.com\/es\/#website","url":"https:\/\/www.perimeter-solutions.com\/es\/","name":"Perimeter Solutions","description":"","publisher":{"@id":"https:\/\/www.perimeter-solutions.com\/es\/#organization"},"potentialAction":[{"@type":"SearchAction","target":{"@type":"EntryPoint","urlTemplate":"https:\/\/www.perimeter-solutions.com\/es\/?s={search_term_string}"},"query-input":{"@type":"PropertyValueSpecification","valueRequired":true,"valueName":"search_term_string"}}],"inLanguage":"es"},{"@type":"Organization","@id":"https:\/\/www.perimeter-solutions.com\/es\/#organization","name":"Perimeter Solutions","url":"https:\/\/www.perimeter-solutions.com\/es\/","logo":{"@type":"ImageObject","inLanguage":"es","@id":"https:\/\/www.perimeter-solutions.com\/es\/#\/schema\/logo\/image\/","url":"https:\/\/www.perimeter-solutions.com\/wp-content\/uploads\/2021\/02\/perimeter-logo-RGB.png","contentUrl":"https:\/\/www.perimeter-solutions.com\/wp-content\/uploads\/2021\/02\/perimeter-logo-RGB.png","width":794,"height":138,"caption":"Perimeter Solutions"},"image":{"@id":"https:\/\/www.perimeter-solutions.com\/es\/#\/schema\/logo\/image\/"}}]}},"_links":{"self":[{"href":"https:\/\/www.perimeter-solutions.com\/es\/wp-json\/wp\/v2\/product\/42358","targetHints":{"allow":["GET"]}}],"collection":[{"href":"https:\/\/www.perimeter-solutions.com\/es\/wp-json\/wp\/v2\/product"}],"about":[{"href":"https:\/\/www.perimeter-solutions.com\/es\/wp-json\/wp\/v2\/types\/product"}],"wp:featuredmedia":[{"embeddable":true,"href":"https:\/\/www.perimeter-solutions.com\/es\/wp-json\/wp\/v2\/media\/42360"}],"wp:attachment":[{"href":"https:\/\/www.perimeter-solutions.com\/es\/wp-json\/wp\/v2\/media?parent=42358"}],"wp:term":[{"taxonomy":"product_cat","embeddable":true,"href":"https:\/\/www.perimeter-solutions.com\/es\/wp-json\/wp\/v2\/product_cat?post=42358"},{"taxonomy":"product_tag","embeddable":true,"href":"https:\/\/www.perimeter-solutions.com\/es\/wp-json\/wp\/v2\/product_tag?post=42358"}],"curies":[{"name":"wp","href":"https:\/\/api.w.org\/{rel}","templated":true}]}}