{"id":42350,"date":"2024-06-27T13:37:38","date_gmt":"2024-06-27T17:37:38","guid":{"rendered":"https:\/\/www.perimeter-solutions.com\/product\/phos-chek-wd881c\/"},"modified":"2024-08-14T19:03:22","modified_gmt":"2024-08-14T23:03:22","slug":"phos-chek-wd881c-2","status":"publish","type":"product","link":"https:\/\/www.perimeter-solutions.com\/es\/product\/phos-chek-wd881c-2\/","title":{"rendered":"PHOS-CHEK WD881C"},"content":{"rendered":"<p><span style=\"color: #000000;\">El concentrado espum\u00f3geno <strong>PHOS-CHEK<sup>\u00ae<\/sup> WD881C<\/strong> de Clase A est\u00e1 especialmente formulado para que el agua sea m\u00e1s eficaz en la lucha contra incendios.<br \/>\nPHOS-CHEK WD881C proporciona las mismas caracter\u00edsticas superiores de espuma que esperas de PHOS-CHEK WD881, pero se dispersa bien, presenta una viscosidad m\u00e1s baja y proporciona una visibilidad a\u00e9rea mejorada cuando se mezcla con agua extremadamente fr\u00eda.<br \/>\nPHOS-CHEK WD881C se desarroll\u00f3 espec\u00edficamente para su uso en regiones septentrionales donde las temperaturas nocturnas de congelaci\u00f3n son habituales durante la temporada de incendios de principios de primavera y finales de oto\u00f1o.<br \/>\nLa baja viscosidad a bajas temperaturas permite que el concentrado de espuma se mezcle f\u00e1cilmente utilizando eductores, dosificadores y dispositivos de inyecci\u00f3n, incluso a temperaturas cercanas o inferiores al punto de congelaci\u00f3n. <\/span><\/p>\n<p><span style=\"color: #000000;\">La combinaci\u00f3n \u00fanica de tensioactivos del PHOS-CHEK WD881C reduce significativamente la tensi\u00f3n superficial del agua y, al mezclarse con el aire, crea una manta de espuma superior que rodea los combustibles con una gruesa capa de agua.<br \/>\nLa manta de espuma crea una barrera entre el combustible y el fuego, sofocando el incendio m\u00e1s r\u00e1pidamente que el agua sola y permite a los bomberos ver las zonas de aplicaci\u00f3n.<br \/>\nLa tensi\u00f3n superficial reducida permite que el agua penetre profundamente en los combustibles de Clase A, en lugar de acumularse y rodar antes de que pueda ser absorbida.<br \/>\nAl hacer que el agua sea m\u00e1s eficaz, se reduce la cantidad de agua necesaria para extinguir el incendio y aumenta la seguridad de los bomberos gracias a un derribo m\u00e1s r\u00e1pido y a la reducci\u00f3n de las necesidades de limpieza\/revisi\u00f3n. <\/span><\/p>\n<p><span style=\"color: #000000;\">Tanto PHOS-CHEK WD881 como WD881C son los productos espum\u00f3genos de Clase A m\u00e1s concentrados disponibles en la actualidad.<br \/>\nMuchos productos disponibles contienen mucha m\u00e1s agua en el concentrado.<br \/>\nEl agua extra en el concentrado significa que se necesitar\u00e1n mayores tasas de uso para conseguir los resultados esperados.<br \/>\nPHOS-CHEK WD881C es compatible con agua dulce, agua de mar y retardante a largo plazo.<br \/>\nLas caracter\u00edsticas de la espuma no se ven afectadas por la congelaci\u00f3n-descongelaci\u00f3n. <\/span><\/p>\n<p><span style=\"color: #000000;\">El concentrado de espuma PHOS-CHEK WD881C no contiene productos qu\u00edmicos PFAS, incluidos, entre otros, PFOS o PFOA.<br \/>\nLos tensioactivos fluorados se utilizan en los concentrados espum\u00f3genos de Clase B y son necesarios para formar una pel\u00edcula sobre los fuegos de l\u00edquidos inflamables. <\/span><\/p>\n<p><span style=\"color: #000000;\"><strong>Consulta a tu experto en reglamentaci\u00f3n para conocer las restricciones y normativas aplicables en tu estado o localidad en relaci\u00f3n con la venta y distribuci\u00f3n de concentrados de espuma de la Clase A.<\/strong><\/span><\/p>\n<h4>Opciones disponibles<\/h4>\n","protected":false},"excerpt":{"rendered":"<h4 class=\"elementor-heading-title elementor-size-default\">Baja viscosidad con visibilidad a\u00e9rea<\/h4>\n","protected":false},"featured_media":42352,"template":"","meta":{"_acf_changed":false},"product_cat":[185],"product_tag":[232,252,240,258,256],"class_list":{"0":"post-42350","1":"product","2":"type-product","3":"status-publish","4":"has-post-thumbnail","6":"product_cat-class-a-es","7":"product_tag-industrial-es","8":"product_tag-municipal-es","9":"product_tag-phos-chek-es","10":"product_tag-tierra-forestale","11":"product_tag-usfs-qpl-es","13":"first","14":"instock","15":"shipping-taxable","16":"purchasable","17":"product-type-simple"},"acf":[],"yoast_head":"<!-- This site is optimized with the Yoast SEO Premium plugin v21.9 (Yoast SEO v23.5) - https:\/\/yoast.com\/wordpress\/plugins\/seo\/ -->\n<title>PHOS-CHEK WD881C - Perimeter Solutions<\/title>\n<meta name=\"description\" content=\"El concentrado espum\u00f3geno PHOS-CHEK\u00ae WD881C de Clase A est\u00e1 especialmente formulado para que el agua sea m\u00e1s eficaz en la lucha contra incendios. PHOS-CHEK WD881C proporciona las mismas caracter\u00edsticas de espuma superior que esperas de PHOS-CHEK WD881, pero se dispersa bien, presenta una viscosidad m\u00e1s baja y proporciona una visibilidad a\u00e9rea mejorada cuando se mezcla con agua extremadamente fr\u00eda.\" \/>\n<meta name=\"robots\" content=\"index, follow, max-snippet:-1, max-image-preview:large, max-video-preview:-1\" \/>\n<link rel=\"canonical\" href=\"https:\/\/www.perimeter-solutions.com\/es\/product\/phos-chek-wd881c-2\/\" \/>\n<meta property=\"og:locale\" content=\"es_ES\" \/>\n<meta property=\"og:type\" content=\"article\" \/>\n<meta property=\"og:title\" content=\"PHOS-CHEK WD881C\" \/>\n<meta property=\"og:description\" content=\"El concentrado espum\u00f3geno PHOS-CHEK\u00ae WD881C de Clase A est\u00e1 especialmente formulado para que el agua sea m\u00e1s eficaz en la lucha contra incendios. PHOS-CHEK WD881C proporciona las mismas caracter\u00edsticas de espuma superior que esperas de PHOS-CHEK WD881, pero se dispersa bien, presenta una viscosidad m\u00e1s baja y proporciona una visibilidad a\u00e9rea mejorada cuando se mezcla con agua extremadamente fr\u00eda.\" \/>\n<meta property=\"og:url\" content=\"https:\/\/www.perimeter-solutions.com\/es\/product\/phos-chek-wd881c-2\/\" \/>\n<meta property=\"og:site_name\" content=\"Perimeter Solutions\" \/>\n<meta property=\"article:modified_time\" content=\"2024-08-14T23:03:22+00:00\" \/>\n<meta name=\"twitter:card\" content=\"summary_large_image\" \/>\n<meta name=\"twitter:label1\" content=\"Tiempo de lectura\" \/>\n\t<meta name=\"twitter:data1\" content=\"3 minutos\" \/>\n<script type=\"application\/ld+json\" class=\"yoast-schema-graph\">{\"@context\":\"https:\/\/schema.org\",\"@graph\":[{\"@type\":\"WebPage\",\"@id\":\"https:\/\/www.perimeter-solutions.com\/es\/product\/phos-chek-wd881c-2\/\",\"url\":\"https:\/\/www.perimeter-solutions.com\/es\/product\/phos-chek-wd881c-2\/\",\"name\":\"PHOS-CHEK WD881C - Perimeter Solutions\",\"isPartOf\":{\"@id\":\"https:\/\/www.perimeter-solutions.com\/es\/#website\"},\"primaryImageOfPage\":{\"@id\":\"https:\/\/www.perimeter-solutions.com\/es\/product\/phos-chek-wd881c-2\/#primaryimage\"},\"image\":{\"@id\":\"https:\/\/www.perimeter-solutions.com\/es\/product\/phos-chek-wd881c-2\/#primaryimage\"},\"thumbnailUrl\":\"https:\/\/www.perimeter-solutions.com\/wp-content\/uploads\/2024\/06\/PC-WD881C-Class-A-Datasheet_PCC-2019016-6-1-1-pdf.jpg\",\"datePublished\":\"2024-06-27T17:37:38+00:00\",\"dateModified\":\"2024-08-14T23:03:22+00:00\",\"description\":\"El concentrado espum\u00f3geno PHOS-CHEK\u00ae WD881C de Clase A est\u00e1 especialmente formulado para que el agua sea m\u00e1s eficaz en la lucha contra incendios. PHOS-CHEK WD881C proporciona las mismas caracter\u00edsticas de espuma superior que esperas de PHOS-CHEK WD881, pero se dispersa bien, presenta una viscosidad m\u00e1s baja y proporciona una visibilidad a\u00e9rea mejorada cuando se mezcla con agua extremadamente fr\u00eda.\",\"breadcrumb\":{\"@id\":\"https:\/\/www.perimeter-solutions.com\/es\/product\/phos-chek-wd881c-2\/#breadcrumb\"},\"inLanguage\":\"es\",\"potentialAction\":[{\"@type\":\"ReadAction\",\"target\":[\"https:\/\/www.perimeter-solutions.com\/es\/product\/phos-chek-wd881c-2\/\"]}]},{\"@type\":\"ImageObject\",\"inLanguage\":\"es\",\"@id\":\"https:\/\/www.perimeter-solutions.com\/es\/product\/phos-chek-wd881c-2\/#primaryimage\",\"url\":\"https:\/\/www.perimeter-solutions.com\/wp-content\/uploads\/2024\/06\/PC-WD881C-Class-A-Datasheet_PCC-2019016-6-1-1-pdf.jpg\",\"contentUrl\":\"https:\/\/www.perimeter-solutions.com\/wp-content\/uploads\/2024\/06\/PC-WD881C-Class-A-Datasheet_PCC-2019016-6-1-1-pdf.jpg\"},{\"@type\":\"BreadcrumbList\",\"@id\":\"https:\/\/www.perimeter-solutions.com\/es\/product\/phos-chek-wd881c-2\/#breadcrumb\",\"itemListElement\":[{\"@type\":\"ListItem\",\"position\":1,\"name\":\"Cat\u00e1logo de productos\",\"item\":\"https:\/\/www.perimeter-solutions.com\/es\/product-catalog\/\"},{\"@type\":\"ListItem\",\"position\":2,\"name\":\"PHOS-CHEK WD881C\"}]},{\"@type\":\"WebSite\",\"@id\":\"https:\/\/www.perimeter-solutions.com\/es\/#website\",\"url\":\"https:\/\/www.perimeter-solutions.com\/es\/\",\"name\":\"Perimeter Solutions\",\"description\":\"\",\"publisher\":{\"@id\":\"https:\/\/www.perimeter-solutions.com\/es\/#organization\"},\"potentialAction\":[{\"@type\":\"SearchAction\",\"target\":{\"@type\":\"EntryPoint\",\"urlTemplate\":\"https:\/\/www.perimeter-solutions.com\/es\/?s={search_term_string}\"},\"query-input\":{\"@type\":\"PropertyValueSpecification\",\"valueRequired\":true,\"valueName\":\"search_term_string\"}}],\"inLanguage\":\"es\"},{\"@type\":\"Organization\",\"@id\":\"https:\/\/www.perimeter-solutions.com\/es\/#organization\",\"name\":\"Perimeter Solutions\",\"url\":\"https:\/\/www.perimeter-solutions.com\/es\/\",\"logo\":{\"@type\":\"ImageObject\",\"inLanguage\":\"es\",\"@id\":\"https:\/\/www.perimeter-solutions.com\/es\/#\/schema\/logo\/image\/\",\"url\":\"https:\/\/www.perimeter-solutions.com\/wp-content\/uploads\/2021\/02\/perimeter-logo-RGB.png\",\"contentUrl\":\"https:\/\/www.perimeter-solutions.com\/wp-content\/uploads\/2021\/02\/perimeter-logo-RGB.png\",\"width\":794,\"height\":138,\"caption\":\"Perimeter Solutions\"},\"image\":{\"@id\":\"https:\/\/www.perimeter-solutions.com\/es\/#\/schema\/logo\/image\/\"}}]}<\/script>\n<!-- \/ Yoast SEO Premium plugin. -->","yoast_head_json":{"title":"PHOS-CHEK WD881C - Perimeter Solutions","description":"El concentrado espum\u00f3geno PHOS-CHEK\u00ae WD881C de Clase A est\u00e1 especialmente formulado para que el agua sea m\u00e1s eficaz en la lucha contra incendios. PHOS-CHEK WD881C proporciona las mismas caracter\u00edsticas de espuma superior que esperas de PHOS-CHEK WD881, pero se dispersa bien, presenta una viscosidad m\u00e1s baja y proporciona una visibilidad a\u00e9rea mejorada cuando se mezcla con agua extremadamente fr\u00eda.","robots":{"index":"index","follow":"follow","max-snippet":"max-snippet:-1","max-image-preview":"max-image-preview:large","max-video-preview":"max-video-preview:-1"},"canonical":"https:\/\/www.perimeter-solutions.com\/es\/product\/phos-chek-wd881c-2\/","og_locale":"es_ES","og_type":"article","og_title":"PHOS-CHEK WD881C","og_description":"El concentrado espum\u00f3geno PHOS-CHEK\u00ae WD881C de Clase A est\u00e1 especialmente formulado para que el agua sea m\u00e1s eficaz en la lucha contra incendios. PHOS-CHEK WD881C proporciona las mismas caracter\u00edsticas de espuma superior que esperas de PHOS-CHEK WD881, pero se dispersa bien, presenta una viscosidad m\u00e1s baja y proporciona una visibilidad a\u00e9rea mejorada cuando se mezcla con agua extremadamente fr\u00eda.","og_url":"https:\/\/www.perimeter-solutions.com\/es\/product\/phos-chek-wd881c-2\/","og_site_name":"Perimeter Solutions","article_modified_time":"2024-08-14T23:03:22+00:00","twitter_card":"summary_large_image","twitter_misc":{"Tiempo de lectura":"3 minutos"},"schema":{"@context":"https:\/\/schema.org","@graph":[{"@type":"WebPage","@id":"https:\/\/www.perimeter-solutions.com\/es\/product\/phos-chek-wd881c-2\/","url":"https:\/\/www.perimeter-solutions.com\/es\/product\/phos-chek-wd881c-2\/","name":"PHOS-CHEK WD881C - Perimeter Solutions","isPartOf":{"@id":"https:\/\/www.perimeter-solutions.com\/es\/#website"},"primaryImageOfPage":{"@id":"https:\/\/www.perimeter-solutions.com\/es\/product\/phos-chek-wd881c-2\/#primaryimage"},"image":{"@id":"https:\/\/www.perimeter-solutions.com\/es\/product\/phos-chek-wd881c-2\/#primaryimage"},"thumbnailUrl":"https:\/\/www.perimeter-solutions.com\/wp-content\/uploads\/2024\/06\/PC-WD881C-Class-A-Datasheet_PCC-2019016-6-1-1-pdf.jpg","datePublished":"2024-06-27T17:37:38+00:00","dateModified":"2024-08-14T23:03:22+00:00","description":"El concentrado espum\u00f3geno PHOS-CHEK\u00ae WD881C de Clase A est\u00e1 especialmente formulado para que el agua sea m\u00e1s eficaz en la lucha contra incendios. PHOS-CHEK WD881C proporciona las mismas caracter\u00edsticas de espuma superior que esperas de PHOS-CHEK WD881, pero se dispersa bien, presenta una viscosidad m\u00e1s baja y proporciona una visibilidad a\u00e9rea mejorada cuando se mezcla con agua extremadamente fr\u00eda.","breadcrumb":{"@id":"https:\/\/www.perimeter-solutions.com\/es\/product\/phos-chek-wd881c-2\/#breadcrumb"},"inLanguage":"es","potentialAction":[{"@type":"ReadAction","target":["https:\/\/www.perimeter-solutions.com\/es\/product\/phos-chek-wd881c-2\/"]}]},{"@type":"ImageObject","inLanguage":"es","@id":"https:\/\/www.perimeter-solutions.com\/es\/product\/phos-chek-wd881c-2\/#primaryimage","url":"https:\/\/www.perimeter-solutions.com\/wp-content\/uploads\/2024\/06\/PC-WD881C-Class-A-Datasheet_PCC-2019016-6-1-1-pdf.jpg","contentUrl":"https:\/\/www.perimeter-solutions.com\/wp-content\/uploads\/2024\/06\/PC-WD881C-Class-A-Datasheet_PCC-2019016-6-1-1-pdf.jpg"},{"@type":"BreadcrumbList","@id":"https:\/\/www.perimeter-solutions.com\/es\/product\/phos-chek-wd881c-2\/#breadcrumb","itemListElement":[{"@type":"ListItem","position":1,"name":"Cat\u00e1logo de productos","item":"https:\/\/www.perimeter-solutions.com\/es\/product-catalog\/"},{"@type":"ListItem","position":2,"name":"PHOS-CHEK WD881C"}]},{"@type":"WebSite","@id":"https:\/\/www.perimeter-solutions.com\/es\/#website","url":"https:\/\/www.perimeter-solutions.com\/es\/","name":"Perimeter Solutions","description":"","publisher":{"@id":"https:\/\/www.perimeter-solutions.com\/es\/#organization"},"potentialAction":[{"@type":"SearchAction","target":{"@type":"EntryPoint","urlTemplate":"https:\/\/www.perimeter-solutions.com\/es\/?s={search_term_string}"},"query-input":{"@type":"PropertyValueSpecification","valueRequired":true,"valueName":"search_term_string"}}],"inLanguage":"es"},{"@type":"Organization","@id":"https:\/\/www.perimeter-solutions.com\/es\/#organization","name":"Perimeter Solutions","url":"https:\/\/www.perimeter-solutions.com\/es\/","logo":{"@type":"ImageObject","inLanguage":"es","@id":"https:\/\/www.perimeter-solutions.com\/es\/#\/schema\/logo\/image\/","url":"https:\/\/www.perimeter-solutions.com\/wp-content\/uploads\/2021\/02\/perimeter-logo-RGB.png","contentUrl":"https:\/\/www.perimeter-solutions.com\/wp-content\/uploads\/2021\/02\/perimeter-logo-RGB.png","width":794,"height":138,"caption":"Perimeter Solutions"},"image":{"@id":"https:\/\/www.perimeter-solutions.com\/es\/#\/schema\/logo\/image\/"}}]}},"_links":{"self":[{"href":"https:\/\/www.perimeter-solutions.com\/es\/wp-json\/wp\/v2\/product\/42350","targetHints":{"allow":["GET"]}}],"collection":[{"href":"https:\/\/www.perimeter-solutions.com\/es\/wp-json\/wp\/v2\/product"}],"about":[{"href":"https:\/\/www.perimeter-solutions.com\/es\/wp-json\/wp\/v2\/types\/product"}],"wp:featuredmedia":[{"embeddable":true,"href":"https:\/\/www.perimeter-solutions.com\/es\/wp-json\/wp\/v2\/media\/42352"}],"wp:attachment":[{"href":"https:\/\/www.perimeter-solutions.com\/es\/wp-json\/wp\/v2\/media?parent=42350"}],"wp:term":[{"taxonomy":"product_cat","embeddable":true,"href":"https:\/\/www.perimeter-solutions.com\/es\/wp-json\/wp\/v2\/product_cat?post=42350"},{"taxonomy":"product_tag","embeddable":true,"href":"https:\/\/www.perimeter-solutions.com\/es\/wp-json\/wp\/v2\/product_tag?post=42350"}],"curies":[{"name":"wp","href":"https:\/\/api.w.org\/{rel}","templated":true}]}}