{"id":42306,"date":"2024-06-28T13:31:16","date_gmt":"2024-06-28T17:31:16","guid":{"rendered":"https:\/\/www.perimeter-solutions.com\/product\/auxquimia-sf-60l-espumogeno-sintetico-multiexpansivo-concentrado-3\/"},"modified":"2024-08-14T20:04:00","modified_gmt":"2024-08-15T00:04:00","slug":"auxquimia-sf-60l-espumogeno-sintetico-multiexpansivo-concentrado-3","status":"publish","type":"product","link":"https:\/\/www.perimeter-solutions.com\/es\/product\/auxquimia-sf-60l-espumogeno-sintetico-multiexpansivo-concentrado-3\/","title":{"rendered":"AUXQUIMIA<sup>\u00ae<\/sup> SF-60L ESPUM\u00d3GENO SINT\u00c9TICO MULTIEXPANSIVO CONCENTRADO (3%)"},"content":{"rendered":"<div>\n<p><strong>AUXQUIMIA<sup>\u00ae<\/sup> SF-60L<\/strong> es un compuesto espum\u00f3geno sint\u00e9tico especialmente dise\u00f1ado para ser utilizado en generadores de espuma de alta y media expansi\u00f3n para combatir incendios de clase A y clase B (hidrocarburos). Este producto contiene tensioactivos sint\u00e9ticos con muy buena resistencia a la dureza del agua y es f\u00e1cilmente biodegradable. La espuma muestra una buena estabilidad y se drena lentamente. AUXQUIMIA SF-60L puede utilizarse con equipos convencionales, pero se ha dise\u00f1ado especialmente para trabajar con generadores de alta expansi\u00f3n que deben aspirar los gases de combusti\u00f3n producidos en el interior de los edificios incendiados (sistemas HOTFOAM), e incluso el humo de la combusti\u00f3n del PVC. Se puede utilizar con agua dulce y salada. AUXQUIMIA SF-60L est\u00e1 dise\u00f1ado para utilizarse con equipos de espuma de alta, media y baja expansi\u00f3n. La espuma de alta expansi\u00f3n con coeficiente de dilataci\u00f3n de 500 a 1.000 es adecuada para extinguir incendios en interiores por sofocaci\u00f3n. Como espuma de expansi\u00f3n media, puede utilizarse en exteriores, rellenando lugares peque\u00f1os y cubriendo r\u00e1pidamente los derrames. Tambi\u00e9n puede utilizarse para producir espuma de baja y muy baja expansi\u00f3n (utilizando boquillas de pulverizaci\u00f3n de agua) para fines generales (lucha contra incendios de clase A y B). Cuando se utiliza para extinguir fuegos de hidrocarburos ligeros, se emplea una aplicaci\u00f3n suave y una tasa de aplicaci\u00f3n creciente (l\/min.m2). El \u00edndice de dosificaci\u00f3n es del 3% en agua dulce o salada para la producci\u00f3n de todo tipo de espumas expansivas.<\/p>\n<p><strong>CERTIFICACIONES: <\/strong>EN-1568-1 y EN-1568-3 con agua dulce y de mar (clase IIIC).<\/p>\n<\/div>\n<p>&nbsp;<\/p>\n<h4>Opciones disponibles<\/h4>\n","protected":false},"excerpt":{"rendered":"<p>AUXQUIMIA\u00ae SF-60L es un compuesto espum\u00f3geno sint\u00e9tico especialmente dise\u00f1ado para ser utilizado en generadores de espuma de alta y media expansi\u00f3n para combatir incendios de clase A y clase B [&hellip;]<\/p>\n","protected":false},"featured_media":42307,"template":"","meta":{"_acf_changed":false},"product_cat":[188,200],"product_tag":[214,222,232,246,248],"class_list":{"0":"post-42306","1":"product","2":"type-product","3":"status-publish","4":"has-post-thumbnail","6":"product_cat-class-b-es","7":"product_cat-hi-ex-foam-concentrate-es","8":"product_tag-auxquimia-es","9":"product_tag-en-1568-es","10":"product_tag-industrial-es","11":"product_tag-marina-es","12":"product_tag-petroleo-y-gas","14":"first","15":"instock","16":"shipping-taxable","17":"purchasable","18":"product-type-simple"},"acf":[],"yoast_head":"<!-- This site is optimized with the Yoast SEO Premium plugin v21.9 (Yoast SEO v23.5) - https:\/\/yoast.com\/wordpress\/plugins\/seo\/ -->\n<title>AUXQUIMIA\u00ae SF-60L ESPUM\u00d3GENO SINT\u00c9TICO MULTIEXPANSIVO CONCENTRADO (3%) - Perimeter Solutions<\/title>\n<meta name=\"description\" content=\"AUXQUIMIA\u00ae SF-60L es un compuesto espum\u00f3geno sint\u00e9tico especialmente dise\u00f1ado para ser utilizado en generadores de espuma de alta y media expansi\u00f3n para combatir incendios de clase A y clase B (hidrocarburos).\" \/>\n<meta name=\"robots\" content=\"index, follow, max-snippet:-1, max-image-preview:large, max-video-preview:-1\" \/>\n<link rel=\"canonical\" href=\"https:\/\/www.perimeter-solutions.com\/es\/product\/auxquimia-sf-60l-espumogeno-sintetico-multiexpansivo-concentrado-3\/\" \/>\n<meta property=\"og:locale\" content=\"es_ES\" \/>\n<meta property=\"og:type\" content=\"article\" \/>\n<meta property=\"og:title\" content=\"AUXQUIMIA\u00ae SF-60L ESPUM\u00d3GENO SINT\u00c9TICO MULTIEXPANSIVO CONCENTRADO (3%)\" \/>\n<meta property=\"og:description\" content=\"AUXQUIMIA\u00ae SF-60L es un compuesto espum\u00f3geno sint\u00e9tico especialmente dise\u00f1ado para ser utilizado en generadores de espuma de alta y media expansi\u00f3n para combatir incendios de clase A y clase B (hidrocarburos).\" \/>\n<meta property=\"og:url\" content=\"https:\/\/www.perimeter-solutions.com\/es\/product\/auxquimia-sf-60l-espumogeno-sintetico-multiexpansivo-concentrado-3\/\" \/>\n<meta property=\"og:site_name\" content=\"Perimeter Solutions\" \/>\n<meta property=\"article:modified_time\" content=\"2024-08-15T00:04:00+00:00\" \/>\n<meta property=\"og:image\" content=\"https:\/\/www.perimeter-solutions.com\/wp-content\/uploads\/2024\/06\/AUXQUIMIA-SF-60L_Page_1.jpg\" \/>\n\t<meta property=\"og:image:width\" content=\"1445\" \/>\n\t<meta property=\"og:image:height\" content=\"1870\" \/>\n\t<meta property=\"og:image:type\" content=\"image\/jpeg\" \/>\n<meta name=\"twitter:card\" content=\"summary_large_image\" \/>\n<meta name=\"twitter:label1\" content=\"Tiempo de lectura\" \/>\n\t<meta name=\"twitter:data1\" content=\"2 minutos\" \/>\n<script type=\"application\/ld+json\" class=\"yoast-schema-graph\">{\"@context\":\"https:\/\/schema.org\",\"@graph\":[{\"@type\":\"WebPage\",\"@id\":\"https:\/\/www.perimeter-solutions.com\/es\/product\/auxquimia-sf-60l-espumogeno-sintetico-multiexpansivo-concentrado-3\/\",\"url\":\"https:\/\/www.perimeter-solutions.com\/es\/product\/auxquimia-sf-60l-espumogeno-sintetico-multiexpansivo-concentrado-3\/\",\"name\":\"AUXQUIMIA\u00ae SF-60L ESPUM\u00d3GENO SINT\u00c9TICO MULTIEXPANSIVO CONCENTRADO (3%) - Perimeter Solutions\",\"isPartOf\":{\"@id\":\"https:\/\/www.perimeter-solutions.com\/es\/#website\"},\"primaryImageOfPage\":{\"@id\":\"https:\/\/www.perimeter-solutions.com\/es\/product\/auxquimia-sf-60l-espumogeno-sintetico-multiexpansivo-concentrado-3\/#primaryimage\"},\"image\":{\"@id\":\"https:\/\/www.perimeter-solutions.com\/es\/product\/auxquimia-sf-60l-espumogeno-sintetico-multiexpansivo-concentrado-3\/#primaryimage\"},\"thumbnailUrl\":\"https:\/\/www.perimeter-solutions.com\/wp-content\/uploads\/2024\/06\/AUXQUIMIA-SF-60L_Page_1.jpg\",\"datePublished\":\"2024-06-28T17:31:16+00:00\",\"dateModified\":\"2024-08-15T00:04:00+00:00\",\"description\":\"AUXQUIMIA\u00ae SF-60L es un compuesto espum\u00f3geno sint\u00e9tico especialmente dise\u00f1ado para ser utilizado en generadores de espuma de alta y media expansi\u00f3n para combatir incendios de clase A y clase B (hidrocarburos).\",\"breadcrumb\":{\"@id\":\"https:\/\/www.perimeter-solutions.com\/es\/product\/auxquimia-sf-60l-espumogeno-sintetico-multiexpansivo-concentrado-3\/#breadcrumb\"},\"inLanguage\":\"es\",\"potentialAction\":[{\"@type\":\"ReadAction\",\"target\":[\"https:\/\/www.perimeter-solutions.com\/es\/product\/auxquimia-sf-60l-espumogeno-sintetico-multiexpansivo-concentrado-3\/\"]}]},{\"@type\":\"ImageObject\",\"inLanguage\":\"es\",\"@id\":\"https:\/\/www.perimeter-solutions.com\/es\/product\/auxquimia-sf-60l-espumogeno-sintetico-multiexpansivo-concentrado-3\/#primaryimage\",\"url\":\"https:\/\/www.perimeter-solutions.com\/wp-content\/uploads\/2024\/06\/AUXQUIMIA-SF-60L_Page_1.jpg\",\"contentUrl\":\"https:\/\/www.perimeter-solutions.com\/wp-content\/uploads\/2024\/06\/AUXQUIMIA-SF-60L_Page_1.jpg\",\"width\":1445,\"height\":1870},{\"@type\":\"BreadcrumbList\",\"@id\":\"https:\/\/www.perimeter-solutions.com\/es\/product\/auxquimia-sf-60l-espumogeno-sintetico-multiexpansivo-concentrado-3\/#breadcrumb\",\"itemListElement\":[{\"@type\":\"ListItem\",\"position\":1,\"name\":\"Cat\u00e1logo de productos\",\"item\":\"https:\/\/www.perimeter-solutions.com\/es\/product-catalog\/\"},{\"@type\":\"ListItem\",\"position\":2,\"name\":\"AUXQUIMIA\u00ae SF-60L ESPUM\u00d3GENO SINT\u00c9TICO MULTIEXPANSIVO CONCENTRADO (3%)\"}]},{\"@type\":\"WebSite\",\"@id\":\"https:\/\/www.perimeter-solutions.com\/es\/#website\",\"url\":\"https:\/\/www.perimeter-solutions.com\/es\/\",\"name\":\"Perimeter Solutions\",\"description\":\"\",\"publisher\":{\"@id\":\"https:\/\/www.perimeter-solutions.com\/es\/#organization\"},\"potentialAction\":[{\"@type\":\"SearchAction\",\"target\":{\"@type\":\"EntryPoint\",\"urlTemplate\":\"https:\/\/www.perimeter-solutions.com\/es\/?s={search_term_string}\"},\"query-input\":{\"@type\":\"PropertyValueSpecification\",\"valueRequired\":true,\"valueName\":\"search_term_string\"}}],\"inLanguage\":\"es\"},{\"@type\":\"Organization\",\"@id\":\"https:\/\/www.perimeter-solutions.com\/es\/#organization\",\"name\":\"Perimeter Solutions\",\"url\":\"https:\/\/www.perimeter-solutions.com\/es\/\",\"logo\":{\"@type\":\"ImageObject\",\"inLanguage\":\"es\",\"@id\":\"https:\/\/www.perimeter-solutions.com\/es\/#\/schema\/logo\/image\/\",\"url\":\"https:\/\/www.perimeter-solutions.com\/wp-content\/uploads\/2021\/02\/perimeter-logo-RGB.png\",\"contentUrl\":\"https:\/\/www.perimeter-solutions.com\/wp-content\/uploads\/2021\/02\/perimeter-logo-RGB.png\",\"width\":794,\"height\":138,\"caption\":\"Perimeter Solutions\"},\"image\":{\"@id\":\"https:\/\/www.perimeter-solutions.com\/es\/#\/schema\/logo\/image\/\"}}]}<\/script>\n<!-- \/ Yoast SEO Premium plugin. -->","yoast_head_json":{"title":"AUXQUIMIA\u00ae SF-60L ESPUM\u00d3GENO SINT\u00c9TICO MULTIEXPANSIVO CONCENTRADO (3%) - Perimeter Solutions","description":"AUXQUIMIA\u00ae SF-60L es un compuesto espum\u00f3geno sint\u00e9tico especialmente dise\u00f1ado para ser utilizado en generadores de espuma de alta y media expansi\u00f3n para combatir incendios de clase A y clase B (hidrocarburos).","robots":{"index":"index","follow":"follow","max-snippet":"max-snippet:-1","max-image-preview":"max-image-preview:large","max-video-preview":"max-video-preview:-1"},"canonical":"https:\/\/www.perimeter-solutions.com\/es\/product\/auxquimia-sf-60l-espumogeno-sintetico-multiexpansivo-concentrado-3\/","og_locale":"es_ES","og_type":"article","og_title":"AUXQUIMIA\u00ae SF-60L ESPUM\u00d3GENO SINT\u00c9TICO MULTIEXPANSIVO CONCENTRADO (3%)","og_description":"AUXQUIMIA\u00ae SF-60L es un compuesto espum\u00f3geno sint\u00e9tico especialmente dise\u00f1ado para ser utilizado en generadores de espuma de alta y media expansi\u00f3n para combatir incendios de clase A y clase B (hidrocarburos).","og_url":"https:\/\/www.perimeter-solutions.com\/es\/product\/auxquimia-sf-60l-espumogeno-sintetico-multiexpansivo-concentrado-3\/","og_site_name":"Perimeter Solutions","article_modified_time":"2024-08-15T00:04:00+00:00","og_image":[{"width":1445,"height":1870,"url":"https:\/\/www.perimeter-solutions.com\/wp-content\/uploads\/2024\/06\/AUXQUIMIA-SF-60L_Page_1.jpg","type":"image\/jpeg"}],"twitter_card":"summary_large_image","twitter_misc":{"Tiempo de lectura":"2 minutos"},"schema":{"@context":"https:\/\/schema.org","@graph":[{"@type":"WebPage","@id":"https:\/\/www.perimeter-solutions.com\/es\/product\/auxquimia-sf-60l-espumogeno-sintetico-multiexpansivo-concentrado-3\/","url":"https:\/\/www.perimeter-solutions.com\/es\/product\/auxquimia-sf-60l-espumogeno-sintetico-multiexpansivo-concentrado-3\/","name":"AUXQUIMIA\u00ae SF-60L ESPUM\u00d3GENO SINT\u00c9TICO MULTIEXPANSIVO CONCENTRADO (3%) - Perimeter Solutions","isPartOf":{"@id":"https:\/\/www.perimeter-solutions.com\/es\/#website"},"primaryImageOfPage":{"@id":"https:\/\/www.perimeter-solutions.com\/es\/product\/auxquimia-sf-60l-espumogeno-sintetico-multiexpansivo-concentrado-3\/#primaryimage"},"image":{"@id":"https:\/\/www.perimeter-solutions.com\/es\/product\/auxquimia-sf-60l-espumogeno-sintetico-multiexpansivo-concentrado-3\/#primaryimage"},"thumbnailUrl":"https:\/\/www.perimeter-solutions.com\/wp-content\/uploads\/2024\/06\/AUXQUIMIA-SF-60L_Page_1.jpg","datePublished":"2024-06-28T17:31:16+00:00","dateModified":"2024-08-15T00:04:00+00:00","description":"AUXQUIMIA\u00ae SF-60L es un compuesto espum\u00f3geno sint\u00e9tico especialmente dise\u00f1ado para ser utilizado en generadores de espuma de alta y media expansi\u00f3n para combatir incendios de clase A y clase B (hidrocarburos).","breadcrumb":{"@id":"https:\/\/www.perimeter-solutions.com\/es\/product\/auxquimia-sf-60l-espumogeno-sintetico-multiexpansivo-concentrado-3\/#breadcrumb"},"inLanguage":"es","potentialAction":[{"@type":"ReadAction","target":["https:\/\/www.perimeter-solutions.com\/es\/product\/auxquimia-sf-60l-espumogeno-sintetico-multiexpansivo-concentrado-3\/"]}]},{"@type":"ImageObject","inLanguage":"es","@id":"https:\/\/www.perimeter-solutions.com\/es\/product\/auxquimia-sf-60l-espumogeno-sintetico-multiexpansivo-concentrado-3\/#primaryimage","url":"https:\/\/www.perimeter-solutions.com\/wp-content\/uploads\/2024\/06\/AUXQUIMIA-SF-60L_Page_1.jpg","contentUrl":"https:\/\/www.perimeter-solutions.com\/wp-content\/uploads\/2024\/06\/AUXQUIMIA-SF-60L_Page_1.jpg","width":1445,"height":1870},{"@type":"BreadcrumbList","@id":"https:\/\/www.perimeter-solutions.com\/es\/product\/auxquimia-sf-60l-espumogeno-sintetico-multiexpansivo-concentrado-3\/#breadcrumb","itemListElement":[{"@type":"ListItem","position":1,"name":"Cat\u00e1logo de productos","item":"https:\/\/www.perimeter-solutions.com\/es\/product-catalog\/"},{"@type":"ListItem","position":2,"name":"AUXQUIMIA\u00ae SF-60L ESPUM\u00d3GENO SINT\u00c9TICO MULTIEXPANSIVO CONCENTRADO (3%)"}]},{"@type":"WebSite","@id":"https:\/\/www.perimeter-solutions.com\/es\/#website","url":"https:\/\/www.perimeter-solutions.com\/es\/","name":"Perimeter Solutions","description":"","publisher":{"@id":"https:\/\/www.perimeter-solutions.com\/es\/#organization"},"potentialAction":[{"@type":"SearchAction","target":{"@type":"EntryPoint","urlTemplate":"https:\/\/www.perimeter-solutions.com\/es\/?s={search_term_string}"},"query-input":{"@type":"PropertyValueSpecification","valueRequired":true,"valueName":"search_term_string"}}],"inLanguage":"es"},{"@type":"Organization","@id":"https:\/\/www.perimeter-solutions.com\/es\/#organization","name":"Perimeter Solutions","url":"https:\/\/www.perimeter-solutions.com\/es\/","logo":{"@type":"ImageObject","inLanguage":"es","@id":"https:\/\/www.perimeter-solutions.com\/es\/#\/schema\/logo\/image\/","url":"https:\/\/www.perimeter-solutions.com\/wp-content\/uploads\/2021\/02\/perimeter-logo-RGB.png","contentUrl":"https:\/\/www.perimeter-solutions.com\/wp-content\/uploads\/2021\/02\/perimeter-logo-RGB.png","width":794,"height":138,"caption":"Perimeter Solutions"},"image":{"@id":"https:\/\/www.perimeter-solutions.com\/es\/#\/schema\/logo\/image\/"}}]}},"_links":{"self":[{"href":"https:\/\/www.perimeter-solutions.com\/es\/wp-json\/wp\/v2\/product\/42306","targetHints":{"allow":["GET"]}}],"collection":[{"href":"https:\/\/www.perimeter-solutions.com\/es\/wp-json\/wp\/v2\/product"}],"about":[{"href":"https:\/\/www.perimeter-solutions.com\/es\/wp-json\/wp\/v2\/types\/product"}],"wp:featuredmedia":[{"embeddable":true,"href":"https:\/\/www.perimeter-solutions.com\/es\/wp-json\/wp\/v2\/media\/42307"}],"wp:attachment":[{"href":"https:\/\/www.perimeter-solutions.com\/es\/wp-json\/wp\/v2\/media?parent=42306"}],"wp:term":[{"taxonomy":"product_cat","embeddable":true,"href":"https:\/\/www.perimeter-solutions.com\/es\/wp-json\/wp\/v2\/product_cat?post=42306"},{"taxonomy":"product_tag","embeddable":true,"href":"https:\/\/www.perimeter-solutions.com\/es\/wp-json\/wp\/v2\/product_tag?post=42306"}],"curies":[{"name":"wp","href":"https:\/\/api.w.org\/{rel}","templated":true}]}}