{"id":42279,"date":"2024-06-28T14:18:29","date_gmt":"2024-06-28T18:18:29","guid":{"rendered":"https:\/\/www.perimeter-solutions.com\/product\/solberg-re-healing-rf1-fp-sfff\/"},"modified":"2024-08-16T14:12:03","modified_gmt":"2024-08-16T18:12:03","slug":"solberg-re-healing-rf1-fp-sfff","status":"publish","type":"product","link":"https:\/\/www.perimeter-solutions.com\/es\/product\/solberg-re-healing-rf1-fp-sfff\/","title":{"rendered":"SOLBERG<sup>\u00ae<\/sup> RE-HEALING\u2122 RF1-FP SFFF"},"content":{"rendered":"<div>\n<p><strong>SOLBERG<sup>\u00ae<\/sup> RE-HEALING\u2122 RF1-FP SFFF<\/strong> est\u00e1 dise\u00f1ado espec\u00edficamente para satisfacer las necesidades de los sistemas flotantes de producci\u00f3n, almacenamiento y descarga (FPSO). Est\u00e1 fabricado con tecnolog\u00eda de vanguardia que no es persistente, no contiene productos qu\u00edmicos de silicona\/siloxano ni sustancias perfluoroalquiladas y polifluoroalquiladas (PFAS) a\u00f1adidas intencionadamente. SOLBERG RE-HEALING RF1-FP SFFF es un concentrado espum\u00f3geno newtoniano, de baja viscosidad, sin fl\u00faor y protegido contra la congelaci\u00f3n al 1%, que combina tensioactivos y aditivos de hidrocarburos patentados para proporcionar una excelente formaci\u00f3n de espuma, sellado de vapor y estabilidad.<\/p>\n<p><strong>APLICACIONES<\/strong><\/p>\n<p>SOLBERG RE-HEALING RF1-FP SFFF est\u00e1 dise\u00f1ado para el r\u00e1pido derribo y extinci\u00f3n de incendios provocados por derrames de hidrocarburos, y puede utilizarse con dispositivos de descarga de baja expansi\u00f3n, incluyendo una variedad de boquillas y monitores. Es totalmente compatible y f\u00e1cil de dosificar con los equipos est\u00e1ndar de extinci\u00f3n de incendios, incluidos inductores en l\u00ednea, boquillas autoinductoras, bombas de cami\u00f3n de bomberos, dep\u00f3sitos de vejiga, patines de bomba, sistemas de presi\u00f3n equilibrada, etc.<\/p>\n<p><strong>CERTIFICACIONES<\/strong><\/p>\n<p>SOLBERG RE-HEALING RF1-FP SFFF cumple las siguientes normas:<\/p>\n<ul>\n<li>EN 1568-3:2018<\/li>\n<li>Agua dulce: IB \/ Agua de mar: IB<\/li>\n<li>Aprobaci\u00f3n de tipo de la American Bureau of Shipping (ABS)<\/li>\n<li>LASTFIRE certificado por lotes como BUENO\/BUENO\/ACPT con 3 boquillas (semi, asp, sistema)<\/li>\n<\/ul>\n<\/div>\n<p>&nbsp;<\/p>\n<h4>Opciones disponibles<\/h4>\n","protected":false},"excerpt":{"rendered":"<p>SOLBERG\u00ae RE-HEALING\u2122 RF1-FP SFFF est\u00e1 dise\u00f1ado espec\u00edficamente para satisfacer las necesidades de los sistemas flotantes de producci\u00f3n, almacenamiento y descarga (FPSO). Est\u00e1 fabricado con tecnolog\u00eda de vanguardia que no es [&hellip;]<\/p>\n","protected":false},"featured_media":42281,"template":"","meta":{"_acf_changed":false},"product_cat":[197,188],"product_tag":[216,222,236,246,248,242],"class_list":{"0":"post-42279","1":"product","2":"type-product","3":"status-publish","4":"has-post-thumbnail","6":"product_cat-class-b-fluorine-free-es","7":"product_cat-class-b-es","8":"product_tag-american-bureau-of-shipping-approval-es","9":"product_tag-en-1568-es","10":"product_tag-lastfire-es","11":"product_tag-marina-es","12":"product_tag-petroleo-y-gas","13":"product_tag-solberg-es","15":"first","16":"instock","17":"shipping-taxable","18":"purchasable","19":"product-type-simple"},"acf":[],"yoast_head":"<!-- This site is optimized with the Yoast SEO Premium plugin v21.9 (Yoast SEO v23.5) - https:\/\/yoast.com\/wordpress\/plugins\/seo\/ -->\n<title>SOLBERG\u00ae RE-HEALING\u2122 RF1-FP SFFF - Perimeter Solutions<\/title>\n<meta name=\"robots\" content=\"index, follow, max-snippet:-1, max-image-preview:large, max-video-preview:-1\" \/>\n<link rel=\"canonical\" href=\"https:\/\/www.perimeter-solutions.com\/es\/product\/solberg-re-healing-rf1-fp-sfff\/\" \/>\n<meta property=\"og:locale\" content=\"es_ES\" \/>\n<meta property=\"og:type\" content=\"article\" \/>\n<meta property=\"og:title\" content=\"SOLBERG\u00ae RE-HEALING\u2122 RF1-FP SFFF\" \/>\n<meta property=\"og:description\" content=\"SOLBERG\u00ae RE-HEALING\u2122 RF1-FP SFFF est\u00e1 dise\u00f1ado espec\u00edficamente para satisfacer las necesidades de los sistemas flotantes de producci\u00f3n, almacenamiento y descarga (FPSO). Est\u00e1 fabricado con tecnolog\u00eda de vanguardia que no es [&hellip;]\" \/>\n<meta property=\"og:url\" content=\"https:\/\/www.perimeter-solutions.com\/es\/product\/solberg-re-healing-rf1-fp-sfff\/\" \/>\n<meta property=\"og:site_name\" content=\"Perimeter Solutions\" \/>\n<meta property=\"article:modified_time\" content=\"2024-08-16T18:12:03+00:00\" \/>\n<meta name=\"twitter:card\" content=\"summary_large_image\" \/>\n<meta name=\"twitter:label1\" content=\"Tiempo de lectura\" \/>\n\t<meta name=\"twitter:data1\" content=\"2 minutos\" \/>\n<script type=\"application\/ld+json\" class=\"yoast-schema-graph\">{\"@context\":\"https:\/\/schema.org\",\"@graph\":[{\"@type\":\"WebPage\",\"@id\":\"https:\/\/www.perimeter-solutions.com\/es\/product\/solberg-re-healing-rf1-fp-sfff\/\",\"url\":\"https:\/\/www.perimeter-solutions.com\/es\/product\/solberg-re-healing-rf1-fp-sfff\/\",\"name\":\"SOLBERG\u00ae RE-HEALING\u2122 RF1-FP SFFF - Perimeter Solutions\",\"isPartOf\":{\"@id\":\"https:\/\/www.perimeter-solutions.com\/es\/#website\"},\"primaryImageOfPage\":{\"@id\":\"https:\/\/www.perimeter-solutions.com\/es\/product\/solberg-re-healing-rf1-fp-sfff\/#primaryimage\"},\"image\":{\"@id\":\"https:\/\/www.perimeter-solutions.com\/es\/product\/solberg-re-healing-rf1-fp-sfff\/#primaryimage\"},\"thumbnailUrl\":\"https:\/\/www.perimeter-solutions.com\/wp-content\/uploads\/2024\/06\/PERI2455_PSS-2024108_RF1-FP-SFFF_Letter_v2.2-1-1-pdf.jpg\",\"datePublished\":\"2024-06-28T18:18:29+00:00\",\"dateModified\":\"2024-08-16T18:12:03+00:00\",\"breadcrumb\":{\"@id\":\"https:\/\/www.perimeter-solutions.com\/es\/product\/solberg-re-healing-rf1-fp-sfff\/#breadcrumb\"},\"inLanguage\":\"es\",\"potentialAction\":[{\"@type\":\"ReadAction\",\"target\":[\"https:\/\/www.perimeter-solutions.com\/es\/product\/solberg-re-healing-rf1-fp-sfff\/\"]}]},{\"@type\":\"ImageObject\",\"inLanguage\":\"es\",\"@id\":\"https:\/\/www.perimeter-solutions.com\/es\/product\/solberg-re-healing-rf1-fp-sfff\/#primaryimage\",\"url\":\"https:\/\/www.perimeter-solutions.com\/wp-content\/uploads\/2024\/06\/PERI2455_PSS-2024108_RF1-FP-SFFF_Letter_v2.2-1-1-pdf.jpg\",\"contentUrl\":\"https:\/\/www.perimeter-solutions.com\/wp-content\/uploads\/2024\/06\/PERI2455_PSS-2024108_RF1-FP-SFFF_Letter_v2.2-1-1-pdf.jpg\"},{\"@type\":\"BreadcrumbList\",\"@id\":\"https:\/\/www.perimeter-solutions.com\/es\/product\/solberg-re-healing-rf1-fp-sfff\/#breadcrumb\",\"itemListElement\":[{\"@type\":\"ListItem\",\"position\":1,\"name\":\"Cat\u00e1logo de productos\",\"item\":\"https:\/\/www.perimeter-solutions.com\/es\/product-catalog\/\"},{\"@type\":\"ListItem\",\"position\":2,\"name\":\"SOLBERG\u00ae RE-HEALING\u2122 RF1-FP SFFF\"}]},{\"@type\":\"WebSite\",\"@id\":\"https:\/\/www.perimeter-solutions.com\/es\/#website\",\"url\":\"https:\/\/www.perimeter-solutions.com\/es\/\",\"name\":\"Perimeter Solutions\",\"description\":\"\",\"publisher\":{\"@id\":\"https:\/\/www.perimeter-solutions.com\/es\/#organization\"},\"potentialAction\":[{\"@type\":\"SearchAction\",\"target\":{\"@type\":\"EntryPoint\",\"urlTemplate\":\"https:\/\/www.perimeter-solutions.com\/es\/?s={search_term_string}\"},\"query-input\":{\"@type\":\"PropertyValueSpecification\",\"valueRequired\":true,\"valueName\":\"search_term_string\"}}],\"inLanguage\":\"es\"},{\"@type\":\"Organization\",\"@id\":\"https:\/\/www.perimeter-solutions.com\/es\/#organization\",\"name\":\"Perimeter Solutions\",\"url\":\"https:\/\/www.perimeter-solutions.com\/es\/\",\"logo\":{\"@type\":\"ImageObject\",\"inLanguage\":\"es\",\"@id\":\"https:\/\/www.perimeter-solutions.com\/es\/#\/schema\/logo\/image\/\",\"url\":\"https:\/\/www.perimeter-solutions.com\/wp-content\/uploads\/2021\/02\/perimeter-logo-RGB.png\",\"contentUrl\":\"https:\/\/www.perimeter-solutions.com\/wp-content\/uploads\/2021\/02\/perimeter-logo-RGB.png\",\"width\":794,\"height\":138,\"caption\":\"Perimeter Solutions\"},\"image\":{\"@id\":\"https:\/\/www.perimeter-solutions.com\/es\/#\/schema\/logo\/image\/\"}}]}<\/script>\n<!-- \/ Yoast SEO Premium plugin. -->","yoast_head_json":{"title":"SOLBERG\u00ae RE-HEALING\u2122 RF1-FP SFFF - Perimeter Solutions","robots":{"index":"index","follow":"follow","max-snippet":"max-snippet:-1","max-image-preview":"max-image-preview:large","max-video-preview":"max-video-preview:-1"},"canonical":"https:\/\/www.perimeter-solutions.com\/es\/product\/solberg-re-healing-rf1-fp-sfff\/","og_locale":"es_ES","og_type":"article","og_title":"SOLBERG\u00ae RE-HEALING\u2122 RF1-FP SFFF","og_description":"SOLBERG\u00ae RE-HEALING\u2122 RF1-FP SFFF est\u00e1 dise\u00f1ado espec\u00edficamente para satisfacer las necesidades de los sistemas flotantes de producci\u00f3n, almacenamiento y descarga (FPSO). Est\u00e1 fabricado con tecnolog\u00eda de vanguardia que no es [&hellip;]","og_url":"https:\/\/www.perimeter-solutions.com\/es\/product\/solberg-re-healing-rf1-fp-sfff\/","og_site_name":"Perimeter Solutions","article_modified_time":"2024-08-16T18:12:03+00:00","twitter_card":"summary_large_image","twitter_misc":{"Tiempo de lectura":"2 minutos"},"schema":{"@context":"https:\/\/schema.org","@graph":[{"@type":"WebPage","@id":"https:\/\/www.perimeter-solutions.com\/es\/product\/solberg-re-healing-rf1-fp-sfff\/","url":"https:\/\/www.perimeter-solutions.com\/es\/product\/solberg-re-healing-rf1-fp-sfff\/","name":"SOLBERG\u00ae RE-HEALING\u2122 RF1-FP SFFF - Perimeter Solutions","isPartOf":{"@id":"https:\/\/www.perimeter-solutions.com\/es\/#website"},"primaryImageOfPage":{"@id":"https:\/\/www.perimeter-solutions.com\/es\/product\/solberg-re-healing-rf1-fp-sfff\/#primaryimage"},"image":{"@id":"https:\/\/www.perimeter-solutions.com\/es\/product\/solberg-re-healing-rf1-fp-sfff\/#primaryimage"},"thumbnailUrl":"https:\/\/www.perimeter-solutions.com\/wp-content\/uploads\/2024\/06\/PERI2455_PSS-2024108_RF1-FP-SFFF_Letter_v2.2-1-1-pdf.jpg","datePublished":"2024-06-28T18:18:29+00:00","dateModified":"2024-08-16T18:12:03+00:00","breadcrumb":{"@id":"https:\/\/www.perimeter-solutions.com\/es\/product\/solberg-re-healing-rf1-fp-sfff\/#breadcrumb"},"inLanguage":"es","potentialAction":[{"@type":"ReadAction","target":["https:\/\/www.perimeter-solutions.com\/es\/product\/solberg-re-healing-rf1-fp-sfff\/"]}]},{"@type":"ImageObject","inLanguage":"es","@id":"https:\/\/www.perimeter-solutions.com\/es\/product\/solberg-re-healing-rf1-fp-sfff\/#primaryimage","url":"https:\/\/www.perimeter-solutions.com\/wp-content\/uploads\/2024\/06\/PERI2455_PSS-2024108_RF1-FP-SFFF_Letter_v2.2-1-1-pdf.jpg","contentUrl":"https:\/\/www.perimeter-solutions.com\/wp-content\/uploads\/2024\/06\/PERI2455_PSS-2024108_RF1-FP-SFFF_Letter_v2.2-1-1-pdf.jpg"},{"@type":"BreadcrumbList","@id":"https:\/\/www.perimeter-solutions.com\/es\/product\/solberg-re-healing-rf1-fp-sfff\/#breadcrumb","itemListElement":[{"@type":"ListItem","position":1,"name":"Cat\u00e1logo de productos","item":"https:\/\/www.perimeter-solutions.com\/es\/product-catalog\/"},{"@type":"ListItem","position":2,"name":"SOLBERG\u00ae RE-HEALING\u2122 RF1-FP SFFF"}]},{"@type":"WebSite","@id":"https:\/\/www.perimeter-solutions.com\/es\/#website","url":"https:\/\/www.perimeter-solutions.com\/es\/","name":"Perimeter Solutions","description":"","publisher":{"@id":"https:\/\/www.perimeter-solutions.com\/es\/#organization"},"potentialAction":[{"@type":"SearchAction","target":{"@type":"EntryPoint","urlTemplate":"https:\/\/www.perimeter-solutions.com\/es\/?s={search_term_string}"},"query-input":{"@type":"PropertyValueSpecification","valueRequired":true,"valueName":"search_term_string"}}],"inLanguage":"es"},{"@type":"Organization","@id":"https:\/\/www.perimeter-solutions.com\/es\/#organization","name":"Perimeter Solutions","url":"https:\/\/www.perimeter-solutions.com\/es\/","logo":{"@type":"ImageObject","inLanguage":"es","@id":"https:\/\/www.perimeter-solutions.com\/es\/#\/schema\/logo\/image\/","url":"https:\/\/www.perimeter-solutions.com\/wp-content\/uploads\/2021\/02\/perimeter-logo-RGB.png","contentUrl":"https:\/\/www.perimeter-solutions.com\/wp-content\/uploads\/2021\/02\/perimeter-logo-RGB.png","width":794,"height":138,"caption":"Perimeter Solutions"},"image":{"@id":"https:\/\/www.perimeter-solutions.com\/es\/#\/schema\/logo\/image\/"}}]}},"_links":{"self":[{"href":"https:\/\/www.perimeter-solutions.com\/es\/wp-json\/wp\/v2\/product\/42279","targetHints":{"allow":["GET"]}}],"collection":[{"href":"https:\/\/www.perimeter-solutions.com\/es\/wp-json\/wp\/v2\/product"}],"about":[{"href":"https:\/\/www.perimeter-solutions.com\/es\/wp-json\/wp\/v2\/types\/product"}],"wp:featuredmedia":[{"embeddable":true,"href":"https:\/\/www.perimeter-solutions.com\/es\/wp-json\/wp\/v2\/media\/42281"}],"wp:attachment":[{"href":"https:\/\/www.perimeter-solutions.com\/es\/wp-json\/wp\/v2\/media?parent=42279"}],"wp:term":[{"taxonomy":"product_cat","embeddable":true,"href":"https:\/\/www.perimeter-solutions.com\/es\/wp-json\/wp\/v2\/product_cat?post=42279"},{"taxonomy":"product_tag","embeddable":true,"href":"https:\/\/www.perimeter-solutions.com\/es\/wp-json\/wp\/v2\/product_tag?post=42279"}],"curies":[{"name":"wp","href":"https:\/\/api.w.org\/{rel}","templated":true}]}}