{"id":42274,"date":"2024-06-28T14:23:34","date_gmt":"2024-06-28T18:23:34","guid":{"rendered":"https:\/\/www.perimeter-solutions.com\/product\/concentrado-de-espuma-solberg-re-healing-rf3x6\/"},"modified":"2024-06-28T14:23:34","modified_gmt":"2024-06-28T18:23:34","slug":"concentrado-de-espuma-solberg-re-healing-rf3x6","status":"publish","type":"product","link":"https:\/\/www.perimeter-solutions.com\/es\/product\/concentrado-de-espuma-solberg-re-healing-rf3x6\/","title":{"rendered":"CONCENTRADO DE ESPUMA SOLBERG\u00ae RE-HEALING\u2122 RF3X6"},"content":{"rendered":"<div>\n<p><strong>El espum\u00f3geno <sup>SOLBERG\u00ae<\/sup> RE HEALING\u2122 RF <\/strong>3X6 ATC es un innovador espum\u00f3geno sin fluorosurfactantes ni fluoropol\u00edmeros, sostenible desde el punto de vista medioambiental, que se utiliza para extinguir eficazmente incendios de combustibles de hidrocarburos de Clase B al 3% y de combustibles de disolventes polares al 6% de soluci\u00f3n.<br \/>\nLa espuma SOLBERG RE HEALING RF3x6 ATC puede utilizarse en agua dulce, salada o salobre.<br \/>\nLa espuma SOLBERG RE HEALING RF3x6 ATC posee una excelente resistencia al retroceso por combusti\u00f3n gracias a sus notables caracter\u00edsticas de fluidez y r\u00e1pido resellado.<br \/>\nLos concentrados de espuma RE HEALING est\u00e1n formulados con una nueva tecnolog\u00eda de espuma sint\u00e9tica de alto rendimiento para sustituir a los concentrados de espuma AFFF y FFFP tradicionales y a las antiguas espumas prote\u00ednicas y fluoroprote\u00ednicas.<br \/>\nEl concentrado de espuma SOLBERG RE HEALING RF3x6 ATC est\u00e1 pensado para su uso en incendios de hidrocarburos de Clase B o de combustibles con disolventes polares.     La espuma se puede utilizar para evitar la reignici\u00f3n de un derrame de l\u00edquido y controlar los vapores peligrosos. En combustibles de Clase A, la espuma SOLBERG RE HEALING RF3x6 ATC mejorar\u00e1 la extinci\u00f3n en fuegos profundos. Los dispositivos de descarga de espuma, como los de aspiraci\u00f3n de aire, as\u00ed como los equipos sin aspiraci\u00f3n de aire, incluidos los rociadores est\u00e1ndar, se pueden utilizar para obtener los mejores resultados. El producto se mezcla con 3 partes de concentrado de espuma con 97 partes de agua para combustibles de hidrocarburos o 6 partes de concentrado de espuma con 94 partes de agua para combustibles solventes polares. Tambi\u00e9n se puede utilizar como soluci\u00f3n de premezcla. La espuma SOLBERG RE HEALING RF3x6 ATC es compatible con la mayor\u00eda de los agentes en polvo seco (qu\u00edmicos). <strong>CERTIFICACIONES: <\/strong>Aprobada seg\u00fan la Norma Europea EN 1568 Parte 3 y 4, la Organizaci\u00f3n Mar\u00edtima Internacional (OMI) MSC.1\/Circ.1312 y cumple los requisitos de calidad y pruebas de rendimiento de LASTFIRE.<\/div>\n<p><\/p>\n<h4>Opciones disponibles<\/h4>\n","protected":false},"excerpt":{"rendered":"<p>El espum\u00f3geno SOLBERG\u00ae RE HEALING\u2122 RF 3X6 ATC es un innovador espum\u00f3geno sin fluorosurfactantes ni fluoropol\u00edmeros, sostenible desde el punto de vista medioambiental, que se utiliza para extinguir eficazmente incendios [&hellip;]<\/p>\n","protected":false},"featured_media":42276,"template":"","meta":{"_acf_changed":false},"product_cat":[197,188],"product_tag":[252,242],"class_list":{"0":"post-42274","1":"product","2":"type-product","3":"status-publish","4":"has-post-thumbnail","6":"product_cat-class-b-fluorine-free-es","7":"product_cat-class-b-es","8":"product_tag-municipal-es","9":"product_tag-solberg-es","11":"first","12":"instock","13":"shipping-taxable","14":"purchasable","15":"product-type-simple"},"acf":[],"yoast_head":"<!-- This site is optimized with the Yoast SEO Premium plugin v21.9 (Yoast SEO v23.5) - https:\/\/yoast.com\/wordpress\/plugins\/seo\/ -->\n<title>CONCENTRADO DE ESPUMA SOLBERG\u00ae RE-HEALING\u2122 RF3X6 - Perimeter Solutions<\/title>\n<meta name=\"robots\" content=\"index, follow, max-snippet:-1, max-image-preview:large, max-video-preview:-1\" \/>\n<link rel=\"canonical\" href=\"https:\/\/www.perimeter-solutions.com\/es\/product\/concentrado-de-espuma-solberg-re-healing-rf3x6\/\" \/>\n<meta property=\"og:locale\" content=\"es_ES\" \/>\n<meta property=\"og:type\" content=\"article\" \/>\n<meta property=\"og:title\" content=\"CONCENTRADO DE ESPUMA SOLBERG\u00ae RE-HEALING\u2122 RF3X6\" \/>\n<meta property=\"og:description\" content=\"El espum\u00f3geno SOLBERG\u00ae RE HEALING\u2122 RF 3X6 ATC es un innovador espum\u00f3geno sin fluorosurfactantes ni fluoropol\u00edmeros, sostenible desde el punto de vista medioambiental, que se utiliza para extinguir eficazmente incendios [&hellip;]\" \/>\n<meta property=\"og:url\" content=\"https:\/\/www.perimeter-solutions.com\/es\/product\/concentrado-de-espuma-solberg-re-healing-rf3x6\/\" \/>\n<meta property=\"og:site_name\" content=\"Perimeter Solutions\" \/>\n<meta name=\"twitter:card\" content=\"summary_large_image\" \/>\n<meta name=\"twitter:label1\" content=\"Tiempo de lectura\" \/>\n\t<meta name=\"twitter:data1\" content=\"2 minutos\" \/>\n<script type=\"application\/ld+json\" class=\"yoast-schema-graph\">{\"@context\":\"https:\/\/schema.org\",\"@graph\":[{\"@type\":\"WebPage\",\"@id\":\"https:\/\/www.perimeter-solutions.com\/es\/product\/concentrado-de-espuma-solberg-re-healing-rf3x6\/\",\"url\":\"https:\/\/www.perimeter-solutions.com\/es\/product\/concentrado-de-espuma-solberg-re-healing-rf3x6\/\",\"name\":\"CONCENTRADO DE ESPUMA SOLBERG\u00ae RE-HEALING\u2122 RF3X6 - Perimeter Solutions\",\"isPartOf\":{\"@id\":\"https:\/\/www.perimeter-solutions.com\/es\/#website\"},\"primaryImageOfPage\":{\"@id\":\"https:\/\/www.perimeter-solutions.com\/es\/product\/concentrado-de-espuma-solberg-re-healing-rf3x6\/#primaryimage\"},\"image\":{\"@id\":\"https:\/\/www.perimeter-solutions.com\/es\/product\/concentrado-de-espuma-solberg-re-healing-rf3x6\/#primaryimage\"},\"thumbnailUrl\":\"https:\/\/www.perimeter-solutions.com\/wp-content\/uploads\/2024\/06\/PERI_Rehealing_RF3x6_FP_ATC_FoamConcentrate_Datasheet_v2-pdf.jpg\",\"datePublished\":\"2024-06-28T18:23:34+00:00\",\"dateModified\":\"2024-06-28T18:23:34+00:00\",\"breadcrumb\":{\"@id\":\"https:\/\/www.perimeter-solutions.com\/es\/product\/concentrado-de-espuma-solberg-re-healing-rf3x6\/#breadcrumb\"},\"inLanguage\":\"es\",\"potentialAction\":[{\"@type\":\"ReadAction\",\"target\":[\"https:\/\/www.perimeter-solutions.com\/es\/product\/concentrado-de-espuma-solberg-re-healing-rf3x6\/\"]}]},{\"@type\":\"ImageObject\",\"inLanguage\":\"es\",\"@id\":\"https:\/\/www.perimeter-solutions.com\/es\/product\/concentrado-de-espuma-solberg-re-healing-rf3x6\/#primaryimage\",\"url\":\"https:\/\/www.perimeter-solutions.com\/wp-content\/uploads\/2024\/06\/PERI_Rehealing_RF3x6_FP_ATC_FoamConcentrate_Datasheet_v2-pdf.jpg\",\"contentUrl\":\"https:\/\/www.perimeter-solutions.com\/wp-content\/uploads\/2024\/06\/PERI_Rehealing_RF3x6_FP_ATC_FoamConcentrate_Datasheet_v2-pdf.jpg\"},{\"@type\":\"BreadcrumbList\",\"@id\":\"https:\/\/www.perimeter-solutions.com\/es\/product\/concentrado-de-espuma-solberg-re-healing-rf3x6\/#breadcrumb\",\"itemListElement\":[{\"@type\":\"ListItem\",\"position\":1,\"name\":\"Cat\u00e1logo de productos\",\"item\":\"https:\/\/www.perimeter-solutions.com\/es\/product-catalog\/\"},{\"@type\":\"ListItem\",\"position\":2,\"name\":\"CONCENTRADO DE ESPUMA SOLBERG\u00ae RE-HEALING\u2122 RF3X6\"}]},{\"@type\":\"WebSite\",\"@id\":\"https:\/\/www.perimeter-solutions.com\/es\/#website\",\"url\":\"https:\/\/www.perimeter-solutions.com\/es\/\",\"name\":\"Perimeter Solutions\",\"description\":\"\",\"publisher\":{\"@id\":\"https:\/\/www.perimeter-solutions.com\/es\/#organization\"},\"potentialAction\":[{\"@type\":\"SearchAction\",\"target\":{\"@type\":\"EntryPoint\",\"urlTemplate\":\"https:\/\/www.perimeter-solutions.com\/es\/?s={search_term_string}\"},\"query-input\":{\"@type\":\"PropertyValueSpecification\",\"valueRequired\":true,\"valueName\":\"search_term_string\"}}],\"inLanguage\":\"es\"},{\"@type\":\"Organization\",\"@id\":\"https:\/\/www.perimeter-solutions.com\/es\/#organization\",\"name\":\"Perimeter Solutions\",\"url\":\"https:\/\/www.perimeter-solutions.com\/es\/\",\"logo\":{\"@type\":\"ImageObject\",\"inLanguage\":\"es\",\"@id\":\"https:\/\/www.perimeter-solutions.com\/es\/#\/schema\/logo\/image\/\",\"url\":\"https:\/\/www.perimeter-solutions.com\/wp-content\/uploads\/2021\/02\/perimeter-logo-RGB.png\",\"contentUrl\":\"https:\/\/www.perimeter-solutions.com\/wp-content\/uploads\/2021\/02\/perimeter-logo-RGB.png\",\"width\":794,\"height\":138,\"caption\":\"Perimeter Solutions\"},\"image\":{\"@id\":\"https:\/\/www.perimeter-solutions.com\/es\/#\/schema\/logo\/image\/\"}}]}<\/script>\n<!-- \/ Yoast SEO Premium plugin. -->","yoast_head_json":{"title":"CONCENTRADO DE ESPUMA SOLBERG\u00ae RE-HEALING\u2122 RF3X6 - Perimeter Solutions","robots":{"index":"index","follow":"follow","max-snippet":"max-snippet:-1","max-image-preview":"max-image-preview:large","max-video-preview":"max-video-preview:-1"},"canonical":"https:\/\/www.perimeter-solutions.com\/es\/product\/concentrado-de-espuma-solberg-re-healing-rf3x6\/","og_locale":"es_ES","og_type":"article","og_title":"CONCENTRADO DE ESPUMA SOLBERG\u00ae RE-HEALING\u2122 RF3X6","og_description":"El espum\u00f3geno SOLBERG\u00ae RE HEALING\u2122 RF 3X6 ATC es un innovador espum\u00f3geno sin fluorosurfactantes ni fluoropol\u00edmeros, sostenible desde el punto de vista medioambiental, que se utiliza para extinguir eficazmente incendios [&hellip;]","og_url":"https:\/\/www.perimeter-solutions.com\/es\/product\/concentrado-de-espuma-solberg-re-healing-rf3x6\/","og_site_name":"Perimeter Solutions","twitter_card":"summary_large_image","twitter_misc":{"Tiempo de lectura":"2 minutos"},"schema":{"@context":"https:\/\/schema.org","@graph":[{"@type":"WebPage","@id":"https:\/\/www.perimeter-solutions.com\/es\/product\/concentrado-de-espuma-solberg-re-healing-rf3x6\/","url":"https:\/\/www.perimeter-solutions.com\/es\/product\/concentrado-de-espuma-solberg-re-healing-rf3x6\/","name":"CONCENTRADO DE ESPUMA SOLBERG\u00ae RE-HEALING\u2122 RF3X6 - Perimeter Solutions","isPartOf":{"@id":"https:\/\/www.perimeter-solutions.com\/es\/#website"},"primaryImageOfPage":{"@id":"https:\/\/www.perimeter-solutions.com\/es\/product\/concentrado-de-espuma-solberg-re-healing-rf3x6\/#primaryimage"},"image":{"@id":"https:\/\/www.perimeter-solutions.com\/es\/product\/concentrado-de-espuma-solberg-re-healing-rf3x6\/#primaryimage"},"thumbnailUrl":"https:\/\/www.perimeter-solutions.com\/wp-content\/uploads\/2024\/06\/PERI_Rehealing_RF3x6_FP_ATC_FoamConcentrate_Datasheet_v2-pdf.jpg","datePublished":"2024-06-28T18:23:34+00:00","dateModified":"2024-06-28T18:23:34+00:00","breadcrumb":{"@id":"https:\/\/www.perimeter-solutions.com\/es\/product\/concentrado-de-espuma-solberg-re-healing-rf3x6\/#breadcrumb"},"inLanguage":"es","potentialAction":[{"@type":"ReadAction","target":["https:\/\/www.perimeter-solutions.com\/es\/product\/concentrado-de-espuma-solberg-re-healing-rf3x6\/"]}]},{"@type":"ImageObject","inLanguage":"es","@id":"https:\/\/www.perimeter-solutions.com\/es\/product\/concentrado-de-espuma-solberg-re-healing-rf3x6\/#primaryimage","url":"https:\/\/www.perimeter-solutions.com\/wp-content\/uploads\/2024\/06\/PERI_Rehealing_RF3x6_FP_ATC_FoamConcentrate_Datasheet_v2-pdf.jpg","contentUrl":"https:\/\/www.perimeter-solutions.com\/wp-content\/uploads\/2024\/06\/PERI_Rehealing_RF3x6_FP_ATC_FoamConcentrate_Datasheet_v2-pdf.jpg"},{"@type":"BreadcrumbList","@id":"https:\/\/www.perimeter-solutions.com\/es\/product\/concentrado-de-espuma-solberg-re-healing-rf3x6\/#breadcrumb","itemListElement":[{"@type":"ListItem","position":1,"name":"Cat\u00e1logo de productos","item":"https:\/\/www.perimeter-solutions.com\/es\/product-catalog\/"},{"@type":"ListItem","position":2,"name":"CONCENTRADO DE ESPUMA SOLBERG\u00ae RE-HEALING\u2122 RF3X6"}]},{"@type":"WebSite","@id":"https:\/\/www.perimeter-solutions.com\/es\/#website","url":"https:\/\/www.perimeter-solutions.com\/es\/","name":"Perimeter Solutions","description":"","publisher":{"@id":"https:\/\/www.perimeter-solutions.com\/es\/#organization"},"potentialAction":[{"@type":"SearchAction","target":{"@type":"EntryPoint","urlTemplate":"https:\/\/www.perimeter-solutions.com\/es\/?s={search_term_string}"},"query-input":{"@type":"PropertyValueSpecification","valueRequired":true,"valueName":"search_term_string"}}],"inLanguage":"es"},{"@type":"Organization","@id":"https:\/\/www.perimeter-solutions.com\/es\/#organization","name":"Perimeter Solutions","url":"https:\/\/www.perimeter-solutions.com\/es\/","logo":{"@type":"ImageObject","inLanguage":"es","@id":"https:\/\/www.perimeter-solutions.com\/es\/#\/schema\/logo\/image\/","url":"https:\/\/www.perimeter-solutions.com\/wp-content\/uploads\/2021\/02\/perimeter-logo-RGB.png","contentUrl":"https:\/\/www.perimeter-solutions.com\/wp-content\/uploads\/2021\/02\/perimeter-logo-RGB.png","width":794,"height":138,"caption":"Perimeter Solutions"},"image":{"@id":"https:\/\/www.perimeter-solutions.com\/es\/#\/schema\/logo\/image\/"}}]}},"_links":{"self":[{"href":"https:\/\/www.perimeter-solutions.com\/es\/wp-json\/wp\/v2\/product\/42274","targetHints":{"allow":["GET"]}}],"collection":[{"href":"https:\/\/www.perimeter-solutions.com\/es\/wp-json\/wp\/v2\/product"}],"about":[{"href":"https:\/\/www.perimeter-solutions.com\/es\/wp-json\/wp\/v2\/types\/product"}],"wp:featuredmedia":[{"embeddable":true,"href":"https:\/\/www.perimeter-solutions.com\/es\/wp-json\/wp\/v2\/media\/42276"}],"wp:attachment":[{"href":"https:\/\/www.perimeter-solutions.com\/es\/wp-json\/wp\/v2\/media?parent=42274"}],"wp:term":[{"taxonomy":"product_cat","embeddable":true,"href":"https:\/\/www.perimeter-solutions.com\/es\/wp-json\/wp\/v2\/product_cat?post=42274"},{"taxonomy":"product_tag","embeddable":true,"href":"https:\/\/www.perimeter-solutions.com\/es\/wp-json\/wp\/v2\/product_tag?post=42274"}],"curies":[{"name":"wp","href":"https:\/\/api.w.org\/{rel}","templated":true}]}}