{"id":42271,"date":"2024-06-28T14:15:30","date_gmt":"2024-06-28T18:15:30","guid":{"rendered":"https:\/\/www.perimeter-solutions.com\/product\/auxquimia-unipol-ff-05\/"},"modified":"2024-08-14T20:06:22","modified_gmt":"2024-08-15T00:06:22","slug":"auxquimia-unipol-ff-05","status":"publish","type":"product","link":"https:\/\/www.perimeter-solutions.com\/es\/product\/auxquimia-unipol-ff-05\/","title":{"rendered":"AUXQUIMIA<sup>\u00ae<\/sup> UNIPOL-FF\u2122 0,5"},"content":{"rendered":"<p><span style=\"color: #000000;\"><strong>AUXQUIMIA<sup>\u00ae<\/sup> UNIPOL-FF<sup>\u2122<\/sup> 0,5 <\/strong>es un espum\u00f3geno concentrado de baja viscosidad, sin fl\u00faor, formulado con una combinaci\u00f3n especial de tensioactivos de hidrocarburos que confiere excelentes propiedades espumantes, extintoras y de reabsorci\u00f3n a sus soluciones espum\u00f3genas. <strong>No contiene compuestos organohalogenados.<\/strong> Puede utilizarse para apagar incendios de hidrocarburos y de clase A (s\u00f3lidos).<\/span><\/p>\n<p><span style=\"color: #000000;\">AUXQUIMIA UNIPOL-FF 0,5 se ha dise\u00f1ado para generar espumas de gran fluidez y drenaje lento. Se utiliza principalmente en fuegos de hidrocarburos y puede aplicarse incluso con fuerza; capacidad hasta ahora s\u00f3lo reservada a los agentes AFFF. A diferencia de los agentes AFFF, no forma una pel\u00edcula acuosa sobre los hidrocarburos porque no contiene tensioactivos fluorados. Los excelentes tiempos de extinci\u00f3n son posibles gracias a su buena capacidad espumante, alta retenci\u00f3n de agua y gran oleofobicidad. Debido a la falta de esta pel\u00edcula acuosa, se recomienda cubrir el combustible con una capa de espuma lo suficientemente gruesa como para evitar que la superficie del combustible pueda quedar expuesta y encenderse de nuevo. Su buena capacidad de humectaci\u00f3n y gran retenci\u00f3n de agua lo hacen muy adecuado para extinguir fuegos de Clase A (s\u00f3lidos) tanto con boquillas de pulverizaci\u00f3n como de baja expansi\u00f3n.<\/span><\/p>\n<p><span style=\"color: #000000;\">El \u00edndice de diluci\u00f3n es del 0,5% en agua dulce para hidrocarburos y fuegos de clase A. Puede dosificarse con equipos est\u00e1ndar (inductores en l\u00ednea, dep\u00f3sitos de vejiga, sistemas de presi\u00f3n equilibrada, etc.).<\/span><\/p>\n<h4>Opciones disponibles<\/h4>\n","protected":false},"excerpt":{"rendered":"<p>AUXQUIMIA\u00ae UNIPOL-FF\u2122 0,5 es un espum\u00f3geno concentrado de baja viscosidad, sin fl\u00faor, formulado con una combinaci\u00f3n especial de tensioactivos de hidrocarburos que confiere excelentes propiedades espumantes, extintoras y de reabsorci\u00f3n [&hellip;]<\/p>\n","protected":false},"featured_media":42273,"template":"","meta":{"_acf_changed":false},"product_cat":[197,188],"product_tag":[214,222,232,252],"class_list":{"0":"post-42271","1":"product","2":"type-product","3":"status-publish","4":"has-post-thumbnail","6":"product_cat-class-b-fluorine-free-es","7":"product_cat-class-b-es","8":"product_tag-auxquimia-es","9":"product_tag-en-1568-es","10":"product_tag-industrial-es","11":"product_tag-municipal-es","13":"first","14":"instock","15":"shipping-taxable","16":"purchasable","17":"product-type-simple"},"acf":[],"yoast_head":"<!-- This site is optimized with the Yoast SEO Premium plugin v21.9 (Yoast SEO v23.5) - https:\/\/yoast.com\/wordpress\/plugins\/seo\/ -->\n<title>AUXQUIMIA\u00ae UNIPOL-FF\u2122 0,5 - Perimeter Solutions<\/title>\n<meta name=\"description\" content=\"AUXQUIMIA\u00ae UNIPOL-FF\u2122 0,5 es un concentrado espum\u00f3geno de baja viscosidad, sin fl\u00faor, formulado con una combinaci\u00f3n especial de tensioactivos de hidrocarburos que confiere excelentes propiedades espumantes, extintoras y de reabsorci\u00f3n a sus soluciones espum\u00f3genas.\" \/>\n<meta name=\"robots\" content=\"index, follow, max-snippet:-1, max-image-preview:large, max-video-preview:-1\" \/>\n<link rel=\"canonical\" href=\"https:\/\/www.perimeter-solutions.com\/es\/product\/auxquimia-unipol-ff-05\/\" \/>\n<meta property=\"og:locale\" content=\"es_ES\" \/>\n<meta property=\"og:type\" content=\"article\" \/>\n<meta property=\"og:title\" content=\"AUXQUIMIA\u00ae UNIPOL-FF\u2122 0,5\" \/>\n<meta property=\"og:description\" content=\"AUXQUIMIA\u00ae UNIPOL-FF\u2122 0,5 es un concentrado espum\u00f3geno de baja viscosidad, sin fl\u00faor, formulado con una combinaci\u00f3n especial de tensioactivos de hidrocarburos que confiere excelentes propiedades espumantes, extintoras y de reabsorci\u00f3n a sus soluciones espum\u00f3genas.\" \/>\n<meta property=\"og:url\" content=\"https:\/\/www.perimeter-solutions.com\/es\/product\/auxquimia-unipol-ff-05\/\" \/>\n<meta property=\"og:site_name\" content=\"Perimeter Solutions\" \/>\n<meta property=\"article:modified_time\" content=\"2024-08-15T00:06:22+00:00\" \/>\n<meta property=\"og:image\" content=\"https:\/\/www.perimeter-solutions.com\/wp-content\/uploads\/2024\/06\/AUXQUIMIA_Unipol-FF-0-5-ENG-A4_v2_Page_1-scaled.jpg\" \/>\n\t<meta property=\"og:image:width\" content=\"1811\" \/>\n\t<meta property=\"og:image:height\" content=\"2560\" \/>\n\t<meta property=\"og:image:type\" content=\"image\/jpeg\" \/>\n<meta name=\"twitter:card\" content=\"summary_large_image\" \/>\n<meta name=\"twitter:label1\" content=\"Tiempo de lectura\" \/>\n\t<meta name=\"twitter:data1\" content=\"2 minutos\" \/>\n<script type=\"application\/ld+json\" class=\"yoast-schema-graph\">{\"@context\":\"https:\/\/schema.org\",\"@graph\":[{\"@type\":\"WebPage\",\"@id\":\"https:\/\/www.perimeter-solutions.com\/es\/product\/auxquimia-unipol-ff-05\/\",\"url\":\"https:\/\/www.perimeter-solutions.com\/es\/product\/auxquimia-unipol-ff-05\/\",\"name\":\"AUXQUIMIA\u00ae UNIPOL-FF\u2122 0,5 - Perimeter Solutions\",\"isPartOf\":{\"@id\":\"https:\/\/www.perimeter-solutions.com\/es\/#website\"},\"primaryImageOfPage\":{\"@id\":\"https:\/\/www.perimeter-solutions.com\/es\/product\/auxquimia-unipol-ff-05\/#primaryimage\"},\"image\":{\"@id\":\"https:\/\/www.perimeter-solutions.com\/es\/product\/auxquimia-unipol-ff-05\/#primaryimage\"},\"thumbnailUrl\":\"https:\/\/www.perimeter-solutions.com\/wp-content\/uploads\/2024\/06\/AUXQUIMIA_Unipol-FF-0-5-ENG-A4_v2_Page_1-scaled.jpg\",\"datePublished\":\"2024-06-28T18:15:30+00:00\",\"dateModified\":\"2024-08-15T00:06:22+00:00\",\"description\":\"AUXQUIMIA\u00ae UNIPOL-FF\u2122 0,5 es un concentrado espum\u00f3geno de baja viscosidad, sin fl\u00faor, formulado con una combinaci\u00f3n especial de tensioactivos de hidrocarburos que confiere excelentes propiedades espumantes, extintoras y de reabsorci\u00f3n a sus soluciones espum\u00f3genas.\",\"breadcrumb\":{\"@id\":\"https:\/\/www.perimeter-solutions.com\/es\/product\/auxquimia-unipol-ff-05\/#breadcrumb\"},\"inLanguage\":\"es\",\"potentialAction\":[{\"@type\":\"ReadAction\",\"target\":[\"https:\/\/www.perimeter-solutions.com\/es\/product\/auxquimia-unipol-ff-05\/\"]}]},{\"@type\":\"ImageObject\",\"inLanguage\":\"es\",\"@id\":\"https:\/\/www.perimeter-solutions.com\/es\/product\/auxquimia-unipol-ff-05\/#primaryimage\",\"url\":\"https:\/\/www.perimeter-solutions.com\/wp-content\/uploads\/2024\/06\/AUXQUIMIA_Unipol-FF-0-5-ENG-A4_v2_Page_1-scaled.jpg\",\"contentUrl\":\"https:\/\/www.perimeter-solutions.com\/wp-content\/uploads\/2024\/06\/AUXQUIMIA_Unipol-FF-0-5-ENG-A4_v2_Page_1-scaled.jpg\",\"width\":1811,\"height\":2560},{\"@type\":\"BreadcrumbList\",\"@id\":\"https:\/\/www.perimeter-solutions.com\/es\/product\/auxquimia-unipol-ff-05\/#breadcrumb\",\"itemListElement\":[{\"@type\":\"ListItem\",\"position\":1,\"name\":\"Cat\u00e1logo de productos\",\"item\":\"https:\/\/www.perimeter-solutions.com\/es\/product-catalog\/\"},{\"@type\":\"ListItem\",\"position\":2,\"name\":\"AUXQUIMIA\u00ae UNIPOL-FF\u2122 0,5\"}]},{\"@type\":\"WebSite\",\"@id\":\"https:\/\/www.perimeter-solutions.com\/es\/#website\",\"url\":\"https:\/\/www.perimeter-solutions.com\/es\/\",\"name\":\"Perimeter Solutions\",\"description\":\"\",\"publisher\":{\"@id\":\"https:\/\/www.perimeter-solutions.com\/es\/#organization\"},\"potentialAction\":[{\"@type\":\"SearchAction\",\"target\":{\"@type\":\"EntryPoint\",\"urlTemplate\":\"https:\/\/www.perimeter-solutions.com\/es\/?s={search_term_string}\"},\"query-input\":{\"@type\":\"PropertyValueSpecification\",\"valueRequired\":true,\"valueName\":\"search_term_string\"}}],\"inLanguage\":\"es\"},{\"@type\":\"Organization\",\"@id\":\"https:\/\/www.perimeter-solutions.com\/es\/#organization\",\"name\":\"Perimeter Solutions\",\"url\":\"https:\/\/www.perimeter-solutions.com\/es\/\",\"logo\":{\"@type\":\"ImageObject\",\"inLanguage\":\"es\",\"@id\":\"https:\/\/www.perimeter-solutions.com\/es\/#\/schema\/logo\/image\/\",\"url\":\"https:\/\/www.perimeter-solutions.com\/wp-content\/uploads\/2021\/02\/perimeter-logo-RGB.png\",\"contentUrl\":\"https:\/\/www.perimeter-solutions.com\/wp-content\/uploads\/2021\/02\/perimeter-logo-RGB.png\",\"width\":794,\"height\":138,\"caption\":\"Perimeter Solutions\"},\"image\":{\"@id\":\"https:\/\/www.perimeter-solutions.com\/es\/#\/schema\/logo\/image\/\"}}]}<\/script>\n<!-- \/ Yoast SEO Premium plugin. -->","yoast_head_json":{"title":"AUXQUIMIA\u00ae UNIPOL-FF\u2122 0,5 - Perimeter Solutions","description":"AUXQUIMIA\u00ae UNIPOL-FF\u2122 0,5 es un concentrado espum\u00f3geno de baja viscosidad, sin fl\u00faor, formulado con una combinaci\u00f3n especial de tensioactivos de hidrocarburos que confiere excelentes propiedades espumantes, extintoras y de reabsorci\u00f3n a sus soluciones espum\u00f3genas.","robots":{"index":"index","follow":"follow","max-snippet":"max-snippet:-1","max-image-preview":"max-image-preview:large","max-video-preview":"max-video-preview:-1"},"canonical":"https:\/\/www.perimeter-solutions.com\/es\/product\/auxquimia-unipol-ff-05\/","og_locale":"es_ES","og_type":"article","og_title":"AUXQUIMIA\u00ae UNIPOL-FF\u2122 0,5","og_description":"AUXQUIMIA\u00ae UNIPOL-FF\u2122 0,5 es un concentrado espum\u00f3geno de baja viscosidad, sin fl\u00faor, formulado con una combinaci\u00f3n especial de tensioactivos de hidrocarburos que confiere excelentes propiedades espumantes, extintoras y de reabsorci\u00f3n a sus soluciones espum\u00f3genas.","og_url":"https:\/\/www.perimeter-solutions.com\/es\/product\/auxquimia-unipol-ff-05\/","og_site_name":"Perimeter Solutions","article_modified_time":"2024-08-15T00:06:22+00:00","og_image":[{"width":1811,"height":2560,"url":"https:\/\/www.perimeter-solutions.com\/wp-content\/uploads\/2024\/06\/AUXQUIMIA_Unipol-FF-0-5-ENG-A4_v2_Page_1-scaled.jpg","type":"image\/jpeg"}],"twitter_card":"summary_large_image","twitter_misc":{"Tiempo de lectura":"2 minutos"},"schema":{"@context":"https:\/\/schema.org","@graph":[{"@type":"WebPage","@id":"https:\/\/www.perimeter-solutions.com\/es\/product\/auxquimia-unipol-ff-05\/","url":"https:\/\/www.perimeter-solutions.com\/es\/product\/auxquimia-unipol-ff-05\/","name":"AUXQUIMIA\u00ae UNIPOL-FF\u2122 0,5 - Perimeter Solutions","isPartOf":{"@id":"https:\/\/www.perimeter-solutions.com\/es\/#website"},"primaryImageOfPage":{"@id":"https:\/\/www.perimeter-solutions.com\/es\/product\/auxquimia-unipol-ff-05\/#primaryimage"},"image":{"@id":"https:\/\/www.perimeter-solutions.com\/es\/product\/auxquimia-unipol-ff-05\/#primaryimage"},"thumbnailUrl":"https:\/\/www.perimeter-solutions.com\/wp-content\/uploads\/2024\/06\/AUXQUIMIA_Unipol-FF-0-5-ENG-A4_v2_Page_1-scaled.jpg","datePublished":"2024-06-28T18:15:30+00:00","dateModified":"2024-08-15T00:06:22+00:00","description":"AUXQUIMIA\u00ae UNIPOL-FF\u2122 0,5 es un concentrado espum\u00f3geno de baja viscosidad, sin fl\u00faor, formulado con una combinaci\u00f3n especial de tensioactivos de hidrocarburos que confiere excelentes propiedades espumantes, extintoras y de reabsorci\u00f3n a sus soluciones espum\u00f3genas.","breadcrumb":{"@id":"https:\/\/www.perimeter-solutions.com\/es\/product\/auxquimia-unipol-ff-05\/#breadcrumb"},"inLanguage":"es","potentialAction":[{"@type":"ReadAction","target":["https:\/\/www.perimeter-solutions.com\/es\/product\/auxquimia-unipol-ff-05\/"]}]},{"@type":"ImageObject","inLanguage":"es","@id":"https:\/\/www.perimeter-solutions.com\/es\/product\/auxquimia-unipol-ff-05\/#primaryimage","url":"https:\/\/www.perimeter-solutions.com\/wp-content\/uploads\/2024\/06\/AUXQUIMIA_Unipol-FF-0-5-ENG-A4_v2_Page_1-scaled.jpg","contentUrl":"https:\/\/www.perimeter-solutions.com\/wp-content\/uploads\/2024\/06\/AUXQUIMIA_Unipol-FF-0-5-ENG-A4_v2_Page_1-scaled.jpg","width":1811,"height":2560},{"@type":"BreadcrumbList","@id":"https:\/\/www.perimeter-solutions.com\/es\/product\/auxquimia-unipol-ff-05\/#breadcrumb","itemListElement":[{"@type":"ListItem","position":1,"name":"Cat\u00e1logo de productos","item":"https:\/\/www.perimeter-solutions.com\/es\/product-catalog\/"},{"@type":"ListItem","position":2,"name":"AUXQUIMIA\u00ae UNIPOL-FF\u2122 0,5"}]},{"@type":"WebSite","@id":"https:\/\/www.perimeter-solutions.com\/es\/#website","url":"https:\/\/www.perimeter-solutions.com\/es\/","name":"Perimeter Solutions","description":"","publisher":{"@id":"https:\/\/www.perimeter-solutions.com\/es\/#organization"},"potentialAction":[{"@type":"SearchAction","target":{"@type":"EntryPoint","urlTemplate":"https:\/\/www.perimeter-solutions.com\/es\/?s={search_term_string}"},"query-input":{"@type":"PropertyValueSpecification","valueRequired":true,"valueName":"search_term_string"}}],"inLanguage":"es"},{"@type":"Organization","@id":"https:\/\/www.perimeter-solutions.com\/es\/#organization","name":"Perimeter Solutions","url":"https:\/\/www.perimeter-solutions.com\/es\/","logo":{"@type":"ImageObject","inLanguage":"es","@id":"https:\/\/www.perimeter-solutions.com\/es\/#\/schema\/logo\/image\/","url":"https:\/\/www.perimeter-solutions.com\/wp-content\/uploads\/2021\/02\/perimeter-logo-RGB.png","contentUrl":"https:\/\/www.perimeter-solutions.com\/wp-content\/uploads\/2021\/02\/perimeter-logo-RGB.png","width":794,"height":138,"caption":"Perimeter Solutions"},"image":{"@id":"https:\/\/www.perimeter-solutions.com\/es\/#\/schema\/logo\/image\/"}}]}},"_links":{"self":[{"href":"https:\/\/www.perimeter-solutions.com\/es\/wp-json\/wp\/v2\/product\/42271","targetHints":{"allow":["GET"]}}],"collection":[{"href":"https:\/\/www.perimeter-solutions.com\/es\/wp-json\/wp\/v2\/product"}],"about":[{"href":"https:\/\/www.perimeter-solutions.com\/es\/wp-json\/wp\/v2\/types\/product"}],"wp:featuredmedia":[{"embeddable":true,"href":"https:\/\/www.perimeter-solutions.com\/es\/wp-json\/wp\/v2\/media\/42273"}],"wp:attachment":[{"href":"https:\/\/www.perimeter-solutions.com\/es\/wp-json\/wp\/v2\/media?parent=42271"}],"wp:term":[{"taxonomy":"product_cat","embeddable":true,"href":"https:\/\/www.perimeter-solutions.com\/es\/wp-json\/wp\/v2\/product_cat?post=42271"},{"taxonomy":"product_tag","embeddable":true,"href":"https:\/\/www.perimeter-solutions.com\/es\/wp-json\/wp\/v2\/product_tag?post=42271"}],"curies":[{"name":"wp","href":"https:\/\/api.w.org\/{rel}","templated":true}]}}