{"id":42254,"date":"2024-06-28T13:39:49","date_gmt":"2024-06-28T17:39:49","guid":{"rendered":"https:\/\/www.perimeter-solutions.com\/product\/phos-chek-3x6-sin-fluor-ar-fp\/"},"modified":"2024-08-14T19:43:59","modified_gmt":"2024-08-14T23:43:59","slug":"phos-chek-3x6-sin-fluor-ar-fp","status":"publish","type":"product","link":"https:\/\/www.perimeter-solutions.com\/es\/product\/phos-chek-3x6-sin-fluor-ar-fp\/","title":{"rendered":"PHOS-CHEK<sup>\u00ae<\/sup> 3\u00d76% SIN FL\u00daOR AR FP"},"content":{"rendered":"<p><strong>PHOS-CHEK<sup>\u00ae<\/sup> El concentrado de espuma resistente al alcohol (AR) sin fl\u00faor al 3 \u00d7 6%<\/strong> es una mezcla de agua, tensioactivos de hidrocarburos y pol\u00edmeros pseudopl\u00e1sticos. Esta espuma libre de organohalogenados es un producto de pr\u00f3xima generaci\u00f3n ambientalmente responsable para su uso en fuegos de hidrocarburos de clase B y combustibles de solventes polares con agua dulce. Esta nueva formulaci\u00f3n demuestra el compromiso de Perimeter Solutions Products con un desempe\u00f1o superior en la lucha contra incendios y la responsabilidad ambiental. PHOS-CHEK 3 \u00d7 6% libre de fl\u00faor resistente al alcohol es un agente humectante muy capaz y puede usarse en fuegos de Clase A.<\/p>\n<p>La espuma PHOS-CHEK 3 \u00d7 6% libre de fl\u00faor resistente al alcohol est\u00e1 dise\u00f1ada para un control y eliminaci\u00f3n r\u00e1pidos en aplicaciones suaves y contundentes en incendios de combustibles de hidrocarburos. En el caso de disolventes polares, la espuma est\u00e1 aprobada con una aplicaci\u00f3n Tipo II o una aplicaci\u00f3n suave. El concentrado de espuma tambi\u00e9n cumple con los requisitos de prueba de calidad y rendimiento de LASTFIRE.<\/p>\n<h4>Opciones disponibles<\/h4>\n","protected":false},"excerpt":{"rendered":"<p>PHOS-CHEK\u00ae El concentrado de espuma resistente al alcohol (AR) sin fl\u00faor al 3 \u00d7 6% es una mezcla de agua, tensioactivos de hidrocarburos y pol\u00edmeros pseudopl\u00e1sticos. Esta espuma libre de [&hellip;]<\/p>\n","protected":false},"featured_media":42256,"template":"","meta":{"_acf_changed":false},"product_cat":[197,188],"product_tag":[232,252,248,240],"class_list":{"0":"post-42254","1":"product","2":"type-product","3":"status-publish","4":"has-post-thumbnail","6":"product_cat-class-b-fluorine-free-es","7":"product_cat-class-b-es","8":"product_tag-industrial-es","9":"product_tag-municipal-es","10":"product_tag-petroleo-y-gas","11":"product_tag-phos-chek-es","13":"first","14":"instock","15":"shipping-taxable","16":"purchasable","17":"product-type-simple"},"acf":[],"yoast_head":"<!-- This site is optimized with the Yoast SEO Premium plugin v21.9 (Yoast SEO v23.5) - https:\/\/yoast.com\/wordpress\/plugins\/seo\/ -->\n<title>PHOS-CHEK\u00ae 3\u00d76% SIN FL\u00daOR AR FP - Perimeter Solutions<\/title>\n<meta name=\"robots\" content=\"index, follow, max-snippet:-1, max-image-preview:large, max-video-preview:-1\" \/>\n<link rel=\"canonical\" href=\"https:\/\/www.perimeter-solutions.com\/es\/product\/phos-chek-3x6-sin-fluor-ar-fp\/\" \/>\n<meta property=\"og:locale\" content=\"es_ES\" \/>\n<meta property=\"og:type\" content=\"article\" \/>\n<meta property=\"og:title\" content=\"PHOS-CHEK\u00ae 3\u00d76% SIN FL\u00daOR AR FP\" \/>\n<meta property=\"og:description\" content=\"PHOS-CHEK\u00ae El concentrado de espuma resistente al alcohol (AR) sin fl\u00faor al 3 \u00d7 6% es una mezcla de agua, tensioactivos de hidrocarburos y pol\u00edmeros pseudopl\u00e1sticos. Esta espuma libre de [&hellip;]\" \/>\n<meta property=\"og:url\" content=\"https:\/\/www.perimeter-solutions.com\/es\/product\/phos-chek-3x6-sin-fluor-ar-fp\/\" \/>\n<meta property=\"og:site_name\" content=\"Perimeter Solutions\" \/>\n<meta property=\"article:modified_time\" content=\"2024-08-14T23:43:59+00:00\" \/>\n<meta name=\"twitter:card\" content=\"summary_large_image\" \/>\n<meta name=\"twitter:label1\" content=\"Tiempo de lectura\" \/>\n\t<meta name=\"twitter:data1\" content=\"1 minuto\" \/>\n<script type=\"application\/ld+json\" class=\"yoast-schema-graph\">{\"@context\":\"https:\/\/schema.org\",\"@graph\":[{\"@type\":\"WebPage\",\"@id\":\"https:\/\/www.perimeter-solutions.com\/es\/product\/phos-chek-3x6-sin-fluor-ar-fp\/\",\"url\":\"https:\/\/www.perimeter-solutions.com\/es\/product\/phos-chek-3x6-sin-fluor-ar-fp\/\",\"name\":\"PHOS-CHEK\u00ae 3\u00d76% SIN FL\u00daOR AR FP - Perimeter Solutions\",\"isPartOf\":{\"@id\":\"https:\/\/www.perimeter-solutions.com\/es\/#website\"},\"primaryImageOfPage\":{\"@id\":\"https:\/\/www.perimeter-solutions.com\/es\/product\/phos-chek-3x6-sin-fluor-ar-fp\/#primaryimage\"},\"image\":{\"@id\":\"https:\/\/www.perimeter-solutions.com\/es\/product\/phos-chek-3x6-sin-fluor-ar-fp\/#primaryimage\"},\"thumbnailUrl\":\"https:\/\/www.perimeter-solutions.com\/wp-content\/uploads\/2024\/06\/PC_3x6-FLUORINE-FREE-AR-FP_PCC-2019059-2-1-pdf.jpg\",\"datePublished\":\"2024-06-28T17:39:49+00:00\",\"dateModified\":\"2024-08-14T23:43:59+00:00\",\"breadcrumb\":{\"@id\":\"https:\/\/www.perimeter-solutions.com\/es\/product\/phos-chek-3x6-sin-fluor-ar-fp\/#breadcrumb\"},\"inLanguage\":\"es\",\"potentialAction\":[{\"@type\":\"ReadAction\",\"target\":[\"https:\/\/www.perimeter-solutions.com\/es\/product\/phos-chek-3x6-sin-fluor-ar-fp\/\"]}]},{\"@type\":\"ImageObject\",\"inLanguage\":\"es\",\"@id\":\"https:\/\/www.perimeter-solutions.com\/es\/product\/phos-chek-3x6-sin-fluor-ar-fp\/#primaryimage\",\"url\":\"https:\/\/www.perimeter-solutions.com\/wp-content\/uploads\/2024\/06\/PC_3x6-FLUORINE-FREE-AR-FP_PCC-2019059-2-1-pdf.jpg\",\"contentUrl\":\"https:\/\/www.perimeter-solutions.com\/wp-content\/uploads\/2024\/06\/PC_3x6-FLUORINE-FREE-AR-FP_PCC-2019059-2-1-pdf.jpg\"},{\"@type\":\"BreadcrumbList\",\"@id\":\"https:\/\/www.perimeter-solutions.com\/es\/product\/phos-chek-3x6-sin-fluor-ar-fp\/#breadcrumb\",\"itemListElement\":[{\"@type\":\"ListItem\",\"position\":1,\"name\":\"Cat\u00e1logo de productos\",\"item\":\"https:\/\/www.perimeter-solutions.com\/es\/product-catalog\/\"},{\"@type\":\"ListItem\",\"position\":2,\"name\":\"PHOS-CHEK\u00ae 3\u00d76% SIN FL\u00daOR AR FP\"}]},{\"@type\":\"WebSite\",\"@id\":\"https:\/\/www.perimeter-solutions.com\/es\/#website\",\"url\":\"https:\/\/www.perimeter-solutions.com\/es\/\",\"name\":\"Perimeter Solutions\",\"description\":\"\",\"publisher\":{\"@id\":\"https:\/\/www.perimeter-solutions.com\/es\/#organization\"},\"potentialAction\":[{\"@type\":\"SearchAction\",\"target\":{\"@type\":\"EntryPoint\",\"urlTemplate\":\"https:\/\/www.perimeter-solutions.com\/es\/?s={search_term_string}\"},\"query-input\":{\"@type\":\"PropertyValueSpecification\",\"valueRequired\":true,\"valueName\":\"search_term_string\"}}],\"inLanguage\":\"es\"},{\"@type\":\"Organization\",\"@id\":\"https:\/\/www.perimeter-solutions.com\/es\/#organization\",\"name\":\"Perimeter Solutions\",\"url\":\"https:\/\/www.perimeter-solutions.com\/es\/\",\"logo\":{\"@type\":\"ImageObject\",\"inLanguage\":\"es\",\"@id\":\"https:\/\/www.perimeter-solutions.com\/es\/#\/schema\/logo\/image\/\",\"url\":\"https:\/\/www.perimeter-solutions.com\/wp-content\/uploads\/2021\/02\/perimeter-logo-RGB.png\",\"contentUrl\":\"https:\/\/www.perimeter-solutions.com\/wp-content\/uploads\/2021\/02\/perimeter-logo-RGB.png\",\"width\":794,\"height\":138,\"caption\":\"Perimeter Solutions\"},\"image\":{\"@id\":\"https:\/\/www.perimeter-solutions.com\/es\/#\/schema\/logo\/image\/\"}}]}<\/script>\n<!-- \/ Yoast SEO Premium plugin. -->","yoast_head_json":{"title":"PHOS-CHEK\u00ae 3\u00d76% SIN FL\u00daOR AR FP - Perimeter Solutions","robots":{"index":"index","follow":"follow","max-snippet":"max-snippet:-1","max-image-preview":"max-image-preview:large","max-video-preview":"max-video-preview:-1"},"canonical":"https:\/\/www.perimeter-solutions.com\/es\/product\/phos-chek-3x6-sin-fluor-ar-fp\/","og_locale":"es_ES","og_type":"article","og_title":"PHOS-CHEK\u00ae 3\u00d76% SIN FL\u00daOR AR FP","og_description":"PHOS-CHEK\u00ae El concentrado de espuma resistente al alcohol (AR) sin fl\u00faor al 3 \u00d7 6% es una mezcla de agua, tensioactivos de hidrocarburos y pol\u00edmeros pseudopl\u00e1sticos. Esta espuma libre de [&hellip;]","og_url":"https:\/\/www.perimeter-solutions.com\/es\/product\/phos-chek-3x6-sin-fluor-ar-fp\/","og_site_name":"Perimeter Solutions","article_modified_time":"2024-08-14T23:43:59+00:00","twitter_card":"summary_large_image","twitter_misc":{"Tiempo de lectura":"1 minuto"},"schema":{"@context":"https:\/\/schema.org","@graph":[{"@type":"WebPage","@id":"https:\/\/www.perimeter-solutions.com\/es\/product\/phos-chek-3x6-sin-fluor-ar-fp\/","url":"https:\/\/www.perimeter-solutions.com\/es\/product\/phos-chek-3x6-sin-fluor-ar-fp\/","name":"PHOS-CHEK\u00ae 3\u00d76% SIN FL\u00daOR AR FP - Perimeter Solutions","isPartOf":{"@id":"https:\/\/www.perimeter-solutions.com\/es\/#website"},"primaryImageOfPage":{"@id":"https:\/\/www.perimeter-solutions.com\/es\/product\/phos-chek-3x6-sin-fluor-ar-fp\/#primaryimage"},"image":{"@id":"https:\/\/www.perimeter-solutions.com\/es\/product\/phos-chek-3x6-sin-fluor-ar-fp\/#primaryimage"},"thumbnailUrl":"https:\/\/www.perimeter-solutions.com\/wp-content\/uploads\/2024\/06\/PC_3x6-FLUORINE-FREE-AR-FP_PCC-2019059-2-1-pdf.jpg","datePublished":"2024-06-28T17:39:49+00:00","dateModified":"2024-08-14T23:43:59+00:00","breadcrumb":{"@id":"https:\/\/www.perimeter-solutions.com\/es\/product\/phos-chek-3x6-sin-fluor-ar-fp\/#breadcrumb"},"inLanguage":"es","potentialAction":[{"@type":"ReadAction","target":["https:\/\/www.perimeter-solutions.com\/es\/product\/phos-chek-3x6-sin-fluor-ar-fp\/"]}]},{"@type":"ImageObject","inLanguage":"es","@id":"https:\/\/www.perimeter-solutions.com\/es\/product\/phos-chek-3x6-sin-fluor-ar-fp\/#primaryimage","url":"https:\/\/www.perimeter-solutions.com\/wp-content\/uploads\/2024\/06\/PC_3x6-FLUORINE-FREE-AR-FP_PCC-2019059-2-1-pdf.jpg","contentUrl":"https:\/\/www.perimeter-solutions.com\/wp-content\/uploads\/2024\/06\/PC_3x6-FLUORINE-FREE-AR-FP_PCC-2019059-2-1-pdf.jpg"},{"@type":"BreadcrumbList","@id":"https:\/\/www.perimeter-solutions.com\/es\/product\/phos-chek-3x6-sin-fluor-ar-fp\/#breadcrumb","itemListElement":[{"@type":"ListItem","position":1,"name":"Cat\u00e1logo de productos","item":"https:\/\/www.perimeter-solutions.com\/es\/product-catalog\/"},{"@type":"ListItem","position":2,"name":"PHOS-CHEK\u00ae 3\u00d76% SIN FL\u00daOR AR FP"}]},{"@type":"WebSite","@id":"https:\/\/www.perimeter-solutions.com\/es\/#website","url":"https:\/\/www.perimeter-solutions.com\/es\/","name":"Perimeter Solutions","description":"","publisher":{"@id":"https:\/\/www.perimeter-solutions.com\/es\/#organization"},"potentialAction":[{"@type":"SearchAction","target":{"@type":"EntryPoint","urlTemplate":"https:\/\/www.perimeter-solutions.com\/es\/?s={search_term_string}"},"query-input":{"@type":"PropertyValueSpecification","valueRequired":true,"valueName":"search_term_string"}}],"inLanguage":"es"},{"@type":"Organization","@id":"https:\/\/www.perimeter-solutions.com\/es\/#organization","name":"Perimeter Solutions","url":"https:\/\/www.perimeter-solutions.com\/es\/","logo":{"@type":"ImageObject","inLanguage":"es","@id":"https:\/\/www.perimeter-solutions.com\/es\/#\/schema\/logo\/image\/","url":"https:\/\/www.perimeter-solutions.com\/wp-content\/uploads\/2021\/02\/perimeter-logo-RGB.png","contentUrl":"https:\/\/www.perimeter-solutions.com\/wp-content\/uploads\/2021\/02\/perimeter-logo-RGB.png","width":794,"height":138,"caption":"Perimeter Solutions"},"image":{"@id":"https:\/\/www.perimeter-solutions.com\/es\/#\/schema\/logo\/image\/"}}]}},"_links":{"self":[{"href":"https:\/\/www.perimeter-solutions.com\/es\/wp-json\/wp\/v2\/product\/42254","targetHints":{"allow":["GET"]}}],"collection":[{"href":"https:\/\/www.perimeter-solutions.com\/es\/wp-json\/wp\/v2\/product"}],"about":[{"href":"https:\/\/www.perimeter-solutions.com\/es\/wp-json\/wp\/v2\/types\/product"}],"wp:featuredmedia":[{"embeddable":true,"href":"https:\/\/www.perimeter-solutions.com\/es\/wp-json\/wp\/v2\/media\/42256"}],"wp:attachment":[{"href":"https:\/\/www.perimeter-solutions.com\/es\/wp-json\/wp\/v2\/media?parent=42254"}],"wp:term":[{"taxonomy":"product_cat","embeddable":true,"href":"https:\/\/www.perimeter-solutions.com\/es\/wp-json\/wp\/v2\/product_cat?post=42254"},{"taxonomy":"product_tag","embeddable":true,"href":"https:\/\/www.perimeter-solutions.com\/es\/wp-json\/wp\/v2\/product_tag?post=42254"}],"curies":[{"name":"wp","href":"https:\/\/api.w.org\/{rel}","templated":true}]}}