{"id":42240,"date":"2024-06-28T12:04:00","date_gmt":"2024-06-28T16:04:00","guid":{"rendered":"https:\/\/www.perimeter-solutions.com\/product\/phos-chek-6-afff-mil-spec\/"},"modified":"2024-08-14T19:32:52","modified_gmt":"2024-08-14T23:32:52","slug":"phos-chek-6-afff-mil-spec-2","status":"publish","type":"product","link":"https:\/\/www.perimeter-solutions.com\/es\/product\/phos-chek-6-afff-mil-spec-2\/","title":{"rendered":"PHOS-CHEK 6% AFFF MIL-SPEC"},"content":{"rendered":"<div>\n<p><strong>PHOS-CHEK<sup>\u00ae<\/sup> El espum\u00f3geno AFFF MIL-SPEC al 6%<\/strong> es un producto a base de C6 en la base de datos de productos calificados del Departamento de Defensa (QPD) &#8211; Lista de productos calificados (QPL). El uso m\u00e1s com\u00fan de la espuma AFFF MIL-SPEC al 6% es la Marina de los EE. UU. El protocolo de prueba MIL-SPEC (DOD MIL-PRF-24385) es el programa de prueba m\u00e1s riguroso para concentrados de espuma. Las espumas deben pasar m\u00faltiples pruebas de fuego y confirmar su desempe\u00f1o cuando se diluyen con agua dulce y de mar. El comportamiento al fuego se confirma en incendios de piscinas de gasolina sin plomo de 2,6 m2 y 4,6 m2 a la mitad de la fuerza y cinco veces la concentraci\u00f3n. Otros requisitos incluyen especificaciones de propiedades qu\u00edmicas y f\u00edsicas, calidad de la espuma (expansi\u00f3n y tiempo de drenaje), formaci\u00f3n de pel\u00edcula y pruebas de sellado. El protocolo de pruebas MIL-SPEC tambi\u00e9n requiere una determinaci\u00f3n del impacto medioambiental basada en estudios de biodegradabilidad como la Demanda Biol\u00f3gica de Ox\u00edgeno (DBO), la Demanda Qu\u00edmica de Ox\u00edgeno (DQO) y la toxicidad acu\u00e1tica.<\/p>\n<p><strong>CERTIFICACIONES: <\/strong>DOD MIL-PRF-24385.<\/p>\n<\/div>\n<p>&nbsp;<\/p>\n<h4>Opciones disponibles<\/h4>\n","protected":false},"excerpt":{"rendered":"<p>PHOS-CHEK\u00ae El espum\u00f3geno AFFF MIL-SPEC al 6% es un producto a base de C6 en la base de datos de productos calificados del Departamento de Defensa (QPD) &#8211; Lista de [&hellip;]<\/p>\n","protected":false},"featured_media":42241,"template":"","meta":{"_acf_changed":false},"product_cat":[202,188],"product_tag":[217,230,232,238,250,240],"class_list":{"0":"post-42240","1":"product","2":"type-product","3":"status-publish","4":"has-post-thumbnail","6":"product_cat-class-b-fluorinated-es","7":"product_cat-class-b-es","8":"product_tag-aviacion","9":"product_tag-icao-es","10":"product_tag-industrial-es","11":"product_tag-mil-spec-es","12":"product_tag-militar-dod-es","13":"product_tag-phos-chek-es","15":"first","16":"instock","17":"shipping-taxable","18":"purchasable","19":"product-type-simple"},"acf":[],"yoast_head":"<!-- This site is optimized with the Yoast SEO Premium plugin v21.9 (Yoast SEO v23.5) - https:\/\/yoast.com\/wordpress\/plugins\/seo\/ -->\n<title>PHOS-CHEK 6% AFFF MIL-SPEC - Perimeter Solutions<\/title>\n<meta name=\"robots\" content=\"index, follow, max-snippet:-1, max-image-preview:large, max-video-preview:-1\" \/>\n<link rel=\"canonical\" href=\"https:\/\/www.perimeter-solutions.com\/es\/product\/phos-chek-6-afff-mil-spec-2\/\" \/>\n<meta property=\"og:locale\" content=\"es_ES\" \/>\n<meta property=\"og:type\" content=\"article\" \/>\n<meta property=\"og:title\" content=\"PHOS-CHEK 6% AFFF MIL-SPEC\" \/>\n<meta property=\"og:description\" content=\"PHOS-CHEK\u00ae El espum\u00f3geno AFFF MIL-SPEC al 6% es un producto a base de C6 en la base de datos de productos calificados del Departamento de Defensa (QPD) &#8211; Lista de [&hellip;]\" \/>\n<meta property=\"og:url\" content=\"https:\/\/www.perimeter-solutions.com\/es\/product\/phos-chek-6-afff-mil-spec-2\/\" \/>\n<meta property=\"og:site_name\" content=\"Perimeter Solutions\" \/>\n<meta property=\"article:modified_time\" content=\"2024-08-14T23:32:52+00:00\" \/>\n<meta name=\"twitter:card\" content=\"summary_large_image\" \/>\n<meta name=\"twitter:label1\" content=\"Tiempo de lectura\" \/>\n\t<meta name=\"twitter:data1\" content=\"2 minutos\" \/>\n<script type=\"application\/ld+json\" class=\"yoast-schema-graph\">{\"@context\":\"https:\/\/schema.org\",\"@graph\":[{\"@type\":\"WebPage\",\"@id\":\"https:\/\/www.perimeter-solutions.com\/es\/product\/phos-chek-6-afff-mil-spec-2\/\",\"url\":\"https:\/\/www.perimeter-solutions.com\/es\/product\/phos-chek-6-afff-mil-spec-2\/\",\"name\":\"PHOS-CHEK 6% AFFF MIL-SPEC - Perimeter Solutions\",\"isPartOf\":{\"@id\":\"https:\/\/www.perimeter-solutions.com\/es\/#website\"},\"primaryImageOfPage\":{\"@id\":\"https:\/\/www.perimeter-solutions.com\/es\/product\/phos-chek-6-afff-mil-spec-2\/#primaryimage\"},\"image\":{\"@id\":\"https:\/\/www.perimeter-solutions.com\/es\/product\/phos-chek-6-afff-mil-spec-2\/#primaryimage\"},\"thumbnailUrl\":\"https:\/\/www.perimeter-solutions.com\/wp-content\/uploads\/2024\/06\/PC-6-AFFF-MIL-SPEC-PCC-2019034-4NL-1-pdf.jpg\",\"datePublished\":\"2024-06-28T16:04:00+00:00\",\"dateModified\":\"2024-08-14T23:32:52+00:00\",\"breadcrumb\":{\"@id\":\"https:\/\/www.perimeter-solutions.com\/es\/product\/phos-chek-6-afff-mil-spec-2\/#breadcrumb\"},\"inLanguage\":\"es\",\"potentialAction\":[{\"@type\":\"ReadAction\",\"target\":[\"https:\/\/www.perimeter-solutions.com\/es\/product\/phos-chek-6-afff-mil-spec-2\/\"]}]},{\"@type\":\"ImageObject\",\"inLanguage\":\"es\",\"@id\":\"https:\/\/www.perimeter-solutions.com\/es\/product\/phos-chek-6-afff-mil-spec-2\/#primaryimage\",\"url\":\"https:\/\/www.perimeter-solutions.com\/wp-content\/uploads\/2024\/06\/PC-6-AFFF-MIL-SPEC-PCC-2019034-4NL-1-pdf.jpg\",\"contentUrl\":\"https:\/\/www.perimeter-solutions.com\/wp-content\/uploads\/2024\/06\/PC-6-AFFF-MIL-SPEC-PCC-2019034-4NL-1-pdf.jpg\"},{\"@type\":\"BreadcrumbList\",\"@id\":\"https:\/\/www.perimeter-solutions.com\/es\/product\/phos-chek-6-afff-mil-spec-2\/#breadcrumb\",\"itemListElement\":[{\"@type\":\"ListItem\",\"position\":1,\"name\":\"Cat\u00e1logo de productos\",\"item\":\"https:\/\/www.perimeter-solutions.com\/es\/product-catalog\/\"},{\"@type\":\"ListItem\",\"position\":2,\"name\":\"PHOS-CHEK 6% AFFF MIL-SPEC\"}]},{\"@type\":\"WebSite\",\"@id\":\"https:\/\/www.perimeter-solutions.com\/es\/#website\",\"url\":\"https:\/\/www.perimeter-solutions.com\/es\/\",\"name\":\"Perimeter Solutions\",\"description\":\"\",\"publisher\":{\"@id\":\"https:\/\/www.perimeter-solutions.com\/es\/#organization\"},\"potentialAction\":[{\"@type\":\"SearchAction\",\"target\":{\"@type\":\"EntryPoint\",\"urlTemplate\":\"https:\/\/www.perimeter-solutions.com\/es\/?s={search_term_string}\"},\"query-input\":{\"@type\":\"PropertyValueSpecification\",\"valueRequired\":true,\"valueName\":\"search_term_string\"}}],\"inLanguage\":\"es\"},{\"@type\":\"Organization\",\"@id\":\"https:\/\/www.perimeter-solutions.com\/es\/#organization\",\"name\":\"Perimeter Solutions\",\"url\":\"https:\/\/www.perimeter-solutions.com\/es\/\",\"logo\":{\"@type\":\"ImageObject\",\"inLanguage\":\"es\",\"@id\":\"https:\/\/www.perimeter-solutions.com\/es\/#\/schema\/logo\/image\/\",\"url\":\"https:\/\/www.perimeter-solutions.com\/wp-content\/uploads\/2021\/02\/perimeter-logo-RGB.png\",\"contentUrl\":\"https:\/\/www.perimeter-solutions.com\/wp-content\/uploads\/2021\/02\/perimeter-logo-RGB.png\",\"width\":794,\"height\":138,\"caption\":\"Perimeter Solutions\"},\"image\":{\"@id\":\"https:\/\/www.perimeter-solutions.com\/es\/#\/schema\/logo\/image\/\"}}]}<\/script>\n<!-- \/ Yoast SEO Premium plugin. -->","yoast_head_json":{"title":"PHOS-CHEK 6% AFFF MIL-SPEC - Perimeter Solutions","robots":{"index":"index","follow":"follow","max-snippet":"max-snippet:-1","max-image-preview":"max-image-preview:large","max-video-preview":"max-video-preview:-1"},"canonical":"https:\/\/www.perimeter-solutions.com\/es\/product\/phos-chek-6-afff-mil-spec-2\/","og_locale":"es_ES","og_type":"article","og_title":"PHOS-CHEK 6% AFFF MIL-SPEC","og_description":"PHOS-CHEK\u00ae El espum\u00f3geno AFFF MIL-SPEC al 6% es un producto a base de C6 en la base de datos de productos calificados del Departamento de Defensa (QPD) &#8211; Lista de [&hellip;]","og_url":"https:\/\/www.perimeter-solutions.com\/es\/product\/phos-chek-6-afff-mil-spec-2\/","og_site_name":"Perimeter Solutions","article_modified_time":"2024-08-14T23:32:52+00:00","twitter_card":"summary_large_image","twitter_misc":{"Tiempo de lectura":"2 minutos"},"schema":{"@context":"https:\/\/schema.org","@graph":[{"@type":"WebPage","@id":"https:\/\/www.perimeter-solutions.com\/es\/product\/phos-chek-6-afff-mil-spec-2\/","url":"https:\/\/www.perimeter-solutions.com\/es\/product\/phos-chek-6-afff-mil-spec-2\/","name":"PHOS-CHEK 6% AFFF MIL-SPEC - Perimeter Solutions","isPartOf":{"@id":"https:\/\/www.perimeter-solutions.com\/es\/#website"},"primaryImageOfPage":{"@id":"https:\/\/www.perimeter-solutions.com\/es\/product\/phos-chek-6-afff-mil-spec-2\/#primaryimage"},"image":{"@id":"https:\/\/www.perimeter-solutions.com\/es\/product\/phos-chek-6-afff-mil-spec-2\/#primaryimage"},"thumbnailUrl":"https:\/\/www.perimeter-solutions.com\/wp-content\/uploads\/2024\/06\/PC-6-AFFF-MIL-SPEC-PCC-2019034-4NL-1-pdf.jpg","datePublished":"2024-06-28T16:04:00+00:00","dateModified":"2024-08-14T23:32:52+00:00","breadcrumb":{"@id":"https:\/\/www.perimeter-solutions.com\/es\/product\/phos-chek-6-afff-mil-spec-2\/#breadcrumb"},"inLanguage":"es","potentialAction":[{"@type":"ReadAction","target":["https:\/\/www.perimeter-solutions.com\/es\/product\/phos-chek-6-afff-mil-spec-2\/"]}]},{"@type":"ImageObject","inLanguage":"es","@id":"https:\/\/www.perimeter-solutions.com\/es\/product\/phos-chek-6-afff-mil-spec-2\/#primaryimage","url":"https:\/\/www.perimeter-solutions.com\/wp-content\/uploads\/2024\/06\/PC-6-AFFF-MIL-SPEC-PCC-2019034-4NL-1-pdf.jpg","contentUrl":"https:\/\/www.perimeter-solutions.com\/wp-content\/uploads\/2024\/06\/PC-6-AFFF-MIL-SPEC-PCC-2019034-4NL-1-pdf.jpg"},{"@type":"BreadcrumbList","@id":"https:\/\/www.perimeter-solutions.com\/es\/product\/phos-chek-6-afff-mil-spec-2\/#breadcrumb","itemListElement":[{"@type":"ListItem","position":1,"name":"Cat\u00e1logo de productos","item":"https:\/\/www.perimeter-solutions.com\/es\/product-catalog\/"},{"@type":"ListItem","position":2,"name":"PHOS-CHEK 6% AFFF MIL-SPEC"}]},{"@type":"WebSite","@id":"https:\/\/www.perimeter-solutions.com\/es\/#website","url":"https:\/\/www.perimeter-solutions.com\/es\/","name":"Perimeter Solutions","description":"","publisher":{"@id":"https:\/\/www.perimeter-solutions.com\/es\/#organization"},"potentialAction":[{"@type":"SearchAction","target":{"@type":"EntryPoint","urlTemplate":"https:\/\/www.perimeter-solutions.com\/es\/?s={search_term_string}"},"query-input":{"@type":"PropertyValueSpecification","valueRequired":true,"valueName":"search_term_string"}}],"inLanguage":"es"},{"@type":"Organization","@id":"https:\/\/www.perimeter-solutions.com\/es\/#organization","name":"Perimeter Solutions","url":"https:\/\/www.perimeter-solutions.com\/es\/","logo":{"@type":"ImageObject","inLanguage":"es","@id":"https:\/\/www.perimeter-solutions.com\/es\/#\/schema\/logo\/image\/","url":"https:\/\/www.perimeter-solutions.com\/wp-content\/uploads\/2021\/02\/perimeter-logo-RGB.png","contentUrl":"https:\/\/www.perimeter-solutions.com\/wp-content\/uploads\/2021\/02\/perimeter-logo-RGB.png","width":794,"height":138,"caption":"Perimeter Solutions"},"image":{"@id":"https:\/\/www.perimeter-solutions.com\/es\/#\/schema\/logo\/image\/"}}]}},"_links":{"self":[{"href":"https:\/\/www.perimeter-solutions.com\/es\/wp-json\/wp\/v2\/product\/42240","targetHints":{"allow":["GET"]}}],"collection":[{"href":"https:\/\/www.perimeter-solutions.com\/es\/wp-json\/wp\/v2\/product"}],"about":[{"href":"https:\/\/www.perimeter-solutions.com\/es\/wp-json\/wp\/v2\/types\/product"}],"wp:featuredmedia":[{"embeddable":true,"href":"https:\/\/www.perimeter-solutions.com\/es\/wp-json\/wp\/v2\/media\/42241"}],"wp:attachment":[{"href":"https:\/\/www.perimeter-solutions.com\/es\/wp-json\/wp\/v2\/media?parent=42240"}],"wp:term":[{"taxonomy":"product_cat","embeddable":true,"href":"https:\/\/www.perimeter-solutions.com\/es\/wp-json\/wp\/v2\/product_cat?post=42240"},{"taxonomy":"product_tag","embeddable":true,"href":"https:\/\/www.perimeter-solutions.com\/es\/wp-json\/wp\/v2\/product_tag?post=42240"}],"curies":[{"name":"wp","href":"https:\/\/api.w.org\/{rel}","templated":true}]}}