{"id":42212,"date":"2024-06-28T14:47:24","date_gmt":"2024-06-28T18:47:24","guid":{"rendered":"https:\/\/www.perimeter-solutions.com\/product\/solberg-versagard-as-100-fp\/"},"modified":"2024-08-16T14:13:45","modified_gmt":"2024-08-16T18:13:45","slug":"solberg-versagard-as-100-fp","status":"publish","type":"product","link":"https:\/\/www.perimeter-solutions.com\/es\/product\/solberg-versagard-as-100-fp\/","title":{"rendered":"SOLBERG\u00ae VERSAGARD\u2122 AS-100 FP"},"content":{"rendered":"<div>\n<p><strong>SOLBERG<sup>\u00ae<\/sup> VERSAGARD\u2122 AS-100 FP<\/strong> concentrado espum\u00f3geno multiusos 3\u00d73 sin fl\u00faor es una tecnolog\u00eda punta de espuma pseudopl\u00e1stica sin fl\u00faor resistente al alcohol con protecci\u00f3n contra la congelaci\u00f3n. No persistente, sin siloxano, sin productos qu\u00edmicos PFAS a\u00f1adidos intencionadamente, SOLBERG VERSAGARD AS-100 FP est\u00e1 dise\u00f1ado para extinguir y asegurar tanto fuegos de Clase B (combustible de hidrocarburos y combustible de disolventes polares) como fuegos profundos de Clase A. SOLBERG VERSAGARD AS-100 FP es una combinaci\u00f3n de tensioactivos de hidrocarburos y aditivos que produce una excelente expansi\u00f3n de la espuma, estabilidad del producto, sellado de vapores, extinci\u00f3n y propiedades de reignici\u00f3n tanto para fuegos poco profundos como profundos de combustible, utilizando agua dulce, de mar o salobre. Este concentrado sin fl\u00faor se ha dise\u00f1ado para producir una manta de espuma estable y de drenaje largo, garantizando al mismo tiempo un concentrado sin cambios significativos de viscosidad en presencia de agua, y con un almacenamiento, manipulaci\u00f3n, dosificaci\u00f3n y estabilidad a largo plazo mejorados.<\/p>\n<p><strong>Aplicaciones<\/strong><\/p>\n<p>SOLBERG VERSAGARD AS-100 FP est\u00e1 dise\u00f1ado para generar espumas estables de gran fluidez y drenaje lento. Esta nueva tecnolog\u00eda permite que SOLBERG VERSAGARD funcione de manera similar a los productos fluorados. Puede usarse con equipos de espuma de baja expansi\u00f3n (boquillas y monitores) y dispositivos de descarga de espuma de expansi\u00f3n media y alta para combatir incendios que involucren incendios de hidrocarburos de clase B y combustibles de solventes polares. Es totalmente compatible con los equipos est\u00e1ndar de extinci\u00f3n de incendios, incluidos los inductores en l\u00ednea, las boquillas autoinductoras, las bombas de cami\u00f3n de bomberos, los dep\u00f3sitos de vejiga, los patines de bomba, los sistemas de presi\u00f3n equilibrada y mucho m\u00e1s. A bajas temperaturas, este concentrado puede requerir un equipo especial de dosificaci\u00f3n. Adem\u00e1s de su excelente espumabilidad y estabilidad de burbujas, SOLBERG VERSAGARD AS-100 FP tiene una excelente capacidad humectante, lo que lo convierte en una herramienta eficaz para la extinci\u00f3n de incendios de combustible de Clase A.<\/p>\n<p><strong>CERTIFICACIONES:<\/strong> SOLBERG VERSAGARD AS-100 FP ha sido objeto de m\u00faltiples programas de ensayo de incendios a gran escala. Los resultados incluyen:<\/p>\n<ul>\n<li>Alcanzado una alta calificaci\u00f3n y certificado en la Norma Europea EN-1568:2018 parte 3 y 4 en todos los combustibles con agua dulce y de mar &#8211; IA\/IA &#8211; IA\/IA acetona &#8211; IA\/IB IPA<\/li>\n<li>Aprobado y certificado seg\u00fan la Norma Europea EN-1568:2018 parte 1 y 2 &#8211; para uso con dispositivos de descarga de espuma de media y alta expansi\u00f3n<\/li>\n<li>Certificaci\u00f3n de la Organizaci\u00f3n Mar\u00edtima Internacional MSC.1\/Circ. 1312<\/li>\n<\/ul>\n<\/div>\n<p>&nbsp;<\/p>\n<h4>Opciones disponibles<\/h4>\n","protected":false},"excerpt":{"rendered":"<h1 class=\"elementor-heading-title elementor-size-default\">CONCENTRADO ESPUM\u00d3GENO MULTIUSOS 3X3 SIN FL\u00daOR &#8211; PROTEGIDO CONTRA LA CONGELACI\u00d3N<\/h1>\n","protected":false},"featured_media":42213,"template":"","meta":{"_acf_changed":false},"product_cat":[197,188],"product_tag":[222,226,232,246,237,250,252,248,242],"class_list":{"0":"post-42212","1":"product","2":"type-product","3":"status-publish","4":"has-post-thumbnail","6":"product_cat-class-b-fluorine-free-es","7":"product_cat-class-b-es","8":"product_tag-en-1568-es","9":"product_tag-gesip-es","10":"product_tag-industrial-es","11":"product_tag-marina-es","12":"product_tag-med-imo-es","13":"product_tag-militar-dod-es","14":"product_tag-municipal-es","15":"product_tag-petroleo-y-gas","16":"product_tag-solberg-es","18":"first","19":"instock","20":"shipping-taxable","21":"purchasable","22":"product-type-simple"},"acf":[],"yoast_head":"<!-- This site is optimized with the Yoast SEO Premium plugin v21.9 (Yoast SEO v23.5) - https:\/\/yoast.com\/wordpress\/plugins\/seo\/ -->\n<title>SOLBERG\u00ae VERSAGARD\u2122 AS-100 FP - Perimeter Solutions<\/title>\n<meta name=\"description\" content=\"SOLBERG\u00ae VERSAGARD\u2122 AS-100 FP concentrado espum\u00f3geno multiusos 3\u00d73 sin fl\u00faor es una tecnolog\u00eda punta de espuma pseudopl\u00e1stica sin fl\u00faor resistente al alcohol con protecci\u00f3n contra la congelaci\u00f3n. No persistente, sin siloxano, sin productos qu\u00edmicos PFAS a\u00f1adidos intencionadamente, SOLBERG VERSAGARD AS-100 FP est\u00e1 dise\u00f1ado para extinguir y asegurar tanto fuegos de Clase B (combustible de hidrocarburos y combustible de disolventes polares) como fuegos profundos de Clase A.\" \/>\n<meta name=\"robots\" content=\"index, follow, max-snippet:-1, max-image-preview:large, max-video-preview:-1\" \/>\n<link rel=\"canonical\" href=\"https:\/\/www.perimeter-solutions.com\/es\/product\/solberg-versagard-as-100-fp\/\" \/>\n<meta property=\"og:locale\" content=\"es_ES\" \/>\n<meta property=\"og:type\" content=\"article\" \/>\n<meta property=\"og:title\" content=\"SOLBERG\u00ae VERSAGARD\u2122 AS-100 FP\" \/>\n<meta property=\"og:description\" content=\"SOLBERG\u00ae VERSAGARD\u2122 AS-100 FP concentrado espum\u00f3geno multiusos 3\u00d73 sin fl\u00faor es una tecnolog\u00eda punta de espuma pseudopl\u00e1stica sin fl\u00faor resistente al alcohol con protecci\u00f3n contra la congelaci\u00f3n. No persistente, sin siloxano, sin productos qu\u00edmicos PFAS a\u00f1adidos intencionadamente, SOLBERG VERSAGARD AS-100 FP est\u00e1 dise\u00f1ado para extinguir y asegurar tanto fuegos de Clase B (combustible de hidrocarburos y combustible de disolventes polares) como fuegos profundos de Clase A.\" \/>\n<meta property=\"og:url\" content=\"https:\/\/www.perimeter-solutions.com\/es\/product\/solberg-versagard-as-100-fp\/\" \/>\n<meta property=\"og:site_name\" content=\"Perimeter Solutions\" \/>\n<meta property=\"article:modified_time\" content=\"2024-08-16T18:13:45+00:00\" \/>\n<meta name=\"twitter:card\" content=\"summary_large_image\" \/>\n<meta name=\"twitter:label1\" content=\"Tiempo de lectura\" \/>\n\t<meta name=\"twitter:data1\" content=\"2 minutos\" \/>\n<script type=\"application\/ld+json\" class=\"yoast-schema-graph\">{\"@context\":\"https:\/\/schema.org\",\"@graph\":[{\"@type\":\"WebPage\",\"@id\":\"https:\/\/www.perimeter-solutions.com\/es\/product\/solberg-versagard-as-100-fp\/\",\"url\":\"https:\/\/www.perimeter-solutions.com\/es\/product\/solberg-versagard-as-100-fp\/\",\"name\":\"SOLBERG\u00ae VERSAGARD\u2122 AS-100 FP - Perimeter Solutions\",\"isPartOf\":{\"@id\":\"https:\/\/www.perimeter-solutions.com\/es\/#website\"},\"primaryImageOfPage\":{\"@id\":\"https:\/\/www.perimeter-solutions.com\/es\/product\/solberg-versagard-as-100-fp\/#primaryimage\"},\"image\":{\"@id\":\"https:\/\/www.perimeter-solutions.com\/es\/product\/solberg-versagard-as-100-fp\/#primaryimage\"},\"thumbnailUrl\":\"https:\/\/www.perimeter-solutions.com\/wp-content\/uploads\/2024\/06\/PERI1383-VERSAGARD-AS-100-FP-datasheet-A4-v9.2-1-pdf.jpg\",\"datePublished\":\"2024-06-28T18:47:24+00:00\",\"dateModified\":\"2024-08-16T18:13:45+00:00\",\"description\":\"SOLBERG\u00ae VERSAGARD\u2122 AS-100 FP concentrado espum\u00f3geno multiusos 3\u00d73 sin fl\u00faor es una tecnolog\u00eda punta de espuma pseudopl\u00e1stica sin fl\u00faor resistente al alcohol con protecci\u00f3n contra la congelaci\u00f3n. No persistente, sin siloxano, sin productos qu\u00edmicos PFAS a\u00f1adidos intencionadamente, SOLBERG VERSAGARD AS-100 FP est\u00e1 dise\u00f1ado para extinguir y asegurar tanto fuegos de Clase B (combustible de hidrocarburos y combustible de disolventes polares) como fuegos profundos de Clase A.\",\"breadcrumb\":{\"@id\":\"https:\/\/www.perimeter-solutions.com\/es\/product\/solberg-versagard-as-100-fp\/#breadcrumb\"},\"inLanguage\":\"es\",\"potentialAction\":[{\"@type\":\"ReadAction\",\"target\":[\"https:\/\/www.perimeter-solutions.com\/es\/product\/solberg-versagard-as-100-fp\/\"]}]},{\"@type\":\"ImageObject\",\"inLanguage\":\"es\",\"@id\":\"https:\/\/www.perimeter-solutions.com\/es\/product\/solberg-versagard-as-100-fp\/#primaryimage\",\"url\":\"https:\/\/www.perimeter-solutions.com\/wp-content\/uploads\/2024\/06\/PERI1383-VERSAGARD-AS-100-FP-datasheet-A4-v9.2-1-pdf.jpg\",\"contentUrl\":\"https:\/\/www.perimeter-solutions.com\/wp-content\/uploads\/2024\/06\/PERI1383-VERSAGARD-AS-100-FP-datasheet-A4-v9.2-1-pdf.jpg\"},{\"@type\":\"BreadcrumbList\",\"@id\":\"https:\/\/www.perimeter-solutions.com\/es\/product\/solberg-versagard-as-100-fp\/#breadcrumb\",\"itemListElement\":[{\"@type\":\"ListItem\",\"position\":1,\"name\":\"Cat\u00e1logo de productos\",\"item\":\"https:\/\/www.perimeter-solutions.com\/es\/product-catalog\/\"},{\"@type\":\"ListItem\",\"position\":2,\"name\":\"SOLBERG\u00ae VERSAGARD\u2122 AS-100 FP\"}]},{\"@type\":\"WebSite\",\"@id\":\"https:\/\/www.perimeter-solutions.com\/es\/#website\",\"url\":\"https:\/\/www.perimeter-solutions.com\/es\/\",\"name\":\"Perimeter Solutions\",\"description\":\"\",\"publisher\":{\"@id\":\"https:\/\/www.perimeter-solutions.com\/es\/#organization\"},\"potentialAction\":[{\"@type\":\"SearchAction\",\"target\":{\"@type\":\"EntryPoint\",\"urlTemplate\":\"https:\/\/www.perimeter-solutions.com\/es\/?s={search_term_string}\"},\"query-input\":{\"@type\":\"PropertyValueSpecification\",\"valueRequired\":true,\"valueName\":\"search_term_string\"}}],\"inLanguage\":\"es\"},{\"@type\":\"Organization\",\"@id\":\"https:\/\/www.perimeter-solutions.com\/es\/#organization\",\"name\":\"Perimeter Solutions\",\"url\":\"https:\/\/www.perimeter-solutions.com\/es\/\",\"logo\":{\"@type\":\"ImageObject\",\"inLanguage\":\"es\",\"@id\":\"https:\/\/www.perimeter-solutions.com\/es\/#\/schema\/logo\/image\/\",\"url\":\"https:\/\/www.perimeter-solutions.com\/wp-content\/uploads\/2021\/02\/perimeter-logo-RGB.png\",\"contentUrl\":\"https:\/\/www.perimeter-solutions.com\/wp-content\/uploads\/2021\/02\/perimeter-logo-RGB.png\",\"width\":794,\"height\":138,\"caption\":\"Perimeter Solutions\"},\"image\":{\"@id\":\"https:\/\/www.perimeter-solutions.com\/es\/#\/schema\/logo\/image\/\"}}]}<\/script>\n<!-- \/ Yoast SEO Premium plugin. -->","yoast_head_json":{"title":"SOLBERG\u00ae VERSAGARD\u2122 AS-100 FP - Perimeter Solutions","description":"SOLBERG\u00ae VERSAGARD\u2122 AS-100 FP concentrado espum\u00f3geno multiusos 3\u00d73 sin fl\u00faor es una tecnolog\u00eda punta de espuma pseudopl\u00e1stica sin fl\u00faor resistente al alcohol con protecci\u00f3n contra la congelaci\u00f3n. No persistente, sin siloxano, sin productos qu\u00edmicos PFAS a\u00f1adidos intencionadamente, SOLBERG VERSAGARD AS-100 FP est\u00e1 dise\u00f1ado para extinguir y asegurar tanto fuegos de Clase B (combustible de hidrocarburos y combustible de disolventes polares) como fuegos profundos de Clase A.","robots":{"index":"index","follow":"follow","max-snippet":"max-snippet:-1","max-image-preview":"max-image-preview:large","max-video-preview":"max-video-preview:-1"},"canonical":"https:\/\/www.perimeter-solutions.com\/es\/product\/solberg-versagard-as-100-fp\/","og_locale":"es_ES","og_type":"article","og_title":"SOLBERG\u00ae VERSAGARD\u2122 AS-100 FP","og_description":"SOLBERG\u00ae VERSAGARD\u2122 AS-100 FP concentrado espum\u00f3geno multiusos 3\u00d73 sin fl\u00faor es una tecnolog\u00eda punta de espuma pseudopl\u00e1stica sin fl\u00faor resistente al alcohol con protecci\u00f3n contra la congelaci\u00f3n. No persistente, sin siloxano, sin productos qu\u00edmicos PFAS a\u00f1adidos intencionadamente, SOLBERG VERSAGARD AS-100 FP est\u00e1 dise\u00f1ado para extinguir y asegurar tanto fuegos de Clase B (combustible de hidrocarburos y combustible de disolventes polares) como fuegos profundos de Clase A.","og_url":"https:\/\/www.perimeter-solutions.com\/es\/product\/solberg-versagard-as-100-fp\/","og_site_name":"Perimeter Solutions","article_modified_time":"2024-08-16T18:13:45+00:00","twitter_card":"summary_large_image","twitter_misc":{"Tiempo de lectura":"2 minutos"},"schema":{"@context":"https:\/\/schema.org","@graph":[{"@type":"WebPage","@id":"https:\/\/www.perimeter-solutions.com\/es\/product\/solberg-versagard-as-100-fp\/","url":"https:\/\/www.perimeter-solutions.com\/es\/product\/solberg-versagard-as-100-fp\/","name":"SOLBERG\u00ae VERSAGARD\u2122 AS-100 FP - Perimeter Solutions","isPartOf":{"@id":"https:\/\/www.perimeter-solutions.com\/es\/#website"},"primaryImageOfPage":{"@id":"https:\/\/www.perimeter-solutions.com\/es\/product\/solberg-versagard-as-100-fp\/#primaryimage"},"image":{"@id":"https:\/\/www.perimeter-solutions.com\/es\/product\/solberg-versagard-as-100-fp\/#primaryimage"},"thumbnailUrl":"https:\/\/www.perimeter-solutions.com\/wp-content\/uploads\/2024\/06\/PERI1383-VERSAGARD-AS-100-FP-datasheet-A4-v9.2-1-pdf.jpg","datePublished":"2024-06-28T18:47:24+00:00","dateModified":"2024-08-16T18:13:45+00:00","description":"SOLBERG\u00ae VERSAGARD\u2122 AS-100 FP concentrado espum\u00f3geno multiusos 3\u00d73 sin fl\u00faor es una tecnolog\u00eda punta de espuma pseudopl\u00e1stica sin fl\u00faor resistente al alcohol con protecci\u00f3n contra la congelaci\u00f3n. No persistente, sin siloxano, sin productos qu\u00edmicos PFAS a\u00f1adidos intencionadamente, SOLBERG VERSAGARD AS-100 FP est\u00e1 dise\u00f1ado para extinguir y asegurar tanto fuegos de Clase B (combustible de hidrocarburos y combustible de disolventes polares) como fuegos profundos de Clase A.","breadcrumb":{"@id":"https:\/\/www.perimeter-solutions.com\/es\/product\/solberg-versagard-as-100-fp\/#breadcrumb"},"inLanguage":"es","potentialAction":[{"@type":"ReadAction","target":["https:\/\/www.perimeter-solutions.com\/es\/product\/solberg-versagard-as-100-fp\/"]}]},{"@type":"ImageObject","inLanguage":"es","@id":"https:\/\/www.perimeter-solutions.com\/es\/product\/solberg-versagard-as-100-fp\/#primaryimage","url":"https:\/\/www.perimeter-solutions.com\/wp-content\/uploads\/2024\/06\/PERI1383-VERSAGARD-AS-100-FP-datasheet-A4-v9.2-1-pdf.jpg","contentUrl":"https:\/\/www.perimeter-solutions.com\/wp-content\/uploads\/2024\/06\/PERI1383-VERSAGARD-AS-100-FP-datasheet-A4-v9.2-1-pdf.jpg"},{"@type":"BreadcrumbList","@id":"https:\/\/www.perimeter-solutions.com\/es\/product\/solberg-versagard-as-100-fp\/#breadcrumb","itemListElement":[{"@type":"ListItem","position":1,"name":"Cat\u00e1logo de productos","item":"https:\/\/www.perimeter-solutions.com\/es\/product-catalog\/"},{"@type":"ListItem","position":2,"name":"SOLBERG\u00ae VERSAGARD\u2122 AS-100 FP"}]},{"@type":"WebSite","@id":"https:\/\/www.perimeter-solutions.com\/es\/#website","url":"https:\/\/www.perimeter-solutions.com\/es\/","name":"Perimeter Solutions","description":"","publisher":{"@id":"https:\/\/www.perimeter-solutions.com\/es\/#organization"},"potentialAction":[{"@type":"SearchAction","target":{"@type":"EntryPoint","urlTemplate":"https:\/\/www.perimeter-solutions.com\/es\/?s={search_term_string}"},"query-input":{"@type":"PropertyValueSpecification","valueRequired":true,"valueName":"search_term_string"}}],"inLanguage":"es"},{"@type":"Organization","@id":"https:\/\/www.perimeter-solutions.com\/es\/#organization","name":"Perimeter Solutions","url":"https:\/\/www.perimeter-solutions.com\/es\/","logo":{"@type":"ImageObject","inLanguage":"es","@id":"https:\/\/www.perimeter-solutions.com\/es\/#\/schema\/logo\/image\/","url":"https:\/\/www.perimeter-solutions.com\/wp-content\/uploads\/2021\/02\/perimeter-logo-RGB.png","contentUrl":"https:\/\/www.perimeter-solutions.com\/wp-content\/uploads\/2021\/02\/perimeter-logo-RGB.png","width":794,"height":138,"caption":"Perimeter Solutions"},"image":{"@id":"https:\/\/www.perimeter-solutions.com\/es\/#\/schema\/logo\/image\/"}}]}},"_links":{"self":[{"href":"https:\/\/www.perimeter-solutions.com\/es\/wp-json\/wp\/v2\/product\/42212","targetHints":{"allow":["GET"]}}],"collection":[{"href":"https:\/\/www.perimeter-solutions.com\/es\/wp-json\/wp\/v2\/product"}],"about":[{"href":"https:\/\/www.perimeter-solutions.com\/es\/wp-json\/wp\/v2\/types\/product"}],"wp:featuredmedia":[{"embeddable":true,"href":"https:\/\/www.perimeter-solutions.com\/es\/wp-json\/wp\/v2\/media\/42213"}],"wp:attachment":[{"href":"https:\/\/www.perimeter-solutions.com\/es\/wp-json\/wp\/v2\/media?parent=42212"}],"wp:term":[{"taxonomy":"product_cat","embeddable":true,"href":"https:\/\/www.perimeter-solutions.com\/es\/wp-json\/wp\/v2\/product_cat?post=42212"},{"taxonomy":"product_tag","embeddable":true,"href":"https:\/\/www.perimeter-solutions.com\/es\/wp-json\/wp\/v2\/product_tag?post=42212"}],"curies":[{"name":"wp","href":"https:\/\/api.w.org\/{rel}","templated":true}]}}