{"id":42200,"date":"2024-06-28T15:52:14","date_gmt":"2024-06-28T19:52:14","guid":{"rendered":"https:\/\/www.perimeter-solutions.com\/product\/solberg-3-mil-spec-sfff\/"},"modified":"2024-08-16T14:12:26","modified_gmt":"2024-08-16T18:12:26","slug":"solberg-3-mil-spec-sfff","status":"publish","type":"product","link":"https:\/\/www.perimeter-solutions.com\/es\/product\/solberg-3-mil-spec-sfff\/","title":{"rendered":"SOLBERG<sup>\u00ae<\/sup> 3% MIL-SPEC SFFF"},"content":{"rendered":"<div>\n<p>El concentrado <strong>SOLBERG<sup>\u00ae<\/sup> 3% MIL-SPEC SFFF<\/strong> est\u00e1 dise\u00f1ado espec\u00edficamente para el r\u00e1pido derribo y extinci\u00f3n de incendios provocados por derrames de gasolina y combustible Jet A, tal como se identifica en MIL-PRF-32725 (I1). Este concentrado de espuma sin fl\u00faor es una combinaci\u00f3n de tensioactivos y aditivos de hidrocarburos patentados que proporciona una excelente formaci\u00f3n de espuma, sellado de vapor y estabilidad. SOLBERG 3% MIL-SPEC SFFF es biodegradable y no contiene siloxanos ni sustancias perfluoroalquiladas y polifluoroalquiladas (PFAS) a\u00f1adidas intencionadamente. SOLBERG 3% MIL-SPEC SFFF tambi\u00e9n:<\/p>\n<ul>\n<li>Supera los requisitos de ratio de expansi\u00f3n y burn back<\/li>\n<li>Supera el 25% de rendimiento en tiempo de drenaje<\/li>\n<li>Est\u00e1 probado internamente para cumplir la norma MIL-PRF-32725 (I1) en agua salada<\/li>\n<li>Es biodegradable y no persistente<\/li>\n<\/ul>\n<p>&nbsp;<\/p>\n<p>SOLBERG 3% MIL-SPEC SFFF puede utilizarse con dispositivos de descarga de baja expansi\u00f3n, incluida una variedad de boquillas y monitores. Es totalmente compatible y se dosifica f\u00e1cilmente con los equipos est\u00e1ndar de extinci\u00f3n de incendios, incluidos los inductores en l\u00ednea, las boquillas autoinductoras, las bombas de cami\u00f3n de bomberos, los dep\u00f3sitos de vejiga, los patines de bomba, los sistemas de presi\u00f3n equilibrada y mucho m\u00e1s.<\/p>\n<p>&nbsp;<\/p>\n<p><strong>CERTIFICACIONES:<\/strong> MIL-PRF-32725 (I1), OACI B<\/p>\n<p>&nbsp;<\/p>\n<p><strong>SOLBERG 3% MIL-SPEC SFFF<\/strong> s\u00f3lo est\u00e1 disponible en las siguientes regiones:<\/p>\n<ul>\n<li>Am\u00e9rica del Norte<\/li>\n<li>APAC<\/li>\n<\/ul>\n<\/div>\n<p>&nbsp;<\/p>\n<h4>Opciones disponibles<\/h4>\n","protected":false},"excerpt":{"rendered":"<p>El concentrado SOLBERG\u00ae 3% MIL-SPEC SFFF est\u00e1 dise\u00f1ado espec\u00edficamente para el r\u00e1pido derribo y extinci\u00f3n de incendios provocados por derrames de gasolina y combustible Jet A, tal como se identifica [&hellip;]<\/p>\n","protected":false},"featured_media":42202,"template":"","meta":{"_acf_changed":false},"product_cat":[197,188],"product_tag":[217,230,238,250,242],"class_list":{"0":"post-42200","1":"product","2":"type-product","3":"status-publish","4":"has-post-thumbnail","6":"product_cat-class-b-fluorine-free-es","7":"product_cat-class-b-es","8":"product_tag-aviacion","9":"product_tag-icao-es","10":"product_tag-mil-spec-es","11":"product_tag-militar-dod-es","12":"product_tag-solberg-es","14":"first","15":"instock","16":"shipping-taxable","17":"purchasable","18":"product-type-simple"},"acf":[],"yoast_head":"<!-- This site is optimized with the Yoast SEO Premium plugin v21.9 (Yoast SEO v23.5) - https:\/\/yoast.com\/wordpress\/plugins\/seo\/ -->\n<title>SOLBERG\u00ae 3% MIL-SPEC SFFF - Perimeter Solutions<\/title>\n<meta name=\"robots\" content=\"index, follow, max-snippet:-1, max-image-preview:large, max-video-preview:-1\" \/>\n<link rel=\"canonical\" href=\"https:\/\/www.perimeter-solutions.com\/es\/product\/solberg-3-mil-spec-sfff\/\" \/>\n<meta property=\"og:locale\" content=\"es_ES\" \/>\n<meta property=\"og:type\" content=\"article\" \/>\n<meta property=\"og:title\" content=\"SOLBERG\u00ae 3% MIL-SPEC SFFF\" \/>\n<meta property=\"og:description\" content=\"El concentrado SOLBERG\u00ae 3% MIL-SPEC SFFF est\u00e1 dise\u00f1ado espec\u00edficamente para el r\u00e1pido derribo y extinci\u00f3n de incendios provocados por derrames de gasolina y combustible Jet A, tal como se identifica [&hellip;]\" \/>\n<meta property=\"og:url\" content=\"https:\/\/www.perimeter-solutions.com\/es\/product\/solberg-3-mil-spec-sfff\/\" \/>\n<meta property=\"og:site_name\" content=\"Perimeter Solutions\" \/>\n<meta property=\"article:modified_time\" content=\"2024-08-16T18:12:26+00:00\" \/>\n<meta name=\"twitter:card\" content=\"summary_large_image\" \/>\n<meta name=\"twitter:label1\" content=\"Tiempo de lectura\" \/>\n\t<meta name=\"twitter:data1\" content=\"2 minutos\" \/>\n<script type=\"application\/ld+json\" class=\"yoast-schema-graph\">{\"@context\":\"https:\/\/schema.org\",\"@graph\":[{\"@type\":\"WebPage\",\"@id\":\"https:\/\/www.perimeter-solutions.com\/es\/product\/solberg-3-mil-spec-sfff\/\",\"url\":\"https:\/\/www.perimeter-solutions.com\/es\/product\/solberg-3-mil-spec-sfff\/\",\"name\":\"SOLBERG\u00ae 3% MIL-SPEC SFFF - Perimeter Solutions\",\"isPartOf\":{\"@id\":\"https:\/\/www.perimeter-solutions.com\/es\/#website\"},\"primaryImageOfPage\":{\"@id\":\"https:\/\/www.perimeter-solutions.com\/es\/product\/solberg-3-mil-spec-sfff\/#primaryimage\"},\"image\":{\"@id\":\"https:\/\/www.perimeter-solutions.com\/es\/product\/solberg-3-mil-spec-sfff\/#primaryimage\"},\"thumbnailUrl\":\"https:\/\/www.perimeter-solutions.com\/wp-content\/uploads\/2024\/06\/SOLBERG-3_-MIL-SPEC-ALT-datasheet_letter_v18-pdf.jpg\",\"datePublished\":\"2024-06-28T19:52:14+00:00\",\"dateModified\":\"2024-08-16T18:12:26+00:00\",\"breadcrumb\":{\"@id\":\"https:\/\/www.perimeter-solutions.com\/es\/product\/solberg-3-mil-spec-sfff\/#breadcrumb\"},\"inLanguage\":\"es\",\"potentialAction\":[{\"@type\":\"ReadAction\",\"target\":[\"https:\/\/www.perimeter-solutions.com\/es\/product\/solberg-3-mil-spec-sfff\/\"]}]},{\"@type\":\"ImageObject\",\"inLanguage\":\"es\",\"@id\":\"https:\/\/www.perimeter-solutions.com\/es\/product\/solberg-3-mil-spec-sfff\/#primaryimage\",\"url\":\"https:\/\/www.perimeter-solutions.com\/wp-content\/uploads\/2024\/06\/SOLBERG-3_-MIL-SPEC-ALT-datasheet_letter_v18-pdf.jpg\",\"contentUrl\":\"https:\/\/www.perimeter-solutions.com\/wp-content\/uploads\/2024\/06\/SOLBERG-3_-MIL-SPEC-ALT-datasheet_letter_v18-pdf.jpg\"},{\"@type\":\"BreadcrumbList\",\"@id\":\"https:\/\/www.perimeter-solutions.com\/es\/product\/solberg-3-mil-spec-sfff\/#breadcrumb\",\"itemListElement\":[{\"@type\":\"ListItem\",\"position\":1,\"name\":\"Cat\u00e1logo de productos\",\"item\":\"https:\/\/www.perimeter-solutions.com\/es\/product-catalog\/\"},{\"@type\":\"ListItem\",\"position\":2,\"name\":\"SOLBERG\u00ae 3% MIL-SPEC SFFF\"}]},{\"@type\":\"WebSite\",\"@id\":\"https:\/\/www.perimeter-solutions.com\/es\/#website\",\"url\":\"https:\/\/www.perimeter-solutions.com\/es\/\",\"name\":\"Perimeter Solutions\",\"description\":\"\",\"publisher\":{\"@id\":\"https:\/\/www.perimeter-solutions.com\/es\/#organization\"},\"potentialAction\":[{\"@type\":\"SearchAction\",\"target\":{\"@type\":\"EntryPoint\",\"urlTemplate\":\"https:\/\/www.perimeter-solutions.com\/es\/?s={search_term_string}\"},\"query-input\":{\"@type\":\"PropertyValueSpecification\",\"valueRequired\":true,\"valueName\":\"search_term_string\"}}],\"inLanguage\":\"es\"},{\"@type\":\"Organization\",\"@id\":\"https:\/\/www.perimeter-solutions.com\/es\/#organization\",\"name\":\"Perimeter Solutions\",\"url\":\"https:\/\/www.perimeter-solutions.com\/es\/\",\"logo\":{\"@type\":\"ImageObject\",\"inLanguage\":\"es\",\"@id\":\"https:\/\/www.perimeter-solutions.com\/es\/#\/schema\/logo\/image\/\",\"url\":\"https:\/\/www.perimeter-solutions.com\/wp-content\/uploads\/2021\/02\/perimeter-logo-RGB.png\",\"contentUrl\":\"https:\/\/www.perimeter-solutions.com\/wp-content\/uploads\/2021\/02\/perimeter-logo-RGB.png\",\"width\":794,\"height\":138,\"caption\":\"Perimeter Solutions\"},\"image\":{\"@id\":\"https:\/\/www.perimeter-solutions.com\/es\/#\/schema\/logo\/image\/\"}}]}<\/script>\n<!-- \/ Yoast SEO Premium plugin. -->","yoast_head_json":{"title":"SOLBERG\u00ae 3% MIL-SPEC SFFF - Perimeter Solutions","robots":{"index":"index","follow":"follow","max-snippet":"max-snippet:-1","max-image-preview":"max-image-preview:large","max-video-preview":"max-video-preview:-1"},"canonical":"https:\/\/www.perimeter-solutions.com\/es\/product\/solberg-3-mil-spec-sfff\/","og_locale":"es_ES","og_type":"article","og_title":"SOLBERG\u00ae 3% MIL-SPEC SFFF","og_description":"El concentrado SOLBERG\u00ae 3% MIL-SPEC SFFF est\u00e1 dise\u00f1ado espec\u00edficamente para el r\u00e1pido derribo y extinci\u00f3n de incendios provocados por derrames de gasolina y combustible Jet A, tal como se identifica [&hellip;]","og_url":"https:\/\/www.perimeter-solutions.com\/es\/product\/solberg-3-mil-spec-sfff\/","og_site_name":"Perimeter Solutions","article_modified_time":"2024-08-16T18:12:26+00:00","twitter_card":"summary_large_image","twitter_misc":{"Tiempo de lectura":"2 minutos"},"schema":{"@context":"https:\/\/schema.org","@graph":[{"@type":"WebPage","@id":"https:\/\/www.perimeter-solutions.com\/es\/product\/solberg-3-mil-spec-sfff\/","url":"https:\/\/www.perimeter-solutions.com\/es\/product\/solberg-3-mil-spec-sfff\/","name":"SOLBERG\u00ae 3% MIL-SPEC SFFF - Perimeter Solutions","isPartOf":{"@id":"https:\/\/www.perimeter-solutions.com\/es\/#website"},"primaryImageOfPage":{"@id":"https:\/\/www.perimeter-solutions.com\/es\/product\/solberg-3-mil-spec-sfff\/#primaryimage"},"image":{"@id":"https:\/\/www.perimeter-solutions.com\/es\/product\/solberg-3-mil-spec-sfff\/#primaryimage"},"thumbnailUrl":"https:\/\/www.perimeter-solutions.com\/wp-content\/uploads\/2024\/06\/SOLBERG-3_-MIL-SPEC-ALT-datasheet_letter_v18-pdf.jpg","datePublished":"2024-06-28T19:52:14+00:00","dateModified":"2024-08-16T18:12:26+00:00","breadcrumb":{"@id":"https:\/\/www.perimeter-solutions.com\/es\/product\/solberg-3-mil-spec-sfff\/#breadcrumb"},"inLanguage":"es","potentialAction":[{"@type":"ReadAction","target":["https:\/\/www.perimeter-solutions.com\/es\/product\/solberg-3-mil-spec-sfff\/"]}]},{"@type":"ImageObject","inLanguage":"es","@id":"https:\/\/www.perimeter-solutions.com\/es\/product\/solberg-3-mil-spec-sfff\/#primaryimage","url":"https:\/\/www.perimeter-solutions.com\/wp-content\/uploads\/2024\/06\/SOLBERG-3_-MIL-SPEC-ALT-datasheet_letter_v18-pdf.jpg","contentUrl":"https:\/\/www.perimeter-solutions.com\/wp-content\/uploads\/2024\/06\/SOLBERG-3_-MIL-SPEC-ALT-datasheet_letter_v18-pdf.jpg"},{"@type":"BreadcrumbList","@id":"https:\/\/www.perimeter-solutions.com\/es\/product\/solberg-3-mil-spec-sfff\/#breadcrumb","itemListElement":[{"@type":"ListItem","position":1,"name":"Cat\u00e1logo de productos","item":"https:\/\/www.perimeter-solutions.com\/es\/product-catalog\/"},{"@type":"ListItem","position":2,"name":"SOLBERG\u00ae 3% MIL-SPEC SFFF"}]},{"@type":"WebSite","@id":"https:\/\/www.perimeter-solutions.com\/es\/#website","url":"https:\/\/www.perimeter-solutions.com\/es\/","name":"Perimeter Solutions","description":"","publisher":{"@id":"https:\/\/www.perimeter-solutions.com\/es\/#organization"},"potentialAction":[{"@type":"SearchAction","target":{"@type":"EntryPoint","urlTemplate":"https:\/\/www.perimeter-solutions.com\/es\/?s={search_term_string}"},"query-input":{"@type":"PropertyValueSpecification","valueRequired":true,"valueName":"search_term_string"}}],"inLanguage":"es"},{"@type":"Organization","@id":"https:\/\/www.perimeter-solutions.com\/es\/#organization","name":"Perimeter Solutions","url":"https:\/\/www.perimeter-solutions.com\/es\/","logo":{"@type":"ImageObject","inLanguage":"es","@id":"https:\/\/www.perimeter-solutions.com\/es\/#\/schema\/logo\/image\/","url":"https:\/\/www.perimeter-solutions.com\/wp-content\/uploads\/2021\/02\/perimeter-logo-RGB.png","contentUrl":"https:\/\/www.perimeter-solutions.com\/wp-content\/uploads\/2021\/02\/perimeter-logo-RGB.png","width":794,"height":138,"caption":"Perimeter Solutions"},"image":{"@id":"https:\/\/www.perimeter-solutions.com\/es\/#\/schema\/logo\/image\/"}}]}},"_links":{"self":[{"href":"https:\/\/www.perimeter-solutions.com\/es\/wp-json\/wp\/v2\/product\/42200","targetHints":{"allow":["GET"]}}],"collection":[{"href":"https:\/\/www.perimeter-solutions.com\/es\/wp-json\/wp\/v2\/product"}],"about":[{"href":"https:\/\/www.perimeter-solutions.com\/es\/wp-json\/wp\/v2\/types\/product"}],"wp:featuredmedia":[{"embeddable":true,"href":"https:\/\/www.perimeter-solutions.com\/es\/wp-json\/wp\/v2\/media\/42202"}],"wp:attachment":[{"href":"https:\/\/www.perimeter-solutions.com\/es\/wp-json\/wp\/v2\/media?parent=42200"}],"wp:term":[{"taxonomy":"product_cat","embeddable":true,"href":"https:\/\/www.perimeter-solutions.com\/es\/wp-json\/wp\/v2\/product_cat?post=42200"},{"taxonomy":"product_tag","embeddable":true,"href":"https:\/\/www.perimeter-solutions.com\/es\/wp-json\/wp\/v2\/product_tag?post=42200"}],"curies":[{"name":"wp","href":"https:\/\/api.w.org\/{rel}","templated":true}]}}