{"id":42188,"date":"2024-06-28T15:11:55","date_gmt":"2024-06-28T19:11:55","guid":{"rendered":"https:\/\/www.perimeter-solutions.com\/product\/solberg-avigard-fluorine-free\/"},"modified":"2024-08-14T21:38:52","modified_gmt":"2024-08-15T01:38:52","slug":"solberg-avigard-fluorine-free","status":"publish","type":"product","link":"https:\/\/www.perimeter-solutions.com\/es\/product\/solberg-avigard-fluorine-free\/","title":{"rendered":"SOLBERG AVIGARD FLUORINE-FREE"},"content":{"rendered":"<div>\n<p><strong>SOLBERG<sup>\u00ae<\/sup> Los concentrados de espuma sin fl\u00faor AVIGARD \u2122<\/strong> son una tecnolog\u00eda de espuma de aviaci\u00f3n de baja viscosidad y sin fl\u00faor de \u00faltima generaci\u00f3n dise\u00f1ada para extinguir y proteger los derrames e incendios de combustible de aviaci\u00f3n inflamable (Jet A y Jet A1). Una combinaci\u00f3n especial de tensioactivos y aditivos de hidrocarburos proporciona excelentes propiedades de formaci\u00f3n de espuma, extinci\u00f3n y quemado a las espumas contra incendios que utilizan agua dulce o agua de mar. Los espum\u00f3genos SOLBERG AVIGARD no contienen productos qu\u00edmicos PFAS a\u00f1adidos y pueden considerarse biodegradables r\u00e1pida y f\u00e1cilmente. La l\u00ednea SOLBERG AVIGARD presenta una f\u00f3rmula especial dise\u00f1ada para cumplir o superar las regulaciones de la OACI con un excelente rendimiento en combustible Jet A \/ Jet A1, con alta fluidez y drenaje lento. Se pueden usar con equipos de espuma de baja expansi\u00f3n (boquillas y monitores) y dispositivos de espuma de expansi\u00f3n media para combatir incendios que involucran incendios de combustibles de hidrocarburos de Clase B. La tasa de dosificaci\u00f3n es del 3% o del 6%. SOLBERG AVIGARD 3B tambi\u00e9n est\u00e1 certificado para agua de mar. Los productos SOLBERG AVIGARD no contienen fluorotensioactivos, fluoropol\u00edmeros, organohal\u00f3genos, PFCA, PFOA ni PFOS de acuerdo con la Directiva de la UE 2006\/122 \/ EC y modificada por la Directiva del Consejo 76\/769 \/ EEC. No presentan problemas de persistencia, bioacumulaci\u00f3n o descomposici\u00f3n t\u00f3xica (PBT).<\/p>\n<p><strong>SOLBERG AVIGARD<\/strong> s\u00f3lo est\u00e1 disponible en las siguientes regiones:<\/p>\n<ul>\n<li>Am\u00e9rica del Norte<\/li>\n<li>EMEA<\/li>\n<\/ul>\n<\/div>\n<p>&nbsp;<\/p>\n<h4>Opciones disponibles<\/h4>\n","protected":false},"excerpt":{"rendered":"<p>SOLBERG\u00ae Los concentrados de espuma sin fl\u00faor AVIGARD \u2122 son una tecnolog\u00eda de espuma de aviaci\u00f3n de baja viscosidad y sin fl\u00faor de \u00faltima generaci\u00f3n dise\u00f1ada para extinguir y proteger [&hellip;]<\/p>\n","protected":false},"featured_media":48808,"template":"","meta":{"_acf_changed":false},"product_cat":[197,188],"product_tag":[217,230,242],"class_list":{"0":"post-42188","1":"product","2":"type-product","3":"status-publish","4":"has-post-thumbnail","6":"product_cat-class-b-fluorine-free-es","7":"product_cat-class-b-es","8":"product_tag-aviacion","9":"product_tag-icao-es","10":"product_tag-solberg-es","12":"first","13":"instock","14":"shipping-taxable","15":"purchasable","16":"product-type-simple"},"acf":[],"yoast_head":"<!-- This site is optimized with the Yoast SEO Premium plugin v21.9 (Yoast SEO v23.5) - https:\/\/yoast.com\/wordpress\/plugins\/seo\/ -->\n<title>SOLBERG AVIGARD FLUORINE-FREE - Perimeter Solutions<\/title>\n<meta name=\"description\" content=\"SOLBERG \u00ae Los concentrados de espuma sin fl\u00faor AVIGARD \u2122 son una tecnolog\u00eda de espuma de aviaci\u00f3n de baja viscosidad y sin fl\u00faor de \u00faltima generaci\u00f3n dise\u00f1ada para extinguir y proteger los derrames e incendios de combustible de aviaci\u00f3n inflamable (Jet A y Jet A1).\" \/>\n<meta name=\"robots\" content=\"index, follow, max-snippet:-1, max-image-preview:large, max-video-preview:-1\" \/>\n<link rel=\"canonical\" href=\"https:\/\/www.perimeter-solutions.com\/es\/product\/solberg-avigard-fluorine-free\/\" \/>\n<meta property=\"og:locale\" content=\"es_ES\" \/>\n<meta property=\"og:type\" content=\"article\" \/>\n<meta property=\"og:title\" content=\"SOLBERG AVIGARD FLUORINE-FREE\" \/>\n<meta property=\"og:description\" content=\"SOLBERG \u00ae Los concentrados de espuma sin fl\u00faor AVIGARD \u2122 son una tecnolog\u00eda de espuma de aviaci\u00f3n de baja viscosidad y sin fl\u00faor de \u00faltima generaci\u00f3n dise\u00f1ada para extinguir y proteger los derrames e incendios de combustible de aviaci\u00f3n inflamable (Jet A y Jet A1).\" \/>\n<meta property=\"og:url\" content=\"https:\/\/www.perimeter-solutions.com\/es\/product\/solberg-avigard-fluorine-free\/\" \/>\n<meta property=\"og:site_name\" content=\"Perimeter Solutions\" \/>\n<meta property=\"article:modified_time\" content=\"2024-08-15T01:38:52+00:00\" \/>\n<meta name=\"twitter:card\" content=\"summary_large_image\" \/>\n<meta name=\"twitter:label1\" content=\"Tiempo de lectura\" \/>\n\t<meta name=\"twitter:data1\" content=\"2 minutos\" \/>\n<script type=\"application\/ld+json\" class=\"yoast-schema-graph\">{\"@context\":\"https:\/\/schema.org\",\"@graph\":[{\"@type\":\"WebPage\",\"@id\":\"https:\/\/www.perimeter-solutions.com\/es\/product\/solberg-avigard-fluorine-free\/\",\"url\":\"https:\/\/www.perimeter-solutions.com\/es\/product\/solberg-avigard-fluorine-free\/\",\"name\":\"SOLBERG AVIGARD FLUORINE-FREE - Perimeter Solutions\",\"isPartOf\":{\"@id\":\"https:\/\/www.perimeter-solutions.com\/es\/#website\"},\"primaryImageOfPage\":{\"@id\":\"https:\/\/www.perimeter-solutions.com\/es\/product\/solberg-avigard-fluorine-free\/#primaryimage\"},\"image\":{\"@id\":\"https:\/\/www.perimeter-solutions.com\/es\/product\/solberg-avigard-fluorine-free\/#primaryimage\"},\"thumbnailUrl\":\"https:\/\/www.perimeter-solutions.com\/wp-content\/uploads\/2024\/06\/SOLBERG-AVIGARD-3B-and-6B-product-thumbnail.png\",\"datePublished\":\"2024-06-28T19:11:55+00:00\",\"dateModified\":\"2024-08-15T01:38:52+00:00\",\"description\":\"SOLBERG \u00ae Los concentrados de espuma sin fl\u00faor AVIGARD \u2122 son una tecnolog\u00eda de espuma de aviaci\u00f3n de baja viscosidad y sin fl\u00faor de \u00faltima generaci\u00f3n dise\u00f1ada para extinguir y proteger los derrames e incendios de combustible de aviaci\u00f3n inflamable (Jet A y Jet A1).\",\"breadcrumb\":{\"@id\":\"https:\/\/www.perimeter-solutions.com\/es\/product\/solberg-avigard-fluorine-free\/#breadcrumb\"},\"inLanguage\":\"es\",\"potentialAction\":[{\"@type\":\"ReadAction\",\"target\":[\"https:\/\/www.perimeter-solutions.com\/es\/product\/solberg-avigard-fluorine-free\/\"]}]},{\"@type\":\"ImageObject\",\"inLanguage\":\"es\",\"@id\":\"https:\/\/www.perimeter-solutions.com\/es\/product\/solberg-avigard-fluorine-free\/#primaryimage\",\"url\":\"https:\/\/www.perimeter-solutions.com\/wp-content\/uploads\/2024\/06\/SOLBERG-AVIGARD-3B-and-6B-product-thumbnail.png\",\"contentUrl\":\"https:\/\/www.perimeter-solutions.com\/wp-content\/uploads\/2024\/06\/SOLBERG-AVIGARD-3B-and-6B-product-thumbnail.png\",\"width\":1498,\"height\":1940},{\"@type\":\"BreadcrumbList\",\"@id\":\"https:\/\/www.perimeter-solutions.com\/es\/product\/solberg-avigard-fluorine-free\/#breadcrumb\",\"itemListElement\":[{\"@type\":\"ListItem\",\"position\":1,\"name\":\"Cat\u00e1logo de productos\",\"item\":\"https:\/\/www.perimeter-solutions.com\/es\/product-catalog\/\"},{\"@type\":\"ListItem\",\"position\":2,\"name\":\"SOLBERG AVIGARD FLUORINE-FREE\"}]},{\"@type\":\"WebSite\",\"@id\":\"https:\/\/www.perimeter-solutions.com\/es\/#website\",\"url\":\"https:\/\/www.perimeter-solutions.com\/es\/\",\"name\":\"Perimeter Solutions\",\"description\":\"\",\"publisher\":{\"@id\":\"https:\/\/www.perimeter-solutions.com\/es\/#organization\"},\"potentialAction\":[{\"@type\":\"SearchAction\",\"target\":{\"@type\":\"EntryPoint\",\"urlTemplate\":\"https:\/\/www.perimeter-solutions.com\/es\/?s={search_term_string}\"},\"query-input\":{\"@type\":\"PropertyValueSpecification\",\"valueRequired\":true,\"valueName\":\"search_term_string\"}}],\"inLanguage\":\"es\"},{\"@type\":\"Organization\",\"@id\":\"https:\/\/www.perimeter-solutions.com\/es\/#organization\",\"name\":\"Perimeter Solutions\",\"url\":\"https:\/\/www.perimeter-solutions.com\/es\/\",\"logo\":{\"@type\":\"ImageObject\",\"inLanguage\":\"es\",\"@id\":\"https:\/\/www.perimeter-solutions.com\/es\/#\/schema\/logo\/image\/\",\"url\":\"https:\/\/www.perimeter-solutions.com\/wp-content\/uploads\/2021\/02\/perimeter-logo-RGB.png\",\"contentUrl\":\"https:\/\/www.perimeter-solutions.com\/wp-content\/uploads\/2021\/02\/perimeter-logo-RGB.png\",\"width\":794,\"height\":138,\"caption\":\"Perimeter Solutions\"},\"image\":{\"@id\":\"https:\/\/www.perimeter-solutions.com\/es\/#\/schema\/logo\/image\/\"}}]}<\/script>\n<!-- \/ Yoast SEO Premium plugin. -->","yoast_head_json":{"title":"SOLBERG AVIGARD FLUORINE-FREE - Perimeter Solutions","description":"SOLBERG \u00ae Los concentrados de espuma sin fl\u00faor AVIGARD \u2122 son una tecnolog\u00eda de espuma de aviaci\u00f3n de baja viscosidad y sin fl\u00faor de \u00faltima generaci\u00f3n dise\u00f1ada para extinguir y proteger los derrames e incendios de combustible de aviaci\u00f3n inflamable (Jet A y Jet A1).","robots":{"index":"index","follow":"follow","max-snippet":"max-snippet:-1","max-image-preview":"max-image-preview:large","max-video-preview":"max-video-preview:-1"},"canonical":"https:\/\/www.perimeter-solutions.com\/es\/product\/solberg-avigard-fluorine-free\/","og_locale":"es_ES","og_type":"article","og_title":"SOLBERG AVIGARD FLUORINE-FREE","og_description":"SOLBERG \u00ae Los concentrados de espuma sin fl\u00faor AVIGARD \u2122 son una tecnolog\u00eda de espuma de aviaci\u00f3n de baja viscosidad y sin fl\u00faor de \u00faltima generaci\u00f3n dise\u00f1ada para extinguir y proteger los derrames e incendios de combustible de aviaci\u00f3n inflamable (Jet A y Jet A1).","og_url":"https:\/\/www.perimeter-solutions.com\/es\/product\/solberg-avigard-fluorine-free\/","og_site_name":"Perimeter Solutions","article_modified_time":"2024-08-15T01:38:52+00:00","twitter_card":"summary_large_image","twitter_misc":{"Tiempo de lectura":"2 minutos"},"schema":{"@context":"https:\/\/schema.org","@graph":[{"@type":"WebPage","@id":"https:\/\/www.perimeter-solutions.com\/es\/product\/solberg-avigard-fluorine-free\/","url":"https:\/\/www.perimeter-solutions.com\/es\/product\/solberg-avigard-fluorine-free\/","name":"SOLBERG AVIGARD FLUORINE-FREE - Perimeter Solutions","isPartOf":{"@id":"https:\/\/www.perimeter-solutions.com\/es\/#website"},"primaryImageOfPage":{"@id":"https:\/\/www.perimeter-solutions.com\/es\/product\/solberg-avigard-fluorine-free\/#primaryimage"},"image":{"@id":"https:\/\/www.perimeter-solutions.com\/es\/product\/solberg-avigard-fluorine-free\/#primaryimage"},"thumbnailUrl":"https:\/\/www.perimeter-solutions.com\/wp-content\/uploads\/2024\/06\/SOLBERG-AVIGARD-3B-and-6B-product-thumbnail.png","datePublished":"2024-06-28T19:11:55+00:00","dateModified":"2024-08-15T01:38:52+00:00","description":"SOLBERG \u00ae Los concentrados de espuma sin fl\u00faor AVIGARD \u2122 son una tecnolog\u00eda de espuma de aviaci\u00f3n de baja viscosidad y sin fl\u00faor de \u00faltima generaci\u00f3n dise\u00f1ada para extinguir y proteger los derrames e incendios de combustible de aviaci\u00f3n inflamable (Jet A y Jet A1).","breadcrumb":{"@id":"https:\/\/www.perimeter-solutions.com\/es\/product\/solberg-avigard-fluorine-free\/#breadcrumb"},"inLanguage":"es","potentialAction":[{"@type":"ReadAction","target":["https:\/\/www.perimeter-solutions.com\/es\/product\/solberg-avigard-fluorine-free\/"]}]},{"@type":"ImageObject","inLanguage":"es","@id":"https:\/\/www.perimeter-solutions.com\/es\/product\/solberg-avigard-fluorine-free\/#primaryimage","url":"https:\/\/www.perimeter-solutions.com\/wp-content\/uploads\/2024\/06\/SOLBERG-AVIGARD-3B-and-6B-product-thumbnail.png","contentUrl":"https:\/\/www.perimeter-solutions.com\/wp-content\/uploads\/2024\/06\/SOLBERG-AVIGARD-3B-and-6B-product-thumbnail.png","width":1498,"height":1940},{"@type":"BreadcrumbList","@id":"https:\/\/www.perimeter-solutions.com\/es\/product\/solberg-avigard-fluorine-free\/#breadcrumb","itemListElement":[{"@type":"ListItem","position":1,"name":"Cat\u00e1logo de productos","item":"https:\/\/www.perimeter-solutions.com\/es\/product-catalog\/"},{"@type":"ListItem","position":2,"name":"SOLBERG AVIGARD FLUORINE-FREE"}]},{"@type":"WebSite","@id":"https:\/\/www.perimeter-solutions.com\/es\/#website","url":"https:\/\/www.perimeter-solutions.com\/es\/","name":"Perimeter Solutions","description":"","publisher":{"@id":"https:\/\/www.perimeter-solutions.com\/es\/#organization"},"potentialAction":[{"@type":"SearchAction","target":{"@type":"EntryPoint","urlTemplate":"https:\/\/www.perimeter-solutions.com\/es\/?s={search_term_string}"},"query-input":{"@type":"PropertyValueSpecification","valueRequired":true,"valueName":"search_term_string"}}],"inLanguage":"es"},{"@type":"Organization","@id":"https:\/\/www.perimeter-solutions.com\/es\/#organization","name":"Perimeter Solutions","url":"https:\/\/www.perimeter-solutions.com\/es\/","logo":{"@type":"ImageObject","inLanguage":"es","@id":"https:\/\/www.perimeter-solutions.com\/es\/#\/schema\/logo\/image\/","url":"https:\/\/www.perimeter-solutions.com\/wp-content\/uploads\/2021\/02\/perimeter-logo-RGB.png","contentUrl":"https:\/\/www.perimeter-solutions.com\/wp-content\/uploads\/2021\/02\/perimeter-logo-RGB.png","width":794,"height":138,"caption":"Perimeter Solutions"},"image":{"@id":"https:\/\/www.perimeter-solutions.com\/es\/#\/schema\/logo\/image\/"}}]}},"_links":{"self":[{"href":"https:\/\/www.perimeter-solutions.com\/es\/wp-json\/wp\/v2\/product\/42188","targetHints":{"allow":["GET"]}}],"collection":[{"href":"https:\/\/www.perimeter-solutions.com\/es\/wp-json\/wp\/v2\/product"}],"about":[{"href":"https:\/\/www.perimeter-solutions.com\/es\/wp-json\/wp\/v2\/types\/product"}],"wp:featuredmedia":[{"embeddable":true,"href":"https:\/\/www.perimeter-solutions.com\/es\/wp-json\/wp\/v2\/media\/48808"}],"wp:attachment":[{"href":"https:\/\/www.perimeter-solutions.com\/es\/wp-json\/wp\/v2\/media?parent=42188"}],"wp:term":[{"taxonomy":"product_cat","embeddable":true,"href":"https:\/\/www.perimeter-solutions.com\/es\/wp-json\/wp\/v2\/product_cat?post=42188"},{"taxonomy":"product_tag","embeddable":true,"href":"https:\/\/www.perimeter-solutions.com\/es\/wp-json\/wp\/v2\/product_tag?post=42188"}],"curies":[{"name":"wp","href":"https:\/\/api.w.org\/{rel}","templated":true}]}}