{"id":42177,"date":"2024-07-22T21:20:33","date_gmt":"2024-07-23T01:20:33","guid":{"rendered":"https:\/\/www.perimeter-solutions.com\/product\/concentrado-de-espuma-solberg-arctic-3-mil-spec-afff\/"},"modified":"2024-08-14T20:27:33","modified_gmt":"2024-08-15T00:27:33","slug":"concentrado-de-espuma-solberg-arctic-3-mil-spec-afff","status":"publish","type":"product","link":"https:\/\/www.perimeter-solutions.com\/es\/product\/concentrado-de-espuma-solberg-arctic-3-mil-spec-afff\/","title":{"rendered":"CONCENTRADO DE ESPUMA SOLBERG<sup>\u00ae<\/sup> ARCTIC\u2122 3% MIL-SPEC AFFF"},"content":{"rendered":"<p><strong>SOLBERG<sup>\u00ae<\/sup> ARCTIC\u2122 3% MIL-SPEC AFFF<\/strong> es un concentrado de espuma sint\u00e9tica utilizado para extinguir eficazmente incendios de combustibles de hidrocarburos de Clase B con un 3% de soluci\u00f3n. La espuma AFFF SOLBERG ARCTIC 3% MIL-SPEC proporciona una extinci\u00f3n r\u00e1pida y excelentes caracter\u00edsticas de reignici\u00f3n, y puede utilizarse con agua dulce, salada y salobre. El concentrado de espuma AFFF SOLBERG ARCTIC 3% MIL-SPEC puede aplicarse a incendios de combustibles de hidrocarburos de Clase B. No est\u00e1 dise\u00f1ado para usarse con combustibles solventes polares de Clase B. La espuma puede utilizarse para evitar la reignici\u00f3n de un vertido l\u00edquido y controlar los vapores peligrosos. Para obtener los m\u00e1ximos resultados, se pueden utilizar dispositivos de descarga de espuma, como la aspiraci\u00f3n por aire, as\u00ed como equipos sin aspiraci\u00f3n por aire, incluidos los cabezales est\u00e1ndar de rociadores contra incendios. El producto se mezcla con 3 partes de concentrado de espuma con 97 partes de agua. Tambi\u00e9n se puede utilizar como una soluci\u00f3n premezclada al 3%. La espuma SOLBERG ARCTIC 3% MIL-SPEC AFFF es compatible con la mayor\u00eda de los agentes en polvo (productos qu\u00edmicos secos). El concentrado de espuma AFFF SOLBERG ARCTIC 3% MIL-SPEC ha sido probado y cumple los criterios de ensayo de comportamiento al fuego de la norma 162 de Underwriters Laboratories, Inc. (UL). El espum\u00f3geno concentrado SOLBERG ARCTIC 3% MIL-SPEC AFFF puede dosificarse en el porcentaje adecuado de soluci\u00f3n espumante utilizando los dispositivos dosificadores m\u00e1s comunes.<\/p>\n<p><strong>CERTIFICACIONES:<\/strong> UL-162; Normas UL Canad\u00e1 (CAN\/ULC) S560, S564; OACI Nivel C; Especificaci\u00f3n militar estadounidense MIL-F-24385F.<\/p>\n<h4>Opciones disponibles<\/h4>\n","protected":false},"excerpt":{"rendered":"<p>SOLBERG\u00ae ARCTIC\u2122 3% MIL-SPEC AFFF es un concentrado de espuma sint\u00e9tica utilizado para extinguir eficazmente incendios de combustibles de hidrocarburos de Clase B con un 3% de soluci\u00f3n. La espuma [&hellip;]<\/p>\n","protected":false},"featured_media":43018,"template":"","meta":{"_acf_changed":false},"product_cat":[202,188],"product_tag":[230,232,248,244],"class_list":{"0":"post-42177","1":"product","2":"type-product","3":"status-publish","4":"has-post-thumbnail","6":"product_cat-class-b-fluorinated-es","7":"product_cat-class-b-es","8":"product_tag-icao-es","9":"product_tag-industrial-es","10":"product_tag-petroleo-y-gas","11":"product_tag-ul-162-es","13":"first","14":"instock","15":"shipping-taxable","16":"purchasable","17":"product-type-simple"},"acf":[],"yoast_head":"<!-- This site is optimized with the Yoast SEO Premium plugin v21.9 (Yoast SEO v23.5) - https:\/\/yoast.com\/wordpress\/plugins\/seo\/ -->\n<title>CONCENTRADO DE ESPUMA SOLBERG\u00ae ARCTIC\u2122 3% MIL-SPEC AFFF - Perimeter Solutions<\/title>\n<meta name=\"robots\" content=\"index, follow, max-snippet:-1, max-image-preview:large, max-video-preview:-1\" \/>\n<link rel=\"canonical\" href=\"https:\/\/www.perimeter-solutions.com\/es\/product\/concentrado-de-espuma-solberg-arctic-3-mil-spec-afff\/\" \/>\n<meta property=\"og:locale\" content=\"es_ES\" \/>\n<meta property=\"og:type\" content=\"article\" \/>\n<meta property=\"og:title\" content=\"CONCENTRADO DE ESPUMA SOLBERG\u00ae ARCTIC\u2122 3% MIL-SPEC AFFF\" \/>\n<meta property=\"og:description\" content=\"SOLBERG\u00ae ARCTIC\u2122 3% MIL-SPEC AFFF es un concentrado de espuma sint\u00e9tica utilizado para extinguir eficazmente incendios de combustibles de hidrocarburos de Clase B con un 3% de soluci\u00f3n. La espuma [&hellip;]\" \/>\n<meta property=\"og:url\" content=\"https:\/\/www.perimeter-solutions.com\/es\/product\/concentrado-de-espuma-solberg-arctic-3-mil-spec-afff\/\" \/>\n<meta property=\"og:site_name\" content=\"Perimeter Solutions\" \/>\n<meta property=\"article:modified_time\" content=\"2024-08-15T00:27:33+00:00\" \/>\n<meta name=\"twitter:card\" content=\"summary_large_image\" \/>\n<meta name=\"twitter:label1\" content=\"Tiempo de lectura\" \/>\n\t<meta name=\"twitter:data1\" content=\"2 minutos\" \/>\n<script type=\"application\/ld+json\" class=\"yoast-schema-graph\">{\"@context\":\"https:\/\/schema.org\",\"@graph\":[{\"@type\":\"WebPage\",\"@id\":\"https:\/\/www.perimeter-solutions.com\/es\/product\/concentrado-de-espuma-solberg-arctic-3-mil-spec-afff\/\",\"url\":\"https:\/\/www.perimeter-solutions.com\/es\/product\/concentrado-de-espuma-solberg-arctic-3-mil-spec-afff\/\",\"name\":\"CONCENTRADO DE ESPUMA SOLBERG\u00ae ARCTIC\u2122 3% MIL-SPEC AFFF - Perimeter Solutions\",\"isPartOf\":{\"@id\":\"https:\/\/www.perimeter-solutions.com\/es\/#website\"},\"primaryImageOfPage\":{\"@id\":\"https:\/\/www.perimeter-solutions.com\/es\/product\/concentrado-de-espuma-solberg-arctic-3-mil-spec-afff\/#primaryimage\"},\"image\":{\"@id\":\"https:\/\/www.perimeter-solutions.com\/es\/product\/concentrado-de-espuma-solberg-arctic-3-mil-spec-afff\/#primaryimage\"},\"thumbnailUrl\":\"https:\/\/www.perimeter-solutions.com\/wp-content\/uploads\/2024\/07\/PERI_Arctic3_AFFFFoamConcentrate_Datasheet_v1-A4-1-pdf.jpg\",\"datePublished\":\"2024-07-23T01:20:33+00:00\",\"dateModified\":\"2024-08-15T00:27:33+00:00\",\"breadcrumb\":{\"@id\":\"https:\/\/www.perimeter-solutions.com\/es\/product\/concentrado-de-espuma-solberg-arctic-3-mil-spec-afff\/#breadcrumb\"},\"inLanguage\":\"es\",\"potentialAction\":[{\"@type\":\"ReadAction\",\"target\":[\"https:\/\/www.perimeter-solutions.com\/es\/product\/concentrado-de-espuma-solberg-arctic-3-mil-spec-afff\/\"]}]},{\"@type\":\"ImageObject\",\"inLanguage\":\"es\",\"@id\":\"https:\/\/www.perimeter-solutions.com\/es\/product\/concentrado-de-espuma-solberg-arctic-3-mil-spec-afff\/#primaryimage\",\"url\":\"https:\/\/www.perimeter-solutions.com\/wp-content\/uploads\/2024\/07\/PERI_Arctic3_AFFFFoamConcentrate_Datasheet_v1-A4-1-pdf.jpg\",\"contentUrl\":\"https:\/\/www.perimeter-solutions.com\/wp-content\/uploads\/2024\/07\/PERI_Arctic3_AFFFFoamConcentrate_Datasheet_v1-A4-1-pdf.jpg\"},{\"@type\":\"BreadcrumbList\",\"@id\":\"https:\/\/www.perimeter-solutions.com\/es\/product\/concentrado-de-espuma-solberg-arctic-3-mil-spec-afff\/#breadcrumb\",\"itemListElement\":[{\"@type\":\"ListItem\",\"position\":1,\"name\":\"Cat\u00e1logo de productos\",\"item\":\"https:\/\/www.perimeter-solutions.com\/es\/product-catalog\/\"},{\"@type\":\"ListItem\",\"position\":2,\"name\":\"CONCENTRADO DE ESPUMA SOLBERG\u00ae ARCTIC\u2122 3% MIL-SPEC AFFF\"}]},{\"@type\":\"WebSite\",\"@id\":\"https:\/\/www.perimeter-solutions.com\/es\/#website\",\"url\":\"https:\/\/www.perimeter-solutions.com\/es\/\",\"name\":\"Perimeter Solutions\",\"description\":\"\",\"publisher\":{\"@id\":\"https:\/\/www.perimeter-solutions.com\/es\/#organization\"},\"potentialAction\":[{\"@type\":\"SearchAction\",\"target\":{\"@type\":\"EntryPoint\",\"urlTemplate\":\"https:\/\/www.perimeter-solutions.com\/es\/?s={search_term_string}\"},\"query-input\":{\"@type\":\"PropertyValueSpecification\",\"valueRequired\":true,\"valueName\":\"search_term_string\"}}],\"inLanguage\":\"es\"},{\"@type\":\"Organization\",\"@id\":\"https:\/\/www.perimeter-solutions.com\/es\/#organization\",\"name\":\"Perimeter Solutions\",\"url\":\"https:\/\/www.perimeter-solutions.com\/es\/\",\"logo\":{\"@type\":\"ImageObject\",\"inLanguage\":\"es\",\"@id\":\"https:\/\/www.perimeter-solutions.com\/es\/#\/schema\/logo\/image\/\",\"url\":\"https:\/\/www.perimeter-solutions.com\/wp-content\/uploads\/2021\/02\/perimeter-logo-RGB.png\",\"contentUrl\":\"https:\/\/www.perimeter-solutions.com\/wp-content\/uploads\/2021\/02\/perimeter-logo-RGB.png\",\"width\":794,\"height\":138,\"caption\":\"Perimeter Solutions\"},\"image\":{\"@id\":\"https:\/\/www.perimeter-solutions.com\/es\/#\/schema\/logo\/image\/\"}}]}<\/script>\n<!-- \/ Yoast SEO Premium plugin. -->","yoast_head_json":{"title":"CONCENTRADO DE ESPUMA SOLBERG\u00ae ARCTIC\u2122 3% MIL-SPEC AFFF - Perimeter Solutions","robots":{"index":"index","follow":"follow","max-snippet":"max-snippet:-1","max-image-preview":"max-image-preview:large","max-video-preview":"max-video-preview:-1"},"canonical":"https:\/\/www.perimeter-solutions.com\/es\/product\/concentrado-de-espuma-solberg-arctic-3-mil-spec-afff\/","og_locale":"es_ES","og_type":"article","og_title":"CONCENTRADO DE ESPUMA SOLBERG\u00ae ARCTIC\u2122 3% MIL-SPEC AFFF","og_description":"SOLBERG\u00ae ARCTIC\u2122 3% MIL-SPEC AFFF es un concentrado de espuma sint\u00e9tica utilizado para extinguir eficazmente incendios de combustibles de hidrocarburos de Clase B con un 3% de soluci\u00f3n. La espuma [&hellip;]","og_url":"https:\/\/www.perimeter-solutions.com\/es\/product\/concentrado-de-espuma-solberg-arctic-3-mil-spec-afff\/","og_site_name":"Perimeter Solutions","article_modified_time":"2024-08-15T00:27:33+00:00","twitter_card":"summary_large_image","twitter_misc":{"Tiempo de lectura":"2 minutos"},"schema":{"@context":"https:\/\/schema.org","@graph":[{"@type":"WebPage","@id":"https:\/\/www.perimeter-solutions.com\/es\/product\/concentrado-de-espuma-solberg-arctic-3-mil-spec-afff\/","url":"https:\/\/www.perimeter-solutions.com\/es\/product\/concentrado-de-espuma-solberg-arctic-3-mil-spec-afff\/","name":"CONCENTRADO DE ESPUMA SOLBERG\u00ae ARCTIC\u2122 3% MIL-SPEC AFFF - Perimeter Solutions","isPartOf":{"@id":"https:\/\/www.perimeter-solutions.com\/es\/#website"},"primaryImageOfPage":{"@id":"https:\/\/www.perimeter-solutions.com\/es\/product\/concentrado-de-espuma-solberg-arctic-3-mil-spec-afff\/#primaryimage"},"image":{"@id":"https:\/\/www.perimeter-solutions.com\/es\/product\/concentrado-de-espuma-solberg-arctic-3-mil-spec-afff\/#primaryimage"},"thumbnailUrl":"https:\/\/www.perimeter-solutions.com\/wp-content\/uploads\/2024\/07\/PERI_Arctic3_AFFFFoamConcentrate_Datasheet_v1-A4-1-pdf.jpg","datePublished":"2024-07-23T01:20:33+00:00","dateModified":"2024-08-15T00:27:33+00:00","breadcrumb":{"@id":"https:\/\/www.perimeter-solutions.com\/es\/product\/concentrado-de-espuma-solberg-arctic-3-mil-spec-afff\/#breadcrumb"},"inLanguage":"es","potentialAction":[{"@type":"ReadAction","target":["https:\/\/www.perimeter-solutions.com\/es\/product\/concentrado-de-espuma-solberg-arctic-3-mil-spec-afff\/"]}]},{"@type":"ImageObject","inLanguage":"es","@id":"https:\/\/www.perimeter-solutions.com\/es\/product\/concentrado-de-espuma-solberg-arctic-3-mil-spec-afff\/#primaryimage","url":"https:\/\/www.perimeter-solutions.com\/wp-content\/uploads\/2024\/07\/PERI_Arctic3_AFFFFoamConcentrate_Datasheet_v1-A4-1-pdf.jpg","contentUrl":"https:\/\/www.perimeter-solutions.com\/wp-content\/uploads\/2024\/07\/PERI_Arctic3_AFFFFoamConcentrate_Datasheet_v1-A4-1-pdf.jpg"},{"@type":"BreadcrumbList","@id":"https:\/\/www.perimeter-solutions.com\/es\/product\/concentrado-de-espuma-solberg-arctic-3-mil-spec-afff\/#breadcrumb","itemListElement":[{"@type":"ListItem","position":1,"name":"Cat\u00e1logo de productos","item":"https:\/\/www.perimeter-solutions.com\/es\/product-catalog\/"},{"@type":"ListItem","position":2,"name":"CONCENTRADO DE ESPUMA SOLBERG\u00ae ARCTIC\u2122 3% MIL-SPEC AFFF"}]},{"@type":"WebSite","@id":"https:\/\/www.perimeter-solutions.com\/es\/#website","url":"https:\/\/www.perimeter-solutions.com\/es\/","name":"Perimeter Solutions","description":"","publisher":{"@id":"https:\/\/www.perimeter-solutions.com\/es\/#organization"},"potentialAction":[{"@type":"SearchAction","target":{"@type":"EntryPoint","urlTemplate":"https:\/\/www.perimeter-solutions.com\/es\/?s={search_term_string}"},"query-input":{"@type":"PropertyValueSpecification","valueRequired":true,"valueName":"search_term_string"}}],"inLanguage":"es"},{"@type":"Organization","@id":"https:\/\/www.perimeter-solutions.com\/es\/#organization","name":"Perimeter Solutions","url":"https:\/\/www.perimeter-solutions.com\/es\/","logo":{"@type":"ImageObject","inLanguage":"es","@id":"https:\/\/www.perimeter-solutions.com\/es\/#\/schema\/logo\/image\/","url":"https:\/\/www.perimeter-solutions.com\/wp-content\/uploads\/2021\/02\/perimeter-logo-RGB.png","contentUrl":"https:\/\/www.perimeter-solutions.com\/wp-content\/uploads\/2021\/02\/perimeter-logo-RGB.png","width":794,"height":138,"caption":"Perimeter Solutions"},"image":{"@id":"https:\/\/www.perimeter-solutions.com\/es\/#\/schema\/logo\/image\/"}}]}},"_links":{"self":[{"href":"https:\/\/www.perimeter-solutions.com\/es\/wp-json\/wp\/v2\/product\/42177","targetHints":{"allow":["GET"]}}],"collection":[{"href":"https:\/\/www.perimeter-solutions.com\/es\/wp-json\/wp\/v2\/product"}],"about":[{"href":"https:\/\/www.perimeter-solutions.com\/es\/wp-json\/wp\/v2\/types\/product"}],"wp:featuredmedia":[{"embeddable":true,"href":"https:\/\/www.perimeter-solutions.com\/es\/wp-json\/wp\/v2\/media\/43018"}],"wp:attachment":[{"href":"https:\/\/www.perimeter-solutions.com\/es\/wp-json\/wp\/v2\/media?parent=42177"}],"wp:term":[{"taxonomy":"product_cat","embeddable":true,"href":"https:\/\/www.perimeter-solutions.com\/es\/wp-json\/wp\/v2\/product_cat?post=42177"},{"taxonomy":"product_tag","embeddable":true,"href":"https:\/\/www.perimeter-solutions.com\/es\/wp-json\/wp\/v2\/product_tag?post=42177"}],"curies":[{"name":"wp","href":"https:\/\/api.w.org\/{rel}","templated":true}]}}