{"id":43562,"date":"2023-08-31T15:01:02","date_gmt":"2023-08-31T19:01:02","guid":{"rendered":"https:\/\/www.perimeter-solutions.com\/?page_id=43562"},"modified":"2024-08-15T15:48:00","modified_gmt":"2024-08-15T19:48:00","slug":"solberg-3-mil-spec-sfff","status":"publish","type":"page","link":"https:\/\/www.perimeter-solutions.com\/es\/espumogeno-clase-b\/solberg-3-mil-spec-sfff\/","title":{"rendered":"SOLBERG 3% MIL-SPEC SFFF"},"content":{"rendered":"\t\t<div data-elementor-type=\"wp-page\" data-elementor-id=\"43562\" class=\"elementor elementor-43562 elementor-38198\" data-elementor-post-type=\"page\">\n\t\t\t\t\t\t<section class=\"elementor-section elementor-top-section elementor-element elementor-element-a53ddb9 elementor-section-stretched elementor-section-boxed elementor-section-height-default elementor-section-height-default\" data-id=\"a53ddb9\" data-element_type=\"section\" data-e-type=\"section\" data-settings=\"{&quot;stretch_section&quot;:&quot;section-stretched&quot;,&quot;background_background&quot;:&quot;classic&quot;}\">\n\t\t\t\t\t\t<div class=\"elementor-container elementor-column-gap-default\">\n\t\t\t\t\t<div class=\"elementor-column elementor-col-100 elementor-top-column elementor-element elementor-element-8e1337c\" data-id=\"8e1337c\" data-element_type=\"column\" data-e-type=\"column\">\n\t\t\t<div class=\"elementor-widget-wrap elementor-element-populated\">\n\t\t\t\t\t\t<div class=\"elementor-element elementor-element-3fcef61 elementor-widget elementor-widget-heading\" data-id=\"3fcef61\" data-element_type=\"widget\" data-e-type=\"widget\" data-widget_type=\"heading.default\">\n\t\t\t\t<div class=\"elementor-widget-container\">\n\t\t\t\t\t<h1 class=\"elementor-heading-title elementor-size-default\"><sup>SOLBERG\u00ae<\/sup>&nbsp;3% MIL-SPEC SFFF<\/h1>\t\t\t\t<\/div>\n\t\t\t\t<\/div>\n\t\t\t\t\t<\/div>\n\t\t<\/div>\n\t\t\t\t\t<\/div>\n\t\t<\/section>\n\t\t\t\t<section class=\"elementor-section elementor-top-section elementor-element elementor-element-21b70140 elementor-section-boxed elementor-section-height-default elementor-section-height-default\" data-id=\"21b70140\" data-element_type=\"section\" data-e-type=\"section\" data-settings=\"{&quot;background_background&quot;:&quot;classic&quot;}\">\n\t\t\t\t\t\t\t<div class=\"elementor-background-overlay\"><\/div>\n\t\t\t\t\t\t\t<div class=\"elementor-container elementor-column-gap-default\">\n\t\t\t\t\t<div class=\"elementor-column elementor-col-100 elementor-top-column elementor-element elementor-element-59df5f5c\" data-id=\"59df5f5c\" data-element_type=\"column\" data-e-type=\"column\">\n\t\t\t<div class=\"elementor-widget-wrap elementor-element-populated\">\n\t\t\t\t\t\t<div class=\"elementor-element elementor-element-52e04eba elementor-widget elementor-widget-text-editor\" data-id=\"52e04eba\" data-element_type=\"widget\" data-e-type=\"widget\" data-widget_type=\"text-editor.default\">\n\t\t\t\t<div class=\"elementor-widget-container\">\n\t\t\t\t\t\t\t\t\t<p>Perimeter Solutions es l\u00edder en innovaci\u00f3n y mercado en el desarrollo e implantaci\u00f3n de una nueva y eficaz tecnolog\u00eda de espuma contra incendios sin fl\u00faor, que presta servicio a multitud de clientes en todo el mundo.<\/p>\n<p>Nuestra espuma sint\u00e9tica sin fl\u00faor (SFFF) <sup>SOLBERG\u00ae<\/sup> 3% MIL-SPEC es el primer concentrado espum\u00f3geno contra incendios sin fl\u00faor que se a\u00f1ade a la Lista de Productos Cualificados (QPL) del Departamento de Defensa, lo que significa que puedes usarla con confianza.<br \/>\nAhora que se ha a\u00f1adido una espuma sin fl\u00faor a la QPL, la normativa federal exige que las autoridades aeroportuarias y otros organismos gubernamentales que deban utilizar productos cualificados MIL-SPEC cambien de la espuma acuosa formadora de pel\u00edcula (AFFF) a la espuma sin fl\u00faor, y Perimeter Solutions est\u00e1 preparada para ayudar al mercado a hacer la transici\u00f3n. <\/p>\n<p>El concentrado SOLBERG 3% MIL-SPEC SFFF est\u00e1 dise\u00f1ado espec\u00edficamente para el r\u00e1pido derribo y extinci\u00f3n de incendios provocados por derrames de gasolina y combustible Jet A, tal como se identifica en MIL-PRF-32725 (I1). Este concentrado de espuma sin fl\u00faor es una combinaci\u00f3n de tensioactivos y aditivos de hidrocarburos patentados que proporciona una excelente formaci\u00f3n de espuma, sellado de vapor y estabilidad. SOLBERG 3% MIL-SPEC SFFF es biodegradable, no contiene siloxanos ni sustancias perfluoroalquiladas y polifluoroalquiladas (PFAS) a\u00f1adidas intencionadamente y es compatible con m\u00faltiples sistemas de equipos. SOLBERG 3% MIL-SPEC SFFF tambi\u00e9n:<\/p>\n<ul>\n<li>Supera los requisitos de ratio de expansi\u00f3n y burn back<\/li>\n<li>Supera el 25% de rendimiento en tiempo de drenaje<\/li>\n<li>Probado internamente para cumplir la norma MIL-PRF-32725 (I1) en agua salada<\/li>\n<li>Es biodegradable y no persistente<\/li>\n<\/ul>\n\t\t\t\t\t\t\t\t<\/div>\n\t\t\t\t<\/div>\n\t\t\t\t\t<\/div>\n\t\t<\/div>\n\t\t\t\t\t<\/div>\n\t\t<\/section>\n\t\t\t\t<section class=\"elementor-section elementor-top-section elementor-element elementor-element-ddc269f elementor-section-boxed elementor-section-height-default elementor-section-height-default\" data-id=\"ddc269f\" data-element_type=\"section\" data-e-type=\"section\" data-settings=\"{&quot;background_background&quot;:&quot;classic&quot;}\">\n\t\t\t\t\t\t<div class=\"elementor-container elementor-column-gap-default\">\n\t\t\t\t\t<div class=\"elementor-column elementor-col-100 elementor-top-column elementor-element elementor-element-bcbdb3d\" data-id=\"bcbdb3d\" data-element_type=\"column\" data-e-type=\"column\">\n\t\t\t<div class=\"elementor-widget-wrap elementor-element-populated\">\n\t\t\t\t\t\t<div class=\"elementor-element elementor-element-0150bcc elementor-widget elementor-widget-heading\" data-id=\"0150bcc\" data-element_type=\"widget\" data-e-type=\"widget\" data-widget_type=\"heading.default\">\n\t\t\t\t<div class=\"elementor-widget-container\">\n\t\t\t\t\t<h4 class=\"elementor-heading-title elementor-size-default\">Los siguientes documentos proporcionan m\u00e1s detalles sobre SOLBERG 3% MIL-SPEC SFFF.<\/h4>\t\t\t\t<\/div>\n\t\t\t\t<\/div>\n\t\t\t\t<div class=\"elementor-element elementor-element-b36e6e4 elementor-widget elementor-widget-heading\" data-id=\"b36e6e4\" data-element_type=\"widget\" data-e-type=\"widget\" data-widget_type=\"heading.default\">\n\t\t\t\t<div class=\"elementor-widget-container\">\n\t\t\t\t\t<h5 class=\"elementor-heading-title elementor-size-default\">Estados Unidos<\/h5>\t\t\t\t<\/div>\n\t\t\t\t<\/div>\n\t\t\t\t<div class=\"elementor-element elementor-element-43739c3 elementor-icon-list--layout-traditional elementor-list-item-link-full_width elementor-widget elementor-widget-icon-list\" data-id=\"43739c3\" data-element_type=\"widget\" data-e-type=\"widget\" data-widget_type=\"icon-list.default\">\n\t\t\t\t<div class=\"elementor-widget-container\">\n\t\t\t\t\t\t\t<ul class=\"elementor-icon-list-items\">\n\t\t\t\t\t\t\t<li class=\"elementor-icon-list-item\">\n\t\t\t\t\t\t\t\t\t\t\t<a href=\"https:\/\/www.perimeter-solutions.com\/wp-content\/uploads\/2023\/09\/SOLBERG-3_-MIL-SPEC-ALT-datasheet_letter_v18.pdf\">\n\n\t\t\t\t\t\t\t\t\t\t\t\t<span class=\"elementor-icon-list-icon\">\n\t\t\t\t\t\t\t<i aria-hidden=\"true\" class=\"far fa-file-pdf\"><\/i>\t\t\t\t\t\t<\/span>\n\t\t\t\t\t\t\t\t\t\t<span class=\"elementor-icon-list-text\">SOLBERG\u00ae 3% Hoja de datos MIL-SPEC<\/span>\n\t\t\t\t\t\t\t\t\t\t\t<\/a>\n\t\t\t\t\t\t\t\t\t<\/li>\n\t\t\t\t\t\t\t\t<li class=\"elementor-icon-list-item\">\n\t\t\t\t\t\t\t\t\t\t\t<a href=\"https:\/\/www.perimeter-solutions.com\/wp-content\/uploads\/2023\/09\/PERI2369_SOLB-3-MIL-SPEC-Spec-Comparison-v6c-USletter.pdf\">\n\n\t\t\t\t\t\t\t\t\t\t\t\t<span class=\"elementor-icon-list-icon\">\n\t\t\t\t\t\t\t<i aria-hidden=\"true\" class=\"far fa-file-pdf\"><\/i>\t\t\t\t\t\t<\/span>\n\t\t\t\t\t\t\t\t\t\t<span class=\"elementor-icon-list-text\">SOLBERG\u00ae 3% Hoja comparativa de especificaciones MIL-SPEC<\/span>\n\t\t\t\t\t\t\t\t\t\t\t<\/a>\n\t\t\t\t\t\t\t\t\t<\/li>\n\t\t\t\t\t\t<\/ul>\n\t\t\t\t\t\t<\/div>\n\t\t\t\t<\/div>\n\t\t\t\t<div class=\"elementor-element elementor-element-64c5c24 elementor-widget elementor-widget-heading\" data-id=\"64c5c24\" data-element_type=\"widget\" data-e-type=\"widget\" data-widget_type=\"heading.default\">\n\t\t\t\t<div class=\"elementor-widget-container\">\n\t\t\t\t\t<h5 class=\"elementor-heading-title elementor-size-default\">APAC<\/h5>\t\t\t\t<\/div>\n\t\t\t\t<\/div>\n\t\t\t\t<div class=\"elementor-element elementor-element-d505f33 elementor-icon-list--layout-traditional elementor-list-item-link-full_width elementor-widget elementor-widget-icon-list\" data-id=\"d505f33\" data-element_type=\"widget\" data-e-type=\"widget\" data-widget_type=\"icon-list.default\">\n\t\t\t\t<div class=\"elementor-widget-container\">\n\t\t\t\t\t\t\t<ul class=\"elementor-icon-list-items\">\n\t\t\t\t\t\t\t<li class=\"elementor-icon-list-item\">\n\t\t\t\t\t\t\t\t\t\t\t<a href=\"https:\/\/www.perimeter-solutions.com\/wp-content\/uploads\/2023\/09\/SOLBERG-3_-MIL-SPEC-ALT-datasheet_letter_v18.pdf\">\n\n\t\t\t\t\t\t\t\t\t\t\t\t<span class=\"elementor-icon-list-icon\">\n\t\t\t\t\t\t\t<i aria-hidden=\"true\" class=\"far fa-file-pdf\"><\/i>\t\t\t\t\t\t<\/span>\n\t\t\t\t\t\t\t\t\t\t<span class=\"elementor-icon-list-text\">SOLBERG\u00ae 3% Hoja de datos MIL-SPEC<\/span>\n\t\t\t\t\t\t\t\t\t\t\t<\/a>\n\t\t\t\t\t\t\t\t\t<\/li>\n\t\t\t\t\t\t\t\t<li class=\"elementor-icon-list-item\">\n\t\t\t\t\t\t\t\t\t\t\t<a href=\"https:\/\/www.perimeter-solutions.com\/wp-content\/uploads\/2023\/09\/PERI2369_SOLB-3-MIL-SPEC-Spec-Comparison-v6c-APAC.pdf\">\n\n\t\t\t\t\t\t\t\t\t\t\t\t<span class=\"elementor-icon-list-icon\">\n\t\t\t\t\t\t\t<i aria-hidden=\"true\" class=\"far fa-file-pdf\"><\/i>\t\t\t\t\t\t<\/span>\n\t\t\t\t\t\t\t\t\t\t<span class=\"elementor-icon-list-text\">SOLBERG\u00ae 3% Hoja comparativa de especificaciones MIL-SPEC<\/span>\n\t\t\t\t\t\t\t\t\t\t\t<\/a>\n\t\t\t\t\t\t\t\t\t<\/li>\n\t\t\t\t\t\t<\/ul>\n\t\t\t\t\t\t<\/div>\n\t\t\t\t<\/div>\n\t\t\t\t<div class=\"elementor-element elementor-element-1f8e0ed elementor-widget elementor-widget-heading\" data-id=\"1f8e0ed\" data-element_type=\"widget\" data-e-type=\"widget\" data-widget_type=\"heading.default\">\n\t\t\t\t<div class=\"elementor-widget-container\">\n\t\t\t\t\t<h5 class=\"elementor-heading-title elementor-size-default\">EMEA<\/h5>\t\t\t\t<\/div>\n\t\t\t\t<\/div>\n\t\t\t\t<div class=\"elementor-element elementor-element-56912fb elementor-icon-list--layout-traditional elementor-list-item-link-full_width elementor-widget elementor-widget-icon-list\" data-id=\"56912fb\" data-element_type=\"widget\" data-e-type=\"widget\" data-widget_type=\"icon-list.default\">\n\t\t\t\t<div class=\"elementor-widget-container\">\n\t\t\t\t\t\t\t<ul class=\"elementor-icon-list-items\">\n\t\t\t\t\t\t\t<li class=\"elementor-icon-list-item\">\n\t\t\t\t\t\t\t\t\t\t\t<a href=\"https:\/\/www.perimeter-solutions.com\/wp-content\/uploads\/2023\/09\/SOLBERG-3_-MIL-SPEC-ALT-datasheet_letter_v18.pdf\">\n\n\t\t\t\t\t\t\t\t\t\t\t\t<span class=\"elementor-icon-list-icon\">\n\t\t\t\t\t\t\t<i aria-hidden=\"true\" class=\"far fa-file-pdf\"><\/i>\t\t\t\t\t\t<\/span>\n\t\t\t\t\t\t\t\t\t\t<span class=\"elementor-icon-list-text\">SOLBERG\u00ae 3% Hoja de datos MIL-SPEC<\/span>\n\t\t\t\t\t\t\t\t\t\t\t<\/a>\n\t\t\t\t\t\t\t\t\t<\/li>\n\t\t\t\t\t\t\t\t<li class=\"elementor-icon-list-item\">\n\t\t\t\t\t\t\t\t\t\t\t<a href=\"https:\/\/www.perimeter-solutions.com\/wp-content\/uploads\/2023\/09\/PERI2369_SOLB-3-MIL-SPEC-Spec-Comparison-v6c-EMEA.pdf\">\n\n\t\t\t\t\t\t\t\t\t\t\t\t<span class=\"elementor-icon-list-icon\">\n\t\t\t\t\t\t\t<i aria-hidden=\"true\" class=\"far fa-file-pdf\"><\/i>\t\t\t\t\t\t<\/span>\n\t\t\t\t\t\t\t\t\t\t<span class=\"elementor-icon-list-text\">SOLBERG\u00ae 3% Hoja comparativa de especificaciones MIL-SPEC<\/span>\n\t\t\t\t\t\t\t\t\t\t\t<\/a>\n\t\t\t\t\t\t\t\t\t<\/li>\n\t\t\t\t\t\t<\/ul>\n\t\t\t\t\t\t<\/div>\n\t\t\t\t<\/div>\n\t\t\t\t<div class=\"elementor-element elementor-element-d1ab52e elementor-widget elementor-widget-text-editor\" data-id=\"d1ab52e\" data-element_type=\"widget\" data-e-type=\"widget\" data-widget_type=\"text-editor.default\">\n\t\t\t\t<div class=\"elementor-widget-container\">\n\t\t\t\t\t\t\t\t\t<p><span style=\"color: #e71b2c;\"><strong>SOLBERG 3% MIL-SPEC SFFF<\/strong> s\u00f3lo est\u00e1 disponible en las siguientes regiones:<\/span><\/p>\n<ul>\n<li><span style=\"color: #e71b2c;\">Am\u00e9rica del Norte<\/span><\/li>\n<li><span style=\"color: #e71b2c;\">APAC<\/span><\/li>\n<\/ul>\n\t\t\t\t\t\t\t\t<\/div>\n\t\t\t\t<\/div>\n\t\t\t\t\t<\/div>\n\t\t<\/div>\n\t\t\t\t\t<\/div>\n\t\t<\/section>\n\t\t\t\t<\/div>\n\t\t","protected":false},"excerpt":{"rendered":"<p>SOLBERG\u00ae&nbsp;3% MIL-SPEC SFFF Perimeter Solutions es l\u00edder en innovaci\u00f3n y mercado en el desarrollo e implantaci\u00f3n de una nueva y eficaz tecnolog\u00eda de espuma contra incendios sin fl\u00faor, que presta [&hellip;]<\/p>\n","protected":false},"author":3,"featured_media":0,"parent":25244,"menu_order":0,"comment_status":"closed","ping_status":"closed","template":"","meta":{"_acf_changed":false,"footnotes":""},"class_list":["post-43562","page","type-page","status-publish","hentry"],"acf":[],"yoast_head":"<!-- This site is optimized with the Yoast SEO Premium plugin v21.9 (Yoast SEO v23.5) - https:\/\/yoast.com\/wordpress\/plugins\/seo\/ -->\n<title>SOLBERG 3% MIL-SPEC SFFF - Perimeter Solutions<\/title>\n<meta name=\"robots\" content=\"index, follow, max-snippet:-1, max-image-preview:large, max-video-preview:-1\" \/>\n<link rel=\"canonical\" href=\"https:\/\/www.perimeter-solutions.com\/es\/espumogeno-clase-b\/solberg-3-mil-spec-sfff\/\" \/>\n<meta property=\"og:locale\" content=\"es_ES\" \/>\n<meta property=\"og:type\" content=\"article\" \/>\n<meta property=\"og:title\" content=\"SOLBERG 3% MIL-SPEC SFFF\" \/>\n<meta property=\"og:description\" content=\"SOLBERG\u00ae&nbsp;3% MIL-SPEC SFFF Perimeter Solutions es l\u00edder en innovaci\u00f3n y mercado en el desarrollo e implantaci\u00f3n de una nueva y eficaz tecnolog\u00eda de espuma contra incendios sin fl\u00faor, que presta [&hellip;]\" \/>\n<meta property=\"og:url\" content=\"https:\/\/www.perimeter-solutions.com\/es\/espumogeno-clase-b\/solberg-3-mil-spec-sfff\/\" \/>\n<meta property=\"og:site_name\" content=\"Perimeter Solutions\" \/>\n<meta property=\"article:modified_time\" content=\"2024-08-15T19:48:00+00:00\" \/>\n<meta name=\"twitter:card\" content=\"summary_large_image\" \/>\n<script type=\"application\/ld+json\" class=\"yoast-schema-graph\">{\"@context\":\"https:\/\/schema.org\",\"@graph\":[{\"@type\":\"WebPage\",\"@id\":\"https:\/\/www.perimeter-solutions.com\/es\/espumogeno-clase-b\/solberg-3-mil-spec-sfff\/\",\"url\":\"https:\/\/www.perimeter-solutions.com\/es\/espumogeno-clase-b\/solberg-3-mil-spec-sfff\/\",\"name\":\"SOLBERG 3% MIL-SPEC SFFF - Perimeter Solutions\",\"isPartOf\":{\"@id\":\"https:\/\/www.perimeter-solutions.com\/es\/#website\"},\"datePublished\":\"2023-08-31T19:01:02+00:00\",\"dateModified\":\"2024-08-15T19:48:00+00:00\",\"breadcrumb\":{\"@id\":\"https:\/\/www.perimeter-solutions.com\/es\/espumogeno-clase-b\/solberg-3-mil-spec-sfff\/#breadcrumb\"},\"inLanguage\":\"es\",\"potentialAction\":[{\"@type\":\"ReadAction\",\"target\":[\"https:\/\/www.perimeter-solutions.com\/es\/espumogeno-clase-b\/solberg-3-mil-spec-sfff\/\"]}]},{\"@type\":\"BreadcrumbList\",\"@id\":\"https:\/\/www.perimeter-solutions.com\/es\/espumogeno-clase-b\/solberg-3-mil-spec-sfff\/#breadcrumb\",\"itemListElement\":[{\"@type\":\"ListItem\",\"position\":1,\"name\":\"Espum\u00f3geno (clase B)\",\"item\":\"https:\/\/www.perimeter-solutions.com\/es\/espumogeno-clase-b\/\"},{\"@type\":\"ListItem\",\"position\":2,\"name\":\"SOLBERG 3% MIL-SPEC SFFF\"}]},{\"@type\":\"WebSite\",\"@id\":\"https:\/\/www.perimeter-solutions.com\/es\/#website\",\"url\":\"https:\/\/www.perimeter-solutions.com\/es\/\",\"name\":\"Perimeter Solutions\",\"description\":\"\",\"publisher\":{\"@id\":\"https:\/\/www.perimeter-solutions.com\/es\/#organization\"},\"potentialAction\":[{\"@type\":\"SearchAction\",\"target\":{\"@type\":\"EntryPoint\",\"urlTemplate\":\"https:\/\/www.perimeter-solutions.com\/es\/?s={search_term_string}\"},\"query-input\":{\"@type\":\"PropertyValueSpecification\",\"valueRequired\":true,\"valueName\":\"search_term_string\"}}],\"inLanguage\":\"es\"},{\"@type\":\"Organization\",\"@id\":\"https:\/\/www.perimeter-solutions.com\/es\/#organization\",\"name\":\"Perimeter Solutions\",\"url\":\"https:\/\/www.perimeter-solutions.com\/es\/\",\"logo\":{\"@type\":\"ImageObject\",\"inLanguage\":\"es\",\"@id\":\"https:\/\/www.perimeter-solutions.com\/es\/#\/schema\/logo\/image\/\",\"url\":\"https:\/\/www.perimeter-solutions.com\/wp-content\/uploads\/2021\/02\/perimeter-logo-RGB.png\",\"contentUrl\":\"https:\/\/www.perimeter-solutions.com\/wp-content\/uploads\/2021\/02\/perimeter-logo-RGB.png\",\"width\":794,\"height\":138,\"caption\":\"Perimeter Solutions\"},\"image\":{\"@id\":\"https:\/\/www.perimeter-solutions.com\/es\/#\/schema\/logo\/image\/\"}}]}<\/script>\n<!-- \/ Yoast SEO Premium plugin. -->","yoast_head_json":{"title":"SOLBERG 3% MIL-SPEC SFFF - Perimeter Solutions","robots":{"index":"index","follow":"follow","max-snippet":"max-snippet:-1","max-image-preview":"max-image-preview:large","max-video-preview":"max-video-preview:-1"},"canonical":"https:\/\/www.perimeter-solutions.com\/es\/espumogeno-clase-b\/solberg-3-mil-spec-sfff\/","og_locale":"es_ES","og_type":"article","og_title":"SOLBERG 3% MIL-SPEC SFFF","og_description":"SOLBERG\u00ae&nbsp;3% MIL-SPEC SFFF Perimeter Solutions es l\u00edder en innovaci\u00f3n y mercado en el desarrollo e implantaci\u00f3n de una nueva y eficaz tecnolog\u00eda de espuma contra incendios sin fl\u00faor, que presta [&hellip;]","og_url":"https:\/\/www.perimeter-solutions.com\/es\/espumogeno-clase-b\/solberg-3-mil-spec-sfff\/","og_site_name":"Perimeter Solutions","article_modified_time":"2024-08-15T19:48:00+00:00","twitter_card":"summary_large_image","schema":{"@context":"https:\/\/schema.org","@graph":[{"@type":"WebPage","@id":"https:\/\/www.perimeter-solutions.com\/es\/espumogeno-clase-b\/solberg-3-mil-spec-sfff\/","url":"https:\/\/www.perimeter-solutions.com\/es\/espumogeno-clase-b\/solberg-3-mil-spec-sfff\/","name":"SOLBERG 3% MIL-SPEC SFFF - Perimeter Solutions","isPartOf":{"@id":"https:\/\/www.perimeter-solutions.com\/es\/#website"},"datePublished":"2023-08-31T19:01:02+00:00","dateModified":"2024-08-15T19:48:00+00:00","breadcrumb":{"@id":"https:\/\/www.perimeter-solutions.com\/es\/espumogeno-clase-b\/solberg-3-mil-spec-sfff\/#breadcrumb"},"inLanguage":"es","potentialAction":[{"@type":"ReadAction","target":["https:\/\/www.perimeter-solutions.com\/es\/espumogeno-clase-b\/solberg-3-mil-spec-sfff\/"]}]},{"@type":"BreadcrumbList","@id":"https:\/\/www.perimeter-solutions.com\/es\/espumogeno-clase-b\/solberg-3-mil-spec-sfff\/#breadcrumb","itemListElement":[{"@type":"ListItem","position":1,"name":"Espum\u00f3geno (clase B)","item":"https:\/\/www.perimeter-solutions.com\/es\/espumogeno-clase-b\/"},{"@type":"ListItem","position":2,"name":"SOLBERG 3% MIL-SPEC SFFF"}]},{"@type":"WebSite","@id":"https:\/\/www.perimeter-solutions.com\/es\/#website","url":"https:\/\/www.perimeter-solutions.com\/es\/","name":"Perimeter Solutions","description":"","publisher":{"@id":"https:\/\/www.perimeter-solutions.com\/es\/#organization"},"potentialAction":[{"@type":"SearchAction","target":{"@type":"EntryPoint","urlTemplate":"https:\/\/www.perimeter-solutions.com\/es\/?s={search_term_string}"},"query-input":{"@type":"PropertyValueSpecification","valueRequired":true,"valueName":"search_term_string"}}],"inLanguage":"es"},{"@type":"Organization","@id":"https:\/\/www.perimeter-solutions.com\/es\/#organization","name":"Perimeter Solutions","url":"https:\/\/www.perimeter-solutions.com\/es\/","logo":{"@type":"ImageObject","inLanguage":"es","@id":"https:\/\/www.perimeter-solutions.com\/es\/#\/schema\/logo\/image\/","url":"https:\/\/www.perimeter-solutions.com\/wp-content\/uploads\/2021\/02\/perimeter-logo-RGB.png","contentUrl":"https:\/\/www.perimeter-solutions.com\/wp-content\/uploads\/2021\/02\/perimeter-logo-RGB.png","width":794,"height":138,"caption":"Perimeter Solutions"},"image":{"@id":"https:\/\/www.perimeter-solutions.com\/es\/#\/schema\/logo\/image\/"}}]}},"_links":{"self":[{"href":"https:\/\/www.perimeter-solutions.com\/es\/wp-json\/wp\/v2\/pages\/43562","targetHints":{"allow":["GET"]}}],"collection":[{"href":"https:\/\/www.perimeter-solutions.com\/es\/wp-json\/wp\/v2\/pages"}],"about":[{"href":"https:\/\/www.perimeter-solutions.com\/es\/wp-json\/wp\/v2\/types\/page"}],"author":[{"embeddable":true,"href":"https:\/\/www.perimeter-solutions.com\/es\/wp-json\/wp\/v2\/users\/3"}],"replies":[{"embeddable":true,"href":"https:\/\/www.perimeter-solutions.com\/es\/wp-json\/wp\/v2\/comments?post=43562"}],"version-history":[{"count":1,"href":"https:\/\/www.perimeter-solutions.com\/es\/wp-json\/wp\/v2\/pages\/43562\/revisions"}],"predecessor-version":[{"id":43563,"href":"https:\/\/www.perimeter-solutions.com\/es\/wp-json\/wp\/v2\/pages\/43562\/revisions\/43563"}],"up":[{"embeddable":true,"href":"https:\/\/www.perimeter-solutions.com\/es\/wp-json\/wp\/v2\/pages\/25244"}],"wp:attachment":[{"href":"https:\/\/www.perimeter-solutions.com\/es\/wp-json\/wp\/v2\/media?parent=43562"}],"curies":[{"name":"wp","href":"https:\/\/api.w.org\/{rel}","templated":true}]}}