{"id":42845,"date":"2020-12-02T14:52:26","date_gmt":"2020-12-02T19:52:26","guid":{"rendered":"https:\/\/www.perimeter-solutions.com\/equipo-de-espuma-contra-incendios\/fabricacion-y-restauracion\/"},"modified":"2024-08-15T12:19:47","modified_gmt":"2024-08-15T16:19:47","slug":"fabricacion-y-restauracion","status":"publish","type":"page","link":"https:\/\/www.perimeter-solutions.com\/es\/equipo-de-espuma-contra-incendios\/fabricacion-y-restauracion\/","title":{"rendered":"Fabricaci\u00f3n y restauraci\u00f3n"},"content":{"rendered":"\t\t<div data-elementor-type=\"wp-page\" data-elementor-id=\"42845\" class=\"elementor elementor-42845 elementor-17683\" data-elementor-post-type=\"page\">\n\t\t\t\t\t\t<section class=\"elementor-section elementor-top-section elementor-element elementor-element-a53ddb9 elementor-section-stretched elementor-section-boxed elementor-section-height-default elementor-section-height-default\" data-id=\"a53ddb9\" data-element_type=\"section\" data-e-type=\"section\" data-settings=\"{&quot;stretch_section&quot;:&quot;section-stretched&quot;,&quot;background_background&quot;:&quot;classic&quot;}\">\n\t\t\t\t\t\t<div class=\"elementor-container elementor-column-gap-default\">\n\t\t\t\t\t<div class=\"elementor-column elementor-col-100 elementor-top-column elementor-element elementor-element-8e1337c\" data-id=\"8e1337c\" data-element_type=\"column\" data-e-type=\"column\">\n\t\t\t<div class=\"elementor-widget-wrap elementor-element-populated\">\n\t\t\t\t\t\t<div class=\"elementor-element elementor-element-3fcef61 elementor-widget elementor-widget-heading\" data-id=\"3fcef61\" data-element_type=\"widget\" data-e-type=\"widget\" data-widget_type=\"heading.default\">\n\t\t\t\t<div class=\"elementor-widget-container\">\n\t\t\t\t\t<h1 class=\"elementor-heading-title elementor-size-default\">Fabricaci\u00f3n y restauraci\u00f3n<\/h1>\t\t\t\t<\/div>\n\t\t\t\t<\/div>\n\t\t\t\t\t<\/div>\n\t\t<\/div>\n\t\t\t\t\t<\/div>\n\t\t<\/section>\n\t\t\t\t<section class=\"elementor-section elementor-top-section elementor-element elementor-element-e36f22b elementor-section-boxed elementor-section-height-default elementor-section-height-default\" data-id=\"e36f22b\" data-element_type=\"section\" data-e-type=\"section\" data-settings=\"{&quot;background_background&quot;:&quot;classic&quot;}\">\n\t\t\t\t\t\t\t<div class=\"elementor-background-overlay\"><\/div>\n\t\t\t\t\t\t\t<div class=\"elementor-container elementor-column-gap-default\">\n\t\t\t\t\t<div class=\"elementor-column elementor-col-100 elementor-top-column elementor-element elementor-element-9ead739\" data-id=\"9ead739\" data-element_type=\"column\" data-e-type=\"column\">\n\t\t\t<div class=\"elementor-widget-wrap elementor-element-populated\">\n\t\t\t\t\t\t<section class=\"elementor-section elementor-inner-section elementor-element elementor-element-e8d1fa2 elementor-section-boxed elementor-section-height-default elementor-section-height-default\" data-id=\"e8d1fa2\" data-element_type=\"section\" data-e-type=\"section\">\n\t\t\t\t\t\t<div class=\"elementor-container elementor-column-gap-default\">\n\t\t\t\t\t<div class=\"elementor-column elementor-col-50 elementor-inner-column elementor-element elementor-element-280d082\" data-id=\"280d082\" data-element_type=\"column\" data-e-type=\"column\">\n\t\t\t<div class=\"elementor-widget-wrap elementor-element-populated\">\n\t\t\t\t\t\t<div class=\"elementor-element elementor-element-f34f36a elementor-widget elementor-widget-heading\" data-id=\"f34f36a\" data-element_type=\"widget\" data-e-type=\"widget\" data-widget_type=\"heading.default\">\n\t\t\t\t<div class=\"elementor-widget-container\">\n\t\t\t\t\t<h4 class=\"elementor-heading-title elementor-size-default\">Fabricaci\u00f3n<\/h4>\t\t\t\t<\/div>\n\t\t\t\t<\/div>\n\t\t\t\t<div class=\"elementor-element elementor-element-7081ee5 elementor-widget elementor-widget-text-editor\" data-id=\"7081ee5\" data-element_type=\"widget\" data-e-type=\"widget\" data-widget_type=\"text-editor.default\">\n\t\t\t\t<div class=\"elementor-widget-container\">\n\t\t\t\t\t\t\t\t\t<p>Perimeter Solutions tiene experiencia en el dise\u00f1o completo, la ingenier\u00eda y la fabricaci\u00f3n de metales no f\u00e9rreos, como aluminio y acero inoxidable, as\u00ed como acero al carbono y acero galvanizado.<br \/>\nTenemos capacidad para dise\u00f1ar elementos como escaleras, plataformas, barandillas, patines y mucho m\u00e1s para adaptarnos a tus necesidades.<br \/>\nTambi\u00e9n podemos fabricar seg\u00fan tus especificaciones.<br \/>\nNuestra fabricaci\u00f3n se realiza de acuerdo con los c\u00f3digos y normas de Estados Unidos.<br \/>\nDisponemos de chorro de arena y pintura seg\u00fan tus normas y especificaciones, incluida la multicapa.    <\/p>\n\t\t\t\t\t\t\t\t<\/div>\n\t\t\t\t<\/div>\n\t\t\t\t<div class=\"elementor-element elementor-element-6858f99 elementor-widget elementor-widget-heading\" data-id=\"6858f99\" data-element_type=\"widget\" data-e-type=\"widget\" data-widget_type=\"heading.default\">\n\t\t\t\t<div class=\"elementor-widget-container\">\n\t\t\t\t\t<h4 class=\"elementor-heading-title elementor-size-default\">Renovaci\u00f3n<\/h4>\t\t\t\t<\/div>\n\t\t\t\t<\/div>\n\t\t\t\t<div class=\"elementor-element elementor-element-6b84b79 elementor-widget elementor-widget-text-editor\" data-id=\"6b84b79\" data-element_type=\"widget\" data-e-type=\"widget\" data-widget_type=\"text-editor.default\">\n\t\t\t\t<div class=\"elementor-widget-container\">\n\t\t\t\t\t\t\t\t\t<p>Perimeter Solutions tiene a\u00f1os de experiencia en la fabricaci\u00f3n y reacondicionamiento de equipos estructurales y de extinci\u00f3n de incendios.<br \/>\nPodemos reacondicionar c\u00e1maras de espuma, carretes de manguera, dep\u00f3sitos de vejiga y remolques existentes, entre otros.<br \/>\nRepararemos o sustituiremos piezas rotas, chorrearemos y repintaremos tu equipo para que parezca nuevo.<br \/>\nEs una alternativa muy rentable a la compra de equipos nuevos.   <\/p>\n\t\t\t\t\t\t\t\t<\/div>\n\t\t\t\t<\/div>\n\t\t\t\t\t<\/div>\n\t\t<\/div>\n\t\t\t\t<div class=\"elementor-column elementor-col-50 elementor-inner-column elementor-element elementor-element-d05ef15\" data-id=\"d05ef15\" data-element_type=\"column\" data-e-type=\"column\">\n\t\t\t<div class=\"elementor-widget-wrap elementor-element-populated\">\n\t\t\t\t\t\t<div class=\"elementor-element elementor-element-92767ee elementor-widget elementor-widget-image\" data-id=\"92767ee\" data-element_type=\"widget\" data-e-type=\"widget\" data-widget_type=\"image.default\">\n\t\t\t\t<div class=\"elementor-widget-container\">\n\t\t\t\t\t\t\t\t\t\t\t\t\t\t\t<img fetchpriority=\"high\" decoding=\"async\" width=\"800\" height=\"577\" src=\"https:\/\/www.perimeter-solutions.com\/wp-content\/uploads\/2020\/12\/IMG_0311-1024x739.jpg\" class=\"attachment-large size-large wp-image-34825\" alt=\"\" srcset=\"https:\/\/www.perimeter-solutions.com\/wp-content\/uploads\/2020\/12\/IMG_0311-1024x739.jpg 1024w, https:\/\/www.perimeter-solutions.com\/wp-content\/uploads\/2020\/12\/IMG_0311-600x433.jpg 600w, https:\/\/www.perimeter-solutions.com\/wp-content\/uploads\/2020\/12\/IMG_0311-300x217.jpg 300w, https:\/\/www.perimeter-solutions.com\/wp-content\/uploads\/2020\/12\/IMG_0311-768x555.jpg 768w, https:\/\/www.perimeter-solutions.com\/wp-content\/uploads\/2020\/12\/IMG_0311-1536x1109.jpg 1536w, https:\/\/www.perimeter-solutions.com\/wp-content\/uploads\/2020\/12\/IMG_0311-202x146.jpg 202w, https:\/\/www.perimeter-solutions.com\/wp-content\/uploads\/2020\/12\/IMG_0311-50x36.jpg 50w, https:\/\/www.perimeter-solutions.com\/wp-content\/uploads\/2020\/12\/IMG_0311-104x75.jpg 104w, https:\/\/www.perimeter-solutions.com\/wp-content\/uploads\/2020\/12\/IMG_0311.jpg 1900w\" sizes=\"(max-width: 800px) 100vw, 800px\" \/>\t\t\t\t\t\t\t\t\t\t\t\t\t\t\t<\/div>\n\t\t\t\t<\/div>\n\t\t\t\t\t<\/div>\n\t\t<\/div>\n\t\t\t\t\t<\/div>\n\t\t<\/section>\n\t\t\t\t\t<\/div>\n\t\t<\/div>\n\t\t\t\t\t<\/div>\n\t\t<\/section>\n\t\t\t\t<\/div>\n\t\t","protected":false},"excerpt":{"rendered":"<p>Fabricaci\u00f3n y restauraci\u00f3n Fabricaci\u00f3n Perimeter Solutions tiene experiencia en el dise\u00f1o completo, la ingenier\u00eda y la fabricaci\u00f3n de metales no f\u00e9rreos, como aluminio y acero inoxidable, as\u00ed como acero al [&hellip;]<\/p>\n","protected":false},"author":3,"featured_media":0,"parent":25802,"menu_order":0,"comment_status":"closed","ping_status":"closed","template":"","meta":{"_acf_changed":false,"footnotes":""},"class_list":["post-42845","page","type-page","status-publish","hentry"],"acf":[],"yoast_head":"<!-- This site is optimized with the Yoast SEO Premium plugin v21.9 (Yoast SEO v23.5) - https:\/\/yoast.com\/wordpress\/plugins\/seo\/ -->\n<title>Fabricaci\u00f3n y restauraci\u00f3n - Perimeter Solutions<\/title>\n<meta name=\"robots\" content=\"index, follow, max-snippet:-1, max-image-preview:large, max-video-preview:-1\" \/>\n<link rel=\"canonical\" href=\"https:\/\/www.perimeter-solutions.com\/es\/equipo-de-espuma-contra-incendios\/fabricacion-y-restauracion\/\" \/>\n<meta property=\"og:locale\" content=\"es_ES\" \/>\n<meta property=\"og:type\" content=\"article\" \/>\n<meta property=\"og:title\" content=\"Fabricaci\u00f3n y restauraci\u00f3n\" \/>\n<meta property=\"og:description\" content=\"Fabricaci\u00f3n y restauraci\u00f3n Fabricaci\u00f3n Perimeter Solutions tiene experiencia en el dise\u00f1o completo, la ingenier\u00eda y la fabricaci\u00f3n de metales no f\u00e9rreos, como aluminio y acero inoxidable, as\u00ed como acero al [&hellip;]\" \/>\n<meta property=\"og:url\" content=\"https:\/\/www.perimeter-solutions.com\/es\/equipo-de-espuma-contra-incendios\/fabricacion-y-restauracion\/\" \/>\n<meta property=\"og:site_name\" content=\"Perimeter Solutions\" \/>\n<meta property=\"article:modified_time\" content=\"2024-08-15T16:19:47+00:00\" \/>\n<meta property=\"og:image\" content=\"https:\/\/www.perimeter-solutions.com\/wp-content\/uploads\/2020\/12\/IMG_0311-1024x739.jpg\" \/>\n<meta name=\"twitter:card\" content=\"summary_large_image\" \/>\n<script type=\"application\/ld+json\" class=\"yoast-schema-graph\">{\"@context\":\"https:\/\/schema.org\",\"@graph\":[{\"@type\":\"WebPage\",\"@id\":\"https:\/\/www.perimeter-solutions.com\/es\/equipo-de-espuma-contra-incendios\/fabricacion-y-restauracion\/\",\"url\":\"https:\/\/www.perimeter-solutions.com\/es\/equipo-de-espuma-contra-incendios\/fabricacion-y-restauracion\/\",\"name\":\"Fabricaci\u00f3n y restauraci\u00f3n - Perimeter Solutions\",\"isPartOf\":{\"@id\":\"https:\/\/www.perimeter-solutions.com\/es\/#website\"},\"primaryImageOfPage\":{\"@id\":\"https:\/\/www.perimeter-solutions.com\/es\/equipo-de-espuma-contra-incendios\/fabricacion-y-restauracion\/#primaryimage\"},\"image\":{\"@id\":\"https:\/\/www.perimeter-solutions.com\/es\/equipo-de-espuma-contra-incendios\/fabricacion-y-restauracion\/#primaryimage\"},\"thumbnailUrl\":\"https:\/\/www.perimeter-solutions.com\/wp-content\/uploads\/2020\/12\/IMG_0311-1024x739.jpg\",\"datePublished\":\"2020-12-02T19:52:26+00:00\",\"dateModified\":\"2024-08-15T16:19:47+00:00\",\"breadcrumb\":{\"@id\":\"https:\/\/www.perimeter-solutions.com\/es\/equipo-de-espuma-contra-incendios\/fabricacion-y-restauracion\/#breadcrumb\"},\"inLanguage\":\"es\",\"potentialAction\":[{\"@type\":\"ReadAction\",\"target\":[\"https:\/\/www.perimeter-solutions.com\/es\/equipo-de-espuma-contra-incendios\/fabricacion-y-restauracion\/\"]}]},{\"@type\":\"ImageObject\",\"inLanguage\":\"es\",\"@id\":\"https:\/\/www.perimeter-solutions.com\/es\/equipo-de-espuma-contra-incendios\/fabricacion-y-restauracion\/#primaryimage\",\"url\":\"https:\/\/www.perimeter-solutions.com\/wp-content\/uploads\/2020\/12\/IMG_0311-1024x739.jpg\",\"contentUrl\":\"https:\/\/www.perimeter-solutions.com\/wp-content\/uploads\/2020\/12\/IMG_0311-1024x739.jpg\"},{\"@type\":\"BreadcrumbList\",\"@id\":\"https:\/\/www.perimeter-solutions.com\/es\/equipo-de-espuma-contra-incendios\/fabricacion-y-restauracion\/#breadcrumb\",\"itemListElement\":[{\"@type\":\"ListItem\",\"position\":1,\"name\":\"Equipo de espuma contra incendios\",\"item\":\"https:\/\/www.perimeter-solutions.com\/es\/equipo-de-espuma-contra-incendios\/\"},{\"@type\":\"ListItem\",\"position\":2,\"name\":\"Fabricaci\u00f3n y restauraci\u00f3n\"}]},{\"@type\":\"WebSite\",\"@id\":\"https:\/\/www.perimeter-solutions.com\/es\/#website\",\"url\":\"https:\/\/www.perimeter-solutions.com\/es\/\",\"name\":\"Perimeter Solutions\",\"description\":\"\",\"publisher\":{\"@id\":\"https:\/\/www.perimeter-solutions.com\/es\/#organization\"},\"potentialAction\":[{\"@type\":\"SearchAction\",\"target\":{\"@type\":\"EntryPoint\",\"urlTemplate\":\"https:\/\/www.perimeter-solutions.com\/es\/?s={search_term_string}\"},\"query-input\":{\"@type\":\"PropertyValueSpecification\",\"valueRequired\":true,\"valueName\":\"search_term_string\"}}],\"inLanguage\":\"es\"},{\"@type\":\"Organization\",\"@id\":\"https:\/\/www.perimeter-solutions.com\/es\/#organization\",\"name\":\"Perimeter Solutions\",\"url\":\"https:\/\/www.perimeter-solutions.com\/es\/\",\"logo\":{\"@type\":\"ImageObject\",\"inLanguage\":\"es\",\"@id\":\"https:\/\/www.perimeter-solutions.com\/es\/#\/schema\/logo\/image\/\",\"url\":\"https:\/\/www.perimeter-solutions.com\/wp-content\/uploads\/2021\/02\/perimeter-logo-RGB.png\",\"contentUrl\":\"https:\/\/www.perimeter-solutions.com\/wp-content\/uploads\/2021\/02\/perimeter-logo-RGB.png\",\"width\":794,\"height\":138,\"caption\":\"Perimeter Solutions\"},\"image\":{\"@id\":\"https:\/\/www.perimeter-solutions.com\/es\/#\/schema\/logo\/image\/\"}}]}<\/script>\n<!-- \/ Yoast SEO Premium plugin. -->","yoast_head_json":{"title":"Fabricaci\u00f3n y restauraci\u00f3n - Perimeter Solutions","robots":{"index":"index","follow":"follow","max-snippet":"max-snippet:-1","max-image-preview":"max-image-preview:large","max-video-preview":"max-video-preview:-1"},"canonical":"https:\/\/www.perimeter-solutions.com\/es\/equipo-de-espuma-contra-incendios\/fabricacion-y-restauracion\/","og_locale":"es_ES","og_type":"article","og_title":"Fabricaci\u00f3n y restauraci\u00f3n","og_description":"Fabricaci\u00f3n y restauraci\u00f3n Fabricaci\u00f3n Perimeter Solutions tiene experiencia en el dise\u00f1o completo, la ingenier\u00eda y la fabricaci\u00f3n de metales no f\u00e9rreos, como aluminio y acero inoxidable, as\u00ed como acero al [&hellip;]","og_url":"https:\/\/www.perimeter-solutions.com\/es\/equipo-de-espuma-contra-incendios\/fabricacion-y-restauracion\/","og_site_name":"Perimeter Solutions","article_modified_time":"2024-08-15T16:19:47+00:00","og_image":[{"url":"https:\/\/www.perimeter-solutions.com\/wp-content\/uploads\/2020\/12\/IMG_0311-1024x739.jpg"}],"twitter_card":"summary_large_image","schema":{"@context":"https:\/\/schema.org","@graph":[{"@type":"WebPage","@id":"https:\/\/www.perimeter-solutions.com\/es\/equipo-de-espuma-contra-incendios\/fabricacion-y-restauracion\/","url":"https:\/\/www.perimeter-solutions.com\/es\/equipo-de-espuma-contra-incendios\/fabricacion-y-restauracion\/","name":"Fabricaci\u00f3n y restauraci\u00f3n - Perimeter Solutions","isPartOf":{"@id":"https:\/\/www.perimeter-solutions.com\/es\/#website"},"primaryImageOfPage":{"@id":"https:\/\/www.perimeter-solutions.com\/es\/equipo-de-espuma-contra-incendios\/fabricacion-y-restauracion\/#primaryimage"},"image":{"@id":"https:\/\/www.perimeter-solutions.com\/es\/equipo-de-espuma-contra-incendios\/fabricacion-y-restauracion\/#primaryimage"},"thumbnailUrl":"https:\/\/www.perimeter-solutions.com\/wp-content\/uploads\/2020\/12\/IMG_0311-1024x739.jpg","datePublished":"2020-12-02T19:52:26+00:00","dateModified":"2024-08-15T16:19:47+00:00","breadcrumb":{"@id":"https:\/\/www.perimeter-solutions.com\/es\/equipo-de-espuma-contra-incendios\/fabricacion-y-restauracion\/#breadcrumb"},"inLanguage":"es","potentialAction":[{"@type":"ReadAction","target":["https:\/\/www.perimeter-solutions.com\/es\/equipo-de-espuma-contra-incendios\/fabricacion-y-restauracion\/"]}]},{"@type":"ImageObject","inLanguage":"es","@id":"https:\/\/www.perimeter-solutions.com\/es\/equipo-de-espuma-contra-incendios\/fabricacion-y-restauracion\/#primaryimage","url":"https:\/\/www.perimeter-solutions.com\/wp-content\/uploads\/2020\/12\/IMG_0311-1024x739.jpg","contentUrl":"https:\/\/www.perimeter-solutions.com\/wp-content\/uploads\/2020\/12\/IMG_0311-1024x739.jpg"},{"@type":"BreadcrumbList","@id":"https:\/\/www.perimeter-solutions.com\/es\/equipo-de-espuma-contra-incendios\/fabricacion-y-restauracion\/#breadcrumb","itemListElement":[{"@type":"ListItem","position":1,"name":"Equipo de espuma contra incendios","item":"https:\/\/www.perimeter-solutions.com\/es\/equipo-de-espuma-contra-incendios\/"},{"@type":"ListItem","position":2,"name":"Fabricaci\u00f3n y restauraci\u00f3n"}]},{"@type":"WebSite","@id":"https:\/\/www.perimeter-solutions.com\/es\/#website","url":"https:\/\/www.perimeter-solutions.com\/es\/","name":"Perimeter Solutions","description":"","publisher":{"@id":"https:\/\/www.perimeter-solutions.com\/es\/#organization"},"potentialAction":[{"@type":"SearchAction","target":{"@type":"EntryPoint","urlTemplate":"https:\/\/www.perimeter-solutions.com\/es\/?s={search_term_string}"},"query-input":{"@type":"PropertyValueSpecification","valueRequired":true,"valueName":"search_term_string"}}],"inLanguage":"es"},{"@type":"Organization","@id":"https:\/\/www.perimeter-solutions.com\/es\/#organization","name":"Perimeter Solutions","url":"https:\/\/www.perimeter-solutions.com\/es\/","logo":{"@type":"ImageObject","inLanguage":"es","@id":"https:\/\/www.perimeter-solutions.com\/es\/#\/schema\/logo\/image\/","url":"https:\/\/www.perimeter-solutions.com\/wp-content\/uploads\/2021\/02\/perimeter-logo-RGB.png","contentUrl":"https:\/\/www.perimeter-solutions.com\/wp-content\/uploads\/2021\/02\/perimeter-logo-RGB.png","width":794,"height":138,"caption":"Perimeter Solutions"},"image":{"@id":"https:\/\/www.perimeter-solutions.com\/es\/#\/schema\/logo\/image\/"}}]}},"_links":{"self":[{"href":"https:\/\/www.perimeter-solutions.com\/es\/wp-json\/wp\/v2\/pages\/42845","targetHints":{"allow":["GET"]}}],"collection":[{"href":"https:\/\/www.perimeter-solutions.com\/es\/wp-json\/wp\/v2\/pages"}],"about":[{"href":"https:\/\/www.perimeter-solutions.com\/es\/wp-json\/wp\/v2\/types\/page"}],"author":[{"embeddable":true,"href":"https:\/\/www.perimeter-solutions.com\/es\/wp-json\/wp\/v2\/users\/3"}],"replies":[{"embeddable":true,"href":"https:\/\/www.perimeter-solutions.com\/es\/wp-json\/wp\/v2\/comments?post=42845"}],"version-history":[{"count":1,"href":"https:\/\/www.perimeter-solutions.com\/es\/wp-json\/wp\/v2\/pages\/42845\/revisions"}],"predecessor-version":[{"id":42846,"href":"https:\/\/www.perimeter-solutions.com\/es\/wp-json\/wp\/v2\/pages\/42845\/revisions\/42846"}],"up":[{"embeddable":true,"href":"https:\/\/www.perimeter-solutions.com\/es\/wp-json\/wp\/v2\/pages\/25802"}],"wp:attachment":[{"href":"https:\/\/www.perimeter-solutions.com\/es\/wp-json\/wp\/v2\/media?parent=42845"}],"curies":[{"name":"wp","href":"https:\/\/api.w.org\/{rel}","templated":true}]}}