{"id":42208,"date":"2024-07-01T17:11:53","date_gmt":"2024-07-01T21:11:53","guid":{"rendered":"https:\/\/www.perimeter-solutions.com\/retardantes-del-fuego-de-larga-duracion-aire-y-tierra\/"},"modified":"2024-07-24T15:05:34","modified_gmt":"2024-07-24T19:05:34","slug":"retardantes-del-fuego-de-larga-duracion-aire-y-tierra","status":"publish","type":"page","link":"https:\/\/www.perimeter-solutions.com\/es\/retardantes-del-fuego-de-larga-duracion-aire-y-tierra\/","title":{"rendered":"Retardantes del fuego de larga duraci\u00f3n &#8211; Aire y Tierra"},"content":{"rendered":"\t\t<div data-elementor-type=\"wp-page\" data-elementor-id=\"42208\" class=\"elementor elementor-42208 elementor-41775\" data-elementor-post-type=\"page\">\n\t\t\t\t\t\t<section class=\"elementor-section elementor-top-section elementor-element elementor-element-a53ddb9 elementor-section-stretched elementor-section-boxed elementor-section-height-default elementor-section-height-default\" data-id=\"a53ddb9\" data-element_type=\"section\" data-e-type=\"section\" data-settings=\"{&quot;stretch_section&quot;:&quot;section-stretched&quot;,&quot;background_background&quot;:&quot;classic&quot;}\">\n\t\t\t\t\t\t\t<div class=\"elementor-background-overlay\"><\/div>\n\t\t\t\t\t\t\t<div class=\"elementor-container elementor-column-gap-default\">\n\t\t\t\t\t<div class=\"elementor-column elementor-col-100 elementor-top-column elementor-element elementor-element-8e1337c\" data-id=\"8e1337c\" data-element_type=\"column\" data-e-type=\"column\">\n\t\t\t<div class=\"elementor-widget-wrap elementor-element-populated\">\n\t\t\t\t\t\t<div class=\"elementor-element elementor-element-3fcef61 elementor-widget elementor-widget-heading\" data-id=\"3fcef61\" data-element_type=\"widget\" data-e-type=\"widget\" data-widget_type=\"heading.default\">\n\t\t\t\t<div class=\"elementor-widget-container\">\n\t\t\t\t\t<h1 class=\"elementor-heading-title elementor-size-default\">Retardantes del fuego de larga duraci\u00f3n - Aire y Tierra<\/h1>\t\t\t\t<\/div>\n\t\t\t\t<\/div>\n\t\t\t\t\t<\/div>\n\t\t<\/div>\n\t\t\t\t\t<\/div>\n\t\t<\/section>\n\t\t\t\t<section class=\"elementor-section elementor-top-section elementor-element elementor-element-e36f22b elementor-section-boxed elementor-section-height-default elementor-section-height-default\" data-id=\"e36f22b\" data-element_type=\"section\" data-e-type=\"section\" data-settings=\"{&quot;background_background&quot;:&quot;classic&quot;}\">\n\t\t\t\t\t\t\t<div class=\"elementor-background-overlay\"><\/div>\n\t\t\t\t\t\t\t<div class=\"elementor-container elementor-column-gap-default\">\n\t\t\t\t\t<div class=\"elementor-column elementor-col-100 elementor-top-column elementor-element elementor-element-9ead739\" data-id=\"9ead739\" data-element_type=\"column\" data-e-type=\"column\">\n\t\t\t<div class=\"elementor-widget-wrap elementor-element-populated\">\n\t\t\t\t\t\t<div class=\"elementor-element elementor-element-d5454f1 elementor-widget elementor-widget-text-editor\" data-id=\"d5454f1\" data-element_type=\"widget\" data-e-type=\"widget\" data-widget_type=\"text-editor.default\">\n\t\t\t\t<div class=\"elementor-widget-container\">\n\t\t\t\t\t\t\t\t\t<p>El ign\u00edfugo de larga duraci\u00f3n PHOS-CHEK\u00ae fue aprobado por primera vez para su uso en la lucha contra incendios a\u00e9reos por el Servicio Forestal de EE.UU. en 1963. Desde entonces, Perimeter Solutions ha trabajado junto a los bomberos para ayudar a proteger las propiedades y salvar vidas de los incendios forestales.<\/p>\n<p>Desde la introducci\u00f3n de PHOS-CHEK, hemos innovado continuamente para mejorar su eficacia y seguridad. Algo que no ha cambiado es que el fosfato sigue siendo el ingrediente activo en todas las soluciones ign\u00edfugas PHOS-CHEK. \u00bfPor qu\u00e9? M\u00e1s de 80 a\u00f1os de investigaci\u00f3n han demostrado que es el producto qu\u00edmico m\u00e1s eficaz, seguro y responsable con el medio ambiente para prevenir la propagaci\u00f3n de incendios forestales.<\/p>\n<p>La ventaja \u00fanica de los productos a base de fosfato para la extinci\u00f3n a\u00e9rea de incendios es que el fosfato act\u00faa qu\u00edmicamente, con el combustible, para cambiar la forma en que se descompone la celulosa, haci\u00e9ndola no inflamable. Se ha probado y demostrado que el fosfato es m\u00e1s eficaz para evitar la propagaci\u00f3n del fuego que docenas de otras soluciones qu\u00edmicas, como el cloruro am\u00f3nico, el acetato polivin\u00edlico, el carbonato pot\u00e1sico, el silicato s\u00f3dico, el \u00e1cido b\u00f3rico y el cloruro magn\u00e9sico.<\/p>\n<p>A lo largo de los a\u00f1os, se desarrollaron mejores espesantes para mejorar las caracter\u00edsticas de ca\u00edda, se a\u00f1adieron inhibidores de corrosi\u00f3n m\u00e1s sofisticados, se mejoraron los acondicionadores de flujo para que la mezcla fuera m\u00e1s f\u00e1cil y eficaz, y se hicieron cambios para mejorar su perfil medioambiental.<\/p>\n<p>Los retardantes FIRE-TROL\u00ae se a\u00f1adieron a nuestra cartera de productos en 2007, y un a\u00f1o despu\u00e9s, la adquisici\u00f3n de la empresa francesa BIOGEMA\u00ae la ampli\u00f3 a\u00fan m\u00e1s.<\/p>\n<p>En la actualidad, los retardantes del fuego de larga duraci\u00f3n PHOS-CHEK y FIRE-TROL siguen estando a la vanguardia de la gesti\u00f3n mundial de los incendios forestales. Nuestro avance m\u00e1s reciente es PHOS-CHEK LCE20-FX, un concentrado l\u00edquido de nueva generaci\u00f3n que ofrece un rendimiento y un perfil medioambiental superiores.<\/p>\n<p>Apoyamos nuestros productos ign\u00edfugos de larga duraci\u00f3n con una amplia gama de soluciones de servicio y equipamiento. Esto incluye una l\u00ednea completa de sistemas de mezcla para todos los productos PHOS-CHEK.<\/p>\n<p>Nuestro <a href=\"https:\/\/www.perimeter-solutions.com\/es\/retardantes-de-fuego\/\"><strong>ign\u00edfugo de larga duraci\u00f3n<\/strong><\/a> y <a href=\"https:\/\/www.perimeter-solutions.com\/es\/sistemas-de-equipos-retardadores\/\"><strong>servicios y equipos<\/strong><\/a> incluyen m\u00e1s informaci\u00f3n sobre nuestros productos y soluciones espec\u00edficos.<\/p>\n\t\t\t\t\t\t\t\t<\/div>\n\t\t\t\t<\/div>\n\t\t\t\t<section class=\"elementor-section elementor-inner-section elementor-element elementor-element-7d936b2 elementor-section-boxed elementor-section-height-default elementor-section-height-default\" data-id=\"7d936b2\" data-element_type=\"section\" data-e-type=\"section\">\n\t\t\t\t\t\t<div class=\"elementor-container elementor-column-gap-default\">\n\t\t\t\t\t<div class=\"elementor-column elementor-col-100 elementor-inner-column elementor-element elementor-element-8ca9d1d\" data-id=\"8ca9d1d\" data-element_type=\"column\" data-e-type=\"column\">\n\t\t\t<div class=\"elementor-widget-wrap elementor-element-populated\">\n\t\t\t\t\t\t<div class=\"elementor-element elementor-element-205bc2a elementor-widget elementor-widget-image\" data-id=\"205bc2a\" data-element_type=\"widget\" data-e-type=\"widget\" data-widget_type=\"image.default\">\n\t\t\t\t<div class=\"elementor-widget-container\">\n\t\t\t\t\t\t\t\t\t\t\t\t\t\t\t<img fetchpriority=\"high\" decoding=\"async\" width=\"2048\" height=\"922\" src=\"https:\/\/www.perimeter-solutions.com\/wp-content\/uploads\/2022\/03\/Q1-22-Retardant1-2048x922-1.jpeg\" class=\"attachment-full size-full wp-image-31515\" alt=\"\" \/>\t\t\t\t\t\t\t\t\t\t\t\t\t\t\t<\/div>\n\t\t\t\t<\/div>\n\t\t\t\t\t<\/div>\n\t\t<\/div>\n\t\t\t\t\t<\/div>\n\t\t<\/section>\n\t\t\t\t\t<\/div>\n\t\t<\/div>\n\t\t\t\t\t<\/div>\n\t\t<\/section>\n\t\t\t\t<\/div>\n\t\t","protected":false},"excerpt":{"rendered":"<p>Retardantes del fuego de larga duraci\u00f3n &#8211; Aire y Tierra El ign\u00edfugo de larga duraci\u00f3n PHOS-CHEK\u00ae fue aprobado por primera vez para su uso en la lucha contra incendios a\u00e9reos [&hellip;]<\/p>\n","protected":false},"author":3,"featured_media":0,"parent":0,"menu_order":0,"comment_status":"closed","ping_status":"closed","template":"","meta":{"_acf_changed":false,"footnotes":""},"class_list":["post-42208","page","type-page","status-publish","hentry"],"acf":[],"yoast_head":"<!-- This site is optimized with the Yoast SEO Premium plugin v21.9 (Yoast SEO v23.5) - https:\/\/yoast.com\/wordpress\/plugins\/seo\/ -->\n<title>Retardantes del fuego de larga duraci\u00f3n - Aire y Tierra - Perimeter Solutions<\/title>\n<meta name=\"description\" content=\"Perimeter Solutions ofrece servicios de laboratorio para analizar concentrados de espuma. El an\u00e1lisis incluye verificaciones en laboratorio y pruebas de fuego.\" \/>\n<meta name=\"robots\" content=\"index, follow, max-snippet:-1, max-image-preview:large, max-video-preview:-1\" \/>\n<link rel=\"canonical\" href=\"https:\/\/www.perimeter-solutions.com\/es\/retardantes-del-fuego-de-larga-duracion-aire-y-tierra\/\" \/>\n<meta property=\"og:locale\" content=\"es_ES\" \/>\n<meta property=\"og:type\" content=\"article\" \/>\n<meta property=\"og:title\" content=\"Retardantes del fuego de larga duraci\u00f3n - Aire y Tierra\" \/>\n<meta property=\"og:description\" content=\"Perimeter Solutions ofrece servicios de laboratorio para analizar concentrados de espuma. El an\u00e1lisis incluye verificaciones en laboratorio y pruebas de fuego.\" \/>\n<meta property=\"og:url\" content=\"https:\/\/www.perimeter-solutions.com\/es\/retardantes-del-fuego-de-larga-duracion-aire-y-tierra\/\" \/>\n<meta property=\"og:site_name\" content=\"Perimeter Solutions\" \/>\n<meta property=\"article:modified_time\" content=\"2024-07-24T19:05:34+00:00\" \/>\n<meta property=\"og:image\" content=\"https:\/\/www.perimeter-solutions.com\/wp-content\/uploads\/2022\/03\/Q1-22-Retardant1-2048x922-1.jpeg\" \/>\n<meta name=\"twitter:card\" content=\"summary_large_image\" \/>\n<meta name=\"twitter:label1\" content=\"Tiempo de lectura\" \/>\n\t<meta name=\"twitter:data1\" content=\"2 minutos\" \/>\n<script type=\"application\/ld+json\" class=\"yoast-schema-graph\">{\"@context\":\"https:\/\/schema.org\",\"@graph\":[{\"@type\":\"WebPage\",\"@id\":\"https:\/\/www.perimeter-solutions.com\/es\/retardantes-del-fuego-de-larga-duracion-aire-y-tierra\/\",\"url\":\"https:\/\/www.perimeter-solutions.com\/es\/retardantes-del-fuego-de-larga-duracion-aire-y-tierra\/\",\"name\":\"Retardantes del fuego de larga duraci\u00f3n - Aire y Tierra - Perimeter Solutions\",\"isPartOf\":{\"@id\":\"https:\/\/www.perimeter-solutions.com\/es\/#website\"},\"primaryImageOfPage\":{\"@id\":\"https:\/\/www.perimeter-solutions.com\/es\/retardantes-del-fuego-de-larga-duracion-aire-y-tierra\/#primaryimage\"},\"image\":{\"@id\":\"https:\/\/www.perimeter-solutions.com\/es\/retardantes-del-fuego-de-larga-duracion-aire-y-tierra\/#primaryimage\"},\"thumbnailUrl\":\"https:\/\/www.perimeter-solutions.com\/wp-content\/uploads\/2022\/03\/Q1-22-Retardant1-2048x922-1.jpeg\",\"datePublished\":\"2024-07-01T21:11:53+00:00\",\"dateModified\":\"2024-07-24T19:05:34+00:00\",\"description\":\"Perimeter Solutions ofrece servicios de laboratorio para analizar concentrados de espuma. El an\u00e1lisis incluye verificaciones en laboratorio y pruebas de fuego.\",\"inLanguage\":\"es\",\"potentialAction\":[{\"@type\":\"ReadAction\",\"target\":[\"https:\/\/www.perimeter-solutions.com\/es\/retardantes-del-fuego-de-larga-duracion-aire-y-tierra\/\"]}]},{\"@type\":\"ImageObject\",\"inLanguage\":\"es\",\"@id\":\"https:\/\/www.perimeter-solutions.com\/es\/retardantes-del-fuego-de-larga-duracion-aire-y-tierra\/#primaryimage\",\"url\":\"https:\/\/www.perimeter-solutions.com\/wp-content\/uploads\/2022\/03\/Q1-22-Retardant1-2048x922-1.jpeg\",\"contentUrl\":\"https:\/\/www.perimeter-solutions.com\/wp-content\/uploads\/2022\/03\/Q1-22-Retardant1-2048x922-1.jpeg\"},{\"@type\":\"WebSite\",\"@id\":\"https:\/\/www.perimeter-solutions.com\/es\/#website\",\"url\":\"https:\/\/www.perimeter-solutions.com\/es\/\",\"name\":\"Perimeter Solutions\",\"description\":\"\",\"publisher\":{\"@id\":\"https:\/\/www.perimeter-solutions.com\/es\/#organization\"},\"potentialAction\":[{\"@type\":\"SearchAction\",\"target\":{\"@type\":\"EntryPoint\",\"urlTemplate\":\"https:\/\/www.perimeter-solutions.com\/es\/?s={search_term_string}\"},\"query-input\":{\"@type\":\"PropertyValueSpecification\",\"valueRequired\":true,\"valueName\":\"search_term_string\"}}],\"inLanguage\":\"es\"},{\"@type\":\"Organization\",\"@id\":\"https:\/\/www.perimeter-solutions.com\/es\/#organization\",\"name\":\"Perimeter Solutions\",\"url\":\"https:\/\/www.perimeter-solutions.com\/es\/\",\"logo\":{\"@type\":\"ImageObject\",\"inLanguage\":\"es\",\"@id\":\"https:\/\/www.perimeter-solutions.com\/es\/#\/schema\/logo\/image\/\",\"url\":\"https:\/\/www.perimeter-solutions.com\/wp-content\/uploads\/2021\/02\/perimeter-logo-RGB.png\",\"contentUrl\":\"https:\/\/www.perimeter-solutions.com\/wp-content\/uploads\/2021\/02\/perimeter-logo-RGB.png\",\"width\":794,\"height\":138,\"caption\":\"Perimeter Solutions\"},\"image\":{\"@id\":\"https:\/\/www.perimeter-solutions.com\/es\/#\/schema\/logo\/image\/\"}}]}<\/script>\n<!-- \/ Yoast SEO Premium plugin. -->","yoast_head_json":{"title":"Retardantes del fuego de larga duraci\u00f3n - Aire y Tierra - Perimeter Solutions","description":"Perimeter Solutions ofrece servicios de laboratorio para analizar concentrados de espuma. El an\u00e1lisis incluye verificaciones en laboratorio y pruebas de fuego.","robots":{"index":"index","follow":"follow","max-snippet":"max-snippet:-1","max-image-preview":"max-image-preview:large","max-video-preview":"max-video-preview:-1"},"canonical":"https:\/\/www.perimeter-solutions.com\/es\/retardantes-del-fuego-de-larga-duracion-aire-y-tierra\/","og_locale":"es_ES","og_type":"article","og_title":"Retardantes del fuego de larga duraci\u00f3n - Aire y Tierra","og_description":"Perimeter Solutions ofrece servicios de laboratorio para analizar concentrados de espuma. El an\u00e1lisis incluye verificaciones en laboratorio y pruebas de fuego.","og_url":"https:\/\/www.perimeter-solutions.com\/es\/retardantes-del-fuego-de-larga-duracion-aire-y-tierra\/","og_site_name":"Perimeter Solutions","article_modified_time":"2024-07-24T19:05:34+00:00","og_image":[{"url":"https:\/\/www.perimeter-solutions.com\/wp-content\/uploads\/2022\/03\/Q1-22-Retardant1-2048x922-1.jpeg"}],"twitter_card":"summary_large_image","twitter_misc":{"Tiempo de lectura":"2 minutos"},"schema":{"@context":"https:\/\/schema.org","@graph":[{"@type":"WebPage","@id":"https:\/\/www.perimeter-solutions.com\/es\/retardantes-del-fuego-de-larga-duracion-aire-y-tierra\/","url":"https:\/\/www.perimeter-solutions.com\/es\/retardantes-del-fuego-de-larga-duracion-aire-y-tierra\/","name":"Retardantes del fuego de larga duraci\u00f3n - Aire y Tierra - Perimeter Solutions","isPartOf":{"@id":"https:\/\/www.perimeter-solutions.com\/es\/#website"},"primaryImageOfPage":{"@id":"https:\/\/www.perimeter-solutions.com\/es\/retardantes-del-fuego-de-larga-duracion-aire-y-tierra\/#primaryimage"},"image":{"@id":"https:\/\/www.perimeter-solutions.com\/es\/retardantes-del-fuego-de-larga-duracion-aire-y-tierra\/#primaryimage"},"thumbnailUrl":"https:\/\/www.perimeter-solutions.com\/wp-content\/uploads\/2022\/03\/Q1-22-Retardant1-2048x922-1.jpeg","datePublished":"2024-07-01T21:11:53+00:00","dateModified":"2024-07-24T19:05:34+00:00","description":"Perimeter Solutions ofrece servicios de laboratorio para analizar concentrados de espuma. El an\u00e1lisis incluye verificaciones en laboratorio y pruebas de fuego.","inLanguage":"es","potentialAction":[{"@type":"ReadAction","target":["https:\/\/www.perimeter-solutions.com\/es\/retardantes-del-fuego-de-larga-duracion-aire-y-tierra\/"]}]},{"@type":"ImageObject","inLanguage":"es","@id":"https:\/\/www.perimeter-solutions.com\/es\/retardantes-del-fuego-de-larga-duracion-aire-y-tierra\/#primaryimage","url":"https:\/\/www.perimeter-solutions.com\/wp-content\/uploads\/2022\/03\/Q1-22-Retardant1-2048x922-1.jpeg","contentUrl":"https:\/\/www.perimeter-solutions.com\/wp-content\/uploads\/2022\/03\/Q1-22-Retardant1-2048x922-1.jpeg"},{"@type":"WebSite","@id":"https:\/\/www.perimeter-solutions.com\/es\/#website","url":"https:\/\/www.perimeter-solutions.com\/es\/","name":"Perimeter Solutions","description":"","publisher":{"@id":"https:\/\/www.perimeter-solutions.com\/es\/#organization"},"potentialAction":[{"@type":"SearchAction","target":{"@type":"EntryPoint","urlTemplate":"https:\/\/www.perimeter-solutions.com\/es\/?s={search_term_string}"},"query-input":{"@type":"PropertyValueSpecification","valueRequired":true,"valueName":"search_term_string"}}],"inLanguage":"es"},{"@type":"Organization","@id":"https:\/\/www.perimeter-solutions.com\/es\/#organization","name":"Perimeter Solutions","url":"https:\/\/www.perimeter-solutions.com\/es\/","logo":{"@type":"ImageObject","inLanguage":"es","@id":"https:\/\/www.perimeter-solutions.com\/es\/#\/schema\/logo\/image\/","url":"https:\/\/www.perimeter-solutions.com\/wp-content\/uploads\/2021\/02\/perimeter-logo-RGB.png","contentUrl":"https:\/\/www.perimeter-solutions.com\/wp-content\/uploads\/2021\/02\/perimeter-logo-RGB.png","width":794,"height":138,"caption":"Perimeter Solutions"},"image":{"@id":"https:\/\/www.perimeter-solutions.com\/es\/#\/schema\/logo\/image\/"}}]}},"_links":{"self":[{"href":"https:\/\/www.perimeter-solutions.com\/es\/wp-json\/wp\/v2\/pages\/42208","targetHints":{"allow":["GET"]}}],"collection":[{"href":"https:\/\/www.perimeter-solutions.com\/es\/wp-json\/wp\/v2\/pages"}],"about":[{"href":"https:\/\/www.perimeter-solutions.com\/es\/wp-json\/wp\/v2\/types\/page"}],"author":[{"embeddable":true,"href":"https:\/\/www.perimeter-solutions.com\/es\/wp-json\/wp\/v2\/users\/3"}],"replies":[{"embeddable":true,"href":"https:\/\/www.perimeter-solutions.com\/es\/wp-json\/wp\/v2\/comments?post=42208"}],"version-history":[{"count":1,"href":"https:\/\/www.perimeter-solutions.com\/es\/wp-json\/wp\/v2\/pages\/42208\/revisions"}],"predecessor-version":[{"id":42211,"href":"https:\/\/www.perimeter-solutions.com\/es\/wp-json\/wp\/v2\/pages\/42208\/revisions\/42211"}],"wp:attachment":[{"href":"https:\/\/www.perimeter-solutions.com\/es\/wp-json\/wp\/v2\/media?parent=42208"}],"curies":[{"name":"wp","href":"https:\/\/api.w.org\/{rel}","templated":true}]}}