{"id":25901,"date":"2020-12-02T14:50:25","date_gmt":"2020-12-02T19:50:25","guid":{"rendered":"https:\/\/www.perimeter-solutions.com\/equipo-de-espuma-contra-incendios\/productos-moviles\/"},"modified":"2024-08-15T10:48:58","modified_gmt":"2024-08-15T14:48:58","slug":"productos-moviles","status":"publish","type":"page","link":"https:\/\/www.perimeter-solutions.com\/es\/equipo-de-espuma-contra-incendios\/productos-moviles\/","title":{"rendered":"Productos m\u00f3viles"},"content":{"rendered":"\t\t<div data-elementor-type=\"wp-page\" data-elementor-id=\"25901\" class=\"elementor elementor-25901 elementor-17679\" data-elementor-post-type=\"page\">\n\t\t\t\t\t\t<section class=\"elementor-section elementor-top-section elementor-element elementor-element-a53ddb9 elementor-section-stretched elementor-section-boxed elementor-section-height-default elementor-section-height-default\" data-id=\"a53ddb9\" data-element_type=\"section\" data-e-type=\"section\" data-settings=\"{&quot;stretch_section&quot;:&quot;section-stretched&quot;,&quot;background_background&quot;:&quot;classic&quot;}\">\n\t\t\t\t\t\t<div class=\"elementor-container elementor-column-gap-default\">\n\t\t\t\t\t<div class=\"elementor-column elementor-col-100 elementor-top-column elementor-element elementor-element-8e1337c\" data-id=\"8e1337c\" data-element_type=\"column\" data-e-type=\"column\">\n\t\t\t<div class=\"elementor-widget-wrap elementor-element-populated\">\n\t\t\t\t\t\t<div class=\"elementor-element elementor-element-3fcef61 elementor-widget elementor-widget-heading\" data-id=\"3fcef61\" data-element_type=\"widget\" data-e-type=\"widget\" data-widget_type=\"heading.default\">\n\t\t\t\t<div class=\"elementor-widget-container\">\n\t\t\t\t\t<h1 class=\"elementor-heading-title elementor-size-default\">Productos m\u00f3viles <\/h1>\t\t\t\t<\/div>\n\t\t\t\t<\/div>\n\t\t\t\t\t<\/div>\n\t\t<\/div>\n\t\t\t\t\t<\/div>\n\t\t<\/section>\n\t\t\t\t<section class=\"elementor-section elementor-top-section elementor-element elementor-element-e36f22b elementor-section-boxed elementor-section-height-default elementor-section-height-default\" data-id=\"e36f22b\" data-element_type=\"section\" data-e-type=\"section\" data-settings=\"{&quot;background_background&quot;:&quot;classic&quot;}\">\n\t\t\t\t\t\t\t<div class=\"elementor-background-overlay\"><\/div>\n\t\t\t\t\t\t\t<div class=\"elementor-container elementor-column-gap-default\">\n\t\t\t\t\t<div class=\"elementor-column elementor-col-100 elementor-top-column elementor-element elementor-element-9ead739\" data-id=\"9ead739\" data-element_type=\"column\" data-e-type=\"column\">\n\t\t\t<div class=\"elementor-widget-wrap elementor-element-populated\">\n\t\t\t\t\t\t<section class=\"elementor-section elementor-inner-section elementor-element elementor-element-e8d1fa2 elementor-section-boxed elementor-section-height-default elementor-section-height-default\" data-id=\"e8d1fa2\" data-element_type=\"section\" data-e-type=\"section\">\n\t\t\t\t\t\t<div class=\"elementor-container elementor-column-gap-default\">\n\t\t\t\t\t<div class=\"elementor-column elementor-col-50 elementor-inner-column elementor-element elementor-element-280d082\" data-id=\"280d082\" data-element_type=\"column\" data-e-type=\"column\">\n\t\t\t<div class=\"elementor-widget-wrap elementor-element-populated\">\n\t\t\t\t\t\t<div class=\"elementor-element elementor-element-7081ee5 elementor-widget elementor-widget-text-editor\" data-id=\"7081ee5\" data-element_type=\"widget\" data-e-type=\"widget\" data-widget_type=\"text-editor.default\">\n\t\t\t\t<div class=\"elementor-widget-container\">\n\t\t\t\t\t\t\t\t\t<p>Como fabricante personalizado, adaptamos nuestros productos m\u00f3viles para satisfacer las especificaciones particulares de nuestros clientes. Los productos m\u00f3viles de Perimeter Solutions est\u00e1n dise\u00f1ados para proporcionar una protecci\u00f3n contra incendios de espuma m\u00f3vil y r\u00e1pida para los peligros de l\u00edquidos inflamables. Estos peligros incluyen terminales petroleras, estantes de carga (tanto de camiones como de ferrocarril), plantas de procesamiento de productos qu\u00edmicos y terminales de carga y descarga marinas. Los productos m\u00f3viles de Perimeter Solutions aumentan en gran medida la capacidad de extinci\u00f3n de incendios de los servicios de emergencia de incendios industriales, municipales y militares.<\/p>\n<p><strong>Nuestros productos m\u00f3viles se pueden utilizar con todos los espum\u00f3genos Perimeter Solutions.<\/strong><\/p>\n\t\t\t\t\t\t\t\t<\/div>\n\t\t\t\t<\/div>\n\t\t\t\t<div class=\"elementor-element elementor-element-879de7b elementor-widget elementor-widget-heading\" data-id=\"879de7b\" data-element_type=\"widget\" data-e-type=\"widget\" data-widget_type=\"heading.default\">\n\t\t\t\t<div class=\"elementor-widget-container\">\n\t\t\t\t\t<h4 class=\"elementor-heading-title elementor-size-default\">Carro de espuma<\/h4>\t\t\t\t<\/div>\n\t\t\t\t<\/div>\n\t\t\t\t<div class=\"elementor-element elementor-element-f8616a2 elementor-widget elementor-widget-text-editor\" data-id=\"f8616a2\" data-element_type=\"widget\" data-e-type=\"widget\" data-widget_type=\"text-editor.default\">\n\t\t\t\t<div class=\"elementor-widget-container\">\n\t\t\t\t\t\t\t\t\t<p>Como fabricante personalizado, adaptamos nuestros productos m\u00f3viles para satisfacer las especificaciones particulares de nuestros clientes. Los productos m\u00f3viles de Perimeter Solutions est\u00e1n dise\u00f1ados para proporcionar una protecci\u00f3n contra incendios de espuma m\u00f3vil y r\u00e1pida para los peligros de l\u00edquidos inflamables. Estos peligros incluyen terminales petroleras, estantes de carga (tanto de camiones como de ferrocarril), plantas de procesamiento de productos qu\u00edmicos y terminales de carga y descarga marinas. Los productos m\u00f3viles de Perimeter Solutions aumentan en gran medida la capacidad de extinci\u00f3n de incendios de los servicios de emergencia de incendios industriales, municipales y militares.<\/p>\n<p><strong>Nuestros productos m\u00f3viles se pueden utilizar con todos los espum\u00f3genos Perimeter Solutions.<\/strong><\/p>\n\t\t\t\t\t\t\t\t<\/div>\n\t\t\t\t<\/div>\n\t\t\t\t<div class=\"elementor-element elementor-element-6cd60fc elementor-widget elementor-widget-heading\" data-id=\"6cd60fc\" data-element_type=\"widget\" data-e-type=\"widget\" data-widget_type=\"heading.default\">\n\t\t\t\t<div class=\"elementor-widget-container\">\n\t\t\t\t\t<h4 class=\"elementor-heading-title elementor-size-default\">Remolques de espuma<\/h4>\t\t\t\t<\/div>\n\t\t\t\t<\/div>\n\t\t\t\t<div class=\"elementor-element elementor-element-b4da178 elementor-widget elementor-widget-text-editor\" data-id=\"b4da178\" data-element_type=\"widget\" data-e-type=\"widget\" data-widget_type=\"text-editor.default\">\n\t\t\t\t<div class=\"elementor-widget-container\">\n\t\t\t\t\t\t\t\t\t<p>El remolque de espuma Perimeter Solutions es un paquete m\u00f3vil completo que cumple con todas las normas NFPA aplicables y consta de un remolque construido con un bastidor, ruedas y ejes capaces de soportar el peso total cargado del conjunto del remolque y el concentrado de espuma. El bastidor del remolque incluye un gato hidr\u00e1ulico, conexiones el\u00e9ctricas, paquete de iluminaci\u00f3n NFPA 1901 (opcional), franjas reflectantes, faldillas traseras para lodo y gatos estabilizadores traseros. El sistema de espuma puede utilizar cualquiera de los dos dise\u00f1os de recipientes de almacenamiento de espuma: contenedor (s) de polietileno, simple, doble o m\u00faltiple, o un tanque de espum\u00f3geno de metal de construcci\u00f3n r\u00edgida. El monitor de espuma es capaz de suministrar hasta 1000 gpm (3785 lpm) de soluci\u00f3n de espuma a una presi\u00f3n de 100 psi (7,0 bar). Las conexiones del monitor son de hasta 3,0 pulg. (76 mm). La boquilla del monitor auto eyectora es capaz de suministrar hasta 1000 gpm (3785 lpm) a 100 psi (7,0 bar).<\/p>\n\t\t\t\t\t\t\t\t<\/div>\n\t\t\t\t<\/div>\n\t\t\t\t<div class=\"elementor-element elementor-element-9408011 elementor-widget elementor-widget-heading\" data-id=\"9408011\" data-element_type=\"widget\" data-e-type=\"widget\" data-widget_type=\"heading.default\">\n\t\t\t\t<div class=\"elementor-widget-container\">\n\t\t\t\t\t<h4 class=\"elementor-heading-title elementor-size-default\">Remolques dosificadores <\/h4>\t\t\t\t<\/div>\n\t\t\t\t<\/div>\n\t\t\t\t<div class=\"elementor-element elementor-element-a17c5b3 elementor-widget elementor-widget-text-editor\" data-id=\"a17c5b3\" data-element_type=\"widget\" data-e-type=\"widget\" data-widget_type=\"text-editor.default\">\n\t\t\t\t<div class=\"elementor-widget-container\">\n\t\t\t\t\t\t\t\t\t<p>El remolque dosificador Perimeter Solutions es un paquete m\u00f3vil completo que cumple con todas las normas NFPA aplicables y consta de un remolque construido con un bastidor, ruedas y ejes capaces de soportar el peso total cargado del conjunto del remolque y el espum\u00f3geno. El bastidor del remolque incluye un gato hidr\u00e1ulico, conexiones el\u00e9ctricas, paquete de iluminaci\u00f3n NFPA 1901 (opcional), franjas reflectantes, faldillas traseras para lodo y gatos estabilizadores traseros. Los tanques de concentrado est\u00e1n disponibles en capacidades de 500, 750, 1000 galones (1893, 2839, 3785 litros). Los tanques est\u00e1n construidos de acero al carbono de acuerdo con NFPA 11C \u201cAparato de espuma m\u00f3vil\u201d. Los tanques contienen las particiones de lavado requeridas y la parte superior con empaquetadura extra\u00edble para facilitar el llenado, la limpieza y la inspecci\u00f3n. El remolque dosificador contiene una bomba&nbsp;de desplazamiento positivo que es impulsada por un motor di\u00e9sel enfriado por aire con arranque el\u00e9ctrico. La bomba est\u00e1 construida con materiales compatibles con todos los tipos de espum\u00f3genos para combatir incendios (AFFF, AR-AFFF) y puede dise\u00f1arse para usarse con concentraciones del 1%, 3% o 6%. Los sistemas dosificadores de presi\u00f3n de equilibrio en l\u00ednea mantienen una presi\u00f3n igual en el espum\u00f3geno y las entradas de agua al dosificador. Esto permite que el sistema se utilice en una amplia gama de caudales y presiones disponibles. Un man\u00f3metro d\u00faplex proporciona una lectura del espum\u00f3geno y la presi\u00f3n del agua.<\/p>\n\t\t\t\t\t\t\t\t<\/div>\n\t\t\t\t<\/div>\n\t\t\t\t<div class=\"elementor-element elementor-element-a24bc75 elementor-widget elementor-widget-heading\" data-id=\"a24bc75\" data-element_type=\"widget\" data-e-type=\"widget\" data-widget_type=\"heading.default\">\n\t\t\t\t<div class=\"elementor-widget-container\">\n\t\t\t\t\t<h4 class=\"elementor-heading-title elementor-size-default\">Unidad de doble agente<\/h4>\t\t\t\t<\/div>\n\t\t\t\t<\/div>\n\t\t\t\t<div class=\"elementor-element elementor-element-4f5123b elementor-widget elementor-widget-text-editor\" data-id=\"4f5123b\" data-element_type=\"widget\" data-e-type=\"widget\" data-widget_type=\"text-editor.default\">\n\t\t\t\t<div class=\"elementor-widget-container\">\n\t\t\t\t\t\t\t\t\t<p>La unidad Perimeter Solutions Twin-Agent est\u00e1 dise\u00f1ada y construida para que la opere una sola persona. Esta unidad de extinci\u00f3n de incendios m\u00f3vil o fija puede funcionar a todo su potencial r\u00e1pidamente en una situaci\u00f3n de emergencia. La Unidad de doble agente 100\/30 (TAU) consta de dos tanques de agente, una manguera doble de 15 m (50 pies) y un cilindro de nitr\u00f3geno \u00fanico con conjunto de regulador para controlar el flujo de presi\u00f3n de gas hacia los conjuntos de tanques de agente. El 100\/30 TAU est\u00e1 montado sobre una base de bastidor deslizante para facilitar su elevaci\u00f3n o movimiento.<\/p>\n\t\t\t\t\t\t\t\t<\/div>\n\t\t\t\t<\/div>\n\t\t\t\t\t<\/div>\n\t\t<\/div>\n\t\t\t\t<div class=\"elementor-column elementor-col-50 elementor-inner-column elementor-element elementor-element-d05ef15\" data-id=\"d05ef15\" data-element_type=\"column\" data-e-type=\"column\">\n\t\t\t<div class=\"elementor-widget-wrap elementor-element-populated\">\n\t\t\t\t\t\t<div class=\"elementor-element elementor-element-d5454f1 elementor-widget elementor-widget-text-editor\" data-id=\"d5454f1\" data-element_type=\"widget\" data-e-type=\"widget\" data-widget_type=\"text-editor.default\">\n\t\t\t\t<div class=\"elementor-widget-container\">\n\t\t\t\t\t\t\t\t\t<p><strong>CARROS DE ESPUMA<\/strong><br \/><a href=\"https:\/\/www.perimeter-solutions.com\/wp-content\/uploads\/2021\/05\/SOLB_Mobile-Foam-Cart-F-2011014-1.pdf\" data-mce-href=\"https:\/\/www.perimeter-solutions.com\/wp-content\/uploads\/2021\/05\/SOLB_Mobile-Foam-Cart-F-2011014-1.pdf\">Carro de espuma m\u00f3vil<\/a><br \/><a href=\"https:\/\/www.perimeter-solutions.com\/wp-content\/uploads\/2021\/05\/SOLB_Mobile-Foam-Cart-Polyethylene_F-2013012-2.pdf\" data-mce-href=\"https:\/\/www.perimeter-solutions.com\/wp-content\/uploads\/2021\/05\/SOLB_Mobile-Foam-Cart-Polyethylene_F-2013012-2.pdf\">Carro de espuma m\u00f3vil de polietileno<\/a><\/p>\n<p><strong>REMOLQUES DE ESPUMA<\/strong><br \/><a href=\"https:\/\/www.perimeter-solutions.com\/wp-content\/uploads\/2021\/05\/SOLB-Foam-Trailer-F-2012003-4.pdf\" data-mce-href=\"https:\/\/www.perimeter-solutions.com\/wp-content\/uploads\/2021\/05\/SOLB-Foam-Trailer-F-2012003-4.pdf\">Remolque de espuma<\/a><br \/><a href=\"https:\/\/www.perimeter-solutions.com\/wp-content\/uploads\/2021\/01\/PC-Dual-Agent-Trailer-PCE-2019055-0_PRINT.pdf\" data-mce-href=\"https:\/\/www.perimeter-solutions.com\/wp-content\/uploads\/2021\/01\/PC-Dual-Agent-Trailer-PCE-2019055-0_PRINT.pdf\">Tr\u00e1iler de agente dual<\/a><\/p>\n<p><strong>REMOLQUES PROPORCIONADORES <\/strong><br \/><a href=\"https:\/\/www.perimeter-solutions.com\/wp-content\/uploads\/2021\/05\/SOLB-Foam-Proportioning-Trailer-F-2012004-1.pdf\" data-mce-href=\"https:\/\/www.perimeter-solutions.com\/wp-content\/uploads\/2021\/05\/SOLB-Foam-Proportioning-Trailer-F-2012004-1.pdf\">Remolque dosificador de espuma<\/a><\/p>\n<p><strong>UNIDAD DOBLE AGENTE 100\/30<\/strong><br \/><a href=\"https:\/\/www.perimeter-solutions.com\/wp-content\/uploads\/2021\/05\/SOLB_TwinAgentUnit-100-30-F-2015004-1.pdf\" data-mce-href=\"https:\/\/www.perimeter-solutions.com\/wp-content\/uploads\/2021\/05\/SOLB_TwinAgentUnit-100-30-F-2015004-1.pdf\">Unidad de doble agente 100\/30<\/a><\/p>\n\t\t\t\t\t\t\t\t<\/div>\n\t\t\t\t<\/div>\n\t\t\t\t<div class=\"elementor-element elementor-element-6387fa5 elementor-widget elementor-widget-image\" data-id=\"6387fa5\" data-element_type=\"widget\" data-e-type=\"widget\" data-widget_type=\"image.default\">\n\t\t\t\t<div class=\"elementor-widget-container\">\n\t\t\t\t\t\t\t\t\t\t\t\t\t\t\t<img fetchpriority=\"high\" decoding=\"async\" width=\"800\" height=\"911\" src=\"https:\/\/www.perimeter-solutions.com\/wp-content\/uploads\/2020\/12\/Foam-Cart-DSC_7238_2.jpg\" class=\"attachment-large size-large wp-image-25903\" alt=\"\" \/>\t\t\t\t\t\t\t\t\t\t\t\t\t\t\t<\/div>\n\t\t\t\t<\/div>\n\t\t\t\t\t<\/div>\n\t\t<\/div>\n\t\t\t\t\t<\/div>\n\t\t<\/section>\n\t\t\t\t\t<\/div>\n\t\t<\/div>\n\t\t\t\t\t<\/div>\n\t\t<\/section>\n\t\t\t\t<\/div>\n\t\t","protected":false},"excerpt":{"rendered":"<p>Productos m\u00f3viles Como fabricante personalizado, adaptamos nuestros productos m\u00f3viles para satisfacer las especificaciones particulares de nuestros clientes. Los productos m\u00f3viles de Perimeter Solutions est\u00e1n dise\u00f1ados para proporcionar una protecci\u00f3n contra [&hellip;]<\/p>\n","protected":false},"author":3,"featured_media":0,"parent":25802,"menu_order":0,"comment_status":"closed","ping_status":"closed","template":"","meta":{"_acf_changed":false,"footnotes":""},"class_list":["post-25901","page","type-page","status-publish","hentry"],"acf":[],"yoast_head":"<!-- This site is optimized with the Yoast SEO Premium plugin v21.9 (Yoast SEO v23.5) - https:\/\/yoast.com\/wordpress\/plugins\/seo\/ -->\n<title>Productos m\u00f3viles - Perimeter Solutions<\/title>\n<meta name=\"description\" content=\"Perimeter Solutions tailors our mobile products to meet your specifications for mobile foam fire protection for flammable liquid hazards.\" \/>\n<meta name=\"robots\" content=\"index, follow, max-snippet:-1, max-image-preview:large, max-video-preview:-1\" \/>\n<link rel=\"canonical\" href=\"https:\/\/www.perimeter-solutions.com\/es\/equipo-de-espuma-contra-incendios\/productos-moviles\/\" \/>\n<meta property=\"og:locale\" content=\"es_ES\" \/>\n<meta property=\"og:type\" content=\"article\" \/>\n<meta property=\"og:title\" content=\"Productos m\u00f3viles\" \/>\n<meta property=\"og:description\" content=\"Perimeter Solutions tailors our mobile products to meet your specifications for mobile foam fire protection for flammable liquid hazards.\" \/>\n<meta property=\"og:url\" content=\"https:\/\/www.perimeter-solutions.com\/es\/equipo-de-espuma-contra-incendios\/productos-moviles\/\" \/>\n<meta property=\"og:site_name\" content=\"Perimeter Solutions\" \/>\n<meta property=\"article:modified_time\" content=\"2024-08-15T14:48:58+00:00\" \/>\n<meta property=\"og:image\" content=\"https:\/\/www.perimeter-solutions.com\/wp-content\/uploads\/2020\/12\/Foam-Cart-DSC_7238_2.jpg\" \/>\n<meta name=\"twitter:card\" content=\"summary_large_image\" \/>\n<meta name=\"twitter:label1\" content=\"Tiempo de lectura\" \/>\n\t<meta name=\"twitter:data1\" content=\"4 minutos\" \/>\n<script type=\"application\/ld+json\" class=\"yoast-schema-graph\">{\"@context\":\"https:\/\/schema.org\",\"@graph\":[{\"@type\":\"WebPage\",\"@id\":\"https:\/\/www.perimeter-solutions.com\/es\/equipo-de-espuma-contra-incendios\/productos-moviles\/\",\"url\":\"https:\/\/www.perimeter-solutions.com\/es\/equipo-de-espuma-contra-incendios\/productos-moviles\/\",\"name\":\"Productos m\u00f3viles - Perimeter Solutions\",\"isPartOf\":{\"@id\":\"https:\/\/www.perimeter-solutions.com\/es\/#website\"},\"primaryImageOfPage\":{\"@id\":\"https:\/\/www.perimeter-solutions.com\/es\/equipo-de-espuma-contra-incendios\/productos-moviles\/#primaryimage\"},\"image\":{\"@id\":\"https:\/\/www.perimeter-solutions.com\/es\/equipo-de-espuma-contra-incendios\/productos-moviles\/#primaryimage\"},\"thumbnailUrl\":\"https:\/\/www.perimeter-solutions.com\/wp-content\/uploads\/2020\/12\/Foam-Cart-DSC_7238_2.jpg\",\"datePublished\":\"2020-12-02T19:50:25+00:00\",\"dateModified\":\"2024-08-15T14:48:58+00:00\",\"description\":\"Perimeter Solutions tailors our mobile products to meet your specifications for mobile foam fire protection for flammable liquid hazards.\",\"breadcrumb\":{\"@id\":\"https:\/\/www.perimeter-solutions.com\/es\/equipo-de-espuma-contra-incendios\/productos-moviles\/#breadcrumb\"},\"inLanguage\":\"es\",\"potentialAction\":[{\"@type\":\"ReadAction\",\"target\":[\"https:\/\/www.perimeter-solutions.com\/es\/equipo-de-espuma-contra-incendios\/productos-moviles\/\"]}]},{\"@type\":\"ImageObject\",\"inLanguage\":\"es\",\"@id\":\"https:\/\/www.perimeter-solutions.com\/es\/equipo-de-espuma-contra-incendios\/productos-moviles\/#primaryimage\",\"url\":\"https:\/\/www.perimeter-solutions.com\/wp-content\/uploads\/2020\/12\/Foam-Cart-DSC_7238_2.jpg\",\"contentUrl\":\"https:\/\/www.perimeter-solutions.com\/wp-content\/uploads\/2020\/12\/Foam-Cart-DSC_7238_2.jpg\"},{\"@type\":\"BreadcrumbList\",\"@id\":\"https:\/\/www.perimeter-solutions.com\/es\/equipo-de-espuma-contra-incendios\/productos-moviles\/#breadcrumb\",\"itemListElement\":[{\"@type\":\"ListItem\",\"position\":1,\"name\":\"Equipo de espuma contra incendios\",\"item\":\"https:\/\/www.perimeter-solutions.com\/es\/equipo-de-espuma-contra-incendios\/\"},{\"@type\":\"ListItem\",\"position\":2,\"name\":\"Productos m\u00f3viles\"}]},{\"@type\":\"WebSite\",\"@id\":\"https:\/\/www.perimeter-solutions.com\/es\/#website\",\"url\":\"https:\/\/www.perimeter-solutions.com\/es\/\",\"name\":\"Perimeter Solutions\",\"description\":\"\",\"publisher\":{\"@id\":\"https:\/\/www.perimeter-solutions.com\/es\/#organization\"},\"potentialAction\":[{\"@type\":\"SearchAction\",\"target\":{\"@type\":\"EntryPoint\",\"urlTemplate\":\"https:\/\/www.perimeter-solutions.com\/es\/?s={search_term_string}\"},\"query-input\":{\"@type\":\"PropertyValueSpecification\",\"valueRequired\":true,\"valueName\":\"search_term_string\"}}],\"inLanguage\":\"es\"},{\"@type\":\"Organization\",\"@id\":\"https:\/\/www.perimeter-solutions.com\/es\/#organization\",\"name\":\"Perimeter Solutions\",\"url\":\"https:\/\/www.perimeter-solutions.com\/es\/\",\"logo\":{\"@type\":\"ImageObject\",\"inLanguage\":\"es\",\"@id\":\"https:\/\/www.perimeter-solutions.com\/es\/#\/schema\/logo\/image\/\",\"url\":\"https:\/\/www.perimeter-solutions.com\/wp-content\/uploads\/2021\/02\/perimeter-logo-RGB.png\",\"contentUrl\":\"https:\/\/www.perimeter-solutions.com\/wp-content\/uploads\/2021\/02\/perimeter-logo-RGB.png\",\"width\":794,\"height\":138,\"caption\":\"Perimeter Solutions\"},\"image\":{\"@id\":\"https:\/\/www.perimeter-solutions.com\/es\/#\/schema\/logo\/image\/\"}}]}<\/script>\n<!-- \/ Yoast SEO Premium plugin. -->","yoast_head_json":{"title":"Productos m\u00f3viles - Perimeter Solutions","description":"Perimeter Solutions tailors our mobile products to meet your specifications for mobile foam fire protection for flammable liquid hazards.","robots":{"index":"index","follow":"follow","max-snippet":"max-snippet:-1","max-image-preview":"max-image-preview:large","max-video-preview":"max-video-preview:-1"},"canonical":"https:\/\/www.perimeter-solutions.com\/es\/equipo-de-espuma-contra-incendios\/productos-moviles\/","og_locale":"es_ES","og_type":"article","og_title":"Productos m\u00f3viles","og_description":"Perimeter Solutions tailors our mobile products to meet your specifications for mobile foam fire protection for flammable liquid hazards.","og_url":"https:\/\/www.perimeter-solutions.com\/es\/equipo-de-espuma-contra-incendios\/productos-moviles\/","og_site_name":"Perimeter Solutions","article_modified_time":"2024-08-15T14:48:58+00:00","og_image":[{"url":"https:\/\/www.perimeter-solutions.com\/wp-content\/uploads\/2020\/12\/Foam-Cart-DSC_7238_2.jpg"}],"twitter_card":"summary_large_image","twitter_misc":{"Tiempo de lectura":"4 minutos"},"schema":{"@context":"https:\/\/schema.org","@graph":[{"@type":"WebPage","@id":"https:\/\/www.perimeter-solutions.com\/es\/equipo-de-espuma-contra-incendios\/productos-moviles\/","url":"https:\/\/www.perimeter-solutions.com\/es\/equipo-de-espuma-contra-incendios\/productos-moviles\/","name":"Productos m\u00f3viles - Perimeter Solutions","isPartOf":{"@id":"https:\/\/www.perimeter-solutions.com\/es\/#website"},"primaryImageOfPage":{"@id":"https:\/\/www.perimeter-solutions.com\/es\/equipo-de-espuma-contra-incendios\/productos-moviles\/#primaryimage"},"image":{"@id":"https:\/\/www.perimeter-solutions.com\/es\/equipo-de-espuma-contra-incendios\/productos-moviles\/#primaryimage"},"thumbnailUrl":"https:\/\/www.perimeter-solutions.com\/wp-content\/uploads\/2020\/12\/Foam-Cart-DSC_7238_2.jpg","datePublished":"2020-12-02T19:50:25+00:00","dateModified":"2024-08-15T14:48:58+00:00","description":"Perimeter Solutions tailors our mobile products to meet your specifications for mobile foam fire protection for flammable liquid hazards.","breadcrumb":{"@id":"https:\/\/www.perimeter-solutions.com\/es\/equipo-de-espuma-contra-incendios\/productos-moviles\/#breadcrumb"},"inLanguage":"es","potentialAction":[{"@type":"ReadAction","target":["https:\/\/www.perimeter-solutions.com\/es\/equipo-de-espuma-contra-incendios\/productos-moviles\/"]}]},{"@type":"ImageObject","inLanguage":"es","@id":"https:\/\/www.perimeter-solutions.com\/es\/equipo-de-espuma-contra-incendios\/productos-moviles\/#primaryimage","url":"https:\/\/www.perimeter-solutions.com\/wp-content\/uploads\/2020\/12\/Foam-Cart-DSC_7238_2.jpg","contentUrl":"https:\/\/www.perimeter-solutions.com\/wp-content\/uploads\/2020\/12\/Foam-Cart-DSC_7238_2.jpg"},{"@type":"BreadcrumbList","@id":"https:\/\/www.perimeter-solutions.com\/es\/equipo-de-espuma-contra-incendios\/productos-moviles\/#breadcrumb","itemListElement":[{"@type":"ListItem","position":1,"name":"Equipo de espuma contra incendios","item":"https:\/\/www.perimeter-solutions.com\/es\/equipo-de-espuma-contra-incendios\/"},{"@type":"ListItem","position":2,"name":"Productos m\u00f3viles"}]},{"@type":"WebSite","@id":"https:\/\/www.perimeter-solutions.com\/es\/#website","url":"https:\/\/www.perimeter-solutions.com\/es\/","name":"Perimeter Solutions","description":"","publisher":{"@id":"https:\/\/www.perimeter-solutions.com\/es\/#organization"},"potentialAction":[{"@type":"SearchAction","target":{"@type":"EntryPoint","urlTemplate":"https:\/\/www.perimeter-solutions.com\/es\/?s={search_term_string}"},"query-input":{"@type":"PropertyValueSpecification","valueRequired":true,"valueName":"search_term_string"}}],"inLanguage":"es"},{"@type":"Organization","@id":"https:\/\/www.perimeter-solutions.com\/es\/#organization","name":"Perimeter Solutions","url":"https:\/\/www.perimeter-solutions.com\/es\/","logo":{"@type":"ImageObject","inLanguage":"es","@id":"https:\/\/www.perimeter-solutions.com\/es\/#\/schema\/logo\/image\/","url":"https:\/\/www.perimeter-solutions.com\/wp-content\/uploads\/2021\/02\/perimeter-logo-RGB.png","contentUrl":"https:\/\/www.perimeter-solutions.com\/wp-content\/uploads\/2021\/02\/perimeter-logo-RGB.png","width":794,"height":138,"caption":"Perimeter Solutions"},"image":{"@id":"https:\/\/www.perimeter-solutions.com\/es\/#\/schema\/logo\/image\/"}}]}},"_links":{"self":[{"href":"https:\/\/www.perimeter-solutions.com\/es\/wp-json\/wp\/v2\/pages\/25901","targetHints":{"allow":["GET"]}}],"collection":[{"href":"https:\/\/www.perimeter-solutions.com\/es\/wp-json\/wp\/v2\/pages"}],"about":[{"href":"https:\/\/www.perimeter-solutions.com\/es\/wp-json\/wp\/v2\/types\/page"}],"author":[{"embeddable":true,"href":"https:\/\/www.perimeter-solutions.com\/es\/wp-json\/wp\/v2\/users\/3"}],"replies":[{"embeddable":true,"href":"https:\/\/www.perimeter-solutions.com\/es\/wp-json\/wp\/v2\/comments?post=25901"}],"version-history":[{"count":16,"href":"https:\/\/www.perimeter-solutions.com\/es\/wp-json\/wp\/v2\/pages\/25901\/revisions"}],"predecessor-version":[{"id":43595,"href":"https:\/\/www.perimeter-solutions.com\/es\/wp-json\/wp\/v2\/pages\/25901\/revisions\/43595"}],"up":[{"embeddable":true,"href":"https:\/\/www.perimeter-solutions.com\/es\/wp-json\/wp\/v2\/pages\/25802"}],"wp:attachment":[{"href":"https:\/\/www.perimeter-solutions.com\/es\/wp-json\/wp\/v2\/media?parent=25901"}],"curies":[{"name":"wp","href":"https:\/\/api.w.org\/{rel}","templated":true}]}}