{"id":25881,"date":"2020-12-02T14:47:33","date_gmt":"2020-12-02T19:47:33","guid":{"rendered":"https:\/\/www.perimeter-solutions.com\/equipo-de-espuma-contra-incendios\/dispositivos-de-descarga\/"},"modified":"2024-08-15T10:51:16","modified_gmt":"2024-08-15T14:51:16","slug":"dispositivos-de-descarga","status":"publish","type":"page","link":"https:\/\/www.perimeter-solutions.com\/es\/equipo-de-espuma-contra-incendios\/dispositivos-de-descarga\/","title":{"rendered":"Dispositivos de descarga"},"content":{"rendered":"\t\t<div data-elementor-type=\"wp-page\" data-elementor-id=\"25881\" class=\"elementor elementor-25881 elementor-17674\" data-elementor-post-type=\"page\">\n\t\t\t\t\t\t<section class=\"elementor-section elementor-top-section elementor-element elementor-element-a53ddb9 elementor-section-stretched elementor-section-boxed elementor-section-height-default elementor-section-height-default\" data-id=\"a53ddb9\" data-element_type=\"section\" data-e-type=\"section\" data-settings=\"{&quot;stretch_section&quot;:&quot;section-stretched&quot;,&quot;background_background&quot;:&quot;classic&quot;}\">\n\t\t\t\t\t\t<div class=\"elementor-container elementor-column-gap-default\">\n\t\t\t\t\t<div class=\"elementor-column elementor-col-100 elementor-top-column elementor-element elementor-element-8e1337c\" data-id=\"8e1337c\" data-element_type=\"column\" data-e-type=\"column\">\n\t\t\t<div class=\"elementor-widget-wrap elementor-element-populated\">\n\t\t\t\t\t\t<div class=\"elementor-element elementor-element-3fcef61 elementor-widget elementor-widget-heading\" data-id=\"3fcef61\" data-element_type=\"widget\" data-e-type=\"widget\" data-widget_type=\"heading.default\">\n\t\t\t\t<div class=\"elementor-widget-container\">\n\t\t\t\t\t<h1 class=\"elementor-heading-title elementor-size-default\">Dispositivos de descarga <\/h1>\t\t\t\t<\/div>\n\t\t\t\t<\/div>\n\t\t\t\t\t<\/div>\n\t\t<\/div>\n\t\t\t\t\t<\/div>\n\t\t<\/section>\n\t\t\t\t<section class=\"elementor-section elementor-top-section elementor-element elementor-element-e36f22b elementor-section-boxed elementor-section-height-default elementor-section-height-default\" data-id=\"e36f22b\" data-element_type=\"section\" data-e-type=\"section\" data-settings=\"{&quot;background_background&quot;:&quot;classic&quot;}\">\n\t\t\t\t\t\t\t<div class=\"elementor-background-overlay\"><\/div>\n\t\t\t\t\t\t\t<div class=\"elementor-container elementor-column-gap-default\">\n\t\t\t\t\t<div class=\"elementor-column elementor-col-100 elementor-top-column elementor-element elementor-element-9ead739\" data-id=\"9ead739\" data-element_type=\"column\" data-e-type=\"column\">\n\t\t\t<div class=\"elementor-widget-wrap elementor-element-populated\">\n\t\t\t\t\t\t<section class=\"elementor-section elementor-inner-section elementor-element elementor-element-e8d1fa2 elementor-section-boxed elementor-section-height-default elementor-section-height-default\" data-id=\"e8d1fa2\" data-element_type=\"section\" data-e-type=\"section\">\n\t\t\t\t\t\t<div class=\"elementor-container elementor-column-gap-default\">\n\t\t\t\t\t<div class=\"elementor-column elementor-col-50 elementor-inner-column elementor-element elementor-element-280d082\" data-id=\"280d082\" data-element_type=\"column\" data-e-type=\"column\">\n\t\t\t<div class=\"elementor-widget-wrap elementor-element-populated\">\n\t\t\t\t\t\t<div class=\"elementor-element elementor-element-7081ee5 elementor-widget elementor-widget-text-editor\" data-id=\"7081ee5\" data-element_type=\"widget\" data-e-type=\"widget\" data-widget_type=\"text-editor.default\">\n\t\t\t\t<div class=\"elementor-widget-container\">\n\t\t\t\t\t\t\t\t\t<p>Encontrar\u00e1 lo que necesita entre nuestra gama de dispositivos de descarga de alto rendimiento de Perimeter Solutions. Ya sea que est\u00e9 operando en el mercado de generadores de espuma, monitores, boquillas de l\u00ednea manual u otros, Perimeter Solutions le ofrecer\u00e1 el dispositivo adecuado para cumplir con sus requisitos de riesgo.<\/p>\n<p><strong>Carrete de manguera de flujo continuo<\/strong><\/p>\n<p>Los conjuntos de carrete de manguera de flujo continuo de Perimeter Solutions se fabrican con soportes de aluminio fundido magna y canal de lat\u00f3n. Cuentan con una manguera de refuerzo no plegable de 1,5 \u201d(38 mm) y un codo giratorio de entrada de lat\u00f3n de 90 grados con salida NST macho de 1,5\u201d (38 mm). El carrete de acero al carbono est\u00e1 dise\u00f1ado para almacenar y desplegar la manguera de flujo continuo, lo que permite que el l\u00edquido fluya mientras la manguera todav\u00eda est\u00e1 en el carrete.<\/p>\n<p><strong>Rociador contra incendios<\/strong><\/p>\n<p>Los espum\u00f3genos de Perimeter Solutions est\u00e1n certificados con una variedad de rociadores contra incendios para su uso en sistemas de rociadores de agua y espuma, estos incluyen tipos de cabezales cerrados, abiertos o de diluvio.<\/p>\n<p><strong>C\u00e1mara de espuma<\/strong><\/p>\n<p>Las c\u00e1maras de espuma de Perimeter Solutions son dispositivos de descarga de espuma por aspiraci\u00f3n de aire NFPA-11 Tipo II que brindan protecci\u00f3n para tanques de almacenamiento de l\u00edquidos inflamables con techo c\u00f3nico y flotante de techo abierto. Estas c\u00e1maras de espuma son una combinaci\u00f3n de una c\u00e1mara de mezcla de espuma y un generador de espuma con una entrada de aire. Una placa de orificio extra\u00edble est\u00e1 ubicada entre la entrada de la brida y la brida de la tuber\u00eda de soluci\u00f3n y est\u00e1 dimensionada para entregar la soluci\u00f3n de espuma requerida a una presi\u00f3n especificada. Un sello de vapor de vidrio rompible ubicado en el cuerpo de la c\u00e1mara de espuma evita que los vapores del producto entren en el cuerpo de la c\u00e1mara de espuma. El sello de vapor se romper\u00e1 una vez que, entre la soluci\u00f3n de espuma, llenando el cuerpo de la c\u00e1mara de espuma con espuma expandida. La espuma fluye hacia una placa deflectora, la cual dirige la espuma hacia el interior de la pared del tanque de almacenamiento y la superficie del combustible, permitiendo solo una inmersi\u00f3n m\u00ednima de la espuma y la agitaci\u00f3n del combustible.<\/p>\n<p><strong>Generadores de espuma<\/strong><\/p>\n<p>Los generadores de espuma Perimeter Solutions est\u00e1n disponibles en dos modelos con caudales nominales que var\u00edan de 10 a 300 gpm (38 a 1136 lpm) a 30 a 150 psi (2 a 10 bar) con entradas y salidas roscadas. El tubo de descarga de acero inoxidable incorpora un cilindro de mezcla, una placa de orificio (dimensionada para el flujo requerido a una presi\u00f3n determinada) y una entrada de aire para permitir que entre aire en la corriente de soluci\u00f3n de espuma para generar espuma expandida. El generador de espuma se instala normalmente en la l\u00ednea de un sistema de protecci\u00f3n contra incendios de espuma fija o semifija. Los generadores \u00a0de espuma Perimeter Solutions son dispositivos de descarga de espuma por aspiraci\u00f3n de aire que se utilizan principalmente para la protecci\u00f3n del \u00e1rea de sellado de los tanques de almacenamiento con techo flotante superior abierto y las \u00e1reas de diques alrededor de los tanques de almacenamiento. Las aplicaciones adicionales incluyen protecci\u00f3n contra riesgos de derrames y \u00e1reas de almacenamiento de l\u00edquidos inflamables con diques.<\/p>\n<p><strong>Estaci\u00f3n de espuma<\/strong><\/p>\n<p>La estaci\u00f3n de espuma Perimeter Solutions es una estaci\u00f3n de espuma de f\u00e1cil desmontaje y operaci\u00f3n por una sola persona. La unidad es aut\u00f3noma y consta de un tanque de concentrado de acero inoxidable de 35 galones (132 litros), un eyector, una boquilla manual y una manguera no plegable. Cuando est\u00e1 en funcionamiento, el agua se introduce desde una fuente de agua dedicada a trav\u00e9s de la manguera de suministro al eyector. Mientras el agua pasa a trav\u00e9s del eyector, se crea un vac\u00edo que extrae el espum\u00f3geno fuera del tanque, hasta el eyector y en la corriente de agua, entregando la soluci\u00f3n de espuma.<\/p>\n<p><strong>Generadores de espuma de alta presi\u00f3n<\/strong><\/p>\n<p>Los generadores de espuma de alta contrapresi\u00f3n de Perimeter Solutions est\u00e1n disponibles en cuatro modelos con caudales nominales que var\u00edan de 100 a 400 gpm (379 a 1514 lpm) con entradas y salidas de brida. El tubo de descarga de acero al carbono tiene cuatro orificios de inducci\u00f3n de aire colocados a 90 grados de distancia para permitir que entre aire en la corriente de soluci\u00f3n de espuma para generar espuma expandida. Estos dispositivos han sido probados para su aplicaci\u00f3n y con combustible espec\u00edficos.\u00a0<strong>\u00a0<\/strong><\/p>\n<p><strong>Boquillas de espuma auto eyectoras<\/strong><\/p>\n<p>La boquilla TASK FORCE TIPS\u00ae MASTER FOAM de Perimeter Solutions es una boquilla de espuma auto eyectora simple y resistente con una calidad de chorro y un alcance superiores. Esta boquilla de niebla de flujo fijo nominal a 100 psi (7 bar) est\u00e1 disponible con un caudal opcional de 250, 350, 500, 750 o 1000 gpm (946, 1325, 1893, 2839, 3785 l \/ min). El usuario puede ajustar el \u00e1ngulo de niebla entre niebla de 90 \u00b0 de ancho y chorro recto.<\/p>\n\t\t\t\t\t\t\t\t<\/div>\n\t\t\t\t<\/div>\n\t\t\t\t\t<\/div>\n\t\t<\/div>\n\t\t\t\t<div class=\"elementor-column elementor-col-50 elementor-inner-column elementor-element elementor-element-d05ef15\" data-id=\"d05ef15\" data-element_type=\"column\" data-e-type=\"column\">\n\t\t\t<div class=\"elementor-widget-wrap elementor-element-populated\">\n\t\t\t\t\t\t<div class=\"elementor-element elementor-element-d5454f1 elementor-widget elementor-widget-text-editor\" data-id=\"d5454f1\" data-element_type=\"widget\" data-e-type=\"widget\" data-widget_type=\"text-editor.default\">\n\t\t\t\t<div class=\"elementor-widget-container\">\n\t\t\t\t\t\t\t\t\t<p><strong>ENROLLADORES DE MANGUERA DE FLUJO CONTINUO<\/strong><br \/>\n<a href=\"https:\/\/www.perimeter-solutions.com\/wp-content\/uploads\/2021\/05\/SOLB_Continuous-Flow-Hose-Reel-F-2011012-2.pdf\">Carrete de manguera de flujo continuo<\/a><\/p>\n<p><strong>ROCIADORES CONTRA INCENDIOS<\/strong><br \/>\n<a href=\"https:\/\/www.perimeter-solutions.com\/wp-content\/uploads\/2021\/06\/SOLB_Fire-Sprinklers-F-2014013-2_A4_v9.pdf\">Rociadores contra incendios<\/a><\/p>\n<p><strong>C\u00c1MARAS DE ESPUMA<\/strong><br \/>\n<a href=\"https:\/\/www.perimeter-solutions.com\/wp-content\/uploads\/2023\/04\/SOLBERG-Foam-Chambers-F-2011010-Letter_v7.7.pdf\">C\u00e1maras de espuma<\/a><\/p>\n<p><strong>GENERADORES DE ESPUMA<\/strong><br \/>\n<a href=\"https:\/\/www.perimeter-solutions.com\/wp-content\/uploads\/2021\/05\/SOLB_Foam-Maker-F-2012025-6NL.pdf\">Fabricante de espuma<\/a><\/p>\n<p><strong>ESTACIONES DE ESPUMA<\/strong><br \/>\n<a href=\"https:\/\/www.perimeter-solutions.com\/wp-content\/uploads\/2021\/05\/SOLB_Foam-Station-F-2011011_Letter-v4.pdf\">Estaci\u00f3n de espuma<\/a><\/p>\n<p><strong>GENERADORES DE ESPUMA DE ALTA PRESI\u00d3N<\/strong><br \/>\n<a href=\"https:\/\/www.perimeter-solutions.com\/wp-content\/uploads\/2021\/05\/SOLB_High-Back-Pressure-Foam-Maker-F-2011015-1.pdf\">Fabricante de espuma de alta presi\u00f3n<\/a><\/p>\n<p><strong>BOQUILLAS DE ESPUMA AUTO EYECTANTES<br \/>\n<\/strong><a href=\"https:\/\/www.perimeter-solutions.com\/wp-content\/uploads\/2021\/02\/SOLB_Self-Educting-Foam-Nozzle_F-2016009-1.pdf\">Boquilla de espuma autodidacta<\/a><\/p>\n<p><strong>MONITORES MANUALES<br \/>\n<\/strong><a href=\"https:\/\/www.perimeter-solutions.com\/wp-content\/uploads\/2021\/05\/SOLBERG-Manual-Monitor_F-201610-3.pdf\">Monitor manual \u2013 TFT<\/a><\/p>\n\t\t\t\t\t\t\t\t<\/div>\n\t\t\t\t<\/div>\n\t\t\t\t<div class=\"elementor-element elementor-element-4fc0fd0 elementor-widget elementor-widget-image\" data-id=\"4fc0fd0\" data-element_type=\"widget\" data-e-type=\"widget\" data-widget_type=\"image.default\">\n\t\t\t\t<div class=\"elementor-widget-container\">\n\t\t\t\t\t\t\t\t\t\t\t\t\t\t\t<img fetchpriority=\"high\" decoding=\"async\" width=\"533\" height=\"1024\" src=\"https:\/\/www.perimeter-solutions.com\/wp-content\/uploads\/2020\/12\/FoamChamber-discharge-533x1024.jpg\" class=\"attachment-large size-large wp-image-25884\" alt=\"\" srcset=\"https:\/\/www.perimeter-solutions.com\/wp-content\/uploads\/2020\/12\/FoamChamber-discharge-533x1024.jpg 533w, https:\/\/www.perimeter-solutions.com\/wp-content\/uploads\/2020\/12\/FoamChamber-discharge-600x1152.jpg 600w, https:\/\/www.perimeter-solutions.com\/wp-content\/uploads\/2020\/12\/FoamChamber-discharge-156x300.jpg 156w, https:\/\/www.perimeter-solutions.com\/wp-content\/uploads\/2020\/12\/FoamChamber-discharge-768x1475.jpg 768w, https:\/\/www.perimeter-solutions.com\/wp-content\/uploads\/2020\/12\/FoamChamber-discharge-800x1536.jpg 800w, https:\/\/www.perimeter-solutions.com\/wp-content\/uploads\/2020\/12\/FoamChamber-discharge-76x146.jpg 76w, https:\/\/www.perimeter-solutions.com\/wp-content\/uploads\/2020\/12\/FoamChamber-discharge-26x50.jpg 26w, https:\/\/www.perimeter-solutions.com\/wp-content\/uploads\/2020\/12\/FoamChamber-discharge-39x75.jpg 39w, https:\/\/www.perimeter-solutions.com\/wp-content\/uploads\/2020\/12\/FoamChamber-discharge.jpg 1000w\" sizes=\"(max-width: 533px) 100vw, 533px\" \/>\t\t\t\t\t\t\t\t\t\t\t\t\t\t\t<\/div>\n\t\t\t\t<\/div>\n\t\t\t\t\t<\/div>\n\t\t<\/div>\n\t\t\t\t\t<\/div>\n\t\t<\/section>\n\t\t\t\t\t<\/div>\n\t\t<\/div>\n\t\t\t\t\t<\/div>\n\t\t<\/section>\n\t\t\t\t<\/div>\n\t\t","protected":false},"excerpt":{"rendered":"<p>Dispositivos de descarga Encontrar\u00e1 lo que necesita entre nuestra gama de dispositivos de descarga de alto rendimiento de Perimeter Solutions. Ya sea que est\u00e9 operando en el mercado de generadores [&hellip;]<\/p>\n","protected":false},"author":3,"featured_media":0,"parent":25802,"menu_order":0,"comment_status":"closed","ping_status":"closed","template":"","meta":{"_acf_changed":false,"footnotes":""},"class_list":["post-25881","page","type-page","status-publish","hentry"],"acf":[],"yoast_head":"<!-- This site is optimized with the Yoast SEO Premium plugin v21.9 (Yoast SEO v23.5) - https:\/\/yoast.com\/wordpress\/plugins\/seo\/ -->\n<title>Dispositivos de descarga - Perimeter Solutions<\/title>\n<meta name=\"description\" content=\"You\u2019ll find what you need to meet your requirements among Perimeter Solutions&#039; array of Discharge Devices for foam makers, monitors and more.\" \/>\n<meta name=\"robots\" content=\"index, follow, max-snippet:-1, max-image-preview:large, max-video-preview:-1\" \/>\n<link rel=\"canonical\" href=\"https:\/\/www.perimeter-solutions.com\/es\/equipo-de-espuma-contra-incendios\/dispositivos-de-descarga\/\" \/>\n<meta property=\"og:locale\" content=\"es_ES\" \/>\n<meta property=\"og:type\" content=\"article\" \/>\n<meta property=\"og:title\" content=\"Dispositivos de descarga\" \/>\n<meta property=\"og:description\" content=\"You\u2019ll find what you need to meet your requirements among Perimeter Solutions&#039; array of Discharge Devices for foam makers, monitors and more.\" \/>\n<meta property=\"og:url\" content=\"https:\/\/www.perimeter-solutions.com\/es\/equipo-de-espuma-contra-incendios\/dispositivos-de-descarga\/\" \/>\n<meta property=\"og:site_name\" content=\"Perimeter Solutions\" \/>\n<meta property=\"article:modified_time\" content=\"2024-08-15T14:51:16+00:00\" \/>\n<meta property=\"og:image\" content=\"https:\/\/www.perimeter-solutions.com\/wp-content\/uploads\/2020\/12\/FoamChamber-discharge-533x1024.jpg\" \/>\n<meta name=\"twitter:card\" content=\"summary_large_image\" \/>\n<meta name=\"twitter:label1\" content=\"Tiempo de lectura\" \/>\n\t<meta name=\"twitter:data1\" content=\"5 minutos\" \/>\n<script type=\"application\/ld+json\" class=\"yoast-schema-graph\">{\"@context\":\"https:\/\/schema.org\",\"@graph\":[{\"@type\":\"WebPage\",\"@id\":\"https:\/\/www.perimeter-solutions.com\/es\/equipo-de-espuma-contra-incendios\/dispositivos-de-descarga\/\",\"url\":\"https:\/\/www.perimeter-solutions.com\/es\/equipo-de-espuma-contra-incendios\/dispositivos-de-descarga\/\",\"name\":\"Dispositivos de descarga - Perimeter Solutions\",\"isPartOf\":{\"@id\":\"https:\/\/www.perimeter-solutions.com\/es\/#website\"},\"primaryImageOfPage\":{\"@id\":\"https:\/\/www.perimeter-solutions.com\/es\/equipo-de-espuma-contra-incendios\/dispositivos-de-descarga\/#primaryimage\"},\"image\":{\"@id\":\"https:\/\/www.perimeter-solutions.com\/es\/equipo-de-espuma-contra-incendios\/dispositivos-de-descarga\/#primaryimage\"},\"thumbnailUrl\":\"https:\/\/www.perimeter-solutions.com\/wp-content\/uploads\/2020\/12\/FoamChamber-discharge-533x1024.jpg\",\"datePublished\":\"2020-12-02T19:47:33+00:00\",\"dateModified\":\"2024-08-15T14:51:16+00:00\",\"description\":\"You\u2019ll find what you need to meet your requirements among Perimeter Solutions' array of Discharge Devices for foam makers, monitors and more.\",\"breadcrumb\":{\"@id\":\"https:\/\/www.perimeter-solutions.com\/es\/equipo-de-espuma-contra-incendios\/dispositivos-de-descarga\/#breadcrumb\"},\"inLanguage\":\"es\",\"potentialAction\":[{\"@type\":\"ReadAction\",\"target\":[\"https:\/\/www.perimeter-solutions.com\/es\/equipo-de-espuma-contra-incendios\/dispositivos-de-descarga\/\"]}]},{\"@type\":\"ImageObject\",\"inLanguage\":\"es\",\"@id\":\"https:\/\/www.perimeter-solutions.com\/es\/equipo-de-espuma-contra-incendios\/dispositivos-de-descarga\/#primaryimage\",\"url\":\"https:\/\/www.perimeter-solutions.com\/wp-content\/uploads\/2020\/12\/FoamChamber-discharge-533x1024.jpg\",\"contentUrl\":\"https:\/\/www.perimeter-solutions.com\/wp-content\/uploads\/2020\/12\/FoamChamber-discharge-533x1024.jpg\"},{\"@type\":\"BreadcrumbList\",\"@id\":\"https:\/\/www.perimeter-solutions.com\/es\/equipo-de-espuma-contra-incendios\/dispositivos-de-descarga\/#breadcrumb\",\"itemListElement\":[{\"@type\":\"ListItem\",\"position\":1,\"name\":\"Equipo de espuma contra incendios\",\"item\":\"https:\/\/www.perimeter-solutions.com\/es\/equipo-de-espuma-contra-incendios\/\"},{\"@type\":\"ListItem\",\"position\":2,\"name\":\"Dispositivos de descarga\"}]},{\"@type\":\"WebSite\",\"@id\":\"https:\/\/www.perimeter-solutions.com\/es\/#website\",\"url\":\"https:\/\/www.perimeter-solutions.com\/es\/\",\"name\":\"Perimeter Solutions\",\"description\":\"\",\"publisher\":{\"@id\":\"https:\/\/www.perimeter-solutions.com\/es\/#organization\"},\"potentialAction\":[{\"@type\":\"SearchAction\",\"target\":{\"@type\":\"EntryPoint\",\"urlTemplate\":\"https:\/\/www.perimeter-solutions.com\/es\/?s={search_term_string}\"},\"query-input\":{\"@type\":\"PropertyValueSpecification\",\"valueRequired\":true,\"valueName\":\"search_term_string\"}}],\"inLanguage\":\"es\"},{\"@type\":\"Organization\",\"@id\":\"https:\/\/www.perimeter-solutions.com\/es\/#organization\",\"name\":\"Perimeter Solutions\",\"url\":\"https:\/\/www.perimeter-solutions.com\/es\/\",\"logo\":{\"@type\":\"ImageObject\",\"inLanguage\":\"es\",\"@id\":\"https:\/\/www.perimeter-solutions.com\/es\/#\/schema\/logo\/image\/\",\"url\":\"https:\/\/www.perimeter-solutions.com\/wp-content\/uploads\/2021\/02\/perimeter-logo-RGB.png\",\"contentUrl\":\"https:\/\/www.perimeter-solutions.com\/wp-content\/uploads\/2021\/02\/perimeter-logo-RGB.png\",\"width\":794,\"height\":138,\"caption\":\"Perimeter Solutions\"},\"image\":{\"@id\":\"https:\/\/www.perimeter-solutions.com\/es\/#\/schema\/logo\/image\/\"}}]}<\/script>\n<!-- \/ Yoast SEO Premium plugin. -->","yoast_head_json":{"title":"Dispositivos de descarga - Perimeter Solutions","description":"You\u2019ll find what you need to meet your requirements among Perimeter Solutions' array of Discharge Devices for foam makers, monitors and more.","robots":{"index":"index","follow":"follow","max-snippet":"max-snippet:-1","max-image-preview":"max-image-preview:large","max-video-preview":"max-video-preview:-1"},"canonical":"https:\/\/www.perimeter-solutions.com\/es\/equipo-de-espuma-contra-incendios\/dispositivos-de-descarga\/","og_locale":"es_ES","og_type":"article","og_title":"Dispositivos de descarga","og_description":"You\u2019ll find what you need to meet your requirements among Perimeter Solutions' array of Discharge Devices for foam makers, monitors and more.","og_url":"https:\/\/www.perimeter-solutions.com\/es\/equipo-de-espuma-contra-incendios\/dispositivos-de-descarga\/","og_site_name":"Perimeter Solutions","article_modified_time":"2024-08-15T14:51:16+00:00","og_image":[{"url":"https:\/\/www.perimeter-solutions.com\/wp-content\/uploads\/2020\/12\/FoamChamber-discharge-533x1024.jpg"}],"twitter_card":"summary_large_image","twitter_misc":{"Tiempo de lectura":"5 minutos"},"schema":{"@context":"https:\/\/schema.org","@graph":[{"@type":"WebPage","@id":"https:\/\/www.perimeter-solutions.com\/es\/equipo-de-espuma-contra-incendios\/dispositivos-de-descarga\/","url":"https:\/\/www.perimeter-solutions.com\/es\/equipo-de-espuma-contra-incendios\/dispositivos-de-descarga\/","name":"Dispositivos de descarga - Perimeter Solutions","isPartOf":{"@id":"https:\/\/www.perimeter-solutions.com\/es\/#website"},"primaryImageOfPage":{"@id":"https:\/\/www.perimeter-solutions.com\/es\/equipo-de-espuma-contra-incendios\/dispositivos-de-descarga\/#primaryimage"},"image":{"@id":"https:\/\/www.perimeter-solutions.com\/es\/equipo-de-espuma-contra-incendios\/dispositivos-de-descarga\/#primaryimage"},"thumbnailUrl":"https:\/\/www.perimeter-solutions.com\/wp-content\/uploads\/2020\/12\/FoamChamber-discharge-533x1024.jpg","datePublished":"2020-12-02T19:47:33+00:00","dateModified":"2024-08-15T14:51:16+00:00","description":"You\u2019ll find what you need to meet your requirements among Perimeter Solutions' array of Discharge Devices for foam makers, monitors and more.","breadcrumb":{"@id":"https:\/\/www.perimeter-solutions.com\/es\/equipo-de-espuma-contra-incendios\/dispositivos-de-descarga\/#breadcrumb"},"inLanguage":"es","potentialAction":[{"@type":"ReadAction","target":["https:\/\/www.perimeter-solutions.com\/es\/equipo-de-espuma-contra-incendios\/dispositivos-de-descarga\/"]}]},{"@type":"ImageObject","inLanguage":"es","@id":"https:\/\/www.perimeter-solutions.com\/es\/equipo-de-espuma-contra-incendios\/dispositivos-de-descarga\/#primaryimage","url":"https:\/\/www.perimeter-solutions.com\/wp-content\/uploads\/2020\/12\/FoamChamber-discharge-533x1024.jpg","contentUrl":"https:\/\/www.perimeter-solutions.com\/wp-content\/uploads\/2020\/12\/FoamChamber-discharge-533x1024.jpg"},{"@type":"BreadcrumbList","@id":"https:\/\/www.perimeter-solutions.com\/es\/equipo-de-espuma-contra-incendios\/dispositivos-de-descarga\/#breadcrumb","itemListElement":[{"@type":"ListItem","position":1,"name":"Equipo de espuma contra incendios","item":"https:\/\/www.perimeter-solutions.com\/es\/equipo-de-espuma-contra-incendios\/"},{"@type":"ListItem","position":2,"name":"Dispositivos de descarga"}]},{"@type":"WebSite","@id":"https:\/\/www.perimeter-solutions.com\/es\/#website","url":"https:\/\/www.perimeter-solutions.com\/es\/","name":"Perimeter Solutions","description":"","publisher":{"@id":"https:\/\/www.perimeter-solutions.com\/es\/#organization"},"potentialAction":[{"@type":"SearchAction","target":{"@type":"EntryPoint","urlTemplate":"https:\/\/www.perimeter-solutions.com\/es\/?s={search_term_string}"},"query-input":{"@type":"PropertyValueSpecification","valueRequired":true,"valueName":"search_term_string"}}],"inLanguage":"es"},{"@type":"Organization","@id":"https:\/\/www.perimeter-solutions.com\/es\/#organization","name":"Perimeter Solutions","url":"https:\/\/www.perimeter-solutions.com\/es\/","logo":{"@type":"ImageObject","inLanguage":"es","@id":"https:\/\/www.perimeter-solutions.com\/es\/#\/schema\/logo\/image\/","url":"https:\/\/www.perimeter-solutions.com\/wp-content\/uploads\/2021\/02\/perimeter-logo-RGB.png","contentUrl":"https:\/\/www.perimeter-solutions.com\/wp-content\/uploads\/2021\/02\/perimeter-logo-RGB.png","width":794,"height":138,"caption":"Perimeter Solutions"},"image":{"@id":"https:\/\/www.perimeter-solutions.com\/es\/#\/schema\/logo\/image\/"}}]}},"_links":{"self":[{"href":"https:\/\/www.perimeter-solutions.com\/es\/wp-json\/wp\/v2\/pages\/25881","targetHints":{"allow":["GET"]}}],"collection":[{"href":"https:\/\/www.perimeter-solutions.com\/es\/wp-json\/wp\/v2\/pages"}],"about":[{"href":"https:\/\/www.perimeter-solutions.com\/es\/wp-json\/wp\/v2\/types\/page"}],"author":[{"embeddable":true,"href":"https:\/\/www.perimeter-solutions.com\/es\/wp-json\/wp\/v2\/users\/3"}],"replies":[{"embeddable":true,"href":"https:\/\/www.perimeter-solutions.com\/es\/wp-json\/wp\/v2\/comments?post=25881"}],"version-history":[{"count":7,"href":"https:\/\/www.perimeter-solutions.com\/es\/wp-json\/wp\/v2\/pages\/25881\/revisions"}],"predecessor-version":[{"id":43596,"href":"https:\/\/www.perimeter-solutions.com\/es\/wp-json\/wp\/v2\/pages\/25881\/revisions\/43596"}],"up":[{"embeddable":true,"href":"https:\/\/www.perimeter-solutions.com\/es\/wp-json\/wp\/v2\/pages\/25802"}],"wp:attachment":[{"href":"https:\/\/www.perimeter-solutions.com\/es\/wp-json\/wp\/v2\/media?parent=25881"}],"curies":[{"name":"wp","href":"https:\/\/api.w.org\/{rel}","templated":true}]}}