{"id":25857,"date":"2020-12-02T14:42:07","date_gmt":"2020-12-02T19:42:07","guid":{"rendered":"https:\/\/www.perimeter-solutions.com\/equipo-de-espuma-contra-incendios\/dispositivos-dosificadores\/"},"modified":"2024-08-15T10:53:54","modified_gmt":"2024-08-15T14:53:54","slug":"dispositivos-dosificadores","status":"publish","type":"page","link":"https:\/\/www.perimeter-solutions.com\/es\/equipo-de-espuma-contra-incendios\/dispositivos-dosificadores\/","title":{"rendered":"Dispositivos dosificadores"},"content":{"rendered":"\t\t<div data-elementor-type=\"wp-page\" data-elementor-id=\"25857\" class=\"elementor elementor-25857 elementor-17670\" data-elementor-post-type=\"page\">\n\t\t\t\t\t\t<section class=\"elementor-section elementor-top-section elementor-element elementor-element-a53ddb9 elementor-section-stretched elementor-section-boxed elementor-section-height-default elementor-section-height-default\" data-id=\"a53ddb9\" data-element_type=\"section\" data-e-type=\"section\" data-settings=\"{&quot;stretch_section&quot;:&quot;section-stretched&quot;,&quot;background_background&quot;:&quot;classic&quot;}\">\n\t\t\t\t\t\t<div class=\"elementor-container elementor-column-gap-default\">\n\t\t\t\t\t<div class=\"elementor-column elementor-col-100 elementor-top-column elementor-element elementor-element-8e1337c\" data-id=\"8e1337c\" data-element_type=\"column\" data-e-type=\"column\">\n\t\t\t<div class=\"elementor-widget-wrap elementor-element-populated\">\n\t\t\t\t\t\t<div class=\"elementor-element elementor-element-3fcef61 elementor-widget elementor-widget-heading\" data-id=\"3fcef61\" data-element_type=\"widget\" data-e-type=\"widget\" data-widget_type=\"heading.default\">\n\t\t\t\t<div class=\"elementor-widget-container\">\n\t\t\t\t\t<h1 class=\"elementor-heading-title elementor-size-default\">Dispositivos dosificadores<\/h1>\t\t\t\t<\/div>\n\t\t\t\t<\/div>\n\t\t\t\t\t<\/div>\n\t\t<\/div>\n\t\t\t\t\t<\/div>\n\t\t<\/section>\n\t\t\t\t<section class=\"elementor-section elementor-top-section elementor-element elementor-element-e36f22b elementor-section-boxed elementor-section-height-default elementor-section-height-default\" data-id=\"e36f22b\" data-element_type=\"section\" data-e-type=\"section\" data-settings=\"{&quot;background_background&quot;:&quot;classic&quot;}\">\n\t\t\t\t\t\t\t<div class=\"elementor-background-overlay\"><\/div>\n\t\t\t\t\t\t\t<div class=\"elementor-container elementor-column-gap-default\">\n\t\t\t\t\t<div class=\"elementor-column elementor-col-100 elementor-top-column elementor-element elementor-element-9ead739\" data-id=\"9ead739\" data-element_type=\"column\" data-e-type=\"column\">\n\t\t\t<div class=\"elementor-widget-wrap elementor-element-populated\">\n\t\t\t\t\t\t<section class=\"elementor-section elementor-inner-section elementor-element elementor-element-e8d1fa2 elementor-section-boxed elementor-section-height-default elementor-section-height-default\" data-id=\"e8d1fa2\" data-element_type=\"section\" data-e-type=\"section\">\n\t\t\t\t\t\t<div class=\"elementor-container elementor-column-gap-default\">\n\t\t\t\t\t<div class=\"elementor-column elementor-col-50 elementor-inner-column elementor-element elementor-element-280d082\" data-id=\"280d082\" data-element_type=\"column\" data-e-type=\"column\">\n\t\t\t<div class=\"elementor-widget-wrap elementor-element-populated\">\n\t\t\t\t\t\t<div class=\"elementor-element elementor-element-7081ee5 elementor-widget elementor-widget-text-editor\" data-id=\"7081ee5\" data-element_type=\"widget\" data-e-type=\"widget\" data-widget_type=\"text-editor.default\">\n\t\t\t\t<div class=\"elementor-widget-container\">\n\t\t\t\t\t\t\t\t\t<p>Cuando se trata de dispositivos dosificadores, Perimeter Solutions tiene el hardware necesario para hacer bien el trabajo, sin importar el tipo de sistema de espuma que est\u00e9 utilizando.<\/p><p><strong>Dosificador de bomba de espuma<br \/><\/strong>El dosificador de bomba de espuma de Perimeter Solutions (SFPP) es un dispositivo dosificador de bajas concentraciones, dise\u00f1ado para dosificar con precisi\u00f3n el concentrado de espuma en la corriente de agua a velocidades de flujo del sistema tanto altas como bajas. El dosificador de bomba de espuma Perimeter Solutions est\u00e1 dise\u00f1ado como un componente integral del sistema dosificador de bomba de espuma Perimeter Solutions. El dosificador de bomba est\u00e1 dise\u00f1ado para sistemas de rociadores de espuma \/ agua de cabeza abierta y cerrada, sistemas de monitoreo de espuma y otros dispositivos de descarga de espuma de Perimeter Solutions. Consulte la hoja de datos del producto para obtener detalles espec\u00edficos.<\/p><p><strong>Dosificadores de presi\u00f3n equilibrados en l\u00ednea<br \/><\/strong>El dosificador de presi\u00f3n equilibrada en l\u00ednea (ILBP) de Perimeter Solutions es un dispositivo completamente aut\u00f3nomo que incorpora los componentes necesarios, incluido el controlador de relaci\u00f3n, el man\u00f3metro d\u00faplex, la v\u00e1lvula de equilibrio, la v\u00e1lvula de retenci\u00f3n, la v\u00e1lvula de bola y las tuber\u00edas de lat\u00f3n asociadas. Los ILBP de Perimeter Solutions est\u00e1n dise\u00f1ados para equilibrar la presi\u00f3n del espum\u00f3geno entrante con la presi\u00f3n del agua contra incendios y medir la cantidad correcta de espum\u00f3geno en la corriente de agua contra incendios en una amplia gama de caudales y presiones.<\/p><p>El sistema ILBP funciona con una bomba <span style=\"text-decoration: line-through;\">de espuma<\/span> de desplazamiento positivo, para suministrar espum\u00f3geno al ILBP. Una v\u00e1lvula de mantenimiento de presi\u00f3n, ubicada en la l\u00ednea de retorno, transporta el exceso de espum\u00f3geno que el dispositivo no necesita de regreso al tanque de almacenamiento atmosf\u00e9rico. Los dispositivos est\u00e1n disponibles en tama\u00f1os que van desde 2.0 \u00ab- 8.0\u00bb (51 mm \u2013 203 mm).<\/p><p><strong>Proporcionadores<br \/><\/strong>Los proporcionadores de Perimeter Solutions son unos dispositivos dise\u00f1ados para medir la cantidad correcta de espum\u00f3geno en una corriente de agua dentro de un rango espec\u00edfico de tasas de flujo y presi\u00f3n con una p\u00e9rdida de presi\u00f3n m\u00ednima. El controlador consta de tres componentes: el cuerpo con entrada de agua, el orificio de medici\u00f3n ubicado en la entrada del espum\u00f3geno y la garganta (boquilla) ubicada debajo de la entrada de agua. El controlador de relaci\u00f3n se fabrica en cuatro tama\u00f1os de 3.0 \u00ab, 4.0\u00bb, 6.0 \u00aby 8.0\u00bb (76 mm, 102 mm, 152 mm, 203 mm).<\/p><p><strong>S-ZF entre inductores de brida<br \/><\/strong>El inductor Perimeter Solutions S-ZF se utiliza para mezclar espum\u00f3geno con agua cuando el concentrado <span style=\"text-decoration: line-through;\">de espuma<\/span> se suministra desde un dep\u00f3sito de <span style=\"text-decoration: line-through;\">a<\/span> presi\u00f3n atmosf\u00e9rica. El inductor S-ZF se puede instalar en sistemas de diluvio donde se utilizan rociadores, como hangares de aviones e instalaciones de almacenamiento. Los inductores est\u00e1n conectados a la l\u00ednea de agua. El S-ZF se instala dentro de la tuber\u00eda entre dos bridas. El S-ZF funciona seg\u00fan el principio venturi. Con el S-ZF se pueden utilizar espum\u00f3genos de alta y baja viscosidad.<\/p><p><strong>Proporcionador roscado<br \/><\/strong>Los proporcionadores roscados de Perimeter Solutions son controladores de relaci\u00f3n venturi modificados que mezclan y dosifican con precisi\u00f3n el espum\u00f3geno en corrientes de agua contra incendios. Cada proporcionador consta de los siguientes componentes: cuerpo, boquilla de entrada y orificio de medici\u00f3n construidos con material de bronce ASTM 85-5-5-5. El proporcionador est\u00e1 dise\u00f1ado con una entrada roscada NPT macho y una salida roscada macho en tama\u00f1os de 2.0 \u00ab(51 mm) y 2.5\u00bb (64 mm), con la flecha de direcci\u00f3n del flujo claramente marcada. Durante la operaci\u00f3n, el agua fluye a trav\u00e9s del venturi modificado para crear un \u00e1rea de menor presi\u00f3n que se ve directamente afectada por la velocidad del agua a medida que fluye a trav\u00e9s del controlador de ratio de espuma.<\/p><p><strong>Proporcionador de rango variable<br \/><\/strong>El dosificador de rango variable Perimeter Solutions es un dispositivo dosificador de soluci\u00f3n de espuma baja, dise\u00f1ado para dosificar con precisi\u00f3n el concentrado de espuma en la corriente de agua con caudales altos y bajos del sistema. Est\u00e1 dise\u00f1ado como un componente integral del sistema de dosificaci\u00f3n del dep\u00f3sito de membrana de Perimeter Solutions, para ser utilizado con espum\u00f3genos de Perimeter Solutions en sistemas de rociadores de agua y espuma. Nuestro proporcionador de rango variable cumple con NFPA 30, el C\u00f3digo de l\u00edquidos inflamables y combustibles, p\u00e1rrafo 16.5.1.6.2, que establece que los sistemas de rociadores de espuma \/ agua deben proporcionar una soluci\u00f3n de espuma a los rociadores en funcionamiento con 4 rociadores fluyendo. El proporcionador de rango variable Perimeter Solutions fue dise\u00f1ado para cumplir con este requisito del C\u00f3digo.<\/p><p><strong>Proporcionador de bomba de rango variable<br \/><\/strong>El proporcionador de bomba de rango variable de Perimeter Solutions (SVRPP) es un dispositivo dosificador de bajas concentraciones, dise\u00f1ado para dosificar con precisi\u00f3n el espum\u00f3geno en la corriente de agua con caudales del sistema tanto altos como bajos. Est\u00e1 dise\u00f1ado como un componente integral del sistema de dosificaci\u00f3n de bomba de espuma Perimeter Solutions, para ser utilizado con espum\u00f3genos Perimeter Solutions en sistemas de rociadores de agua y espuma.<\/p>\t\t\t\t\t\t\t\t<\/div>\n\t\t\t\t<\/div>\n\t\t\t\t\t<\/div>\n\t\t<\/div>\n\t\t\t\t<div class=\"elementor-column elementor-col-50 elementor-inner-column elementor-element elementor-element-d05ef15\" data-id=\"d05ef15\" data-element_type=\"column\" data-e-type=\"column\">\n\t\t\t<div class=\"elementor-widget-wrap elementor-element-populated\">\n\t\t\t\t\t\t<div class=\"elementor-element elementor-element-d5454f1 elementor-widget elementor-widget-text-editor\" data-id=\"d5454f1\" data-element_type=\"widget\" data-e-type=\"widget\" data-widget_type=\"text-editor.default\">\n\t\t\t\t<div class=\"elementor-widget-container\">\n\t\t\t\t\t\t\t\t\t<p><strong>BOMBAS DE ESPUMA<\/strong><br \/><a href=\"https:\/\/www.perimeter-solutions.com\/wp-content\/uploads\/2021\/02\/SOLB-Foam-Pump-Proportioner-F-2012013-2.pdf\" target=\"_blank\" rel=\"noopener\">Bomba de espuma dosificadora<\/a><\/p>\n<p><strong>PRESI\u00d3N DE EQUILIBRADO EN L\u00cdNEA<\/strong><br \/><a href=\"https:\/\/www.perimeter-solutions.com\/wp-content\/uploads\/2021\/02\/SOLBERG-Inline-Proportioner-F-2011009-1.pdf\" target=\"_blank\" rel=\"noopener\">Dosificador en l\u00ednea<\/a><\/p>\n<p><strong>CONTROLADORES DE RELACI\u00d3N<\/strong><br \/><a href=\"https:\/\/www.perimeter-solutions.com\/wp-content\/uploads\/2021\/02\/Foam-Ratio-Controller_F-2011013_Letter-v10.2-1.pdf\" target=\"_blank\" rel=\"noopener\">Regulador de la relaci\u00f3n de la espuma<\/a><\/p>\n<p><strong>INDUCTORES S-ZF<\/strong><br \/><a href=\"https:\/\/www.perimeter-solutions.com\/wp-content\/uploads\/2021\/02\/SOLB_SZF-Inductor-F-2017001-2.pdf\" target=\"_blank\" rel=\"noopener\">Inductores SZF<\/a><\/p>\n<p><strong>DOSIFICADORES ROSCADOS<\/strong><br \/><a href=\"https:\/\/www.perimeter-solutions.com\/wp-content\/uploads\/2021\/05\/SOLB_Threaded-Proportioner-F-2011008_Letter-v7.1-1.pdf\" target=\"_blank\" rel=\"noopener\">Dosificador roscado<\/a><\/p>\n<p><strong>DOSIFICADORES DE CAUDAL VARIABLE<\/strong><br \/><a href=\"https:\/\/www.perimeter-solutions.com\/wp-content\/uploads\/2021\/05\/SOLB_Variable-Range-Proportioner_F-2011019_Letter_v11.1.pdf\" target=\"_blank\" rel=\"noopener\">Dosificador de gama variable<\/a><\/p>\n<p><strong>DOSIFICADORES DE BOMBA DE RANGO VARIABLE<\/strong><br \/><a href=\"https:\/\/www.perimeter-solutions.com\/wp-content\/uploads\/2021\/05\/SOLB_Variable-Range-Proportioner_F-2011019_Letter_v11.1-1.pdf\" target=\"_blank\" rel=\"noopener\">Dosificador de bomba de rango variable<\/a><\/p>\n\t\t\t\t\t\t\t\t<\/div>\n\t\t\t\t<\/div>\n\t\t\t\t<div class=\"elementor-element elementor-element-60e298e elementor-widget elementor-widget-image\" data-id=\"60e298e\" data-element_type=\"widget\" data-e-type=\"widget\" data-widget_type=\"image.default\">\n\t\t\t\t<div class=\"elementor-widget-container\">\n\t\t\t\t\t\t\t\t\t\t\t\t\t\t\t<img fetchpriority=\"high\" decoding=\"async\" width=\"800\" height=\"636\" src=\"https:\/\/www.perimeter-solutions.com\/wp-content\/uploads\/2020\/12\/RatioController-9455.jpg\" class=\"attachment-large size-large wp-image-25859\" alt=\"\" \/>\t\t\t\t\t\t\t\t\t\t\t\t\t\t\t<\/div>\n\t\t\t\t<\/div>\n\t\t\t\t\t<\/div>\n\t\t<\/div>\n\t\t\t\t\t<\/div>\n\t\t<\/section>\n\t\t\t\t\t<\/div>\n\t\t<\/div>\n\t\t\t\t\t<\/div>\n\t\t<\/section>\n\t\t\t\t<\/div>\n\t\t","protected":false},"excerpt":{"rendered":"<p>Dispositivos dosificadores Cuando se trata de dispositivos dosificadores, Perimeter Solutions tiene el hardware necesario para hacer bien el trabajo, sin importar el tipo de sistema de espuma que est\u00e9 utilizando. [&hellip;]<\/p>\n","protected":false},"author":3,"featured_media":0,"parent":25802,"menu_order":0,"comment_status":"closed","ping_status":"closed","template":"","meta":{"_acf_changed":false,"footnotes":""},"class_list":["post-25857","page","type-page","status-publish","hentry"],"acf":[],"yoast_head":"<!-- This site is optimized with the Yoast SEO Premium plugin v21.9 (Yoast SEO v23.5) - https:\/\/yoast.com\/wordpress\/plugins\/seo\/ -->\n<title>Dispositivos dosificadores - Perimeter Solutions<\/title>\n<meta name=\"description\" content=\"Cuando se trata de dispositivos dosificadores, Soluciones Perimetrales tiene el hardware que necesitas para hacer bien el trabajo.\" \/>\n<meta name=\"robots\" content=\"index, follow, max-snippet:-1, max-image-preview:large, max-video-preview:-1\" \/>\n<link rel=\"canonical\" href=\"https:\/\/www.perimeter-solutions.com\/es\/equipo-de-espuma-contra-incendios\/dispositivos-dosificadores\/\" \/>\n<meta property=\"og:locale\" content=\"es_ES\" \/>\n<meta property=\"og:type\" content=\"article\" \/>\n<meta property=\"og:title\" content=\"Dispositivos dosificadores\" \/>\n<meta property=\"og:description\" content=\"Cuando se trata de dispositivos dosificadores, Soluciones Perimetrales tiene el hardware que necesitas para hacer bien el trabajo.\" \/>\n<meta property=\"og:url\" content=\"https:\/\/www.perimeter-solutions.com\/es\/equipo-de-espuma-contra-incendios\/dispositivos-dosificadores\/\" \/>\n<meta property=\"og:site_name\" content=\"Perimeter Solutions\" \/>\n<meta property=\"article:modified_time\" content=\"2024-08-15T14:53:54+00:00\" \/>\n<meta property=\"og:image\" content=\"https:\/\/www.perimeter-solutions.com\/wp-content\/uploads\/2020\/12\/RatioController-9455.jpg\" \/>\n<meta name=\"twitter:card\" content=\"summary_large_image\" \/>\n<meta name=\"twitter:label1\" content=\"Tiempo de lectura\" \/>\n\t<meta name=\"twitter:data1\" content=\"5 minutos\" \/>\n<script type=\"application\/ld+json\" class=\"yoast-schema-graph\">{\"@context\":\"https:\/\/schema.org\",\"@graph\":[{\"@type\":\"WebPage\",\"@id\":\"https:\/\/www.perimeter-solutions.com\/es\/equipo-de-espuma-contra-incendios\/dispositivos-dosificadores\/\",\"url\":\"https:\/\/www.perimeter-solutions.com\/es\/equipo-de-espuma-contra-incendios\/dispositivos-dosificadores\/\",\"name\":\"Dispositivos dosificadores - Perimeter Solutions\",\"isPartOf\":{\"@id\":\"https:\/\/www.perimeter-solutions.com\/es\/#website\"},\"primaryImageOfPage\":{\"@id\":\"https:\/\/www.perimeter-solutions.com\/es\/equipo-de-espuma-contra-incendios\/dispositivos-dosificadores\/#primaryimage\"},\"image\":{\"@id\":\"https:\/\/www.perimeter-solutions.com\/es\/equipo-de-espuma-contra-incendios\/dispositivos-dosificadores\/#primaryimage\"},\"thumbnailUrl\":\"https:\/\/www.perimeter-solutions.com\/wp-content\/uploads\/2020\/12\/RatioController-9455.jpg\",\"datePublished\":\"2020-12-02T19:42:07+00:00\",\"dateModified\":\"2024-08-15T14:53:54+00:00\",\"description\":\"Cuando se trata de dispositivos dosificadores, Soluciones Perimetrales tiene el hardware que necesitas para hacer bien el trabajo.\",\"breadcrumb\":{\"@id\":\"https:\/\/www.perimeter-solutions.com\/es\/equipo-de-espuma-contra-incendios\/dispositivos-dosificadores\/#breadcrumb\"},\"inLanguage\":\"es\",\"potentialAction\":[{\"@type\":\"ReadAction\",\"target\":[\"https:\/\/www.perimeter-solutions.com\/es\/equipo-de-espuma-contra-incendios\/dispositivos-dosificadores\/\"]}]},{\"@type\":\"ImageObject\",\"inLanguage\":\"es\",\"@id\":\"https:\/\/www.perimeter-solutions.com\/es\/equipo-de-espuma-contra-incendios\/dispositivos-dosificadores\/#primaryimage\",\"url\":\"https:\/\/www.perimeter-solutions.com\/wp-content\/uploads\/2020\/12\/RatioController-9455.jpg\",\"contentUrl\":\"https:\/\/www.perimeter-solutions.com\/wp-content\/uploads\/2020\/12\/RatioController-9455.jpg\"},{\"@type\":\"BreadcrumbList\",\"@id\":\"https:\/\/www.perimeter-solutions.com\/es\/equipo-de-espuma-contra-incendios\/dispositivos-dosificadores\/#breadcrumb\",\"itemListElement\":[{\"@type\":\"ListItem\",\"position\":1,\"name\":\"Equipo de espuma contra incendios\",\"item\":\"https:\/\/www.perimeter-solutions.com\/es\/equipo-de-espuma-contra-incendios\/\"},{\"@type\":\"ListItem\",\"position\":2,\"name\":\"Dispositivos dosificadores\"}]},{\"@type\":\"WebSite\",\"@id\":\"https:\/\/www.perimeter-solutions.com\/es\/#website\",\"url\":\"https:\/\/www.perimeter-solutions.com\/es\/\",\"name\":\"Perimeter Solutions\",\"description\":\"\",\"publisher\":{\"@id\":\"https:\/\/www.perimeter-solutions.com\/es\/#organization\"},\"potentialAction\":[{\"@type\":\"SearchAction\",\"target\":{\"@type\":\"EntryPoint\",\"urlTemplate\":\"https:\/\/www.perimeter-solutions.com\/es\/?s={search_term_string}\"},\"query-input\":{\"@type\":\"PropertyValueSpecification\",\"valueRequired\":true,\"valueName\":\"search_term_string\"}}],\"inLanguage\":\"es\"},{\"@type\":\"Organization\",\"@id\":\"https:\/\/www.perimeter-solutions.com\/es\/#organization\",\"name\":\"Perimeter Solutions\",\"url\":\"https:\/\/www.perimeter-solutions.com\/es\/\",\"logo\":{\"@type\":\"ImageObject\",\"inLanguage\":\"es\",\"@id\":\"https:\/\/www.perimeter-solutions.com\/es\/#\/schema\/logo\/image\/\",\"url\":\"https:\/\/www.perimeter-solutions.com\/wp-content\/uploads\/2021\/02\/perimeter-logo-RGB.png\",\"contentUrl\":\"https:\/\/www.perimeter-solutions.com\/wp-content\/uploads\/2021\/02\/perimeter-logo-RGB.png\",\"width\":794,\"height\":138,\"caption\":\"Perimeter Solutions\"},\"image\":{\"@id\":\"https:\/\/www.perimeter-solutions.com\/es\/#\/schema\/logo\/image\/\"}}]}<\/script>\n<!-- \/ Yoast SEO Premium plugin. -->","yoast_head_json":{"title":"Dispositivos dosificadores - Perimeter Solutions","description":"Cuando se trata de dispositivos dosificadores, Soluciones Perimetrales tiene el hardware que necesitas para hacer bien el trabajo.","robots":{"index":"index","follow":"follow","max-snippet":"max-snippet:-1","max-image-preview":"max-image-preview:large","max-video-preview":"max-video-preview:-1"},"canonical":"https:\/\/www.perimeter-solutions.com\/es\/equipo-de-espuma-contra-incendios\/dispositivos-dosificadores\/","og_locale":"es_ES","og_type":"article","og_title":"Dispositivos dosificadores","og_description":"Cuando se trata de dispositivos dosificadores, Soluciones Perimetrales tiene el hardware que necesitas para hacer bien el trabajo.","og_url":"https:\/\/www.perimeter-solutions.com\/es\/equipo-de-espuma-contra-incendios\/dispositivos-dosificadores\/","og_site_name":"Perimeter Solutions","article_modified_time":"2024-08-15T14:53:54+00:00","og_image":[{"url":"https:\/\/www.perimeter-solutions.com\/wp-content\/uploads\/2020\/12\/RatioController-9455.jpg"}],"twitter_card":"summary_large_image","twitter_misc":{"Tiempo de lectura":"5 minutos"},"schema":{"@context":"https:\/\/schema.org","@graph":[{"@type":"WebPage","@id":"https:\/\/www.perimeter-solutions.com\/es\/equipo-de-espuma-contra-incendios\/dispositivos-dosificadores\/","url":"https:\/\/www.perimeter-solutions.com\/es\/equipo-de-espuma-contra-incendios\/dispositivos-dosificadores\/","name":"Dispositivos dosificadores - Perimeter Solutions","isPartOf":{"@id":"https:\/\/www.perimeter-solutions.com\/es\/#website"},"primaryImageOfPage":{"@id":"https:\/\/www.perimeter-solutions.com\/es\/equipo-de-espuma-contra-incendios\/dispositivos-dosificadores\/#primaryimage"},"image":{"@id":"https:\/\/www.perimeter-solutions.com\/es\/equipo-de-espuma-contra-incendios\/dispositivos-dosificadores\/#primaryimage"},"thumbnailUrl":"https:\/\/www.perimeter-solutions.com\/wp-content\/uploads\/2020\/12\/RatioController-9455.jpg","datePublished":"2020-12-02T19:42:07+00:00","dateModified":"2024-08-15T14:53:54+00:00","description":"Cuando se trata de dispositivos dosificadores, Soluciones Perimetrales tiene el hardware que necesitas para hacer bien el trabajo.","breadcrumb":{"@id":"https:\/\/www.perimeter-solutions.com\/es\/equipo-de-espuma-contra-incendios\/dispositivos-dosificadores\/#breadcrumb"},"inLanguage":"es","potentialAction":[{"@type":"ReadAction","target":["https:\/\/www.perimeter-solutions.com\/es\/equipo-de-espuma-contra-incendios\/dispositivos-dosificadores\/"]}]},{"@type":"ImageObject","inLanguage":"es","@id":"https:\/\/www.perimeter-solutions.com\/es\/equipo-de-espuma-contra-incendios\/dispositivos-dosificadores\/#primaryimage","url":"https:\/\/www.perimeter-solutions.com\/wp-content\/uploads\/2020\/12\/RatioController-9455.jpg","contentUrl":"https:\/\/www.perimeter-solutions.com\/wp-content\/uploads\/2020\/12\/RatioController-9455.jpg"},{"@type":"BreadcrumbList","@id":"https:\/\/www.perimeter-solutions.com\/es\/equipo-de-espuma-contra-incendios\/dispositivos-dosificadores\/#breadcrumb","itemListElement":[{"@type":"ListItem","position":1,"name":"Equipo de espuma contra incendios","item":"https:\/\/www.perimeter-solutions.com\/es\/equipo-de-espuma-contra-incendios\/"},{"@type":"ListItem","position":2,"name":"Dispositivos dosificadores"}]},{"@type":"WebSite","@id":"https:\/\/www.perimeter-solutions.com\/es\/#website","url":"https:\/\/www.perimeter-solutions.com\/es\/","name":"Perimeter Solutions","description":"","publisher":{"@id":"https:\/\/www.perimeter-solutions.com\/es\/#organization"},"potentialAction":[{"@type":"SearchAction","target":{"@type":"EntryPoint","urlTemplate":"https:\/\/www.perimeter-solutions.com\/es\/?s={search_term_string}"},"query-input":{"@type":"PropertyValueSpecification","valueRequired":true,"valueName":"search_term_string"}}],"inLanguage":"es"},{"@type":"Organization","@id":"https:\/\/www.perimeter-solutions.com\/es\/#organization","name":"Perimeter Solutions","url":"https:\/\/www.perimeter-solutions.com\/es\/","logo":{"@type":"ImageObject","inLanguage":"es","@id":"https:\/\/www.perimeter-solutions.com\/es\/#\/schema\/logo\/image\/","url":"https:\/\/www.perimeter-solutions.com\/wp-content\/uploads\/2021\/02\/perimeter-logo-RGB.png","contentUrl":"https:\/\/www.perimeter-solutions.com\/wp-content\/uploads\/2021\/02\/perimeter-logo-RGB.png","width":794,"height":138,"caption":"Perimeter Solutions"},"image":{"@id":"https:\/\/www.perimeter-solutions.com\/es\/#\/schema\/logo\/image\/"}}]}},"_links":{"self":[{"href":"https:\/\/www.perimeter-solutions.com\/es\/wp-json\/wp\/v2\/pages\/25857","targetHints":{"allow":["GET"]}}],"collection":[{"href":"https:\/\/www.perimeter-solutions.com\/es\/wp-json\/wp\/v2\/pages"}],"about":[{"href":"https:\/\/www.perimeter-solutions.com\/es\/wp-json\/wp\/v2\/types\/page"}],"author":[{"embeddable":true,"href":"https:\/\/www.perimeter-solutions.com\/es\/wp-json\/wp\/v2\/users\/3"}],"replies":[{"embeddable":true,"href":"https:\/\/www.perimeter-solutions.com\/es\/wp-json\/wp\/v2\/comments?post=25857"}],"version-history":[{"count":18,"href":"https:\/\/www.perimeter-solutions.com\/es\/wp-json\/wp\/v2\/pages\/25857\/revisions"}],"predecessor-version":[{"id":43599,"href":"https:\/\/www.perimeter-solutions.com\/es\/wp-json\/wp\/v2\/pages\/25857\/revisions\/43599"}],"up":[{"embeddable":true,"href":"https:\/\/www.perimeter-solutions.com\/es\/wp-json\/wp\/v2\/pages\/25802"}],"wp:attachment":[{"href":"https:\/\/www.perimeter-solutions.com\/es\/wp-json\/wp\/v2\/media?parent=25857"}],"curies":[{"name":"wp","href":"https:\/\/api.w.org\/{rel}","templated":true}]}}