{"id":25833,"date":"2020-12-02T14:36:46","date_gmt":"2020-12-02T19:36:46","guid":{"rendered":"https:\/\/www.perimeter-solutions.com\/equipo-de-espuma-contra-incendios\/tanques-del-sistema\/"},"modified":"2024-08-15T10:59:07","modified_gmt":"2024-08-15T14:59:07","slug":"tanques-del-sistema","status":"publish","type":"page","link":"https:\/\/www.perimeter-solutions.com\/es\/equipo-de-espuma-contra-incendios\/tanques-del-sistema\/","title":{"rendered":"Tanques del sistema"},"content":{"rendered":"\t\t<div data-elementor-type=\"wp-page\" data-elementor-id=\"25833\" class=\"elementor elementor-25833 elementor-17661\" data-elementor-post-type=\"page\">\n\t\t\t\t\t\t<section class=\"elementor-section elementor-top-section elementor-element elementor-element-a53ddb9 elementor-section-stretched elementor-section-boxed elementor-section-height-default elementor-section-height-default\" data-id=\"a53ddb9\" data-element_type=\"section\" data-e-type=\"section\" data-settings=\"{&quot;stretch_section&quot;:&quot;section-stretched&quot;,&quot;background_background&quot;:&quot;classic&quot;}\">\n\t\t\t\t\t\t<div class=\"elementor-container elementor-column-gap-default\">\n\t\t\t\t\t<div class=\"elementor-column elementor-col-100 elementor-top-column elementor-element elementor-element-8e1337c\" data-id=\"8e1337c\" data-element_type=\"column\" data-e-type=\"column\">\n\t\t\t<div class=\"elementor-widget-wrap elementor-element-populated\">\n\t\t\t\t\t\t<div class=\"elementor-element elementor-element-3fcef61 elementor-widget elementor-widget-heading\" data-id=\"3fcef61\" data-element_type=\"widget\" data-e-type=\"widget\" data-widget_type=\"heading.default\">\n\t\t\t\t<div class=\"elementor-widget-container\">\n\t\t\t\t\t<h1 class=\"elementor-heading-title elementor-size-default\">Sistemas de dep\u00f3sitos<\/h1>\t\t\t\t<\/div>\n\t\t\t\t<\/div>\n\t\t\t\t\t<\/div>\n\t\t<\/div>\n\t\t\t\t\t<\/div>\n\t\t<\/section>\n\t\t\t\t<section class=\"elementor-section elementor-top-section elementor-element elementor-element-e36f22b elementor-section-boxed elementor-section-height-default elementor-section-height-default\" data-id=\"e36f22b\" data-element_type=\"section\" data-e-type=\"section\" data-settings=\"{&quot;background_background&quot;:&quot;classic&quot;}\">\n\t\t\t\t\t\t\t<div class=\"elementor-background-overlay\"><\/div>\n\t\t\t\t\t\t\t<div class=\"elementor-container elementor-column-gap-default\">\n\t\t\t\t\t<div class=\"elementor-column elementor-col-100 elementor-top-column elementor-element elementor-element-9ead739\" data-id=\"9ead739\" data-element_type=\"column\" data-e-type=\"column\">\n\t\t\t<div class=\"elementor-widget-wrap elementor-element-populated\">\n\t\t\t\t\t\t<section class=\"elementor-section elementor-inner-section elementor-element elementor-element-e8d1fa2 elementor-section-boxed elementor-section-height-default elementor-section-height-default\" data-id=\"e8d1fa2\" data-element_type=\"section\" data-e-type=\"section\">\n\t\t\t\t\t\t<div class=\"elementor-container elementor-column-gap-default\">\n\t\t\t\t\t<div class=\"elementor-column elementor-col-50 elementor-inner-column elementor-element elementor-element-280d082\" data-id=\"280d082\" data-element_type=\"column\" data-e-type=\"column\">\n\t\t\t<div class=\"elementor-widget-wrap elementor-element-populated\">\n\t\t\t\t\t\t<div class=\"elementor-element elementor-element-7081ee5 elementor-widget elementor-widget-text-editor\" data-id=\"7081ee5\" data-element_type=\"widget\" data-e-type=\"widget\" data-widget_type=\"text-editor.default\">\n\t\t\t\t<div class=\"elementor-widget-container\">\n\t\t\t\t\t\t\t\t\t<p>Perimeter Solutions ofrece una amplia variedad de sistemas de dep\u00f3sitos que van desde sistemas de dep\u00f3sitos verticales a horizontales, est\u00e1ndar y preconectados, atmosf\u00e9ricos y de acero inoxidable, as\u00ed como los accesorios que necesitar\u00e1n para su implementaci\u00f3n. Tambi\u00e9n puede contar con Perimeter Solutions para las necesidades de hardware de plataformas de bombeo.<\/p><p>Los sistemas fijos de supresi\u00f3n de espuma de Perimeter Solutions est\u00e1n dise\u00f1ados para proteger aplicaciones de alto riesgo, individuales y m\u00faltiples, que incluyen, entre otros, hangares de aeronaves, sistemas de rociadores de agua y espuma, helipuertos y plataformas de carga de camiones. Los sistemas fijos de supresi\u00f3n de espuma de Perimeter Solutions tambi\u00e9n son compatibles con todos los espum\u00f3genos de Perimeter Solutions.<\/p><p><strong>Dep\u00f3sitos de almacenamiento atmosf\u00e9rico<\/strong><\/p><p>Los dep\u00f3sitos de almacenamiento atmosf\u00e9rico de Perimeter Solutions se utilizan normalmente junto con sistemas de bomba de presi\u00f3n equilibrada o sistemas de dosificaci\u00f3n de presi\u00f3n equilibrada en l\u00ednea. Los dep\u00f3sitos de almacenamiento en s\u00ed est\u00e1n fabricados con polietileno reticulado de alta densidad en una configuraci\u00f3n vertical. Los conjuntos de dep\u00f3sitos de almacenamiento est\u00e1n equipados con una conexi\u00f3n de succi\u00f3n, una conexi\u00f3n de retorno, una conexi\u00f3n de drenaje \/ llenado y una parte superior en forma de c\u00fapula. Los dep\u00f3sitos atmosf\u00e9ricos de almacenamiento de espum\u00f3geno de Perimeter Solutions est\u00e1n disponibles en tama\u00f1os est\u00e1ndar o personalizados seg\u00fan sus especificaciones. Los tama\u00f1os var\u00edan de 100 a 10,000 galones (18 a 37854 litros).<\/p><p><strong>Dep\u00f3sitos de membrana<\/strong><\/p><p>Los dep\u00f3sitos de membrana de Perimeter Solutions son el componente principal en un sistema de proporci\u00f3n de presi\u00f3n equilibrada, que no requiere una fuente de energ\u00eda externa m\u00e1s all\u00e1 de un suministro de agua adecuado. El dep\u00f3sito de membrana de Perimeter Solutions es un recipiente a presi\u00f3n de acero al carbono con una membrana de caucho de neopreno reforzado con nailon que almacena el espum\u00f3geno. Durante la operaci\u00f3n, el espum\u00f3geno se descarga del tanque por el suministro de agua, colapsando la membrana alrededor del tubo central perforado hasta que se agota el concentrado. Los tanques de vejiga de Perimeter Solutions est\u00e1n disponibles en configuraciones est\u00e1ndar y preconectadas, versiones verticales y horizontales, y est\u00e1n disponibles en varios tama\u00f1os que van desde 50 a 3300 galones (189 a 12492 litros).<\/p><p><strong>Membranas de repuesto<\/strong><\/p><p>Perimeter Solutions ofrece membranas de repuesto que se utilizan en los sistemas de dep\u00f3sitos de membrana. El material de nuestras membranas ofrece los m\u00e1s altos est\u00e1ndares de calidad, resistencia, flexibilidad y durabilidad.<\/p><p>\u00a0<\/p><p><strong>V\u00e1lvulas accesorias del sistema de espuma<\/strong><\/p><p>Las v\u00e1lvulas de retenci\u00f3n oscilantes de Perimeter Solutions est\u00e1n disponibles para su uso con la mayor\u00eda de los sistemas de espuma de los dep\u00f3sitos de membrana. Todas las v\u00e1lvulas son de acero inoxidable o lat\u00f3n y tienen conexiones NPT con una presi\u00f3n m\u00e1xima de trabajo de 200 psi (14 bar).<\/p><p>Las v\u00e1lvulas de control de bola de aislamiento de concentrado y entrada de agua se utilizan con el hardware de los sistemas de espuma Perimeter Solutions. Ambos estilos de v\u00e1lvulas son de construcci\u00f3n de acero inoxidable, asientos RTFE, sellos de PTFE y conexiones roscadas NPT.<\/p><p>La mini v\u00e1lvula reductora de presi\u00f3n (PRV) de Perimeter Solutions est\u00e1 dise\u00f1ada para reducir la presi\u00f3n del agua entrante a un nivel sensible para proteger los componentes del sistema de espuma. La PRV est\u00e1 construida con un cuerpo de lat\u00f3n, v\u00e1stago y resorte de acero inoxidable, asientos y diafragma de Buna-N.<\/p><p><strong>V\u00e1lvulas de bola de concentrado hidr\u00e1ulico<\/strong><\/p><p>Las v\u00e1lvulas de bola de concentrado hidr\u00e1ulico de Perimeter Solutions vienen en tama\u00f1os est\u00e1ndar que van desde 1.0 pulg. A 2.5 pulg. (DN25-DN65) para coincidir con el tama\u00f1o de la rosca de entrada de concentrado (o brida) en los conjuntos de dosificadores de Perimeter Solutions y dosificadores de presi\u00f3n balanceada en l\u00ednea (ILBP). Cada v\u00e1lvula de bola consta de una v\u00e1lvula de bola de bronce o acero inoxidable ensamblada y probada en f\u00e1brica, un actuador hidr\u00e1ulico de acero inoxidable y un kit de montaje que conecta el actuador a la v\u00e1lvula de bola. El actuador tiene un indicador de posici\u00f3n para reinicio manual.<\/p>\t\t\t\t\t\t\t\t<\/div>\n\t\t\t\t<\/div>\n\t\t\t\t\t<\/div>\n\t\t<\/div>\n\t\t\t\t<div class=\"elementor-column elementor-col-50 elementor-inner-column elementor-element elementor-element-d05ef15\" data-id=\"d05ef15\" data-element_type=\"column\" data-e-type=\"column\">\n\t\t\t<div class=\"elementor-widget-wrap elementor-element-populated\">\n\t\t\t\t\t\t<div class=\"elementor-element elementor-element-d5454f1 elementor-widget elementor-widget-text-editor\" data-id=\"d5454f1\" data-element_type=\"widget\" data-e-type=\"widget\" data-widget_type=\"text-editor.default\">\n\t\t\t\t<div class=\"elementor-widget-container\">\n\t\t\t\t\t\t\t\t\t<p><strong>ATMOSF\u00c9RICO<br \/><\/strong><a href=\"https:\/\/www.perimeter-solutions.com\/wp-content\/uploads\/2021\/02\/SOLB_Atmospheric-Tanks-F-2011016-2.pdf\" target=\"_blank\" rel=\"noopener\">Dep\u00f3sitos atmosf\u00e9ricos<\/a><\/p>\n<p><strong>DEP\u00d3SITO<br \/><\/strong><a href=\"https:\/\/www.perimeter-solutions.com\/wp-content\/uploads\/2021\/02\/Bladder-Tanks-F-2011017_8-1-LETTER.pdf\" target=\"_blank\" rel=\"noopener\">Dep\u00f3sitos de vejiga<\/a><br \/><a href=\"https:\/\/www.perimeter-solutions.com\/wp-content\/uploads\/2021\/02\/Pre-Piped-Bladder-F-2011018-5.pdf\" target=\"_blank\" rel=\"noopener\">Vejiga pretuberizada<\/a><br \/><a href=\"https:\/\/www.perimeter-solutions.com\/wp-content\/uploads\/2024\/02\/PERI-MAG-Replacement-Bladders-01-LETTER.pdf\">Vejiga de repuesto<\/a><\/p>\n<p><strong>ACCESORIO<br \/><\/strong><a href=\"https:\/\/www.perimeter-solutions.com\/wp-content\/uploads\/2021\/02\/SOLB-Foam-System-Accessory-Valves-2013002-3-1.pdf\" target=\"_blank\" rel=\"noopener\">V\u00e1lvulas accesorias del sistema de espuma<\/a><\/p>\n<p><strong>HIDR\u00c1ULICO<br \/><\/strong><a href=\"https:\/\/www.perimeter-solutions.com\/wp-content\/uploads\/2021\/02\/SOLB_Hydraulic-Concentrate-Ball-Valve-F-2013001-3-LETTER.pdf\" target=\"_blank\" rel=\"noopener\">V\u00e1lvula de bola para concentrado hidr\u00e1ulico<\/a><\/p>\n\t\t\t\t\t\t\t\t<\/div>\n\t\t\t\t<\/div>\n\t\t\t\t<div class=\"elementor-element elementor-element-23a9b3b elementor-widget elementor-widget-image\" data-id=\"23a9b3b\" data-element_type=\"widget\" data-e-type=\"widget\" data-widget_type=\"image.default\">\n\t\t\t\t<div class=\"elementor-widget-container\">\n\t\t\t\t\t\t\t\t\t\t\t\t\t\t\t<img fetchpriority=\"high\" decoding=\"async\" width=\"800\" height=\"676\" src=\"https:\/\/www.perimeter-solutions.com\/wp-content\/uploads\/2020\/12\/Solbeg-PrePipedBladderTankHz.jpg\" class=\"attachment-large size-large wp-image-25835\" alt=\"\" \/>\t\t\t\t\t\t\t\t\t\t\t\t\t\t\t<\/div>\n\t\t\t\t<\/div>\n\t\t\t\t\t<\/div>\n\t\t<\/div>\n\t\t\t\t\t<\/div>\n\t\t<\/section>\n\t\t\t\t\t<\/div>\n\t\t<\/div>\n\t\t\t\t\t<\/div>\n\t\t<\/section>\n\t\t\t\t<\/div>\n\t\t","protected":false},"excerpt":{"rendered":"<p>Sistemas de dep\u00f3sitos Perimeter Solutions ofrece una amplia variedad de sistemas de dep\u00f3sitos que van desde sistemas de dep\u00f3sitos verticales a horizontales, est\u00e1ndar y preconectados, atmosf\u00e9ricos y de acero inoxidable, [&hellip;]<\/p>\n","protected":false},"author":3,"featured_media":0,"parent":25802,"menu_order":0,"comment_status":"closed","ping_status":"closed","template":"","meta":{"_acf_changed":false,"footnotes":""},"class_list":["post-25833","page","type-page","status-publish","hentry"],"acf":[],"yoast_head":"<!-- This site is optimized with the Yoast SEO Premium plugin v21.9 (Yoast SEO v23.5) - https:\/\/yoast.com\/wordpress\/plugins\/seo\/ -->\n<title>Tanques del sistema - Perimeter Solutions<\/title>\n<meta name=\"description\" content=\"Perimeter Solutions ofrece una amplia variedad de Dep\u00f3sitos de Sistema de Supresi\u00f3n de Espuma, as\u00ed como los accesorios que necesitar\u00e1s para acompa\u00f1arlos.\" \/>\n<meta name=\"robots\" content=\"index, follow, max-snippet:-1, max-image-preview:large, max-video-preview:-1\" \/>\n<link rel=\"canonical\" href=\"https:\/\/www.perimeter-solutions.com\/es\/equipo-de-espuma-contra-incendios\/tanques-del-sistema\/\" \/>\n<meta property=\"og:locale\" content=\"es_ES\" \/>\n<meta property=\"og:type\" content=\"article\" \/>\n<meta property=\"og:title\" content=\"Tanques del sistema\" \/>\n<meta property=\"og:description\" content=\"Perimeter Solutions ofrece una amplia variedad de Dep\u00f3sitos de Sistema de Supresi\u00f3n de Espuma, as\u00ed como los accesorios que necesitar\u00e1s para acompa\u00f1arlos.\" \/>\n<meta property=\"og:url\" content=\"https:\/\/www.perimeter-solutions.com\/es\/equipo-de-espuma-contra-incendios\/tanques-del-sistema\/\" \/>\n<meta property=\"og:site_name\" content=\"Perimeter Solutions\" \/>\n<meta property=\"article:modified_time\" content=\"2024-08-15T14:59:07+00:00\" \/>\n<meta property=\"og:image\" content=\"https:\/\/www.perimeter-solutions.com\/wp-content\/uploads\/2020\/12\/Solbeg-PrePipedBladderTankHz.jpg\" \/>\n<meta name=\"twitter:card\" content=\"summary_large_image\" \/>\n<meta name=\"twitter:label1\" content=\"Tiempo de lectura\" \/>\n\t<meta name=\"twitter:data1\" content=\"4 minutos\" \/>\n<script type=\"application\/ld+json\" class=\"yoast-schema-graph\">{\"@context\":\"https:\/\/schema.org\",\"@graph\":[{\"@type\":\"WebPage\",\"@id\":\"https:\/\/www.perimeter-solutions.com\/es\/equipo-de-espuma-contra-incendios\/tanques-del-sistema\/\",\"url\":\"https:\/\/www.perimeter-solutions.com\/es\/equipo-de-espuma-contra-incendios\/tanques-del-sistema\/\",\"name\":\"Tanques del sistema - Perimeter Solutions\",\"isPartOf\":{\"@id\":\"https:\/\/www.perimeter-solutions.com\/es\/#website\"},\"primaryImageOfPage\":{\"@id\":\"https:\/\/www.perimeter-solutions.com\/es\/equipo-de-espuma-contra-incendios\/tanques-del-sistema\/#primaryimage\"},\"image\":{\"@id\":\"https:\/\/www.perimeter-solutions.com\/es\/equipo-de-espuma-contra-incendios\/tanques-del-sistema\/#primaryimage\"},\"thumbnailUrl\":\"https:\/\/www.perimeter-solutions.com\/wp-content\/uploads\/2020\/12\/Solbeg-PrePipedBladderTankHz.jpg\",\"datePublished\":\"2020-12-02T19:36:46+00:00\",\"dateModified\":\"2024-08-15T14:59:07+00:00\",\"description\":\"Perimeter Solutions ofrece una amplia variedad de Dep\u00f3sitos de Sistema de Supresi\u00f3n de Espuma, as\u00ed como los accesorios que necesitar\u00e1s para acompa\u00f1arlos.\",\"breadcrumb\":{\"@id\":\"https:\/\/www.perimeter-solutions.com\/es\/equipo-de-espuma-contra-incendios\/tanques-del-sistema\/#breadcrumb\"},\"inLanguage\":\"es\",\"potentialAction\":[{\"@type\":\"ReadAction\",\"target\":[\"https:\/\/www.perimeter-solutions.com\/es\/equipo-de-espuma-contra-incendios\/tanques-del-sistema\/\"]}]},{\"@type\":\"ImageObject\",\"inLanguage\":\"es\",\"@id\":\"https:\/\/www.perimeter-solutions.com\/es\/equipo-de-espuma-contra-incendios\/tanques-del-sistema\/#primaryimage\",\"url\":\"https:\/\/www.perimeter-solutions.com\/wp-content\/uploads\/2020\/12\/Solbeg-PrePipedBladderTankHz.jpg\",\"contentUrl\":\"https:\/\/www.perimeter-solutions.com\/wp-content\/uploads\/2020\/12\/Solbeg-PrePipedBladderTankHz.jpg\"},{\"@type\":\"BreadcrumbList\",\"@id\":\"https:\/\/www.perimeter-solutions.com\/es\/equipo-de-espuma-contra-incendios\/tanques-del-sistema\/#breadcrumb\",\"itemListElement\":[{\"@type\":\"ListItem\",\"position\":1,\"name\":\"Equipo de espuma contra incendios\",\"item\":\"https:\/\/www.perimeter-solutions.com\/es\/equipo-de-espuma-contra-incendios\/\"},{\"@type\":\"ListItem\",\"position\":2,\"name\":\"Tanques del sistema\"}]},{\"@type\":\"WebSite\",\"@id\":\"https:\/\/www.perimeter-solutions.com\/es\/#website\",\"url\":\"https:\/\/www.perimeter-solutions.com\/es\/\",\"name\":\"Perimeter Solutions\",\"description\":\"\",\"publisher\":{\"@id\":\"https:\/\/www.perimeter-solutions.com\/es\/#organization\"},\"potentialAction\":[{\"@type\":\"SearchAction\",\"target\":{\"@type\":\"EntryPoint\",\"urlTemplate\":\"https:\/\/www.perimeter-solutions.com\/es\/?s={search_term_string}\"},\"query-input\":{\"@type\":\"PropertyValueSpecification\",\"valueRequired\":true,\"valueName\":\"search_term_string\"}}],\"inLanguage\":\"es\"},{\"@type\":\"Organization\",\"@id\":\"https:\/\/www.perimeter-solutions.com\/es\/#organization\",\"name\":\"Perimeter Solutions\",\"url\":\"https:\/\/www.perimeter-solutions.com\/es\/\",\"logo\":{\"@type\":\"ImageObject\",\"inLanguage\":\"es\",\"@id\":\"https:\/\/www.perimeter-solutions.com\/es\/#\/schema\/logo\/image\/\",\"url\":\"https:\/\/www.perimeter-solutions.com\/wp-content\/uploads\/2021\/02\/perimeter-logo-RGB.png\",\"contentUrl\":\"https:\/\/www.perimeter-solutions.com\/wp-content\/uploads\/2021\/02\/perimeter-logo-RGB.png\",\"width\":794,\"height\":138,\"caption\":\"Perimeter Solutions\"},\"image\":{\"@id\":\"https:\/\/www.perimeter-solutions.com\/es\/#\/schema\/logo\/image\/\"}}]}<\/script>\n<!-- \/ Yoast SEO Premium plugin. -->","yoast_head_json":{"title":"Tanques del sistema - Perimeter Solutions","description":"Perimeter Solutions ofrece una amplia variedad de Dep\u00f3sitos de Sistema de Supresi\u00f3n de Espuma, as\u00ed como los accesorios que necesitar\u00e1s para acompa\u00f1arlos.","robots":{"index":"index","follow":"follow","max-snippet":"max-snippet:-1","max-image-preview":"max-image-preview:large","max-video-preview":"max-video-preview:-1"},"canonical":"https:\/\/www.perimeter-solutions.com\/es\/equipo-de-espuma-contra-incendios\/tanques-del-sistema\/","og_locale":"es_ES","og_type":"article","og_title":"Tanques del sistema","og_description":"Perimeter Solutions ofrece una amplia variedad de Dep\u00f3sitos de Sistema de Supresi\u00f3n de Espuma, as\u00ed como los accesorios que necesitar\u00e1s para acompa\u00f1arlos.","og_url":"https:\/\/www.perimeter-solutions.com\/es\/equipo-de-espuma-contra-incendios\/tanques-del-sistema\/","og_site_name":"Perimeter Solutions","article_modified_time":"2024-08-15T14:59:07+00:00","og_image":[{"url":"https:\/\/www.perimeter-solutions.com\/wp-content\/uploads\/2020\/12\/Solbeg-PrePipedBladderTankHz.jpg"}],"twitter_card":"summary_large_image","twitter_misc":{"Tiempo de lectura":"4 minutos"},"schema":{"@context":"https:\/\/schema.org","@graph":[{"@type":"WebPage","@id":"https:\/\/www.perimeter-solutions.com\/es\/equipo-de-espuma-contra-incendios\/tanques-del-sistema\/","url":"https:\/\/www.perimeter-solutions.com\/es\/equipo-de-espuma-contra-incendios\/tanques-del-sistema\/","name":"Tanques del sistema - Perimeter Solutions","isPartOf":{"@id":"https:\/\/www.perimeter-solutions.com\/es\/#website"},"primaryImageOfPage":{"@id":"https:\/\/www.perimeter-solutions.com\/es\/equipo-de-espuma-contra-incendios\/tanques-del-sistema\/#primaryimage"},"image":{"@id":"https:\/\/www.perimeter-solutions.com\/es\/equipo-de-espuma-contra-incendios\/tanques-del-sistema\/#primaryimage"},"thumbnailUrl":"https:\/\/www.perimeter-solutions.com\/wp-content\/uploads\/2020\/12\/Solbeg-PrePipedBladderTankHz.jpg","datePublished":"2020-12-02T19:36:46+00:00","dateModified":"2024-08-15T14:59:07+00:00","description":"Perimeter Solutions ofrece una amplia variedad de Dep\u00f3sitos de Sistema de Supresi\u00f3n de Espuma, as\u00ed como los accesorios que necesitar\u00e1s para acompa\u00f1arlos.","breadcrumb":{"@id":"https:\/\/www.perimeter-solutions.com\/es\/equipo-de-espuma-contra-incendios\/tanques-del-sistema\/#breadcrumb"},"inLanguage":"es","potentialAction":[{"@type":"ReadAction","target":["https:\/\/www.perimeter-solutions.com\/es\/equipo-de-espuma-contra-incendios\/tanques-del-sistema\/"]}]},{"@type":"ImageObject","inLanguage":"es","@id":"https:\/\/www.perimeter-solutions.com\/es\/equipo-de-espuma-contra-incendios\/tanques-del-sistema\/#primaryimage","url":"https:\/\/www.perimeter-solutions.com\/wp-content\/uploads\/2020\/12\/Solbeg-PrePipedBladderTankHz.jpg","contentUrl":"https:\/\/www.perimeter-solutions.com\/wp-content\/uploads\/2020\/12\/Solbeg-PrePipedBladderTankHz.jpg"},{"@type":"BreadcrumbList","@id":"https:\/\/www.perimeter-solutions.com\/es\/equipo-de-espuma-contra-incendios\/tanques-del-sistema\/#breadcrumb","itemListElement":[{"@type":"ListItem","position":1,"name":"Equipo de espuma contra incendios","item":"https:\/\/www.perimeter-solutions.com\/es\/equipo-de-espuma-contra-incendios\/"},{"@type":"ListItem","position":2,"name":"Tanques del sistema"}]},{"@type":"WebSite","@id":"https:\/\/www.perimeter-solutions.com\/es\/#website","url":"https:\/\/www.perimeter-solutions.com\/es\/","name":"Perimeter Solutions","description":"","publisher":{"@id":"https:\/\/www.perimeter-solutions.com\/es\/#organization"},"potentialAction":[{"@type":"SearchAction","target":{"@type":"EntryPoint","urlTemplate":"https:\/\/www.perimeter-solutions.com\/es\/?s={search_term_string}"},"query-input":{"@type":"PropertyValueSpecification","valueRequired":true,"valueName":"search_term_string"}}],"inLanguage":"es"},{"@type":"Organization","@id":"https:\/\/www.perimeter-solutions.com\/es\/#organization","name":"Perimeter Solutions","url":"https:\/\/www.perimeter-solutions.com\/es\/","logo":{"@type":"ImageObject","inLanguage":"es","@id":"https:\/\/www.perimeter-solutions.com\/es\/#\/schema\/logo\/image\/","url":"https:\/\/www.perimeter-solutions.com\/wp-content\/uploads\/2021\/02\/perimeter-logo-RGB.png","contentUrl":"https:\/\/www.perimeter-solutions.com\/wp-content\/uploads\/2021\/02\/perimeter-logo-RGB.png","width":794,"height":138,"caption":"Perimeter Solutions"},"image":{"@id":"https:\/\/www.perimeter-solutions.com\/es\/#\/schema\/logo\/image\/"}}]}},"_links":{"self":[{"href":"https:\/\/www.perimeter-solutions.com\/es\/wp-json\/wp\/v2\/pages\/25833","targetHints":{"allow":["GET"]}}],"collection":[{"href":"https:\/\/www.perimeter-solutions.com\/es\/wp-json\/wp\/v2\/pages"}],"about":[{"href":"https:\/\/www.perimeter-solutions.com\/es\/wp-json\/wp\/v2\/types\/page"}],"author":[{"embeddable":true,"href":"https:\/\/www.perimeter-solutions.com\/es\/wp-json\/wp\/v2\/users\/3"}],"replies":[{"embeddable":true,"href":"https:\/\/www.perimeter-solutions.com\/es\/wp-json\/wp\/v2\/comments?post=25833"}],"version-history":[{"count":11,"href":"https:\/\/www.perimeter-solutions.com\/es\/wp-json\/wp\/v2\/pages\/25833\/revisions"}],"predecessor-version":[{"id":43602,"href":"https:\/\/www.perimeter-solutions.com\/es\/wp-json\/wp\/v2\/pages\/25833\/revisions\/43602"}],"up":[{"embeddable":true,"href":"https:\/\/www.perimeter-solutions.com\/es\/wp-json\/wp\/v2\/pages\/25802"}],"wp:attachment":[{"href":"https:\/\/www.perimeter-solutions.com\/es\/wp-json\/wp\/v2\/media?parent=25833"}],"curies":[{"name":"wp","href":"https:\/\/api.w.org\/{rel}","templated":true}]}}