{"id":25244,"date":"2020-11-26T05:10:55","date_gmt":"2020-11-26T10:10:55","guid":{"rendered":"https:\/\/www.perimeter-solutions.com\/espuma-de-clase-b\/"},"modified":"2024-08-15T11:33:53","modified_gmt":"2024-08-15T15:33:53","slug":"espumogeno-clase-b","status":"publish","type":"page","link":"https:\/\/www.perimeter-solutions.com\/es\/espumogeno-clase-b\/","title":{"rendered":"Espum\u00f3geno (clase B)"},"content":{"rendered":"\t\t<div data-elementor-type=\"wp-page\" data-elementor-id=\"25244\" class=\"elementor elementor-25244 elementor-17093\" data-elementor-post-type=\"page\">\n\t\t\t\t\t\t<section class=\"elementor-section elementor-top-section elementor-element elementor-element-a53ddb9 elementor-section-stretched elementor-section-boxed elementor-section-height-default elementor-section-height-default\" data-id=\"a53ddb9\" data-element_type=\"section\" data-e-type=\"section\" data-settings=\"{&quot;stretch_section&quot;:&quot;section-stretched&quot;,&quot;background_background&quot;:&quot;classic&quot;}\">\n\t\t\t\t\t\t<div class=\"elementor-container elementor-column-gap-default\">\n\t\t\t\t\t<div class=\"elementor-column elementor-col-100 elementor-top-column elementor-element elementor-element-8e1337c\" data-id=\"8e1337c\" data-element_type=\"column\" data-e-type=\"column\">\n\t\t\t<div class=\"elementor-widget-wrap elementor-element-populated\">\n\t\t\t\t\t\t<div class=\"elementor-element elementor-element-3fcef61 elementor-widget elementor-widget-heading\" data-id=\"3fcef61\" data-element_type=\"widget\" data-e-type=\"widget\" data-widget_type=\"heading.default\">\n\t\t\t\t<div class=\"elementor-widget-container\">\n\t\t\t\t\t<h1 class=\"elementor-heading-title elementor-size-default\">L\u00edderes en Innovaci\u00f3n Sin Fl\u00faor<\/h1>\t\t\t\t<\/div>\n\t\t\t\t<\/div>\n\t\t\t\t\t<\/div>\n\t\t<\/div>\n\t\t\t\t\t<\/div>\n\t\t<\/section>\n\t\t\t\t<section class=\"elementor-section elementor-top-section elementor-element elementor-element-1d85fab elementor-section-boxed elementor-section-height-default elementor-section-height-default\" data-id=\"1d85fab\" data-element_type=\"section\" data-e-type=\"section\">\n\t\t\t\t\t\t<div class=\"elementor-container elementor-column-gap-default\">\n\t\t\t\t\t<div class=\"elementor-column elementor-col-100 elementor-top-column elementor-element elementor-element-575bebd\" data-id=\"575bebd\" data-element_type=\"column\" data-e-type=\"column\">\n\t\t\t<div class=\"elementor-widget-wrap elementor-element-populated\">\n\t\t\t\t\t\t<div class=\"elementor-element elementor-element-5fc88b2 elementor-widget elementor-widget-heading\" data-id=\"5fc88b2\" data-element_type=\"widget\" data-e-type=\"widget\" data-widget_type=\"heading.default\">\n\t\t\t\t<div class=\"elementor-widget-container\">\n\t\t\t\t\t<h2 class=\"elementor-heading-title elementor-size-default\">Espum\u00f3geno (clase B) Ofrendas<\/h2>\t\t\t\t<\/div>\n\t\t\t\t<\/div>\n\t\t\t\t<div class=\"elementor-element elementor-element-ca0f6c0 elementor-widget elementor-widget-text-editor\" data-id=\"ca0f6c0\" data-element_type=\"widget\" data-e-type=\"widget\" data-widget_type=\"text-editor.default\">\n\t\t\t\t<div class=\"elementor-widget-container\">\n\t\t\t\t\t\t\t\t\t<p>The chart below can help you gain information on Perimeter Solutions complete line of Class B firefighting foam concentrates.<\/p>\n<p><strong>Please consult with your regulatory expert to understand the restrictions and regulations that may be applicable to your state or locality with regards to the sale and distribution of Class B firefighting foams.<\/strong><\/p>\n\t\t\t\t\t\t\t\t<\/div>\n\t\t\t\t<\/div>\n\t\t\t\t<div class=\"elementor-element elementor-element-3d762af elementor-widget-divider--view-line_icon elementor-view-default elementor-widget-divider--element-align-center elementor-widget elementor-widget-global elementor-global-39849 elementor-widget-divider\" data-id=\"3d762af\" data-element_type=\"widget\" data-e-type=\"widget\" data-widget_type=\"divider.default\">\n\t\t\t\t<div class=\"elementor-widget-container\">\n\t\t\t\t\t\t\t<div class=\"elementor-divider\">\n\t\t\t<span class=\"elementor-divider-separator\">\n\t\t\t\t\t\t\t<div class=\"elementor-icon elementor-divider__element\">\n\t\t\t\t\t<svg xmlns=\"http:\/\/www.w3.org\/2000\/svg\" xmlns:xlink=\"http:\/\/www.w3.org\/1999\/xlink\" id=\"Layer_1\" x=\"0px\" y=\"0px\" viewBox=\"0 0 76.3 54\" style=\"enable-background:new 0 0 76.3 54;\" xml:space=\"preserve\"><style type=\"text\/css\">\t.st0{fill:#FD7713;}\t.st1{fill:#FDB913;}\t.st2{fill:#E71B2B;}<\/style><polygon class=\"st0\" points=\"15.9,35.7 10.9,44.4 16.6,44.4 21.6,35.7 \"><\/polygon><polygon class=\"st1\" points=\"7.1,35.7 2,44.4 7.8,44.4 12.8,35.7 \"><\/polygon><path class=\"st2\" d=\"M72.4,31.9L57.5,6.1c-2.2-3.8-7.7-3.8-10,0L30.4,35.7h-5.7l-5,8.7h5.7l-3.7,6.5h10l3.7-6.5h0l5-8.7h0l12-20.9 l12,20.9H52.9c-5.2,0-9.2,3.5-11.2,8.7h23.5C71.6,44.4,75.6,37.5,72.4,31.9z\"><\/path><\/svg><\/div>\n\t\t\t\t\t\t<\/span>\n\t\t<\/div>\n\t\t\t\t\t\t<\/div>\n\t\t\t\t<\/div>\n\t\t\t\t<div class=\"elementor-element elementor-element-47d710a elementor-widget elementor-widget-heading\" data-id=\"47d710a\" data-element_type=\"widget\" data-e-type=\"widget\" data-widget_type=\"heading.default\">\n\t\t\t\t<div class=\"elementor-widget-container\">\n\t\t\t\t\t<h3 class=\"elementor-heading-title elementor-size-default\">Fluorine-Free Foam Concentrates<\/h3>\t\t\t\t<\/div>\n\t\t\t\t<\/div>\n\t\t\t\t<div class=\"elementor-element elementor-element-d39aba8 elementor-widget elementor-widget-heading\" data-id=\"d39aba8\" data-element_type=\"widget\" data-e-type=\"widget\" data-widget_type=\"heading.default\">\n\t\t\t\t<div class=\"elementor-widget-container\">\n\t\t\t\t\t<h3 class=\"elementor-heading-title elementor-size-default\">Fluorinated Foam Concentrates<\/h3>\t\t\t\t<\/div>\n\t\t\t\t<\/div>\n\t\t\t\t<div class=\"elementor-element elementor-element-73c181a elementor-widget elementor-widget-heading\" data-id=\"73c181a\" data-element_type=\"widget\" data-e-type=\"widget\" data-widget_type=\"heading.default\">\n\t\t\t\t<div class=\"elementor-widget-container\">\n\t\t\t\t\t<h4 class=\"elementor-heading-title elementor-size-default\">Help Me Decide<\/h4>\t\t\t\t<\/div>\n\t\t\t\t<\/div>\n\t\t\t\t<div class=\"elementor-element elementor-element-67ea88c elementor-widget elementor-widget-text-editor\" data-id=\"67ea88c\" data-element_type=\"widget\" data-e-type=\"widget\" data-widget_type=\"text-editor.default\">\n\t\t\t\t<div class=\"elementor-widget-container\">\n\t\t\t\t\t\t\t\t\t<p><strong>If you are unable to find your product, or to explore all of our product offerings please consult our product selector.<\/strong><\/p>\n\t\t\t\t\t\t\t\t<\/div>\n\t\t\t\t<\/div>\n\t\t\t\t<div class=\"elementor-element elementor-element-fd28b4b elementor-widget elementor-widget-button\" data-id=\"fd28b4b\" data-element_type=\"widget\" data-e-type=\"widget\" data-widget_type=\"button.default\">\n\t\t\t\t<div class=\"elementor-widget-container\">\n\t\t\t\t\t\t\t\t\t<div class=\"elementor-button-wrapper\">\n\t\t\t\t\t<a class=\"elementor-button elementor-button-link elementor-size-sm\" href=\"https:\/\/www.perimeter-solutions.com\/product-catalog\/\">\n\t\t\t\t\t\t<span class=\"elementor-button-content-wrapper\">\n\t\t\t\t\t\t\t\t\t<span class=\"elementor-button-text\">Product Selector<\/span>\n\t\t\t\t\t<\/span>\n\t\t\t\t\t<\/a>\n\t\t\t\t<\/div>\n\t\t\t\t\t\t\t\t<\/div>\n\t\t\t\t<\/div>\n\t\t\t\t<div class=\"elementor-element elementor-element-978073a elementor-widget elementor-widget-text-editor\" data-id=\"978073a\" data-element_type=\"widget\" data-e-type=\"widget\" data-widget_type=\"text-editor.default\">\n\t\t\t\t<div class=\"elementor-widget-container\">\n\t\t\t\t\t\t\t\t\t<p>Perimeter Solutions ofrece una de las gamas m\u00e1s amplias de espum\u00f3genos Clase B del mercado, con una gama est\u00e1ndar que se adapta a la mayor\u00eda de las aplicaciones. Al mismo tiempo, tambi\u00e9n ofrecemos productos que est\u00e1n dise\u00f1ados para satisfacer normativas y de aplicaciones muy espec\u00edficas. \u00c9stos incluyen:<\/p><ul><li>Alternativas protegidas contra congelaci\u00f3n<\/li><li>Viscosidades especiales: est\u00e1ndar, newtoniana, pseudopl\u00e1stica.<\/li><li>Versiones con certificaci\u00f3n especiales<\/li><li>Productos qu\u00edmicos novedosos y espum\u00f3genos dise\u00f1ados a medida<\/li><\/ul><p>Si est\u00e1 interesado en productos o caracter\u00edsticas espec\u00edficas, comun\u00edquese con su representante de Perimeter Solutions.<\/p>\t\t\t\t\t\t\t\t<\/div>\n\t\t\t\t<\/div>\n\t\t\t\t<div class=\"elementor-element elementor-element-d5454f1 elementor-widget elementor-widget-text-editor\" data-id=\"d5454f1\" data-element_type=\"widget\" data-e-type=\"widget\" data-widget_type=\"text-editor.default\">\n\t\t\t\t<div class=\"elementor-widget-container\">\n\t\t\t\t\t\t\t\t\t<p>Los fuegos de l\u00edquidos inflamables y combustibles (combustibles de Clase B) requieren espumas dise\u00f1adas para una extinci\u00f3n r\u00e1pida junto con la generaci\u00f3n de una capa de espuma segura para evitar que se vuelvan a activar. Es importante que la espuma tenga una buena resistencia al reencendido para minimizar la propagaci\u00f3n del fuego desde las \u00e1reas donde la capa de espuma se haya visto m\u00e1s comprometida. La integridad de la espuma a menudo se puede ver comprometida por la ca\u00edda de escombros o el movimiento de los bomberos y su posterior arrastre de la manguera o por equipos atravesados en flujo de la capa de espuma.<\/p><p>En los \u00faltimos quince a\u00f1os, muchos de los gobiernos de distintas partes del mundo han seguido aprobando leyes que proh\u00edben o restringen el uso de espumas que contienen sustancias fluoradas (PFAS) en espumas (AFFF). Perimeter Solutions ha estado desarrollando, comercializando y vendiendo alternativas sin fl\u00faor durante los \u00faltimos veinte a\u00f1os y ofrecemos una de las carteras m\u00e1s amplias y tecnol\u00f3gicamente m\u00e1s avanzadas del mundo en espum\u00f3genos Clase B, tanto de las nuevas espumas sin fl\u00faor como de los tradicionales AFFF\u2019s. Nuestra gama de productos libre de fl\u00faor incluye espum\u00f3genos para la extinci\u00f3n de de hidrocarburos, espum\u00f3genos resistentes al alcohol para incendios de combustibles polares, espuma de entrenamiento, espumas especiales y una l\u00ednea completa de concentrados de espuma Clase A. Nuestras espumas sin fl\u00faor no contienen sustancias qu\u00edmicas persistentes a\u00f1adidas intencionalmente, como las sustancias PFAS, incluidos los siloxanos, PFOS o PFOA.<\/p><p>La espuma sin fl\u00faor sella la superficie del combustible suprimiendo la liberaci\u00f3n de vapor y separando el combustible y el aire para extinguir el fuego. Los concentrados de tipo anti alcohol (AR o ATC) est\u00e1n dise\u00f1ados espec\u00edficamente con aditivos que evitan que el solvente polar extraiga agua de las burbujas de espuma y destruya la capa. Las espumas sin fl\u00faor de Perimeter Solutions est\u00e1n disponibles con distintas dosificaciones (1%, 3% o 6%), viscosidad y puntos de congelaci\u00f3n.<br \/>Perimeter Solutions tambi\u00e9n fabrica espumas formadoras de pel\u00edcula acuosa (AFFF) y AFFF resistentes al alcohol (AR-AFFF); disponibles en distintas dosificaciones (1%, 3% o 6%), viscosidades y puntos de congelaci\u00f3n.<br \/>Seleccionar el producto adecuado para su aplicaci\u00f3n es esencial. Las espumas clase B se utilizan normalmente en plantas qu\u00edmicas y petroqu\u00edmicas, refiner\u00edas, instalaciones de almacenamiento de petr\u00f3leo y gas, instalaciones de almacenamiento de l\u00edquidos inflamables, aeropuertos y en cualquier lugar donde se almacenen o utilicen l\u00edquidos inflamables.<br \/>El siguiente cuadro puede ayudarte a obtener informaci\u00f3n sobre la l\u00ednea completa de Perimeter Solutions de espumas contra incendios Clase B.<\/p><p>En los \u00faltimos quince a\u00f1os, muchos de los gobiernos de distintas partes del mundo han seguido aprobando leyes que proh\u00edben o restringen el uso de espumas que contienen sustancias fluoradas (PFAS) en espumas (AFFF). Perimeter Solutions ha estado desarrollando, comercializando y vendiendo alternativas sin fl\u00faor durante los \u00faltimos veinte a\u00f1os y ofrecemos una de las carteras m\u00e1s amplias y tecnol\u00f3gicamente m\u00e1s avanzadas del mundo en espum\u00f3genos Clase B, tanto de las nuevas espumas sin fl\u00faor como de los tradicionales \u00a0AFFF\u2019s. Nuestra gama de productos\u00a0 libre de fl\u00faor incluye espum\u00f3genos para la extinci\u00f3n de de hidrocarburos, espum\u00f3genos resistentes al alcohol \u00a0para incendios de combustibles polares, espuma de entrenamiento, espumas especiales y una l\u00ednea completa de concentrados de espuma Clase A. Nuestras espumas sin fl\u00faor no contienen sustancias qu\u00edmicas persistentes a\u00f1adidas intencionalmente, como las sustancias PFAS, incluidos los siloxanos, PFOS o PFOA.<\/p><p>La espuma sin fl\u00faor sella la superficie del combustible suprimiendo la liberaci\u00f3n de vapor y separando el combustible y el aire para extinguir el fuego. Los concentrados de tipo anti alcohol (AR o ATC) est\u00e1n dise\u00f1ados espec\u00edficamente con aditivos que evitan que el solvente polar extraiga agua de las burbujas de espuma y destruya la capa. Las espumas sin fl\u00faor de Perimeter Solutions est\u00e1n disponibles con distintas dosificaciones \u00a0(1%, 3% o 6%), viscosidad y puntos de congelaci\u00f3n.<\/p><p>Perimeter Solutions tambi\u00e9n fabrica espumas formadoras de pel\u00edcula acuosa (AFFF) y AFFF resistentes al alcohol (AR-AFFF); disponibles en distintas dosificaciones (1%, 3% o 6%), viscosidades y puntos de congelaci\u00f3n.<\/p><p>Seleccionar el producto adecuado para su aplicaci\u00f3n es esencial. Las espumas clase B se utilizan normalmente en plantas qu\u00edmicas y petroqu\u00edmicas, refiner\u00edas, instalaciones de almacenamiento de petr\u00f3leo y gas, instalaciones de almacenamiento de l\u00edquidos inflamables, aeropuertos y en cualquier lugar donde se almacenen o utilicen l\u00edquidos inflamables.<\/p><p>El siguiente cuadro puede ayudarte a obtener informaci\u00f3n sobre la l\u00ednea completa de Perimeter Solutions de espumas contra incendios Clase B.<\/p>\t\t\t\t\t\t\t\t<\/div>\n\t\t\t\t<\/div>\n\t\t\t\t<div class=\"elementor-element elementor-element-bec2f1e elementor-widget elementor-widget-text-editor\" data-id=\"bec2f1e\" data-element_type=\"widget\" data-e-type=\"widget\" data-widget_type=\"text-editor.default\">\n\t\t\t\t<div class=\"elementor-widget-container\">\n\t\t\t\t\t\t\t\t\t<p class=\"MsoNormal\" style=\"margin-bottom: 0in; line-height: normal;\"><span style=\"font-family: 'MS Reference Sans Serif', sans-serif; background-image: initial; background-position: initial; background-size: initial; background-repeat: initial; background-attachment: initial; background-origin: initial; background-clip: initial;\">*Certain states have implemented regulations around the manufacture, sale and distribution\u00a0of Class B firefighting foams that contain intentionally added PFAS\u00a0chemicals. These regulations may contain limited exemptions.<\/span><\/p>\n<p class=\"MsoNormal\" style=\"margin-bottom: 0in; line-height: normal;\">\n\t\t\t\t\t\t\t\t<\/div>\n\t\t\t\t<\/div>\n\t\t\t\t\t<\/div>\n\t\t<\/div>\n\t\t\t\t\t<\/div>\n\t\t<\/section>\n\t\t\t\t<\/div>\n\t\t","protected":false},"excerpt":{"rendered":"<p>L\u00edderes en Innovaci\u00f3n Sin Fl\u00faor Espum\u00f3geno (clase B) Ofrendas The chart below can help you gain information on Perimeter Solutions complete line of Class B firefighting foam concentrates. Please consult [&hellip;]<\/p>\n","protected":false},"author":3,"featured_media":0,"parent":0,"menu_order":0,"comment_status":"closed","ping_status":"closed","template":"","meta":{"_acf_changed":false,"footnotes":""},"class_list":["post-25244","page","type-page","status-publish","hentry"],"acf":[],"yoast_head":"<!-- This site is optimized with the Yoast SEO Premium plugin v21.9 (Yoast SEO v23.5) - https:\/\/yoast.com\/wordpress\/plugins\/seo\/ -->\n<title>Espum\u00f3geno (clase B) - Perimeter Solutions<\/title>\n<meta name=\"robots\" content=\"index, follow, max-snippet:-1, max-image-preview:large, max-video-preview:-1\" \/>\n<link rel=\"canonical\" href=\"https:\/\/www.perimeter-solutions.com\/es\/espumogeno-clase-b\/\" \/>\n<meta property=\"og:locale\" content=\"es_ES\" \/>\n<meta property=\"og:type\" content=\"article\" \/>\n<meta property=\"og:title\" content=\"Espum\u00f3geno (clase B)\" \/>\n<meta property=\"og:description\" content=\"L\u00edderes en Innovaci\u00f3n Sin Fl\u00faor Espum\u00f3geno (clase B) Ofrendas The chart below can help you gain information on Perimeter Solutions complete line of Class B firefighting foam concentrates. Please consult [&hellip;]\" \/>\n<meta property=\"og:url\" content=\"https:\/\/www.perimeter-solutions.com\/es\/espumogeno-clase-b\/\" \/>\n<meta property=\"og:site_name\" content=\"Perimeter Solutions\" \/>\n<meta property=\"article:modified_time\" content=\"2024-08-15T15:33:53+00:00\" \/>\n<meta name=\"twitter:card\" content=\"summary_large_image\" \/>\n<meta name=\"twitter:label1\" content=\"Tiempo de lectura\" \/>\n\t<meta name=\"twitter:data1\" content=\"7 minutos\" \/>\n<script type=\"application\/ld+json\" class=\"yoast-schema-graph\">{\"@context\":\"https:\/\/schema.org\",\"@graph\":[{\"@type\":\"WebPage\",\"@id\":\"https:\/\/www.perimeter-solutions.com\/es\/espumogeno-clase-b\/\",\"url\":\"https:\/\/www.perimeter-solutions.com\/es\/espumogeno-clase-b\/\",\"name\":\"Espum\u00f3geno (clase B) - Perimeter Solutions\",\"isPartOf\":{\"@id\":\"https:\/\/www.perimeter-solutions.com\/es\/#website\"},\"datePublished\":\"2020-11-26T10:10:55+00:00\",\"dateModified\":\"2024-08-15T15:33:53+00:00\",\"inLanguage\":\"es\",\"potentialAction\":[{\"@type\":\"ReadAction\",\"target\":[\"https:\/\/www.perimeter-solutions.com\/es\/espumogeno-clase-b\/\"]}]},{\"@type\":\"WebSite\",\"@id\":\"https:\/\/www.perimeter-solutions.com\/es\/#website\",\"url\":\"https:\/\/www.perimeter-solutions.com\/es\/\",\"name\":\"Perimeter Solutions\",\"description\":\"\",\"publisher\":{\"@id\":\"https:\/\/www.perimeter-solutions.com\/es\/#organization\"},\"potentialAction\":[{\"@type\":\"SearchAction\",\"target\":{\"@type\":\"EntryPoint\",\"urlTemplate\":\"https:\/\/www.perimeter-solutions.com\/es\/?s={search_term_string}\"},\"query-input\":{\"@type\":\"PropertyValueSpecification\",\"valueRequired\":true,\"valueName\":\"search_term_string\"}}],\"inLanguage\":\"es\"},{\"@type\":\"Organization\",\"@id\":\"https:\/\/www.perimeter-solutions.com\/es\/#organization\",\"name\":\"Perimeter Solutions\",\"url\":\"https:\/\/www.perimeter-solutions.com\/es\/\",\"logo\":{\"@type\":\"ImageObject\",\"inLanguage\":\"es\",\"@id\":\"https:\/\/www.perimeter-solutions.com\/es\/#\/schema\/logo\/image\/\",\"url\":\"https:\/\/www.perimeter-solutions.com\/wp-content\/uploads\/2021\/02\/perimeter-logo-RGB.png\",\"contentUrl\":\"https:\/\/www.perimeter-solutions.com\/wp-content\/uploads\/2021\/02\/perimeter-logo-RGB.png\",\"width\":794,\"height\":138,\"caption\":\"Perimeter Solutions\"},\"image\":{\"@id\":\"https:\/\/www.perimeter-solutions.com\/es\/#\/schema\/logo\/image\/\"}}]}<\/script>\n<!-- \/ Yoast SEO Premium plugin. -->","yoast_head_json":{"title":"Espum\u00f3geno (clase B) - Perimeter Solutions","robots":{"index":"index","follow":"follow","max-snippet":"max-snippet:-1","max-image-preview":"max-image-preview:large","max-video-preview":"max-video-preview:-1"},"canonical":"https:\/\/www.perimeter-solutions.com\/es\/espumogeno-clase-b\/","og_locale":"es_ES","og_type":"article","og_title":"Espum\u00f3geno (clase B)","og_description":"L\u00edderes en Innovaci\u00f3n Sin Fl\u00faor Espum\u00f3geno (clase B) Ofrendas The chart below can help you gain information on Perimeter Solutions complete line of Class B firefighting foam concentrates. Please consult [&hellip;]","og_url":"https:\/\/www.perimeter-solutions.com\/es\/espumogeno-clase-b\/","og_site_name":"Perimeter Solutions","article_modified_time":"2024-08-15T15:33:53+00:00","twitter_card":"summary_large_image","twitter_misc":{"Tiempo de lectura":"7 minutos"},"schema":{"@context":"https:\/\/schema.org","@graph":[{"@type":"WebPage","@id":"https:\/\/www.perimeter-solutions.com\/es\/espumogeno-clase-b\/","url":"https:\/\/www.perimeter-solutions.com\/es\/espumogeno-clase-b\/","name":"Espum\u00f3geno (clase B) - Perimeter Solutions","isPartOf":{"@id":"https:\/\/www.perimeter-solutions.com\/es\/#website"},"datePublished":"2020-11-26T10:10:55+00:00","dateModified":"2024-08-15T15:33:53+00:00","inLanguage":"es","potentialAction":[{"@type":"ReadAction","target":["https:\/\/www.perimeter-solutions.com\/es\/espumogeno-clase-b\/"]}]},{"@type":"WebSite","@id":"https:\/\/www.perimeter-solutions.com\/es\/#website","url":"https:\/\/www.perimeter-solutions.com\/es\/","name":"Perimeter Solutions","description":"","publisher":{"@id":"https:\/\/www.perimeter-solutions.com\/es\/#organization"},"potentialAction":[{"@type":"SearchAction","target":{"@type":"EntryPoint","urlTemplate":"https:\/\/www.perimeter-solutions.com\/es\/?s={search_term_string}"},"query-input":{"@type":"PropertyValueSpecification","valueRequired":true,"valueName":"search_term_string"}}],"inLanguage":"es"},{"@type":"Organization","@id":"https:\/\/www.perimeter-solutions.com\/es\/#organization","name":"Perimeter Solutions","url":"https:\/\/www.perimeter-solutions.com\/es\/","logo":{"@type":"ImageObject","inLanguage":"es","@id":"https:\/\/www.perimeter-solutions.com\/es\/#\/schema\/logo\/image\/","url":"https:\/\/www.perimeter-solutions.com\/wp-content\/uploads\/2021\/02\/perimeter-logo-RGB.png","contentUrl":"https:\/\/www.perimeter-solutions.com\/wp-content\/uploads\/2021\/02\/perimeter-logo-RGB.png","width":794,"height":138,"caption":"Perimeter Solutions"},"image":{"@id":"https:\/\/www.perimeter-solutions.com\/es\/#\/schema\/logo\/image\/"}}]}},"_links":{"self":[{"href":"https:\/\/www.perimeter-solutions.com\/es\/wp-json\/wp\/v2\/pages\/25244","targetHints":{"allow":["GET"]}}],"collection":[{"href":"https:\/\/www.perimeter-solutions.com\/es\/wp-json\/wp\/v2\/pages"}],"about":[{"href":"https:\/\/www.perimeter-solutions.com\/es\/wp-json\/wp\/v2\/types\/page"}],"author":[{"embeddable":true,"href":"https:\/\/www.perimeter-solutions.com\/es\/wp-json\/wp\/v2\/users\/3"}],"replies":[{"embeddable":true,"href":"https:\/\/www.perimeter-solutions.com\/es\/wp-json\/wp\/v2\/comments?post=25244"}],"version-history":[{"count":40,"href":"https:\/\/www.perimeter-solutions.com\/es\/wp-json\/wp\/v2\/pages\/25244\/revisions"}],"predecessor-version":[{"id":43678,"href":"https:\/\/www.perimeter-solutions.com\/es\/wp-json\/wp\/v2\/pages\/25244\/revisions\/43678"}],"wp:attachment":[{"href":"https:\/\/www.perimeter-solutions.com\/es\/wp-json\/wp\/v2\/media?parent=25244"}],"curies":[{"name":"wp","href":"https:\/\/api.w.org\/{rel}","templated":true}]}}