{"id":25171,"date":"2020-11-20T19:19:55","date_gmt":"2020-11-21T00:19:55","guid":{"rendered":"https:\/\/www.perimeter-solutions.com\/retardantes-de-fuego\/"},"modified":"2024-08-15T11:12:48","modified_gmt":"2024-08-15T15:12:48","slug":"retardantes-de-fuego","status":"publish","type":"page","link":"https:\/\/www.perimeter-solutions.com\/es\/retardantes-de-fuego\/","title":{"rendered":"Retardantes de fuego"},"content":{"rendered":"\t\t<div data-elementor-type=\"wp-page\" data-elementor-id=\"25171\" class=\"elementor elementor-25171 elementor-16985\" data-elementor-post-type=\"page\">\n\t\t\t\t\t\t<section class=\"elementor-section elementor-top-section elementor-element elementor-element-12497f2d elementor-section-stretched elementor-section-boxed elementor-section-height-default elementor-section-height-default\" data-id=\"12497f2d\" data-element_type=\"section\" data-e-type=\"section\" data-settings=\"{&quot;stretch_section&quot;:&quot;section-stretched&quot;,&quot;background_background&quot;:&quot;classic&quot;}\">\n\t\t\t\t\t\t<div class=\"elementor-container elementor-column-gap-default\">\n\t\t\t\t\t<div class=\"elementor-column elementor-col-100 elementor-top-column elementor-element elementor-element-41d71ed\" data-id=\"41d71ed\" data-element_type=\"column\" data-e-type=\"column\">\n\t\t\t<div class=\"elementor-widget-wrap elementor-element-populated\">\n\t\t\t\t\t\t<div class=\"elementor-element elementor-element-3f2d8332 elementor-widget elementor-widget-heading\" data-id=\"3f2d8332\" data-element_type=\"widget\" data-e-type=\"widget\" data-widget_type=\"heading.default\">\n\t\t\t\t<div class=\"elementor-widget-container\">\n\t\t\t\t\t<h1 class=\"elementor-heading-title elementor-size-default\">Retardantes de fuego<\/h1>\t\t\t\t<\/div>\n\t\t\t\t<\/div>\n\t\t\t\t\t<\/div>\n\t\t<\/div>\n\t\t\t\t\t<\/div>\n\t\t<\/section>\n\t\t\t\t<section class=\"elementor-section elementor-top-section elementor-element elementor-element-5261f59f elementor-section-boxed elementor-section-height-default elementor-section-height-default\" data-id=\"5261f59f\" data-element_type=\"section\" data-e-type=\"section\" data-settings=\"{&quot;background_background&quot;:&quot;classic&quot;}\">\n\t\t\t\t\t\t\t<div class=\"elementor-background-overlay\"><\/div>\n\t\t\t\t\t\t\t<div class=\"elementor-container elementor-column-gap-default\">\n\t\t\t\t\t<div class=\"elementor-column elementor-col-100 elementor-top-column elementor-element elementor-element-66661f5f\" data-id=\"66661f5f\" data-element_type=\"column\" data-e-type=\"column\">\n\t\t\t<div class=\"elementor-widget-wrap elementor-element-populated\">\n\t\t\t\t\t\t<div class=\"elementor-element elementor-element-582fd22 elementor-widget elementor-widget-heading\" data-id=\"582fd22\" data-element_type=\"widget\" data-e-type=\"widget\" data-widget_type=\"heading.default\">\n\t\t\t\t<div class=\"elementor-widget-container\">\n\t\t\t\t\t<h2 class=\"elementor-heading-title elementor-size-default\">Ofertas de retardantes a largo plazo<\/h2>\t\t\t\t<\/div>\n\t\t\t\t<\/div>\n\t\t\t\t<div class=\"elementor-element elementor-element-9af08a1 elementor-widget elementor-widget-text-editor\" data-id=\"9af08a1\" data-element_type=\"widget\" data-e-type=\"widget\" data-widget_type=\"text-editor.default\">\n\t\t\t\t<div class=\"elementor-widget-container\">\n\t\t\t\t\t\t\t\t\t<p><strong>Consulta a tu experto en normativa para conocer las restricciones y normativas aplicables en tu estado o localidad en relaci\u00f3n con la venta y distribuci\u00f3n de retardantes del fuego.<\/strong><\/p>\n\t\t\t\t\t\t\t\t<\/div>\n\t\t\t\t<\/div>\n\t\t\t\t<div class=\"elementor-element elementor-element-d79463a elementor-widget elementor-widget-text-editor\" data-id=\"d79463a\" data-element_type=\"widget\" data-e-type=\"widget\" data-widget_type=\"text-editor.default\">\n\t\t\t\t<div class=\"elementor-widget-container\">\n\t\t\t\t\t\t\t\t\t<p><img decoding=\"async\" class=\"alignnone wp-image-39629 size-full\" src=\"https:\/\/www.perimeter-solutions.com\/wp-content\/uploads\/2024\/05\/PS-Plane-icon-red.png\" alt=\"\" width=\"33\" height=\"20\">  &#8211; Adecuado para despliegue en avi\u00f3n<br \/><img decoding=\"async\" class=\"alignnone size-full wp-image-39626\" src=\"https:\/\/www.perimeter-solutions.com\/wp-content\/uploads\/2024\/05\/PS-Heli-icon-orange.png\" alt=\"\" width=\"32\" height=\"21\"> &#8211; Adecuado para despliegue en helic\u00f3ptero <br \/><img decoding=\"async\" class=\"alignnone wp-image-40806 size-full\" src=\"https:\/\/www.perimeter-solutions.com\/wp-content\/uploads\/2024\/06\/ps-groundapply-icon-2.png\" alt=\"\" width=\"32\" height=\"21\"> &#8211; Adecuado para aplicaciones en tierra<\/p>\n\t\t\t\t\t\t\t\t<\/div>\n\t\t\t\t<\/div>\n\t\t\t\t\t<\/div>\n\t\t<\/div>\n\t\t\t\t\t<\/div>\n\t\t<\/section>\n\t\t\t\t<section class=\"elementor-section elementor-top-section elementor-element elementor-element-49d3aa1d elementor-section-boxed elementor-section-height-default elementor-section-height-default\" data-id=\"49d3aa1d\" data-element_type=\"section\" data-e-type=\"section\" data-settings=\"{&quot;background_background&quot;:&quot;classic&quot;}\">\n\t\t\t\t\t\t\t<div class=\"elementor-background-overlay\"><\/div>\n\t\t\t\t\t\t\t<div class=\"elementor-container elementor-column-gap-default\">\n\t\t\t\t\t<div class=\"elementor-column elementor-col-100 elementor-top-column elementor-element elementor-element-68f5bf70\" data-id=\"68f5bf70\" data-element_type=\"column\" data-e-type=\"column\">\n\t\t\t<div class=\"elementor-widget-wrap elementor-element-populated\">\n\t\t\t\t\t\t<div class=\"elementor-element elementor-element-2826abf9 elementor-widget elementor-widget-heading\" data-id=\"2826abf9\" data-element_type=\"widget\" data-e-type=\"widget\" data-widget_type=\"heading.default\">\n\t\t\t\t<div class=\"elementor-widget-container\">\n\t\t\t\t\t<h4 class=\"elementor-heading-title elementor-size-default\">Las soluciones ign\u00edfugas m\u00e1s completas de la industria<\/h4>\t\t\t\t<\/div>\n\t\t\t\t<\/div>\n\t\t\t\t<div class=\"elementor-element elementor-element-3c409c4c elementor-widget elementor-widget-text-editor\" data-id=\"3c409c4c\" data-element_type=\"widget\" data-e-type=\"widget\" data-widget_type=\"text-editor.default\">\n\t\t\t\t<div class=\"elementor-widget-container\">\n\t\t\t\t\t\t\t\t\t<p>Perimeter Solutions ofrece el conjunto m\u00e1s completo de soluciones ign\u00edfugas del mercado actual: desarrollo tecnol\u00f3gico, productos, servicios, formaci\u00f3n y equipos.<\/p>\n<p><!--<a href=\"#twentyfour\"><strong>\u232aSee how Perimeter Solutions is committed every way and every day to earning your trust.<\/strong><\/a>--><\/p>\n\n<p>PHOS-CHEK de Perimeter Solutions<sup> \u00ae<\/sup> y FIRE-TROL<sup> \u00ae<\/sup> Los retardantes de fuego ayudan a ralentizar, detener y prevenir el inicio de incendios forestales al hacer que los combustibles forestales no sean inflamables. Durante m\u00e1s de 60 a\u00f1os, la gente de Perimeter Solutions ha sido l\u00edder tecnol\u00f3gico en el campo de los retardantes del fuego de larga duraci\u00f3n desarrollados para diversas aplicaciones.<\/p>\n<p>Los retardadores a\u00e9reos se aplican a trav\u00e9s de aviones de ala fija o de rotor. Los productos ign\u00edfugos PHOS-CHEK tambi\u00e9n se aplican desde el suelo en escenarios de incendios activos, junto con quemas prescritas, o como medida preventiva mucho antes de cualquier situaci\u00f3n de incendio.<br \/>\nTodos los productos de Soluciones Perimetrales tienen un alto nivel de eficacia ign\u00edfuga, con diferencias en cuanto a visibilidad, viscosidad, adherencia a la vegetaci\u00f3n y durabilidad a la intemperie. <\/p>\n<p>Los retardantes de fuego PHOS-CHEK est\u00e1n completamente calificados por el Servicio Forestal del USDA bajo la especificaci\u00f3n 5100-304c. Son los productos m\u00e1s seguros, eficaces y ecol\u00f3gicos disponibles. Los retardantes de larga duraci\u00f3n se ofrecen en \u00f3xido de hierro rojo, color fugitivo (que desaparece) y sin colorear. Los productos est\u00e1n disponibles en viscosidad media y baja, y como concentrados en polvo y l\u00edquidos. Los retardantes de fuego a largo plazo de la marca FIRE-TROL han sido el est\u00e1ndar en Europa durante m\u00e1s de 30 a\u00f1os. FIRE-TROL 931 para aplicaci\u00f3n a\u00e9rea y FIRE-TROL 934 y 936 para aplicaci\u00f3n terrestre son altamente efectivos para el control y extinci\u00f3n de incendios forestales.<\/p>\n\t\t\t\t\t\t\t\t<\/div>\n\t\t\t\t<\/div>\n\t\t\t\t\t<\/div>\n\t\t<\/div>\n\t\t\t\t\t<\/div>\n\t\t<\/section>\n\t\t\t\t<section class=\"elementor-section elementor-top-section elementor-element elementor-element-9f75537 elementor-section-boxed elementor-section-height-default elementor-section-height-default\" data-id=\"9f75537\" data-element_type=\"section\" data-e-type=\"section\" data-settings=\"{&quot;background_background&quot;:&quot;classic&quot;}\">\n\t\t\t\t\t\t\t<div class=\"elementor-background-overlay\"><\/div>\n\t\t\t\t\t\t\t<div class=\"elementor-container elementor-column-gap-default\">\n\t\t\t\t\t<div class=\"elementor-column elementor-col-100 elementor-top-column elementor-element elementor-element-ed55d18\" data-id=\"ed55d18\" data-element_type=\"column\" data-e-type=\"column\">\n\t\t\t<div class=\"elementor-widget-wrap elementor-element-populated\">\n\t\t\t\t\t\t<div class=\"elementor-element elementor-element-bf15459 elementor-widget elementor-widget-heading\" data-id=\"bf15459\" data-element_type=\"widget\" data-e-type=\"widget\" data-widget_type=\"heading.default\">\n\t\t\t\t<div class=\"elementor-widget-container\">\n\t\t\t\t\t<h4 class=\"elementor-heading-title elementor-size-default\">Servicios y equipamiento<\/h4>\t\t\t\t<\/div>\n\t\t\t\t<\/div>\n\t\t\t\t<div class=\"elementor-element elementor-element-ce02753 elementor-widget elementor-widget-text-editor\" data-id=\"ce02753\" data-element_type=\"widget\" data-e-type=\"widget\" data-widget_type=\"text-editor.default\">\n\t\t\t\t<div class=\"elementor-widget-container\">\n\t\t\t\t\t\t\t\t\t<p>Perimeter Solutions respalda nuestros retardadores de fuego a largo plazo con una amplia gama de soluciones de servicio y equipos. Esto incluye una l\u00ednea completa de sistemas de mezcla para todos los productos PHOS-CHEK. Los sistemas van desde sistemas de mezcladores de tolva a peque\u00f1a escala dise\u00f1ados para usar cubos de polvo de 50 libras hasta eductores, mezcladores de lotes y sistemas de mezcla de l\u00edquidos a gran escala. Los sistemas se pueden fabricar y personalizar para una necesidad particular. En apoyo de las operaciones de extinci\u00f3n de incendios, el personal de PHOS-CHEK est\u00e1 totalmente capacitado en el Grupo Coordinador Nacional de Tierras Silvestres (NWCG) y est\u00e1 certificado para incendios.<\/p>\n\t\t\t\t\t\t\t\t<\/div>\n\t\t\t\t<\/div>\n\t\t\t\t\t<\/div>\n\t\t<\/div>\n\t\t\t\t\t<\/div>\n\t\t<\/section>\n\t\t\t\t<\/div>\n\t\t","protected":false},"excerpt":{"rendered":"<p>Retardantes de fuego Ofertas de retardantes a largo plazo Consulta a tu experto en normativa para conocer las restricciones y normativas aplicables en tu estado o localidad en relaci\u00f3n con [&hellip;]<\/p>\n","protected":false},"author":3,"featured_media":0,"parent":0,"menu_order":0,"comment_status":"closed","ping_status":"closed","template":"","meta":{"_acf_changed":false,"footnotes":""},"class_list":["post-25171","page","type-page","status-publish","hentry"],"acf":[],"yoast_head":"<!-- This site is optimized with the Yoast SEO Premium plugin v21.9 (Yoast SEO v23.5) - https:\/\/yoast.com\/wordpress\/plugins\/seo\/ -->\n<title>Retardantes de fuego - Perimeter Solutions<\/title>\n<meta name=\"robots\" content=\"index, follow, max-snippet:-1, max-image-preview:large, max-video-preview:-1\" \/>\n<link rel=\"canonical\" href=\"https:\/\/www.perimeter-solutions.com\/es\/retardantes-de-fuego\/\" \/>\n<meta property=\"og:locale\" content=\"es_ES\" \/>\n<meta property=\"og:type\" content=\"article\" \/>\n<meta property=\"og:title\" content=\"Retardantes de fuego\" \/>\n<meta property=\"og:description\" content=\"Retardantes de fuego Ofertas de retardantes a largo plazo Consulta a tu experto en normativa para conocer las restricciones y normativas aplicables en tu estado o localidad en relaci\u00f3n con [&hellip;]\" \/>\n<meta property=\"og:url\" content=\"https:\/\/www.perimeter-solutions.com\/es\/retardantes-de-fuego\/\" \/>\n<meta property=\"og:site_name\" content=\"Perimeter Solutions\" \/>\n<meta property=\"article:modified_time\" content=\"2024-08-15T15:12:48+00:00\" \/>\n<meta property=\"og:image\" content=\"https:\/\/www.perimeter-solutions.com\/wp-content\/uploads\/2024\/05\/PS-Plane-icon-red.png\" \/>\n<meta name=\"twitter:card\" content=\"summary_large_image\" \/>\n<meta name=\"twitter:label1\" content=\"Tiempo de lectura\" \/>\n\t<meta name=\"twitter:data1\" content=\"6 minutos\" \/>\n<script type=\"application\/ld+json\" class=\"yoast-schema-graph\">{\"@context\":\"https:\/\/schema.org\",\"@graph\":[{\"@type\":\"WebPage\",\"@id\":\"https:\/\/www.perimeter-solutions.com\/es\/retardantes-de-fuego\/\",\"url\":\"https:\/\/www.perimeter-solutions.com\/es\/retardantes-de-fuego\/\",\"name\":\"Retardantes de fuego - Perimeter Solutions\",\"isPartOf\":{\"@id\":\"https:\/\/www.perimeter-solutions.com\/es\/#website\"},\"primaryImageOfPage\":{\"@id\":\"https:\/\/www.perimeter-solutions.com\/es\/retardantes-de-fuego\/#primaryimage\"},\"image\":{\"@id\":\"https:\/\/www.perimeter-solutions.com\/es\/retardantes-de-fuego\/#primaryimage\"},\"thumbnailUrl\":\"https:\/\/www.perimeter-solutions.com\/wp-content\/uploads\/2024\/05\/PS-Plane-icon-red.png\",\"datePublished\":\"2020-11-21T00:19:55+00:00\",\"dateModified\":\"2024-08-15T15:12:48+00:00\",\"inLanguage\":\"es\",\"potentialAction\":[{\"@type\":\"ReadAction\",\"target\":[\"https:\/\/www.perimeter-solutions.com\/es\/retardantes-de-fuego\/\"]}]},{\"@type\":\"ImageObject\",\"inLanguage\":\"es\",\"@id\":\"https:\/\/www.perimeter-solutions.com\/es\/retardantes-de-fuego\/#primaryimage\",\"url\":\"https:\/\/www.perimeter-solutions.com\/wp-content\/uploads\/2024\/05\/PS-Plane-icon-red.png\",\"contentUrl\":\"https:\/\/www.perimeter-solutions.com\/wp-content\/uploads\/2024\/05\/PS-Plane-icon-red.png\"},{\"@type\":\"WebSite\",\"@id\":\"https:\/\/www.perimeter-solutions.com\/es\/#website\",\"url\":\"https:\/\/www.perimeter-solutions.com\/es\/\",\"name\":\"Perimeter Solutions\",\"description\":\"\",\"publisher\":{\"@id\":\"https:\/\/www.perimeter-solutions.com\/es\/#organization\"},\"potentialAction\":[{\"@type\":\"SearchAction\",\"target\":{\"@type\":\"EntryPoint\",\"urlTemplate\":\"https:\/\/www.perimeter-solutions.com\/es\/?s={search_term_string}\"},\"query-input\":{\"@type\":\"PropertyValueSpecification\",\"valueRequired\":true,\"valueName\":\"search_term_string\"}}],\"inLanguage\":\"es\"},{\"@type\":\"Organization\",\"@id\":\"https:\/\/www.perimeter-solutions.com\/es\/#organization\",\"name\":\"Perimeter Solutions\",\"url\":\"https:\/\/www.perimeter-solutions.com\/es\/\",\"logo\":{\"@type\":\"ImageObject\",\"inLanguage\":\"es\",\"@id\":\"https:\/\/www.perimeter-solutions.com\/es\/#\/schema\/logo\/image\/\",\"url\":\"https:\/\/www.perimeter-solutions.com\/wp-content\/uploads\/2021\/02\/perimeter-logo-RGB.png\",\"contentUrl\":\"https:\/\/www.perimeter-solutions.com\/wp-content\/uploads\/2021\/02\/perimeter-logo-RGB.png\",\"width\":794,\"height\":138,\"caption\":\"Perimeter Solutions\"},\"image\":{\"@id\":\"https:\/\/www.perimeter-solutions.com\/es\/#\/schema\/logo\/image\/\"}}]}<\/script>\n<!-- \/ Yoast SEO Premium plugin. -->","yoast_head_json":{"title":"Retardantes de fuego - Perimeter Solutions","robots":{"index":"index","follow":"follow","max-snippet":"max-snippet:-1","max-image-preview":"max-image-preview:large","max-video-preview":"max-video-preview:-1"},"canonical":"https:\/\/www.perimeter-solutions.com\/es\/retardantes-de-fuego\/","og_locale":"es_ES","og_type":"article","og_title":"Retardantes de fuego","og_description":"Retardantes de fuego Ofertas de retardantes a largo plazo Consulta a tu experto en normativa para conocer las restricciones y normativas aplicables en tu estado o localidad en relaci\u00f3n con [&hellip;]","og_url":"https:\/\/www.perimeter-solutions.com\/es\/retardantes-de-fuego\/","og_site_name":"Perimeter Solutions","article_modified_time":"2024-08-15T15:12:48+00:00","og_image":[{"url":"https:\/\/www.perimeter-solutions.com\/wp-content\/uploads\/2024\/05\/PS-Plane-icon-red.png"}],"twitter_card":"summary_large_image","twitter_misc":{"Tiempo de lectura":"6 minutos"},"schema":{"@context":"https:\/\/schema.org","@graph":[{"@type":"WebPage","@id":"https:\/\/www.perimeter-solutions.com\/es\/retardantes-de-fuego\/","url":"https:\/\/www.perimeter-solutions.com\/es\/retardantes-de-fuego\/","name":"Retardantes de fuego - Perimeter Solutions","isPartOf":{"@id":"https:\/\/www.perimeter-solutions.com\/es\/#website"},"primaryImageOfPage":{"@id":"https:\/\/www.perimeter-solutions.com\/es\/retardantes-de-fuego\/#primaryimage"},"image":{"@id":"https:\/\/www.perimeter-solutions.com\/es\/retardantes-de-fuego\/#primaryimage"},"thumbnailUrl":"https:\/\/www.perimeter-solutions.com\/wp-content\/uploads\/2024\/05\/PS-Plane-icon-red.png","datePublished":"2020-11-21T00:19:55+00:00","dateModified":"2024-08-15T15:12:48+00:00","inLanguage":"es","potentialAction":[{"@type":"ReadAction","target":["https:\/\/www.perimeter-solutions.com\/es\/retardantes-de-fuego\/"]}]},{"@type":"ImageObject","inLanguage":"es","@id":"https:\/\/www.perimeter-solutions.com\/es\/retardantes-de-fuego\/#primaryimage","url":"https:\/\/www.perimeter-solutions.com\/wp-content\/uploads\/2024\/05\/PS-Plane-icon-red.png","contentUrl":"https:\/\/www.perimeter-solutions.com\/wp-content\/uploads\/2024\/05\/PS-Plane-icon-red.png"},{"@type":"WebSite","@id":"https:\/\/www.perimeter-solutions.com\/es\/#website","url":"https:\/\/www.perimeter-solutions.com\/es\/","name":"Perimeter Solutions","description":"","publisher":{"@id":"https:\/\/www.perimeter-solutions.com\/es\/#organization"},"potentialAction":[{"@type":"SearchAction","target":{"@type":"EntryPoint","urlTemplate":"https:\/\/www.perimeter-solutions.com\/es\/?s={search_term_string}"},"query-input":{"@type":"PropertyValueSpecification","valueRequired":true,"valueName":"search_term_string"}}],"inLanguage":"es"},{"@type":"Organization","@id":"https:\/\/www.perimeter-solutions.com\/es\/#organization","name":"Perimeter Solutions","url":"https:\/\/www.perimeter-solutions.com\/es\/","logo":{"@type":"ImageObject","inLanguage":"es","@id":"https:\/\/www.perimeter-solutions.com\/es\/#\/schema\/logo\/image\/","url":"https:\/\/www.perimeter-solutions.com\/wp-content\/uploads\/2021\/02\/perimeter-logo-RGB.png","contentUrl":"https:\/\/www.perimeter-solutions.com\/wp-content\/uploads\/2021\/02\/perimeter-logo-RGB.png","width":794,"height":138,"caption":"Perimeter Solutions"},"image":{"@id":"https:\/\/www.perimeter-solutions.com\/es\/#\/schema\/logo\/image\/"}}]}},"_links":{"self":[{"href":"https:\/\/www.perimeter-solutions.com\/es\/wp-json\/wp\/v2\/pages\/25171","targetHints":{"allow":["GET"]}}],"collection":[{"href":"https:\/\/www.perimeter-solutions.com\/es\/wp-json\/wp\/v2\/pages"}],"about":[{"href":"https:\/\/www.perimeter-solutions.com\/es\/wp-json\/wp\/v2\/types\/page"}],"author":[{"embeddable":true,"href":"https:\/\/www.perimeter-solutions.com\/es\/wp-json\/wp\/v2\/users\/3"}],"replies":[{"embeddable":true,"href":"https:\/\/www.perimeter-solutions.com\/es\/wp-json\/wp\/v2\/comments?post=25171"}],"version-history":[{"count":37,"href":"https:\/\/www.perimeter-solutions.com\/es\/wp-json\/wp\/v2\/pages\/25171\/revisions"}],"predecessor-version":[{"id":43633,"href":"https:\/\/www.perimeter-solutions.com\/es\/wp-json\/wp\/v2\/pages\/25171\/revisions\/43633"}],"wp:attachment":[{"href":"https:\/\/www.perimeter-solutions.com\/es\/wp-json\/wp\/v2\/media?parent=25171"}],"curies":[{"name":"wp","href":"https:\/\/api.w.org\/{rel}","templated":true}]}}