{"id":25083,"date":"2020-11-20T15:00:41","date_gmt":"2020-11-20T20:00:41","guid":{"rendered":"https:\/\/www.perimeter-solutions.com\/militar\/"},"modified":"2024-08-15T12:00:48","modified_gmt":"2024-08-15T16:00:48","slug":"militar","status":"publish","type":"page","link":"https:\/\/www.perimeter-solutions.com\/es\/militar\/","title":{"rendered":"Militar"},"content":{"rendered":"\t\t<div data-elementor-type=\"wp-page\" data-elementor-id=\"25083\" class=\"elementor elementor-25083 elementor-16946\" data-elementor-post-type=\"page\">\n\t\t\t\t\t\t<section class=\"elementor-section elementor-top-section elementor-element elementor-element-a53ddb9 elementor-section-stretched elementor-section-boxed elementor-section-height-default elementor-section-height-default\" data-id=\"a53ddb9\" data-element_type=\"section\" data-e-type=\"section\" data-settings=\"{&quot;stretch_section&quot;:&quot;section-stretched&quot;,&quot;background_background&quot;:&quot;classic&quot;}\">\n\t\t\t\t\t\t<div class=\"elementor-container elementor-column-gap-default\">\n\t\t\t\t\t<div class=\"elementor-column elementor-col-100 elementor-top-column elementor-element elementor-element-8e1337c\" data-id=\"8e1337c\" data-element_type=\"column\" data-e-type=\"column\">\n\t\t\t<div class=\"elementor-widget-wrap elementor-element-populated\">\n\t\t\t\t\t\t<div class=\"elementor-element elementor-element-3fcef61 elementor-widget elementor-widget-heading\" data-id=\"3fcef61\" data-element_type=\"widget\" data-e-type=\"widget\" data-widget_type=\"heading.default\">\n\t\t\t\t<div class=\"elementor-widget-container\">\n\t\t\t\t\t<h1 class=\"elementor-heading-title elementor-size-default\">Militar<\/h1>\t\t\t\t<\/div>\n\t\t\t\t<\/div>\n\t\t\t\t\t<\/div>\n\t\t<\/div>\n\t\t\t\t\t<\/div>\n\t\t<\/section>\n\t\t\t\t<section class=\"elementor-section elementor-top-section elementor-element elementor-element-e36f22b elementor-section-boxed elementor-section-height-default elementor-section-height-default\" data-id=\"e36f22b\" data-element_type=\"section\" data-e-type=\"section\" data-settings=\"{&quot;background_background&quot;:&quot;classic&quot;}\">\n\t\t\t\t\t\t\t<div class=\"elementor-background-overlay\"><\/div>\n\t\t\t\t\t\t\t<div class=\"elementor-container elementor-column-gap-default\">\n\t\t\t\t\t<div class=\"elementor-column elementor-col-100 elementor-top-column elementor-element elementor-element-9ead739\" data-id=\"9ead739\" data-element_type=\"column\" data-e-type=\"column\">\n\t\t\t<div class=\"elementor-widget-wrap elementor-element-populated\">\n\t\t\t\t\t\t<div class=\"elementor-element elementor-element-d5454f1 elementor-widget elementor-widget-text-editor\" data-id=\"d5454f1\" data-element_type=\"widget\" data-e-type=\"widget\" data-widget_type=\"text-editor.default\">\n\t\t\t\t<div class=\"elementor-widget-container\">\n\t\t\t\t\t\t\t\t\t<p>Perimeter Solutions ofrece opciones de seguridad contra incendios y extinci\u00f3n de incendios a organizaciones militares, donde sea que se requieran. Somos l\u00edderes mundiales en espumas de extinci\u00f3n de incendios MIL-SPEC tanto en aviaci\u00f3n como en aplicaciones generales. Para la extinci\u00f3n de incendios, producimos una gama de concentrados de espuma para entrenamiento y extinci\u00f3n de incendios especiales de Clase A, Clase B, que incluyen una de las ofertas de espum\u00f3genos sin fl\u00faor m\u00e1s avanzadas de la industria. Adem\u00e1s, Perimeter Solutions es l\u00edder en la industria de aditivos para extintores y hardware de supresi\u00f3n de espuma. Tambi\u00e9n ofrecemos soluciones preventivas basadas en la aplicaci\u00f3n terrestre de tecnolog\u00edas de gel retardante y supresor de fuego para proteger las estructuras f\u00edsicas, as\u00ed como los equipos para desplegar ambas tecnolog\u00edas.<\/p><p><strong>Espum\u00f3genos clase A<\/strong><\/p><p>Perimeter Solutions ofrece una gama de opciones de espum\u00f3genos \u00a0de Clase A bajo nuestra marca PHOS-CHEK<sup>\u00ae<\/sup>, incluido el producto l\u00edder de la industria PHOS-CHEK WD881. Estos espum\u00f3genos aumentan la eficacia del agua para la extinci\u00f3n directa y humectaci\u00f3n y se pueden utilizar tanto en operaciones a\u00e9reas como terrestres.<\/p><p><strong>Espum\u00f3genos clase B<\/strong><\/p><p>PHOS-CHEK <sup>\u00ae<\/sup>\u00a0, Solberg y AUXQUIMIA Clase B espumas para extinci\u00f3n de incendios de Perimeter Solutions<sup>\u00a0<\/sup> , utilizan la \u00faltima tecnolog\u00eda y se encuentran entre los productos m\u00e1s eficaces y responsables con el medio ambiente del mercado. Nuestra cartera de productos de Clase B incluye espum\u00f3genos sin fluor, espum\u00f3genos formadores de pel\u00edcula acuosa (AFFF) y espum\u00f3genos formadores de pel\u00edcula acuosa resistentes al alcohol (AR-AFFF). Estos espum\u00f3genos se ofrecen en versiones de dosificaci\u00f3n \u00a0al 1%, 3% y 6% e incluyen versiones protegidas contra congelaci\u00f3n y de baja viscosidad.<\/p><p><strong>Aditivos para extintores<\/strong><\/p><p>Los aditivos para extintores contra incendios de Perimeter Solutions est\u00e1n especialmente dise\u00f1ados para su uso en extintores port\u00e1tiles contra incendios. Los espum\u00f3genos est\u00e1n dise\u00f1ados para su uso en unidades port\u00e1tiles o con ruedas para la r\u00e1pida extinci\u00f3n de incendios de derrames poco profundos. Son compatibles con acero al carbono y aleaciones ligeras que presentan una baja tasa de corrosi\u00f3n.<\/p><p><strong>Equipo<\/strong><\/p><p>El equipo de mezcla PHOS-CHEK <sup>\u00ae<\/sup>de Perimeter Solutions proporciona una mezcla f\u00e1cil para respaldar las operaciones de aplicaci\u00f3n de retardantes terrestres. El hardware de nuestros sistemas de supresi\u00f3n de espuma est\u00e1 dise\u00f1ado por un equipo con m\u00e1s de 200 a\u00f1os de experiencia en campo en protecci\u00f3n contra incendios. Estos incluyen tanques de sistema, dispositivos dosificadores, dispositivos de descarga y sistemas m\u00f3viles. Nuestros expertos conocen los desaf\u00edos del mundo real y saben c\u00f3mo optimizar el dise\u00f1o de nuestros productos probados para adaptarse a las necesidades individuales de cada cliente.<\/p><p><strong>Retardantes de fuego de aplicaci\u00f3n terrestre<\/strong><\/p><p>Perimeter Solutions ofrece una gama completa de retardantes de fuego terrestres: PHOS-CHEK<sup>\u00ae<\/sup>\u00a0FORTIFY<sup>\u00ae<\/sup>\u00a0para la protecci\u00f3n durante toda la temporada y tecnolog\u00eda PHOS-CHEK LC-95W para una aplicaci\u00f3n r\u00e1pida durante las quemas programadas o condiciones emergentes de incendios forestales. Estas soluciones est\u00e1n totalmente calificadas por el USDA Forest Service.<\/p>\t\t\t\t\t\t\t\t<\/div>\n\t\t\t\t<\/div>\n\t\t\t\t\t<\/div>\n\t\t<\/div>\n\t\t\t\t\t<\/div>\n\t\t<\/section>\n\t\t\t\t<\/div>\n\t\t","protected":false},"excerpt":{"rendered":"<p>Militar Perimeter Solutions ofrece opciones de seguridad contra incendios y extinci\u00f3n de incendios a organizaciones militares, donde sea que se requieran. Somos l\u00edderes mundiales en espumas de extinci\u00f3n de incendios [&hellip;]<\/p>\n","protected":false},"author":3,"featured_media":0,"parent":0,"menu_order":0,"comment_status":"closed","ping_status":"closed","template":"","meta":{"_acf_changed":false,"footnotes":""},"class_list":["post-25083","page","type-page","status-publish","hentry"],"acf":[],"yoast_head":"<!-- This site is optimized with the Yoast SEO Premium plugin v21.9 (Yoast SEO v23.5) - https:\/\/yoast.com\/wordpress\/plugins\/seo\/ -->\n<title>Militar - Perimeter Solutions<\/title>\n<meta name=\"robots\" content=\"index, follow, max-snippet:-1, max-image-preview:large, max-video-preview:-1\" \/>\n<link rel=\"canonical\" href=\"https:\/\/www.perimeter-solutions.com\/es\/militar\/\" \/>\n<meta property=\"og:locale\" content=\"es_ES\" \/>\n<meta property=\"og:type\" content=\"article\" \/>\n<meta property=\"og:title\" content=\"Militar\" \/>\n<meta property=\"og:description\" content=\"Militar Perimeter Solutions ofrece opciones de seguridad contra incendios y extinci\u00f3n de incendios a organizaciones militares, donde sea que se requieran. Somos l\u00edderes mundiales en espumas de extinci\u00f3n de incendios [&hellip;]\" \/>\n<meta property=\"og:url\" content=\"https:\/\/www.perimeter-solutions.com\/es\/militar\/\" \/>\n<meta property=\"og:site_name\" content=\"Perimeter Solutions\" \/>\n<meta property=\"article:modified_time\" content=\"2024-08-15T16:00:48+00:00\" \/>\n<meta name=\"twitter:card\" content=\"summary_large_image\" \/>\n<meta name=\"twitter:label1\" content=\"Tiempo de lectura\" \/>\n\t<meta name=\"twitter:data1\" content=\"3 minutos\" \/>\n<script type=\"application\/ld+json\" class=\"yoast-schema-graph\">{\"@context\":\"https:\/\/schema.org\",\"@graph\":[{\"@type\":\"WebPage\",\"@id\":\"https:\/\/www.perimeter-solutions.com\/es\/militar\/\",\"url\":\"https:\/\/www.perimeter-solutions.com\/es\/militar\/\",\"name\":\"Militar - Perimeter Solutions\",\"isPartOf\":{\"@id\":\"https:\/\/www.perimeter-solutions.com\/es\/#website\"},\"datePublished\":\"2020-11-20T20:00:41+00:00\",\"dateModified\":\"2024-08-15T16:00:48+00:00\",\"inLanguage\":\"es\",\"potentialAction\":[{\"@type\":\"ReadAction\",\"target\":[\"https:\/\/www.perimeter-solutions.com\/es\/militar\/\"]}]},{\"@type\":\"WebSite\",\"@id\":\"https:\/\/www.perimeter-solutions.com\/es\/#website\",\"url\":\"https:\/\/www.perimeter-solutions.com\/es\/\",\"name\":\"Perimeter Solutions\",\"description\":\"\",\"publisher\":{\"@id\":\"https:\/\/www.perimeter-solutions.com\/es\/#organization\"},\"potentialAction\":[{\"@type\":\"SearchAction\",\"target\":{\"@type\":\"EntryPoint\",\"urlTemplate\":\"https:\/\/www.perimeter-solutions.com\/es\/?s={search_term_string}\"},\"query-input\":{\"@type\":\"PropertyValueSpecification\",\"valueRequired\":true,\"valueName\":\"search_term_string\"}}],\"inLanguage\":\"es\"},{\"@type\":\"Organization\",\"@id\":\"https:\/\/www.perimeter-solutions.com\/es\/#organization\",\"name\":\"Perimeter Solutions\",\"url\":\"https:\/\/www.perimeter-solutions.com\/es\/\",\"logo\":{\"@type\":\"ImageObject\",\"inLanguage\":\"es\",\"@id\":\"https:\/\/www.perimeter-solutions.com\/es\/#\/schema\/logo\/image\/\",\"url\":\"https:\/\/www.perimeter-solutions.com\/wp-content\/uploads\/2021\/02\/perimeter-logo-RGB.png\",\"contentUrl\":\"https:\/\/www.perimeter-solutions.com\/wp-content\/uploads\/2021\/02\/perimeter-logo-RGB.png\",\"width\":794,\"height\":138,\"caption\":\"Perimeter Solutions\"},\"image\":{\"@id\":\"https:\/\/www.perimeter-solutions.com\/es\/#\/schema\/logo\/image\/\"}}]}<\/script>\n<!-- \/ Yoast SEO Premium plugin. -->","yoast_head_json":{"title":"Militar - Perimeter Solutions","robots":{"index":"index","follow":"follow","max-snippet":"max-snippet:-1","max-image-preview":"max-image-preview:large","max-video-preview":"max-video-preview:-1"},"canonical":"https:\/\/www.perimeter-solutions.com\/es\/militar\/","og_locale":"es_ES","og_type":"article","og_title":"Militar","og_description":"Militar Perimeter Solutions ofrece opciones de seguridad contra incendios y extinci\u00f3n de incendios a organizaciones militares, donde sea que se requieran. Somos l\u00edderes mundiales en espumas de extinci\u00f3n de incendios [&hellip;]","og_url":"https:\/\/www.perimeter-solutions.com\/es\/militar\/","og_site_name":"Perimeter Solutions","article_modified_time":"2024-08-15T16:00:48+00:00","twitter_card":"summary_large_image","twitter_misc":{"Tiempo de lectura":"3 minutos"},"schema":{"@context":"https:\/\/schema.org","@graph":[{"@type":"WebPage","@id":"https:\/\/www.perimeter-solutions.com\/es\/militar\/","url":"https:\/\/www.perimeter-solutions.com\/es\/militar\/","name":"Militar - Perimeter Solutions","isPartOf":{"@id":"https:\/\/www.perimeter-solutions.com\/es\/#website"},"datePublished":"2020-11-20T20:00:41+00:00","dateModified":"2024-08-15T16:00:48+00:00","inLanguage":"es","potentialAction":[{"@type":"ReadAction","target":["https:\/\/www.perimeter-solutions.com\/es\/militar\/"]}]},{"@type":"WebSite","@id":"https:\/\/www.perimeter-solutions.com\/es\/#website","url":"https:\/\/www.perimeter-solutions.com\/es\/","name":"Perimeter Solutions","description":"","publisher":{"@id":"https:\/\/www.perimeter-solutions.com\/es\/#organization"},"potentialAction":[{"@type":"SearchAction","target":{"@type":"EntryPoint","urlTemplate":"https:\/\/www.perimeter-solutions.com\/es\/?s={search_term_string}"},"query-input":{"@type":"PropertyValueSpecification","valueRequired":true,"valueName":"search_term_string"}}],"inLanguage":"es"},{"@type":"Organization","@id":"https:\/\/www.perimeter-solutions.com\/es\/#organization","name":"Perimeter Solutions","url":"https:\/\/www.perimeter-solutions.com\/es\/","logo":{"@type":"ImageObject","inLanguage":"es","@id":"https:\/\/www.perimeter-solutions.com\/es\/#\/schema\/logo\/image\/","url":"https:\/\/www.perimeter-solutions.com\/wp-content\/uploads\/2021\/02\/perimeter-logo-RGB.png","contentUrl":"https:\/\/www.perimeter-solutions.com\/wp-content\/uploads\/2021\/02\/perimeter-logo-RGB.png","width":794,"height":138,"caption":"Perimeter Solutions"},"image":{"@id":"https:\/\/www.perimeter-solutions.com\/es\/#\/schema\/logo\/image\/"}}]}},"_links":{"self":[{"href":"https:\/\/www.perimeter-solutions.com\/es\/wp-json\/wp\/v2\/pages\/25083","targetHints":{"allow":["GET"]}}],"collection":[{"href":"https:\/\/www.perimeter-solutions.com\/es\/wp-json\/wp\/v2\/pages"}],"about":[{"href":"https:\/\/www.perimeter-solutions.com\/es\/wp-json\/wp\/v2\/types\/page"}],"author":[{"embeddable":true,"href":"https:\/\/www.perimeter-solutions.com\/es\/wp-json\/wp\/v2\/users\/3"}],"replies":[{"embeddable":true,"href":"https:\/\/www.perimeter-solutions.com\/es\/wp-json\/wp\/v2\/comments?post=25083"}],"version-history":[{"count":10,"href":"https:\/\/www.perimeter-solutions.com\/es\/wp-json\/wp\/v2\/pages\/25083\/revisions"}],"predecessor-version":[{"id":43844,"href":"https:\/\/www.perimeter-solutions.com\/es\/wp-json\/wp\/v2\/pages\/25083\/revisions\/43844"}],"wp:attachment":[{"href":"https:\/\/www.perimeter-solutions.com\/es\/wp-json\/wp\/v2\/media?parent=25083"}],"curies":[{"name":"wp","href":"https:\/\/api.w.org\/{rel}","templated":true}]}}