{"id":24828,"date":"2020-11-19T23:09:16","date_gmt":"2020-11-20T04:09:16","guid":{"rendered":"https:\/\/www.perimeter-solutions.com\/tierra-salvaje\/"},"modified":"2024-08-15T10:16:04","modified_gmt":"2024-08-15T14:16:04","slug":"tierra-salvaje","status":"publish","type":"page","link":"https:\/\/www.perimeter-solutions.com\/es\/tierra-salvaje\/","title":{"rendered":"Tierra Salvaje"},"content":{"rendered":"\t\t<div data-elementor-type=\"wp-page\" data-elementor-id=\"24828\" class=\"elementor elementor-24828 elementor-16879\" data-elementor-post-type=\"page\">\n\t\t\t\t\t\t<section class=\"elementor-section elementor-top-section elementor-element elementor-element-a53ddb9 elementor-section-stretched elementor-section-boxed elementor-section-height-default elementor-section-height-default\" data-id=\"a53ddb9\" data-element_type=\"section\" data-e-type=\"section\" data-settings=\"{&quot;stretch_section&quot;:&quot;section-stretched&quot;,&quot;background_background&quot;:&quot;classic&quot;}\">\n\t\t\t\t\t\t<div class=\"elementor-container elementor-column-gap-default\">\n\t\t\t\t\t<div class=\"elementor-column elementor-col-100 elementor-top-column elementor-element elementor-element-8e1337c\" data-id=\"8e1337c\" data-element_type=\"column\" data-e-type=\"column\">\n\t\t\t<div class=\"elementor-widget-wrap elementor-element-populated\">\n\t\t\t\t\t\t<div class=\"elementor-element elementor-element-3fcef61 elementor-widget elementor-widget-heading\" data-id=\"3fcef61\" data-element_type=\"widget\" data-e-type=\"widget\" data-widget_type=\"heading.default\">\n\t\t\t\t<div class=\"elementor-widget-container\">\n\t\t\t\t\t<h1 class=\"elementor-heading-title elementor-size-default\">Tierra Salvaje<\/h1>\t\t\t\t<\/div>\n\t\t\t\t<\/div>\n\t\t\t\t\t<\/div>\n\t\t<\/div>\n\t\t\t\t\t<\/div>\n\t\t<\/section>\n\t\t\t\t<section class=\"elementor-section elementor-top-section elementor-element elementor-element-e36f22b elementor-section-boxed elementor-section-height-default elementor-section-height-default\" data-id=\"e36f22b\" data-element_type=\"section\" data-e-type=\"section\" data-settings=\"{&quot;background_background&quot;:&quot;classic&quot;}\">\n\t\t\t\t\t\t\t<div class=\"elementor-background-overlay\"><\/div>\n\t\t\t\t\t\t\t<div class=\"elementor-container elementor-column-gap-default\">\n\t\t\t\t\t<div class=\"elementor-column elementor-col-100 elementor-top-column elementor-element elementor-element-9ead739\" data-id=\"9ead739\" data-element_type=\"column\" data-e-type=\"column\">\n\t\t\t<div class=\"elementor-widget-wrap elementor-element-populated\">\n\t\t\t\t\t\t<div class=\"elementor-element elementor-element-d5454f1 elementor-widget elementor-widget-text-editor\" data-id=\"d5454f1\" data-element_type=\"widget\" data-e-type=\"widget\" data-widget_type=\"text-editor.default\">\n\t\t\t\t<div class=\"elementor-widget-container\">\n\t\t\t\t\t\t\t\t\t<p>Los retardantes del fuego de larga duraci\u00f3n, espumas de Clase A y geles de las marcas <sup>PHOS-CHEK\u00ae<\/sup> y <sup>FIRE-TROL\u00ae<\/sup> de Perimeter Solutions son los productos m\u00e1s seguros, eficaces y ecol\u00f3gicos del mundo para combatir, gestionar y controlar los incendios forestales.<br \/>\nLos productos qu\u00edmicos para incendios forestales de Perimeter Solutions han sido utilizados por los principales organismos de gesti\u00f3n de incendios de todo el mundo desde 1963.<br \/>\nLos nuevos productos innovadores de Perimeter Solutions incluyen nuestros retardantes de visibilidad ultra alta, la mejor espuma de clase A del mundo y nuestro exclusivo gel supresor de incendios.   Tambi\u00e9n ofrecemos una amplia gama de equipos y servicios.<\/p>\n\t\t\t\t\t\t\t\t<\/div>\n\t\t\t\t<\/div>\n\t\t\t\t<div class=\"elementor-element elementor-element-2a4dcfa elementor-widget elementor-widget-heading\" data-id=\"2a4dcfa\" data-element_type=\"widget\" data-e-type=\"widget\" data-widget_type=\"heading.default\">\n\t\t\t\t<div class=\"elementor-widget-container\">\n\t\t\t\t\t<h4 class=\"elementor-heading-title elementor-size-default\">Productos forestales<\/h4>\t\t\t\t<\/div>\n\t\t\t\t<\/div>\n\t\t\t\t<div class=\"elementor-element elementor-element-15cd118 elementor-widget elementor-widget-text-editor\" data-id=\"15cd118\" data-element_type=\"widget\" data-e-type=\"widget\" data-widget_type=\"text-editor.default\">\n\t\t\t\t<div class=\"elementor-widget-container\">\n\t\t\t\t\t\t\t\t\t<p><strong>Retardantes de fuego a\u00e9reo<\/strong><\/p>\n<p>Los retardantes de fuego a\u00e9reos PHOS-CHEK est\u00e1n disponibles en una variedad de formas f\u00edsicas, viscosidades y colores para cumplir con una variedad de requisitos de extinci\u00f3n de incendios. Todos los retardantes PHOS-CHEK est\u00e1n completamente calificados por el Servicio Forestal del USDA. Ofrecemos retardantes qu\u00edmicos de aplicaci\u00f3n a\u00e9rea y terrestre para el control y la gesti\u00f3n de incendios forestales.<\/p>\n<p><strong>Retardantes de fuego aplicados en tierra<\/strong><\/p>\n<div>\n<p><span class=\"contentpasted0\">Perimeter Solutions ofrece una amplia gama de retardantes del fuego aplicados al suelo para una protecci\u00f3n durante toda la temporada y para una aplicaci\u00f3n r\u00e1pida durante una quema programada o en condiciones de incendio forestal emergente. Estas soluciones est\u00e1n totalmente calificadas por el Servicio Forestal del USDA.<\/span>.<\/p>\n<p><strong>Espuma clase A<\/strong><\/p>\n<p>Perimeter Solutions ofrece una gama de opciones de espuma de Clase A para la extinci\u00f3n de incendios forestales bajo nuestra marca PHOS-CHEK. Estas espumas aumentan la eficacia del agua para la supresi\u00f3n directa y la limpieza y se pueden utilizar tanto en operaciones a\u00e9reas como terrestres.<strong><br \/><\/strong><br \/><strong>Equipo de espuma m\u00f3vil<\/strong><\/p>\n<p>El contenedor de espuma m\u00f3vil de Perimeter Solutions y los remolques de agente dual permiten que se desplieguen grandes cantidades de concentrado de espuma y otros productos qu\u00edmicos para una respuesta r\u00e1pida y una extinci\u00f3n r\u00e1pida. Se ofrecen en una variedad de tama\u00f1os y configuraciones y permiten una movilidad superior.<\/p>\n<p><strong>Servicios m\u00f3viles<\/strong><\/p>\n<p>Las bases de retardantes port\u00e1tiles de Perimeter Solutions pueden instalarse cerca del incendio para apoyar las operaciones de proximidad y respuesta r\u00e1pida de todos los tipos de sistemas de suministro a\u00e9reo. Las unidades terrestres pueden colocar el retardante con precisi\u00f3n, las 24 horas del d\u00eda, en casi todas las condiciones clim\u00e1ticas.<\/p>\n<p><strong>Equipo<\/strong><\/p>\n<p>El equipo de mezcla de Perimeter Solutions PHOS-CHEK proporciona una mezcla f\u00e1cil para respaldar las operaciones de aviones cisterna, helic\u00f3pteros y tierra. Tambi\u00e9n ofrecemos equipos para la aplicaci\u00f3n de retardantes de fuego, espumas y geles. Los sistemas se pueden fabricar y personalizar para una necesidad particular.<\/p>\n<\/div>\n\t\t\t\t\t\t\t\t<\/div>\n\t\t\t\t<\/div>\n\t\t\t\t\t<\/div>\n\t\t<\/div>\n\t\t\t\t\t<\/div>\n\t\t<\/section>\n\t\t\t\t<\/div>\n\t\t","protected":false},"excerpt":{"rendered":"<p>Seguridad Contra incendios Forestales PHOS-CHEK\u00ae y FIRE-TROL\u00ae son los retardantes &#8211; a largo plazo de Perimeter Solutions, los espum\u00f3genos \u00a0y geles Clase A son los productos m\u00e1s seguros, eficaces y [&hellip;]<\/p>\n","protected":false},"author":3,"featured_media":0,"parent":0,"menu_order":0,"comment_status":"closed","ping_status":"closed","template":"","meta":{"_acf_changed":false,"footnotes":""},"class_list":["post-24828","page","type-page","status-publish","hentry"],"acf":[],"yoast_head":"<!-- This site is optimized with the Yoast SEO Premium plugin v21.9 (Yoast SEO v23.5) - https:\/\/yoast.com\/wordpress\/plugins\/seo\/ -->\n<title>Tierra Salvaje - Perimeter Solutions<\/title>\n<meta name=\"description\" content=\"Perimeter Solutions\u2019 long-term foams and gels are the world\u2019s most effective products available for managing wildland fires.\" \/>\n<meta name=\"robots\" content=\"index, follow, max-snippet:-1, max-image-preview:large, max-video-preview:-1\" \/>\n<link rel=\"canonical\" href=\"https:\/\/www.perimeter-solutions.com\/es\/tierra-salvaje\/\" \/>\n<meta property=\"og:locale\" content=\"es_ES\" \/>\n<meta property=\"og:type\" content=\"article\" \/>\n<meta property=\"og:title\" content=\"Tierra Salvaje\" \/>\n<meta property=\"og:description\" content=\"Perimeter Solutions\u2019 long-term foams and gels are the world\u2019s most effective products available for managing wildland fires.\" \/>\n<meta property=\"og:url\" content=\"https:\/\/www.perimeter-solutions.com\/es\/tierra-salvaje\/\" \/>\n<meta property=\"og:site_name\" content=\"Perimeter Solutions\" \/>\n<meta property=\"article:modified_time\" content=\"2024-08-15T14:16:04+00:00\" \/>\n<meta name=\"twitter:card\" content=\"summary_large_image\" \/>\n<meta name=\"twitter:label1\" content=\"Tiempo de lectura\" \/>\n\t<meta name=\"twitter:data1\" content=\"3 minutos\" \/>\n<script type=\"application\/ld+json\" class=\"yoast-schema-graph\">{\"@context\":\"https:\/\/schema.org\",\"@graph\":[{\"@type\":\"WebPage\",\"@id\":\"https:\/\/www.perimeter-solutions.com\/es\/tierra-salvaje\/\",\"url\":\"https:\/\/www.perimeter-solutions.com\/es\/tierra-salvaje\/\",\"name\":\"Tierra Salvaje - Perimeter Solutions\",\"isPartOf\":{\"@id\":\"https:\/\/www.perimeter-solutions.com\/es\/#website\"},\"datePublished\":\"2020-11-20T04:09:16+00:00\",\"dateModified\":\"2024-08-15T14:16:04+00:00\",\"description\":\"Perimeter Solutions\u2019 long-term foams and gels are the world\u2019s most effective products available for managing wildland fires.\",\"inLanguage\":\"es\",\"potentialAction\":[{\"@type\":\"ReadAction\",\"target\":[\"https:\/\/www.perimeter-solutions.com\/es\/tierra-salvaje\/\"]}]},{\"@type\":\"WebSite\",\"@id\":\"https:\/\/www.perimeter-solutions.com\/es\/#website\",\"url\":\"https:\/\/www.perimeter-solutions.com\/es\/\",\"name\":\"Perimeter Solutions\",\"description\":\"\",\"publisher\":{\"@id\":\"https:\/\/www.perimeter-solutions.com\/es\/#organization\"},\"potentialAction\":[{\"@type\":\"SearchAction\",\"target\":{\"@type\":\"EntryPoint\",\"urlTemplate\":\"https:\/\/www.perimeter-solutions.com\/es\/?s={search_term_string}\"},\"query-input\":{\"@type\":\"PropertyValueSpecification\",\"valueRequired\":true,\"valueName\":\"search_term_string\"}}],\"inLanguage\":\"es\"},{\"@type\":\"Organization\",\"@id\":\"https:\/\/www.perimeter-solutions.com\/es\/#organization\",\"name\":\"Perimeter Solutions\",\"url\":\"https:\/\/www.perimeter-solutions.com\/es\/\",\"logo\":{\"@type\":\"ImageObject\",\"inLanguage\":\"es\",\"@id\":\"https:\/\/www.perimeter-solutions.com\/es\/#\/schema\/logo\/image\/\",\"url\":\"https:\/\/www.perimeter-solutions.com\/wp-content\/uploads\/2021\/02\/perimeter-logo-RGB.png\",\"contentUrl\":\"https:\/\/www.perimeter-solutions.com\/wp-content\/uploads\/2021\/02\/perimeter-logo-RGB.png\",\"width\":794,\"height\":138,\"caption\":\"Perimeter Solutions\"},\"image\":{\"@id\":\"https:\/\/www.perimeter-solutions.com\/es\/#\/schema\/logo\/image\/\"}}]}<\/script>\n<!-- \/ Yoast SEO Premium plugin. -->","yoast_head_json":{"title":"Tierra Salvaje - Perimeter Solutions","description":"Perimeter Solutions\u2019 long-term foams and gels are the world\u2019s most effective products available for managing wildland fires.","robots":{"index":"index","follow":"follow","max-snippet":"max-snippet:-1","max-image-preview":"max-image-preview:large","max-video-preview":"max-video-preview:-1"},"canonical":"https:\/\/www.perimeter-solutions.com\/es\/tierra-salvaje\/","og_locale":"es_ES","og_type":"article","og_title":"Tierra Salvaje","og_description":"Perimeter Solutions\u2019 long-term foams and gels are the world\u2019s most effective products available for managing wildland fires.","og_url":"https:\/\/www.perimeter-solutions.com\/es\/tierra-salvaje\/","og_site_name":"Perimeter Solutions","article_modified_time":"2024-08-15T14:16:04+00:00","twitter_card":"summary_large_image","twitter_misc":{"Tiempo de lectura":"3 minutos"},"schema":{"@context":"https:\/\/schema.org","@graph":[{"@type":"WebPage","@id":"https:\/\/www.perimeter-solutions.com\/es\/tierra-salvaje\/","url":"https:\/\/www.perimeter-solutions.com\/es\/tierra-salvaje\/","name":"Tierra Salvaje - Perimeter Solutions","isPartOf":{"@id":"https:\/\/www.perimeter-solutions.com\/es\/#website"},"datePublished":"2020-11-20T04:09:16+00:00","dateModified":"2024-08-15T14:16:04+00:00","description":"Perimeter Solutions\u2019 long-term foams and gels are the world\u2019s most effective products available for managing wildland fires.","inLanguage":"es","potentialAction":[{"@type":"ReadAction","target":["https:\/\/www.perimeter-solutions.com\/es\/tierra-salvaje\/"]}]},{"@type":"WebSite","@id":"https:\/\/www.perimeter-solutions.com\/es\/#website","url":"https:\/\/www.perimeter-solutions.com\/es\/","name":"Perimeter Solutions","description":"","publisher":{"@id":"https:\/\/www.perimeter-solutions.com\/es\/#organization"},"potentialAction":[{"@type":"SearchAction","target":{"@type":"EntryPoint","urlTemplate":"https:\/\/www.perimeter-solutions.com\/es\/?s={search_term_string}"},"query-input":{"@type":"PropertyValueSpecification","valueRequired":true,"valueName":"search_term_string"}}],"inLanguage":"es"},{"@type":"Organization","@id":"https:\/\/www.perimeter-solutions.com\/es\/#organization","name":"Perimeter Solutions","url":"https:\/\/www.perimeter-solutions.com\/es\/","logo":{"@type":"ImageObject","inLanguage":"es","@id":"https:\/\/www.perimeter-solutions.com\/es\/#\/schema\/logo\/image\/","url":"https:\/\/www.perimeter-solutions.com\/wp-content\/uploads\/2021\/02\/perimeter-logo-RGB.png","contentUrl":"https:\/\/www.perimeter-solutions.com\/wp-content\/uploads\/2021\/02\/perimeter-logo-RGB.png","width":794,"height":138,"caption":"Perimeter Solutions"},"image":{"@id":"https:\/\/www.perimeter-solutions.com\/es\/#\/schema\/logo\/image\/"}}]}},"_links":{"self":[{"href":"https:\/\/www.perimeter-solutions.com\/es\/wp-json\/wp\/v2\/pages\/24828","targetHints":{"allow":["GET"]}}],"collection":[{"href":"https:\/\/www.perimeter-solutions.com\/es\/wp-json\/wp\/v2\/pages"}],"about":[{"href":"https:\/\/www.perimeter-solutions.com\/es\/wp-json\/wp\/v2\/types\/page"}],"author":[{"embeddable":true,"href":"https:\/\/www.perimeter-solutions.com\/es\/wp-json\/wp\/v2\/users\/3"}],"replies":[{"embeddable":true,"href":"https:\/\/www.perimeter-solutions.com\/es\/wp-json\/wp\/v2\/comments?post=24828"}],"version-history":[{"count":8,"href":"https:\/\/www.perimeter-solutions.com\/es\/wp-json\/wp\/v2\/pages\/24828\/revisions"}],"predecessor-version":[{"id":43524,"href":"https:\/\/www.perimeter-solutions.com\/es\/wp-json\/wp\/v2\/pages\/24828\/revisions\/43524"}],"wp:attachment":[{"href":"https:\/\/www.perimeter-solutions.com\/es\/wp-json\/wp\/v2\/media?parent=24828"}],"curies":[{"name":"wp","href":"https:\/\/api.w.org\/{rel}","templated":true}]}}