{"id":24804,"date":"2020-12-01T21:15:58","date_gmt":"2020-12-02T02:15:58","guid":{"rendered":"https:\/\/www.perimeter-solutions.com\/carreras-en-perimeter-solutions\/"},"modified":"2024-08-15T11:59:56","modified_gmt":"2024-08-15T15:59:56","slug":"empleos-en-perimeter-solutions","status":"publish","type":"page","link":"https:\/\/www.perimeter-solutions.com\/es\/empleos-en-perimeter-solutions\/","title":{"rendered":"Empleos en Perimeter Solutions"},"content":{"rendered":"\t\t<div data-elementor-type=\"wp-page\" data-elementor-id=\"24804\" class=\"elementor elementor-24804 elementor-17447\" data-elementor-post-type=\"page\">\n\t\t\t\t\t\t<section class=\"elementor-section elementor-top-section elementor-element elementor-element-a53ddb9 elementor-section-stretched elementor-section-boxed elementor-section-height-default elementor-section-height-default\" data-id=\"a53ddb9\" data-element_type=\"section\" data-e-type=\"section\" data-settings=\"{&quot;stretch_section&quot;:&quot;section-stretched&quot;,&quot;background_background&quot;:&quot;classic&quot;}\">\n\t\t\t\t\t\t<div class=\"elementor-container elementor-column-gap-default\">\n\t\t\t\t\t<div class=\"elementor-column elementor-col-100 elementor-top-column elementor-element elementor-element-8e1337c\" data-id=\"8e1337c\" data-element_type=\"column\" data-e-type=\"column\">\n\t\t\t<div class=\"elementor-widget-wrap elementor-element-populated\">\n\t\t\t\t\t\t<div class=\"elementor-element elementor-element-3fcef61 elementor-widget elementor-widget-heading\" data-id=\"3fcef61\" data-element_type=\"widget\" data-e-type=\"widget\" data-widget_type=\"heading.default\">\n\t\t\t\t<div class=\"elementor-widget-container\">\n\t\t\t\t\t<h1 class=\"elementor-heading-title elementor-size-default\">Empleos en Perimeter Solutions<\/h1>\t\t\t\t<\/div>\n\t\t\t\t<\/div>\n\t\t\t\t\t<\/div>\n\t\t<\/div>\n\t\t\t\t\t<\/div>\n\t\t<\/section>\n\t\t\t\t<section class=\"elementor-section elementor-top-section elementor-element elementor-element-e36f22b elementor-section-boxed elementor-section-height-default elementor-section-height-default\" data-id=\"e36f22b\" data-element_type=\"section\" data-e-type=\"section\" data-settings=\"{&quot;background_background&quot;:&quot;classic&quot;}\">\n\t\t\t\t\t\t\t<div class=\"elementor-background-overlay\"><\/div>\n\t\t\t\t\t\t\t<div class=\"elementor-container elementor-column-gap-default\">\n\t\t\t\t\t<div class=\"elementor-column elementor-col-100 elementor-top-column elementor-element elementor-element-9ead739\" data-id=\"9ead739\" data-element_type=\"column\" data-e-type=\"column\">\n\t\t\t<div class=\"elementor-widget-wrap elementor-element-populated\">\n\t\t\t\t\t\t<div class=\"elementor-element elementor-element-0c290f4 elementor-widget elementor-widget-heading\" data-id=\"0c290f4\" data-element_type=\"widget\" data-e-type=\"widget\" data-widget_type=\"heading.default\">\n\t\t\t\t<div class=\"elementor-widget-container\">\n\t\t\t\t\t<h4 class=\"elementor-heading-title elementor-size-default\">\u00danete a nuestra empresa en crecimiento<\/h4>\t\t\t\t<\/div>\n\t\t\t\t<\/div>\n\t\t\t\t<div class=\"elementor-element elementor-element-d5454f1 elementor-widget elementor-widget-text-editor\" data-id=\"d5454f1\" data-element_type=\"widget\" data-e-type=\"widget\" data-widget_type=\"text-editor.default\">\n\t\t\t\t<div class=\"elementor-widget-container\">\n\t\t\t\t\t\t\t\t\t<p>En Perimeter Solutions, nuestro mayor activo es nuestra gente: nuestra diversa red global de cient\u00edficos e ingenieros, expertos en fabricaci\u00f3n, equipos de log\u00edstica y servicio, hacen de nuestra empresa la empresa que somos hoy; una compa\u00f1\u00eda vibrante y en crecimiento. Con emplazamientos en Am\u00e9rica del Norte y Europa, nuestra organizaci\u00f3n es lo suficientemente grande para ofrecerte oportunidades gratificantes, y a la vez lo suficientemente peque\u00f1a para que se reconozca tu arduo trabajo.<\/p>\n<p>Creemos que apoyar a nuestra gente, personal y profesionalmente, es la mejor manera de involucrar y motivar a nuestra fuerza laboral para lograr grandes cosas. Si tienes experiencia previa en productos qu\u00edmicos de extinci\u00f3n de incendios o aditivos para lubricantes, o reci\u00e9n est\u00e1s comenzando tu carrera profesional y te gustar\u00eda unirte a nuestro equipo dedicado a generar soluciones de alto rendimiento, no dudes en buscar entre nuestras vacantes.<\/p>\n<p>En Perimeter Solutions, nos comprometemos a mantener un entorno de igualdad de oportunidades y diversidad. Como empleador que ofrece igualdad de oportunidades, todos los solicitantes cualificados se considerar\u00e1n para el puesto de trabajo sin distinci\u00f3n de raza, color, religi\u00f3n, sexo, orientaci\u00f3n sexual, identidad de g\u00e9nero, origen nacional, edad, condici\u00f3n de veterano protegido o discapacidad.<\/p>\n<p>Si necesita ayuda para acceder a la informaci\u00f3n proporcionada en este sitio web, comun\u00edquese con la oficina corporativa de Perimeter Solutions al 314-396-7343 o<a href=\"mailto:jobs@perimeter-solutions.com\">\u00a0jobs@perimeter-solutions.com<\/a>\u00a0, para obtener m\u00e1s ayuda.<\/p>\n<p>Oportunidades laborales abiertas<\/p>\n<p>(Las oportunidades abiertas no las traducir\u00eda al espa\u00f1ol)<\/p>\n\t\t\t\t\t\t\t\t<\/div>\n\t\t\t\t<\/div>\n\t\t\t\t<div class=\"elementor-element elementor-element-91101f3 elementor-widget elementor-widget-heading\" data-id=\"91101f3\" data-element_type=\"widget\" data-e-type=\"widget\" data-widget_type=\"heading.default\">\n\t\t\t\t<div class=\"elementor-widget-container\">\n\t\t\t\t\t<h4 class=\"elementor-heading-title elementor-size-default\">Oportunidades laborales abiertas<\/h4>\t\t\t\t<\/div>\n\t\t\t\t<\/div>\n\t\t\t\t<div class=\"elementor-element elementor-element-cb5e75c elementor-widget elementor-widget-heading\" data-id=\"cb5e75c\" data-element_type=\"widget\" data-e-type=\"widget\" data-widget_type=\"heading.default\">\n\t\t\t\t<div class=\"elementor-widget-container\">\n\t\t\t\t\t<h4 class=\"elementor-heading-title elementor-size-default\"><a href=\"https:\/\/perimeter-solutions-lp.prismhr-hire.com\/job\/532406\/senior-analyst\">Senior Analyst<\/a><\/h4>\t\t\t\t<\/div>\n\t\t\t\t<\/div>\n\t\t\t\t<div class=\"elementor-element elementor-element-2048772 elementor-widget elementor-widget-heading\" data-id=\"2048772\" data-element_type=\"widget\" data-e-type=\"widget\" data-widget_type=\"heading.default\">\n\t\t\t\t<div class=\"elementor-widget-container\">\n\t\t\t\t\t<h4 class=\"elementor-heading-title elementor-size-default\"><a href=\"https:\/\/ca.indeed.com\/job\/field-technical-representative-wildfire-retardant-industry-2350510a23c4a9a4\">BC Technical Representative<\/a><\/h4>\t\t\t\t<\/div>\n\t\t\t\t<\/div>\n\t\t\t\t<div class=\"elementor-element elementor-element-c9fc635 elementor-widget elementor-widget-heading\" data-id=\"c9fc635\" data-element_type=\"widget\" data-e-type=\"widget\" data-widget_type=\"heading.default\">\n\t\t\t\t<div class=\"elementor-widget-container\">\n\t\t\t\t\t<h4 class=\"elementor-heading-title elementor-size-default\"><a href=\"https:\/\/perimeter-solutions-lp.prismhr-hire.com\/job\/545030\/u-s-airbase-regional-manager-region-3\">U.S. Airbase Regional Manager \u2013 Region 3<\/a><\/h4>\t\t\t\t<\/div>\n\t\t\t\t<\/div>\n\t\t\t\t<div class=\"elementor-element elementor-element-46ceea3 elementor-widget elementor-widget-heading\" data-id=\"46ceea3\" data-element_type=\"widget\" data-e-type=\"widget\" data-widget_type=\"heading.default\">\n\t\t\t\t<div class=\"elementor-widget-container\">\n\t\t\t\t\t<h4 class=\"elementor-heading-title elementor-size-default\"><a href=\"https:\/\/perimeter-solutions-lp.prismhr-hire.com\/job\/545076\/u-s-airbase-regional-manager-region-4\">U.S. Airbase Regional Manager \u2013 Region 4<\/a><\/h4>\t\t\t\t<\/div>\n\t\t\t\t<\/div>\n\t\t\t\t<div class=\"elementor-element elementor-element-7b6990b elementor-widget elementor-widget-heading\" data-id=\"7b6990b\" data-element_type=\"widget\" data-e-type=\"widget\" data-widget_type=\"heading.default\">\n\t\t\t\t<div class=\"elementor-widget-container\">\n\t\t\t\t\t<h4 class=\"elementor-heading-title elementor-size-default\"><a href=\"https:\/\/perimeter-solutions-lp.prismhr-hire.com\/job\/549652\/manager-external-reporting-and-technical-accounting\">Manager\u2014External Reporting and Technical Accounting<\/a><\/h4>\t\t\t\t<\/div>\n\t\t\t\t<\/div>\n\t\t\t\t\t<\/div>\n\t\t<\/div>\n\t\t\t\t\t<\/div>\n\t\t<\/section>\n\t\t\t\t<\/div>\n\t\t","protected":false},"excerpt":{"rendered":"<p>Empleos en Perimeter Solutions \u00danete a nuestra empresa en crecimiento En Perimeter Solutions, nuestro mayor activo es nuestra gente: nuestra diversa red global de cient\u00edficos e ingenieros, expertos en fabricaci\u00f3n, [&hellip;]<\/p>\n","protected":false},"author":3,"featured_media":0,"parent":0,"menu_order":0,"comment_status":"closed","ping_status":"closed","template":"","meta":{"_acf_changed":false,"footnotes":""},"class_list":["post-24804","page","type-page","status-publish","hentry"],"acf":[],"yoast_head":"<!-- This site is optimized with the Yoast SEO Premium plugin v21.9 (Yoast SEO v23.5) - https:\/\/yoast.com\/wordpress\/plugins\/seo\/ -->\n<title>Empleos en Perimeter Solutions - Perimeter Solutions<\/title>\n<meta name=\"description\" content=\"En Perimeter Solutions, nuestro mayor activo es nuestra gente cuyas carreras hacen de nuestra empresa la empresa vibrante y en crecimiento que es hoy.\" \/>\n<meta name=\"robots\" content=\"index, follow, max-snippet:-1, max-image-preview:large, max-video-preview:-1\" \/>\n<link rel=\"canonical\" href=\"https:\/\/www.perimeter-solutions.com\/es\/empleos-en-perimeter-solutions\/\" \/>\n<meta property=\"og:locale\" content=\"es_ES\" \/>\n<meta property=\"og:type\" content=\"article\" \/>\n<meta property=\"og:title\" content=\"Empleos en Perimeter Solutions\" \/>\n<meta property=\"og:description\" content=\"En Perimeter Solutions, nuestro mayor activo es nuestra gente cuyas carreras hacen de nuestra empresa la empresa vibrante y en crecimiento que es hoy.\" \/>\n<meta property=\"og:url\" content=\"https:\/\/www.perimeter-solutions.com\/es\/empleos-en-perimeter-solutions\/\" \/>\n<meta property=\"og:site_name\" content=\"Perimeter Solutions\" \/>\n<meta property=\"article:modified_time\" content=\"2024-08-15T15:59:56+00:00\" \/>\n<meta name=\"twitter:card\" content=\"summary_large_image\" \/>\n<meta name=\"twitter:label1\" content=\"Tiempo de lectura\" \/>\n\t<meta name=\"twitter:data1\" content=\"2 minutos\" \/>\n<script type=\"application\/ld+json\" class=\"yoast-schema-graph\">{\"@context\":\"https:\/\/schema.org\",\"@graph\":[{\"@type\":\"WebPage\",\"@id\":\"https:\/\/www.perimeter-solutions.com\/es\/empleos-en-perimeter-solutions\/\",\"url\":\"https:\/\/www.perimeter-solutions.com\/es\/empleos-en-perimeter-solutions\/\",\"name\":\"Empleos en Perimeter Solutions - Perimeter Solutions\",\"isPartOf\":{\"@id\":\"https:\/\/www.perimeter-solutions.com\/es\/#website\"},\"datePublished\":\"2020-12-02T02:15:58+00:00\",\"dateModified\":\"2024-08-15T15:59:56+00:00\",\"description\":\"En Perimeter Solutions, nuestro mayor activo es nuestra gente cuyas carreras hacen de nuestra empresa la empresa vibrante y en crecimiento que es hoy.\",\"inLanguage\":\"es\",\"potentialAction\":[{\"@type\":\"ReadAction\",\"target\":[\"https:\/\/www.perimeter-solutions.com\/es\/empleos-en-perimeter-solutions\/\"]}]},{\"@type\":\"WebSite\",\"@id\":\"https:\/\/www.perimeter-solutions.com\/es\/#website\",\"url\":\"https:\/\/www.perimeter-solutions.com\/es\/\",\"name\":\"Perimeter Solutions\",\"description\":\"\",\"publisher\":{\"@id\":\"https:\/\/www.perimeter-solutions.com\/es\/#organization\"},\"potentialAction\":[{\"@type\":\"SearchAction\",\"target\":{\"@type\":\"EntryPoint\",\"urlTemplate\":\"https:\/\/www.perimeter-solutions.com\/es\/?s={search_term_string}\"},\"query-input\":{\"@type\":\"PropertyValueSpecification\",\"valueRequired\":true,\"valueName\":\"search_term_string\"}}],\"inLanguage\":\"es\"},{\"@type\":\"Organization\",\"@id\":\"https:\/\/www.perimeter-solutions.com\/es\/#organization\",\"name\":\"Perimeter Solutions\",\"url\":\"https:\/\/www.perimeter-solutions.com\/es\/\",\"logo\":{\"@type\":\"ImageObject\",\"inLanguage\":\"es\",\"@id\":\"https:\/\/www.perimeter-solutions.com\/es\/#\/schema\/logo\/image\/\",\"url\":\"https:\/\/www.perimeter-solutions.com\/wp-content\/uploads\/2021\/02\/perimeter-logo-RGB.png\",\"contentUrl\":\"https:\/\/www.perimeter-solutions.com\/wp-content\/uploads\/2021\/02\/perimeter-logo-RGB.png\",\"width\":794,\"height\":138,\"caption\":\"Perimeter Solutions\"},\"image\":{\"@id\":\"https:\/\/www.perimeter-solutions.com\/es\/#\/schema\/logo\/image\/\"}}]}<\/script>\n<!-- \/ Yoast SEO Premium plugin. -->","yoast_head_json":{"title":"Empleos en Perimeter Solutions - Perimeter Solutions","description":"En Perimeter Solutions, nuestro mayor activo es nuestra gente cuyas carreras hacen de nuestra empresa la empresa vibrante y en crecimiento que es hoy.","robots":{"index":"index","follow":"follow","max-snippet":"max-snippet:-1","max-image-preview":"max-image-preview:large","max-video-preview":"max-video-preview:-1"},"canonical":"https:\/\/www.perimeter-solutions.com\/es\/empleos-en-perimeter-solutions\/","og_locale":"es_ES","og_type":"article","og_title":"Empleos en Perimeter Solutions","og_description":"En Perimeter Solutions, nuestro mayor activo es nuestra gente cuyas carreras hacen de nuestra empresa la empresa vibrante y en crecimiento que es hoy.","og_url":"https:\/\/www.perimeter-solutions.com\/es\/empleos-en-perimeter-solutions\/","og_site_name":"Perimeter Solutions","article_modified_time":"2024-08-15T15:59:56+00:00","twitter_card":"summary_large_image","twitter_misc":{"Tiempo de lectura":"2 minutos"},"schema":{"@context":"https:\/\/schema.org","@graph":[{"@type":"WebPage","@id":"https:\/\/www.perimeter-solutions.com\/es\/empleos-en-perimeter-solutions\/","url":"https:\/\/www.perimeter-solutions.com\/es\/empleos-en-perimeter-solutions\/","name":"Empleos en Perimeter Solutions - Perimeter Solutions","isPartOf":{"@id":"https:\/\/www.perimeter-solutions.com\/es\/#website"},"datePublished":"2020-12-02T02:15:58+00:00","dateModified":"2024-08-15T15:59:56+00:00","description":"En Perimeter Solutions, nuestro mayor activo es nuestra gente cuyas carreras hacen de nuestra empresa la empresa vibrante y en crecimiento que es hoy.","inLanguage":"es","potentialAction":[{"@type":"ReadAction","target":["https:\/\/www.perimeter-solutions.com\/es\/empleos-en-perimeter-solutions\/"]}]},{"@type":"WebSite","@id":"https:\/\/www.perimeter-solutions.com\/es\/#website","url":"https:\/\/www.perimeter-solutions.com\/es\/","name":"Perimeter Solutions","description":"","publisher":{"@id":"https:\/\/www.perimeter-solutions.com\/es\/#organization"},"potentialAction":[{"@type":"SearchAction","target":{"@type":"EntryPoint","urlTemplate":"https:\/\/www.perimeter-solutions.com\/es\/?s={search_term_string}"},"query-input":{"@type":"PropertyValueSpecification","valueRequired":true,"valueName":"search_term_string"}}],"inLanguage":"es"},{"@type":"Organization","@id":"https:\/\/www.perimeter-solutions.com\/es\/#organization","name":"Perimeter Solutions","url":"https:\/\/www.perimeter-solutions.com\/es\/","logo":{"@type":"ImageObject","inLanguage":"es","@id":"https:\/\/www.perimeter-solutions.com\/es\/#\/schema\/logo\/image\/","url":"https:\/\/www.perimeter-solutions.com\/wp-content\/uploads\/2021\/02\/perimeter-logo-RGB.png","contentUrl":"https:\/\/www.perimeter-solutions.com\/wp-content\/uploads\/2021\/02\/perimeter-logo-RGB.png","width":794,"height":138,"caption":"Perimeter Solutions"},"image":{"@id":"https:\/\/www.perimeter-solutions.com\/es\/#\/schema\/logo\/image\/"}}]}},"_links":{"self":[{"href":"https:\/\/www.perimeter-solutions.com\/es\/wp-json\/wp\/v2\/pages\/24804","targetHints":{"allow":["GET"]}}],"collection":[{"href":"https:\/\/www.perimeter-solutions.com\/es\/wp-json\/wp\/v2\/pages"}],"about":[{"href":"https:\/\/www.perimeter-solutions.com\/es\/wp-json\/wp\/v2\/types\/page"}],"author":[{"embeddable":true,"href":"https:\/\/www.perimeter-solutions.com\/es\/wp-json\/wp\/v2\/users\/3"}],"replies":[{"embeddable":true,"href":"https:\/\/www.perimeter-solutions.com\/es\/wp-json\/wp\/v2\/comments?post=24804"}],"version-history":[{"count":11,"href":"https:\/\/www.perimeter-solutions.com\/es\/wp-json\/wp\/v2\/pages\/24804\/revisions"}],"predecessor-version":[{"id":43841,"href":"https:\/\/www.perimeter-solutions.com\/es\/wp-json\/wp\/v2\/pages\/24804\/revisions\/43841"}],"wp:attachment":[{"href":"https:\/\/www.perimeter-solutions.com\/es\/wp-json\/wp\/v2\/media?parent=24804"}],"curies":[{"name":"wp","href":"https:\/\/api.w.org\/{rel}","templated":true}]}}