{"id":24752,"date":"2020-12-01T19:32:19","date_gmt":"2020-12-02T00:32:19","guid":{"rendered":"https:\/\/www.perimeter-solutions.com\/medio-ambiente-seguridad-salud-y-seguridad\/"},"modified":"2024-08-15T11:55:12","modified_gmt":"2024-08-15T15:55:12","slug":"medio-ambiente-salud-seguridad-y-proteccion","status":"publish","type":"page","link":"https:\/\/www.perimeter-solutions.com\/es\/medio-ambiente-salud-seguridad-y-proteccion\/","title":{"rendered":"Medio ambiente, salud, seguridad y protecci\u00f3n"},"content":{"rendered":"\t\t<div data-elementor-type=\"wp-page\" data-elementor-id=\"24752\" class=\"elementor elementor-24752 elementor-17433\" data-elementor-post-type=\"page\">\n\t\t\t\t\t\t<section class=\"elementor-section elementor-top-section elementor-element elementor-element-a53ddb9 elementor-section-stretched elementor-section-boxed elementor-section-height-default elementor-section-height-default\" data-id=\"a53ddb9\" data-element_type=\"section\" data-e-type=\"section\" data-settings=\"{&quot;stretch_section&quot;:&quot;section-stretched&quot;,&quot;background_background&quot;:&quot;classic&quot;}\">\n\t\t\t\t\t\t<div class=\"elementor-container elementor-column-gap-default\">\n\t\t\t\t\t<div class=\"elementor-column elementor-col-100 elementor-top-column elementor-element elementor-element-8e1337c\" data-id=\"8e1337c\" data-element_type=\"column\" data-e-type=\"column\">\n\t\t\t<div class=\"elementor-widget-wrap elementor-element-populated\">\n\t\t\t\t\t\t<div class=\"elementor-element elementor-element-3fcef61 elementor-widget elementor-widget-heading\" data-id=\"3fcef61\" data-element_type=\"widget\" data-e-type=\"widget\" data-widget_type=\"heading.default\">\n\t\t\t\t<div class=\"elementor-widget-container\">\n\t\t\t\t\t<h1 class=\"elementor-heading-title elementor-size-default\">Medio ambiente, salud, seguridad y protecci\u00f3n <\/h1>\t\t\t\t<\/div>\n\t\t\t\t<\/div>\n\t\t\t\t\t<\/div>\n\t\t<\/div>\n\t\t\t\t\t<\/div>\n\t\t<\/section>\n\t\t\t\t<section class=\"elementor-section elementor-top-section elementor-element elementor-element-e36f22b elementor-section-boxed elementor-section-height-default elementor-section-height-default\" data-id=\"e36f22b\" data-element_type=\"section\" data-e-type=\"section\" data-settings=\"{&quot;background_background&quot;:&quot;classic&quot;}\">\n\t\t\t\t\t\t\t<div class=\"elementor-background-overlay\"><\/div>\n\t\t\t\t\t\t\t<div class=\"elementor-container elementor-column-gap-default\">\n\t\t\t\t\t<div class=\"elementor-column elementor-col-100 elementor-top-column elementor-element elementor-element-9ead739\" data-id=\"9ead739\" data-element_type=\"column\" data-e-type=\"column\">\n\t\t\t<div class=\"elementor-widget-wrap elementor-element-populated\">\n\t\t\t\t\t\t<div class=\"elementor-element elementor-element-d5454f1 elementor-widget elementor-widget-text-editor\" data-id=\"d5454f1\" data-element_type=\"widget\" data-e-type=\"widget\" data-widget_type=\"text-editor.default\">\n\t\t\t\t<div class=\"elementor-widget-container\">\n\t\t\t\t\t\t\t\t\t<p>Perimeter Solutions se compromete a nivel mundial en el apoyo, establecimiento y pr\u00e1ctica de iniciativas de referencia a nivel mundial en los \u00e1mbitos de protecci\u00f3n, salud, seguridad y medio ambiente para la industria. Estamos comprometidos en la realizaci\u00f3n de operaciones y actividades de manera que proporcione y mantenga condiciones de trabajo seguras y saludables, proteja el medio ambiente y conserve los recursos naturales. Para cumplir con este compromiso, nuestra pol\u00edtica es que nadie se involucre en ninguna conducta que viole las leyes ambientales, de salud y seguridad.<\/p>\n<p><strong>Nuestro compromiso con la SEGURIDAD es primordial, con una cultura de cero incidentes.\u00a0<\/strong><\/p>\n<p>Nuestra cultura de seguridad se rige por los siguientes principios:<\/p>\n<p>Nada de lo que hacemos vale la pena si ponemos en riesgo o da\u00f1amos a nuestros empleados, colaboradores o medio ambiente.<\/p>\n<ul>\n<li>Nuestras operaciones y sistemas de distribuci\u00f3n son seguros para los contratistas e invitados del emplazamiento, la comunidad, nosotros mismos y el medio ambiente en todo momento.<\/li>\n<li>Toda nuestra organizaci\u00f3n participa activamente y hace contribuciones con impacto positivo en seguridad, salud, protecci\u00f3n y medioambiente.<\/li>\n<li>Desarrollamos, implementamos y mantenemos activos sistemas efectivos de gesti\u00f3n medioambiental, de salud y seguridad que reflejan las pol\u00edticas y principios de Perimeter Solutions.<\/li>\n<li>Entregamos productos que son seguros y respetuosos con el medio ambiente cuando se utilizan de forma responsable.<\/li>\n<li>Nos asociamos con proveedores contrastados en emergencias para salvaguardar a las personas, las infraestructuras y la informaci\u00f3n, protegiendo nuestros emplazamientos, sistemas cibern\u00e9ticos y cadenas de valor de productos.<\/li>\n<li>Mantenemos y verificamos el cumplimiento de todas las leyes, regulaciones y acuerdos regulatorios aplicables.<\/li>\n<\/ul>\n<p><strong>Una compa\u00f1\u00eda comprometida con el medioambiente<\/strong><\/p>\n<p>Perimeter Solutions se compromete a fabricar productos de alta calidad y al mismo tiempo proteger y preservar los recursos naturales de la Tierra.<\/p>\n<p>La operaci\u00f3n de Perimeter Solutions en Green Bay, Wisconsin se ha desarrollado con una responsabilidad \u00abecol\u00f3gica\u00bb con el medio ambiente. Los edificios est\u00e1n dise\u00f1ados para tener la certificaci\u00f3n LEED (Liderazgo en Energ\u00eda y Dise\u00f1o Ambiental). LEED es un sistema de certificaci\u00f3n de edificios ecol\u00f3gicos reconocido internacionalmente. Desarrollado por el US Green Building Council (USGBC), LEED proporciona a los operadores y propietarios de edificios un marco para identificar e implementar soluciones pr\u00e1cticas y medibles de dise\u00f1o, construcci\u00f3n, operaciones y mantenimiento de edificios ecol\u00f3gicos.<\/p>\n<p>La operaci\u00f3n de la compa\u00f1\u00eda en Noruega ha sido galardonada con la Certificaci\u00f3n Eco-Lighthouse, un prestigioso status que cuenta con el respaldo del Ministerio de Medio Ambiente de Noruega. La certificaci\u00f3n Eco-Lighthouse reconoce a nuestra marca SOLBERG como una marca que trabaja hacia la sostenibilidad mediante la implementaci\u00f3n de pr\u00e1cticas y procesos que reducen el impacto en el medio ambiente y reducen los costes generales empresariales .<\/p>\n<p>El proceso de certificaci\u00f3n de Eco-Lighthouse, que dur\u00f3 cuatro meses en completarse, involucr\u00f3 tanto a la gerencia como a los empleados. El proceso involucr\u00f3 a empleados que trabajaban en colaboraci\u00f3n para realizar un an\u00e1lisis ambiental de las pr\u00e1cticas y procedimientos en la planta de fabricaci\u00f3n. Se formaron \u201cequipos medioambientales\u201d para desarrollar planes de acci\u00f3n y se ejecutaron soluciones para cumplir con los requisitos de certificaci\u00f3n de Eco-Lighthouse. El plan de acci\u00f3n y an\u00e1lisis medioambiental de Perimeter Solutions se centra en las siguientes \u00e1reas:<\/p>\n\t\t\t\t\t\t\t\t<\/div>\n\t\t\t\t<\/div>\n\t\t\t\t<div class=\"elementor-element elementor-element-986dfc3 elementor-widget elementor-widget-image\" data-id=\"986dfc3\" data-element_type=\"widget\" data-e-type=\"widget\" data-widget_type=\"image.default\">\n\t\t\t\t<div class=\"elementor-widget-container\">\n\t\t\t\t\t\t\t\t\t\t\t\t\t\t\t<img decoding=\"async\" width=\"300\" height=\"160\" src=\"https:\/\/www.perimeter-solutions.com\/wp-content\/uploads\/2022\/05\/ISO9001-ISO14001.jpg\" class=\"attachment-medium size-medium wp-image-32117\" alt=\"\" \/>\t\t\t\t\t\t\t\t\t\t\t\t\t\t\t<\/div>\n\t\t\t\t<\/div>\n\t\t\t\t<section class=\"elementor-section elementor-inner-section elementor-element elementor-element-e5f9bcc elementor-section-boxed elementor-section-height-default elementor-section-height-default\" data-id=\"e5f9bcc\" data-element_type=\"section\" data-e-type=\"section\">\n\t\t\t\t\t\t<div class=\"elementor-container elementor-column-gap-default\">\n\t\t\t\t\t<div class=\"elementor-column elementor-col-100 elementor-inner-column elementor-element elementor-element-9efa689\" data-id=\"9efa689\" data-element_type=\"column\" data-e-type=\"column\">\n\t\t\t<div class=\"elementor-widget-wrap elementor-element-populated\">\n\t\t\t\t\t\t<div class=\"elementor-element elementor-element-c29f18c elementor-icon-list--layout-traditional elementor-list-item-link-full_width elementor-widget elementor-widget-icon-list\" data-id=\"c29f18c\" data-element_type=\"widget\" data-e-type=\"widget\" data-widget_type=\"icon-list.default\">\n\t\t\t\t<div class=\"elementor-widget-container\">\n\t\t\t\t\t\t\t<ul class=\"elementor-icon-list-items\">\n\t\t\t\t\t\t\t<li class=\"elementor-icon-list-item\">\n\t\t\t\t\t\t\t\t\t\t\t<span class=\"elementor-icon-list-icon\">\n\t\t\t\t\t\t\t<i aria-hidden=\"true\" class=\"fas fa-check-circle\"><\/i>\t\t\t\t\t\t<\/span>\n\t\t\t\t\t\t\t\t\t\t<span class=\"elementor-icon-list-text\">Ambiente de trabajo<\/span>\n\t\t\t\t\t\t\t\t\t<\/li>\n\t\t\t\t\t\t\t\t<li class=\"elementor-icon-list-item\">\n\t\t\t\t\t\t\t\t\t\t\t<span class=\"elementor-icon-list-icon\">\n\t\t\t\t\t\t\t<i aria-hidden=\"true\" class=\"fas fa-check-circle\"><\/i>\t\t\t\t\t\t<\/span>\n\t\t\t\t\t\t\t\t\t\t<span class=\"elementor-icon-list-text\">Reducci\u00f3n de residuos<\/span>\n\t\t\t\t\t\t\t\t\t<\/li>\n\t\t\t\t\t\t\t\t<li class=\"elementor-icon-list-item\">\n\t\t\t\t\t\t\t\t\t\t\t<span class=\"elementor-icon-list-icon\">\n\t\t\t\t\t\t\t<i aria-hidden=\"true\" class=\"fas fa-check-circle\"><\/i>\t\t\t\t\t\t<\/span>\n\t\t\t\t\t\t\t\t\t\t<span class=\"elementor-icon-list-text\">Manejo de Residuos<\/span>\n\t\t\t\t\t\t\t\t\t<\/li>\n\t\t\t\t\t\t<\/ul>\n\t\t\t\t\t\t<\/div>\n\t\t\t\t<\/div>\n\t\t\t\t\t<\/div>\n\t\t<\/div>\n\t\t\t\t\t<\/div>\n\t\t<\/section>\n\t\t\t\t<div class=\"elementor-element elementor-element-174a92a elementor-widget elementor-widget-text-editor\" data-id=\"174a92a\" data-element_type=\"widget\" data-e-type=\"widget\" data-widget_type=\"text-editor.default\">\n\t\t\t\t<div class=\"elementor-widget-container\">\n\t\t\t\t\t\t\t\t\t<p>Perimeter Solutions est\u00e1 comprometida con los objetivos de calidad, servicio, seguridad, y con nuestra responsabilidad medioambiental. Esta es una filosof\u00eda que nos permite prosperar al tiempo que ofrecemos una innovaci\u00f3n y un valor cada vez mayores a nuestros socios y clientes.<\/p>\n<p>Perimeter Solutions se compromete a liderar la industria de extinci\u00f3n de incendios con productos innovadores y de alto rendimiento.<\/p>\n\t\t\t\t\t\t\t\t<\/div>\n\t\t\t\t<\/div>\n\t\t\t\t<div class=\"elementor-element elementor-element-01b0dea elementor-hidden-desktop elementor-hidden-tablet elementor-hidden-phone elementor-widget elementor-widget-heading\" data-id=\"01b0dea\" data-element_type=\"widget\" data-e-type=\"widget\" data-widget_type=\"heading.default\">\n\t\t\t\t<div class=\"elementor-widget-container\">\n\t\t\t\t\t<h4 class=\"elementor-heading-title elementor-size-default\">Cuidado del medio ambiente<\/h4>\t\t\t\t<\/div>\n\t\t\t\t<\/div>\n\t\t\t\t<div class=\"elementor-element elementor-element-65efe6a elementor-hidden-desktop elementor-hidden-tablet elementor-hidden-phone elementor-widget elementor-widget-text-editor\" data-id=\"65efe6a\" data-element_type=\"widget\" data-e-type=\"widget\" data-widget_type=\"text-editor.default\">\n\t\t\t\t<div class=\"elementor-widget-container\">\n\t\t\t\t\t\t\t\t\t<p><strong>Posici\u00f3n de la empresa de Perimeter Solutions en espumas contra incendios que contienen fl\u00faor<br \/><\/strong> Es la posici\u00f3n de Perimeter Solutions que nuestro SOLBERG<sup> \u00ae<\/sup> Las espumas extintoras de incendios son los concentrados de espuma contra incendios m\u00e1s efectivos del mundo para la eliminaci\u00f3n de llamas, el control de incendios, la extinci\u00f3n y la resistencia a la quema. El control, el tiempo de extinci\u00f3n y la resistencia al quemado son fundamentales para la seguridad de los bomberos en todas partes.<\/p>\n<p>El Programa de Administraci\u00f3n Voluntaria de la EPA de EE. UU. Declar\u00f3 que para fines de 2010, la industria trabajar\u00eda para lograr una meta intermedia de reducci\u00f3n del 95% en la producci\u00f3n y el uso de productos qu\u00edmicos perfluorados de cadena larga (LCPFC). A finales de 2015, el objetivo era eliminar gradualmente la producci\u00f3n y el uso de productos qu\u00edmicos perfluorados de cadena larga. La empresa SOLBERG logr\u00f3 el cumplimiento total en 2015 de su gama completa de concentrados de espuma sin fl\u00faor.<\/p>\n<p><span style=\"letter-spacing: 0px;\" data-mce-style=\"letter-spacing: 0px;\">Si bien este Programa de administraci\u00f3n voluntaria aborda la persistencia, bioacumulaci\u00f3n y toxicidad (PBT) de los productos qu\u00edmicos perfluorados de cadena larga, no aborda el rendimiento de extinci\u00f3n de incendios de los concentrados de espuma basados \u200b\u200ben la nueva generaci\u00f3n de productos qu\u00edmicos perfluorados de cadena corta.<\/span><\/p>\n<p><strong style=\"letter-spacing: 0px;\" data-mce-style=\"letter-spacing: 0px;\">Perimeter Solutions se compromete a liderar la industria de extinci\u00f3n de incendios con espuma con productos innovadores y de alto rendimiento.<\/strong><\/p>\n\t\t\t\t\t\t\t\t<\/div>\n\t\t\t\t<\/div>\n\t\t\t\t<div class=\"elementor-element elementor-element-04c0294 elementor-widget elementor-widget-text-editor\" data-id=\"04c0294\" data-element_type=\"widget\" data-e-type=\"widget\" data-widget_type=\"text-editor.default\">\n\t\t\t\t<div class=\"elementor-widget-container\">\n\t\t\t\t\t\t\t\t\t<p><strong>Perimeter Solutions se compromete a liderar la industria de extinci\u00f3n de incendios con productos innovadores y de alto rendimiento.<\/strong><\/p>\n\t\t\t\t\t\t\t\t<\/div>\n\t\t\t\t<\/div>\n\t\t\t\t<div class=\"elementor-element elementor-element-c5491ed elementor-widget elementor-widget-image\" data-id=\"c5491ed\" data-element_type=\"widget\" data-e-type=\"widget\" data-widget_type=\"image.default\">\n\t\t\t\t<div class=\"elementor-widget-container\">\n\t\t\t\t\t\t\t\t\t\t\t\t\t\t\t<img decoding=\"async\" width=\"300\" height=\"143\" src=\"https:\/\/www.perimeter-solutions.com\/wp-content\/uploads\/2022\/05\/eco-logos4.jpg\" class=\"attachment-medium size-medium wp-image-32121\" alt=\"\" \/>\t\t\t\t\t\t\t\t\t\t\t\t\t\t\t<\/div>\n\t\t\t\t<\/div>\n\t\t\t\t\t<\/div>\n\t\t<\/div>\n\t\t\t\t\t<\/div>\n\t\t<\/section>\n\t\t\t\t<\/div>\n\t\t","protected":false},"excerpt":{"rendered":"<p>Medio ambiente, salud, seguridad y protecci\u00f3n Perimeter Solutions se compromete a nivel mundial en el apoyo, establecimiento y pr\u00e1ctica de iniciativas de referencia a nivel mundial en los \u00e1mbitos de [&hellip;]<\/p>\n","protected":false},"author":3,"featured_media":0,"parent":0,"menu_order":0,"comment_status":"closed","ping_status":"closed","template":"","meta":{"_acf_changed":false,"footnotes":""},"class_list":["post-24752","page","type-page","status-publish","hentry"],"acf":[],"yoast_head":"<!-- This site is optimized with the Yoast SEO Premium plugin v21.9 (Yoast SEO v23.5) - https:\/\/yoast.com\/wordpress\/plugins\/seo\/ -->\n<title>Medio ambiente, salud, seguridad y protecci\u00f3n - Perimeter Solutions<\/title>\n<meta name=\"description\" content=\"Perimeter Solutions is globally engaged in supporting and practicing world-class environmental, health, safety and security initiatives.\" \/>\n<meta name=\"robots\" content=\"index, follow, max-snippet:-1, max-image-preview:large, max-video-preview:-1\" \/>\n<link rel=\"canonical\" href=\"https:\/\/www.perimeter-solutions.com\/es\/medio-ambiente-salud-seguridad-y-proteccion\/\" \/>\n<meta property=\"og:locale\" content=\"es_ES\" \/>\n<meta property=\"og:type\" content=\"article\" \/>\n<meta property=\"og:title\" content=\"Medio ambiente, salud, seguridad y protecci\u00f3n\" \/>\n<meta property=\"og:description\" content=\"Perimeter Solutions is globally engaged in supporting and practicing world-class environmental, health, safety and security initiatives.\" \/>\n<meta property=\"og:url\" content=\"https:\/\/www.perimeter-solutions.com\/es\/medio-ambiente-salud-seguridad-y-proteccion\/\" \/>\n<meta property=\"og:site_name\" content=\"Perimeter Solutions\" \/>\n<meta property=\"article:modified_time\" content=\"2024-08-15T15:55:12+00:00\" \/>\n<meta property=\"og:image\" content=\"https:\/\/www.perimeter-solutions.com\/wp-content\/uploads\/2022\/05\/ISO9001-ISO14001.jpg\" \/>\n<meta name=\"twitter:card\" content=\"summary_large_image\" \/>\n<meta name=\"twitter:label1\" content=\"Tiempo de lectura\" \/>\n\t<meta name=\"twitter:data1\" content=\"5 minutos\" \/>\n<script type=\"application\/ld+json\" class=\"yoast-schema-graph\">{\"@context\":\"https:\/\/schema.org\",\"@graph\":[{\"@type\":\"WebPage\",\"@id\":\"https:\/\/www.perimeter-solutions.com\/es\/medio-ambiente-salud-seguridad-y-proteccion\/\",\"url\":\"https:\/\/www.perimeter-solutions.com\/es\/medio-ambiente-salud-seguridad-y-proteccion\/\",\"name\":\"Medio ambiente, salud, seguridad y protecci\u00f3n - Perimeter Solutions\",\"isPartOf\":{\"@id\":\"https:\/\/www.perimeter-solutions.com\/es\/#website\"},\"primaryImageOfPage\":{\"@id\":\"https:\/\/www.perimeter-solutions.com\/es\/medio-ambiente-salud-seguridad-y-proteccion\/#primaryimage\"},\"image\":{\"@id\":\"https:\/\/www.perimeter-solutions.com\/es\/medio-ambiente-salud-seguridad-y-proteccion\/#primaryimage\"},\"thumbnailUrl\":\"https:\/\/www.perimeter-solutions.com\/wp-content\/uploads\/2022\/05\/ISO9001-ISO14001.jpg\",\"datePublished\":\"2020-12-02T00:32:19+00:00\",\"dateModified\":\"2024-08-15T15:55:12+00:00\",\"description\":\"Perimeter Solutions is globally engaged in supporting and practicing world-class environmental, health, safety and security initiatives.\",\"inLanguage\":\"es\",\"potentialAction\":[{\"@type\":\"ReadAction\",\"target\":[\"https:\/\/www.perimeter-solutions.com\/es\/medio-ambiente-salud-seguridad-y-proteccion\/\"]}]},{\"@type\":\"ImageObject\",\"inLanguage\":\"es\",\"@id\":\"https:\/\/www.perimeter-solutions.com\/es\/medio-ambiente-salud-seguridad-y-proteccion\/#primaryimage\",\"url\":\"https:\/\/www.perimeter-solutions.com\/wp-content\/uploads\/2022\/05\/ISO9001-ISO14001.jpg\",\"contentUrl\":\"https:\/\/www.perimeter-solutions.com\/wp-content\/uploads\/2022\/05\/ISO9001-ISO14001.jpg\"},{\"@type\":\"WebSite\",\"@id\":\"https:\/\/www.perimeter-solutions.com\/es\/#website\",\"url\":\"https:\/\/www.perimeter-solutions.com\/es\/\",\"name\":\"Perimeter Solutions\",\"description\":\"\",\"publisher\":{\"@id\":\"https:\/\/www.perimeter-solutions.com\/es\/#organization\"},\"potentialAction\":[{\"@type\":\"SearchAction\",\"target\":{\"@type\":\"EntryPoint\",\"urlTemplate\":\"https:\/\/www.perimeter-solutions.com\/es\/?s={search_term_string}\"},\"query-input\":{\"@type\":\"PropertyValueSpecification\",\"valueRequired\":true,\"valueName\":\"search_term_string\"}}],\"inLanguage\":\"es\"},{\"@type\":\"Organization\",\"@id\":\"https:\/\/www.perimeter-solutions.com\/es\/#organization\",\"name\":\"Perimeter Solutions\",\"url\":\"https:\/\/www.perimeter-solutions.com\/es\/\",\"logo\":{\"@type\":\"ImageObject\",\"inLanguage\":\"es\",\"@id\":\"https:\/\/www.perimeter-solutions.com\/es\/#\/schema\/logo\/image\/\",\"url\":\"https:\/\/www.perimeter-solutions.com\/wp-content\/uploads\/2021\/02\/perimeter-logo-RGB.png\",\"contentUrl\":\"https:\/\/www.perimeter-solutions.com\/wp-content\/uploads\/2021\/02\/perimeter-logo-RGB.png\",\"width\":794,\"height\":138,\"caption\":\"Perimeter Solutions\"},\"image\":{\"@id\":\"https:\/\/www.perimeter-solutions.com\/es\/#\/schema\/logo\/image\/\"}}]}<\/script>\n<!-- \/ Yoast SEO Premium plugin. -->","yoast_head_json":{"title":"Medio ambiente, salud, seguridad y protecci\u00f3n - Perimeter Solutions","description":"Perimeter Solutions is globally engaged in supporting and practicing world-class environmental, health, safety and security initiatives.","robots":{"index":"index","follow":"follow","max-snippet":"max-snippet:-1","max-image-preview":"max-image-preview:large","max-video-preview":"max-video-preview:-1"},"canonical":"https:\/\/www.perimeter-solutions.com\/es\/medio-ambiente-salud-seguridad-y-proteccion\/","og_locale":"es_ES","og_type":"article","og_title":"Medio ambiente, salud, seguridad y protecci\u00f3n","og_description":"Perimeter Solutions is globally engaged in supporting and practicing world-class environmental, health, safety and security initiatives.","og_url":"https:\/\/www.perimeter-solutions.com\/es\/medio-ambiente-salud-seguridad-y-proteccion\/","og_site_name":"Perimeter Solutions","article_modified_time":"2024-08-15T15:55:12+00:00","og_image":[{"url":"https:\/\/www.perimeter-solutions.com\/wp-content\/uploads\/2022\/05\/ISO9001-ISO14001.jpg"}],"twitter_card":"summary_large_image","twitter_misc":{"Tiempo de lectura":"5 minutos"},"schema":{"@context":"https:\/\/schema.org","@graph":[{"@type":"WebPage","@id":"https:\/\/www.perimeter-solutions.com\/es\/medio-ambiente-salud-seguridad-y-proteccion\/","url":"https:\/\/www.perimeter-solutions.com\/es\/medio-ambiente-salud-seguridad-y-proteccion\/","name":"Medio ambiente, salud, seguridad y protecci\u00f3n - Perimeter Solutions","isPartOf":{"@id":"https:\/\/www.perimeter-solutions.com\/es\/#website"},"primaryImageOfPage":{"@id":"https:\/\/www.perimeter-solutions.com\/es\/medio-ambiente-salud-seguridad-y-proteccion\/#primaryimage"},"image":{"@id":"https:\/\/www.perimeter-solutions.com\/es\/medio-ambiente-salud-seguridad-y-proteccion\/#primaryimage"},"thumbnailUrl":"https:\/\/www.perimeter-solutions.com\/wp-content\/uploads\/2022\/05\/ISO9001-ISO14001.jpg","datePublished":"2020-12-02T00:32:19+00:00","dateModified":"2024-08-15T15:55:12+00:00","description":"Perimeter Solutions is globally engaged in supporting and practicing world-class environmental, health, safety and security initiatives.","inLanguage":"es","potentialAction":[{"@type":"ReadAction","target":["https:\/\/www.perimeter-solutions.com\/es\/medio-ambiente-salud-seguridad-y-proteccion\/"]}]},{"@type":"ImageObject","inLanguage":"es","@id":"https:\/\/www.perimeter-solutions.com\/es\/medio-ambiente-salud-seguridad-y-proteccion\/#primaryimage","url":"https:\/\/www.perimeter-solutions.com\/wp-content\/uploads\/2022\/05\/ISO9001-ISO14001.jpg","contentUrl":"https:\/\/www.perimeter-solutions.com\/wp-content\/uploads\/2022\/05\/ISO9001-ISO14001.jpg"},{"@type":"WebSite","@id":"https:\/\/www.perimeter-solutions.com\/es\/#website","url":"https:\/\/www.perimeter-solutions.com\/es\/","name":"Perimeter Solutions","description":"","publisher":{"@id":"https:\/\/www.perimeter-solutions.com\/es\/#organization"},"potentialAction":[{"@type":"SearchAction","target":{"@type":"EntryPoint","urlTemplate":"https:\/\/www.perimeter-solutions.com\/es\/?s={search_term_string}"},"query-input":{"@type":"PropertyValueSpecification","valueRequired":true,"valueName":"search_term_string"}}],"inLanguage":"es"},{"@type":"Organization","@id":"https:\/\/www.perimeter-solutions.com\/es\/#organization","name":"Perimeter Solutions","url":"https:\/\/www.perimeter-solutions.com\/es\/","logo":{"@type":"ImageObject","inLanguage":"es","@id":"https:\/\/www.perimeter-solutions.com\/es\/#\/schema\/logo\/image\/","url":"https:\/\/www.perimeter-solutions.com\/wp-content\/uploads\/2021\/02\/perimeter-logo-RGB.png","contentUrl":"https:\/\/www.perimeter-solutions.com\/wp-content\/uploads\/2021\/02\/perimeter-logo-RGB.png","width":794,"height":138,"caption":"Perimeter Solutions"},"image":{"@id":"https:\/\/www.perimeter-solutions.com\/es\/#\/schema\/logo\/image\/"}}]}},"_links":{"self":[{"href":"https:\/\/www.perimeter-solutions.com\/es\/wp-json\/wp\/v2\/pages\/24752","targetHints":{"allow":["GET"]}}],"collection":[{"href":"https:\/\/www.perimeter-solutions.com\/es\/wp-json\/wp\/v2\/pages"}],"about":[{"href":"https:\/\/www.perimeter-solutions.com\/es\/wp-json\/wp\/v2\/types\/page"}],"author":[{"embeddable":true,"href":"https:\/\/www.perimeter-solutions.com\/es\/wp-json\/wp\/v2\/users\/3"}],"replies":[{"embeddable":true,"href":"https:\/\/www.perimeter-solutions.com\/es\/wp-json\/wp\/v2\/comments?post=24752"}],"version-history":[{"count":15,"href":"https:\/\/www.perimeter-solutions.com\/es\/wp-json\/wp\/v2\/pages\/24752\/revisions"}],"predecessor-version":[{"id":43829,"href":"https:\/\/www.perimeter-solutions.com\/es\/wp-json\/wp\/v2\/pages\/24752\/revisions\/43829"}],"wp:attachment":[{"href":"https:\/\/www.perimeter-solutions.com\/es\/wp-json\/wp\/v2\/media?parent=24752"}],"curies":[{"name":"wp","href":"https:\/\/api.w.org\/{rel}","templated":true}]}}