{"id":24700,"date":"2020-12-01T18:53:27","date_gmt":"2020-12-01T23:53:27","guid":{"rendered":"https:\/\/www.perimeter-solutions.com\/cultura-y-valores\/"},"modified":"2024-08-15T11:50:37","modified_gmt":"2024-08-15T15:50:37","slug":"cultura-y-valores","status":"publish","type":"page","link":"https:\/\/www.perimeter-solutions.com\/es\/cultura-y-valores\/","title":{"rendered":"Cultura y valores"},"content":{"rendered":"\t\t<div data-elementor-type=\"wp-page\" data-elementor-id=\"24700\" class=\"elementor elementor-24700 elementor-17408\" data-elementor-post-type=\"page\">\n\t\t\t\t\t\t<section class=\"elementor-section elementor-top-section elementor-element elementor-element-a53ddb9 elementor-section-stretched elementor-section-boxed elementor-section-height-default elementor-section-height-default\" data-id=\"a53ddb9\" data-element_type=\"section\" data-e-type=\"section\" data-settings=\"{&quot;stretch_section&quot;:&quot;section-stretched&quot;,&quot;background_background&quot;:&quot;classic&quot;}\">\n\t\t\t\t\t\t<div class=\"elementor-container elementor-column-gap-default\">\n\t\t\t\t\t<div class=\"elementor-column elementor-col-100 elementor-top-column elementor-element elementor-element-8e1337c\" data-id=\"8e1337c\" data-element_type=\"column\" data-e-type=\"column\">\n\t\t\t<div class=\"elementor-widget-wrap elementor-element-populated\">\n\t\t\t\t\t\t<div class=\"elementor-element elementor-element-3fcef61 elementor-widget elementor-widget-heading\" data-id=\"3fcef61\" data-element_type=\"widget\" data-e-type=\"widget\" data-widget_type=\"heading.default\">\n\t\t\t\t<div class=\"elementor-widget-container\">\n\t\t\t\t\t<h1 class=\"elementor-heading-title elementor-size-default\">Cultura y valores<\/h1>\t\t\t\t<\/div>\n\t\t\t\t<\/div>\n\t\t\t\t\t<\/div>\n\t\t<\/div>\n\t\t\t\t\t<\/div>\n\t\t<\/section>\n\t\t\t\t<section class=\"elementor-section elementor-top-section elementor-element elementor-element-e36f22b elementor-section-boxed elementor-section-height-default elementor-section-height-default\" data-id=\"e36f22b\" data-element_type=\"section\" data-e-type=\"section\" data-settings=\"{&quot;background_background&quot;:&quot;classic&quot;}\">\n\t\t\t\t\t\t\t<div class=\"elementor-background-overlay\"><\/div>\n\t\t\t\t\t\t\t<div class=\"elementor-container elementor-column-gap-default\">\n\t\t\t\t\t<div class=\"elementor-column elementor-col-100 elementor-top-column elementor-element elementor-element-9ead739\" data-id=\"9ead739\" data-element_type=\"column\" data-e-type=\"column\">\n\t\t\t<div class=\"elementor-widget-wrap elementor-element-populated\">\n\t\t\t\t\t\t<div class=\"elementor-element elementor-element-5c239f2 elementor-blockquote--skin-border elementor-blockquote--button-color-official elementor-widget elementor-widget-blockquote\" data-id=\"5c239f2\" data-element_type=\"widget\" data-e-type=\"widget\" data-widget_type=\"blockquote.default\">\n\t\t\t\t<div class=\"elementor-widget-container\">\n\t\t\t\t\t\t\t<blockquote class=\"elementor-blockquote\">\n\t\t\t<p class=\"elementor-blockquote__content\">\n\t\t\t\tEn Perimeter Solutions, nos tomamos en serio la Responsabilidad Social Corporativa con el prop\u00f3sito de ser buenos gestores del medio ambiente. Estamos comprometidos en reducir nuestra huella ambiental operando de manera segura y sostenible. Las personas son nuestro objetivo, no un medio para lograr un fin.\t\t\t<\/p>\n\t\t\t\t\t<\/blockquote>\n\t\t\t\t\t\t<\/div>\n\t\t\t\t<\/div>\n\t\t\t\t<div class=\"elementor-element elementor-element-74f8a4f elementor-widget elementor-widget-text-editor\" data-id=\"74f8a4f\" data-element_type=\"widget\" data-e-type=\"widget\" data-widget_type=\"text-editor.default\">\n\t\t\t\t<div class=\"elementor-widget-container\">\n\t\t\t\t\t\t\t\t\t<p><strong>Gesti\u00f3n de procesos<\/strong>\u00a0: Perimeter Solutions contin\u00faa discutiendo e implementando ideas para reducir el desperdicio a lo largo de nuestro proceso de fabricaci\u00f3n al enfocarse en las mejoras del proceso, la reducci\u00f3n de desperdicios y la reutilizaci\u00f3n \/ reciclaje de los mismos.<\/p><p>En Perimeter Solutions respaldamos las siguientes iniciativas de sostenibilidad ambiental:<\/p><ul><li>Inversi\u00f3n en tecnolog\u00eda de recolecci\u00f3n de polvo para reducir las emisiones, eliminar el desperdicio de productos y permitir el reciclaje y la reutilizaci\u00f3n de nuestro producto en nuestras plantas y en el campo.<br \/>Usar envases que contengan m\u00e1s del 50% de material reciclado.<br \/>\u2022 Priorizar el uso de envases reutilizables<br \/>\u2022 Desarrollo de nuevas formulaciones de productos que aumentan la efectividad al tiempo que permiten obtener unas tasas de uso m\u00e1s bajas.<br \/>\u2022 Compromiso con el desarrollo de formulaciones Sin Fl\u00faor<\/li><\/ul><p><strong>Pr\u00e1cticas laborales \u00e9ticas:<\/strong>\u00a0Creemos que nuestros empleados, junto con las comunidades en las que operamos, son nuestros grupos de inter\u00e9s m\u00e1s importantes. Nuestro C\u00f3digo \u00c9tico asegura que respetamos los derechos de nuestros grupos de inter\u00e9s y operamos de manera \u00e9tica, transparente y sostenible.<\/p><p>Cualquier violaci\u00f3n que vaya en contra de nuestro C\u00f3digo \u00c9tico puede reportarse a trav\u00e9s de nuestro canal privado: perimetersolutions.ethicspoint.com o a trav\u00e9s del tel\u00e9fono (844) 950-2833<\/p><p>Perimeter Solutions cree que incidentes y accidentes de trabajo se pueden prevenir y nos esforzamos todos los d\u00edas para garantizar que nuestros lugares de trabajo sean seguros. Usamos procesos de seguridad s\u00f3lidos que involucran a todos los empleados para crear un ambiente de trabajo positivo y seguro.<\/p><p>Perimeter Solutions utiliza las siguientes herramientas para crear una cultura de seguridad global:<\/p><ul><li>Informes de incidentes<br \/>\u2022 Equipos de aprendizaje<br \/>\u2022 Evaluaciones de seguridad basadas en el comportamiento<\/li><\/ul>\t\t\t\t\t\t\t\t<\/div>\n\t\t\t\t<\/div>\n\t\t\t\t<div class=\"elementor-element elementor-element-ecf33a5 elementor-blockquote--skin-border elementor-blockquote--button-color-official elementor-widget elementor-widget-blockquote\" data-id=\"ecf33a5\" data-element_type=\"widget\" data-e-type=\"widget\" data-widget_type=\"blockquote.default\">\n\t\t\t\t<div class=\"elementor-widget-container\">\n\t\t\t\t\t\t\t<blockquote class=\"elementor-blockquote\">\n\t\t\t<p class=\"elementor-blockquote__content\">\n\t\t\t\tPerimeter Solutions tambi\u00e9n se compromete a crear un entorno de trabajo que valore la diversidad y trate a todos los empleados de forma justa y equitativa. En los Estados Unidos, Perimeter Solutions es un empleador que ofrece igualdad de oportunidades y gestiona un plan de discriminaci\u00f3n positiva.\t\t\t<\/p>\n\t\t\t\t\t<\/blockquote>\n\t\t\t\t\t\t<\/div>\n\t\t\t\t<\/div>\n\t\t\t\t<div class=\"elementor-element elementor-element-d5454f1 elementor-widget elementor-widget-text-editor\" data-id=\"d5454f1\" data-element_type=\"widget\" data-e-type=\"widget\" data-widget_type=\"text-editor.default\">\n\t\t\t\t<div class=\"elementor-widget-container\">\n\t\t\t\t\t\t\t\t\t<p>Perimeter Solutions est\u00e1 comprometida con el m\u00e1s alto nivel de integridad, con tolerancia cero para las pr\u00e1cticas comerciales corruptas y con una pol\u00edtica estricta que previene los conflictos de intereses. Nuestro objetivo es competir de forma honesta y justa.<\/p><p><strong>Filantrop\u00eda:<\/strong> Perimeter Solutions se preocupa por las comunidades en las que vivimos y operamos y los socios con los que trabajamos para promover nuestra misi\u00f3n y valores. Patrocinamos eventos comunitarios, apoyamos actividades infantiles locales y donamos a organizaciones ben\u00e9ficas.<\/p><p><strong>Prosperidad:<\/strong> Perimeter Solutions cree que todos deber\u00edamos poder disfrutar de una vida pr\u00f3spera y plena. Cuando ocurren emergencias o accidentes, creemos que nuestra misi\u00f3n es minimizar el impacto de tales eventos. Nos enorgullecemos de producir y vender productos de la m\u00e1s alta calidad posible, en los que nuestros socios, nuestros clientes y nuestra comunidad pueden confiar. Nos tomamos muy en serio nuestra misi\u00f3n de ayudar a salvar vidas y proteger las infraestructuras y creemos que nuestro compromiso con dichos valores ayuda a las comunidades a reconstruirse y prosperar.<\/p>\t\t\t\t\t\t\t\t<\/div>\n\t\t\t\t<\/div>\n\t\t\t\t\t<\/div>\n\t\t<\/div>\n\t\t\t\t\t<\/div>\n\t\t<\/section>\n\t\t\t\t<\/div>\n\t\t","protected":false},"excerpt":{"rendered":"<p>Cultura y valores En Perimeter Solutions, nos tomamos en serio la Responsabilidad Social Corporativa con el prop\u00f3sito de ser buenos gestores del medio ambiente. Estamos comprometidos en reducir nuestra huella [&hellip;]<\/p>\n","protected":false},"author":3,"featured_media":0,"parent":0,"menu_order":0,"comment_status":"closed","ping_status":"closed","template":"","meta":{"_acf_changed":false,"footnotes":""},"class_list":["post-24700","page","type-page","status-publish","hentry"],"acf":[],"yoast_head":"<!-- This site is optimized with the Yoast SEO Premium plugin v21.9 (Yoast SEO v23.5) - https:\/\/yoast.com\/wordpress\/plugins\/seo\/ -->\n<title>Cultura y valores - Perimeter Solutions<\/title>\n<meta name=\"description\" content=\"At Perimeter Solutions, we take Corporate Social Responsibility seriously and are committed to operating safely and sustainably.\" \/>\n<meta name=\"robots\" content=\"index, follow, max-snippet:-1, max-image-preview:large, max-video-preview:-1\" \/>\n<link rel=\"canonical\" href=\"https:\/\/www.perimeter-solutions.com\/es\/cultura-y-valores\/\" \/>\n<meta property=\"og:locale\" content=\"es_ES\" \/>\n<meta property=\"og:type\" content=\"article\" \/>\n<meta property=\"og:title\" content=\"Cultura y valores\" \/>\n<meta property=\"og:description\" content=\"At Perimeter Solutions, we take Corporate Social Responsibility seriously and are committed to operating safely and sustainably.\" \/>\n<meta property=\"og:url\" content=\"https:\/\/www.perimeter-solutions.com\/es\/cultura-y-valores\/\" \/>\n<meta property=\"og:site_name\" content=\"Perimeter Solutions\" \/>\n<meta property=\"article:modified_time\" content=\"2024-08-15T15:50:37+00:00\" \/>\n<meta name=\"twitter:card\" content=\"summary_large_image\" \/>\n<meta name=\"twitter:label1\" content=\"Tiempo de lectura\" \/>\n\t<meta name=\"twitter:data1\" content=\"3 minutos\" \/>\n<script type=\"application\/ld+json\" class=\"yoast-schema-graph\">{\"@context\":\"https:\/\/schema.org\",\"@graph\":[{\"@type\":\"WebPage\",\"@id\":\"https:\/\/www.perimeter-solutions.com\/es\/cultura-y-valores\/\",\"url\":\"https:\/\/www.perimeter-solutions.com\/es\/cultura-y-valores\/\",\"name\":\"Cultura y valores - Perimeter Solutions\",\"isPartOf\":{\"@id\":\"https:\/\/www.perimeter-solutions.com\/es\/#website\"},\"datePublished\":\"2020-12-01T23:53:27+00:00\",\"dateModified\":\"2024-08-15T15:50:37+00:00\",\"description\":\"At Perimeter Solutions, we take Corporate Social Responsibility seriously and are committed to operating safely and sustainably.\",\"inLanguage\":\"es\",\"potentialAction\":[{\"@type\":\"ReadAction\",\"target\":[\"https:\/\/www.perimeter-solutions.com\/es\/cultura-y-valores\/\"]}]},{\"@type\":\"WebSite\",\"@id\":\"https:\/\/www.perimeter-solutions.com\/es\/#website\",\"url\":\"https:\/\/www.perimeter-solutions.com\/es\/\",\"name\":\"Perimeter Solutions\",\"description\":\"\",\"publisher\":{\"@id\":\"https:\/\/www.perimeter-solutions.com\/es\/#organization\"},\"potentialAction\":[{\"@type\":\"SearchAction\",\"target\":{\"@type\":\"EntryPoint\",\"urlTemplate\":\"https:\/\/www.perimeter-solutions.com\/es\/?s={search_term_string}\"},\"query-input\":{\"@type\":\"PropertyValueSpecification\",\"valueRequired\":true,\"valueName\":\"search_term_string\"}}],\"inLanguage\":\"es\"},{\"@type\":\"Organization\",\"@id\":\"https:\/\/www.perimeter-solutions.com\/es\/#organization\",\"name\":\"Perimeter Solutions\",\"url\":\"https:\/\/www.perimeter-solutions.com\/es\/\",\"logo\":{\"@type\":\"ImageObject\",\"inLanguage\":\"es\",\"@id\":\"https:\/\/www.perimeter-solutions.com\/es\/#\/schema\/logo\/image\/\",\"url\":\"https:\/\/www.perimeter-solutions.com\/wp-content\/uploads\/2021\/02\/perimeter-logo-RGB.png\",\"contentUrl\":\"https:\/\/www.perimeter-solutions.com\/wp-content\/uploads\/2021\/02\/perimeter-logo-RGB.png\",\"width\":794,\"height\":138,\"caption\":\"Perimeter Solutions\"},\"image\":{\"@id\":\"https:\/\/www.perimeter-solutions.com\/es\/#\/schema\/logo\/image\/\"}}]}<\/script>\n<!-- \/ Yoast SEO Premium plugin. -->","yoast_head_json":{"title":"Cultura y valores - Perimeter Solutions","description":"At Perimeter Solutions, we take Corporate Social Responsibility seriously and are committed to operating safely and sustainably.","robots":{"index":"index","follow":"follow","max-snippet":"max-snippet:-1","max-image-preview":"max-image-preview:large","max-video-preview":"max-video-preview:-1"},"canonical":"https:\/\/www.perimeter-solutions.com\/es\/cultura-y-valores\/","og_locale":"es_ES","og_type":"article","og_title":"Cultura y valores","og_description":"At Perimeter Solutions, we take Corporate Social Responsibility seriously and are committed to operating safely and sustainably.","og_url":"https:\/\/www.perimeter-solutions.com\/es\/cultura-y-valores\/","og_site_name":"Perimeter Solutions","article_modified_time":"2024-08-15T15:50:37+00:00","twitter_card":"summary_large_image","twitter_misc":{"Tiempo de lectura":"3 minutos"},"schema":{"@context":"https:\/\/schema.org","@graph":[{"@type":"WebPage","@id":"https:\/\/www.perimeter-solutions.com\/es\/cultura-y-valores\/","url":"https:\/\/www.perimeter-solutions.com\/es\/cultura-y-valores\/","name":"Cultura y valores - Perimeter Solutions","isPartOf":{"@id":"https:\/\/www.perimeter-solutions.com\/es\/#website"},"datePublished":"2020-12-01T23:53:27+00:00","dateModified":"2024-08-15T15:50:37+00:00","description":"At Perimeter Solutions, we take Corporate Social Responsibility seriously and are committed to operating safely and sustainably.","inLanguage":"es","potentialAction":[{"@type":"ReadAction","target":["https:\/\/www.perimeter-solutions.com\/es\/cultura-y-valores\/"]}]},{"@type":"WebSite","@id":"https:\/\/www.perimeter-solutions.com\/es\/#website","url":"https:\/\/www.perimeter-solutions.com\/es\/","name":"Perimeter Solutions","description":"","publisher":{"@id":"https:\/\/www.perimeter-solutions.com\/es\/#organization"},"potentialAction":[{"@type":"SearchAction","target":{"@type":"EntryPoint","urlTemplate":"https:\/\/www.perimeter-solutions.com\/es\/?s={search_term_string}"},"query-input":{"@type":"PropertyValueSpecification","valueRequired":true,"valueName":"search_term_string"}}],"inLanguage":"es"},{"@type":"Organization","@id":"https:\/\/www.perimeter-solutions.com\/es\/#organization","name":"Perimeter Solutions","url":"https:\/\/www.perimeter-solutions.com\/es\/","logo":{"@type":"ImageObject","inLanguage":"es","@id":"https:\/\/www.perimeter-solutions.com\/es\/#\/schema\/logo\/image\/","url":"https:\/\/www.perimeter-solutions.com\/wp-content\/uploads\/2021\/02\/perimeter-logo-RGB.png","contentUrl":"https:\/\/www.perimeter-solutions.com\/wp-content\/uploads\/2021\/02\/perimeter-logo-RGB.png","width":794,"height":138,"caption":"Perimeter Solutions"},"image":{"@id":"https:\/\/www.perimeter-solutions.com\/es\/#\/schema\/logo\/image\/"}}]}},"_links":{"self":[{"href":"https:\/\/www.perimeter-solutions.com\/es\/wp-json\/wp\/v2\/pages\/24700","targetHints":{"allow":["GET"]}}],"collection":[{"href":"https:\/\/www.perimeter-solutions.com\/es\/wp-json\/wp\/v2\/pages"}],"about":[{"href":"https:\/\/www.perimeter-solutions.com\/es\/wp-json\/wp\/v2\/types\/page"}],"author":[{"embeddable":true,"href":"https:\/\/www.perimeter-solutions.com\/es\/wp-json\/wp\/v2\/users\/3"}],"replies":[{"embeddable":true,"href":"https:\/\/www.perimeter-solutions.com\/es\/wp-json\/wp\/v2\/comments?post=24700"}],"version-history":[{"count":13,"href":"https:\/\/www.perimeter-solutions.com\/es\/wp-json\/wp\/v2\/pages\/24700\/revisions"}],"predecessor-version":[{"id":43819,"href":"https:\/\/www.perimeter-solutions.com\/es\/wp-json\/wp\/v2\/pages\/24700\/revisions\/43819"}],"wp:attachment":[{"href":"https:\/\/www.perimeter-solutions.com\/es\/wp-json\/wp\/v2\/media?parent=24700"}],"curies":[{"name":"wp","href":"https:\/\/api.w.org\/{rel}","templated":true}]}}