{"id":24418,"date":"2020-12-01T17:27:18","date_gmt":"2020-12-01T22:27:18","guid":{"rendered":"https:\/\/www.perimeter-solutions.com\/historia\/"},"modified":"2024-08-15T11:44:55","modified_gmt":"2024-08-15T15:44:55","slug":"historia","status":"publish","type":"page","link":"https:\/\/www.perimeter-solutions.com\/es\/historia\/","title":{"rendered":"Historia"},"content":{"rendered":"\t\t<div data-elementor-type=\"wp-page\" data-elementor-id=\"24418\" class=\"elementor elementor-24418 elementor-17381\" data-elementor-post-type=\"page\">\n\t\t\t\t\t\t<section class=\"elementor-section elementor-top-section elementor-element elementor-element-a53ddb9 elementor-section-stretched elementor-section-boxed elementor-section-height-default elementor-section-height-default\" data-id=\"a53ddb9\" data-element_type=\"section\" data-e-type=\"section\" data-settings=\"{&quot;stretch_section&quot;:&quot;section-stretched&quot;,&quot;background_background&quot;:&quot;classic&quot;}\">\n\t\t\t\t\t\t<div class=\"elementor-container elementor-column-gap-default\">\n\t\t\t\t\t<div class=\"elementor-column elementor-col-100 elementor-top-column elementor-element elementor-element-8e1337c\" data-id=\"8e1337c\" data-element_type=\"column\" data-e-type=\"column\">\n\t\t\t<div class=\"elementor-widget-wrap elementor-element-populated\">\n\t\t\t\t\t\t<div class=\"elementor-element elementor-element-3fcef61 elementor-widget elementor-widget-heading\" data-id=\"3fcef61\" data-element_type=\"widget\" data-e-type=\"widget\" data-widget_type=\"heading.default\">\n\t\t\t\t<div class=\"elementor-widget-container\">\n\t\t\t\t\t<h1 class=\"elementor-heading-title elementor-size-default\">Historia<\/h1>\t\t\t\t<\/div>\n\t\t\t\t<\/div>\n\t\t\t\t\t<\/div>\n\t\t<\/div>\n\t\t\t\t\t<\/div>\n\t\t<\/section>\n\t\t\t\t<section class=\"elementor-section elementor-top-section elementor-element elementor-element-e36f22b elementor-section-boxed elementor-section-height-default elementor-section-height-default\" data-id=\"e36f22b\" data-element_type=\"section\" data-e-type=\"section\" data-settings=\"{&quot;background_background&quot;:&quot;classic&quot;}\">\n\t\t\t\t\t\t\t<div class=\"elementor-background-overlay\"><\/div>\n\t\t\t\t\t\t\t<div class=\"elementor-container elementor-column-gap-default\">\n\t\t\t\t\t<div class=\"elementor-column elementor-col-100 elementor-top-column elementor-element elementor-element-9ead739\" data-id=\"9ead739\" data-element_type=\"column\" data-e-type=\"column\">\n\t\t\t<div class=\"elementor-widget-wrap elementor-element-populated\">\n\t\t\t\t\t\t<div class=\"elementor-element elementor-element-2348044 elementor-widget elementor-widget-image\" data-id=\"2348044\" data-element_type=\"widget\" data-e-type=\"widget\" data-widget_type=\"image.default\">\n\t\t\t\t<div class=\"elementor-widget-container\">\n\t\t\t\t\t\t\t\t\t\t\t\t\t\t\t<img fetchpriority=\"high\" decoding=\"async\" width=\"1920\" height=\"674\" src=\"https:\/\/www.perimeter-solutions.com\/wp-content\/uploads\/2022\/01\/timeline.jpg\" class=\"attachment-full size-full wp-image-29877\" alt=\"\" \/>\t\t\t\t\t\t\t\t\t\t\t\t\t\t\t<\/div>\n\t\t\t\t<\/div>\n\t\t\t\t<div class=\"elementor-element elementor-element-f7482a3 elementor-widget elementor-widget-heading\" data-id=\"f7482a3\" data-element_type=\"widget\" data-e-type=\"widget\" data-widget_type=\"heading.default\">\n\t\t\t\t<div class=\"elementor-widget-container\">\n\t\t\t\t\t<h2 class=\"elementor-heading-title elementor-size-default\">Construyendo un l\u00edder mundial en Seguridad contra incendios<\/h2>\t\t\t\t<\/div>\n\t\t\t\t<\/div>\n\t\t\t\t<div class=\"elementor-element elementor-element-d5454f1 elementor-widget elementor-widget-text-editor\" data-id=\"d5454f1\" data-element_type=\"widget\" data-e-type=\"widget\" data-widget_type=\"text-editor.default\">\n\t\t\t\t<div class=\"elementor-widget-container\">\n\t\t\t\t\t\t\t\t\t<p>El 16 de junio de 2021, se anunci\u00f3 que EverArc Holdings Ltd. (\u00abEverArc\u00bb) (LSE: EVRA), una empresa de adquisici\u00f3n cotizada en bolsa, adquirir\u00eda el negocio global de Perimeter Solutions a SK Capital Partners. El 9 de noviembre de 2021, Perimeter Solutions sale a cotizaci\u00f3n en la Bolsa de Valores de Nueva York (NYSE: PRM) como el siguiente paso en un viaje para convertirse en el principal negocio de seguridad contra incendios del mundo. Ese viaje comenz\u00f3 hace casi 60 a\u00f1os y se ha convertido en una realidad en el negocio de Perimeter Solutions en la actualidad.<\/p><p>Perimeter Solutions se estableci\u00f3 en 2018 cuando SK Capital Partners compr\u00f3 el negocio a Israel Chemicals, Ltd (ICL). Si bien eso puede parecer hace poco tiempo, las ra\u00edces de nuestra empresa en el desarrollo de tecnolog\u00eda para la seguridad contra incendios y los aditivos para lubricantes se remontan a m\u00e1s de 50 a\u00f1os y hoy se extienden por todo el mundo.<\/p><p>La marca PHOS-CHEK\u00ae de Perimeter Solutions de retardantes espum\u00f3genos Clase A fueron desarrolladas y lanzadas al mercado por Monsanto a principios de la d\u00e9cada de 1960. La marca PHOS-CHEK perteneci\u00f3 a Monsanto hasta 1997, cuando se transfiri\u00f3 su propiedad a Solutia Inc. En 2000, Astaris LLC, una empresa conjunta entre Solutia y FMC, adquiri\u00f3 el negocio PHOS-CHEK. En 2005, ICL adquiri\u00f3 Astaris LLC y la marca PHOS-CHEK se asign\u00f3 a la divisi\u00f3n Performance Products de ICL.<\/p><p>A lo largo de estos cambios en la propiedad, lo que hoy son los negocios en Perimeter Solutions: Seguridad contra incendios y Aditivos para lubricantes, crecieron en extensi\u00f3n y capacidad a trav\u00e9s de una serie de adquisiciones. En 2007, se agregaron a la cartera de productos los retardantes y espumas contra incendios FIRE-TROL\u00ae. En 2008, se adquiri\u00f3 BIOGEMA\u00ae, con sede en Francia, lo que agreg\u00f3 la experiencia de esa empresa en retardantes, supresores y servicios de extinci\u00f3n de incendios al negocio de seguridad contra incendios de ICL y expandi\u00f3 nuestra presencia en Europa. En 2013, se adquiri\u00f3 el negocio de Penta sulfuro de f\u00f3sforo\/sulfuro de fosforo\/sulfuro fosf\u00f3rico (P2S5) de Thermphos International, creando una relevante presencia a nivel global en este negocio.<\/p><p>Durante los siguientes cinco a\u00f1os, se logr\u00f3 una importante expansi\u00f3n en la cartera productos de extinci\u00f3n de incendios en la divisi\u00f3n de Fire Safety ( Seguridad Contraincendios) , a trav\u00e9s de las adquisiciones de AUXQUIMIA\u00ae con sede en Espa\u00f1a y el negocio global de espum\u00f3genos SOLBERG\u00ae. Estas adquisiciones mejoraron las capacidades de fabricaci\u00f3n de Perimeter Solutions con instalaciones adicionales de producci\u00f3n de espum\u00f3genos de \u00faltima generaci\u00f3n en Espa\u00f1a y Estados Unidos y ampliaron nuestra presencia en Europa y Asia Pac\u00edfico. Estos importantes hitos han establecido a Perimeter Solutions como el l\u00edder mundial en tecnolog\u00eda de espuma extintora de incendios sin fl\u00faor.<\/p><p>En 2019, se adquiri\u00f3 un grupo de empresas con sede en Idaho, EE.UU, incluidas First Response Fire Rescue, River City Fabrication y H&amp;S Transport, para reforzar nuestras capacidades en la gesti\u00f3n de incendios. Perimeter Solutions integr\u00f3 estos negocios en nuestro ecosistema de fabricaci\u00f3n y servicio existente para expandir nuestra tecnolog\u00eda y soluciones ofrecidas en el sector de seguridad contra incendios.<\/p><p>En 2020, Perimeter Solutions adquiri\u00f3 la empresa de biomateriales LaderaTech. Esta adquisici\u00f3n incorpor\u00f3 los productos PHOS-CHEK FORTIFY\u00ae a nuestra cartera, mejorando nuestra capacidad para proporcionar soluciones de prevenci\u00f3n y protecci\u00f3n en tierra.<br \/>En 2021, la adquisici\u00f3n de Magnum Fire &amp; Safety Systems ampli\u00f3 nuestra oferta de sistemas de equipos de extinci\u00f3n de incendios y nos ayud\u00f3 a avanzar hacia nuestro objetivo de convertirnos en un proveedor global de soluciones integrales para extinci\u00f3n de incendios.<\/p><p>El viaje de Perimeter Solutions durante estos \u00faltimos 60 a\u00f1os nos ha permitido desarrollar y ofrecer \u201cSolutions That Save\u201d en todo el mundo. En la actualidad, Perimeter Solutions es l\u00edder mundial tanto en el negocio del Penta sulfuro de f\u00f3sforo (P2S5) como en soluciones integrales de seguridad contra incendios, con una presencia global y una contrastada reputaci\u00f3n innovadora en nuestra tecnolog\u00eda junto a una capacidad, de alta referencia, en el desarrollo de servicios integrales.<\/p>\t\t\t\t\t\t\t\t<\/div>\n\t\t\t\t<\/div>\n\t\t\t\t\t<\/div>\n\t\t<\/div>\n\t\t\t\t\t<\/div>\n\t\t<\/section>\n\t\t\t\t<\/div>\n\t\t","protected":false},"excerpt":{"rendered":"<p>Historia Construyendo un l\u00edder mundial en Seguridad contra incendios El 16 de junio de 2021, se anunci\u00f3 que EverArc Holdings Ltd. (\u00abEverArc\u00bb) (LSE: EVRA), una empresa de adquisici\u00f3n cotizada en [&hellip;]<\/p>\n","protected":false},"author":3,"featured_media":0,"parent":0,"menu_order":0,"comment_status":"closed","ping_status":"closed","template":"","meta":{"_acf_changed":false,"footnotes":""},"class_list":["post-24418","page","type-page","status-publish","hentry"],"acf":[],"yoast_head":"<!-- This site is optimized with the Yoast SEO Premium plugin v21.9 (Yoast SEO v23.5) - https:\/\/yoast.com\/wordpress\/plugins\/seo\/ -->\n<title>Historia - Perimeter Solutions<\/title>\n<meta name=\"description\" content=\"Perimeter Solutions, fundada en 2018, pero nuestra historia en el desarrollo de tecnolog\u00eda para la seguridad contra incendios se remonta a m\u00e1s de 50 a\u00f1os.\" \/>\n<meta name=\"robots\" content=\"index, follow, max-snippet:-1, max-image-preview:large, max-video-preview:-1\" \/>\n<link rel=\"canonical\" href=\"https:\/\/www.perimeter-solutions.com\/es\/historia\/\" \/>\n<meta property=\"og:locale\" content=\"es_ES\" \/>\n<meta property=\"og:type\" content=\"article\" \/>\n<meta property=\"og:title\" content=\"Historia\" \/>\n<meta property=\"og:description\" content=\"Perimeter Solutions, fundada en 2018, pero nuestra historia en el desarrollo de tecnolog\u00eda para la seguridad contra incendios se remonta a m\u00e1s de 50 a\u00f1os.\" \/>\n<meta property=\"og:url\" content=\"https:\/\/www.perimeter-solutions.com\/es\/historia\/\" \/>\n<meta property=\"og:site_name\" content=\"Perimeter Solutions\" \/>\n<meta property=\"article:modified_time\" content=\"2024-08-15T15:44:55+00:00\" \/>\n<meta property=\"og:image\" content=\"https:\/\/www.perimeter-solutions.com\/wp-content\/uploads\/2022\/01\/timeline.jpg\" \/>\n<meta name=\"twitter:card\" content=\"summary_large_image\" \/>\n<meta name=\"twitter:label1\" content=\"Tiempo de lectura\" \/>\n\t<meta name=\"twitter:data1\" content=\"4 minutos\" \/>\n<script type=\"application\/ld+json\" class=\"yoast-schema-graph\">{\"@context\":\"https:\/\/schema.org\",\"@graph\":[{\"@type\":\"WebPage\",\"@id\":\"https:\/\/www.perimeter-solutions.com\/es\/historia\/\",\"url\":\"https:\/\/www.perimeter-solutions.com\/es\/historia\/\",\"name\":\"Historia - Perimeter Solutions\",\"isPartOf\":{\"@id\":\"https:\/\/www.perimeter-solutions.com\/es\/#website\"},\"primaryImageOfPage\":{\"@id\":\"https:\/\/www.perimeter-solutions.com\/es\/historia\/#primaryimage\"},\"image\":{\"@id\":\"https:\/\/www.perimeter-solutions.com\/es\/historia\/#primaryimage\"},\"thumbnailUrl\":\"https:\/\/www.perimeter-solutions.com\/wp-content\/uploads\/2022\/01\/timeline.jpg\",\"datePublished\":\"2020-12-01T22:27:18+00:00\",\"dateModified\":\"2024-08-15T15:44:55+00:00\",\"description\":\"Perimeter Solutions, fundada en 2018, pero nuestra historia en el desarrollo de tecnolog\u00eda para la seguridad contra incendios se remonta a m\u00e1s de 50 a\u00f1os.\",\"inLanguage\":\"es\",\"potentialAction\":[{\"@type\":\"ReadAction\",\"target\":[\"https:\/\/www.perimeter-solutions.com\/es\/historia\/\"]}]},{\"@type\":\"ImageObject\",\"inLanguage\":\"es\",\"@id\":\"https:\/\/www.perimeter-solutions.com\/es\/historia\/#primaryimage\",\"url\":\"https:\/\/www.perimeter-solutions.com\/wp-content\/uploads\/2022\/01\/timeline.jpg\",\"contentUrl\":\"https:\/\/www.perimeter-solutions.com\/wp-content\/uploads\/2022\/01\/timeline.jpg\"},{\"@type\":\"WebSite\",\"@id\":\"https:\/\/www.perimeter-solutions.com\/es\/#website\",\"url\":\"https:\/\/www.perimeter-solutions.com\/es\/\",\"name\":\"Perimeter Solutions\",\"description\":\"\",\"publisher\":{\"@id\":\"https:\/\/www.perimeter-solutions.com\/es\/#organization\"},\"potentialAction\":[{\"@type\":\"SearchAction\",\"target\":{\"@type\":\"EntryPoint\",\"urlTemplate\":\"https:\/\/www.perimeter-solutions.com\/es\/?s={search_term_string}\"},\"query-input\":{\"@type\":\"PropertyValueSpecification\",\"valueRequired\":true,\"valueName\":\"search_term_string\"}}],\"inLanguage\":\"es\"},{\"@type\":\"Organization\",\"@id\":\"https:\/\/www.perimeter-solutions.com\/es\/#organization\",\"name\":\"Perimeter Solutions\",\"url\":\"https:\/\/www.perimeter-solutions.com\/es\/\",\"logo\":{\"@type\":\"ImageObject\",\"inLanguage\":\"es\",\"@id\":\"https:\/\/www.perimeter-solutions.com\/es\/#\/schema\/logo\/image\/\",\"url\":\"https:\/\/www.perimeter-solutions.com\/wp-content\/uploads\/2021\/02\/perimeter-logo-RGB.png\",\"contentUrl\":\"https:\/\/www.perimeter-solutions.com\/wp-content\/uploads\/2021\/02\/perimeter-logo-RGB.png\",\"width\":794,\"height\":138,\"caption\":\"Perimeter Solutions\"},\"image\":{\"@id\":\"https:\/\/www.perimeter-solutions.com\/es\/#\/schema\/logo\/image\/\"}}]}<\/script>\n<!-- \/ Yoast SEO Premium plugin. -->","yoast_head_json":{"title":"Historia - Perimeter Solutions","description":"Perimeter Solutions, fundada en 2018, pero nuestra historia en el desarrollo de tecnolog\u00eda para la seguridad contra incendios se remonta a m\u00e1s de 50 a\u00f1os.","robots":{"index":"index","follow":"follow","max-snippet":"max-snippet:-1","max-image-preview":"max-image-preview:large","max-video-preview":"max-video-preview:-1"},"canonical":"https:\/\/www.perimeter-solutions.com\/es\/historia\/","og_locale":"es_ES","og_type":"article","og_title":"Historia","og_description":"Perimeter Solutions, fundada en 2018, pero nuestra historia en el desarrollo de tecnolog\u00eda para la seguridad contra incendios se remonta a m\u00e1s de 50 a\u00f1os.","og_url":"https:\/\/www.perimeter-solutions.com\/es\/historia\/","og_site_name":"Perimeter Solutions","article_modified_time":"2024-08-15T15:44:55+00:00","og_image":[{"url":"https:\/\/www.perimeter-solutions.com\/wp-content\/uploads\/2022\/01\/timeline.jpg"}],"twitter_card":"summary_large_image","twitter_misc":{"Tiempo de lectura":"4 minutos"},"schema":{"@context":"https:\/\/schema.org","@graph":[{"@type":"WebPage","@id":"https:\/\/www.perimeter-solutions.com\/es\/historia\/","url":"https:\/\/www.perimeter-solutions.com\/es\/historia\/","name":"Historia - Perimeter Solutions","isPartOf":{"@id":"https:\/\/www.perimeter-solutions.com\/es\/#website"},"primaryImageOfPage":{"@id":"https:\/\/www.perimeter-solutions.com\/es\/historia\/#primaryimage"},"image":{"@id":"https:\/\/www.perimeter-solutions.com\/es\/historia\/#primaryimage"},"thumbnailUrl":"https:\/\/www.perimeter-solutions.com\/wp-content\/uploads\/2022\/01\/timeline.jpg","datePublished":"2020-12-01T22:27:18+00:00","dateModified":"2024-08-15T15:44:55+00:00","description":"Perimeter Solutions, fundada en 2018, pero nuestra historia en el desarrollo de tecnolog\u00eda para la seguridad contra incendios se remonta a m\u00e1s de 50 a\u00f1os.","inLanguage":"es","potentialAction":[{"@type":"ReadAction","target":["https:\/\/www.perimeter-solutions.com\/es\/historia\/"]}]},{"@type":"ImageObject","inLanguage":"es","@id":"https:\/\/www.perimeter-solutions.com\/es\/historia\/#primaryimage","url":"https:\/\/www.perimeter-solutions.com\/wp-content\/uploads\/2022\/01\/timeline.jpg","contentUrl":"https:\/\/www.perimeter-solutions.com\/wp-content\/uploads\/2022\/01\/timeline.jpg"},{"@type":"WebSite","@id":"https:\/\/www.perimeter-solutions.com\/es\/#website","url":"https:\/\/www.perimeter-solutions.com\/es\/","name":"Perimeter Solutions","description":"","publisher":{"@id":"https:\/\/www.perimeter-solutions.com\/es\/#organization"},"potentialAction":[{"@type":"SearchAction","target":{"@type":"EntryPoint","urlTemplate":"https:\/\/www.perimeter-solutions.com\/es\/?s={search_term_string}"},"query-input":{"@type":"PropertyValueSpecification","valueRequired":true,"valueName":"search_term_string"}}],"inLanguage":"es"},{"@type":"Organization","@id":"https:\/\/www.perimeter-solutions.com\/es\/#organization","name":"Perimeter Solutions","url":"https:\/\/www.perimeter-solutions.com\/es\/","logo":{"@type":"ImageObject","inLanguage":"es","@id":"https:\/\/www.perimeter-solutions.com\/es\/#\/schema\/logo\/image\/","url":"https:\/\/www.perimeter-solutions.com\/wp-content\/uploads\/2021\/02\/perimeter-logo-RGB.png","contentUrl":"https:\/\/www.perimeter-solutions.com\/wp-content\/uploads\/2021\/02\/perimeter-logo-RGB.png","width":794,"height":138,"caption":"Perimeter Solutions"},"image":{"@id":"https:\/\/www.perimeter-solutions.com\/es\/#\/schema\/logo\/image\/"}}]}},"_links":{"self":[{"href":"https:\/\/www.perimeter-solutions.com\/es\/wp-json\/wp\/v2\/pages\/24418","targetHints":{"allow":["GET"]}}],"collection":[{"href":"https:\/\/www.perimeter-solutions.com\/es\/wp-json\/wp\/v2\/pages"}],"about":[{"href":"https:\/\/www.perimeter-solutions.com\/es\/wp-json\/wp\/v2\/types\/page"}],"author":[{"embeddable":true,"href":"https:\/\/www.perimeter-solutions.com\/es\/wp-json\/wp\/v2\/users\/3"}],"replies":[{"embeddable":true,"href":"https:\/\/www.perimeter-solutions.com\/es\/wp-json\/wp\/v2\/comments?post=24418"}],"version-history":[{"count":16,"href":"https:\/\/www.perimeter-solutions.com\/es\/wp-json\/wp\/v2\/pages\/24418\/revisions"}],"predecessor-version":[{"id":43697,"href":"https:\/\/www.perimeter-solutions.com\/es\/wp-json\/wp\/v2\/pages\/24418\/revisions\/43697"}],"wp:attachment":[{"href":"https:\/\/www.perimeter-solutions.com\/es\/wp-json\/wp\/v2\/media?parent=24418"}],"curies":[{"name":"wp","href":"https:\/\/api.w.org\/{rel}","templated":true}]}}