{"id":44166,"date":"2024-08-30T12:10:15","date_gmt":"2024-08-30T16:10:15","guid":{"rendered":"https:\/\/www.perimeter-solutions.com\/?post_type=product&#038;p=44166"},"modified":"2024-08-30T20:57:12","modified_gmt":"2024-08-31T00:57:12","slug":"dod-3155","status":"publish","type":"product","link":"https:\/\/www.perimeter-solutions.com\/de\/product\/dod-3155\/","title":{"rendered":"Solberg<sup>\u00ae<\/sup> DoD 3155"},"content":{"rendered":"<p><strong>SOLBERG<sup>\u00ae<\/sup> DoD 3155<\/strong> Trainingsschaum-Konzentrat ist ein wirtschaftliches Trainingsschaumprodukt f\u00fcr kalte und hei\u00dfe Trainings\u00fcbungen.<br \/>\nDas Produkt ist ein Superkonzentrat, das durch Zugabe von einem Liter zu 19 Litern Wasser verd\u00fcnnt werden muss und dann mit 6% durch luftgesaugte oder nicht luftgesaugte Ger\u00e4te dosiert wird.<br \/>\nDer resultierende Schaum kann f\u00fcr K\u00e4ltetrainings\u00fcbungen verwendet werden, damit sich die Besatzungen mit ihrer Ausr\u00fcstung vertraut machen k\u00f6nnen, ohne die Umwelt zu belasten.<br \/>\nDar\u00fcber hinaus kann der Schaum f\u00fcr Hei\u00dftrainings\u00fcbungen mit nicht wassermischbaren Kohlenwasserstoffen verwendet werden.<br \/>\nSOLBERG DoD 3155 wurde urspr\u00fcnglich f\u00fcr den Einsatz auf \u00dcbungsgel\u00e4nden des Verteidigungsministeriums entwickelt und ist ein einzigartiges Schulungsinstrument, das Feuerwehrleuten hilft, sich mit Szenarien der Brandbek\u00e4mpfung mit brennbaren Fl\u00fcssigkeiten vertraut zu machen.<br \/>\nOb bei der Verwendung von Fl\u00fcssiggas-Simulatoren oder bei der Verwendung von Requisiten f\u00fcr kontrollierte brennbare Fl\u00fcssigkeiten, SOLBERG DoD 3155 erm\u00f6glicht die Vertrautheit mit der Ausr\u00fcstung zur Schaumerzeugung und hilft den Feuerwehrleuten, den angemessenen Einsatz von Handd\u00fcsen und Brandbek\u00e4mpfungsger\u00e4ten in Szenarien an Bord von Schiffen, bei der Rettung von Flugzeugen oder auf dem Schlachtfeld zu lernen.<br \/>\nSOLBERG DoD 3155 eignet sich auch f\u00fcr die Ausbildung in der zivilen Luftfahrt, bei der Feuerwehr und auf See.<\/p>\n<p><span style=\"color: #000000;\"><strong>Bitte wenden Sie sich an einen Experten, um zu erfahren, welche Beschr\u00e4nkungen und Vorschriften f\u00fcr Ihren Staat oder Ihre Region in Bezug auf den Verkauf und Vertrieb von Trainingssch\u00e4umen gelten.<\/strong><\/span><\/p>\n<h4>Verf\u00fcgbare Optionen<\/h4>\n","protected":false},"excerpt":{"rendered":"<p>SOLBERG\u00ae DoD 3155 Trainingsschaum-Konzentrat ist ein wirtschaftliches Trainingsschaumprodukt f\u00fcr kalte und hei\u00dfe Trainings\u00fcbungen. Das Produkt ist ein Superkonzentrat, das durch Zugabe von einem Liter zu 19 Litern Wasser verd\u00fcnnt werden [&hellip;]<\/p>\n","protected":false},"featured_media":44169,"template":"","meta":{"_acf_changed":false},"product_cat":[193],"product_tag":[239],"class_list":{"0":"post-44166","1":"product","2":"type-product","3":"status-publish","4":"has-post-thumbnail","6":"product_cat-training-foam-concentrate-de","7":"product_tag-phos-chek-de","9":"first","10":"instock","11":"shipping-taxable","12":"purchasable","13":"product-type-simple"},"acf":[],"yoast_head":"<!-- This site is optimized with the Yoast SEO Premium plugin v21.9 (Yoast SEO v23.5) - https:\/\/yoast.com\/wordpress\/plugins\/seo\/ -->\n<title>Solberg\u00ae DoD 3155 - Perimeter Solutions<\/title>\n<meta name=\"description\" content=\"SOLBERG\u00ae DoD 3155 Trainingsschaum-Konzentrat ist ein wirtschaftliches Trainingsschaumprodukt f\u00fcr kalte und hei\u00dfe Trainings\u00fcbungen. Das Produkt ist ein Superkonzentrat, das durch Zugabe von einem Liter zu 19 Litern Wasser verd\u00fcnnt werden muss und dann mit 6% durch luftgesaugte oder nicht luftgesaugte Ger\u00e4te dosiert wird. Der resultierende Schaum kann f\u00fcr K\u00e4ltetrainings\u00fcbungen verwendet werden, damit sich die Besatzungen mit ihrer Ausr\u00fcstung vertraut machen k\u00f6nnen, ohne die Umwelt zu belasten. Dar\u00fcber hinaus kann der Schaum f\u00fcr Hei\u00dftrainings\u00fcbungen mit nicht wassermischbaren Kohlenwasserstoffen verwendet werden.\" \/>\n<meta name=\"robots\" content=\"index, follow, max-snippet:-1, max-image-preview:large, max-video-preview:-1\" \/>\n<link rel=\"canonical\" href=\"https:\/\/www.perimeter-solutions.com\/de\/product\/dod-3155\/\" \/>\n<meta property=\"og:locale\" content=\"de_DE\" \/>\n<meta property=\"og:type\" content=\"article\" \/>\n<meta property=\"og:title\" content=\"Solberg\u00ae DoD 3155\" \/>\n<meta property=\"og:description\" content=\"SOLBERG\u00ae DoD 3155 Trainingsschaum-Konzentrat ist ein wirtschaftliches Trainingsschaumprodukt f\u00fcr kalte und hei\u00dfe Trainings\u00fcbungen. Das Produkt ist ein Superkonzentrat, das durch Zugabe von einem Liter zu 19 Litern Wasser verd\u00fcnnt werden muss und dann mit 6% durch luftgesaugte oder nicht luftgesaugte Ger\u00e4te dosiert wird. Der resultierende Schaum kann f\u00fcr K\u00e4ltetrainings\u00fcbungen verwendet werden, damit sich die Besatzungen mit ihrer Ausr\u00fcstung vertraut machen k\u00f6nnen, ohne die Umwelt zu belasten. Dar\u00fcber hinaus kann der Schaum f\u00fcr Hei\u00dftrainings\u00fcbungen mit nicht wassermischbaren Kohlenwasserstoffen verwendet werden.\" \/>\n<meta property=\"og:url\" content=\"https:\/\/www.perimeter-solutions.com\/de\/product\/dod-3155\/\" \/>\n<meta property=\"og:site_name\" content=\"Perimeter Solutions\" \/>\n<meta property=\"article:modified_time\" content=\"2024-08-31T00:57:12+00:00\" \/>\n<meta name=\"twitter:card\" content=\"summary_large_image\" \/>\n<meta name=\"twitter:label1\" content=\"Gesch\u00e4tzte Lesezeit\" \/>\n\t<meta name=\"twitter:data1\" content=\"2\u00a0Minuten\" \/>\n<script type=\"application\/ld+json\" class=\"yoast-schema-graph\">{\"@context\":\"https:\/\/schema.org\",\"@graph\":[{\"@type\":\"WebPage\",\"@id\":\"https:\/\/www.perimeter-solutions.com\/de\/product\/dod-3155\/\",\"url\":\"https:\/\/www.perimeter-solutions.com\/de\/product\/dod-3155\/\",\"name\":\"Solberg\u00ae DoD 3155 - Perimeter Solutions\",\"isPartOf\":{\"@id\":\"https:\/\/www.perimeter-solutions.com\/de\/#website\"},\"primaryImageOfPage\":{\"@id\":\"https:\/\/www.perimeter-solutions.com\/de\/product\/dod-3155\/#primaryimage\"},\"image\":{\"@id\":\"https:\/\/www.perimeter-solutions.com\/de\/product\/dod-3155\/#primaryimage\"},\"thumbnailUrl\":\"https:\/\/www.perimeter-solutions.com\/wp-content\/uploads\/2024\/08\/PERI_Solberg-DoD-3155_Datasheet_A4_v3-pdf.jpg\",\"datePublished\":\"2024-08-30T16:10:15+00:00\",\"dateModified\":\"2024-08-31T00:57:12+00:00\",\"description\":\"SOLBERG\u00ae DoD 3155 Trainingsschaum-Konzentrat ist ein wirtschaftliches Trainingsschaumprodukt f\u00fcr kalte und hei\u00dfe Trainings\u00fcbungen. Das Produkt ist ein Superkonzentrat, das durch Zugabe von einem Liter zu 19 Litern Wasser verd\u00fcnnt werden muss und dann mit 6% durch luftgesaugte oder nicht luftgesaugte Ger\u00e4te dosiert wird. Der resultierende Schaum kann f\u00fcr K\u00e4ltetrainings\u00fcbungen verwendet werden, damit sich die Besatzungen mit ihrer Ausr\u00fcstung vertraut machen k\u00f6nnen, ohne die Umwelt zu belasten. Dar\u00fcber hinaus kann der Schaum f\u00fcr Hei\u00dftrainings\u00fcbungen mit nicht wassermischbaren Kohlenwasserstoffen verwendet werden.\",\"breadcrumb\":{\"@id\":\"https:\/\/www.perimeter-solutions.com\/de\/product\/dod-3155\/#breadcrumb\"},\"inLanguage\":\"de\",\"potentialAction\":[{\"@type\":\"ReadAction\",\"target\":[\"https:\/\/www.perimeter-solutions.com\/de\/product\/dod-3155\/\"]}]},{\"@type\":\"ImageObject\",\"inLanguage\":\"de\",\"@id\":\"https:\/\/www.perimeter-solutions.com\/de\/product\/dod-3155\/#primaryimage\",\"url\":\"https:\/\/www.perimeter-solutions.com\/wp-content\/uploads\/2024\/08\/PERI_Solberg-DoD-3155_Datasheet_A4_v3-pdf.jpg\",\"contentUrl\":\"https:\/\/www.perimeter-solutions.com\/wp-content\/uploads\/2024\/08\/PERI_Solberg-DoD-3155_Datasheet_A4_v3-pdf.jpg\"},{\"@type\":\"BreadcrumbList\",\"@id\":\"https:\/\/www.perimeter-solutions.com\/de\/product\/dod-3155\/#breadcrumb\",\"itemListElement\":[{\"@type\":\"ListItem\",\"position\":1,\"name\":\"Produktkatalog\",\"item\":\"https:\/\/www.perimeter-solutions.com\/de\/produktkatalog\/\"},{\"@type\":\"ListItem\",\"position\":2,\"name\":\"Solberg\u00ae DoD 3155\"}]},{\"@type\":\"WebSite\",\"@id\":\"https:\/\/www.perimeter-solutions.com\/de\/#website\",\"url\":\"https:\/\/www.perimeter-solutions.com\/de\/\",\"name\":\"Perimeter Solutions\",\"description\":\"\",\"publisher\":{\"@id\":\"https:\/\/www.perimeter-solutions.com\/de\/#organization\"},\"potentialAction\":[{\"@type\":\"SearchAction\",\"target\":{\"@type\":\"EntryPoint\",\"urlTemplate\":\"https:\/\/www.perimeter-solutions.com\/de\/?s={search_term_string}\"},\"query-input\":{\"@type\":\"PropertyValueSpecification\",\"valueRequired\":true,\"valueName\":\"search_term_string\"}}],\"inLanguage\":\"de\"},{\"@type\":\"Organization\",\"@id\":\"https:\/\/www.perimeter-solutions.com\/de\/#organization\",\"name\":\"Perimeter Solutions\",\"url\":\"https:\/\/www.perimeter-solutions.com\/de\/\",\"logo\":{\"@type\":\"ImageObject\",\"inLanguage\":\"de\",\"@id\":\"https:\/\/www.perimeter-solutions.com\/de\/#\/schema\/logo\/image\/\",\"url\":\"https:\/\/www.perimeter-solutions.com\/wp-content\/uploads\/2021\/02\/perimeter-logo-RGB.png\",\"contentUrl\":\"https:\/\/www.perimeter-solutions.com\/wp-content\/uploads\/2021\/02\/perimeter-logo-RGB.png\",\"width\":794,\"height\":138,\"caption\":\"Perimeter Solutions\"},\"image\":{\"@id\":\"https:\/\/www.perimeter-solutions.com\/de\/#\/schema\/logo\/image\/\"}}]}<\/script>\n<!-- \/ Yoast SEO Premium plugin. -->","yoast_head_json":{"title":"Solberg\u00ae DoD 3155 - Perimeter Solutions","description":"SOLBERG\u00ae DoD 3155 Trainingsschaum-Konzentrat ist ein wirtschaftliches Trainingsschaumprodukt f\u00fcr kalte und hei\u00dfe Trainings\u00fcbungen. Das Produkt ist ein Superkonzentrat, das durch Zugabe von einem Liter zu 19 Litern Wasser verd\u00fcnnt werden muss und dann mit 6% durch luftgesaugte oder nicht luftgesaugte Ger\u00e4te dosiert wird. Der resultierende Schaum kann f\u00fcr K\u00e4ltetrainings\u00fcbungen verwendet werden, damit sich die Besatzungen mit ihrer Ausr\u00fcstung vertraut machen k\u00f6nnen, ohne die Umwelt zu belasten. Dar\u00fcber hinaus kann der Schaum f\u00fcr Hei\u00dftrainings\u00fcbungen mit nicht wassermischbaren Kohlenwasserstoffen verwendet werden.","robots":{"index":"index","follow":"follow","max-snippet":"max-snippet:-1","max-image-preview":"max-image-preview:large","max-video-preview":"max-video-preview:-1"},"canonical":"https:\/\/www.perimeter-solutions.com\/de\/product\/dod-3155\/","og_locale":"de_DE","og_type":"article","og_title":"Solberg\u00ae DoD 3155","og_description":"SOLBERG\u00ae DoD 3155 Trainingsschaum-Konzentrat ist ein wirtschaftliches Trainingsschaumprodukt f\u00fcr kalte und hei\u00dfe Trainings\u00fcbungen. Das Produkt ist ein Superkonzentrat, das durch Zugabe von einem Liter zu 19 Litern Wasser verd\u00fcnnt werden muss und dann mit 6% durch luftgesaugte oder nicht luftgesaugte Ger\u00e4te dosiert wird. Der resultierende Schaum kann f\u00fcr K\u00e4ltetrainings\u00fcbungen verwendet werden, damit sich die Besatzungen mit ihrer Ausr\u00fcstung vertraut machen k\u00f6nnen, ohne die Umwelt zu belasten. Dar\u00fcber hinaus kann der Schaum f\u00fcr Hei\u00dftrainings\u00fcbungen mit nicht wassermischbaren Kohlenwasserstoffen verwendet werden.","og_url":"https:\/\/www.perimeter-solutions.com\/de\/product\/dod-3155\/","og_site_name":"Perimeter Solutions","article_modified_time":"2024-08-31T00:57:12+00:00","twitter_card":"summary_large_image","twitter_misc":{"Gesch\u00e4tzte Lesezeit":"2\u00a0Minuten"},"schema":{"@context":"https:\/\/schema.org","@graph":[{"@type":"WebPage","@id":"https:\/\/www.perimeter-solutions.com\/de\/product\/dod-3155\/","url":"https:\/\/www.perimeter-solutions.com\/de\/product\/dod-3155\/","name":"Solberg\u00ae DoD 3155 - Perimeter Solutions","isPartOf":{"@id":"https:\/\/www.perimeter-solutions.com\/de\/#website"},"primaryImageOfPage":{"@id":"https:\/\/www.perimeter-solutions.com\/de\/product\/dod-3155\/#primaryimage"},"image":{"@id":"https:\/\/www.perimeter-solutions.com\/de\/product\/dod-3155\/#primaryimage"},"thumbnailUrl":"https:\/\/www.perimeter-solutions.com\/wp-content\/uploads\/2024\/08\/PERI_Solberg-DoD-3155_Datasheet_A4_v3-pdf.jpg","datePublished":"2024-08-30T16:10:15+00:00","dateModified":"2024-08-31T00:57:12+00:00","description":"SOLBERG\u00ae DoD 3155 Trainingsschaum-Konzentrat ist ein wirtschaftliches Trainingsschaumprodukt f\u00fcr kalte und hei\u00dfe Trainings\u00fcbungen. Das Produkt ist ein Superkonzentrat, das durch Zugabe von einem Liter zu 19 Litern Wasser verd\u00fcnnt werden muss und dann mit 6% durch luftgesaugte oder nicht luftgesaugte Ger\u00e4te dosiert wird. Der resultierende Schaum kann f\u00fcr K\u00e4ltetrainings\u00fcbungen verwendet werden, damit sich die Besatzungen mit ihrer Ausr\u00fcstung vertraut machen k\u00f6nnen, ohne die Umwelt zu belasten. Dar\u00fcber hinaus kann der Schaum f\u00fcr Hei\u00dftrainings\u00fcbungen mit nicht wassermischbaren Kohlenwasserstoffen verwendet werden.","breadcrumb":{"@id":"https:\/\/www.perimeter-solutions.com\/de\/product\/dod-3155\/#breadcrumb"},"inLanguage":"de","potentialAction":[{"@type":"ReadAction","target":["https:\/\/www.perimeter-solutions.com\/de\/product\/dod-3155\/"]}]},{"@type":"ImageObject","inLanguage":"de","@id":"https:\/\/www.perimeter-solutions.com\/de\/product\/dod-3155\/#primaryimage","url":"https:\/\/www.perimeter-solutions.com\/wp-content\/uploads\/2024\/08\/PERI_Solberg-DoD-3155_Datasheet_A4_v3-pdf.jpg","contentUrl":"https:\/\/www.perimeter-solutions.com\/wp-content\/uploads\/2024\/08\/PERI_Solberg-DoD-3155_Datasheet_A4_v3-pdf.jpg"},{"@type":"BreadcrumbList","@id":"https:\/\/www.perimeter-solutions.com\/de\/product\/dod-3155\/#breadcrumb","itemListElement":[{"@type":"ListItem","position":1,"name":"Produktkatalog","item":"https:\/\/www.perimeter-solutions.com\/de\/produktkatalog\/"},{"@type":"ListItem","position":2,"name":"Solberg\u00ae DoD 3155"}]},{"@type":"WebSite","@id":"https:\/\/www.perimeter-solutions.com\/de\/#website","url":"https:\/\/www.perimeter-solutions.com\/de\/","name":"Perimeter Solutions","description":"","publisher":{"@id":"https:\/\/www.perimeter-solutions.com\/de\/#organization"},"potentialAction":[{"@type":"SearchAction","target":{"@type":"EntryPoint","urlTemplate":"https:\/\/www.perimeter-solutions.com\/de\/?s={search_term_string}"},"query-input":{"@type":"PropertyValueSpecification","valueRequired":true,"valueName":"search_term_string"}}],"inLanguage":"de"},{"@type":"Organization","@id":"https:\/\/www.perimeter-solutions.com\/de\/#organization","name":"Perimeter Solutions","url":"https:\/\/www.perimeter-solutions.com\/de\/","logo":{"@type":"ImageObject","inLanguage":"de","@id":"https:\/\/www.perimeter-solutions.com\/de\/#\/schema\/logo\/image\/","url":"https:\/\/www.perimeter-solutions.com\/wp-content\/uploads\/2021\/02\/perimeter-logo-RGB.png","contentUrl":"https:\/\/www.perimeter-solutions.com\/wp-content\/uploads\/2021\/02\/perimeter-logo-RGB.png","width":794,"height":138,"caption":"Perimeter Solutions"},"image":{"@id":"https:\/\/www.perimeter-solutions.com\/de\/#\/schema\/logo\/image\/"}}]}},"_links":{"self":[{"href":"https:\/\/www.perimeter-solutions.com\/de\/wp-json\/wp\/v2\/product\/44166","targetHints":{"allow":["GET"]}}],"collection":[{"href":"https:\/\/www.perimeter-solutions.com\/de\/wp-json\/wp\/v2\/product"}],"about":[{"href":"https:\/\/www.perimeter-solutions.com\/de\/wp-json\/wp\/v2\/types\/product"}],"wp:featuredmedia":[{"embeddable":true,"href":"https:\/\/www.perimeter-solutions.com\/de\/wp-json\/wp\/v2\/media\/44169"}],"wp:attachment":[{"href":"https:\/\/www.perimeter-solutions.com\/de\/wp-json\/wp\/v2\/media?parent=44166"}],"wp:term":[{"taxonomy":"product_cat","embeddable":true,"href":"https:\/\/www.perimeter-solutions.com\/de\/wp-json\/wp\/v2\/product_cat?post=44166"},{"taxonomy":"product_tag","embeddable":true,"href":"https:\/\/www.perimeter-solutions.com\/de\/wp-json\/wp\/v2\/product_tag?post=44166"}],"curies":[{"name":"wp","href":"https:\/\/api.w.org\/{rel}","templated":true}]}}