{"id":42491,"date":"2024-06-27T13:08:55","date_gmt":"2024-06-27T17:08:55","guid":{"rendered":"https:\/\/www.perimeter-solutions.com\/product\/phos-chek-solid\/"},"modified":"2024-08-14T14:10:15","modified_gmt":"2024-08-14T18:10:15","slug":"phos-chek-solid","status":"publish","type":"product","link":"https:\/\/www.perimeter-solutions.com\/de\/product\/phos-chek-solid\/","title":{"rendered":"PHOS-CHEK SOLID"},"content":{"rendered":"<p><span style=\"color: #000000;\"><strong>PHOS-CHEK<sup>\u00ae<\/sup> SOLID<\/strong> Schaumstoffst\u00e4bchen der Klasse A produzieren schnellen, zuverl\u00e4ssigen Schaumstoff der Klasse A, ohne dass teure Ausr\u00fcstung erforderlich ist. Feuerwehrleute k\u00f6nnen jetzt ohne Schaumzumischer schnell und einfach einen Leichtschaum herstellen. PHOS-CHEK SOLID Sticks erzeugen eine L\u00f6sung, die die Oberfl\u00e4chenspannung des Wassers senkt und dadurch Feuer in Klasse A-Brennstoffen (Holz, Pflanzen, Papier- und Baumwollprodukte und Gummi) effektiver unterdr\u00fcckt.<\/span><\/p>\n<p><span style=\"color: #000000;\">Der PHOS-CHEK SOLID Klasse A Schaumstoffstab hat einen Durchmesser von 1,1875 Zoll und eine L\u00e4nge von 12,0 Zoll (305 mm) und kann mit vielen verschiedenen Applikatoren verwendet werden, die f\u00fcr dieses Produkt entwickelt wurden. Ein Beispiel ist das SCOTTY FOAM-FAST\u2122 Schaumsystem. Wenn das Wasser von der Pumpe durch den Applikator flie\u00dft, l\u00f6st sich der Stick im Wasserfluss auf und liefert eine schnelle und einfache L\u00f6sung mit niedrigem Expansionsschaum und hervorragender Benetzungsf\u00e4higkeit.<\/span><\/p>\n<p><span style=\"color: #000000;\">Jetzt kann jeder Feuerwehrmann den Vorteil von Schaum der Klasse A genie\u00dfen. Dieses neue PHOS-CHEK Klasse-A-Schaumprodukt bietet dem Benutzer eine einfache, aber effektive Methode zur Herstellung einer Klasse-A-Schauml\u00f6sung, die sich ausbreitet und in por\u00f6se Kraftstoffe eindringt. Ein einzelner Stick sorgt f\u00fcr 20-30 Minuten Schaum, je nach Fluss. Wenn es aufgebraucht ist, legen Sie einfach ein neues ein und schon kann es losgehen.<\/span><\/p>\n<p><span style=\"color: #000000;\"><strong>Bitte wenden Sie sich an einen Experten f\u00fcr Regulierungsfragen, um sich \u00fcber die Einschr\u00e4nkungen und Vorschriften zu informieren, die in Ihrem Staat oder an Ihrem Wohnort in Bezug auf den Verkauf und Vertrieb von Schaumstoffkonzentraten der Klasse A gelten k\u00f6nnen.<\/strong><\/span><\/p>\n<h4>Verf\u00fcgbare Optionen<\/h4>\n","protected":false},"excerpt":{"rendered":"<p>PHOS-CHEK\u00ae SOLID Schaumstoffst\u00e4bchen der Klasse A produzieren schnellen, zuverl\u00e4ssigen Schaumstoff der Klasse A, ohne dass teure Ausr\u00fcstung erforderlich ist. Feuerwehrleute k\u00f6nnen jetzt ohne Schaumzumischer schnell und einfach einen Leichtschaum herstellen. [&hellip;]<\/p>\n","protected":false},"featured_media":42492,"template":"","meta":{"_acf_changed":false},"product_cat":[186],"product_tag":[251,239,257],"class_list":{"0":"post-42491","1":"product","2":"type-product","3":"status-publish","4":"has-post-thumbnail","6":"product_cat-class-a-de","7":"product_tag-kommunal","8":"product_tag-phos-chek-de","9":"product_tag-wildland-de","11":"first","12":"instock","13":"shipping-taxable","14":"purchasable","15":"product-type-simple"},"acf":[],"yoast_head":"<!-- This site is optimized with the Yoast SEO Premium plugin v21.9 (Yoast SEO v23.5) - https:\/\/yoast.com\/wordpress\/plugins\/seo\/ -->\n<title>PHOS-CHEK SOLID - Perimeter Solutions<\/title>\n<meta name=\"description\" content=\"PHOS-CHEK \u00ae SOLID Schaumstoffst\u00e4bchen der Klasse A produzieren schnellen, zuverl\u00e4ssigen Schaumstoff der Klasse A, ohne dass teure Ausr\u00fcstung erforderlich ist. Feuerwehrleute k\u00f6nnen jetzt ohne Schaumzumischer schnell und einfach einen Leichtschaum herstellen.\" \/>\n<meta name=\"robots\" content=\"index, follow, max-snippet:-1, max-image-preview:large, max-video-preview:-1\" \/>\n<link rel=\"canonical\" href=\"https:\/\/www.perimeter-solutions.com\/de\/product\/phos-chek-solid\/\" \/>\n<meta property=\"og:locale\" content=\"de_DE\" \/>\n<meta property=\"og:type\" content=\"article\" \/>\n<meta property=\"og:title\" content=\"PHOS-CHEK SOLID\" \/>\n<meta property=\"og:description\" content=\"PHOS-CHEK \u00ae SOLID Schaumstoffst\u00e4bchen der Klasse A produzieren schnellen, zuverl\u00e4ssigen Schaumstoff der Klasse A, ohne dass teure Ausr\u00fcstung erforderlich ist. Feuerwehrleute k\u00f6nnen jetzt ohne Schaumzumischer schnell und einfach einen Leichtschaum herstellen.\" \/>\n<meta property=\"og:url\" content=\"https:\/\/www.perimeter-solutions.com\/de\/product\/phos-chek-solid\/\" \/>\n<meta property=\"og:site_name\" content=\"Perimeter Solutions\" \/>\n<meta property=\"article:modified_time\" content=\"2024-08-14T18:10:15+00:00\" \/>\n<meta name=\"twitter:card\" content=\"summary_large_image\" \/>\n<meta name=\"twitter:label1\" content=\"Gesch\u00e4tzte Lesezeit\" \/>\n\t<meta name=\"twitter:data1\" content=\"2\u00a0Minuten\" \/>\n<script type=\"application\/ld+json\" class=\"yoast-schema-graph\">{\"@context\":\"https:\/\/schema.org\",\"@graph\":[{\"@type\":\"WebPage\",\"@id\":\"https:\/\/www.perimeter-solutions.com\/de\/product\/phos-chek-solid\/\",\"url\":\"https:\/\/www.perimeter-solutions.com\/de\/product\/phos-chek-solid\/\",\"name\":\"PHOS-CHEK SOLID - Perimeter Solutions\",\"isPartOf\":{\"@id\":\"https:\/\/www.perimeter-solutions.com\/de\/#website\"},\"primaryImageOfPage\":{\"@id\":\"https:\/\/www.perimeter-solutions.com\/de\/product\/phos-chek-solid\/#primaryimage\"},\"image\":{\"@id\":\"https:\/\/www.perimeter-solutions.com\/de\/product\/phos-chek-solid\/#primaryimage\"},\"thumbnailUrl\":\"https:\/\/www.perimeter-solutions.com\/wp-content\/uploads\/2024\/06\/PC-SOLID-Class-A-Datasheet_PCC-2019017-2-pdf.jpg\",\"datePublished\":\"2024-06-27T17:08:55+00:00\",\"dateModified\":\"2024-08-14T18:10:15+00:00\",\"description\":\"PHOS-CHEK \u00ae SOLID Schaumstoffst\u00e4bchen der Klasse A produzieren schnellen, zuverl\u00e4ssigen Schaumstoff der Klasse A, ohne dass teure Ausr\u00fcstung erforderlich ist. Feuerwehrleute k\u00f6nnen jetzt ohne Schaumzumischer schnell und einfach einen Leichtschaum herstellen.\",\"breadcrumb\":{\"@id\":\"https:\/\/www.perimeter-solutions.com\/de\/product\/phos-chek-solid\/#breadcrumb\"},\"inLanguage\":\"de\",\"potentialAction\":[{\"@type\":\"ReadAction\",\"target\":[\"https:\/\/www.perimeter-solutions.com\/de\/product\/phos-chek-solid\/\"]}]},{\"@type\":\"ImageObject\",\"inLanguage\":\"de\",\"@id\":\"https:\/\/www.perimeter-solutions.com\/de\/product\/phos-chek-solid\/#primaryimage\",\"url\":\"https:\/\/www.perimeter-solutions.com\/wp-content\/uploads\/2024\/06\/PC-SOLID-Class-A-Datasheet_PCC-2019017-2-pdf.jpg\",\"contentUrl\":\"https:\/\/www.perimeter-solutions.com\/wp-content\/uploads\/2024\/06\/PC-SOLID-Class-A-Datasheet_PCC-2019017-2-pdf.jpg\"},{\"@type\":\"BreadcrumbList\",\"@id\":\"https:\/\/www.perimeter-solutions.com\/de\/product\/phos-chek-solid\/#breadcrumb\",\"itemListElement\":[{\"@type\":\"ListItem\",\"position\":1,\"name\":\"Produktkatalog\",\"item\":\"https:\/\/www.perimeter-solutions.com\/de\/produktkatalog\/\"},{\"@type\":\"ListItem\",\"position\":2,\"name\":\"PHOS-CHEK SOLID\"}]},{\"@type\":\"WebSite\",\"@id\":\"https:\/\/www.perimeter-solutions.com\/de\/#website\",\"url\":\"https:\/\/www.perimeter-solutions.com\/de\/\",\"name\":\"Perimeter Solutions\",\"description\":\"\",\"publisher\":{\"@id\":\"https:\/\/www.perimeter-solutions.com\/de\/#organization\"},\"potentialAction\":[{\"@type\":\"SearchAction\",\"target\":{\"@type\":\"EntryPoint\",\"urlTemplate\":\"https:\/\/www.perimeter-solutions.com\/de\/?s={search_term_string}\"},\"query-input\":{\"@type\":\"PropertyValueSpecification\",\"valueRequired\":true,\"valueName\":\"search_term_string\"}}],\"inLanguage\":\"de\"},{\"@type\":\"Organization\",\"@id\":\"https:\/\/www.perimeter-solutions.com\/de\/#organization\",\"name\":\"Perimeter Solutions\",\"url\":\"https:\/\/www.perimeter-solutions.com\/de\/\",\"logo\":{\"@type\":\"ImageObject\",\"inLanguage\":\"de\",\"@id\":\"https:\/\/www.perimeter-solutions.com\/de\/#\/schema\/logo\/image\/\",\"url\":\"https:\/\/www.perimeter-solutions.com\/wp-content\/uploads\/2021\/02\/perimeter-logo-RGB.png\",\"contentUrl\":\"https:\/\/www.perimeter-solutions.com\/wp-content\/uploads\/2021\/02\/perimeter-logo-RGB.png\",\"width\":794,\"height\":138,\"caption\":\"Perimeter Solutions\"},\"image\":{\"@id\":\"https:\/\/www.perimeter-solutions.com\/de\/#\/schema\/logo\/image\/\"}}]}<\/script>\n<!-- \/ Yoast SEO Premium plugin. -->","yoast_head_json":{"title":"PHOS-CHEK SOLID - Perimeter Solutions","description":"PHOS-CHEK \u00ae SOLID Schaumstoffst\u00e4bchen der Klasse A produzieren schnellen, zuverl\u00e4ssigen Schaumstoff der Klasse A, ohne dass teure Ausr\u00fcstung erforderlich ist. Feuerwehrleute k\u00f6nnen jetzt ohne Schaumzumischer schnell und einfach einen Leichtschaum herstellen.","robots":{"index":"index","follow":"follow","max-snippet":"max-snippet:-1","max-image-preview":"max-image-preview:large","max-video-preview":"max-video-preview:-1"},"canonical":"https:\/\/www.perimeter-solutions.com\/de\/product\/phos-chek-solid\/","og_locale":"de_DE","og_type":"article","og_title":"PHOS-CHEK SOLID","og_description":"PHOS-CHEK \u00ae SOLID Schaumstoffst\u00e4bchen der Klasse A produzieren schnellen, zuverl\u00e4ssigen Schaumstoff der Klasse A, ohne dass teure Ausr\u00fcstung erforderlich ist. Feuerwehrleute k\u00f6nnen jetzt ohne Schaumzumischer schnell und einfach einen Leichtschaum herstellen.","og_url":"https:\/\/www.perimeter-solutions.com\/de\/product\/phos-chek-solid\/","og_site_name":"Perimeter Solutions","article_modified_time":"2024-08-14T18:10:15+00:00","twitter_card":"summary_large_image","twitter_misc":{"Gesch\u00e4tzte Lesezeit":"2\u00a0Minuten"},"schema":{"@context":"https:\/\/schema.org","@graph":[{"@type":"WebPage","@id":"https:\/\/www.perimeter-solutions.com\/de\/product\/phos-chek-solid\/","url":"https:\/\/www.perimeter-solutions.com\/de\/product\/phos-chek-solid\/","name":"PHOS-CHEK SOLID - Perimeter Solutions","isPartOf":{"@id":"https:\/\/www.perimeter-solutions.com\/de\/#website"},"primaryImageOfPage":{"@id":"https:\/\/www.perimeter-solutions.com\/de\/product\/phos-chek-solid\/#primaryimage"},"image":{"@id":"https:\/\/www.perimeter-solutions.com\/de\/product\/phos-chek-solid\/#primaryimage"},"thumbnailUrl":"https:\/\/www.perimeter-solutions.com\/wp-content\/uploads\/2024\/06\/PC-SOLID-Class-A-Datasheet_PCC-2019017-2-pdf.jpg","datePublished":"2024-06-27T17:08:55+00:00","dateModified":"2024-08-14T18:10:15+00:00","description":"PHOS-CHEK \u00ae SOLID Schaumstoffst\u00e4bchen der Klasse A produzieren schnellen, zuverl\u00e4ssigen Schaumstoff der Klasse A, ohne dass teure Ausr\u00fcstung erforderlich ist. Feuerwehrleute k\u00f6nnen jetzt ohne Schaumzumischer schnell und einfach einen Leichtschaum herstellen.","breadcrumb":{"@id":"https:\/\/www.perimeter-solutions.com\/de\/product\/phos-chek-solid\/#breadcrumb"},"inLanguage":"de","potentialAction":[{"@type":"ReadAction","target":["https:\/\/www.perimeter-solutions.com\/de\/product\/phos-chek-solid\/"]}]},{"@type":"ImageObject","inLanguage":"de","@id":"https:\/\/www.perimeter-solutions.com\/de\/product\/phos-chek-solid\/#primaryimage","url":"https:\/\/www.perimeter-solutions.com\/wp-content\/uploads\/2024\/06\/PC-SOLID-Class-A-Datasheet_PCC-2019017-2-pdf.jpg","contentUrl":"https:\/\/www.perimeter-solutions.com\/wp-content\/uploads\/2024\/06\/PC-SOLID-Class-A-Datasheet_PCC-2019017-2-pdf.jpg"},{"@type":"BreadcrumbList","@id":"https:\/\/www.perimeter-solutions.com\/de\/product\/phos-chek-solid\/#breadcrumb","itemListElement":[{"@type":"ListItem","position":1,"name":"Produktkatalog","item":"https:\/\/www.perimeter-solutions.com\/de\/produktkatalog\/"},{"@type":"ListItem","position":2,"name":"PHOS-CHEK SOLID"}]},{"@type":"WebSite","@id":"https:\/\/www.perimeter-solutions.com\/de\/#website","url":"https:\/\/www.perimeter-solutions.com\/de\/","name":"Perimeter Solutions","description":"","publisher":{"@id":"https:\/\/www.perimeter-solutions.com\/de\/#organization"},"potentialAction":[{"@type":"SearchAction","target":{"@type":"EntryPoint","urlTemplate":"https:\/\/www.perimeter-solutions.com\/de\/?s={search_term_string}"},"query-input":{"@type":"PropertyValueSpecification","valueRequired":true,"valueName":"search_term_string"}}],"inLanguage":"de"},{"@type":"Organization","@id":"https:\/\/www.perimeter-solutions.com\/de\/#organization","name":"Perimeter Solutions","url":"https:\/\/www.perimeter-solutions.com\/de\/","logo":{"@type":"ImageObject","inLanguage":"de","@id":"https:\/\/www.perimeter-solutions.com\/de\/#\/schema\/logo\/image\/","url":"https:\/\/www.perimeter-solutions.com\/wp-content\/uploads\/2021\/02\/perimeter-logo-RGB.png","contentUrl":"https:\/\/www.perimeter-solutions.com\/wp-content\/uploads\/2021\/02\/perimeter-logo-RGB.png","width":794,"height":138,"caption":"Perimeter Solutions"},"image":{"@id":"https:\/\/www.perimeter-solutions.com\/de\/#\/schema\/logo\/image\/"}}]}},"_links":{"self":[{"href":"https:\/\/www.perimeter-solutions.com\/de\/wp-json\/wp\/v2\/product\/42491","targetHints":{"allow":["GET"]}}],"collection":[{"href":"https:\/\/www.perimeter-solutions.com\/de\/wp-json\/wp\/v2\/product"}],"about":[{"href":"https:\/\/www.perimeter-solutions.com\/de\/wp-json\/wp\/v2\/types\/product"}],"wp:featuredmedia":[{"embeddable":true,"href":"https:\/\/www.perimeter-solutions.com\/de\/wp-json\/wp\/v2\/media\/42492"}],"wp:attachment":[{"href":"https:\/\/www.perimeter-solutions.com\/de\/wp-json\/wp\/v2\/media?parent=42491"}],"wp:term":[{"taxonomy":"product_cat","embeddable":true,"href":"https:\/\/www.perimeter-solutions.com\/de\/wp-json\/wp\/v2\/product_cat?post=42491"},{"taxonomy":"product_tag","embeddable":true,"href":"https:\/\/www.perimeter-solutions.com\/de\/wp-json\/wp\/v2\/product_tag?post=42491"}],"curies":[{"name":"wp","href":"https:\/\/api.w.org\/{rel}","templated":true}]}}