{"id":42486,"date":"2024-06-27T12:49:36","date_gmt":"2024-06-27T16:49:36","guid":{"rendered":"https:\/\/www.perimeter-solutions.com\/product\/solberg-feuer-bremse-3150a\/"},"modified":"2024-08-14T14:26:57","modified_gmt":"2024-08-14T18:26:57","slug":"solberg-feuer-bremse-3150a","status":"publish","type":"product","link":"https:\/\/www.perimeter-solutions.com\/de\/product\/solberg-feuer-bremse-3150a\/","title":{"rendered":"SOLBERG<sup>\u00ae<\/sup> FEUER-BREMSE 3150A"},"content":{"rendered":"<p><span style=\"color: #000000;\"><strong>SOLBERG<sup>\u00ae<\/sup> Fire-Brake 3150A CLASS A FOAM CONCENTRATE<\/strong> von SOLBERG ist ein synthetisches L\u00f6schschaumkonzentrat, das speziell f\u00fcr den Einsatz bei Waldbr\u00e4nden, Geb\u00e4udebr\u00e4nden und anderen Br\u00e4nden der Klasse A entwickelt wurde. SOLBERG Fire-Brake 3150A Schaummittel der Klasse A hat die F\u00e4higkeit, die Oberfl\u00e4chenspannung von Wasser zu verringern, was die allgemeine Benetzungsf\u00e4higkeit des Wassers erheblich erh\u00f6ht. Dies schafft eine schnellere Durchschlagskraft und eine bessere Feuerkontrolle beim Angriff auf brennbare Kraftstoffe der Klasse A. SOLBERG Fire-Brake 3150A Schaummittel der Klasse A kann mit 0,1 &#8211; 1% in S\u00fc\u00df-, Meer- und Brackwasser dosiert werden.<\/span><\/p>\n<p><span style=\"color: #000000;\"><strong>Bitte wenden Sie sich an einen Experten f\u00fcr Regulierungsfragen, um sich \u00fcber die Einschr\u00e4nkungen und Vorschriften zu informieren, die in Ihrem Staat oder an Ihrem Wohnort in Bezug auf den Verkauf und Vertrieb von Schaumstoffkonzentraten der Klasse A gelten k\u00f6nnen.<\/strong><\/span><\/p>\n<h4>Verf\u00fcgbare Optionen<\/h4>\n","protected":false},"excerpt":{"rendered":"<p>SOLBERG\u00ae Fire-Brake 3150A CLASS A FOAM CONCENTRATE von SOLBERG ist ein synthetisches L\u00f6schschaumkonzentrat, das speziell f\u00fcr den Einsatz bei Waldbr\u00e4nden, Geb\u00e4udebr\u00e4nden und anderen Br\u00e4nden der Klasse A entwickelt wurde. SOLBERG [&hellip;]<\/p>\n","protected":false},"featured_media":42488,"template":"","meta":{"_acf_changed":false},"product_cat":[186],"product_tag":[221,231,251,241,257],"class_list":{"0":"post-42486","1":"product","2":"type-product","3":"status-publish","4":"has-post-thumbnail","6":"product_cat-class-a-de","7":"product_tag-en-1568-de","8":"product_tag-industriell","9":"product_tag-kommunal","10":"product_tag-solberg-de","11":"product_tag-wildland-de","13":"first","14":"instock","15":"shipping-taxable","16":"purchasable","17":"product-type-simple"},"acf":[],"yoast_head":"<!-- This site is optimized with the Yoast SEO Premium plugin v21.9 (Yoast SEO v23.5) - https:\/\/yoast.com\/wordpress\/plugins\/seo\/ -->\n<title>SOLBERG\u00ae FEUER-BREMSE 3150A - Perimeter Solutions<\/title>\n<meta name=\"description\" content=\"SOLBERG\u00ae Fire-Brake 3150A CLASS A FOAM CONCENTRATE von SOLBERG ist ein synthetisches L\u00f6schschaumkonzentrat, das speziell f\u00fcr den Einsatz bei Waldbr\u00e4nden, Geb\u00e4udebr\u00e4nden und anderen Br\u00e4nden der Klasse A entwickelt wurde.\" \/>\n<meta name=\"robots\" content=\"index, follow, max-snippet:-1, max-image-preview:large, max-video-preview:-1\" \/>\n<link rel=\"canonical\" href=\"https:\/\/www.perimeter-solutions.com\/de\/product\/solberg-feuer-bremse-3150a\/\" \/>\n<meta property=\"og:locale\" content=\"de_DE\" \/>\n<meta property=\"og:type\" content=\"article\" \/>\n<meta property=\"og:title\" content=\"SOLBERG\u00ae FEUER-BREMSE 3150A\" \/>\n<meta property=\"og:description\" content=\"SOLBERG\u00ae Fire-Brake 3150A CLASS A FOAM CONCENTRATE von SOLBERG ist ein synthetisches L\u00f6schschaumkonzentrat, das speziell f\u00fcr den Einsatz bei Waldbr\u00e4nden, Geb\u00e4udebr\u00e4nden und anderen Br\u00e4nden der Klasse A entwickelt wurde.\" \/>\n<meta property=\"og:url\" content=\"https:\/\/www.perimeter-solutions.com\/de\/product\/solberg-feuer-bremse-3150a\/\" \/>\n<meta property=\"og:site_name\" content=\"Perimeter Solutions\" \/>\n<meta property=\"article:modified_time\" content=\"2024-08-14T18:26:57+00:00\" \/>\n<meta name=\"twitter:card\" content=\"summary_large_image\" \/>\n<meta name=\"twitter:label1\" content=\"Gesch\u00e4tzte Lesezeit\" \/>\n\t<meta name=\"twitter:data1\" content=\"1\u00a0Minute\" \/>\n<script type=\"application\/ld+json\" class=\"yoast-schema-graph\">{\"@context\":\"https:\/\/schema.org\",\"@graph\":[{\"@type\":\"WebPage\",\"@id\":\"https:\/\/www.perimeter-solutions.com\/de\/product\/solberg-feuer-bremse-3150a\/\",\"url\":\"https:\/\/www.perimeter-solutions.com\/de\/product\/solberg-feuer-bremse-3150a\/\",\"name\":\"SOLBERG\u00ae FEUER-BREMSE 3150A - Perimeter Solutions\",\"isPartOf\":{\"@id\":\"https:\/\/www.perimeter-solutions.com\/de\/#website\"},\"primaryImageOfPage\":{\"@id\":\"https:\/\/www.perimeter-solutions.com\/de\/product\/solberg-feuer-bremse-3150a\/#primaryimage\"},\"image\":{\"@id\":\"https:\/\/www.perimeter-solutions.com\/de\/product\/solberg-feuer-bremse-3150a\/#primaryimage\"},\"thumbnailUrl\":\"https:\/\/www.perimeter-solutions.com\/wp-content\/uploads\/2024\/06\/PERI_Firebrake_FoamConcentrate_Datasheet-APAC_A4-v1-pdf.jpg\",\"datePublished\":\"2024-06-27T16:49:36+00:00\",\"dateModified\":\"2024-08-14T18:26:57+00:00\",\"description\":\"SOLBERG\u00ae Fire-Brake 3150A CLASS A FOAM CONCENTRATE von SOLBERG ist ein synthetisches L\u00f6schschaumkonzentrat, das speziell f\u00fcr den Einsatz bei Waldbr\u00e4nden, Geb\u00e4udebr\u00e4nden und anderen Br\u00e4nden der Klasse A entwickelt wurde.\",\"breadcrumb\":{\"@id\":\"https:\/\/www.perimeter-solutions.com\/de\/product\/solberg-feuer-bremse-3150a\/#breadcrumb\"},\"inLanguage\":\"de\",\"potentialAction\":[{\"@type\":\"ReadAction\",\"target\":[\"https:\/\/www.perimeter-solutions.com\/de\/product\/solberg-feuer-bremse-3150a\/\"]}]},{\"@type\":\"ImageObject\",\"inLanguage\":\"de\",\"@id\":\"https:\/\/www.perimeter-solutions.com\/de\/product\/solberg-feuer-bremse-3150a\/#primaryimage\",\"url\":\"https:\/\/www.perimeter-solutions.com\/wp-content\/uploads\/2024\/06\/PERI_Firebrake_FoamConcentrate_Datasheet-APAC_A4-v1-pdf.jpg\",\"contentUrl\":\"https:\/\/www.perimeter-solutions.com\/wp-content\/uploads\/2024\/06\/PERI_Firebrake_FoamConcentrate_Datasheet-APAC_A4-v1-pdf.jpg\"},{\"@type\":\"BreadcrumbList\",\"@id\":\"https:\/\/www.perimeter-solutions.com\/de\/product\/solberg-feuer-bremse-3150a\/#breadcrumb\",\"itemListElement\":[{\"@type\":\"ListItem\",\"position\":1,\"name\":\"Produktkatalog\",\"item\":\"https:\/\/www.perimeter-solutions.com\/de\/produktkatalog\/\"},{\"@type\":\"ListItem\",\"position\":2,\"name\":\"SOLBERG\u00ae FEUER-BREMSE 3150A\"}]},{\"@type\":\"WebSite\",\"@id\":\"https:\/\/www.perimeter-solutions.com\/de\/#website\",\"url\":\"https:\/\/www.perimeter-solutions.com\/de\/\",\"name\":\"Perimeter Solutions\",\"description\":\"\",\"publisher\":{\"@id\":\"https:\/\/www.perimeter-solutions.com\/de\/#organization\"},\"potentialAction\":[{\"@type\":\"SearchAction\",\"target\":{\"@type\":\"EntryPoint\",\"urlTemplate\":\"https:\/\/www.perimeter-solutions.com\/de\/?s={search_term_string}\"},\"query-input\":{\"@type\":\"PropertyValueSpecification\",\"valueRequired\":true,\"valueName\":\"search_term_string\"}}],\"inLanguage\":\"de\"},{\"@type\":\"Organization\",\"@id\":\"https:\/\/www.perimeter-solutions.com\/de\/#organization\",\"name\":\"Perimeter Solutions\",\"url\":\"https:\/\/www.perimeter-solutions.com\/de\/\",\"logo\":{\"@type\":\"ImageObject\",\"inLanguage\":\"de\",\"@id\":\"https:\/\/www.perimeter-solutions.com\/de\/#\/schema\/logo\/image\/\",\"url\":\"https:\/\/www.perimeter-solutions.com\/wp-content\/uploads\/2021\/02\/perimeter-logo-RGB.png\",\"contentUrl\":\"https:\/\/www.perimeter-solutions.com\/wp-content\/uploads\/2021\/02\/perimeter-logo-RGB.png\",\"width\":794,\"height\":138,\"caption\":\"Perimeter Solutions\"},\"image\":{\"@id\":\"https:\/\/www.perimeter-solutions.com\/de\/#\/schema\/logo\/image\/\"}}]}<\/script>\n<!-- \/ Yoast SEO Premium plugin. -->","yoast_head_json":{"title":"SOLBERG\u00ae FEUER-BREMSE 3150A - Perimeter Solutions","description":"SOLBERG\u00ae Fire-Brake 3150A CLASS A FOAM CONCENTRATE von SOLBERG ist ein synthetisches L\u00f6schschaumkonzentrat, das speziell f\u00fcr den Einsatz bei Waldbr\u00e4nden, Geb\u00e4udebr\u00e4nden und anderen Br\u00e4nden der Klasse A entwickelt wurde.","robots":{"index":"index","follow":"follow","max-snippet":"max-snippet:-1","max-image-preview":"max-image-preview:large","max-video-preview":"max-video-preview:-1"},"canonical":"https:\/\/www.perimeter-solutions.com\/de\/product\/solberg-feuer-bremse-3150a\/","og_locale":"de_DE","og_type":"article","og_title":"SOLBERG\u00ae FEUER-BREMSE 3150A","og_description":"SOLBERG\u00ae Fire-Brake 3150A CLASS A FOAM CONCENTRATE von SOLBERG ist ein synthetisches L\u00f6schschaumkonzentrat, das speziell f\u00fcr den Einsatz bei Waldbr\u00e4nden, Geb\u00e4udebr\u00e4nden und anderen Br\u00e4nden der Klasse A entwickelt wurde.","og_url":"https:\/\/www.perimeter-solutions.com\/de\/product\/solberg-feuer-bremse-3150a\/","og_site_name":"Perimeter Solutions","article_modified_time":"2024-08-14T18:26:57+00:00","twitter_card":"summary_large_image","twitter_misc":{"Gesch\u00e4tzte Lesezeit":"1\u00a0Minute"},"schema":{"@context":"https:\/\/schema.org","@graph":[{"@type":"WebPage","@id":"https:\/\/www.perimeter-solutions.com\/de\/product\/solberg-feuer-bremse-3150a\/","url":"https:\/\/www.perimeter-solutions.com\/de\/product\/solberg-feuer-bremse-3150a\/","name":"SOLBERG\u00ae FEUER-BREMSE 3150A - Perimeter Solutions","isPartOf":{"@id":"https:\/\/www.perimeter-solutions.com\/de\/#website"},"primaryImageOfPage":{"@id":"https:\/\/www.perimeter-solutions.com\/de\/product\/solberg-feuer-bremse-3150a\/#primaryimage"},"image":{"@id":"https:\/\/www.perimeter-solutions.com\/de\/product\/solberg-feuer-bremse-3150a\/#primaryimage"},"thumbnailUrl":"https:\/\/www.perimeter-solutions.com\/wp-content\/uploads\/2024\/06\/PERI_Firebrake_FoamConcentrate_Datasheet-APAC_A4-v1-pdf.jpg","datePublished":"2024-06-27T16:49:36+00:00","dateModified":"2024-08-14T18:26:57+00:00","description":"SOLBERG\u00ae Fire-Brake 3150A CLASS A FOAM CONCENTRATE von SOLBERG ist ein synthetisches L\u00f6schschaumkonzentrat, das speziell f\u00fcr den Einsatz bei Waldbr\u00e4nden, Geb\u00e4udebr\u00e4nden und anderen Br\u00e4nden der Klasse A entwickelt wurde.","breadcrumb":{"@id":"https:\/\/www.perimeter-solutions.com\/de\/product\/solberg-feuer-bremse-3150a\/#breadcrumb"},"inLanguage":"de","potentialAction":[{"@type":"ReadAction","target":["https:\/\/www.perimeter-solutions.com\/de\/product\/solberg-feuer-bremse-3150a\/"]}]},{"@type":"ImageObject","inLanguage":"de","@id":"https:\/\/www.perimeter-solutions.com\/de\/product\/solberg-feuer-bremse-3150a\/#primaryimage","url":"https:\/\/www.perimeter-solutions.com\/wp-content\/uploads\/2024\/06\/PERI_Firebrake_FoamConcentrate_Datasheet-APAC_A4-v1-pdf.jpg","contentUrl":"https:\/\/www.perimeter-solutions.com\/wp-content\/uploads\/2024\/06\/PERI_Firebrake_FoamConcentrate_Datasheet-APAC_A4-v1-pdf.jpg"},{"@type":"BreadcrumbList","@id":"https:\/\/www.perimeter-solutions.com\/de\/product\/solberg-feuer-bremse-3150a\/#breadcrumb","itemListElement":[{"@type":"ListItem","position":1,"name":"Produktkatalog","item":"https:\/\/www.perimeter-solutions.com\/de\/produktkatalog\/"},{"@type":"ListItem","position":2,"name":"SOLBERG\u00ae FEUER-BREMSE 3150A"}]},{"@type":"WebSite","@id":"https:\/\/www.perimeter-solutions.com\/de\/#website","url":"https:\/\/www.perimeter-solutions.com\/de\/","name":"Perimeter Solutions","description":"","publisher":{"@id":"https:\/\/www.perimeter-solutions.com\/de\/#organization"},"potentialAction":[{"@type":"SearchAction","target":{"@type":"EntryPoint","urlTemplate":"https:\/\/www.perimeter-solutions.com\/de\/?s={search_term_string}"},"query-input":{"@type":"PropertyValueSpecification","valueRequired":true,"valueName":"search_term_string"}}],"inLanguage":"de"},{"@type":"Organization","@id":"https:\/\/www.perimeter-solutions.com\/de\/#organization","name":"Perimeter Solutions","url":"https:\/\/www.perimeter-solutions.com\/de\/","logo":{"@type":"ImageObject","inLanguage":"de","@id":"https:\/\/www.perimeter-solutions.com\/de\/#\/schema\/logo\/image\/","url":"https:\/\/www.perimeter-solutions.com\/wp-content\/uploads\/2021\/02\/perimeter-logo-RGB.png","contentUrl":"https:\/\/www.perimeter-solutions.com\/wp-content\/uploads\/2021\/02\/perimeter-logo-RGB.png","width":794,"height":138,"caption":"Perimeter Solutions"},"image":{"@id":"https:\/\/www.perimeter-solutions.com\/de\/#\/schema\/logo\/image\/"}}]}},"_links":{"self":[{"href":"https:\/\/www.perimeter-solutions.com\/de\/wp-json\/wp\/v2\/product\/42486","targetHints":{"allow":["GET"]}}],"collection":[{"href":"https:\/\/www.perimeter-solutions.com\/de\/wp-json\/wp\/v2\/product"}],"about":[{"href":"https:\/\/www.perimeter-solutions.com\/de\/wp-json\/wp\/v2\/types\/product"}],"wp:featuredmedia":[{"embeddable":true,"href":"https:\/\/www.perimeter-solutions.com\/de\/wp-json\/wp\/v2\/media\/42488"}],"wp:attachment":[{"href":"https:\/\/www.perimeter-solutions.com\/de\/wp-json\/wp\/v2\/media?parent=42486"}],"wp:term":[{"taxonomy":"product_cat","embeddable":true,"href":"https:\/\/www.perimeter-solutions.com\/de\/wp-json\/wp\/v2\/product_cat?post=42486"},{"taxonomy":"product_tag","embeddable":true,"href":"https:\/\/www.perimeter-solutions.com\/de\/wp-json\/wp\/v2\/product_tag?post=42486"}],"curies":[{"name":"wp","href":"https:\/\/api.w.org\/{rel}","templated":true}]}}