{"id":42479,"date":"2024-06-27T12:45:36","date_gmt":"2024-06-27T16:45:36","guid":{"rendered":"https:\/\/www.perimeter-solutions.com\/product\/solberg-fire-brake-plus\/"},"modified":"2024-08-14T14:24:57","modified_gmt":"2024-08-14T18:24:57","slug":"solberg-fire-brake-plus","status":"publish","type":"product","link":"https:\/\/www.perimeter-solutions.com\/de\/product\/solberg-fire-brake-plus\/","title":{"rendered":"SOLBERG<sup>\u00ae<\/sup> FIRE-BRAKE PLUS\u2122"},"content":{"rendered":"<p><span style=\"color: #000000;\"><strong>SOLBERG<sup>\u00ae<\/sup> FIRE-BRAKE PLUS\u2122<\/strong> Schaummittelkonzentrat ist speziell formuliert, um Wasser f\u00fcr die Brandbek\u00e4mpfung effektiver zu machen. SOLBERG FIRE-BRAKE PLUS ist ein preisbewusstes Schaummittel der Klasse A, das im Vergleich zu anderen weniger konzentrierten Schaummitteln der Klasse A g\u00fcnstig ist.<\/span><\/p>\n<p><span style=\"color: #000000;\">Die einzigartige Kombination von Tensiden reduziert die Oberfl\u00e4chenspannung des Wassers erheblich und erzeugt beim Mischen mit Luft eine Schaumdecke, die Kraftstoffe mit einer dicken Wasserschicht umgibt. Dadurch wird eine Barriere zwischen Brennstoff und Feuer geschaffen, die das Feuer schneller niederschl\u00e4gt als Wasser allein, und den Feuerwehrleuten erm\u00f6glicht, die Einsatzbereiche zu sehen. Eine effektivere Wasserf\u00fchrung reduziert die zum L\u00f6schen des Feuers ben\u00f6tigte Wassermenge, reduziert Wassersch\u00e4den und erh\u00f6ht die Sicherheit der Feuerwehrleute durch schnelleren Niederschlag und reduzierte Aufr\u00e4um-\/\u00dcberholungsanforderungen. SOLBERG FIRE-BRAKE PLUS enth\u00e4lt KEINE GEF\u00c4HRLICHEN STOFFE, ist nicht \u00e4tzend, ungiftig, leicht biologisch abbaubar und hat keinen Flammpunkt.<\/span><\/p>\n<p><span style=\"color: #000000;\"><strong>Bitte wenden Sie sich an einen Experten f\u00fcr Regulierungsfragen, um sich \u00fcber die Einschr\u00e4nkungen und Vorschriften zu informieren, die in Ihrem Staat oder an Ihrem Wohnort in Bezug auf den Verkauf und Vertrieb von Schaumstoffkonzentraten der Klasse A gelten k\u00f6nnen.<\/strong><\/span><\/p>\n<h4>Verf\u00fcgbare Optionen<\/h4>\n","protected":false},"excerpt":{"rendered":"<p>SOLBERG\u00ae FIRE-BRAKE PLUS\u2122 Schaummittelkonzentrat ist speziell formuliert, um Wasser f\u00fcr die Brandbek\u00e4mpfung effektiver zu machen. SOLBERG FIRE-BRAKE PLUS ist ein preisbewusstes Schaummittel der Klasse A, das im Vergleich zu anderen [&hellip;]<\/p>\n","protected":false},"featured_media":42481,"template":"","meta":{"_acf_changed":false},"product_cat":[186],"product_tag":[221,231,251,241,255,257],"class_list":{"0":"post-42479","1":"product","2":"type-product","3":"status-publish","4":"has-post-thumbnail","6":"product_cat-class-a-de","7":"product_tag-en-1568-de","8":"product_tag-industriell","9":"product_tag-kommunal","10":"product_tag-solberg-de","11":"product_tag-usfs-qpl-de","12":"product_tag-wildland-de","14":"first","15":"instock","16":"shipping-taxable","17":"purchasable","18":"product-type-simple"},"acf":[],"yoast_head":"<!-- This site is optimized with the Yoast SEO Premium plugin v21.9 (Yoast SEO v23.5) - https:\/\/yoast.com\/wordpress\/plugins\/seo\/ -->\n<title>SOLBERG\u00ae FIRE-BRAKE PLUS\u2122 - Perimeter Solutions<\/title>\n<meta name=\"description\" content=\"SOLBERG\u00ae FIRE-BRAKE PLUS\u2122 Schaummittelkonzentrat ist speziell formuliert, um Wasser f\u00fcr die Brandbek\u00e4mpfung effektiver zu machen. SOLBERG FIRE-BRAKE PLUS ist ein preisbewusstes Schaummittel der Klasse A, das im Vergleich zu anderen weniger konzentrierten Schaummitteln der Klasse A g\u00fcnstig ist.\" \/>\n<meta name=\"robots\" content=\"index, follow, max-snippet:-1, max-image-preview:large, max-video-preview:-1\" \/>\n<link rel=\"canonical\" href=\"https:\/\/www.perimeter-solutions.com\/de\/product\/solberg-fire-brake-plus\/\" \/>\n<meta property=\"og:locale\" content=\"de_DE\" \/>\n<meta property=\"og:type\" content=\"article\" \/>\n<meta property=\"og:title\" content=\"SOLBERG\u00ae FIRE-BRAKE PLUS\u2122\" \/>\n<meta property=\"og:description\" content=\"SOLBERG\u00ae FIRE-BRAKE PLUS\u2122 Schaummittelkonzentrat ist speziell formuliert, um Wasser f\u00fcr die Brandbek\u00e4mpfung effektiver zu machen. SOLBERG FIRE-BRAKE PLUS ist ein preisbewusstes Schaummittel der Klasse A, das im Vergleich zu anderen weniger konzentrierten Schaummitteln der Klasse A g\u00fcnstig ist.\" \/>\n<meta property=\"og:url\" content=\"https:\/\/www.perimeter-solutions.com\/de\/product\/solberg-fire-brake-plus\/\" \/>\n<meta property=\"og:site_name\" content=\"Perimeter Solutions\" \/>\n<meta property=\"article:modified_time\" content=\"2024-08-14T18:24:57+00:00\" \/>\n<meta name=\"twitter:card\" content=\"summary_large_image\" \/>\n<meta name=\"twitter:label1\" content=\"Gesch\u00e4tzte Lesezeit\" \/>\n\t<meta name=\"twitter:data1\" content=\"1\u00a0Minute\" \/>\n<script type=\"application\/ld+json\" class=\"yoast-schema-graph\">{\"@context\":\"https:\/\/schema.org\",\"@graph\":[{\"@type\":\"WebPage\",\"@id\":\"https:\/\/www.perimeter-solutions.com\/de\/product\/solberg-fire-brake-plus\/\",\"url\":\"https:\/\/www.perimeter-solutions.com\/de\/product\/solberg-fire-brake-plus\/\",\"name\":\"SOLBERG\u00ae FIRE-BRAKE PLUS\u2122 - Perimeter Solutions\",\"isPartOf\":{\"@id\":\"https:\/\/www.perimeter-solutions.com\/de\/#website\"},\"primaryImageOfPage\":{\"@id\":\"https:\/\/www.perimeter-solutions.com\/de\/product\/solberg-fire-brake-plus\/#primaryimage\"},\"image\":{\"@id\":\"https:\/\/www.perimeter-solutions.com\/de\/product\/solberg-fire-brake-plus\/#primaryimage\"},\"thumbnailUrl\":\"https:\/\/www.perimeter-solutions.com\/wp-content\/uploads\/2024\/06\/SOLB-FIRE-BRAKE-PLUS-Class-A-Datasheet_2Page_PCC-2021085-A4-V3-pdf.jpg\",\"datePublished\":\"2024-06-27T16:45:36+00:00\",\"dateModified\":\"2024-08-14T18:24:57+00:00\",\"description\":\"SOLBERG\u00ae FIRE-BRAKE PLUS\u2122 Schaummittelkonzentrat ist speziell formuliert, um Wasser f\u00fcr die Brandbek\u00e4mpfung effektiver zu machen. SOLBERG FIRE-BRAKE PLUS ist ein preisbewusstes Schaummittel der Klasse A, das im Vergleich zu anderen weniger konzentrierten Schaummitteln der Klasse A g\u00fcnstig ist.\",\"breadcrumb\":{\"@id\":\"https:\/\/www.perimeter-solutions.com\/de\/product\/solberg-fire-brake-plus\/#breadcrumb\"},\"inLanguage\":\"de\",\"potentialAction\":[{\"@type\":\"ReadAction\",\"target\":[\"https:\/\/www.perimeter-solutions.com\/de\/product\/solberg-fire-brake-plus\/\"]}]},{\"@type\":\"ImageObject\",\"inLanguage\":\"de\",\"@id\":\"https:\/\/www.perimeter-solutions.com\/de\/product\/solberg-fire-brake-plus\/#primaryimage\",\"url\":\"https:\/\/www.perimeter-solutions.com\/wp-content\/uploads\/2024\/06\/SOLB-FIRE-BRAKE-PLUS-Class-A-Datasheet_2Page_PCC-2021085-A4-V3-pdf.jpg\",\"contentUrl\":\"https:\/\/www.perimeter-solutions.com\/wp-content\/uploads\/2024\/06\/SOLB-FIRE-BRAKE-PLUS-Class-A-Datasheet_2Page_PCC-2021085-A4-V3-pdf.jpg\"},{\"@type\":\"BreadcrumbList\",\"@id\":\"https:\/\/www.perimeter-solutions.com\/de\/product\/solberg-fire-brake-plus\/#breadcrumb\",\"itemListElement\":[{\"@type\":\"ListItem\",\"position\":1,\"name\":\"Produktkatalog\",\"item\":\"https:\/\/www.perimeter-solutions.com\/de\/produktkatalog\/\"},{\"@type\":\"ListItem\",\"position\":2,\"name\":\"SOLBERG\u00ae FIRE-BRAKE PLUS\u2122\"}]},{\"@type\":\"WebSite\",\"@id\":\"https:\/\/www.perimeter-solutions.com\/de\/#website\",\"url\":\"https:\/\/www.perimeter-solutions.com\/de\/\",\"name\":\"Perimeter Solutions\",\"description\":\"\",\"publisher\":{\"@id\":\"https:\/\/www.perimeter-solutions.com\/de\/#organization\"},\"potentialAction\":[{\"@type\":\"SearchAction\",\"target\":{\"@type\":\"EntryPoint\",\"urlTemplate\":\"https:\/\/www.perimeter-solutions.com\/de\/?s={search_term_string}\"},\"query-input\":{\"@type\":\"PropertyValueSpecification\",\"valueRequired\":true,\"valueName\":\"search_term_string\"}}],\"inLanguage\":\"de\"},{\"@type\":\"Organization\",\"@id\":\"https:\/\/www.perimeter-solutions.com\/de\/#organization\",\"name\":\"Perimeter Solutions\",\"url\":\"https:\/\/www.perimeter-solutions.com\/de\/\",\"logo\":{\"@type\":\"ImageObject\",\"inLanguage\":\"de\",\"@id\":\"https:\/\/www.perimeter-solutions.com\/de\/#\/schema\/logo\/image\/\",\"url\":\"https:\/\/www.perimeter-solutions.com\/wp-content\/uploads\/2021\/02\/perimeter-logo-RGB.png\",\"contentUrl\":\"https:\/\/www.perimeter-solutions.com\/wp-content\/uploads\/2021\/02\/perimeter-logo-RGB.png\",\"width\":794,\"height\":138,\"caption\":\"Perimeter Solutions\"},\"image\":{\"@id\":\"https:\/\/www.perimeter-solutions.com\/de\/#\/schema\/logo\/image\/\"}}]}<\/script>\n<!-- \/ Yoast SEO Premium plugin. -->","yoast_head_json":{"title":"SOLBERG\u00ae FIRE-BRAKE PLUS\u2122 - Perimeter Solutions","description":"SOLBERG\u00ae FIRE-BRAKE PLUS\u2122 Schaummittelkonzentrat ist speziell formuliert, um Wasser f\u00fcr die Brandbek\u00e4mpfung effektiver zu machen. SOLBERG FIRE-BRAKE PLUS ist ein preisbewusstes Schaummittel der Klasse A, das im Vergleich zu anderen weniger konzentrierten Schaummitteln der Klasse A g\u00fcnstig ist.","robots":{"index":"index","follow":"follow","max-snippet":"max-snippet:-1","max-image-preview":"max-image-preview:large","max-video-preview":"max-video-preview:-1"},"canonical":"https:\/\/www.perimeter-solutions.com\/de\/product\/solberg-fire-brake-plus\/","og_locale":"de_DE","og_type":"article","og_title":"SOLBERG\u00ae FIRE-BRAKE PLUS\u2122","og_description":"SOLBERG\u00ae FIRE-BRAKE PLUS\u2122 Schaummittelkonzentrat ist speziell formuliert, um Wasser f\u00fcr die Brandbek\u00e4mpfung effektiver zu machen. SOLBERG FIRE-BRAKE PLUS ist ein preisbewusstes Schaummittel der Klasse A, das im Vergleich zu anderen weniger konzentrierten Schaummitteln der Klasse A g\u00fcnstig ist.","og_url":"https:\/\/www.perimeter-solutions.com\/de\/product\/solberg-fire-brake-plus\/","og_site_name":"Perimeter Solutions","article_modified_time":"2024-08-14T18:24:57+00:00","twitter_card":"summary_large_image","twitter_misc":{"Gesch\u00e4tzte Lesezeit":"1\u00a0Minute"},"schema":{"@context":"https:\/\/schema.org","@graph":[{"@type":"WebPage","@id":"https:\/\/www.perimeter-solutions.com\/de\/product\/solberg-fire-brake-plus\/","url":"https:\/\/www.perimeter-solutions.com\/de\/product\/solberg-fire-brake-plus\/","name":"SOLBERG\u00ae FIRE-BRAKE PLUS\u2122 - Perimeter Solutions","isPartOf":{"@id":"https:\/\/www.perimeter-solutions.com\/de\/#website"},"primaryImageOfPage":{"@id":"https:\/\/www.perimeter-solutions.com\/de\/product\/solberg-fire-brake-plus\/#primaryimage"},"image":{"@id":"https:\/\/www.perimeter-solutions.com\/de\/product\/solberg-fire-brake-plus\/#primaryimage"},"thumbnailUrl":"https:\/\/www.perimeter-solutions.com\/wp-content\/uploads\/2024\/06\/SOLB-FIRE-BRAKE-PLUS-Class-A-Datasheet_2Page_PCC-2021085-A4-V3-pdf.jpg","datePublished":"2024-06-27T16:45:36+00:00","dateModified":"2024-08-14T18:24:57+00:00","description":"SOLBERG\u00ae FIRE-BRAKE PLUS\u2122 Schaummittelkonzentrat ist speziell formuliert, um Wasser f\u00fcr die Brandbek\u00e4mpfung effektiver zu machen. SOLBERG FIRE-BRAKE PLUS ist ein preisbewusstes Schaummittel der Klasse A, das im Vergleich zu anderen weniger konzentrierten Schaummitteln der Klasse A g\u00fcnstig ist.","breadcrumb":{"@id":"https:\/\/www.perimeter-solutions.com\/de\/product\/solberg-fire-brake-plus\/#breadcrumb"},"inLanguage":"de","potentialAction":[{"@type":"ReadAction","target":["https:\/\/www.perimeter-solutions.com\/de\/product\/solberg-fire-brake-plus\/"]}]},{"@type":"ImageObject","inLanguage":"de","@id":"https:\/\/www.perimeter-solutions.com\/de\/product\/solberg-fire-brake-plus\/#primaryimage","url":"https:\/\/www.perimeter-solutions.com\/wp-content\/uploads\/2024\/06\/SOLB-FIRE-BRAKE-PLUS-Class-A-Datasheet_2Page_PCC-2021085-A4-V3-pdf.jpg","contentUrl":"https:\/\/www.perimeter-solutions.com\/wp-content\/uploads\/2024\/06\/SOLB-FIRE-BRAKE-PLUS-Class-A-Datasheet_2Page_PCC-2021085-A4-V3-pdf.jpg"},{"@type":"BreadcrumbList","@id":"https:\/\/www.perimeter-solutions.com\/de\/product\/solberg-fire-brake-plus\/#breadcrumb","itemListElement":[{"@type":"ListItem","position":1,"name":"Produktkatalog","item":"https:\/\/www.perimeter-solutions.com\/de\/produktkatalog\/"},{"@type":"ListItem","position":2,"name":"SOLBERG\u00ae FIRE-BRAKE PLUS\u2122"}]},{"@type":"WebSite","@id":"https:\/\/www.perimeter-solutions.com\/de\/#website","url":"https:\/\/www.perimeter-solutions.com\/de\/","name":"Perimeter Solutions","description":"","publisher":{"@id":"https:\/\/www.perimeter-solutions.com\/de\/#organization"},"potentialAction":[{"@type":"SearchAction","target":{"@type":"EntryPoint","urlTemplate":"https:\/\/www.perimeter-solutions.com\/de\/?s={search_term_string}"},"query-input":{"@type":"PropertyValueSpecification","valueRequired":true,"valueName":"search_term_string"}}],"inLanguage":"de"},{"@type":"Organization","@id":"https:\/\/www.perimeter-solutions.com\/de\/#organization","name":"Perimeter Solutions","url":"https:\/\/www.perimeter-solutions.com\/de\/","logo":{"@type":"ImageObject","inLanguage":"de","@id":"https:\/\/www.perimeter-solutions.com\/de\/#\/schema\/logo\/image\/","url":"https:\/\/www.perimeter-solutions.com\/wp-content\/uploads\/2021\/02\/perimeter-logo-RGB.png","contentUrl":"https:\/\/www.perimeter-solutions.com\/wp-content\/uploads\/2021\/02\/perimeter-logo-RGB.png","width":794,"height":138,"caption":"Perimeter Solutions"},"image":{"@id":"https:\/\/www.perimeter-solutions.com\/de\/#\/schema\/logo\/image\/"}}]}},"_links":{"self":[{"href":"https:\/\/www.perimeter-solutions.com\/de\/wp-json\/wp\/v2\/product\/42479","targetHints":{"allow":["GET"]}}],"collection":[{"href":"https:\/\/www.perimeter-solutions.com\/de\/wp-json\/wp\/v2\/product"}],"about":[{"href":"https:\/\/www.perimeter-solutions.com\/de\/wp-json\/wp\/v2\/types\/product"}],"wp:featuredmedia":[{"embeddable":true,"href":"https:\/\/www.perimeter-solutions.com\/de\/wp-json\/wp\/v2\/media\/42481"}],"wp:attachment":[{"href":"https:\/\/www.perimeter-solutions.com\/de\/wp-json\/wp\/v2\/media?parent=42479"}],"wp:term":[{"taxonomy":"product_cat","embeddable":true,"href":"https:\/\/www.perimeter-solutions.com\/de\/wp-json\/wp\/v2\/product_cat?post=42479"},{"taxonomy":"product_tag","embeddable":true,"href":"https:\/\/www.perimeter-solutions.com\/de\/wp-json\/wp\/v2\/product_tag?post=42479"}],"curies":[{"name":"wp","href":"https:\/\/api.w.org\/{rel}","templated":true}]}}