{"id":42474,"date":"2024-06-27T11:55:16","date_gmt":"2024-06-27T15:55:16","guid":{"rendered":"https:\/\/www.perimeter-solutions.com\/product\/auxquimia-aquafat-feuerloeschmittel-zusatz\/"},"modified":"2024-08-14T14:45:25","modified_gmt":"2024-08-14T18:45:25","slug":"auxquimia-aquafat-feuerloeschmittel-zusatz","status":"publish","type":"product","link":"https:\/\/www.perimeter-solutions.com\/de\/product\/auxquimia-aquafat-feuerloeschmittel-zusatz\/","title":{"rendered":"AUXQUIMIA AQUAFAT FEUERL\u00d6SCHMITTEL-ZUSATZ"},"content":{"rendered":"<p><span style=\"color: #000000;\">Das <strong>AUXQUIMIA AQUAFAT<\/strong> Feuerl\u00f6schadditiv ist eine w\u00e4ssrige L\u00f6sung organischer Salze zur Bek\u00e4mpfung von Br\u00e4nden der Klasse F (\u00d6le und Fette). Als Spray aufgetragen, l\u00f6scht AUXQUIMIA AQUAFAT schnell und k\u00fchlt schnell ab. Es bietet eine hervorragende R\u00fcckbrandbest\u00e4ndigkeit, auch bei hohen Temperaturen.<\/span><\/p>\n<p><span style=\"color: #000000;\">Seine Zusammensetzung verhindert Spritzer beim Auftragen von w\u00e4ssrigen Additiven auf brennendes Fett\/\u00d6l und beugt Verletzungen und Sch\u00e4den vor.<\/span><\/p>\n<p><span style=\"color: #000000;\">AUXQUIMIA AQUAFAT kann direkt mit jedem Spr\u00fchsystem verwendet werden, wurde jedoch speziell f\u00fcr den Einsatz in tragbaren Feuerl\u00f6schern und Festinstallationen in Gro\u00dfk\u00fcchen entwickelt.<\/span><\/p>\n<p><span style=\"color: #000000;\"><strong>Bitte wenden Sie sich an einen Experten, um zu erfahren, welche Beschr\u00e4nkungen und Vorschriften f\u00fcr Ihren Staat oder Ihre Region in Bezug auf den Verkauf und Vertrieb von Feuerl\u00f6schmitteln gelten.<\/strong><\/span><\/p>\n<h4>Verf\u00fcgbare Optionen<\/h4>\n","protected":false},"excerpt":{"rendered":"<p>Das AUXQUIMIA AQUAFAT Feuerl\u00f6schadditiv ist eine w\u00e4ssrige L\u00f6sung organischer Salze zur Bek\u00e4mpfung von Br\u00e4nden der Klasse F (\u00d6le und Fette). Als Spray aufgetragen, l\u00f6scht AUXQUIMIA AQUAFAT schnell und k\u00fchlt schnell [&hellip;]<\/p>\n","protected":false},"featured_media":42476,"template":"","meta":{"_acf_changed":false},"product_cat":[192,207],"product_tag":[213],"class_list":{"0":"post-42474","1":"product","2":"type-product","3":"status-publish","4":"has-post-thumbnail","6":"product_cat-fire-extinguisher-agents-de","7":"product_cat-other-agents-de","8":"product_tag-auxquimia-de","10":"first","11":"instock","12":"shipping-taxable","13":"purchasable","14":"product-type-simple"},"acf":[],"yoast_head":"<!-- This site is optimized with the Yoast SEO Premium plugin v21.9 (Yoast SEO v23.5) - https:\/\/yoast.com\/wordpress\/plugins\/seo\/ -->\n<title>AUXQUIMIA AQUAFAT FEUERL\u00d6SCHMITTEL-ZUSATZ - Perimeter Solutions<\/title>\n<meta name=\"description\" content=\"Das AUXQUIMIA AQUAFAT Feuerl\u00f6schadditiv ist eine w\u00e4ssrige L\u00f6sung organischer Salze zur Bek\u00e4mpfung von Br\u00e4nden der Klasse F (\u00d6le und Fette). Als Spray aufgetragen, l\u00f6scht AUXQUIMIA AQUAFAT schnell und k\u00fchlt schnell ab. Es bietet eine hervorragende R\u00fcckbrandbest\u00e4ndigkeit, auch bei hohen Temperaturen.\" \/>\n<meta name=\"robots\" content=\"index, follow, max-snippet:-1, max-image-preview:large, max-video-preview:-1\" \/>\n<link rel=\"canonical\" href=\"https:\/\/www.perimeter-solutions.com\/de\/product\/auxquimia-aquafat-feuerloeschmittel-zusatz\/\" \/>\n<meta property=\"og:locale\" content=\"de_DE\" \/>\n<meta property=\"og:type\" content=\"article\" \/>\n<meta property=\"og:title\" content=\"AUXQUIMIA AQUAFAT FEUERL\u00d6SCHMITTEL-ZUSATZ\" \/>\n<meta property=\"og:description\" content=\"Das AUXQUIMIA AQUAFAT Feuerl\u00f6schadditiv ist eine w\u00e4ssrige L\u00f6sung organischer Salze zur Bek\u00e4mpfung von Br\u00e4nden der Klasse F (\u00d6le und Fette). Als Spray aufgetragen, l\u00f6scht AUXQUIMIA AQUAFAT schnell und k\u00fchlt schnell ab. Es bietet eine hervorragende R\u00fcckbrandbest\u00e4ndigkeit, auch bei hohen Temperaturen.\" \/>\n<meta property=\"og:url\" content=\"https:\/\/www.perimeter-solutions.com\/de\/product\/auxquimia-aquafat-feuerloeschmittel-zusatz\/\" \/>\n<meta property=\"og:site_name\" content=\"Perimeter Solutions\" \/>\n<meta property=\"article:modified_time\" content=\"2024-08-14T18:45:25+00:00\" \/>\n<meta property=\"og:image\" content=\"https:\/\/www.perimeter-solutions.com\/wp-content\/uploads\/2024\/06\/AUXQUIMIA-Aquafat.jpg\" \/>\n\t<meta property=\"og:image:width\" content=\"1275\" \/>\n\t<meta property=\"og:image:height\" content=\"1650\" \/>\n\t<meta property=\"og:image:type\" content=\"image\/jpeg\" \/>\n<meta name=\"twitter:card\" content=\"summary_large_image\" \/>\n<meta name=\"twitter:label1\" content=\"Gesch\u00e4tzte Lesezeit\" \/>\n\t<meta name=\"twitter:data1\" content=\"1\u00a0Minute\" \/>\n<script type=\"application\/ld+json\" class=\"yoast-schema-graph\">{\"@context\":\"https:\/\/schema.org\",\"@graph\":[{\"@type\":\"WebPage\",\"@id\":\"https:\/\/www.perimeter-solutions.com\/de\/product\/auxquimia-aquafat-feuerloeschmittel-zusatz\/\",\"url\":\"https:\/\/www.perimeter-solutions.com\/de\/product\/auxquimia-aquafat-feuerloeschmittel-zusatz\/\",\"name\":\"AUXQUIMIA AQUAFAT FEUERL\u00d6SCHMITTEL-ZUSATZ - Perimeter Solutions\",\"isPartOf\":{\"@id\":\"https:\/\/www.perimeter-solutions.com\/de\/#website\"},\"primaryImageOfPage\":{\"@id\":\"https:\/\/www.perimeter-solutions.com\/de\/product\/auxquimia-aquafat-feuerloeschmittel-zusatz\/#primaryimage\"},\"image\":{\"@id\":\"https:\/\/www.perimeter-solutions.com\/de\/product\/auxquimia-aquafat-feuerloeschmittel-zusatz\/#primaryimage\"},\"thumbnailUrl\":\"https:\/\/www.perimeter-solutions.com\/wp-content\/uploads\/2024\/06\/AUXQUIMIA-Aquafat.jpg\",\"datePublished\":\"2024-06-27T15:55:16+00:00\",\"dateModified\":\"2024-08-14T18:45:25+00:00\",\"description\":\"Das AUXQUIMIA AQUAFAT Feuerl\u00f6schadditiv ist eine w\u00e4ssrige L\u00f6sung organischer Salze zur Bek\u00e4mpfung von Br\u00e4nden der Klasse F (\u00d6le und Fette). Als Spray aufgetragen, l\u00f6scht AUXQUIMIA AQUAFAT schnell und k\u00fchlt schnell ab. Es bietet eine hervorragende R\u00fcckbrandbest\u00e4ndigkeit, auch bei hohen Temperaturen.\",\"breadcrumb\":{\"@id\":\"https:\/\/www.perimeter-solutions.com\/de\/product\/auxquimia-aquafat-feuerloeschmittel-zusatz\/#breadcrumb\"},\"inLanguage\":\"de\",\"potentialAction\":[{\"@type\":\"ReadAction\",\"target\":[\"https:\/\/www.perimeter-solutions.com\/de\/product\/auxquimia-aquafat-feuerloeschmittel-zusatz\/\"]}]},{\"@type\":\"ImageObject\",\"inLanguage\":\"de\",\"@id\":\"https:\/\/www.perimeter-solutions.com\/de\/product\/auxquimia-aquafat-feuerloeschmittel-zusatz\/#primaryimage\",\"url\":\"https:\/\/www.perimeter-solutions.com\/wp-content\/uploads\/2024\/06\/AUXQUIMIA-Aquafat.jpg\",\"contentUrl\":\"https:\/\/www.perimeter-solutions.com\/wp-content\/uploads\/2024\/06\/AUXQUIMIA-Aquafat.jpg\",\"width\":1275,\"height\":1650},{\"@type\":\"BreadcrumbList\",\"@id\":\"https:\/\/www.perimeter-solutions.com\/de\/product\/auxquimia-aquafat-feuerloeschmittel-zusatz\/#breadcrumb\",\"itemListElement\":[{\"@type\":\"ListItem\",\"position\":1,\"name\":\"Produktkatalog\",\"item\":\"https:\/\/www.perimeter-solutions.com\/de\/produktkatalog\/\"},{\"@type\":\"ListItem\",\"position\":2,\"name\":\"AUXQUIMIA AQUAFAT FEUERL\u00d6SCHMITTEL-ZUSATZ\"}]},{\"@type\":\"WebSite\",\"@id\":\"https:\/\/www.perimeter-solutions.com\/de\/#website\",\"url\":\"https:\/\/www.perimeter-solutions.com\/de\/\",\"name\":\"Perimeter Solutions\",\"description\":\"\",\"publisher\":{\"@id\":\"https:\/\/www.perimeter-solutions.com\/de\/#organization\"},\"potentialAction\":[{\"@type\":\"SearchAction\",\"target\":{\"@type\":\"EntryPoint\",\"urlTemplate\":\"https:\/\/www.perimeter-solutions.com\/de\/?s={search_term_string}\"},\"query-input\":{\"@type\":\"PropertyValueSpecification\",\"valueRequired\":true,\"valueName\":\"search_term_string\"}}],\"inLanguage\":\"de\"},{\"@type\":\"Organization\",\"@id\":\"https:\/\/www.perimeter-solutions.com\/de\/#organization\",\"name\":\"Perimeter Solutions\",\"url\":\"https:\/\/www.perimeter-solutions.com\/de\/\",\"logo\":{\"@type\":\"ImageObject\",\"inLanguage\":\"de\",\"@id\":\"https:\/\/www.perimeter-solutions.com\/de\/#\/schema\/logo\/image\/\",\"url\":\"https:\/\/www.perimeter-solutions.com\/wp-content\/uploads\/2021\/02\/perimeter-logo-RGB.png\",\"contentUrl\":\"https:\/\/www.perimeter-solutions.com\/wp-content\/uploads\/2021\/02\/perimeter-logo-RGB.png\",\"width\":794,\"height\":138,\"caption\":\"Perimeter Solutions\"},\"image\":{\"@id\":\"https:\/\/www.perimeter-solutions.com\/de\/#\/schema\/logo\/image\/\"}}]}<\/script>\n<!-- \/ Yoast SEO Premium plugin. -->","yoast_head_json":{"title":"AUXQUIMIA AQUAFAT FEUERL\u00d6SCHMITTEL-ZUSATZ - Perimeter Solutions","description":"Das AUXQUIMIA AQUAFAT Feuerl\u00f6schadditiv ist eine w\u00e4ssrige L\u00f6sung organischer Salze zur Bek\u00e4mpfung von Br\u00e4nden der Klasse F (\u00d6le und Fette). Als Spray aufgetragen, l\u00f6scht AUXQUIMIA AQUAFAT schnell und k\u00fchlt schnell ab. Es bietet eine hervorragende R\u00fcckbrandbest\u00e4ndigkeit, auch bei hohen Temperaturen.","robots":{"index":"index","follow":"follow","max-snippet":"max-snippet:-1","max-image-preview":"max-image-preview:large","max-video-preview":"max-video-preview:-1"},"canonical":"https:\/\/www.perimeter-solutions.com\/de\/product\/auxquimia-aquafat-feuerloeschmittel-zusatz\/","og_locale":"de_DE","og_type":"article","og_title":"AUXQUIMIA AQUAFAT FEUERL\u00d6SCHMITTEL-ZUSATZ","og_description":"Das AUXQUIMIA AQUAFAT Feuerl\u00f6schadditiv ist eine w\u00e4ssrige L\u00f6sung organischer Salze zur Bek\u00e4mpfung von Br\u00e4nden der Klasse F (\u00d6le und Fette). Als Spray aufgetragen, l\u00f6scht AUXQUIMIA AQUAFAT schnell und k\u00fchlt schnell ab. Es bietet eine hervorragende R\u00fcckbrandbest\u00e4ndigkeit, auch bei hohen Temperaturen.","og_url":"https:\/\/www.perimeter-solutions.com\/de\/product\/auxquimia-aquafat-feuerloeschmittel-zusatz\/","og_site_name":"Perimeter Solutions","article_modified_time":"2024-08-14T18:45:25+00:00","og_image":[{"width":1275,"height":1650,"url":"https:\/\/www.perimeter-solutions.com\/wp-content\/uploads\/2024\/06\/AUXQUIMIA-Aquafat.jpg","type":"image\/jpeg"}],"twitter_card":"summary_large_image","twitter_misc":{"Gesch\u00e4tzte Lesezeit":"1\u00a0Minute"},"schema":{"@context":"https:\/\/schema.org","@graph":[{"@type":"WebPage","@id":"https:\/\/www.perimeter-solutions.com\/de\/product\/auxquimia-aquafat-feuerloeschmittel-zusatz\/","url":"https:\/\/www.perimeter-solutions.com\/de\/product\/auxquimia-aquafat-feuerloeschmittel-zusatz\/","name":"AUXQUIMIA AQUAFAT FEUERL\u00d6SCHMITTEL-ZUSATZ - Perimeter Solutions","isPartOf":{"@id":"https:\/\/www.perimeter-solutions.com\/de\/#website"},"primaryImageOfPage":{"@id":"https:\/\/www.perimeter-solutions.com\/de\/product\/auxquimia-aquafat-feuerloeschmittel-zusatz\/#primaryimage"},"image":{"@id":"https:\/\/www.perimeter-solutions.com\/de\/product\/auxquimia-aquafat-feuerloeschmittel-zusatz\/#primaryimage"},"thumbnailUrl":"https:\/\/www.perimeter-solutions.com\/wp-content\/uploads\/2024\/06\/AUXQUIMIA-Aquafat.jpg","datePublished":"2024-06-27T15:55:16+00:00","dateModified":"2024-08-14T18:45:25+00:00","description":"Das AUXQUIMIA AQUAFAT Feuerl\u00f6schadditiv ist eine w\u00e4ssrige L\u00f6sung organischer Salze zur Bek\u00e4mpfung von Br\u00e4nden der Klasse F (\u00d6le und Fette). Als Spray aufgetragen, l\u00f6scht AUXQUIMIA AQUAFAT schnell und k\u00fchlt schnell ab. Es bietet eine hervorragende R\u00fcckbrandbest\u00e4ndigkeit, auch bei hohen Temperaturen.","breadcrumb":{"@id":"https:\/\/www.perimeter-solutions.com\/de\/product\/auxquimia-aquafat-feuerloeschmittel-zusatz\/#breadcrumb"},"inLanguage":"de","potentialAction":[{"@type":"ReadAction","target":["https:\/\/www.perimeter-solutions.com\/de\/product\/auxquimia-aquafat-feuerloeschmittel-zusatz\/"]}]},{"@type":"ImageObject","inLanguage":"de","@id":"https:\/\/www.perimeter-solutions.com\/de\/product\/auxquimia-aquafat-feuerloeschmittel-zusatz\/#primaryimage","url":"https:\/\/www.perimeter-solutions.com\/wp-content\/uploads\/2024\/06\/AUXQUIMIA-Aquafat.jpg","contentUrl":"https:\/\/www.perimeter-solutions.com\/wp-content\/uploads\/2024\/06\/AUXQUIMIA-Aquafat.jpg","width":1275,"height":1650},{"@type":"BreadcrumbList","@id":"https:\/\/www.perimeter-solutions.com\/de\/product\/auxquimia-aquafat-feuerloeschmittel-zusatz\/#breadcrumb","itemListElement":[{"@type":"ListItem","position":1,"name":"Produktkatalog","item":"https:\/\/www.perimeter-solutions.com\/de\/produktkatalog\/"},{"@type":"ListItem","position":2,"name":"AUXQUIMIA AQUAFAT FEUERL\u00d6SCHMITTEL-ZUSATZ"}]},{"@type":"WebSite","@id":"https:\/\/www.perimeter-solutions.com\/de\/#website","url":"https:\/\/www.perimeter-solutions.com\/de\/","name":"Perimeter Solutions","description":"","publisher":{"@id":"https:\/\/www.perimeter-solutions.com\/de\/#organization"},"potentialAction":[{"@type":"SearchAction","target":{"@type":"EntryPoint","urlTemplate":"https:\/\/www.perimeter-solutions.com\/de\/?s={search_term_string}"},"query-input":{"@type":"PropertyValueSpecification","valueRequired":true,"valueName":"search_term_string"}}],"inLanguage":"de"},{"@type":"Organization","@id":"https:\/\/www.perimeter-solutions.com\/de\/#organization","name":"Perimeter Solutions","url":"https:\/\/www.perimeter-solutions.com\/de\/","logo":{"@type":"ImageObject","inLanguage":"de","@id":"https:\/\/www.perimeter-solutions.com\/de\/#\/schema\/logo\/image\/","url":"https:\/\/www.perimeter-solutions.com\/wp-content\/uploads\/2021\/02\/perimeter-logo-RGB.png","contentUrl":"https:\/\/www.perimeter-solutions.com\/wp-content\/uploads\/2021\/02\/perimeter-logo-RGB.png","width":794,"height":138,"caption":"Perimeter Solutions"},"image":{"@id":"https:\/\/www.perimeter-solutions.com\/de\/#\/schema\/logo\/image\/"}}]}},"_links":{"self":[{"href":"https:\/\/www.perimeter-solutions.com\/de\/wp-json\/wp\/v2\/product\/42474","targetHints":{"allow":["GET"]}}],"collection":[{"href":"https:\/\/www.perimeter-solutions.com\/de\/wp-json\/wp\/v2\/product"}],"about":[{"href":"https:\/\/www.perimeter-solutions.com\/de\/wp-json\/wp\/v2\/types\/product"}],"wp:featuredmedia":[{"embeddable":true,"href":"https:\/\/www.perimeter-solutions.com\/de\/wp-json\/wp\/v2\/media\/42476"}],"wp:attachment":[{"href":"https:\/\/www.perimeter-solutions.com\/de\/wp-json\/wp\/v2\/media?parent=42474"}],"wp:term":[{"taxonomy":"product_cat","embeddable":true,"href":"https:\/\/www.perimeter-solutions.com\/de\/wp-json\/wp\/v2\/product_cat?post=42474"},{"taxonomy":"product_tag","embeddable":true,"href":"https:\/\/www.perimeter-solutions.com\/de\/wp-json\/wp\/v2\/product_tag?post=42474"}],"curies":[{"name":"wp","href":"https:\/\/api.w.org\/{rel}","templated":true}]}}