{"id":42471,"date":"2024-06-27T12:39:27","date_gmt":"2024-06-27T16:39:27","guid":{"rendered":"https:\/\/www.perimeter-solutions.com\/product\/phos-chek-flash-21-gelling-agent\/"},"modified":"2024-08-14T22:35:49","modified_gmt":"2024-08-15T02:35:49","slug":"phos-chek-flash-21-gelling-agent","status":"publish","type":"product","link":"https:\/\/www.perimeter-solutions.com\/de\/product\/phos-chek-flash-21-gelling-agent\/","title":{"rendered":"PHOS-CHEK<sup>\u00ae<\/sup> FLASH 21 Gelling Agent"},"content":{"rendered":"<p><span style=\"color: #000000;\">Boden- und Heli-Torpedos ben\u00f6tigen gelierten Treibstoff. <strong><sup>PHOS-CHEK\u00ae<\/sup> FLASH 21<\/strong> ist ein zweikomponentiges, fl\u00fcssiges Kraftstoffgeliermittel, das zuverl\u00e4ssig und sehr schnell ein hochwertiges Gel liefert. Mit PHOS-CHEK FLASH 21 angedickter Kraftstoff erreicht eine ideale Viskosit\u00e4t ohne Absetzen. PHOS-CHEK FLASH 21 kann mit verschiedenen Kraftstoffen gemischt werden, einschlie\u00dflich Benzin, Diesel, Jet A oder Jet B, falls verf\u00fcgbar. Die alleinige Verwendung von Jet A ergibt ein gutes Gel, aber aufgrund des niedrigen Flammpunkts dieser Art von Kraftstoff f\u00fchrt die Zugabe von 20-30% reinem Gas zu einem besseren Z\u00fcndpunkt.<\/span><\/p>\n<p><span style=\"color: #000000;\">PHOS-CHEK FLASH 21 wurde entwickelt, um das Mischen mit Kraftstoff unabh\u00e4ngig von der Temperatur zu erm\u00f6glichen und eine gleichm\u00e4\u00dfige gelierte Kraftstoffmischung zu gew\u00e4hrleisten. Mit PHOS-CHEK FLASH 21 behandelter Kraftstoff verliert nicht an Viskosit\u00e4t, so dass er w\u00e4hrend des gesamten Brennvorgangs verwendet werden kann.<\/span><\/p>\n<p><span style=\"color: #000000;\">Die Forschung hat auch verbesserte Gelier- und Z\u00fcndergebnisse bei Verwendung von PHOS-CHEK FLASH 21 bei kaltem Wetter im Vergleich zu anderen derzeit auf dem Markt erh\u00e4ltlichen Kraftstoff-Geliermitteln gezeigt. Am anderen Ende der Temperaturskala: Auch hohe Temperaturen scheinen keinen negativen Einfluss auf die Leistung von Flash 21 zu haben.<\/span><\/p>\n<p><span style=\"color: #000000;\"><strong>Bitte wenden Sie sich an einen Experten, um zu erfahren, welche Beschr\u00e4nkungen und Vorschriften f\u00fcr Ihren Staat oder Ihre Region in Bezug auf den Verkauf und Vertrieb von Kraftstoffgeliermitteln gelten.<\/strong><\/span><\/p>\n<h4><\/h4>\n","protected":false},"excerpt":{"rendered":"<p>Boden- und Heli-Torpedos ben\u00f6tigen gelierten Treibstoff. PHOS-CHEK\u00ae FLASH 21 ist ein zweikomponentiges, fl\u00fcssiges Kraftstoffgeliermittel, das zuverl\u00e4ssig und sehr schnell ein hochwertiges Gel liefert. Mit PHOS-CHEK FLASH 21 angedickter Kraftstoff erreicht [&hellip;]<\/p>\n","protected":false},"featured_media":42473,"template":"","meta":{"_acf_changed":false},"product_cat":[190],"product_tag":[239],"class_list":{"0":"post-42471","1":"product","2":"type-product","3":"status-publish","4":"has-post-thumbnail","6":"product_cat-fuel-gelling-agents-de","7":"product_tag-phos-chek-de","9":"first","10":"instock","11":"shipping-taxable","12":"purchasable","13":"product-type-simple"},"acf":[],"yoast_head":"<!-- This site is optimized with the Yoast SEO Premium plugin v21.9 (Yoast SEO v23.5) - https:\/\/yoast.com\/wordpress\/plugins\/seo\/ -->\n<title>PHOS-CHEK\u00ae FLASH 21 Gelling Agent - Perimeter Solutions<\/title>\n<meta name=\"description\" content=\"Boden- und Heli-Taschenlampen ben\u00f6tigen gelierten Treibstoff. PHOS-CHEK \u00ae FLASH 21 ist ein zweikomponentiger Fl\u00fcssigkraftstoff-Geliermittel, das zuverl\u00e4ssig und in k\u00fcrzester Zeit hochwertiges Gel liefert. Mit PHOS-CHEK FLASH 21 angedickter Kraftstoff erreicht eine ideale Viskosit\u00e4t ohne Absetzen.\" \/>\n<meta name=\"robots\" content=\"index, follow, max-snippet:-1, max-image-preview:large, max-video-preview:-1\" \/>\n<link rel=\"canonical\" href=\"https:\/\/www.perimeter-solutions.com\/de\/product\/phos-chek-flash-21-gelling-agent\/\" \/>\n<meta property=\"og:locale\" content=\"de_DE\" \/>\n<meta property=\"og:type\" content=\"article\" \/>\n<meta property=\"og:title\" content=\"PHOS-CHEK\u00ae FLASH 21 Gelling Agent\" \/>\n<meta property=\"og:description\" content=\"Boden- und Heli-Taschenlampen ben\u00f6tigen gelierten Treibstoff. PHOS-CHEK \u00ae FLASH 21 ist ein zweikomponentiger Fl\u00fcssigkraftstoff-Geliermittel, das zuverl\u00e4ssig und in k\u00fcrzester Zeit hochwertiges Gel liefert. Mit PHOS-CHEK FLASH 21 angedickter Kraftstoff erreicht eine ideale Viskosit\u00e4t ohne Absetzen.\" \/>\n<meta property=\"og:url\" content=\"https:\/\/www.perimeter-solutions.com\/de\/product\/phos-chek-flash-21-gelling-agent\/\" \/>\n<meta property=\"og:site_name\" content=\"Perimeter Solutions\" \/>\n<meta property=\"article:modified_time\" content=\"2024-08-15T02:35:49+00:00\" \/>\n<meta name=\"twitter:card\" content=\"summary_large_image\" \/>\n<meta name=\"twitter:label1\" content=\"Gesch\u00e4tzte Lesezeit\" \/>\n\t<meta name=\"twitter:data1\" content=\"2\u00a0Minuten\" \/>\n<script type=\"application\/ld+json\" class=\"yoast-schema-graph\">{\"@context\":\"https:\/\/schema.org\",\"@graph\":[{\"@type\":\"WebPage\",\"@id\":\"https:\/\/www.perimeter-solutions.com\/de\/product\/phos-chek-flash-21-gelling-agent\/\",\"url\":\"https:\/\/www.perimeter-solutions.com\/de\/product\/phos-chek-flash-21-gelling-agent\/\",\"name\":\"PHOS-CHEK\u00ae FLASH 21 Gelling Agent - Perimeter Solutions\",\"isPartOf\":{\"@id\":\"https:\/\/www.perimeter-solutions.com\/de\/#website\"},\"primaryImageOfPage\":{\"@id\":\"https:\/\/www.perimeter-solutions.com\/de\/product\/phos-chek-flash-21-gelling-agent\/#primaryimage\"},\"image\":{\"@id\":\"https:\/\/www.perimeter-solutions.com\/de\/product\/phos-chek-flash-21-gelling-agent\/#primaryimage\"},\"thumbnailUrl\":\"https:\/\/www.perimeter-solutions.com\/wp-content\/uploads\/2024\/06\/PC-FLASH-21-PCC-2019049-0-LETTER-pdf.jpg\",\"datePublished\":\"2024-06-27T16:39:27+00:00\",\"dateModified\":\"2024-08-15T02:35:49+00:00\",\"description\":\"Boden- und Heli-Taschenlampen ben\u00f6tigen gelierten Treibstoff. PHOS-CHEK \u00ae FLASH 21 ist ein zweikomponentiger Fl\u00fcssigkraftstoff-Geliermittel, das zuverl\u00e4ssig und in k\u00fcrzester Zeit hochwertiges Gel liefert. Mit PHOS-CHEK FLASH 21 angedickter Kraftstoff erreicht eine ideale Viskosit\u00e4t ohne Absetzen.\",\"breadcrumb\":{\"@id\":\"https:\/\/www.perimeter-solutions.com\/de\/product\/phos-chek-flash-21-gelling-agent\/#breadcrumb\"},\"inLanguage\":\"de\",\"potentialAction\":[{\"@type\":\"ReadAction\",\"target\":[\"https:\/\/www.perimeter-solutions.com\/de\/product\/phos-chek-flash-21-gelling-agent\/\"]}]},{\"@type\":\"ImageObject\",\"inLanguage\":\"de\",\"@id\":\"https:\/\/www.perimeter-solutions.com\/de\/product\/phos-chek-flash-21-gelling-agent\/#primaryimage\",\"url\":\"https:\/\/www.perimeter-solutions.com\/wp-content\/uploads\/2024\/06\/PC-FLASH-21-PCC-2019049-0-LETTER-pdf.jpg\",\"contentUrl\":\"https:\/\/www.perimeter-solutions.com\/wp-content\/uploads\/2024\/06\/PC-FLASH-21-PCC-2019049-0-LETTER-pdf.jpg\"},{\"@type\":\"BreadcrumbList\",\"@id\":\"https:\/\/www.perimeter-solutions.com\/de\/product\/phos-chek-flash-21-gelling-agent\/#breadcrumb\",\"itemListElement\":[{\"@type\":\"ListItem\",\"position\":1,\"name\":\"Produktkatalog\",\"item\":\"https:\/\/www.perimeter-solutions.com\/de\/produktkatalog\/\"},{\"@type\":\"ListItem\",\"position\":2,\"name\":\"PHOS-CHEK\u00ae FLASH 21 Gelling Agent\"}]},{\"@type\":\"WebSite\",\"@id\":\"https:\/\/www.perimeter-solutions.com\/de\/#website\",\"url\":\"https:\/\/www.perimeter-solutions.com\/de\/\",\"name\":\"Perimeter Solutions\",\"description\":\"\",\"publisher\":{\"@id\":\"https:\/\/www.perimeter-solutions.com\/de\/#organization\"},\"potentialAction\":[{\"@type\":\"SearchAction\",\"target\":{\"@type\":\"EntryPoint\",\"urlTemplate\":\"https:\/\/www.perimeter-solutions.com\/de\/?s={search_term_string}\"},\"query-input\":{\"@type\":\"PropertyValueSpecification\",\"valueRequired\":true,\"valueName\":\"search_term_string\"}}],\"inLanguage\":\"de\"},{\"@type\":\"Organization\",\"@id\":\"https:\/\/www.perimeter-solutions.com\/de\/#organization\",\"name\":\"Perimeter Solutions\",\"url\":\"https:\/\/www.perimeter-solutions.com\/de\/\",\"logo\":{\"@type\":\"ImageObject\",\"inLanguage\":\"de\",\"@id\":\"https:\/\/www.perimeter-solutions.com\/de\/#\/schema\/logo\/image\/\",\"url\":\"https:\/\/www.perimeter-solutions.com\/wp-content\/uploads\/2021\/02\/perimeter-logo-RGB.png\",\"contentUrl\":\"https:\/\/www.perimeter-solutions.com\/wp-content\/uploads\/2021\/02\/perimeter-logo-RGB.png\",\"width\":794,\"height\":138,\"caption\":\"Perimeter Solutions\"},\"image\":{\"@id\":\"https:\/\/www.perimeter-solutions.com\/de\/#\/schema\/logo\/image\/\"}}]}<\/script>\n<!-- \/ Yoast SEO Premium plugin. -->","yoast_head_json":{"title":"PHOS-CHEK\u00ae FLASH 21 Gelling Agent - Perimeter Solutions","description":"Boden- und Heli-Taschenlampen ben\u00f6tigen gelierten Treibstoff. PHOS-CHEK \u00ae FLASH 21 ist ein zweikomponentiger Fl\u00fcssigkraftstoff-Geliermittel, das zuverl\u00e4ssig und in k\u00fcrzester Zeit hochwertiges Gel liefert. Mit PHOS-CHEK FLASH 21 angedickter Kraftstoff erreicht eine ideale Viskosit\u00e4t ohne Absetzen.","robots":{"index":"index","follow":"follow","max-snippet":"max-snippet:-1","max-image-preview":"max-image-preview:large","max-video-preview":"max-video-preview:-1"},"canonical":"https:\/\/www.perimeter-solutions.com\/de\/product\/phos-chek-flash-21-gelling-agent\/","og_locale":"de_DE","og_type":"article","og_title":"PHOS-CHEK\u00ae FLASH 21 Gelling Agent","og_description":"Boden- und Heli-Taschenlampen ben\u00f6tigen gelierten Treibstoff. PHOS-CHEK \u00ae FLASH 21 ist ein zweikomponentiger Fl\u00fcssigkraftstoff-Geliermittel, das zuverl\u00e4ssig und in k\u00fcrzester Zeit hochwertiges Gel liefert. Mit PHOS-CHEK FLASH 21 angedickter Kraftstoff erreicht eine ideale Viskosit\u00e4t ohne Absetzen.","og_url":"https:\/\/www.perimeter-solutions.com\/de\/product\/phos-chek-flash-21-gelling-agent\/","og_site_name":"Perimeter Solutions","article_modified_time":"2024-08-15T02:35:49+00:00","twitter_card":"summary_large_image","twitter_misc":{"Gesch\u00e4tzte Lesezeit":"2\u00a0Minuten"},"schema":{"@context":"https:\/\/schema.org","@graph":[{"@type":"WebPage","@id":"https:\/\/www.perimeter-solutions.com\/de\/product\/phos-chek-flash-21-gelling-agent\/","url":"https:\/\/www.perimeter-solutions.com\/de\/product\/phos-chek-flash-21-gelling-agent\/","name":"PHOS-CHEK\u00ae FLASH 21 Gelling Agent - Perimeter Solutions","isPartOf":{"@id":"https:\/\/www.perimeter-solutions.com\/de\/#website"},"primaryImageOfPage":{"@id":"https:\/\/www.perimeter-solutions.com\/de\/product\/phos-chek-flash-21-gelling-agent\/#primaryimage"},"image":{"@id":"https:\/\/www.perimeter-solutions.com\/de\/product\/phos-chek-flash-21-gelling-agent\/#primaryimage"},"thumbnailUrl":"https:\/\/www.perimeter-solutions.com\/wp-content\/uploads\/2024\/06\/PC-FLASH-21-PCC-2019049-0-LETTER-pdf.jpg","datePublished":"2024-06-27T16:39:27+00:00","dateModified":"2024-08-15T02:35:49+00:00","description":"Boden- und Heli-Taschenlampen ben\u00f6tigen gelierten Treibstoff. PHOS-CHEK \u00ae FLASH 21 ist ein zweikomponentiger Fl\u00fcssigkraftstoff-Geliermittel, das zuverl\u00e4ssig und in k\u00fcrzester Zeit hochwertiges Gel liefert. Mit PHOS-CHEK FLASH 21 angedickter Kraftstoff erreicht eine ideale Viskosit\u00e4t ohne Absetzen.","breadcrumb":{"@id":"https:\/\/www.perimeter-solutions.com\/de\/product\/phos-chek-flash-21-gelling-agent\/#breadcrumb"},"inLanguage":"de","potentialAction":[{"@type":"ReadAction","target":["https:\/\/www.perimeter-solutions.com\/de\/product\/phos-chek-flash-21-gelling-agent\/"]}]},{"@type":"ImageObject","inLanguage":"de","@id":"https:\/\/www.perimeter-solutions.com\/de\/product\/phos-chek-flash-21-gelling-agent\/#primaryimage","url":"https:\/\/www.perimeter-solutions.com\/wp-content\/uploads\/2024\/06\/PC-FLASH-21-PCC-2019049-0-LETTER-pdf.jpg","contentUrl":"https:\/\/www.perimeter-solutions.com\/wp-content\/uploads\/2024\/06\/PC-FLASH-21-PCC-2019049-0-LETTER-pdf.jpg"},{"@type":"BreadcrumbList","@id":"https:\/\/www.perimeter-solutions.com\/de\/product\/phos-chek-flash-21-gelling-agent\/#breadcrumb","itemListElement":[{"@type":"ListItem","position":1,"name":"Produktkatalog","item":"https:\/\/www.perimeter-solutions.com\/de\/produktkatalog\/"},{"@type":"ListItem","position":2,"name":"PHOS-CHEK\u00ae FLASH 21 Gelling Agent"}]},{"@type":"WebSite","@id":"https:\/\/www.perimeter-solutions.com\/de\/#website","url":"https:\/\/www.perimeter-solutions.com\/de\/","name":"Perimeter Solutions","description":"","publisher":{"@id":"https:\/\/www.perimeter-solutions.com\/de\/#organization"},"potentialAction":[{"@type":"SearchAction","target":{"@type":"EntryPoint","urlTemplate":"https:\/\/www.perimeter-solutions.com\/de\/?s={search_term_string}"},"query-input":{"@type":"PropertyValueSpecification","valueRequired":true,"valueName":"search_term_string"}}],"inLanguage":"de"},{"@type":"Organization","@id":"https:\/\/www.perimeter-solutions.com\/de\/#organization","name":"Perimeter Solutions","url":"https:\/\/www.perimeter-solutions.com\/de\/","logo":{"@type":"ImageObject","inLanguage":"de","@id":"https:\/\/www.perimeter-solutions.com\/de\/#\/schema\/logo\/image\/","url":"https:\/\/www.perimeter-solutions.com\/wp-content\/uploads\/2021\/02\/perimeter-logo-RGB.png","contentUrl":"https:\/\/www.perimeter-solutions.com\/wp-content\/uploads\/2021\/02\/perimeter-logo-RGB.png","width":794,"height":138,"caption":"Perimeter Solutions"},"image":{"@id":"https:\/\/www.perimeter-solutions.com\/de\/#\/schema\/logo\/image\/"}}]}},"_links":{"self":[{"href":"https:\/\/www.perimeter-solutions.com\/de\/wp-json\/wp\/v2\/product\/42471","targetHints":{"allow":["GET"]}}],"collection":[{"href":"https:\/\/www.perimeter-solutions.com\/de\/wp-json\/wp\/v2\/product"}],"about":[{"href":"https:\/\/www.perimeter-solutions.com\/de\/wp-json\/wp\/v2\/types\/product"}],"wp:featuredmedia":[{"embeddable":true,"href":"https:\/\/www.perimeter-solutions.com\/de\/wp-json\/wp\/v2\/media\/42473"}],"wp:attachment":[{"href":"https:\/\/www.perimeter-solutions.com\/de\/wp-json\/wp\/v2\/media?parent=42471"}],"wp:term":[{"taxonomy":"product_cat","embeddable":true,"href":"https:\/\/www.perimeter-solutions.com\/de\/wp-json\/wp\/v2\/product_cat?post=42471"},{"taxonomy":"product_tag","embeddable":true,"href":"https:\/\/www.perimeter-solutions.com\/de\/wp-json\/wp\/v2\/product_tag?post=42471"}],"curies":[{"name":"wp","href":"https:\/\/api.w.org\/{rel}","templated":true}]}}