{"id":42459,"date":"2024-06-27T11:36:57","date_gmt":"2024-06-27T15:36:57","guid":{"rendered":"https:\/\/www.perimeter-solutions.com\/product\/solberg-xgard-serie\/"},"modified":"2024-08-14T14:29:50","modified_gmt":"2024-08-14T18:29:50","slug":"solberg-xgard-serie","status":"publish","type":"product","link":"https:\/\/www.perimeter-solutions.com\/de\/product\/solberg-xgard-serie\/","title":{"rendered":"SOLBERG<sup>\u00ae<\/sup> XGARD<sup>\u2122<\/sup> Serie"},"content":{"rendered":"<p><span style=\"color: #000000;\">Die Produkte der er <strong>SOLBERG<sup>\u00ae <\/sup>XGARD\u2122 EXD-30<\/strong> Reihe sind fluorfreie Schaumzus\u00e4tze, die f\u00fcr den Einsatz in tragbaren Feuerl\u00f6schern entwickelt wurden.<br \/>\nSie enthalten keine organohalogenierten Verbindungen.<br \/>\nDiese Zus\u00e4tze machen Fl\u00fcssigl\u00f6scher bei Br\u00e4nden der Klassen A und B weitaus effektiver als reines Wasser. <\/span><\/p>\n<p><span style=\"color: #000000;\">Die SOLBERG<sup>\u00ae<\/sup> XGARD\u2122 Produktpalette ist mit Verd\u00fcnnungsraten von 1% bis 3% erh\u00e4ltlich.<br \/>\nSie k\u00f6nnen in Vormischungen (tragbare Feuerl\u00f6scher) verwendet werden, und sie k\u00f6nnen auch mit Schwerschaumger\u00e4ten (D\u00fcsen, Monitore, Schaumkammern usw.) verwendet oder mit Standardger\u00e4ten (Inline-Induktoren, Gleichdrucksysteme usw.) dosiert werden. <\/span><\/p>\n<p><span style=\"color: #000000;\"><strong>Anwendungen<\/strong><\/span><\/p>\n<p><span style=\"color: #000000;\">Diese Produkte erzielen eine sehr schnelle Brandbek\u00e4mpfung bei Spr\u00fchanwendungen und weisen eine ausgezeichnete R\u00fcckbrandfestigkeit auf.<br \/>\nEin 9l-Handfeuerl\u00f6scher, der mit der L\u00f6sung in der entsprechenden Konzentration von SOLBERG XGARD beladen ist, l\u00f6scht m\u00fchelos den Test 233B (7 m2) und 21A der Klasse A gem\u00e4\u00df EN 3 f\u00fcr tragbare Feuerl\u00f6scher.<br \/>\nDie Leistung des Produkts h\u00e4ngt von den Eigenschaften des verwendeten Ger\u00e4ts ab (Druck, D\u00fcse usw.), daher sollte seine Effizienz mit demselben Feuerl\u00f6scher bewertet werden, der auch verwendet wird.<br \/>\nSOLBERG XGARD Schaummittelkonzentrate und entsprechende L\u00f6sungen sind als biologisch leicht abbaubar eingestuft.<br \/>\nSie sind nicht akut gef\u00e4hrlich f\u00fcr die aquatische Umwelt und sind nicht oral giftig f\u00fcr S\u00e4ugetierorganismen. <\/span><\/p>\n<p><span style=\"color: #000000;\"><strong>Bitte wenden Sie sich an einen Experten, um zu erfahren, welche Beschr\u00e4nkungen und Vorschriften f\u00fcr Ihren Staat oder Ihre Region in Bezug auf den Verkauf und Vertrieb von Feuerl\u00f6schmitteln gelten.<\/strong><\/span><\/p>\n<h4>Verf\u00fcgbare Optionen<\/h4>\n","protected":false},"excerpt":{"rendered":"<p>Die Produkte der er SOLBERG\u00ae XGARD\u2122 EXD-30 Reihe sind fluorfreie Schaumzus\u00e4tze, die f\u00fcr den Einsatz in tragbaren Feuerl\u00f6schern entwickelt wurden. Sie enthalten keine organohalogenierten Verbindungen. Diese Zus\u00e4tze machen Fl\u00fcssigl\u00f6scher bei [&hellip;]<\/p>\n","protected":false},"featured_media":42461,"template":"","meta":{"_acf_changed":false},"product_cat":[192,204],"product_tag":[241],"class_list":{"0":"post-42459","1":"product","2":"type-product","3":"status-publish","4":"has-post-thumbnail","6":"product_cat-fire-extinguisher-agents-de","7":"product_cat-fluorine-free-class-b-agents-de","8":"product_tag-solberg-de","10":"first","11":"instock","12":"shipping-taxable","13":"purchasable","14":"product-type-simple"},"acf":[],"yoast_head":"<!-- This site is optimized with the Yoast SEO Premium plugin v21.9 (Yoast SEO v23.5) - https:\/\/yoast.com\/wordpress\/plugins\/seo\/ -->\n<title>SOLBERG\u00ae XGARD\u2122 Serie - Perimeter Solutions<\/title>\n<meta name=\"description\" content=\"Die Produkte der SOLBERG\u00ae XGARD\u2122 Reihe sind fluorfreie Schaumzus\u00e4tze, die f\u00fcr den Einsatz in tragbaren Feuerl\u00f6schern entwickelt wurden. Sie enthalten keine organohalogenierten Verbindungen. Diese Zus\u00e4tze machen Fl\u00fcssigl\u00f6scher bei Br\u00e4nden der Klassen A und B weitaus effektiver als reines Wasser.\" \/>\n<meta name=\"robots\" content=\"index, follow, max-snippet:-1, max-image-preview:large, max-video-preview:-1\" \/>\n<link rel=\"canonical\" href=\"https:\/\/www.perimeter-solutions.com\/de\/product\/solberg-xgard-serie\/\" \/>\n<meta property=\"og:locale\" content=\"de_DE\" \/>\n<meta property=\"og:type\" content=\"article\" \/>\n<meta property=\"og:title\" content=\"SOLBERG\u00ae XGARD\u2122 Serie\" \/>\n<meta property=\"og:description\" content=\"Die Produkte der SOLBERG\u00ae XGARD\u2122 Reihe sind fluorfreie Schaumzus\u00e4tze, die f\u00fcr den Einsatz in tragbaren Feuerl\u00f6schern entwickelt wurden. Sie enthalten keine organohalogenierten Verbindungen. Diese Zus\u00e4tze machen Fl\u00fcssigl\u00f6scher bei Br\u00e4nden der Klassen A und B weitaus effektiver als reines Wasser.\" \/>\n<meta property=\"og:url\" content=\"https:\/\/www.perimeter-solutions.com\/de\/product\/solberg-xgard-serie\/\" \/>\n<meta property=\"og:site_name\" content=\"Perimeter Solutions\" \/>\n<meta property=\"article:modified_time\" content=\"2024-08-14T18:29:50+00:00\" \/>\n<meta name=\"twitter:card\" content=\"summary_large_image\" \/>\n<meta name=\"twitter:label1\" content=\"Gesch\u00e4tzte Lesezeit\" \/>\n\t<meta name=\"twitter:data1\" content=\"2\u00a0Minuten\" \/>\n<script type=\"application\/ld+json\" class=\"yoast-schema-graph\">{\"@context\":\"https:\/\/schema.org\",\"@graph\":[{\"@type\":\"WebPage\",\"@id\":\"https:\/\/www.perimeter-solutions.com\/de\/product\/solberg-xgard-serie\/\",\"url\":\"https:\/\/www.perimeter-solutions.com\/de\/product\/solberg-xgard-serie\/\",\"name\":\"SOLBERG\u00ae XGARD\u2122 Serie - Perimeter Solutions\",\"isPartOf\":{\"@id\":\"https:\/\/www.perimeter-solutions.com\/de\/#website\"},\"primaryImageOfPage\":{\"@id\":\"https:\/\/www.perimeter-solutions.com\/de\/product\/solberg-xgard-serie\/#primaryimage\"},\"image\":{\"@id\":\"https:\/\/www.perimeter-solutions.com\/de\/product\/solberg-xgard-serie\/#primaryimage\"},\"thumbnailUrl\":\"https:\/\/www.perimeter-solutions.com\/wp-content\/uploads\/2024\/06\/SOLBERG-XGARD-A4_FINAL-pdf.jpg\",\"datePublished\":\"2024-06-27T15:36:57+00:00\",\"dateModified\":\"2024-08-14T18:29:50+00:00\",\"description\":\"Die Produkte der SOLBERG\u00ae XGARD\u2122 Reihe sind fluorfreie Schaumzus\u00e4tze, die f\u00fcr den Einsatz in tragbaren Feuerl\u00f6schern entwickelt wurden. Sie enthalten keine organohalogenierten Verbindungen. Diese Zus\u00e4tze machen Fl\u00fcssigl\u00f6scher bei Br\u00e4nden der Klassen A und B weitaus effektiver als reines Wasser.\",\"breadcrumb\":{\"@id\":\"https:\/\/www.perimeter-solutions.com\/de\/product\/solberg-xgard-serie\/#breadcrumb\"},\"inLanguage\":\"de\",\"potentialAction\":[{\"@type\":\"ReadAction\",\"target\":[\"https:\/\/www.perimeter-solutions.com\/de\/product\/solberg-xgard-serie\/\"]}]},{\"@type\":\"ImageObject\",\"inLanguage\":\"de\",\"@id\":\"https:\/\/www.perimeter-solutions.com\/de\/product\/solberg-xgard-serie\/#primaryimage\",\"url\":\"https:\/\/www.perimeter-solutions.com\/wp-content\/uploads\/2024\/06\/SOLBERG-XGARD-A4_FINAL-pdf.jpg\",\"contentUrl\":\"https:\/\/www.perimeter-solutions.com\/wp-content\/uploads\/2024\/06\/SOLBERG-XGARD-A4_FINAL-pdf.jpg\"},{\"@type\":\"BreadcrumbList\",\"@id\":\"https:\/\/www.perimeter-solutions.com\/de\/product\/solberg-xgard-serie\/#breadcrumb\",\"itemListElement\":[{\"@type\":\"ListItem\",\"position\":1,\"name\":\"Produktkatalog\",\"item\":\"https:\/\/www.perimeter-solutions.com\/de\/produktkatalog\/\"},{\"@type\":\"ListItem\",\"position\":2,\"name\":\"SOLBERG\u00ae XGARD\u2122 Serie\"}]},{\"@type\":\"WebSite\",\"@id\":\"https:\/\/www.perimeter-solutions.com\/de\/#website\",\"url\":\"https:\/\/www.perimeter-solutions.com\/de\/\",\"name\":\"Perimeter Solutions\",\"description\":\"\",\"publisher\":{\"@id\":\"https:\/\/www.perimeter-solutions.com\/de\/#organization\"},\"potentialAction\":[{\"@type\":\"SearchAction\",\"target\":{\"@type\":\"EntryPoint\",\"urlTemplate\":\"https:\/\/www.perimeter-solutions.com\/de\/?s={search_term_string}\"},\"query-input\":{\"@type\":\"PropertyValueSpecification\",\"valueRequired\":true,\"valueName\":\"search_term_string\"}}],\"inLanguage\":\"de\"},{\"@type\":\"Organization\",\"@id\":\"https:\/\/www.perimeter-solutions.com\/de\/#organization\",\"name\":\"Perimeter Solutions\",\"url\":\"https:\/\/www.perimeter-solutions.com\/de\/\",\"logo\":{\"@type\":\"ImageObject\",\"inLanguage\":\"de\",\"@id\":\"https:\/\/www.perimeter-solutions.com\/de\/#\/schema\/logo\/image\/\",\"url\":\"https:\/\/www.perimeter-solutions.com\/wp-content\/uploads\/2021\/02\/perimeter-logo-RGB.png\",\"contentUrl\":\"https:\/\/www.perimeter-solutions.com\/wp-content\/uploads\/2021\/02\/perimeter-logo-RGB.png\",\"width\":794,\"height\":138,\"caption\":\"Perimeter Solutions\"},\"image\":{\"@id\":\"https:\/\/www.perimeter-solutions.com\/de\/#\/schema\/logo\/image\/\"}}]}<\/script>\n<!-- \/ Yoast SEO Premium plugin. -->","yoast_head_json":{"title":"SOLBERG\u00ae XGARD\u2122 Serie - Perimeter Solutions","description":"Die Produkte der SOLBERG\u00ae XGARD\u2122 Reihe sind fluorfreie Schaumzus\u00e4tze, die f\u00fcr den Einsatz in tragbaren Feuerl\u00f6schern entwickelt wurden. Sie enthalten keine organohalogenierten Verbindungen. Diese Zus\u00e4tze machen Fl\u00fcssigl\u00f6scher bei Br\u00e4nden der Klassen A und B weitaus effektiver als reines Wasser.","robots":{"index":"index","follow":"follow","max-snippet":"max-snippet:-1","max-image-preview":"max-image-preview:large","max-video-preview":"max-video-preview:-1"},"canonical":"https:\/\/www.perimeter-solutions.com\/de\/product\/solberg-xgard-serie\/","og_locale":"de_DE","og_type":"article","og_title":"SOLBERG\u00ae XGARD\u2122 Serie","og_description":"Die Produkte der SOLBERG\u00ae XGARD\u2122 Reihe sind fluorfreie Schaumzus\u00e4tze, die f\u00fcr den Einsatz in tragbaren Feuerl\u00f6schern entwickelt wurden. Sie enthalten keine organohalogenierten Verbindungen. Diese Zus\u00e4tze machen Fl\u00fcssigl\u00f6scher bei Br\u00e4nden der Klassen A und B weitaus effektiver als reines Wasser.","og_url":"https:\/\/www.perimeter-solutions.com\/de\/product\/solberg-xgard-serie\/","og_site_name":"Perimeter Solutions","article_modified_time":"2024-08-14T18:29:50+00:00","twitter_card":"summary_large_image","twitter_misc":{"Gesch\u00e4tzte Lesezeit":"2\u00a0Minuten"},"schema":{"@context":"https:\/\/schema.org","@graph":[{"@type":"WebPage","@id":"https:\/\/www.perimeter-solutions.com\/de\/product\/solberg-xgard-serie\/","url":"https:\/\/www.perimeter-solutions.com\/de\/product\/solberg-xgard-serie\/","name":"SOLBERG\u00ae XGARD\u2122 Serie - Perimeter Solutions","isPartOf":{"@id":"https:\/\/www.perimeter-solutions.com\/de\/#website"},"primaryImageOfPage":{"@id":"https:\/\/www.perimeter-solutions.com\/de\/product\/solberg-xgard-serie\/#primaryimage"},"image":{"@id":"https:\/\/www.perimeter-solutions.com\/de\/product\/solberg-xgard-serie\/#primaryimage"},"thumbnailUrl":"https:\/\/www.perimeter-solutions.com\/wp-content\/uploads\/2024\/06\/SOLBERG-XGARD-A4_FINAL-pdf.jpg","datePublished":"2024-06-27T15:36:57+00:00","dateModified":"2024-08-14T18:29:50+00:00","description":"Die Produkte der SOLBERG\u00ae XGARD\u2122 Reihe sind fluorfreie Schaumzus\u00e4tze, die f\u00fcr den Einsatz in tragbaren Feuerl\u00f6schern entwickelt wurden. Sie enthalten keine organohalogenierten Verbindungen. Diese Zus\u00e4tze machen Fl\u00fcssigl\u00f6scher bei Br\u00e4nden der Klassen A und B weitaus effektiver als reines Wasser.","breadcrumb":{"@id":"https:\/\/www.perimeter-solutions.com\/de\/product\/solberg-xgard-serie\/#breadcrumb"},"inLanguage":"de","potentialAction":[{"@type":"ReadAction","target":["https:\/\/www.perimeter-solutions.com\/de\/product\/solberg-xgard-serie\/"]}]},{"@type":"ImageObject","inLanguage":"de","@id":"https:\/\/www.perimeter-solutions.com\/de\/product\/solberg-xgard-serie\/#primaryimage","url":"https:\/\/www.perimeter-solutions.com\/wp-content\/uploads\/2024\/06\/SOLBERG-XGARD-A4_FINAL-pdf.jpg","contentUrl":"https:\/\/www.perimeter-solutions.com\/wp-content\/uploads\/2024\/06\/SOLBERG-XGARD-A4_FINAL-pdf.jpg"},{"@type":"BreadcrumbList","@id":"https:\/\/www.perimeter-solutions.com\/de\/product\/solberg-xgard-serie\/#breadcrumb","itemListElement":[{"@type":"ListItem","position":1,"name":"Produktkatalog","item":"https:\/\/www.perimeter-solutions.com\/de\/produktkatalog\/"},{"@type":"ListItem","position":2,"name":"SOLBERG\u00ae XGARD\u2122 Serie"}]},{"@type":"WebSite","@id":"https:\/\/www.perimeter-solutions.com\/de\/#website","url":"https:\/\/www.perimeter-solutions.com\/de\/","name":"Perimeter Solutions","description":"","publisher":{"@id":"https:\/\/www.perimeter-solutions.com\/de\/#organization"},"potentialAction":[{"@type":"SearchAction","target":{"@type":"EntryPoint","urlTemplate":"https:\/\/www.perimeter-solutions.com\/de\/?s={search_term_string}"},"query-input":{"@type":"PropertyValueSpecification","valueRequired":true,"valueName":"search_term_string"}}],"inLanguage":"de"},{"@type":"Organization","@id":"https:\/\/www.perimeter-solutions.com\/de\/#organization","name":"Perimeter Solutions","url":"https:\/\/www.perimeter-solutions.com\/de\/","logo":{"@type":"ImageObject","inLanguage":"de","@id":"https:\/\/www.perimeter-solutions.com\/de\/#\/schema\/logo\/image\/","url":"https:\/\/www.perimeter-solutions.com\/wp-content\/uploads\/2021\/02\/perimeter-logo-RGB.png","contentUrl":"https:\/\/www.perimeter-solutions.com\/wp-content\/uploads\/2021\/02\/perimeter-logo-RGB.png","width":794,"height":138,"caption":"Perimeter Solutions"},"image":{"@id":"https:\/\/www.perimeter-solutions.com\/de\/#\/schema\/logo\/image\/"}}]}},"_links":{"self":[{"href":"https:\/\/www.perimeter-solutions.com\/de\/wp-json\/wp\/v2\/product\/42459","targetHints":{"allow":["GET"]}}],"collection":[{"href":"https:\/\/www.perimeter-solutions.com\/de\/wp-json\/wp\/v2\/product"}],"about":[{"href":"https:\/\/www.perimeter-solutions.com\/de\/wp-json\/wp\/v2\/types\/product"}],"wp:featuredmedia":[{"embeddable":true,"href":"https:\/\/www.perimeter-solutions.com\/de\/wp-json\/wp\/v2\/media\/42461"}],"wp:attachment":[{"href":"https:\/\/www.perimeter-solutions.com\/de\/wp-json\/wp\/v2\/media?parent=42459"}],"wp:term":[{"taxonomy":"product_cat","embeddable":true,"href":"https:\/\/www.perimeter-solutions.com\/de\/wp-json\/wp\/v2\/product_cat?post=42459"},{"taxonomy":"product_tag","embeddable":true,"href":"https:\/\/www.perimeter-solutions.com\/de\/wp-json\/wp\/v2\/product_tag?post=42459"}],"curies":[{"name":"wp","href":"https:\/\/api.w.org\/{rel}","templated":true}]}}