{"id":42450,"date":"2024-06-27T11:06:35","date_gmt":"2024-06-27T15:06:35","guid":{"rendered":"https:\/\/www.perimeter-solutions.com\/product\/re-healing-tf-training-foam\/"},"modified":"2024-08-14T13:03:16","modified_gmt":"2024-08-14T17:03:16","slug":"re-healing-tf-training-foam","status":"publish","type":"product","link":"https:\/\/www.perimeter-solutions.com\/de\/product\/re-healing-tf-training-foam\/","title":{"rendered":"RE HEALING TF Training Foam"},"content":{"rendered":"<p><span style=\"color: #000000;\"><strong>SOLBERG<sup>\u00ae<\/sup> RE-HEALING\u00ae TF Training Foam <\/strong>von SOLBERG ist ein innovatives, umweltvertr\u00e4gliches, fluortensid- und fluorpolymerfreies Schaummittelkonzentrat, das zum effektiven L\u00f6schen von Kohlenwasserstoff-Brennstoffbr\u00e4nden der Klasse B unter kontrollierten Bedingungen verwendet wird, um Einsatzkr\u00e4fte in der Verwendung von Schaum zu schulen und die Funktionsweise von Schaumger\u00e4ten zu bewerten. <strong>Es ist nicht f\u00fcr die Bew\u00e4ltigung tats\u00e4chlicher Brandsituationen gedacht<\/strong>. SOLBERG RE\u2011HEALING TF Schaummittelkonzentrat kann in S\u00fc\u00df-, Salz- oder Brackwasser dosiert in 1%iger oder 3%iger L\u00f6sung eingesetzt werden. SOLBERG RE\u2011HEALING Schaummittelkonzentrate werden mit einer neuen Hochleistungs-Kunststoffschaumtechnologie formuliert.<\/span><\/p>\n<p><span style=\"color: #000000;\"><strong>Bitte wenden Sie sich an einen Experten, um zu erfahren, welche Beschr\u00e4nkungen und Vorschriften f\u00fcr Ihren Staat oder Ihre Region in Bezug auf den Verkauf und Vertrieb von Trainingssch\u00e4umen gelten.<\/strong><\/span><\/p>\n<h4>Verf\u00fcgbare Optionen<\/h4>\n","protected":false},"excerpt":{"rendered":"<p>SOLBERG\u00ae RE-HEALING\u00ae TF Training Foam von SOLBERG ist ein innovatives, umweltvertr\u00e4gliches, fluortensid- und fluorpolymerfreies Schaummittelkonzentrat, das zum effektiven L\u00f6schen von Kohlenwasserstoff-Brennstoffbr\u00e4nden der Klasse B unter kontrollierten Bedingungen verwendet wird, um [&hellip;]<\/p>\n","protected":false},"featured_media":42452,"template":"","meta":{"_acf_changed":false},"product_cat":[193],"product_tag":[241],"class_list":{"0":"post-42450","1":"product","2":"type-product","3":"status-publish","4":"has-post-thumbnail","6":"product_cat-training-foam-concentrate-de","7":"product_tag-solberg-de","9":"first","10":"instock","11":"shipping-taxable","12":"purchasable","13":"product-type-simple"},"acf":[],"yoast_head":"<!-- This site is optimized with the Yoast SEO Premium plugin v21.9 (Yoast SEO v23.5) - https:\/\/yoast.com\/wordpress\/plugins\/seo\/ -->\n<title>RE HEALING TF Training Foam - Perimeter Solutions<\/title>\n<meta name=\"description\" content=\"SOLBERG\u00ae RE-HEALING\u00ae TF Training Foam von SOLBERG ist ein innovatives, umweltvertr\u00e4gliches, fluortensid- und fluorpolymerfreies Schaummittelkonzentrat, das zum effektiven L\u00f6schen von Kohlenwasserstoff-Brennstoffbr\u00e4nden der Klasse B unter kontrollierten Bedingungen eingesetzt wird, um Einsatzkr\u00e4fte in der Verwendung von Schaum zu schulen und die Funktionsweise von Schaumger\u00e4ten zu bewerten.\" \/>\n<meta name=\"robots\" content=\"index, follow, max-snippet:-1, max-image-preview:large, max-video-preview:-1\" \/>\n<link rel=\"canonical\" href=\"https:\/\/www.perimeter-solutions.com\/de\/product\/re-healing-tf-training-foam\/\" \/>\n<meta property=\"og:locale\" content=\"de_DE\" \/>\n<meta property=\"og:type\" content=\"article\" \/>\n<meta property=\"og:title\" content=\"RE HEALING TF Training Foam\" \/>\n<meta property=\"og:description\" content=\"SOLBERG\u00ae RE-HEALING\u00ae TF Training Foam von SOLBERG ist ein innovatives, umweltvertr\u00e4gliches, fluortensid- und fluorpolymerfreies Schaummittelkonzentrat, das zum effektiven L\u00f6schen von Kohlenwasserstoff-Brennstoffbr\u00e4nden der Klasse B unter kontrollierten Bedingungen eingesetzt wird, um Einsatzkr\u00e4fte in der Verwendung von Schaum zu schulen und die Funktionsweise von Schaumger\u00e4ten zu bewerten.\" \/>\n<meta property=\"og:url\" content=\"https:\/\/www.perimeter-solutions.com\/de\/product\/re-healing-tf-training-foam\/\" \/>\n<meta property=\"og:site_name\" content=\"Perimeter Solutions\" \/>\n<meta property=\"article:modified_time\" content=\"2024-08-14T17:03:16+00:00\" \/>\n<meta name=\"twitter:card\" content=\"summary_large_image\" \/>\n<meta name=\"twitter:label1\" content=\"Gesch\u00e4tzte Lesezeit\" \/>\n\t<meta name=\"twitter:data1\" content=\"1\u00a0Minute\" \/>\n<script type=\"application\/ld+json\" class=\"yoast-schema-graph\">{\"@context\":\"https:\/\/schema.org\",\"@graph\":[{\"@type\":\"WebPage\",\"@id\":\"https:\/\/www.perimeter-solutions.com\/de\/product\/re-healing-tf-training-foam\/\",\"url\":\"https:\/\/www.perimeter-solutions.com\/de\/product\/re-healing-tf-training-foam\/\",\"name\":\"RE HEALING TF Training Foam - Perimeter Solutions\",\"isPartOf\":{\"@id\":\"https:\/\/www.perimeter-solutions.com\/de\/#website\"},\"primaryImageOfPage\":{\"@id\":\"https:\/\/www.perimeter-solutions.com\/de\/product\/re-healing-tf-training-foam\/#primaryimage\"},\"image\":{\"@id\":\"https:\/\/www.perimeter-solutions.com\/de\/product\/re-healing-tf-training-foam\/#primaryimage\"},\"thumbnailUrl\":\"https:\/\/www.perimeter-solutions.com\/wp-content\/uploads\/2024\/06\/SOLBERG-Rehealing_TF_FoamConcentrate-1-pdf.jpg\",\"datePublished\":\"2024-06-27T15:06:35+00:00\",\"dateModified\":\"2024-08-14T17:03:16+00:00\",\"description\":\"SOLBERG\u00ae RE-HEALING\u00ae TF Training Foam von SOLBERG ist ein innovatives, umweltvertr\u00e4gliches, fluortensid- und fluorpolymerfreies Schaummittelkonzentrat, das zum effektiven L\u00f6schen von Kohlenwasserstoff-Brennstoffbr\u00e4nden der Klasse B unter kontrollierten Bedingungen eingesetzt wird, um Einsatzkr\u00e4fte in der Verwendung von Schaum zu schulen und die Funktionsweise von Schaumger\u00e4ten zu bewerten.\",\"breadcrumb\":{\"@id\":\"https:\/\/www.perimeter-solutions.com\/de\/product\/re-healing-tf-training-foam\/#breadcrumb\"},\"inLanguage\":\"de\",\"potentialAction\":[{\"@type\":\"ReadAction\",\"target\":[\"https:\/\/www.perimeter-solutions.com\/de\/product\/re-healing-tf-training-foam\/\"]}]},{\"@type\":\"ImageObject\",\"inLanguage\":\"de\",\"@id\":\"https:\/\/www.perimeter-solutions.com\/de\/product\/re-healing-tf-training-foam\/#primaryimage\",\"url\":\"https:\/\/www.perimeter-solutions.com\/wp-content\/uploads\/2024\/06\/SOLBERG-Rehealing_TF_FoamConcentrate-1-pdf.jpg\",\"contentUrl\":\"https:\/\/www.perimeter-solutions.com\/wp-content\/uploads\/2024\/06\/SOLBERG-Rehealing_TF_FoamConcentrate-1-pdf.jpg\"},{\"@type\":\"BreadcrumbList\",\"@id\":\"https:\/\/www.perimeter-solutions.com\/de\/product\/re-healing-tf-training-foam\/#breadcrumb\",\"itemListElement\":[{\"@type\":\"ListItem\",\"position\":1,\"name\":\"Produktkatalog\",\"item\":\"https:\/\/www.perimeter-solutions.com\/de\/produktkatalog\/\"},{\"@type\":\"ListItem\",\"position\":2,\"name\":\"RE HEALING TF Training Foam\"}]},{\"@type\":\"WebSite\",\"@id\":\"https:\/\/www.perimeter-solutions.com\/de\/#website\",\"url\":\"https:\/\/www.perimeter-solutions.com\/de\/\",\"name\":\"Perimeter Solutions\",\"description\":\"\",\"publisher\":{\"@id\":\"https:\/\/www.perimeter-solutions.com\/de\/#organization\"},\"potentialAction\":[{\"@type\":\"SearchAction\",\"target\":{\"@type\":\"EntryPoint\",\"urlTemplate\":\"https:\/\/www.perimeter-solutions.com\/de\/?s={search_term_string}\"},\"query-input\":{\"@type\":\"PropertyValueSpecification\",\"valueRequired\":true,\"valueName\":\"search_term_string\"}}],\"inLanguage\":\"de\"},{\"@type\":\"Organization\",\"@id\":\"https:\/\/www.perimeter-solutions.com\/de\/#organization\",\"name\":\"Perimeter Solutions\",\"url\":\"https:\/\/www.perimeter-solutions.com\/de\/\",\"logo\":{\"@type\":\"ImageObject\",\"inLanguage\":\"de\",\"@id\":\"https:\/\/www.perimeter-solutions.com\/de\/#\/schema\/logo\/image\/\",\"url\":\"https:\/\/www.perimeter-solutions.com\/wp-content\/uploads\/2021\/02\/perimeter-logo-RGB.png\",\"contentUrl\":\"https:\/\/www.perimeter-solutions.com\/wp-content\/uploads\/2021\/02\/perimeter-logo-RGB.png\",\"width\":794,\"height\":138,\"caption\":\"Perimeter Solutions\"},\"image\":{\"@id\":\"https:\/\/www.perimeter-solutions.com\/de\/#\/schema\/logo\/image\/\"}}]}<\/script>\n<!-- \/ Yoast SEO Premium plugin. -->","yoast_head_json":{"title":"RE HEALING TF Training Foam - Perimeter Solutions","description":"SOLBERG\u00ae RE-HEALING\u00ae TF Training Foam von SOLBERG ist ein innovatives, umweltvertr\u00e4gliches, fluortensid- und fluorpolymerfreies Schaummittelkonzentrat, das zum effektiven L\u00f6schen von Kohlenwasserstoff-Brennstoffbr\u00e4nden der Klasse B unter kontrollierten Bedingungen eingesetzt wird, um Einsatzkr\u00e4fte in der Verwendung von Schaum zu schulen und die Funktionsweise von Schaumger\u00e4ten zu bewerten.","robots":{"index":"index","follow":"follow","max-snippet":"max-snippet:-1","max-image-preview":"max-image-preview:large","max-video-preview":"max-video-preview:-1"},"canonical":"https:\/\/www.perimeter-solutions.com\/de\/product\/re-healing-tf-training-foam\/","og_locale":"de_DE","og_type":"article","og_title":"RE HEALING TF Training Foam","og_description":"SOLBERG\u00ae RE-HEALING\u00ae TF Training Foam von SOLBERG ist ein innovatives, umweltvertr\u00e4gliches, fluortensid- und fluorpolymerfreies Schaummittelkonzentrat, das zum effektiven L\u00f6schen von Kohlenwasserstoff-Brennstoffbr\u00e4nden der Klasse B unter kontrollierten Bedingungen eingesetzt wird, um Einsatzkr\u00e4fte in der Verwendung von Schaum zu schulen und die Funktionsweise von Schaumger\u00e4ten zu bewerten.","og_url":"https:\/\/www.perimeter-solutions.com\/de\/product\/re-healing-tf-training-foam\/","og_site_name":"Perimeter Solutions","article_modified_time":"2024-08-14T17:03:16+00:00","twitter_card":"summary_large_image","twitter_misc":{"Gesch\u00e4tzte Lesezeit":"1\u00a0Minute"},"schema":{"@context":"https:\/\/schema.org","@graph":[{"@type":"WebPage","@id":"https:\/\/www.perimeter-solutions.com\/de\/product\/re-healing-tf-training-foam\/","url":"https:\/\/www.perimeter-solutions.com\/de\/product\/re-healing-tf-training-foam\/","name":"RE HEALING TF Training Foam - Perimeter Solutions","isPartOf":{"@id":"https:\/\/www.perimeter-solutions.com\/de\/#website"},"primaryImageOfPage":{"@id":"https:\/\/www.perimeter-solutions.com\/de\/product\/re-healing-tf-training-foam\/#primaryimage"},"image":{"@id":"https:\/\/www.perimeter-solutions.com\/de\/product\/re-healing-tf-training-foam\/#primaryimage"},"thumbnailUrl":"https:\/\/www.perimeter-solutions.com\/wp-content\/uploads\/2024\/06\/SOLBERG-Rehealing_TF_FoamConcentrate-1-pdf.jpg","datePublished":"2024-06-27T15:06:35+00:00","dateModified":"2024-08-14T17:03:16+00:00","description":"SOLBERG\u00ae RE-HEALING\u00ae TF Training Foam von SOLBERG ist ein innovatives, umweltvertr\u00e4gliches, fluortensid- und fluorpolymerfreies Schaummittelkonzentrat, das zum effektiven L\u00f6schen von Kohlenwasserstoff-Brennstoffbr\u00e4nden der Klasse B unter kontrollierten Bedingungen eingesetzt wird, um Einsatzkr\u00e4fte in der Verwendung von Schaum zu schulen und die Funktionsweise von Schaumger\u00e4ten zu bewerten.","breadcrumb":{"@id":"https:\/\/www.perimeter-solutions.com\/de\/product\/re-healing-tf-training-foam\/#breadcrumb"},"inLanguage":"de","potentialAction":[{"@type":"ReadAction","target":["https:\/\/www.perimeter-solutions.com\/de\/product\/re-healing-tf-training-foam\/"]}]},{"@type":"ImageObject","inLanguage":"de","@id":"https:\/\/www.perimeter-solutions.com\/de\/product\/re-healing-tf-training-foam\/#primaryimage","url":"https:\/\/www.perimeter-solutions.com\/wp-content\/uploads\/2024\/06\/SOLBERG-Rehealing_TF_FoamConcentrate-1-pdf.jpg","contentUrl":"https:\/\/www.perimeter-solutions.com\/wp-content\/uploads\/2024\/06\/SOLBERG-Rehealing_TF_FoamConcentrate-1-pdf.jpg"},{"@type":"BreadcrumbList","@id":"https:\/\/www.perimeter-solutions.com\/de\/product\/re-healing-tf-training-foam\/#breadcrumb","itemListElement":[{"@type":"ListItem","position":1,"name":"Produktkatalog","item":"https:\/\/www.perimeter-solutions.com\/de\/produktkatalog\/"},{"@type":"ListItem","position":2,"name":"RE HEALING TF Training Foam"}]},{"@type":"WebSite","@id":"https:\/\/www.perimeter-solutions.com\/de\/#website","url":"https:\/\/www.perimeter-solutions.com\/de\/","name":"Perimeter Solutions","description":"","publisher":{"@id":"https:\/\/www.perimeter-solutions.com\/de\/#organization"},"potentialAction":[{"@type":"SearchAction","target":{"@type":"EntryPoint","urlTemplate":"https:\/\/www.perimeter-solutions.com\/de\/?s={search_term_string}"},"query-input":{"@type":"PropertyValueSpecification","valueRequired":true,"valueName":"search_term_string"}}],"inLanguage":"de"},{"@type":"Organization","@id":"https:\/\/www.perimeter-solutions.com\/de\/#organization","name":"Perimeter Solutions","url":"https:\/\/www.perimeter-solutions.com\/de\/","logo":{"@type":"ImageObject","inLanguage":"de","@id":"https:\/\/www.perimeter-solutions.com\/de\/#\/schema\/logo\/image\/","url":"https:\/\/www.perimeter-solutions.com\/wp-content\/uploads\/2021\/02\/perimeter-logo-RGB.png","contentUrl":"https:\/\/www.perimeter-solutions.com\/wp-content\/uploads\/2021\/02\/perimeter-logo-RGB.png","width":794,"height":138,"caption":"Perimeter Solutions"},"image":{"@id":"https:\/\/www.perimeter-solutions.com\/de\/#\/schema\/logo\/image\/"}}]}},"_links":{"self":[{"href":"https:\/\/www.perimeter-solutions.com\/de\/wp-json\/wp\/v2\/product\/42450","targetHints":{"allow":["GET"]}}],"collection":[{"href":"https:\/\/www.perimeter-solutions.com\/de\/wp-json\/wp\/v2\/product"}],"about":[{"href":"https:\/\/www.perimeter-solutions.com\/de\/wp-json\/wp\/v2\/types\/product"}],"wp:featuredmedia":[{"embeddable":true,"href":"https:\/\/www.perimeter-solutions.com\/de\/wp-json\/wp\/v2\/media\/42452"}],"wp:attachment":[{"href":"https:\/\/www.perimeter-solutions.com\/de\/wp-json\/wp\/v2\/media?parent=42450"}],"wp:term":[{"taxonomy":"product_cat","embeddable":true,"href":"https:\/\/www.perimeter-solutions.com\/de\/wp-json\/wp\/v2\/product_cat?post=42450"},{"taxonomy":"product_tag","embeddable":true,"href":"https:\/\/www.perimeter-solutions.com\/de\/wp-json\/wp\/v2\/product_tag?post=42450"}],"curies":[{"name":"wp","href":"https:\/\/api.w.org\/{rel}","templated":true}]}}