{"id":42415,"date":"2024-06-28T11:28:14","date_gmt":"2024-06-28T15:28:14","guid":{"rendered":"https:\/\/www.perimeter-solutions.com\/product\/solberg-arctic-1-sp-afff-schaumkonzentrat\/"},"modified":"2024-08-14T15:10:33","modified_gmt":"2024-08-14T19:10:33","slug":"solberg-arctic-1-sp-afff-schaumkonzentrat","status":"publish","type":"product","link":"https:\/\/www.perimeter-solutions.com\/de\/product\/solberg-arctic-1-sp-afff-schaumkonzentrat\/","title":{"rendered":"SOLBERG<sup>\u00ae<\/sup> ARCTIC\u2122 1% SP AFFF SCHAUMKONZENTRAT"},"content":{"rendered":"<p><span style=\"color: #000000;\"><strong>SOLBERG<sup>\u00ae<\/sup> ARCTIC\u2122 1% SP AFFF<\/strong> ist ein synthetisches Schaumkonzentrat, das zum effektiven L\u00f6schen von Br\u00e4nden mit Kohlenwasserstoffen der Klasse B bei einer 1%igen L\u00f6sung verwendet wird. SOLBERG ARCTIC 1% SP AFFF Schaummittelkonzentrat bietet schnelle L\u00f6schung und hervorragende R\u00fcckbrandeigenschaften und kann mit S\u00fc\u00df-, Salz- und Brackwasser verwendet werden.<\/span><\/p>\n<p><span style=\"color: #000000;\">SOLBERG ARCTIC 1% SP AFFF Schaummittel kann bei Kohlenwasserstoffbr\u00e4nden der Klasse B angewendet werden. Es ist nicht f\u00fcr die Verwendung mit polaren L\u00f6sungsmittelkraftstoffen der Klasse B vorgesehen. Der Schaum kann verwendet werden, um eine erneute Entz\u00fcndung einer versch\u00fctteten Fl\u00fcssigkeit zu verhindern und gef\u00e4hrliche D\u00e4mpfe zu kontrollieren. Schaumaustragsger\u00e4te wie nicht luftansaugende sowie luftansaugende Ger\u00e4te, einschlie\u00dflich Standard-Sprinklerk\u00f6pfe, k\u00f6nnen verwendet werden, um maximale Ergebnisse zu erzielen. Das Produkt wird 1 Teil Schaummittelkonzentrat mit 99 Teilen Wasser gemischt. Es kann auch als 1%ige Vormischungsl\u00f6sung verwendet und gelagert werden. SOLBERG ARCTIC 1% SP AFFF Schaum ist mit den meisten Pulvern (Trockenchemikalien) kompatibel.<\/span><\/p>\n<h4>Verf\u00fcgbare Optionen<\/h4>\n","protected":false},"excerpt":{"rendered":"<p>SOLBERG\u00ae ARCTIC\u2122 1% SP AFFF ist ein synthetisches Schaumkonzentrat, das zum effektiven L\u00f6schen von Br\u00e4nden mit Kohlenwasserstoffen der Klasse B bei einer 1%igen L\u00f6sung verwendet wird. SOLBERG ARCTIC 1% SP [&hellip;]<\/p>\n","protected":false},"featured_media":42416,"template":"","meta":{"_acf_changed":false},"product_cat":[201,187],"product_tag":[245,241,243],"class_list":{"0":"post-42415","1":"product","2":"type-product","3":"status-publish","4":"has-post-thumbnail","6":"product_cat-class-b-fluorinated-de","7":"product_cat-class-b-de","8":"product_tag-marine-de","9":"product_tag-solberg-de","10":"product_tag-ul-162","12":"first","13":"instock","14":"shipping-taxable","15":"purchasable","16":"product-type-simple"},"acf":[],"yoast_head":"<!-- This site is optimized with the Yoast SEO Premium plugin v21.9 (Yoast SEO v23.5) - https:\/\/yoast.com\/wordpress\/plugins\/seo\/ -->\n<title>SOLBERG\u00ae ARCTIC\u2122 1% SP AFFF SCHAUMKONZENTRAT - Perimeter Solutions<\/title>\n<meta name=\"description\" content=\"SOLBERG\u00ae ARCTIC\u2122 1% SP AFFF ist ein synthetisches Schaumkonzentrat, das zum effektiven L\u00f6schen von Br\u00e4nden mit Kohlenwasserstoffen der Klasse B bei einer 1%igen L\u00f6sung verwendet wird. SOLBERG ARCTIC 1% SP AFFF Schaummittelkonzentrat bietet schnelle L\u00f6schung und hervorragende R\u00fcckbrandeigenschaften und kann mit S\u00fc\u00df-, Salz- und Brackwasser verwendet werden.\" \/>\n<meta name=\"robots\" content=\"index, follow, max-snippet:-1, max-image-preview:large, max-video-preview:-1\" \/>\n<link rel=\"canonical\" href=\"https:\/\/www.perimeter-solutions.com\/de\/product\/solberg-arctic-1-sp-afff-schaumkonzentrat\/\" \/>\n<meta property=\"og:locale\" content=\"de_DE\" \/>\n<meta property=\"og:type\" content=\"article\" \/>\n<meta property=\"og:title\" content=\"SOLBERG\u00ae ARCTIC\u2122 1% SP AFFF SCHAUMKONZENTRAT\" \/>\n<meta property=\"og:description\" content=\"SOLBERG\u00ae ARCTIC\u2122 1% SP AFFF ist ein synthetisches Schaumkonzentrat, das zum effektiven L\u00f6schen von Br\u00e4nden mit Kohlenwasserstoffen der Klasse B bei einer 1%igen L\u00f6sung verwendet wird. SOLBERG ARCTIC 1% SP AFFF Schaummittelkonzentrat bietet schnelle L\u00f6schung und hervorragende R\u00fcckbrandeigenschaften und kann mit S\u00fc\u00df-, Salz- und Brackwasser verwendet werden.\" \/>\n<meta property=\"og:url\" content=\"https:\/\/www.perimeter-solutions.com\/de\/product\/solberg-arctic-1-sp-afff-schaumkonzentrat\/\" \/>\n<meta property=\"og:site_name\" content=\"Perimeter Solutions\" \/>\n<meta property=\"article:modified_time\" content=\"2024-08-14T19:10:33+00:00\" \/>\n<meta name=\"twitter:card\" content=\"summary_large_image\" \/>\n<meta name=\"twitter:label1\" content=\"Gesch\u00e4tzte Lesezeit\" \/>\n\t<meta name=\"twitter:data1\" content=\"1\u00a0Minute\" \/>\n<script type=\"application\/ld+json\" class=\"yoast-schema-graph\">{\"@context\":\"https:\/\/schema.org\",\"@graph\":[{\"@type\":\"WebPage\",\"@id\":\"https:\/\/www.perimeter-solutions.com\/de\/product\/solberg-arctic-1-sp-afff-schaumkonzentrat\/\",\"url\":\"https:\/\/www.perimeter-solutions.com\/de\/product\/solberg-arctic-1-sp-afff-schaumkonzentrat\/\",\"name\":\"SOLBERG\u00ae ARCTIC\u2122 1% SP AFFF SCHAUMKONZENTRAT - Perimeter Solutions\",\"isPartOf\":{\"@id\":\"https:\/\/www.perimeter-solutions.com\/de\/#website\"},\"primaryImageOfPage\":{\"@id\":\"https:\/\/www.perimeter-solutions.com\/de\/product\/solberg-arctic-1-sp-afff-schaumkonzentrat\/#primaryimage\"},\"image\":{\"@id\":\"https:\/\/www.perimeter-solutions.com\/de\/product\/solberg-arctic-1-sp-afff-schaumkonzentrat\/#primaryimage\"},\"thumbnailUrl\":\"https:\/\/www.perimeter-solutions.com\/wp-content\/uploads\/2024\/06\/SOLBERG-Arctic1SPAFFFoamConcentrate_Datasheet-pdf.jpg\",\"datePublished\":\"2024-06-28T15:28:14+00:00\",\"dateModified\":\"2024-08-14T19:10:33+00:00\",\"description\":\"SOLBERG\u00ae ARCTIC\u2122 1% SP AFFF ist ein synthetisches Schaumkonzentrat, das zum effektiven L\u00f6schen von Br\u00e4nden mit Kohlenwasserstoffen der Klasse B bei einer 1%igen L\u00f6sung verwendet wird. SOLBERG ARCTIC 1% SP AFFF Schaummittelkonzentrat bietet schnelle L\u00f6schung und hervorragende R\u00fcckbrandeigenschaften und kann mit S\u00fc\u00df-, Salz- und Brackwasser verwendet werden.\",\"breadcrumb\":{\"@id\":\"https:\/\/www.perimeter-solutions.com\/de\/product\/solberg-arctic-1-sp-afff-schaumkonzentrat\/#breadcrumb\"},\"inLanguage\":\"de\",\"potentialAction\":[{\"@type\":\"ReadAction\",\"target\":[\"https:\/\/www.perimeter-solutions.com\/de\/product\/solberg-arctic-1-sp-afff-schaumkonzentrat\/\"]}]},{\"@type\":\"ImageObject\",\"inLanguage\":\"de\",\"@id\":\"https:\/\/www.perimeter-solutions.com\/de\/product\/solberg-arctic-1-sp-afff-schaumkonzentrat\/#primaryimage\",\"url\":\"https:\/\/www.perimeter-solutions.com\/wp-content\/uploads\/2024\/06\/SOLBERG-Arctic1SPAFFFoamConcentrate_Datasheet-pdf.jpg\",\"contentUrl\":\"https:\/\/www.perimeter-solutions.com\/wp-content\/uploads\/2024\/06\/SOLBERG-Arctic1SPAFFFoamConcentrate_Datasheet-pdf.jpg\"},{\"@type\":\"BreadcrumbList\",\"@id\":\"https:\/\/www.perimeter-solutions.com\/de\/product\/solberg-arctic-1-sp-afff-schaumkonzentrat\/#breadcrumb\",\"itemListElement\":[{\"@type\":\"ListItem\",\"position\":1,\"name\":\"Produktkatalog\",\"item\":\"https:\/\/www.perimeter-solutions.com\/de\/produktkatalog\/\"},{\"@type\":\"ListItem\",\"position\":2,\"name\":\"SOLBERG\u00ae ARCTIC\u2122 1% SP AFFF SCHAUMKONZENTRAT\"}]},{\"@type\":\"WebSite\",\"@id\":\"https:\/\/www.perimeter-solutions.com\/de\/#website\",\"url\":\"https:\/\/www.perimeter-solutions.com\/de\/\",\"name\":\"Perimeter Solutions\",\"description\":\"\",\"publisher\":{\"@id\":\"https:\/\/www.perimeter-solutions.com\/de\/#organization\"},\"potentialAction\":[{\"@type\":\"SearchAction\",\"target\":{\"@type\":\"EntryPoint\",\"urlTemplate\":\"https:\/\/www.perimeter-solutions.com\/de\/?s={search_term_string}\"},\"query-input\":{\"@type\":\"PropertyValueSpecification\",\"valueRequired\":true,\"valueName\":\"search_term_string\"}}],\"inLanguage\":\"de\"},{\"@type\":\"Organization\",\"@id\":\"https:\/\/www.perimeter-solutions.com\/de\/#organization\",\"name\":\"Perimeter Solutions\",\"url\":\"https:\/\/www.perimeter-solutions.com\/de\/\",\"logo\":{\"@type\":\"ImageObject\",\"inLanguage\":\"de\",\"@id\":\"https:\/\/www.perimeter-solutions.com\/de\/#\/schema\/logo\/image\/\",\"url\":\"https:\/\/www.perimeter-solutions.com\/wp-content\/uploads\/2021\/02\/perimeter-logo-RGB.png\",\"contentUrl\":\"https:\/\/www.perimeter-solutions.com\/wp-content\/uploads\/2021\/02\/perimeter-logo-RGB.png\",\"width\":794,\"height\":138,\"caption\":\"Perimeter Solutions\"},\"image\":{\"@id\":\"https:\/\/www.perimeter-solutions.com\/de\/#\/schema\/logo\/image\/\"}}]}<\/script>\n<!-- \/ Yoast SEO Premium plugin. -->","yoast_head_json":{"title":"SOLBERG\u00ae ARCTIC\u2122 1% SP AFFF SCHAUMKONZENTRAT - Perimeter Solutions","description":"SOLBERG\u00ae ARCTIC\u2122 1% SP AFFF ist ein synthetisches Schaumkonzentrat, das zum effektiven L\u00f6schen von Br\u00e4nden mit Kohlenwasserstoffen der Klasse B bei einer 1%igen L\u00f6sung verwendet wird. SOLBERG ARCTIC 1% SP AFFF Schaummittelkonzentrat bietet schnelle L\u00f6schung und hervorragende R\u00fcckbrandeigenschaften und kann mit S\u00fc\u00df-, Salz- und Brackwasser verwendet werden.","robots":{"index":"index","follow":"follow","max-snippet":"max-snippet:-1","max-image-preview":"max-image-preview:large","max-video-preview":"max-video-preview:-1"},"canonical":"https:\/\/www.perimeter-solutions.com\/de\/product\/solberg-arctic-1-sp-afff-schaumkonzentrat\/","og_locale":"de_DE","og_type":"article","og_title":"SOLBERG\u00ae ARCTIC\u2122 1% SP AFFF SCHAUMKONZENTRAT","og_description":"SOLBERG\u00ae ARCTIC\u2122 1% SP AFFF ist ein synthetisches Schaumkonzentrat, das zum effektiven L\u00f6schen von Br\u00e4nden mit Kohlenwasserstoffen der Klasse B bei einer 1%igen L\u00f6sung verwendet wird. SOLBERG ARCTIC 1% SP AFFF Schaummittelkonzentrat bietet schnelle L\u00f6schung und hervorragende R\u00fcckbrandeigenschaften und kann mit S\u00fc\u00df-, Salz- und Brackwasser verwendet werden.","og_url":"https:\/\/www.perimeter-solutions.com\/de\/product\/solberg-arctic-1-sp-afff-schaumkonzentrat\/","og_site_name":"Perimeter Solutions","article_modified_time":"2024-08-14T19:10:33+00:00","twitter_card":"summary_large_image","twitter_misc":{"Gesch\u00e4tzte Lesezeit":"1\u00a0Minute"},"schema":{"@context":"https:\/\/schema.org","@graph":[{"@type":"WebPage","@id":"https:\/\/www.perimeter-solutions.com\/de\/product\/solberg-arctic-1-sp-afff-schaumkonzentrat\/","url":"https:\/\/www.perimeter-solutions.com\/de\/product\/solberg-arctic-1-sp-afff-schaumkonzentrat\/","name":"SOLBERG\u00ae ARCTIC\u2122 1% SP AFFF SCHAUMKONZENTRAT - Perimeter Solutions","isPartOf":{"@id":"https:\/\/www.perimeter-solutions.com\/de\/#website"},"primaryImageOfPage":{"@id":"https:\/\/www.perimeter-solutions.com\/de\/product\/solberg-arctic-1-sp-afff-schaumkonzentrat\/#primaryimage"},"image":{"@id":"https:\/\/www.perimeter-solutions.com\/de\/product\/solberg-arctic-1-sp-afff-schaumkonzentrat\/#primaryimage"},"thumbnailUrl":"https:\/\/www.perimeter-solutions.com\/wp-content\/uploads\/2024\/06\/SOLBERG-Arctic1SPAFFFoamConcentrate_Datasheet-pdf.jpg","datePublished":"2024-06-28T15:28:14+00:00","dateModified":"2024-08-14T19:10:33+00:00","description":"SOLBERG\u00ae ARCTIC\u2122 1% SP AFFF ist ein synthetisches Schaumkonzentrat, das zum effektiven L\u00f6schen von Br\u00e4nden mit Kohlenwasserstoffen der Klasse B bei einer 1%igen L\u00f6sung verwendet wird. SOLBERG ARCTIC 1% SP AFFF Schaummittelkonzentrat bietet schnelle L\u00f6schung und hervorragende R\u00fcckbrandeigenschaften und kann mit S\u00fc\u00df-, Salz- und Brackwasser verwendet werden.","breadcrumb":{"@id":"https:\/\/www.perimeter-solutions.com\/de\/product\/solberg-arctic-1-sp-afff-schaumkonzentrat\/#breadcrumb"},"inLanguage":"de","potentialAction":[{"@type":"ReadAction","target":["https:\/\/www.perimeter-solutions.com\/de\/product\/solberg-arctic-1-sp-afff-schaumkonzentrat\/"]}]},{"@type":"ImageObject","inLanguage":"de","@id":"https:\/\/www.perimeter-solutions.com\/de\/product\/solberg-arctic-1-sp-afff-schaumkonzentrat\/#primaryimage","url":"https:\/\/www.perimeter-solutions.com\/wp-content\/uploads\/2024\/06\/SOLBERG-Arctic1SPAFFFoamConcentrate_Datasheet-pdf.jpg","contentUrl":"https:\/\/www.perimeter-solutions.com\/wp-content\/uploads\/2024\/06\/SOLBERG-Arctic1SPAFFFoamConcentrate_Datasheet-pdf.jpg"},{"@type":"BreadcrumbList","@id":"https:\/\/www.perimeter-solutions.com\/de\/product\/solberg-arctic-1-sp-afff-schaumkonzentrat\/#breadcrumb","itemListElement":[{"@type":"ListItem","position":1,"name":"Produktkatalog","item":"https:\/\/www.perimeter-solutions.com\/de\/produktkatalog\/"},{"@type":"ListItem","position":2,"name":"SOLBERG\u00ae ARCTIC\u2122 1% SP AFFF SCHAUMKONZENTRAT"}]},{"@type":"WebSite","@id":"https:\/\/www.perimeter-solutions.com\/de\/#website","url":"https:\/\/www.perimeter-solutions.com\/de\/","name":"Perimeter Solutions","description":"","publisher":{"@id":"https:\/\/www.perimeter-solutions.com\/de\/#organization"},"potentialAction":[{"@type":"SearchAction","target":{"@type":"EntryPoint","urlTemplate":"https:\/\/www.perimeter-solutions.com\/de\/?s={search_term_string}"},"query-input":{"@type":"PropertyValueSpecification","valueRequired":true,"valueName":"search_term_string"}}],"inLanguage":"de"},{"@type":"Organization","@id":"https:\/\/www.perimeter-solutions.com\/de\/#organization","name":"Perimeter Solutions","url":"https:\/\/www.perimeter-solutions.com\/de\/","logo":{"@type":"ImageObject","inLanguage":"de","@id":"https:\/\/www.perimeter-solutions.com\/de\/#\/schema\/logo\/image\/","url":"https:\/\/www.perimeter-solutions.com\/wp-content\/uploads\/2021\/02\/perimeter-logo-RGB.png","contentUrl":"https:\/\/www.perimeter-solutions.com\/wp-content\/uploads\/2021\/02\/perimeter-logo-RGB.png","width":794,"height":138,"caption":"Perimeter Solutions"},"image":{"@id":"https:\/\/www.perimeter-solutions.com\/de\/#\/schema\/logo\/image\/"}}]}},"_links":{"self":[{"href":"https:\/\/www.perimeter-solutions.com\/de\/wp-json\/wp\/v2\/product\/42415","targetHints":{"allow":["GET"]}}],"collection":[{"href":"https:\/\/www.perimeter-solutions.com\/de\/wp-json\/wp\/v2\/product"}],"about":[{"href":"https:\/\/www.perimeter-solutions.com\/de\/wp-json\/wp\/v2\/types\/product"}],"wp:featuredmedia":[{"embeddable":true,"href":"https:\/\/www.perimeter-solutions.com\/de\/wp-json\/wp\/v2\/media\/42416"}],"wp:attachment":[{"href":"https:\/\/www.perimeter-solutions.com\/de\/wp-json\/wp\/v2\/media?parent=42415"}],"wp:term":[{"taxonomy":"product_cat","embeddable":true,"href":"https:\/\/www.perimeter-solutions.com\/de\/wp-json\/wp\/v2\/product_cat?post=42415"},{"taxonomy":"product_tag","embeddable":true,"href":"https:\/\/www.perimeter-solutions.com\/de\/wp-json\/wp\/v2\/product_tag?post=42415"}],"curies":[{"name":"wp","href":"https:\/\/api.w.org\/{rel}","templated":true}]}}