{"id":42394,"date":"2024-06-28T11:08:48","date_gmt":"2024-06-28T15:08:48","guid":{"rendered":"https:\/\/www.perimeter-solutions.com\/product\/phos-chek-259-fx\/"},"modified":"2024-08-14T12:07:54","modified_gmt":"2024-08-14T16:07:54","slug":"phos-chek-259-fx-2","status":"publish","type":"product","link":"https:\/\/www.perimeter-solutions.com\/de\/product\/phos-chek-259-fx-2\/","title":{"rendered":"PHOS-CHEK 259-Fx"},"content":{"rendered":"<div>\n<p><span style=\"color: #000000;\"><strong>PHOS-CHEK<\/strong> <sup>\u00ae<\/sup> 259-Fx ist eine ultrahohe Sichtbarkeitsl\u00f6sung. Es ist ein Pulverkonzentrat, das sich durch R\u00fchren oder PHOS-CHEK Eduktor-Mischsysteme gut mit Wasser mischt. PHOS-CHEK 259-Fx bietet eine hervorragende Sichtbarkeit in der Luft und am Boden, verblasst jedoch langsam bei Sonneneinstrahlung. Es wurde speziell f\u00fcr den Einsatz in Hubschraubern mit festem Tank entwickelt und weist eine extrem geringe Korrosion gegen\u00fcber Magnesium und anderen Metallen auf. Es kann auf viele Arten aufgebracht werden, einschlie\u00dflich Eimer, Airtanker und durch Bodenanwendung.<\/span><\/p>\n<p><span style=\"color: #000000;\">PHOS-CHEK 259-Fx ist ein vollst\u00e4ndig phosphathaltiges, gummiverdicktes, niedrigviskoses Verz\u00f6gerer, das hochwirksame und genaue Lufttropfen liefert. Die elastische Natur der PHOS-CHEK 259-Fx-L\u00f6sung verbessert die Luftabgabeleistung durch Reduzierung von Drift und Verdunstung. Dies f\u00fchrt zu einer erh\u00f6hten Kraftstoffabdeckung, Umh\u00fcllung und Durchdringung von \u00dcberdachungs- und Leiterkraftstoffen.<\/span><\/p>\n<p><span style=\"color: #000000;\"><strong>Bitte wenden Sie sich an einen Experten, um zu erfahren, welche Beschr\u00e4nkungen und Vorschriften f\u00fcr Ihren Staat oder Ihre Region in Bezug auf den Verkauf und Vertrieb von Flammschutzmitteln gelten.<\/strong><\/span><\/p>\n<\/div>\n","protected":false},"excerpt":{"rendered":"<h4 class=\"elementor-heading-title elementor-size-default\">Langfristiges, niedrigviskoses feuerhemmendes Konzentrat<\/h4>\n","protected":false},"featured_media":42396,"template":"","meta":{"_acf_changed":false},"product_cat":[184],"product_tag":[239,257],"class_list":{"0":"post-42394","1":"product","2":"type-product","3":"status-publish","4":"has-post-thumbnail","6":"product_cat-fire-retardants-de","7":"product_tag-phos-chek-de","8":"product_tag-wildland-de","10":"first","11":"instock","12":"shipping-taxable","13":"purchasable","14":"product-type-simple"},"acf":[],"yoast_head":"<!-- This site is optimized with the Yoast SEO Premium plugin v21.9 (Yoast SEO v23.5) - https:\/\/yoast.com\/wordpress\/plugins\/seo\/ -->\n<title>PHOS-CHEK 259-Fx - Perimeter Solutions<\/title>\n<meta name=\"robots\" content=\"index, follow, max-snippet:-1, max-image-preview:large, max-video-preview:-1\" \/>\n<link rel=\"canonical\" href=\"https:\/\/www.perimeter-solutions.com\/de\/product\/phos-chek-259-fx-2\/\" \/>\n<meta property=\"og:locale\" content=\"de_DE\" \/>\n<meta property=\"og:type\" content=\"article\" \/>\n<meta property=\"og:title\" content=\"PHOS-CHEK 259-Fx\" \/>\n<meta property=\"og:description\" content=\"Langfristiges, niedrigviskoses feuerhemmendes Konzentrat\" \/>\n<meta property=\"og:url\" content=\"https:\/\/www.perimeter-solutions.com\/de\/product\/phos-chek-259-fx-2\/\" \/>\n<meta property=\"og:site_name\" content=\"Perimeter Solutions\" \/>\n<meta property=\"article:modified_time\" content=\"2024-08-14T16:07:54+00:00\" \/>\n<meta name=\"twitter:card\" content=\"summary_large_image\" \/>\n<meta name=\"twitter:label1\" content=\"Gesch\u00e4tzte Lesezeit\" \/>\n\t<meta name=\"twitter:data1\" content=\"1\u00a0Minute\" \/>\n<script type=\"application\/ld+json\" class=\"yoast-schema-graph\">{\"@context\":\"https:\/\/schema.org\",\"@graph\":[{\"@type\":\"WebPage\",\"@id\":\"https:\/\/www.perimeter-solutions.com\/de\/product\/phos-chek-259-fx-2\/\",\"url\":\"https:\/\/www.perimeter-solutions.com\/de\/product\/phos-chek-259-fx-2\/\",\"name\":\"PHOS-CHEK 259-Fx - Perimeter Solutions\",\"isPartOf\":{\"@id\":\"https:\/\/www.perimeter-solutions.com\/de\/#website\"},\"primaryImageOfPage\":{\"@id\":\"https:\/\/www.perimeter-solutions.com\/de\/product\/phos-chek-259-fx-2\/#primaryimage\"},\"image\":{\"@id\":\"https:\/\/www.perimeter-solutions.com\/de\/product\/phos-chek-259-fx-2\/#primaryimage\"},\"thumbnailUrl\":\"https:\/\/www.perimeter-solutions.com\/wp-content\/uploads\/2024\/06\/PC-259-Fx-PCC-2019036-v4-1-pdf.jpg\",\"datePublished\":\"2024-06-28T15:08:48+00:00\",\"dateModified\":\"2024-08-14T16:07:54+00:00\",\"breadcrumb\":{\"@id\":\"https:\/\/www.perimeter-solutions.com\/de\/product\/phos-chek-259-fx-2\/#breadcrumb\"},\"inLanguage\":\"de\",\"potentialAction\":[{\"@type\":\"ReadAction\",\"target\":[\"https:\/\/www.perimeter-solutions.com\/de\/product\/phos-chek-259-fx-2\/\"]}]},{\"@type\":\"ImageObject\",\"inLanguage\":\"de\",\"@id\":\"https:\/\/www.perimeter-solutions.com\/de\/product\/phos-chek-259-fx-2\/#primaryimage\",\"url\":\"https:\/\/www.perimeter-solutions.com\/wp-content\/uploads\/2024\/06\/PC-259-Fx-PCC-2019036-v4-1-pdf.jpg\",\"contentUrl\":\"https:\/\/www.perimeter-solutions.com\/wp-content\/uploads\/2024\/06\/PC-259-Fx-PCC-2019036-v4-1-pdf.jpg\"},{\"@type\":\"BreadcrumbList\",\"@id\":\"https:\/\/www.perimeter-solutions.com\/de\/product\/phos-chek-259-fx-2\/#breadcrumb\",\"itemListElement\":[{\"@type\":\"ListItem\",\"position\":1,\"name\":\"Produktkatalog\",\"item\":\"https:\/\/www.perimeter-solutions.com\/de\/produktkatalog\/\"},{\"@type\":\"ListItem\",\"position\":2,\"name\":\"PHOS-CHEK 259-Fx\"}]},{\"@type\":\"WebSite\",\"@id\":\"https:\/\/www.perimeter-solutions.com\/de\/#website\",\"url\":\"https:\/\/www.perimeter-solutions.com\/de\/\",\"name\":\"Perimeter Solutions\",\"description\":\"\",\"publisher\":{\"@id\":\"https:\/\/www.perimeter-solutions.com\/de\/#organization\"},\"potentialAction\":[{\"@type\":\"SearchAction\",\"target\":{\"@type\":\"EntryPoint\",\"urlTemplate\":\"https:\/\/www.perimeter-solutions.com\/de\/?s={search_term_string}\"},\"query-input\":{\"@type\":\"PropertyValueSpecification\",\"valueRequired\":true,\"valueName\":\"search_term_string\"}}],\"inLanguage\":\"de\"},{\"@type\":\"Organization\",\"@id\":\"https:\/\/www.perimeter-solutions.com\/de\/#organization\",\"name\":\"Perimeter Solutions\",\"url\":\"https:\/\/www.perimeter-solutions.com\/de\/\",\"logo\":{\"@type\":\"ImageObject\",\"inLanguage\":\"de\",\"@id\":\"https:\/\/www.perimeter-solutions.com\/de\/#\/schema\/logo\/image\/\",\"url\":\"https:\/\/www.perimeter-solutions.com\/wp-content\/uploads\/2021\/02\/perimeter-logo-RGB.png\",\"contentUrl\":\"https:\/\/www.perimeter-solutions.com\/wp-content\/uploads\/2021\/02\/perimeter-logo-RGB.png\",\"width\":794,\"height\":138,\"caption\":\"Perimeter Solutions\"},\"image\":{\"@id\":\"https:\/\/www.perimeter-solutions.com\/de\/#\/schema\/logo\/image\/\"}}]}<\/script>\n<!-- \/ Yoast SEO Premium plugin. -->","yoast_head_json":{"title":"PHOS-CHEK 259-Fx - Perimeter Solutions","robots":{"index":"index","follow":"follow","max-snippet":"max-snippet:-1","max-image-preview":"max-image-preview:large","max-video-preview":"max-video-preview:-1"},"canonical":"https:\/\/www.perimeter-solutions.com\/de\/product\/phos-chek-259-fx-2\/","og_locale":"de_DE","og_type":"article","og_title":"PHOS-CHEK 259-Fx","og_description":"Langfristiges, niedrigviskoses feuerhemmendes Konzentrat","og_url":"https:\/\/www.perimeter-solutions.com\/de\/product\/phos-chek-259-fx-2\/","og_site_name":"Perimeter Solutions","article_modified_time":"2024-08-14T16:07:54+00:00","twitter_card":"summary_large_image","twitter_misc":{"Gesch\u00e4tzte Lesezeit":"1\u00a0Minute"},"schema":{"@context":"https:\/\/schema.org","@graph":[{"@type":"WebPage","@id":"https:\/\/www.perimeter-solutions.com\/de\/product\/phos-chek-259-fx-2\/","url":"https:\/\/www.perimeter-solutions.com\/de\/product\/phos-chek-259-fx-2\/","name":"PHOS-CHEK 259-Fx - Perimeter Solutions","isPartOf":{"@id":"https:\/\/www.perimeter-solutions.com\/de\/#website"},"primaryImageOfPage":{"@id":"https:\/\/www.perimeter-solutions.com\/de\/product\/phos-chek-259-fx-2\/#primaryimage"},"image":{"@id":"https:\/\/www.perimeter-solutions.com\/de\/product\/phos-chek-259-fx-2\/#primaryimage"},"thumbnailUrl":"https:\/\/www.perimeter-solutions.com\/wp-content\/uploads\/2024\/06\/PC-259-Fx-PCC-2019036-v4-1-pdf.jpg","datePublished":"2024-06-28T15:08:48+00:00","dateModified":"2024-08-14T16:07:54+00:00","breadcrumb":{"@id":"https:\/\/www.perimeter-solutions.com\/de\/product\/phos-chek-259-fx-2\/#breadcrumb"},"inLanguage":"de","potentialAction":[{"@type":"ReadAction","target":["https:\/\/www.perimeter-solutions.com\/de\/product\/phos-chek-259-fx-2\/"]}]},{"@type":"ImageObject","inLanguage":"de","@id":"https:\/\/www.perimeter-solutions.com\/de\/product\/phos-chek-259-fx-2\/#primaryimage","url":"https:\/\/www.perimeter-solutions.com\/wp-content\/uploads\/2024\/06\/PC-259-Fx-PCC-2019036-v4-1-pdf.jpg","contentUrl":"https:\/\/www.perimeter-solutions.com\/wp-content\/uploads\/2024\/06\/PC-259-Fx-PCC-2019036-v4-1-pdf.jpg"},{"@type":"BreadcrumbList","@id":"https:\/\/www.perimeter-solutions.com\/de\/product\/phos-chek-259-fx-2\/#breadcrumb","itemListElement":[{"@type":"ListItem","position":1,"name":"Produktkatalog","item":"https:\/\/www.perimeter-solutions.com\/de\/produktkatalog\/"},{"@type":"ListItem","position":2,"name":"PHOS-CHEK 259-Fx"}]},{"@type":"WebSite","@id":"https:\/\/www.perimeter-solutions.com\/de\/#website","url":"https:\/\/www.perimeter-solutions.com\/de\/","name":"Perimeter Solutions","description":"","publisher":{"@id":"https:\/\/www.perimeter-solutions.com\/de\/#organization"},"potentialAction":[{"@type":"SearchAction","target":{"@type":"EntryPoint","urlTemplate":"https:\/\/www.perimeter-solutions.com\/de\/?s={search_term_string}"},"query-input":{"@type":"PropertyValueSpecification","valueRequired":true,"valueName":"search_term_string"}}],"inLanguage":"de"},{"@type":"Organization","@id":"https:\/\/www.perimeter-solutions.com\/de\/#organization","name":"Perimeter Solutions","url":"https:\/\/www.perimeter-solutions.com\/de\/","logo":{"@type":"ImageObject","inLanguage":"de","@id":"https:\/\/www.perimeter-solutions.com\/de\/#\/schema\/logo\/image\/","url":"https:\/\/www.perimeter-solutions.com\/wp-content\/uploads\/2021\/02\/perimeter-logo-RGB.png","contentUrl":"https:\/\/www.perimeter-solutions.com\/wp-content\/uploads\/2021\/02\/perimeter-logo-RGB.png","width":794,"height":138,"caption":"Perimeter Solutions"},"image":{"@id":"https:\/\/www.perimeter-solutions.com\/de\/#\/schema\/logo\/image\/"}}]}},"_links":{"self":[{"href":"https:\/\/www.perimeter-solutions.com\/de\/wp-json\/wp\/v2\/product\/42394","targetHints":{"allow":["GET"]}}],"collection":[{"href":"https:\/\/www.perimeter-solutions.com\/de\/wp-json\/wp\/v2\/product"}],"about":[{"href":"https:\/\/www.perimeter-solutions.com\/de\/wp-json\/wp\/v2\/types\/product"}],"wp:featuredmedia":[{"embeddable":true,"href":"https:\/\/www.perimeter-solutions.com\/de\/wp-json\/wp\/v2\/media\/42396"}],"wp:attachment":[{"href":"https:\/\/www.perimeter-solutions.com\/de\/wp-json\/wp\/v2\/media?parent=42394"}],"wp:term":[{"taxonomy":"product_cat","embeddable":true,"href":"https:\/\/www.perimeter-solutions.com\/de\/wp-json\/wp\/v2\/product_cat?post=42394"},{"taxonomy":"product_tag","embeddable":true,"href":"https:\/\/www.perimeter-solutions.com\/de\/wp-json\/wp\/v2\/product_tag?post=42394"}],"curies":[{"name":"wp","href":"https:\/\/api.w.org\/{rel}","templated":true}]}}