{"id":42387,"date":"2024-06-28T10:02:23","date_gmt":"2024-06-28T14:02:23","guid":{"rendered":"https:\/\/www.perimeter-solutions.com\/product\/phos-chek-lc95-serie\/"},"modified":"2024-08-14T12:09:02","modified_gmt":"2024-08-14T16:09:02","slug":"phos-chek-lc95-serie","status":"publish","type":"product","link":"https:\/\/www.perimeter-solutions.com\/de\/product\/phos-chek-lc95-serie\/","title":{"rendered":"PHOS-CHEK LC95-Serie"},"content":{"rendered":"<div>\n<p><span style=\"color: #000000;\">Der <strong>PHOS-CHEK<\/strong> <sup>\u00ae<\/sup> Die Flammschutzmittel der LC95-Serie werden zur Bek\u00e4mpfung von Waldbr\u00e4nden in Wald-, Busch- und Gr\u00fcnlandbrennstoffen verwendet. Funktionell reagieren Flammschutzmittel der PHOS-CHEK LC95-Serie mit und ver\u00e4ndern die thermische Zersetzung von Wildlandbrennstoffen, sodass sie keine flammende oder gl\u00fchende Verbrennung unterst\u00fctzen. Dadurch wird dem Feuer Brennstoff entzogen, wodurch die Feuerintensit\u00e4t und die Verbrennungs- und Flammenausbreitung verringert werden.<\/span><\/p>\n<p><span style=\"color: #000000;\">PHOS-CHEK LC95 ist als rotes Eisenoxid (R), fl\u00fcchtiges (F) und ungef\u00e4rbtes (W) erh\u00e4ltlich. Die fl\u00fcchtige Farbe beh\u00e4lt die Sichtbarkeit w\u00e4hrend des Auftragens, verblasst jedoch langsam nach Sonneneinstrahlung.<\/span><\/p>\n<p><span style=\"color: #000000;\">PHOS-CHEK LC95 Flammschutzmittel sind fl\u00fcssige Konzentrate, die sich durch Rezirkulation, R\u00fchren oder PHOS-CHEK Zumischsysteme leicht mit Wasser vermischen lassen. PHOS-CHEK LC95 Flammschutzmittel sind Ammoniumpolyphosphat-Verz\u00f6gerer, die sowohl die Leichtigkeit des Mischens und der Handhabung als auch die Vorteile eines gummiverdickten Flammschutzmittels aus der Luft bieten. Diese gummiverdickten PHOS-CHEK-Verz\u00f6gerer reduzieren Drift und Verdunstung und erh\u00f6hen die Kraftstoffabdeckung, die Umh\u00fcllung und das Eindringen durch Kappen- und Leiterkraftstoffe. Die Erholung kann 90% \u00fcberschreiten.<\/span><\/p>\n<p><span style=\"color: #000000;\">PHOS-CHEK LC95A-R und PHOS-CHEK LC95A-Fx sind eingef\u00e4rbt, um eine effektive Luftapplikation zu erm\u00f6glichen. PHOS-CHEK LC95A-R ist ideal f\u00fcr den Einsatz in mehrmotorigen Lufttankern mit festen Fl\u00fcgeln und einmotorigen Lufttankern. Das Konzentrat wird als Fl\u00fcssigkeit mit niedriger oder mittlerer Viskosit\u00e4t an die Mischstelle geliefert und in Konzentratform gelagert. Es wird verd\u00fcnnt und mit Wasser vermischt, w\u00e4hrend es in das Abgabesystem \u00fcberf\u00fchrt wird. PHOS-CHEK LC95A-Fx bietet ultrahohe Sichtbarkeit beim Fallenlassen und w\u00e4hrend des Tankens. Beide Verz\u00f6gerer verblassen nach Sonneneinstrahlung.<\/span><\/p>\n<p><span style=\"color: #000000;\">Ungef\u00e4rbtes PHOS-CHEK LC95W ist ideal f\u00fcr Bodenanwendungen, bei denen Farbe nicht erw\u00fcnscht ist.<\/span><\/p>\n<p><span style=\"color: #000000;\"><strong>Vorteile von am Boden aufgebrachten Flammschutzmitteln<\/strong><\/span><\/p>\n<ul>\n<li><span style=\"color: #000000;\">Gleichm\u00e4\u00dfige Abdeckung f\u00fcr maximale Wirksamkeit<\/span><\/li>\n<li><span style=\"color: #000000;\">Kann Stunden, Tage, Wochen und Monate im Voraus angewendet werden<\/span><\/li>\n<li><span style=\"color: #000000;\">Anwendung 24 Stunden am Tag, 7 Tage die Woche inklusive Nachtbetrieb<\/span><\/li>\n<li><span style=\"color: #000000;\">Kann angewendet werden, wenn Lufttanker aufgrund von Wetterbedingungen oder in Bereichen mit geringer Zug\u00e4nglichkeit nicht verf\u00fcgbar sind<\/span><\/li>\n<li><span style=\"color: #000000;\">Platzierung \u2013 punktgenau<\/span><\/li>\n<li><span style=\"color: #000000;\">Minimierung von Betriebsunterbrechungen einschlie\u00dflich Public Safety Power Shutoffs (PSPS)<\/span><\/li>\n<li><span style=\"color: #000000;\">Ungef\u00e4rbte L\u00f6sung, mit der Bereiche behandelt werden k\u00f6nnen, in denen keine Farbe erw\u00fcnscht ist<\/span><\/li>\n<\/ul>\n<p><span style=\"color: #000000;\"><strong>Ideale Anwendungen<\/strong><\/span><\/p>\n<ul>\n<li><span style=\"color: #000000;\">USDA Forest Service QPL-Liste erforderlich<\/span><\/li>\n<li><span style=\"color: #000000;\">Vorbehandlung von Dienstbarkeiten und Infrastruktur<\/span><\/li>\n<li><span style=\"color: #000000;\">Schnelle Reaktion von Versorgungsunternehmen vor einem Brand<\/span><\/li>\n<li><span style=\"color: #000000;\">In der N\u00e4he von H\u00e4usern und Gemeinden mit drohender Waldbrandgefahr<\/span><\/li>\n<li><span style=\"color: #000000;\">Ein- und Austrittswege vor einem Feuer<\/span><\/li>\n<li><span style=\"color: #000000;\">An Strommasten bei herannahenden Br\u00e4nden<\/span><\/li>\n<li><span style=\"color: #000000;\">Unterst\u00fctzung von vorgeschriebenen Br\u00e4nden und Backburn-Anwendungen, die innerhalb von Tagen oder Wochen nach der Anwendung durchgef\u00fchrt werden<\/span><\/li>\n<li><span style=\"color: #000000;\">Vor \u201ehei\u00dfen Arbeiten\u201c, die in brandgef\u00e4hrdeten Bereichen durchgef\u00fchrt werden<\/span><\/li>\n<\/ul>\n<p>&nbsp;<\/p>\n<p><span style=\"color: #000000;\"><strong>Bitte wenden Sie sich an einen Experten, um zu erfahren, welche Beschr\u00e4nkungen und Vorschriften f\u00fcr Ihren Staat oder Ihre Region in Bezug auf den Verkauf und Vertrieb von Flammschutzmitteln gelten.<\/strong><\/span><\/p>\n<\/div>\n","protected":false},"excerpt":{"rendered":"<h4 class=\"elementor-heading-title elementor-size-default\">Die bekanntesten Brandschutzmittel der Welt<\/h4>\n","protected":false},"featured_media":42388,"template":"","meta":{"_acf_changed":false},"product_cat":[184],"product_tag":[239],"class_list":{"0":"post-42387","1":"product","2":"type-product","3":"status-publish","4":"has-post-thumbnail","6":"product_cat-fire-retardants-de","7":"product_tag-phos-chek-de","9":"first","10":"instock","11":"shipping-taxable","12":"purchasable","13":"product-type-simple"},"acf":[],"yoast_head":"<!-- This site is optimized with the Yoast SEO Premium plugin v21.9 (Yoast SEO v23.5) - https:\/\/yoast.com\/wordpress\/plugins\/seo\/ -->\n<title>PHOS-CHEK LC95-Serie - Perimeter Solutions<\/title>\n<meta name=\"robots\" content=\"index, follow, max-snippet:-1, max-image-preview:large, max-video-preview:-1\" \/>\n<link rel=\"canonical\" href=\"https:\/\/www.perimeter-solutions.com\/de\/product\/phos-chek-lc95-serie\/\" \/>\n<meta property=\"og:locale\" content=\"de_DE\" \/>\n<meta property=\"og:type\" content=\"article\" \/>\n<meta property=\"og:title\" content=\"PHOS-CHEK LC95-Serie\" \/>\n<meta property=\"og:description\" content=\"Die bekanntesten Brandschutzmittel der Welt\" \/>\n<meta property=\"og:url\" content=\"https:\/\/www.perimeter-solutions.com\/de\/product\/phos-chek-lc95-serie\/\" \/>\n<meta property=\"og:site_name\" content=\"Perimeter Solutions\" \/>\n<meta property=\"article:modified_time\" content=\"2024-08-14T16:09:02+00:00\" \/>\n<meta name=\"twitter:card\" content=\"summary_large_image\" \/>\n<meta name=\"twitter:label1\" content=\"Gesch\u00e4tzte Lesezeit\" \/>\n\t<meta name=\"twitter:data1\" content=\"3\u00a0Minuten\" \/>\n<script type=\"application\/ld+json\" class=\"yoast-schema-graph\">{\"@context\":\"https:\/\/schema.org\",\"@graph\":[{\"@type\":\"WebPage\",\"@id\":\"https:\/\/www.perimeter-solutions.com\/de\/product\/phos-chek-lc95-serie\/\",\"url\":\"https:\/\/www.perimeter-solutions.com\/de\/product\/phos-chek-lc95-serie\/\",\"name\":\"PHOS-CHEK LC95-Serie - Perimeter Solutions\",\"isPartOf\":{\"@id\":\"https:\/\/www.perimeter-solutions.com\/de\/#website\"},\"primaryImageOfPage\":{\"@id\":\"https:\/\/www.perimeter-solutions.com\/de\/product\/phos-chek-lc95-serie\/#primaryimage\"},\"image\":{\"@id\":\"https:\/\/www.perimeter-solutions.com\/de\/product\/phos-chek-lc95-serie\/#primaryimage\"},\"thumbnailUrl\":\"https:\/\/www.perimeter-solutions.com\/wp-content\/uploads\/2024\/06\/PC-LC95-PCC-2019042-v8_EN_Standard-1-pdf.jpg\",\"datePublished\":\"2024-06-28T14:02:23+00:00\",\"dateModified\":\"2024-08-14T16:09:02+00:00\",\"breadcrumb\":{\"@id\":\"https:\/\/www.perimeter-solutions.com\/de\/product\/phos-chek-lc95-serie\/#breadcrumb\"},\"inLanguage\":\"de\",\"potentialAction\":[{\"@type\":\"ReadAction\",\"target\":[\"https:\/\/www.perimeter-solutions.com\/de\/product\/phos-chek-lc95-serie\/\"]}]},{\"@type\":\"ImageObject\",\"inLanguage\":\"de\",\"@id\":\"https:\/\/www.perimeter-solutions.com\/de\/product\/phos-chek-lc95-serie\/#primaryimage\",\"url\":\"https:\/\/www.perimeter-solutions.com\/wp-content\/uploads\/2024\/06\/PC-LC95-PCC-2019042-v8_EN_Standard-1-pdf.jpg\",\"contentUrl\":\"https:\/\/www.perimeter-solutions.com\/wp-content\/uploads\/2024\/06\/PC-LC95-PCC-2019042-v8_EN_Standard-1-pdf.jpg\"},{\"@type\":\"BreadcrumbList\",\"@id\":\"https:\/\/www.perimeter-solutions.com\/de\/product\/phos-chek-lc95-serie\/#breadcrumb\",\"itemListElement\":[{\"@type\":\"ListItem\",\"position\":1,\"name\":\"Produktkatalog\",\"item\":\"https:\/\/www.perimeter-solutions.com\/de\/produktkatalog\/\"},{\"@type\":\"ListItem\",\"position\":2,\"name\":\"PHOS-CHEK LC95-Serie\"}]},{\"@type\":\"WebSite\",\"@id\":\"https:\/\/www.perimeter-solutions.com\/de\/#website\",\"url\":\"https:\/\/www.perimeter-solutions.com\/de\/\",\"name\":\"Perimeter Solutions\",\"description\":\"\",\"publisher\":{\"@id\":\"https:\/\/www.perimeter-solutions.com\/de\/#organization\"},\"potentialAction\":[{\"@type\":\"SearchAction\",\"target\":{\"@type\":\"EntryPoint\",\"urlTemplate\":\"https:\/\/www.perimeter-solutions.com\/de\/?s={search_term_string}\"},\"query-input\":{\"@type\":\"PropertyValueSpecification\",\"valueRequired\":true,\"valueName\":\"search_term_string\"}}],\"inLanguage\":\"de\"},{\"@type\":\"Organization\",\"@id\":\"https:\/\/www.perimeter-solutions.com\/de\/#organization\",\"name\":\"Perimeter Solutions\",\"url\":\"https:\/\/www.perimeter-solutions.com\/de\/\",\"logo\":{\"@type\":\"ImageObject\",\"inLanguage\":\"de\",\"@id\":\"https:\/\/www.perimeter-solutions.com\/de\/#\/schema\/logo\/image\/\",\"url\":\"https:\/\/www.perimeter-solutions.com\/wp-content\/uploads\/2021\/02\/perimeter-logo-RGB.png\",\"contentUrl\":\"https:\/\/www.perimeter-solutions.com\/wp-content\/uploads\/2021\/02\/perimeter-logo-RGB.png\",\"width\":794,\"height\":138,\"caption\":\"Perimeter Solutions\"},\"image\":{\"@id\":\"https:\/\/www.perimeter-solutions.com\/de\/#\/schema\/logo\/image\/\"}}]}<\/script>\n<!-- \/ Yoast SEO Premium plugin. -->","yoast_head_json":{"title":"PHOS-CHEK LC95-Serie - Perimeter Solutions","robots":{"index":"index","follow":"follow","max-snippet":"max-snippet:-1","max-image-preview":"max-image-preview:large","max-video-preview":"max-video-preview:-1"},"canonical":"https:\/\/www.perimeter-solutions.com\/de\/product\/phos-chek-lc95-serie\/","og_locale":"de_DE","og_type":"article","og_title":"PHOS-CHEK LC95-Serie","og_description":"Die bekanntesten Brandschutzmittel der Welt","og_url":"https:\/\/www.perimeter-solutions.com\/de\/product\/phos-chek-lc95-serie\/","og_site_name":"Perimeter Solutions","article_modified_time":"2024-08-14T16:09:02+00:00","twitter_card":"summary_large_image","twitter_misc":{"Gesch\u00e4tzte Lesezeit":"3\u00a0Minuten"},"schema":{"@context":"https:\/\/schema.org","@graph":[{"@type":"WebPage","@id":"https:\/\/www.perimeter-solutions.com\/de\/product\/phos-chek-lc95-serie\/","url":"https:\/\/www.perimeter-solutions.com\/de\/product\/phos-chek-lc95-serie\/","name":"PHOS-CHEK LC95-Serie - Perimeter Solutions","isPartOf":{"@id":"https:\/\/www.perimeter-solutions.com\/de\/#website"},"primaryImageOfPage":{"@id":"https:\/\/www.perimeter-solutions.com\/de\/product\/phos-chek-lc95-serie\/#primaryimage"},"image":{"@id":"https:\/\/www.perimeter-solutions.com\/de\/product\/phos-chek-lc95-serie\/#primaryimage"},"thumbnailUrl":"https:\/\/www.perimeter-solutions.com\/wp-content\/uploads\/2024\/06\/PC-LC95-PCC-2019042-v8_EN_Standard-1-pdf.jpg","datePublished":"2024-06-28T14:02:23+00:00","dateModified":"2024-08-14T16:09:02+00:00","breadcrumb":{"@id":"https:\/\/www.perimeter-solutions.com\/de\/product\/phos-chek-lc95-serie\/#breadcrumb"},"inLanguage":"de","potentialAction":[{"@type":"ReadAction","target":["https:\/\/www.perimeter-solutions.com\/de\/product\/phos-chek-lc95-serie\/"]}]},{"@type":"ImageObject","inLanguage":"de","@id":"https:\/\/www.perimeter-solutions.com\/de\/product\/phos-chek-lc95-serie\/#primaryimage","url":"https:\/\/www.perimeter-solutions.com\/wp-content\/uploads\/2024\/06\/PC-LC95-PCC-2019042-v8_EN_Standard-1-pdf.jpg","contentUrl":"https:\/\/www.perimeter-solutions.com\/wp-content\/uploads\/2024\/06\/PC-LC95-PCC-2019042-v8_EN_Standard-1-pdf.jpg"},{"@type":"BreadcrumbList","@id":"https:\/\/www.perimeter-solutions.com\/de\/product\/phos-chek-lc95-serie\/#breadcrumb","itemListElement":[{"@type":"ListItem","position":1,"name":"Produktkatalog","item":"https:\/\/www.perimeter-solutions.com\/de\/produktkatalog\/"},{"@type":"ListItem","position":2,"name":"PHOS-CHEK LC95-Serie"}]},{"@type":"WebSite","@id":"https:\/\/www.perimeter-solutions.com\/de\/#website","url":"https:\/\/www.perimeter-solutions.com\/de\/","name":"Perimeter Solutions","description":"","publisher":{"@id":"https:\/\/www.perimeter-solutions.com\/de\/#organization"},"potentialAction":[{"@type":"SearchAction","target":{"@type":"EntryPoint","urlTemplate":"https:\/\/www.perimeter-solutions.com\/de\/?s={search_term_string}"},"query-input":{"@type":"PropertyValueSpecification","valueRequired":true,"valueName":"search_term_string"}}],"inLanguage":"de"},{"@type":"Organization","@id":"https:\/\/www.perimeter-solutions.com\/de\/#organization","name":"Perimeter Solutions","url":"https:\/\/www.perimeter-solutions.com\/de\/","logo":{"@type":"ImageObject","inLanguage":"de","@id":"https:\/\/www.perimeter-solutions.com\/de\/#\/schema\/logo\/image\/","url":"https:\/\/www.perimeter-solutions.com\/wp-content\/uploads\/2021\/02\/perimeter-logo-RGB.png","contentUrl":"https:\/\/www.perimeter-solutions.com\/wp-content\/uploads\/2021\/02\/perimeter-logo-RGB.png","width":794,"height":138,"caption":"Perimeter Solutions"},"image":{"@id":"https:\/\/www.perimeter-solutions.com\/de\/#\/schema\/logo\/image\/"}}]}},"_links":{"self":[{"href":"https:\/\/www.perimeter-solutions.com\/de\/wp-json\/wp\/v2\/product\/42387","targetHints":{"allow":["GET"]}}],"collection":[{"href":"https:\/\/www.perimeter-solutions.com\/de\/wp-json\/wp\/v2\/product"}],"about":[{"href":"https:\/\/www.perimeter-solutions.com\/de\/wp-json\/wp\/v2\/types\/product"}],"wp:featuredmedia":[{"embeddable":true,"href":"https:\/\/www.perimeter-solutions.com\/de\/wp-json\/wp\/v2\/media\/42388"}],"wp:attachment":[{"href":"https:\/\/www.perimeter-solutions.com\/de\/wp-json\/wp\/v2\/media?parent=42387"}],"wp:term":[{"taxonomy":"product_cat","embeddable":true,"href":"https:\/\/www.perimeter-solutions.com\/de\/wp-json\/wp\/v2\/product_cat?post=42387"},{"taxonomy":"product_tag","embeddable":true,"href":"https:\/\/www.perimeter-solutions.com\/de\/wp-json\/wp\/v2\/product_tag?post=42387"}],"curies":[{"name":"wp","href":"https:\/\/api.w.org\/{rel}","templated":true}]}}