{"id":42379,"date":"2024-06-28T09:39:35","date_gmt":"2024-06-28T13:39:35","guid":{"rendered":"https:\/\/www.perimeter-solutions.com\/product\/phos-chek-mvp-fx\/"},"modified":"2024-08-14T12:10:15","modified_gmt":"2024-08-14T16:10:15","slug":"phos-chek-mvp-fx-2","status":"publish","type":"product","link":"https:\/\/www.perimeter-solutions.com\/de\/product\/phos-chek-mvp-fx-2\/","title":{"rendered":"PHOS-CHEK MVP-Fx"},"content":{"rendered":"<div>\n<p><strong>PHOS-CHEK<\/strong> <sup>\u00ae<\/sup> <strong>MVP-Fx<\/strong> Langzeithemmer ist vom USDA Forest Service unter Spezifikation 5100-304c f\u00fcr den Einsatz in Starrfl\u00fcgel-Airtankern und Hubschraubern mit Schaufeln qualifiziert. Es ist ein vollst\u00e4ndig aus Phosphat bestehendes, gummiverdicktes, fl\u00fcchtiges Farbhemmer. Es ist ein hochwirksamer Langzeithemmer mit einer h\u00f6heren Ausbeute als jeder andere Hemmstoff auf dem Markt. PHOS-CHEK MVP-Fx ist ein Pulverkonzentrat, das sich durch R\u00fchren oder PHOS-CHEK Eduktor-Mischsysteme gut mit Wasser mischt. Es ist ein extrem gut sichtbarer, fl\u00fcchtiger Farbschutz, der eine hervorragende Sichtbarkeit in der Luft und am Boden bietet. Bei Sonneneinstrahlung verblasst es langsam. PHOS-CHEK MVP-Fx ist ein gummiverdicktes, mittelviskoses Verz\u00f6gerer, das hochwirksame und genaue Lufttropfen von allen Airtankern liefert. Die elastische Natur der PHOS-CHEK MVP-Fx-L\u00f6sung verbessert die Luftabgabeleistung durch Reduzierung von Drift und Verdunstung und erh\u00f6ht die Kraftstoffabdeckung, die Umschlingung und die Durchdringung durch Kappen- und Leiterkraftstoffe. Die Erholung kann 90% \u00fcberschreiten. PHOS-CHEK MVP-Fx ist ideal f\u00fcr den Einsatz in mehrmotorigen Flugzeugtankern, sehr gro\u00dfen Flugzeugtankern (VLATs), gro\u00dfen Flugzeugtankern (LATs) und einmotorigen Flugzeugtankern (SEATS) und kann auch bei gr\u00f6\u00dferen Fallh\u00f6hen pr\u00e4zise abgeworfen werden.<\/p>\n<p>&nbsp;<\/p>\n<p><strong>Bitte erkundigen Sie sich bei den zust\u00e4ndigen Beh\u00f6rden nach den in Ihrem Land oder Ihrer Region geltenden Beschr\u00e4nkungen und Vorschriften f\u00fcr den Verkauf und Vertrieb von Feuerschutzmitteln.<\/strong><strong>PHOS-CHEK MVP-Fx<\/strong> ist nur in den folgenden Regionen erh\u00e4ltlich:<\/p>\n<ul>\n<li>Nord-Amerika<\/li>\n<li>APAC<\/li>\n<\/ul>\n<\/div>\n","protected":false},"excerpt":{"rendered":"<h4 class=\"elementor-heading-title elementor-size-default\">Ultrahochsichtbares Pulverkonzentrat mit mittlerer Viskosit\u00e4t<\/h4>\n","protected":false},"featured_media":42381,"template":"","meta":{"_acf_changed":false},"product_cat":[184],"product_tag":[239],"class_list":{"0":"post-42379","1":"product","2":"type-product","3":"status-publish","4":"has-post-thumbnail","6":"product_cat-fire-retardants-de","7":"product_tag-phos-chek-de","9":"first","10":"instock","11":"shipping-taxable","12":"purchasable","13":"product-type-simple"},"acf":[],"yoast_head":"<!-- This site is optimized with the Yoast SEO Premium plugin v21.9 (Yoast SEO v23.5) - https:\/\/yoast.com\/wordpress\/plugins\/seo\/ -->\n<title>PHOS-CHEK MVP-Fx - Perimeter Solutions<\/title>\n<meta name=\"robots\" content=\"index, follow, max-snippet:-1, max-image-preview:large, max-video-preview:-1\" \/>\n<link rel=\"canonical\" href=\"https:\/\/www.perimeter-solutions.com\/de\/product\/phos-chek-mvp-fx-2\/\" \/>\n<meta property=\"og:locale\" content=\"de_DE\" \/>\n<meta property=\"og:type\" content=\"article\" \/>\n<meta property=\"og:title\" content=\"PHOS-CHEK MVP-Fx\" \/>\n<meta property=\"og:description\" content=\"Ultrahochsichtbares Pulverkonzentrat mit mittlerer Viskosit\u00e4t\" \/>\n<meta property=\"og:url\" content=\"https:\/\/www.perimeter-solutions.com\/de\/product\/phos-chek-mvp-fx-2\/\" \/>\n<meta property=\"og:site_name\" content=\"Perimeter Solutions\" \/>\n<meta property=\"article:modified_time\" content=\"2024-08-14T16:10:15+00:00\" \/>\n<meta name=\"twitter:card\" content=\"summary_large_image\" \/>\n<meta name=\"twitter:label1\" content=\"Gesch\u00e4tzte Lesezeit\" \/>\n\t<meta name=\"twitter:data1\" content=\"2\u00a0Minuten\" \/>\n<script type=\"application\/ld+json\" class=\"yoast-schema-graph\">{\"@context\":\"https:\/\/schema.org\",\"@graph\":[{\"@type\":\"WebPage\",\"@id\":\"https:\/\/www.perimeter-solutions.com\/de\/product\/phos-chek-mvp-fx-2\/\",\"url\":\"https:\/\/www.perimeter-solutions.com\/de\/product\/phos-chek-mvp-fx-2\/\",\"name\":\"PHOS-CHEK MVP-Fx - Perimeter Solutions\",\"isPartOf\":{\"@id\":\"https:\/\/www.perimeter-solutions.com\/de\/#website\"},\"primaryImageOfPage\":{\"@id\":\"https:\/\/www.perimeter-solutions.com\/de\/product\/phos-chek-mvp-fx-2\/#primaryimage\"},\"image\":{\"@id\":\"https:\/\/www.perimeter-solutions.com\/de\/product\/phos-chek-mvp-fx-2\/#primaryimage\"},\"thumbnailUrl\":\"https:\/\/www.perimeter-solutions.com\/wp-content\/uploads\/2024\/06\/PC-MVP-FX-PCC-2019049-2_EN_Standard-1-pdf.jpg\",\"datePublished\":\"2024-06-28T13:39:35+00:00\",\"dateModified\":\"2024-08-14T16:10:15+00:00\",\"breadcrumb\":{\"@id\":\"https:\/\/www.perimeter-solutions.com\/de\/product\/phos-chek-mvp-fx-2\/#breadcrumb\"},\"inLanguage\":\"de\",\"potentialAction\":[{\"@type\":\"ReadAction\",\"target\":[\"https:\/\/www.perimeter-solutions.com\/de\/product\/phos-chek-mvp-fx-2\/\"]}]},{\"@type\":\"ImageObject\",\"inLanguage\":\"de\",\"@id\":\"https:\/\/www.perimeter-solutions.com\/de\/product\/phos-chek-mvp-fx-2\/#primaryimage\",\"url\":\"https:\/\/www.perimeter-solutions.com\/wp-content\/uploads\/2024\/06\/PC-MVP-FX-PCC-2019049-2_EN_Standard-1-pdf.jpg\",\"contentUrl\":\"https:\/\/www.perimeter-solutions.com\/wp-content\/uploads\/2024\/06\/PC-MVP-FX-PCC-2019049-2_EN_Standard-1-pdf.jpg\"},{\"@type\":\"BreadcrumbList\",\"@id\":\"https:\/\/www.perimeter-solutions.com\/de\/product\/phos-chek-mvp-fx-2\/#breadcrumb\",\"itemListElement\":[{\"@type\":\"ListItem\",\"position\":1,\"name\":\"Produktkatalog\",\"item\":\"https:\/\/www.perimeter-solutions.com\/de\/produktkatalog\/\"},{\"@type\":\"ListItem\",\"position\":2,\"name\":\"PHOS-CHEK MVP-Fx\"}]},{\"@type\":\"WebSite\",\"@id\":\"https:\/\/www.perimeter-solutions.com\/de\/#website\",\"url\":\"https:\/\/www.perimeter-solutions.com\/de\/\",\"name\":\"Perimeter Solutions\",\"description\":\"\",\"publisher\":{\"@id\":\"https:\/\/www.perimeter-solutions.com\/de\/#organization\"},\"potentialAction\":[{\"@type\":\"SearchAction\",\"target\":{\"@type\":\"EntryPoint\",\"urlTemplate\":\"https:\/\/www.perimeter-solutions.com\/de\/?s={search_term_string}\"},\"query-input\":{\"@type\":\"PropertyValueSpecification\",\"valueRequired\":true,\"valueName\":\"search_term_string\"}}],\"inLanguage\":\"de\"},{\"@type\":\"Organization\",\"@id\":\"https:\/\/www.perimeter-solutions.com\/de\/#organization\",\"name\":\"Perimeter Solutions\",\"url\":\"https:\/\/www.perimeter-solutions.com\/de\/\",\"logo\":{\"@type\":\"ImageObject\",\"inLanguage\":\"de\",\"@id\":\"https:\/\/www.perimeter-solutions.com\/de\/#\/schema\/logo\/image\/\",\"url\":\"https:\/\/www.perimeter-solutions.com\/wp-content\/uploads\/2021\/02\/perimeter-logo-RGB.png\",\"contentUrl\":\"https:\/\/www.perimeter-solutions.com\/wp-content\/uploads\/2021\/02\/perimeter-logo-RGB.png\",\"width\":794,\"height\":138,\"caption\":\"Perimeter Solutions\"},\"image\":{\"@id\":\"https:\/\/www.perimeter-solutions.com\/de\/#\/schema\/logo\/image\/\"}}]}<\/script>\n<!-- \/ Yoast SEO Premium plugin. -->","yoast_head_json":{"title":"PHOS-CHEK MVP-Fx - Perimeter Solutions","robots":{"index":"index","follow":"follow","max-snippet":"max-snippet:-1","max-image-preview":"max-image-preview:large","max-video-preview":"max-video-preview:-1"},"canonical":"https:\/\/www.perimeter-solutions.com\/de\/product\/phos-chek-mvp-fx-2\/","og_locale":"de_DE","og_type":"article","og_title":"PHOS-CHEK MVP-Fx","og_description":"Ultrahochsichtbares Pulverkonzentrat mit mittlerer Viskosit\u00e4t","og_url":"https:\/\/www.perimeter-solutions.com\/de\/product\/phos-chek-mvp-fx-2\/","og_site_name":"Perimeter Solutions","article_modified_time":"2024-08-14T16:10:15+00:00","twitter_card":"summary_large_image","twitter_misc":{"Gesch\u00e4tzte Lesezeit":"2\u00a0Minuten"},"schema":{"@context":"https:\/\/schema.org","@graph":[{"@type":"WebPage","@id":"https:\/\/www.perimeter-solutions.com\/de\/product\/phos-chek-mvp-fx-2\/","url":"https:\/\/www.perimeter-solutions.com\/de\/product\/phos-chek-mvp-fx-2\/","name":"PHOS-CHEK MVP-Fx - Perimeter Solutions","isPartOf":{"@id":"https:\/\/www.perimeter-solutions.com\/de\/#website"},"primaryImageOfPage":{"@id":"https:\/\/www.perimeter-solutions.com\/de\/product\/phos-chek-mvp-fx-2\/#primaryimage"},"image":{"@id":"https:\/\/www.perimeter-solutions.com\/de\/product\/phos-chek-mvp-fx-2\/#primaryimage"},"thumbnailUrl":"https:\/\/www.perimeter-solutions.com\/wp-content\/uploads\/2024\/06\/PC-MVP-FX-PCC-2019049-2_EN_Standard-1-pdf.jpg","datePublished":"2024-06-28T13:39:35+00:00","dateModified":"2024-08-14T16:10:15+00:00","breadcrumb":{"@id":"https:\/\/www.perimeter-solutions.com\/de\/product\/phos-chek-mvp-fx-2\/#breadcrumb"},"inLanguage":"de","potentialAction":[{"@type":"ReadAction","target":["https:\/\/www.perimeter-solutions.com\/de\/product\/phos-chek-mvp-fx-2\/"]}]},{"@type":"ImageObject","inLanguage":"de","@id":"https:\/\/www.perimeter-solutions.com\/de\/product\/phos-chek-mvp-fx-2\/#primaryimage","url":"https:\/\/www.perimeter-solutions.com\/wp-content\/uploads\/2024\/06\/PC-MVP-FX-PCC-2019049-2_EN_Standard-1-pdf.jpg","contentUrl":"https:\/\/www.perimeter-solutions.com\/wp-content\/uploads\/2024\/06\/PC-MVP-FX-PCC-2019049-2_EN_Standard-1-pdf.jpg"},{"@type":"BreadcrumbList","@id":"https:\/\/www.perimeter-solutions.com\/de\/product\/phos-chek-mvp-fx-2\/#breadcrumb","itemListElement":[{"@type":"ListItem","position":1,"name":"Produktkatalog","item":"https:\/\/www.perimeter-solutions.com\/de\/produktkatalog\/"},{"@type":"ListItem","position":2,"name":"PHOS-CHEK MVP-Fx"}]},{"@type":"WebSite","@id":"https:\/\/www.perimeter-solutions.com\/de\/#website","url":"https:\/\/www.perimeter-solutions.com\/de\/","name":"Perimeter Solutions","description":"","publisher":{"@id":"https:\/\/www.perimeter-solutions.com\/de\/#organization"},"potentialAction":[{"@type":"SearchAction","target":{"@type":"EntryPoint","urlTemplate":"https:\/\/www.perimeter-solutions.com\/de\/?s={search_term_string}"},"query-input":{"@type":"PropertyValueSpecification","valueRequired":true,"valueName":"search_term_string"}}],"inLanguage":"de"},{"@type":"Organization","@id":"https:\/\/www.perimeter-solutions.com\/de\/#organization","name":"Perimeter Solutions","url":"https:\/\/www.perimeter-solutions.com\/de\/","logo":{"@type":"ImageObject","inLanguage":"de","@id":"https:\/\/www.perimeter-solutions.com\/de\/#\/schema\/logo\/image\/","url":"https:\/\/www.perimeter-solutions.com\/wp-content\/uploads\/2021\/02\/perimeter-logo-RGB.png","contentUrl":"https:\/\/www.perimeter-solutions.com\/wp-content\/uploads\/2021\/02\/perimeter-logo-RGB.png","width":794,"height":138,"caption":"Perimeter Solutions"},"image":{"@id":"https:\/\/www.perimeter-solutions.com\/de\/#\/schema\/logo\/image\/"}}]}},"_links":{"self":[{"href":"https:\/\/www.perimeter-solutions.com\/de\/wp-json\/wp\/v2\/product\/42379","targetHints":{"allow":["GET"]}}],"collection":[{"href":"https:\/\/www.perimeter-solutions.com\/de\/wp-json\/wp\/v2\/product"}],"about":[{"href":"https:\/\/www.perimeter-solutions.com\/de\/wp-json\/wp\/v2\/types\/product"}],"wp:featuredmedia":[{"embeddable":true,"href":"https:\/\/www.perimeter-solutions.com\/de\/wp-json\/wp\/v2\/media\/42381"}],"wp:attachment":[{"href":"https:\/\/www.perimeter-solutions.com\/de\/wp-json\/wp\/v2\/media?parent=42379"}],"wp:term":[{"taxonomy":"product_cat","embeddable":true,"href":"https:\/\/www.perimeter-solutions.com\/de\/wp-json\/wp\/v2\/product_cat?post=42379"},{"taxonomy":"product_tag","embeddable":true,"href":"https:\/\/www.perimeter-solutions.com\/de\/wp-json\/wp\/v2\/product_tag?post=42379"}],"curies":[{"name":"wp","href":"https:\/\/api.w.org\/{rel}","templated":true}]}}